{"id":23383,"date":"2016-03-22T10:39:26","date_gmt":"2016-03-22T10:39:26","guid":{"rendered":"https:\/\/www.urlaubcornwall.de\/blog\/?page_id=23383"},"modified":"2026-01-06T20:20:39","modified_gmt":"2026-01-06T20:20:39","slug":"truro-cornwall-geschichte-sehenswuerdigkeiten-und-unterkunft","status":"publish","type":"page","link":"https:\/\/www.urlaubcornwall.de\/blog\/truro-cornwall-geschichte-sehenswuerdigkeiten-und-unterkunft\/","title":{"rendered":"Truro, Cornwall: Geschichte, Sehensw\u00fcrdigkeiten und Unterkunft"},"content":{"rendered":"<p><a href=\"https:\/\/www.urlaubcornwall.de\/blog\/wp-content\/uploads\/2024\/05\/truro-cathedral-credit-james-petts-flickr.jpg\"><img loading=\"lazy\" src=\"https:\/\/www.urlaubcornwall.de\/blog\/wp-content\/uploads\/2024\/05\/truro-cathedral-credit-james-petts-flickr.jpg\" alt=\"truro-cathedral-credit-james-petts-flickr\" width=\"750\" height=\"501\" class=\"alignnone size-full wp-image-50119\" srcset=\"https:\/\/www.urlaubcornwall.de\/blog\/wp-content\/uploads\/2024\/05\/truro-cathedral-credit-james-petts-flickr.jpg 750w, https:\/\/www.urlaubcornwall.de\/blog\/wp-content\/uploads\/2024\/05\/truro-cathedral-credit-james-petts-flickr-300x200.jpg 300w\" sizes=\"(max-width: 750px) 100vw, 750px\" \/><\/a><br \/>\nimage-credit-james-petts-flickr<br \/>\nEin Reisef\u00fchrer f\u00fcr Truro: Insidertipps zur Geschichte, den Attraktionen und was es alles in <span style=\"text-decoration: underline;\"><a href=\"http:\/\/www.urlaubcornwall.de\/ferienhaeuser-fewos\/truro.html\">Truro<\/a><\/span> w\u00e4hrend eines Urlaubs in diesem herrlichen Teil Cornwalls zu tun gibt.<\/p>\n<p><a href=\"https:\/\/www.urlaubcornwall.de\/ferienhaeuser-fewos\/truro.html\">Truro ist Cornwalls Kathedralenstadt<\/a> und hat sich doch die Atmosph\u00e4re einer Kleinstadt bewahrt. Im 18. Jahrhundert war Truro das Zentrum des georgianischen Cornwalls, und w\u00e4hrend dieser Zeit wurden Boscawen Street und Lemon Street erbaut. Boscawen Street ist eine breite gepflasterte Stra\u00dfe mit einem Stadthallenplatz aus Granit. Lemon Street hat als eines der feinsten Beispiele sp\u00e4ter georgianischer Stra\u00dfen Britanniens \u00fcberlebt. Truros viktorianische Kathedrale mit ihren hoch aufragenden gothischen T\u00fcrmen, inmitten der Fu\u00dfg\u00e4ngerzone und Einkaufsmeile gelegen, verleiht der Stadt einen m\u00e4chtigen Fokus.<\/p>\n<p>Das <a href=\"https:\/\/www.urlaubcornwall.de\/blog\/2011\/10\/lernen-sie-cornwalls-vergangenheit-und-geschichte-im-royal-cornwall-museum-in-truro-kennen-eine-fantastische-sehenswuerdigkeit-fuer-ihren-urlaub-in-2012\/\">Royal Cornwall Museum<\/a> in der River Street bietet Einblick in Cornwalls Geschichte, eine weltbekannte Mineraliensammlung, die feinste Kunstsammlung der Grafschaaft, sowie eine altgriechische, r\u00f6mische und \u00e4gyptische Ausstellung, die vom Britischen Museum unterst\u00fctzt wird.<\/p>\n<div class=\"snippet\"> <a class=\"featured-item\" href=\"https:\/\/www.urlaubcornwall.de\/ferienhaeuser\/suedengland.php\"> <span class=\"image-holder\" style=\"background-image: url('https:\/\/www.urlaubcornwall.de\/blog\/wp-content\/uploads\/2018\/12\/ferienhaus-cornwall-mit-hund.jpg');\"><\/span> <span class=\"featured-content\"> \n<h2 class=\"featured-title\">Ferienh\u00e4user in Cornwall &#038; S\u00fcdengland<\/h2>\n<p class=\"featured-body\">Bei uns finden Sie Ferienh\u00e4user zum Verlieben &#8211; so einfach ist das! Dank seiner langen Geschichte, der reizvollen Landschaften und seinen vielen Attraktionen ist S\u00fcdengland ein wahres Mekka f\u00fcr Urlauber&#8230;..<\/p><\/span> <span class=\"featured-link-holder\"> <span class=\"featured-extra-info\"> \n<p>Pers\u00f6nlich inspizierter Ferienh\u00e4user<\/p>\n<\/span> \n<p class=\"featured-link\">DETAILS<\/p>\n<\/span> <\/a><\/div>\n<p>Truro liegt am Fluss Fal, und eine Bootsfahrt entlang des Flusses nach Falmouth ist eine gro\u00dfartige M\u00f6glichkeit, den wundersch\u00f6nen Fluss zu sehen, w\u00e4hrend Sie durch tiefliegende bewaldete T\u00e4ler fahren, vorbei an historischen Geb\u00e4uden und Burgen und einer breiten Vielfalt an Tierleben. Die Boote legen auch bei Trelissick und St Mawes an.<\/p>\n<p><a href=\"https:\/\/www.urlaubcornwall.de\/blog\/ferienhaeuser-naehe-der-besten-straende-an-cornwalls-kueste\/\">Str\u00e4nde in der N\u00e4he Truros<\/a> sind unter anderem Perranporth und Portreath. Perranporth, ein 4,8km langer Sandstrand eignet sich hervorragend f\u00fcr Familien und Surfer. Auch befindet sich die bekannte Watering Hole Kneipe am Strand. Portreath ist ein weiterer feinsandiger Strand in einer Bucht mit Klippen im Hintergrund, und auch er ist beliebt bei Familien und Surfern.<\/p>\n<p><img loading=\"lazy\" class=\"aligncenter size-full wp-image-23385\" src=\"https:\/\/www.urlaubcornwall.de\/blog\/wp-content\/uploads\/2016\/03\/truro-strand.jpg\" alt=\"truro strand\" width=\"748\" height=\"380\"\/><\/p>\n<p><a href=\"http:\/\/thecornishcyderfarm.co.uk\/\" rel=\"nofollow\">Healey\u2019s Cornish Cyder Farm<\/a> ist ein preisgekr\u00f6nter Hof, wo Sie eine Tour durch die Obstg\u00e4rten machen, dabei zuschauen, wie sie Apfelpunsch herstellen und dann den ber\u00fchmten \u2018Rattler\u2019 probieren k\u00f6nnen. Mit Traktorfahrten, Bauernhoftieren und einem Besucherzentrum ist es ein gro\u00dfartiges Familienausflugsziel.<\/p>\n<div class=\"snippet\"> <a class=\"featured-item\" href=\"https:\/\/www.urlaubcornwall.de\/rundreisen\/cornwall-suedengland.php\"> <span class=\"image-holder\" style=\"background-image: url('https:\/\/www.urlaubcornwall.de\/blog\/wp-content\/uploads\/2019\/01\/DiTn0QVWsAIOgjG.jpg');\"><\/span> <span class=\"featured-content\"> \n<h2 class=\"featured-title\">Rundreisen Cornwall &#038; S\u00fcdengland eine perfekte Kombination<\/h2>\n<p class=\"featured-body\">Die perfekte Reisem\u00f6glichkeit und erm\u00f6glicht es Ihnen, Entdeckungen zu machen und einen Urlaub im eigenen Schritttempo&#8230;.<\/p><\/span> <span class=\"featured-link-holder\"> <span class=\"featured-extra-info\"> \n<p>F\u00fcr Paare, Familien &#038; Gruppen<\/p>\n<\/span> \n<p class=\"featured-link\">DETAILS<\/p>\n<\/span> <\/a><\/div>\n","protected":false},"excerpt":{"rendered":"<p>image-credit-james-petts-flickr Ein Reisef\u00fchrer f\u00fcr Truro: Insidertipps zur Geschichte, den Attraktionen und was es alles in Truro w\u00e4hrend eines Urlaubs in diesem herrlichen Teil Cornwalls zu tun gibt. Truro ist Cornwalls Kathedralenstadt und hat sich doch die Atmosph\u00e4re einer Kleinstadt bewahrt. Im 18. Jahrhundert war Truro das Zentrum des georgianischen Cornwalls, und w\u00e4hrend dieser Zeit wurden [&hellip;]<\/p>\n","protected":false},"author":1,"featured_media":0,"parent":0,"menu_order":0,"comment_status":"closed","ping_status":"closed","template":"single-four.php","meta":[],"acf":[],"yoast_head":"<!-- This site is optimized with the Yoast SEO plugin v19.4 - https:\/\/yoast.com\/wordpress\/plugins\/seo\/ -->\n<title>Truro, Cornwall: Geschichte, Sehensw\u00fcrdigkeiten und Unterkunft - Urlaub &amp; Reisen<\/title>\n<meta name=\"robots\" content=\"index, follow, max-snippet:-1, max-image-preview:large, max-video-preview:-1\" \/>\n<link rel=\"canonical\" href=\"https:\/\/www.urlaubcornwall.de\/blog\/truro-cornwall-geschichte-sehenswuerdigkeiten-und-unterkunft\/\" \/>\n<meta property=\"og:locale\" content=\"en_US\" \/>\n<meta property=\"og:type\" content=\"article\" \/>\n<meta property=\"og:title\" content=\"Truro, Cornwall: Geschichte, Sehensw\u00fcrdigkeiten und Unterkunft - Urlaub &amp; Reisen\" \/>\n<meta property=\"og:description\" content=\"image-credit-james-petts-flickr Ein Reisef\u00fchrer f\u00fcr Truro: Insidertipps zur Geschichte, den Attraktionen und was es alles in Truro w\u00e4hrend eines Urlaubs in diesem herrlichen Teil Cornwalls zu tun gibt. Truro ist Cornwalls Kathedralenstadt und hat sich doch die Atmosph\u00e4re einer Kleinstadt bewahrt. Im 18. Jahrhundert war Truro das Zentrum des georgianischen Cornwalls, und w\u00e4hrend dieser Zeit wurden [&hellip;]\" \/>\n<meta property=\"og:url\" content=\"https:\/\/www.urlaubcornwall.de\/blog\/truro-cornwall-geschichte-sehenswuerdigkeiten-und-unterkunft\/\" \/>\n<meta property=\"og:site_name\" content=\"Urlaub &amp; Reisen\" \/>\n<meta property=\"article:modified_time\" content=\"2026-01-06T20:20:39+00:00\" \/>\n<meta property=\"og:image\" content=\"https:\/\/www.urlaubcornwall.de\/blog\/wp-content\/uploads\/2024\/05\/truro-cathedral-credit-james-petts-flickr.jpg\" \/>\n<meta name=\"twitter:card\" content=\"summary\" \/>\n<meta name=\"twitter:label1\" content=\"Est. reading time\" \/>\n\t<meta name=\"twitter:data1\" content=\"2 minutes\" \/>\n<script type=\"application\/ld+json\" class=\"yoast-schema-graph\">{\"@context\":\"https:\/\/schema.org\",\"@graph\":[{\"@type\":\"WebSite\",\"@id\":\"https:\/\/www.urlaubcornwall.de\/blog\/#website\",\"url\":\"https:\/\/www.urlaubcornwall.de\/blog\/\",\"name\":\"Urlaub &amp; Reisen\",\"description\":\"Urlaub, Reisen, Cornwall und S\u00fcdengland: eine perfekte Kombination\",\"potentialAction\":[{\"@type\":\"SearchAction\",\"target\":{\"@type\":\"EntryPoint\",\"urlTemplate\":\"https:\/\/www.urlaubcornwall.de\/blog\/?s={search_term_string}\"},\"query-input\":\"required name=search_term_string\"}],\"inLanguage\":\"en-US\"},{\"@type\":\"WebPage\",\"@id\":\"https:\/\/www.urlaubcornwall.de\/blog\/truro-cornwall-geschichte-sehenswuerdigkeiten-und-unterkunft\/\",\"url\":\"https:\/\/www.urlaubcornwall.de\/blog\/truro-cornwall-geschichte-sehenswuerdigkeiten-und-unterkunft\/\",\"name\":\"Truro, Cornwall: Geschichte, Sehensw\u00fcrdigkeiten und Unterkunft - Urlaub &amp; Reisen\",\"isPartOf\":{\"@id\":\"https:\/\/www.urlaubcornwall.de\/blog\/#website\"},\"datePublished\":\"2016-03-22T10:39:26+00:00\",\"dateModified\":\"2026-01-06T20:20:39+00:00\",\"breadcrumb\":{\"@id\":\"https:\/\/www.urlaubcornwall.de\/blog\/truro-cornwall-geschichte-sehenswuerdigkeiten-und-unterkunft\/#breadcrumb\"},\"inLanguage\":\"en-US\",\"potentialAction\":[{\"@type\":\"ReadAction\",\"target\":[\"https:\/\/www.urlaubcornwall.de\/blog\/truro-cornwall-geschichte-sehenswuerdigkeiten-und-unterkunft\/\"]}]},{\"@type\":\"BreadcrumbList\",\"@id\":\"https:\/\/www.urlaubcornwall.de\/blog\/truro-cornwall-geschichte-sehenswuerdigkeiten-und-unterkunft\/#breadcrumb\",\"itemListElement\":[{\"@type\":\"ListItem\",\"position\":1,\"name\":\"Home\",\"item\":\"https:\/\/www.urlaubcornwall.de\/blog\/\"},{\"@type\":\"ListItem\",\"position\":2,\"name\":\"Truro, Cornwall: Geschichte, Sehensw\u00fcrdigkeiten und Unterkunft\"}]}]}<\/script>\n<!-- \/ Yoast SEO plugin. -->","yoast_head_json":{"title":"Truro, Cornwall: Geschichte, Sehensw\u00fcrdigkeiten und Unterkunft - Urlaub &amp; Reisen","robots":{"index":"index","follow":"follow","max-snippet":"max-snippet:-1","max-image-preview":"max-image-preview:large","max-video-preview":"max-video-preview:-1"},"canonical":"https:\/\/www.urlaubcornwall.de\/blog\/truro-cornwall-geschichte-sehenswuerdigkeiten-und-unterkunft\/","og_locale":"en_US","og_type":"article","og_title":"Truro, Cornwall: Geschichte, Sehensw\u00fcrdigkeiten und Unterkunft - Urlaub &amp; Reisen","og_description":"image-credit-james-petts-flickr Ein Reisef\u00fchrer f\u00fcr Truro: Insidertipps zur Geschichte, den Attraktionen und was es alles in Truro w\u00e4hrend eines Urlaubs in diesem herrlichen Teil Cornwalls zu tun gibt. Truro ist Cornwalls Kathedralenstadt und hat sich doch die Atmosph\u00e4re einer Kleinstadt bewahrt. Im 18. Jahrhundert war Truro das Zentrum des georgianischen Cornwalls, und w\u00e4hrend dieser Zeit wurden [&hellip;]","og_url":"https:\/\/www.urlaubcornwall.de\/blog\/truro-cornwall-geschichte-sehenswuerdigkeiten-und-unterkunft\/","og_site_name":"Urlaub &amp; Reisen","article_modified_time":"2026-01-06T20:20:39+00:00","og_image":[{"url":"https:\/\/www.urlaubcornwall.de\/blog\/wp-content\/uploads\/2024\/05\/truro-cathedral-credit-james-petts-flickr.jpg"}],"twitter_card":"summary","twitter_misc":{"Est. reading time":"2 minutes"},"schema":{"@context":"https:\/\/schema.org","@graph":[{"@type":"WebSite","@id":"https:\/\/www.urlaubcornwall.de\/blog\/#website","url":"https:\/\/www.urlaubcornwall.de\/blog\/","name":"Urlaub &amp; Reisen","description":"Urlaub, Reisen, Cornwall und S\u00fcdengland: eine perfekte Kombination","potentialAction":[{"@type":"SearchAction","target":{"@type":"EntryPoint","urlTemplate":"https:\/\/www.urlaubcornwall.de\/blog\/?s={search_term_string}"},"query-input":"required name=search_term_string"}],"inLanguage":"en-US"},{"@type":"WebPage","@id":"https:\/\/www.urlaubcornwall.de\/blog\/truro-cornwall-geschichte-sehenswuerdigkeiten-und-unterkunft\/","url":"https:\/\/www.urlaubcornwall.de\/blog\/truro-cornwall-geschichte-sehenswuerdigkeiten-und-unterkunft\/","name":"Truro, Cornwall: Geschichte, Sehensw\u00fcrdigkeiten und Unterkunft - Urlaub &amp; Reisen","isPartOf":{"@id":"https:\/\/www.urlaubcornwall.de\/blog\/#website"},"datePublished":"2016-03-22T10:39:26+00:00","dateModified":"2026-01-06T20:20:39+00:00","breadcrumb":{"@id":"https:\/\/www.urlaubcornwall.de\/blog\/truro-cornwall-geschichte-sehenswuerdigkeiten-und-unterkunft\/#breadcrumb"},"inLanguage":"en-US","potentialAction":[{"@type":"ReadAction","target":["https:\/\/www.urlaubcornwall.de\/blog\/truro-cornwall-geschichte-sehenswuerdigkeiten-und-unterkunft\/"]}]},{"@type":"BreadcrumbList","@id":"https:\/\/www.urlaubcornwall.de\/blog\/truro-cornwall-geschichte-sehenswuerdigkeiten-und-unterkunft\/#breadcrumb","itemListElement":[{"@type":"ListItem","position":1,"name":"Home","item":"https:\/\/www.urlaubcornwall.de\/blog\/"},{"@type":"ListItem","position":2,"name":"Truro, Cornwall: Geschichte, Sehensw\u00fcrdigkeiten und Unterkunft"}]}]}},"_links":{"self":[{"href":"https:\/\/www.urlaubcornwall.de\/blog\/wp-json\/wp\/v2\/pages\/23383"}],"collection":[{"href":"https:\/\/www.urlaubcornwall.de\/blog\/wp-json\/wp\/v2\/pages"}],"about":[{"href":"https:\/\/www.urlaubcornwall.de\/blog\/wp-json\/wp\/v2\/types\/page"}],"author":[{"embeddable":true,"href":"https:\/\/www.urlaubcornwall.de\/blog\/wp-json\/wp\/v2\/users\/1"}],"replies":[{"embeddable":true,"href":"https:\/\/www.urlaubcornwall.de\/blog\/wp-json\/wp\/v2\/comments?post=23383"}],"version-history":[{"count":21,"href":"https:\/\/www.urlaubcornwall.de\/blog\/wp-json\/wp\/v2\/pages\/23383\/revisions"}],"predecessor-version":[{"id":51987,"href":"https:\/\/www.urlaubcornwall.de\/blog\/wp-json\/wp\/v2\/pages\/23383\/revisions\/51987"}],"wp:attachment":[{"href":"https:\/\/www.urlaubcornwall.de\/blog\/wp-json\/wp\/v2\/media?parent=23383"}],"curies":[{"name":"wp","href":"https:\/\/api.w.org\/{rel}","templated":true}]}}