{"id":23348,"date":"2016-03-19T11:00:21","date_gmt":"2016-03-19T11:00:21","guid":{"rendered":"https:\/\/www.urlaubcornwall.de\/blog\/?page_id=23348"},"modified":"2019-11-29T12:38:05","modified_gmt":"2019-11-29T12:38:05","slug":"polperro-ein-charmantes-fischerdorf-in-cornwall","status":"publish","type":"page","link":"https:\/\/www.urlaubcornwall.de\/blog\/polperro-ein-charmantes-fischerdorf-in-cornwall\/","title":{"rendered":"Urlaub Polperro: Ein charmantes Fischerdorf in Cornwall"},"content":{"rendered":"<p><img loading=\"lazy\" class=\"aligncenter size-full wp-image-23349\" src=\"https:\/\/www.urlaubcornwall.de\/blog\/wp-content\/uploads\/2016\/03\/urlaub-polperro.jpg\" alt=\"urlaub polperro\" width=\"745\" height=\"442\" srcset=\"https:\/\/www.urlaubcornwall.de\/blog\/wp-content\/uploads\/2016\/03\/urlaub-polperro.jpg 745w, https:\/\/www.urlaubcornwall.de\/blog\/wp-content\/uploads\/2016\/03\/urlaub-polperro-300x178.jpg 300w\" sizes=\"(max-width: 745px) 100vw, 745px\" \/><\/p>\n<p>Polperro befindet sich am Ende eines tiefen, bewaldeten Tales; es ist <a href=\"http:\/\/www.urlaubcornwall.de\/ferienhaeuser-fewos\/polperro.html\">ein charmantes Fischerdorf mit engen G\u00e4sschen und urigen Cottages und H\u00e4usern<\/a> um den Hafen herum. Polperro ist \u00fcberwiegend autofrei und wird am besten zu Fu\u00df erkundet. Am Rande des Dorfes gibt es einen gro\u00dfen Parkplatz. Es ist eines der sch\u00f6nsten und beliebtesten D\u00f6rfer in Cornwall, und im Sommer kann es recht gesch\u00e4ftig zugehen.<\/p>\n<p>Es gibt in Polperro, direkt an der Hafenmauer einen kleinen Sandstrand. Hier finden Sie eine kleine H\u00f6hle, benannt nach Willy Wilcox, einem der ber\u00fcchtigten Schmuggler, die einst in Polperro lebten.<\/p>\n<p><img loading=\"lazy\" class=\"aligncenter size-full wp-image-23377\" src=\"https:\/\/www.urlaubcornwall.de\/blog\/wp-content\/uploads\/2016\/03\/polperro-hafen-cornwall.jpg\" alt=\"polperro hafen cornwall\" width=\"745\" height=\"376\" srcset=\"https:\/\/www.urlaubcornwall.de\/blog\/wp-content\/uploads\/2016\/03\/polperro-hafen-cornwall.jpg 745w, https:\/\/www.urlaubcornwall.de\/blog\/wp-content\/uploads\/2016\/03\/polperro-hafen-cornwall-300x151.jpg 300w\" sizes=\"(max-width: 745px) 100vw, 745px\" \/><\/p>\n<p>Es ist ideal gelegen, um den S\u00fcdwestk\u00fcstenpfad entlang zu wandern; Sie erleben einen spektakul\u00e4ren Blick, wenn Sie westlich Richtung Lantivet Bay oder \u00f6stlich Richtung Talland Bay und dann weiter nach Looe durch eine von Cornwalls Gebieten hervorragender Natursch\u00f6nheit gehen.<\/p>\n<div class=\"snippet\"> <a class=\"featured-item\" href=\"https:\/\/www.urlaubcornwall.de\/ferienhaeuser\/suedengland.php\"> <span class=\"image-holder\" style=\"background-image: url('https:\/\/www.urlaubcornwall.de\/blog\/wp-content\/uploads\/2018\/12\/ferienhaus-cornwall-mit-hund.jpg');\"><\/span> <span class=\"featured-content\"> \n<h2 class=\"featured-title\">Ferienh\u00e4user in Cornwall &#038; S\u00fcdengland<\/h2>\n<p class=\"featured-body\">Bei uns finden Sie Ferienh\u00e4user zum Verlieben &#8211; so einfach ist das! Dank seiner langen Geschichte, der reizvollen Landschaften und seinen vielen Attraktionen ist S\u00fcdengland ein wahres Mekka f\u00fcr Urlauber&#8230;..<\/p><\/span> <span class=\"featured-link-holder\"> <span class=\"featured-extra-info\"> \n<p>Pers\u00f6nlich inspizierter Ferienh\u00e4user<\/p>\n<\/span> \n<p class=\"featured-link\">DETAILS<\/p>\n<\/span> <\/a><\/div>\n","protected":false},"excerpt":{"rendered":"<p>Polperro befindet sich am Ende eines tiefen, bewaldeten Tales; es ist ein charmantes Fischerdorf mit engen G\u00e4sschen und urigen Cottages und H\u00e4usern um den Hafen herum. Polperro ist \u00fcberwiegend autofrei und wird am besten zu Fu\u00df erkundet. Am Rande des Dorfes gibt es einen gro\u00dfen Parkplatz. Es ist eines der sch\u00f6nsten und beliebtesten D\u00f6rfer in [&hellip;]<\/p>\n","protected":false},"author":1,"featured_media":0,"parent":0,"menu_order":0,"comment_status":"closed","ping_status":"closed","template":"single-four.php","meta":[],"acf":[],"yoast_head":"<!-- This site is optimized with the Yoast SEO plugin v19.4 - https:\/\/yoast.com\/wordpress\/plugins\/seo\/ -->\n<title>Urlaub Polperro: Ein charmantes Fischerdorf in Cornwall - Urlaub &amp; Reisen<\/title>\n<meta name=\"robots\" content=\"index, follow, max-snippet:-1, max-image-preview:large, max-video-preview:-1\" \/>\n<link rel=\"canonical\" href=\"https:\/\/www.urlaubcornwall.de\/blog\/polperro-ein-charmantes-fischerdorf-in-cornwall\/\" \/>\n<meta property=\"og:locale\" content=\"en_US\" \/>\n<meta property=\"og:type\" content=\"article\" \/>\n<meta property=\"og:title\" content=\"Urlaub Polperro: Ein charmantes Fischerdorf in Cornwall - Urlaub &amp; Reisen\" \/>\n<meta property=\"og:description\" content=\"Polperro befindet sich am Ende eines tiefen, bewaldeten Tales; es ist ein charmantes Fischerdorf mit engen G\u00e4sschen und urigen Cottages und H\u00e4usern um den Hafen herum. Polperro ist \u00fcberwiegend autofrei und wird am besten zu Fu\u00df erkundet. Am Rande des Dorfes gibt es einen gro\u00dfen Parkplatz. Es ist eines der sch\u00f6nsten und beliebtesten D\u00f6rfer in [&hellip;]\" \/>\n<meta property=\"og:url\" content=\"https:\/\/www.urlaubcornwall.de\/blog\/polperro-ein-charmantes-fischerdorf-in-cornwall\/\" \/>\n<meta property=\"og:site_name\" content=\"Urlaub &amp; Reisen\" \/>\n<meta property=\"article:modified_time\" content=\"2019-11-29T12:38:05+00:00\" \/>\n<meta property=\"og:image\" content=\"https:\/\/www.urlaubcornwall.de\/blog\/wp-content\/uploads\/2016\/03\/urlaub-polperro.jpg\" \/>\n<meta name=\"twitter:card\" content=\"summary\" \/>\n<meta name=\"twitter:label1\" content=\"Est. reading time\" \/>\n\t<meta name=\"twitter:data1\" content=\"1 minute\" \/>\n<script type=\"application\/ld+json\" class=\"yoast-schema-graph\">{\"@context\":\"https:\/\/schema.org\",\"@graph\":[{\"@type\":\"WebSite\",\"@id\":\"https:\/\/www.urlaubcornwall.de\/blog\/#website\",\"url\":\"https:\/\/www.urlaubcornwall.de\/blog\/\",\"name\":\"Urlaub &amp; Reisen\",\"description\":\"Urlaub, Reisen, Cornwall und S\u00fcdengland: eine perfekte Kombination\",\"potentialAction\":[{\"@type\":\"SearchAction\",\"target\":{\"@type\":\"EntryPoint\",\"urlTemplate\":\"https:\/\/www.urlaubcornwall.de\/blog\/?s={search_term_string}\"},\"query-input\":\"required name=search_term_string\"}],\"inLanguage\":\"en-US\"},{\"@type\":\"WebPage\",\"@id\":\"https:\/\/www.urlaubcornwall.de\/blog\/polperro-ein-charmantes-fischerdorf-in-cornwall\/\",\"url\":\"https:\/\/www.urlaubcornwall.de\/blog\/polperro-ein-charmantes-fischerdorf-in-cornwall\/\",\"name\":\"Urlaub Polperro: Ein charmantes Fischerdorf in Cornwall - Urlaub &amp; Reisen\",\"isPartOf\":{\"@id\":\"https:\/\/www.urlaubcornwall.de\/blog\/#website\"},\"datePublished\":\"2016-03-19T11:00:21+00:00\",\"dateModified\":\"2019-11-29T12:38:05+00:00\",\"breadcrumb\":{\"@id\":\"https:\/\/www.urlaubcornwall.de\/blog\/polperro-ein-charmantes-fischerdorf-in-cornwall\/#breadcrumb\"},\"inLanguage\":\"en-US\",\"potentialAction\":[{\"@type\":\"ReadAction\",\"target\":[\"https:\/\/www.urlaubcornwall.de\/blog\/polperro-ein-charmantes-fischerdorf-in-cornwall\/\"]}]},{\"@type\":\"BreadcrumbList\",\"@id\":\"https:\/\/www.urlaubcornwall.de\/blog\/polperro-ein-charmantes-fischerdorf-in-cornwall\/#breadcrumb\",\"itemListElement\":[{\"@type\":\"ListItem\",\"position\":1,\"name\":\"Home\",\"item\":\"https:\/\/www.urlaubcornwall.de\/blog\/\"},{\"@type\":\"ListItem\",\"position\":2,\"name\":\"Urlaub Polperro: Ein charmantes Fischerdorf in Cornwall\"}]}]}<\/script>\n<!-- \/ Yoast SEO plugin. -->","yoast_head_json":{"title":"Urlaub Polperro: Ein charmantes Fischerdorf in Cornwall - Urlaub &amp; Reisen","robots":{"index":"index","follow":"follow","max-snippet":"max-snippet:-1","max-image-preview":"max-image-preview:large","max-video-preview":"max-video-preview:-1"},"canonical":"https:\/\/www.urlaubcornwall.de\/blog\/polperro-ein-charmantes-fischerdorf-in-cornwall\/","og_locale":"en_US","og_type":"article","og_title":"Urlaub Polperro: Ein charmantes Fischerdorf in Cornwall - Urlaub &amp; Reisen","og_description":"Polperro befindet sich am Ende eines tiefen, bewaldeten Tales; es ist ein charmantes Fischerdorf mit engen G\u00e4sschen und urigen Cottages und H\u00e4usern um den Hafen herum. Polperro ist \u00fcberwiegend autofrei und wird am besten zu Fu\u00df erkundet. Am Rande des Dorfes gibt es einen gro\u00dfen Parkplatz. Es ist eines der sch\u00f6nsten und beliebtesten D\u00f6rfer in [&hellip;]","og_url":"https:\/\/www.urlaubcornwall.de\/blog\/polperro-ein-charmantes-fischerdorf-in-cornwall\/","og_site_name":"Urlaub &amp; Reisen","article_modified_time":"2019-11-29T12:38:05+00:00","og_image":[{"url":"https:\/\/www.urlaubcornwall.de\/blog\/wp-content\/uploads\/2016\/03\/urlaub-polperro.jpg"}],"twitter_card":"summary","twitter_misc":{"Est. reading time":"1 minute"},"schema":{"@context":"https:\/\/schema.org","@graph":[{"@type":"WebSite","@id":"https:\/\/www.urlaubcornwall.de\/blog\/#website","url":"https:\/\/www.urlaubcornwall.de\/blog\/","name":"Urlaub &amp; Reisen","description":"Urlaub, Reisen, Cornwall und S\u00fcdengland: eine perfekte Kombination","potentialAction":[{"@type":"SearchAction","target":{"@type":"EntryPoint","urlTemplate":"https:\/\/www.urlaubcornwall.de\/blog\/?s={search_term_string}"},"query-input":"required name=search_term_string"}],"inLanguage":"en-US"},{"@type":"WebPage","@id":"https:\/\/www.urlaubcornwall.de\/blog\/polperro-ein-charmantes-fischerdorf-in-cornwall\/","url":"https:\/\/www.urlaubcornwall.de\/blog\/polperro-ein-charmantes-fischerdorf-in-cornwall\/","name":"Urlaub Polperro: Ein charmantes Fischerdorf in Cornwall - Urlaub &amp; Reisen","isPartOf":{"@id":"https:\/\/www.urlaubcornwall.de\/blog\/#website"},"datePublished":"2016-03-19T11:00:21+00:00","dateModified":"2019-11-29T12:38:05+00:00","breadcrumb":{"@id":"https:\/\/www.urlaubcornwall.de\/blog\/polperro-ein-charmantes-fischerdorf-in-cornwall\/#breadcrumb"},"inLanguage":"en-US","potentialAction":[{"@type":"ReadAction","target":["https:\/\/www.urlaubcornwall.de\/blog\/polperro-ein-charmantes-fischerdorf-in-cornwall\/"]}]},{"@type":"BreadcrumbList","@id":"https:\/\/www.urlaubcornwall.de\/blog\/polperro-ein-charmantes-fischerdorf-in-cornwall\/#breadcrumb","itemListElement":[{"@type":"ListItem","position":1,"name":"Home","item":"https:\/\/www.urlaubcornwall.de\/blog\/"},{"@type":"ListItem","position":2,"name":"Urlaub Polperro: Ein charmantes Fischerdorf in Cornwall"}]}]}},"_links":{"self":[{"href":"https:\/\/www.urlaubcornwall.de\/blog\/wp-json\/wp\/v2\/pages\/23348"}],"collection":[{"href":"https:\/\/www.urlaubcornwall.de\/blog\/wp-json\/wp\/v2\/pages"}],"about":[{"href":"https:\/\/www.urlaubcornwall.de\/blog\/wp-json\/wp\/v2\/types\/page"}],"author":[{"embeddable":true,"href":"https:\/\/www.urlaubcornwall.de\/blog\/wp-json\/wp\/v2\/users\/1"}],"replies":[{"embeddable":true,"href":"https:\/\/www.urlaubcornwall.de\/blog\/wp-json\/wp\/v2\/comments?post=23348"}],"version-history":[{"count":13,"href":"https:\/\/www.urlaubcornwall.de\/blog\/wp-json\/wp\/v2\/pages\/23348\/revisions"}],"predecessor-version":[{"id":39175,"href":"https:\/\/www.urlaubcornwall.de\/blog\/wp-json\/wp\/v2\/pages\/23348\/revisions\/39175"}],"wp:attachment":[{"href":"https:\/\/www.urlaubcornwall.de\/blog\/wp-json\/wp\/v2\/media?parent=23348"}],"curies":[{"name":"wp","href":"https:\/\/api.w.org\/{rel}","templated":true}]}}