{"id":23344,"date":"2016-03-19T10:52:50","date_gmt":"2016-03-19T10:52:50","guid":{"rendered":"https:\/\/www.urlaubcornwall.de\/blog\/?page_id=23344"},"modified":"2024-05-29T11:49:14","modified_gmt":"2024-05-29T11:49:14","slug":"sehenswuerdigkeiten-looe","status":"publish","type":"page","link":"https:\/\/www.urlaubcornwall.de\/blog\/sehenswuerdigkeiten-looe\/","title":{"rendered":"Sehensw\u00fcrdigkeiten Looe &#8211; Urlaub in S\u00fcd-Cornwall"},"content":{"rendered":"<p>Ein Reisef\u00fchrer f\u00fcr Looe &amp; S\u00fcd Cornwall: Insidertipps zur Geschichte, den Attraktionen und was es alles in <span style=\"text-decoration: underline;\"><a href=\"http:\/\/www.urlaubcornwall.de\/ferienhaeuser-fewos\/looe.html\">Looe<\/a><\/span> w\u00e4hrend eines Urlaubs in diesem herrlichen Teil S\u00fcdcornwalls zu tun gibt.<\/p>\n<p><a href=\"https:\/\/www.urlaubcornwall.de\/blog\/wp-content\/uploads\/2021\/10\/looe-hafen.jpg\"><img loading=\"lazy\" src=\"https:\/\/www.urlaubcornwall.de\/blog\/wp-content\/uploads\/2021\/10\/looe-hafen.jpg\" alt=\"looe hafen\" width=\"750\" height=\"500\" class=\"alignnone size-full wp-image-43327\" srcset=\"https:\/\/www.urlaubcornwall.de\/blog\/wp-content\/uploads\/2021\/10\/looe-hafen.jpg 750w, https:\/\/www.urlaubcornwall.de\/blog\/wp-content\/uploads\/2021\/10\/looe-hafen-300x200.jpg 300w\" sizes=\"(max-width: 750px) 100vw, 750px\" \/><\/a><\/p>\n<p>Die Fl\u00fcsse Ost-und West Looe verm\u00e4hlen sich bei Looe und teilen die Stadt in zwei Teile. Diese sind durch eine Br\u00fccke verbunden, welche 1853 errichtet wurde. Ost Looe ist der gr\u00f6\u03b2ere Stadtteil, und hier finden Sie auch den Hafen. Sie k\u00f6nnen dabei zusehen, wie die Fischerboote ihren t\u00e4glichen Fang ausladen; ein guter Aussichtspunkt, um die Boote zu beobachen, ist der Banjo Pier. Eine Menge des Fangs wird in den zahlreichen Restaurants der Stadt verwendet; Looe ist Cornwalls zweitgr\u00f6\u03b2ter Fischerhafen, und der t\u00e4gliche Markt verleiht der Stadt ein gesch\u00e4ftiges maritimes Flair. Hinter dem Hafen befindet sich die Altstadt mit hohen Geb\u00e4uden, engen Stra\u03b2en und Gassen und H\u00e4usern, die verschiedenfarbig gestrichen sind. West Looe ist kleiner und bietet wundersch\u00f6nen Blick hin\u00fcber zum Hafen von Ost Looe.<\/p>\n<div class=\"snippet\"> <a class=\"featured-item\" href=\"https:\/\/www.urlaubcornwall.de\/ferienhaeuser\/suedengland.php\"> <span class=\"image-holder\" style=\"background-image: url('https:\/\/www.urlaubcornwall.de\/blog\/wp-content\/uploads\/2024\/03\/ferienhaus-england-cornwall.jpg');\"><\/span> <span class=\"featured-content\"> \n<h2 class=\"featured-title\">Ferienh\u00e4user in Cornwall &#038; S\u00fcdengland<\/h2>\n<p class=\"featured-body\">Bei uns finden Sie Ferienh\u00e4user zum Verlieben &#8211; so einfach ist das! Dank seiner langen Geschichte, der reizvollen Landschaften und seinen vielen Attraktionen ist S\u00fcdengland ein wahres Mekka f\u00fcr Urlauber&#8230;..<\/p><\/span> <span class=\"featured-link-holder\"> <span class=\"featured-extra-info\"> \n<p>Pers\u00f6nlich inspizierter Ferienh\u00e4user<\/p>\n<\/span> \n<p class=\"featured-link\">DETAILS<\/p>\n<\/span> <\/a><\/div>\n<p>Der Strand Looe befindet sich in Ost Looe, zu Fu\u03b2 leicht erreichbar von den Parkpl\u00e4tzen der Stadt aus. Dieser Sandstrand ist durch das bekannte Banjo Pier gesch\u00fctzt und bei Familien sehr beliebt.<\/p>\n<p><img loading=\"lazy\" class=\"aligncenter size-full wp-image-23380\" src=\"https:\/\/www.urlaubcornwall.de\/blog\/wp-content\/uploads\/2016\/03\/looe-strand.jpg\" alt=\"urlaub looe strand\" width=\"745\" height=\"376\" srcset=\"https:\/\/www.urlaubcornwall.de\/blog\/wp-content\/uploads\/2016\/03\/looe-strand.jpg 745w, https:\/\/www.urlaubcornwall.de\/blog\/wp-content\/uploads\/2016\/03\/looe-strand-300x151.jpg 300w\" sizes=\"(max-width: 745px) 100vw, 745px\" \/><\/p>\n<p>Der Hannafore Strand ist bei West Looe, viel ruhiger, \u00fcberwiegend Kieselstrand mit gro\u03b2artigen Felsenpools, die es bei Ebbe zu erkunden gibt. Er ist auch beliebt bei Hundefreunden, da er einer der wenigen hundefreundlichen Str\u00e4nde in der Umgebung Looes ist.<\/p>\n<p>Im Museum Looes finden Sie eine faszinierende Ausstellung zur Geschichte der Stadt, von der Schmugglerei \u00fcber die Fischerei bis hin zum Bootsbau. Das Museum befindet sich im \u00e4ltesten Geb\u00e4ude Looes, der Old Guildhall (Altes Rathaus), das ins Jahr 1500 zur\u00fcckreicht.<\/p>\n<p>Vom Hafen Looes aus gibt es eine Reihe an Bootsfahrten und Angeltouren. Machen Sie eine Bootsfahrt zur Insel Looe, die sich im Privatbesitz und direkt vor der K\u00fcste befindet. Sie ist ungef\u00e4hr 1,5km breit und deckt ein Gebiet von ca. 22,5 Ar. Es ist eine wundersch\u00f6ne, teils bewaldete Insel, und vom h\u00f6chsten Punkt aus haben Sie Blick zur Lizard Halbinsel und Prawle Point in Devon. Die Insel ist Tagesausfl\u00fcglern zug\u00e4nglich; es gibt keine Stra\u03b2en, Gesch\u00e4fte oder Autos.<\/p>\n<p><img loading=\"lazy\" class=\"aligncenter size-full wp-image-23346\" src=\"https:\/\/www.urlaubcornwall.de\/blog\/wp-content\/uploads\/2016\/03\/looe-cornwall-kueste.jpg\" alt=\"looe cornwall kueste\" width=\"745\" height=\"376\" srcset=\"https:\/\/www.urlaubcornwall.de\/blog\/wp-content\/uploads\/2016\/03\/looe-cornwall-kueste.jpg 745w, https:\/\/www.urlaubcornwall.de\/blog\/wp-content\/uploads\/2016\/03\/looe-cornwall-kueste-300x151.jpg 300w\" sizes=\"(max-width: 745px) 100vw, 745px\" \/><\/p>\n<p>Der Kilminorth Wald am Westufer des Flusses West Looe ist ein herrliches altes Waldgebiet, das vom Hauptparkplatz in Looe leicht erreichbar ist. Die beschilderten Pfade f\u00fchren durch den Eichenwald und entlang des Flusses. Das Gebiet ist reich an Pflanzen, Insekten und V\u00f6geln; Reiher br\u00fcten am gegen\u00fcberliegenden Ufer, wo es auch sehr scheue Rehe gibt.<\/p>\n<p>Die Looe Valley Railway verbindet die gesch\u00e4ftige Marktstadt Liskeard mit Looe. Es ist eine sehr malerische Strecke durch das bewaldete Looe Tal und vorbei an der Flussm\u00fcndung, wo bei Ebbe der Fluss voller watender V\u00f6gel ist, wie Kleine Reiher, Graureiher, Austernfischer und Brachv\u00f6gel.<\/p>\n<div class=\"snippet\"> <a class=\"featured-item\" href=\"https:\/\/www.urlaubcornwall.de\/rundreisen\/cornwall-suedengland.php\"> <span class=\"image-holder\" style=\"background-image: url('https:\/\/www.urlaubcornwall.de\/blog\/wp-content\/uploads\/2019\/01\/DiTn0QVWsAIOgjG.jpg');\"><\/span> <span class=\"featured-content\"> \n<h2 class=\"featured-title\">Rundreisen Cornwall &#038; S\u00fcdengland eine perfekte Kombination<\/h2>\n<p class=\"featured-body\">Die perfekte Reisem\u00f6glichkeit und erm\u00f6glicht es Ihnen, Entdeckungen zu machen und einen Urlaub im eigenen Schritttempo&#8230;.<\/p><\/span> <span class=\"featured-link-holder\"> <span class=\"featured-extra-info\"> \n<p>F\u00fcr Paare, Familien &#038; Gruppen<\/p>\n<\/span> \n<p class=\"featured-link\">DETAILS<\/p>\n<\/span> <\/a><\/div>\n","protected":false},"excerpt":{"rendered":"<p>Ein Reisef\u00fchrer f\u00fcr Looe &amp; S\u00fcd Cornwall: Insidertipps zur Geschichte, den Attraktionen und was es alles in Looe w\u00e4hrend eines Urlaubs in diesem herrlichen Teil S\u00fcdcornwalls zu tun gibt. Die Fl\u00fcsse Ost-und West Looe verm\u00e4hlen sich bei Looe und teilen die Stadt in zwei Teile. Diese sind durch eine Br\u00fccke verbunden, welche 1853 errichtet wurde. [&hellip;]<\/p>\n","protected":false},"author":1,"featured_media":0,"parent":0,"menu_order":0,"comment_status":"closed","ping_status":"closed","template":"single-four.php","meta":[],"acf":[],"yoast_head":"<!-- This site is optimized with the Yoast SEO plugin v19.4 - https:\/\/yoast.com\/wordpress\/plugins\/seo\/ -->\n<title>Sehensw\u00fcrdigkeiten Looe - Urlaub in S\u00fcd-Cornwall - Urlaub &amp; Reisen<\/title>\n<meta name=\"robots\" content=\"index, follow, max-snippet:-1, max-image-preview:large, max-video-preview:-1\" \/>\n<link rel=\"canonical\" href=\"https:\/\/www.urlaubcornwall.de\/blog\/sehenswuerdigkeiten-looe\/\" \/>\n<meta property=\"og:locale\" content=\"en_US\" \/>\n<meta property=\"og:type\" content=\"article\" \/>\n<meta property=\"og:title\" content=\"Sehensw\u00fcrdigkeiten Looe - Urlaub in S\u00fcd-Cornwall - Urlaub &amp; Reisen\" \/>\n<meta property=\"og:description\" content=\"Ein Reisef\u00fchrer f\u00fcr Looe &amp; S\u00fcd Cornwall: Insidertipps zur Geschichte, den Attraktionen und was es alles in Looe w\u00e4hrend eines Urlaubs in diesem herrlichen Teil S\u00fcdcornwalls zu tun gibt. Die Fl\u00fcsse Ost-und West Looe verm\u00e4hlen sich bei Looe und teilen die Stadt in zwei Teile. Diese sind durch eine Br\u00fccke verbunden, welche 1853 errichtet wurde. [&hellip;]\" \/>\n<meta property=\"og:url\" content=\"https:\/\/www.urlaubcornwall.de\/blog\/sehenswuerdigkeiten-looe\/\" \/>\n<meta property=\"og:site_name\" content=\"Urlaub &amp; Reisen\" \/>\n<meta property=\"article:modified_time\" content=\"2024-05-29T11:49:14+00:00\" \/>\n<meta property=\"og:image\" content=\"https:\/\/www.urlaubcornwall.de\/blog\/wp-content\/uploads\/2021\/10\/looe-hafen.jpg\" \/>\n<meta name=\"twitter:card\" content=\"summary\" \/>\n<meta name=\"twitter:label1\" content=\"Est. reading time\" \/>\n\t<meta name=\"twitter:data1\" content=\"3 minutes\" \/>\n<script type=\"application\/ld+json\" class=\"yoast-schema-graph\">{\"@context\":\"https:\/\/schema.org\",\"@graph\":[{\"@type\":\"WebSite\",\"@id\":\"https:\/\/www.urlaubcornwall.de\/blog\/#website\",\"url\":\"https:\/\/www.urlaubcornwall.de\/blog\/\",\"name\":\"Urlaub &amp; Reisen\",\"description\":\"Urlaub, Reisen, Cornwall und S\u00fcdengland: eine perfekte Kombination\",\"potentialAction\":[{\"@type\":\"SearchAction\",\"target\":{\"@type\":\"EntryPoint\",\"urlTemplate\":\"https:\/\/www.urlaubcornwall.de\/blog\/?s={search_term_string}\"},\"query-input\":\"required name=search_term_string\"}],\"inLanguage\":\"en-US\"},{\"@type\":\"WebPage\",\"@id\":\"https:\/\/www.urlaubcornwall.de\/blog\/sehenswuerdigkeiten-looe\/\",\"url\":\"https:\/\/www.urlaubcornwall.de\/blog\/sehenswuerdigkeiten-looe\/\",\"name\":\"Sehensw\u00fcrdigkeiten Looe - Urlaub in S\u00fcd-Cornwall - Urlaub &amp; Reisen\",\"isPartOf\":{\"@id\":\"https:\/\/www.urlaubcornwall.de\/blog\/#website\"},\"datePublished\":\"2016-03-19T10:52:50+00:00\",\"dateModified\":\"2024-05-29T11:49:14+00:00\",\"breadcrumb\":{\"@id\":\"https:\/\/www.urlaubcornwall.de\/blog\/sehenswuerdigkeiten-looe\/#breadcrumb\"},\"inLanguage\":\"en-US\",\"potentialAction\":[{\"@type\":\"ReadAction\",\"target\":[\"https:\/\/www.urlaubcornwall.de\/blog\/sehenswuerdigkeiten-looe\/\"]}]},{\"@type\":\"BreadcrumbList\",\"@id\":\"https:\/\/www.urlaubcornwall.de\/blog\/sehenswuerdigkeiten-looe\/#breadcrumb\",\"itemListElement\":[{\"@type\":\"ListItem\",\"position\":1,\"name\":\"Home\",\"item\":\"https:\/\/www.urlaubcornwall.de\/blog\/\"},{\"@type\":\"ListItem\",\"position\":2,\"name\":\"Sehensw\u00fcrdigkeiten Looe &#8211; Urlaub in S\u00fcd-Cornwall\"}]}]}<\/script>\n<!-- \/ Yoast SEO plugin. -->","yoast_head_json":{"title":"Sehensw\u00fcrdigkeiten Looe - Urlaub in S\u00fcd-Cornwall - Urlaub &amp; Reisen","robots":{"index":"index","follow":"follow","max-snippet":"max-snippet:-1","max-image-preview":"max-image-preview:large","max-video-preview":"max-video-preview:-1"},"canonical":"https:\/\/www.urlaubcornwall.de\/blog\/sehenswuerdigkeiten-looe\/","og_locale":"en_US","og_type":"article","og_title":"Sehensw\u00fcrdigkeiten Looe - Urlaub in S\u00fcd-Cornwall - Urlaub &amp; Reisen","og_description":"Ein Reisef\u00fchrer f\u00fcr Looe &amp; S\u00fcd Cornwall: Insidertipps zur Geschichte, den Attraktionen und was es alles in Looe w\u00e4hrend eines Urlaubs in diesem herrlichen Teil S\u00fcdcornwalls zu tun gibt. Die Fl\u00fcsse Ost-und West Looe verm\u00e4hlen sich bei Looe und teilen die Stadt in zwei Teile. Diese sind durch eine Br\u00fccke verbunden, welche 1853 errichtet wurde. [&hellip;]","og_url":"https:\/\/www.urlaubcornwall.de\/blog\/sehenswuerdigkeiten-looe\/","og_site_name":"Urlaub &amp; Reisen","article_modified_time":"2024-05-29T11:49:14+00:00","og_image":[{"url":"https:\/\/www.urlaubcornwall.de\/blog\/wp-content\/uploads\/2021\/10\/looe-hafen.jpg"}],"twitter_card":"summary","twitter_misc":{"Est. reading time":"3 minutes"},"schema":{"@context":"https:\/\/schema.org","@graph":[{"@type":"WebSite","@id":"https:\/\/www.urlaubcornwall.de\/blog\/#website","url":"https:\/\/www.urlaubcornwall.de\/blog\/","name":"Urlaub &amp; Reisen","description":"Urlaub, Reisen, Cornwall und S\u00fcdengland: eine perfekte Kombination","potentialAction":[{"@type":"SearchAction","target":{"@type":"EntryPoint","urlTemplate":"https:\/\/www.urlaubcornwall.de\/blog\/?s={search_term_string}"},"query-input":"required name=search_term_string"}],"inLanguage":"en-US"},{"@type":"WebPage","@id":"https:\/\/www.urlaubcornwall.de\/blog\/sehenswuerdigkeiten-looe\/","url":"https:\/\/www.urlaubcornwall.de\/blog\/sehenswuerdigkeiten-looe\/","name":"Sehensw\u00fcrdigkeiten Looe - Urlaub in S\u00fcd-Cornwall - Urlaub &amp; Reisen","isPartOf":{"@id":"https:\/\/www.urlaubcornwall.de\/blog\/#website"},"datePublished":"2016-03-19T10:52:50+00:00","dateModified":"2024-05-29T11:49:14+00:00","breadcrumb":{"@id":"https:\/\/www.urlaubcornwall.de\/blog\/sehenswuerdigkeiten-looe\/#breadcrumb"},"inLanguage":"en-US","potentialAction":[{"@type":"ReadAction","target":["https:\/\/www.urlaubcornwall.de\/blog\/sehenswuerdigkeiten-looe\/"]}]},{"@type":"BreadcrumbList","@id":"https:\/\/www.urlaubcornwall.de\/blog\/sehenswuerdigkeiten-looe\/#breadcrumb","itemListElement":[{"@type":"ListItem","position":1,"name":"Home","item":"https:\/\/www.urlaubcornwall.de\/blog\/"},{"@type":"ListItem","position":2,"name":"Sehensw\u00fcrdigkeiten Looe &#8211; Urlaub in S\u00fcd-Cornwall"}]}]}},"_links":{"self":[{"href":"https:\/\/www.urlaubcornwall.de\/blog\/wp-json\/wp\/v2\/pages\/23344"}],"collection":[{"href":"https:\/\/www.urlaubcornwall.de\/blog\/wp-json\/wp\/v2\/pages"}],"about":[{"href":"https:\/\/www.urlaubcornwall.de\/blog\/wp-json\/wp\/v2\/types\/page"}],"author":[{"embeddable":true,"href":"https:\/\/www.urlaubcornwall.de\/blog\/wp-json\/wp\/v2\/users\/1"}],"replies":[{"embeddable":true,"href":"https:\/\/www.urlaubcornwall.de\/blog\/wp-json\/wp\/v2\/comments?post=23344"}],"version-history":[{"count":13,"href":"https:\/\/www.urlaubcornwall.de\/blog\/wp-json\/wp\/v2\/pages\/23344\/revisions"}],"predecessor-version":[{"id":50635,"href":"https:\/\/www.urlaubcornwall.de\/blog\/wp-json\/wp\/v2\/pages\/23344\/revisions\/50635"}],"wp:attachment":[{"href":"https:\/\/www.urlaubcornwall.de\/blog\/wp-json\/wp\/v2\/media?parent=23344"}],"curies":[{"name":"wp","href":"https:\/\/api.w.org\/{rel}","templated":true}]}}