{"id":23341,"date":"2016-03-19T10:44:08","date_gmt":"2016-03-19T10:44:08","guid":{"rendered":"https:\/\/www.urlaubcornwall.de\/blog\/?page_id=23341"},"modified":"2016-06-03T13:20:15","modified_gmt":"2016-06-03T13:20:15","slug":"wadebridge","status":"publish","type":"page","link":"https:\/\/www.urlaubcornwall.de\/blog\/wadebridge\/","title":{"rendered":"Sehensw\u00fcrdigkeiten Wadebridge"},"content":{"rendered":"<p><img loading=\"lazy\" class=\"aligncenter size-full wp-image-23342\" src=\"https:\/\/www.urlaubcornwall.de\/blog\/wp-content\/uploads\/2016\/03\/radurlaub_suedengland.jpg\" alt=\"urlaub wadebridge\" width=\"744\" height=\"329\" srcset=\"https:\/\/www.urlaubcornwall.de\/blog\/wp-content\/uploads\/2016\/03\/radurlaub_suedengland.jpg 744w, https:\/\/www.urlaubcornwall.de\/blog\/wp-content\/uploads\/2016\/03\/radurlaub_suedengland-300x133.jpg 300w\" sizes=\"(max-width: 744px) 100vw, 744px\" \/><\/p>\n<p>Urlaubstipps und ein Reisef\u00fchrer f\u00fcr Wadebridge: Insidertipps zur Geschichte, den Attraktionen und was es alles in <a href=\"http:\/\/www.urlaubcornwall.de\/ferienhaeuser-fewos\/wadebridge.html\"><span style=\"text-decoration: underline;\"><strong>Wadebridge<\/strong><\/span> <\/a>w\u00e4hrend eines Urlaubs in diesem herrlichen Teil Nordcornwalls zu tun gibt.<\/p>\n<p>Wadebridge liegt an der M\u00fcndung des Flusses Camel und war ein gesch\u00e4ftiger Hafen und Zentrum der Wollproduktion. Die Br\u00fccke, die \u00fcber den Fluss f\u00fchrt, stammt aus dem 15. Jahrhundert, und die Legende besagt, dass sie auf Wolle gebaut ist, bezahlt von den reichen Landbesitzern. Die Br\u00fccke hat 17 B\u00f6gen und ist ungef\u00e4hr 98 Meter lang.<\/p>\n<p>Wadebridge ist der Beginn des Camel Trail, einer Route zum Wandern, Reiten und Radfahren, die durch die Landschaft entlang des Flusses Camel nach Padstow f\u00fchrt und dabei der alten Bahnlinie des Atlantic Coast Express folgt.<\/p>\n<p>Jedes Jahr im Juni findet die Royal Cornwall Show in Wadebridge statt. Dies ist eine der gr\u00f6\u00dften Landwirtschaftsmessen Englands und ein gro\u03b2artiges Familienausflugsziel, da es so viel zu sehen und zu tun gibt.<br \/>\nIm alten Bahnhof befindet sich das Sir John Betjeman Zentrum mit zahlreichen Objekten und Information zum Dichter, Laureate, seinem Leben und seiner Zeit in Cornwall.<\/p>\n<p>Im nahegelegenen St Breock, 1,6km westlich von Wadebridge, befindet sich der St Breock Downs Monolit. Er ist mit seinen 5km H\u00f6he der gr\u00f6\u03b2te und schwerste pr\u00e4historische Stein in Cornwall.<\/p>\n<p><img loading=\"lazy\" class=\"aligncenter size-full wp-image-24046\" src=\"https:\/\/www.urlaubcornwall.de\/blog\/wp-content\/uploads\/2016\/05\/logo-final-1.jpg\" alt=\"urlaubcornwall.de\" width=\"744\" height=\"298\" srcset=\"https:\/\/www.urlaubcornwall.de\/blog\/wp-content\/uploads\/2016\/05\/logo-final-1.jpg 744w, https:\/\/www.urlaubcornwall.de\/blog\/wp-content\/uploads\/2016\/05\/logo-final-1-300x120.jpg 300w\" sizes=\"(max-width: 744px) 100vw, 744px\" \/><\/p>\n<p><a href=\"http:\/\/www.urlaubcornwall.de\/\">UrlaubCornwall.de<\/a> ist ein in Cornwall ans\u00e4ssiges Unternehmen k\u00f6nnen wir uns mit 20 Jahren Erfahrung in der Organisation von Rundreisen durch Cornwall, S\u00fcdwest und S\u00fcdengland r\u00fchmen.<\/p>\n<p>Um Wadebridge in Ihre <a href=\"https:\/\/www.urlaubcornwall.de\/blog\/rundreise-durch-cornwall-and-suedenengland-2013\/\"><span style=\"text-decoration: underline;\">Rundreise durch Cornwall<\/span><\/a> mit einzugliedern, stellen Sie Ihre <span style=\"text-decoration: underline;\"><a href=\"http:\/\/www.urlaubcornwall.de\/anfrage.php\">Anfrage<\/a><\/span> hier oder w\u00e4hlen Sie ein Ferienhaus aus unserer besten Auswahl <span style=\"text-decoration: underline;\"><a href=\"http:\/\/www.urlaubcornwall.de\/ferienhaeuser-fewos\/wadebridge.html\">handverlesener und inspizierter H\u00e4user<\/a><\/span> aus.<\/p>\n","protected":false},"excerpt":{"rendered":"<p>Urlaubstipps und ein Reisef\u00fchrer f\u00fcr Wadebridge: Insidertipps zur Geschichte, den Attraktionen und was es alles in Wadebridge w\u00e4hrend eines Urlaubs in diesem herrlichen Teil Nordcornwalls zu tun gibt. Wadebridge liegt an der M\u00fcndung des Flusses Camel und war ein gesch\u00e4ftiger Hafen und Zentrum der Wollproduktion. Die Br\u00fccke, die \u00fcber den Fluss f\u00fchrt, stammt aus dem [&hellip;]<\/p>\n","protected":false},"author":1,"featured_media":0,"parent":0,"menu_order":0,"comment_status":"closed","ping_status":"closed","template":"single-four.php","meta":[],"acf":[],"yoast_head":"<!-- This site is optimized with the Yoast SEO plugin v19.4 - https:\/\/yoast.com\/wordpress\/plugins\/seo\/ -->\n<title>Sehensw\u00fcrdigkeiten Wadebridge - Urlaub &amp; Reisen<\/title>\n<meta name=\"robots\" content=\"index, follow, max-snippet:-1, max-image-preview:large, max-video-preview:-1\" \/>\n<link rel=\"canonical\" href=\"https:\/\/www.urlaubcornwall.de\/blog\/wadebridge\/\" \/>\n<meta property=\"og:locale\" content=\"en_US\" \/>\n<meta property=\"og:type\" content=\"article\" \/>\n<meta property=\"og:title\" content=\"Sehensw\u00fcrdigkeiten Wadebridge - Urlaub &amp; Reisen\" \/>\n<meta property=\"og:description\" content=\"Urlaubstipps und ein Reisef\u00fchrer f\u00fcr Wadebridge: Insidertipps zur Geschichte, den Attraktionen und was es alles in Wadebridge w\u00e4hrend eines Urlaubs in diesem herrlichen Teil Nordcornwalls zu tun gibt. Wadebridge liegt an der M\u00fcndung des Flusses Camel und war ein gesch\u00e4ftiger Hafen und Zentrum der Wollproduktion. Die Br\u00fccke, die \u00fcber den Fluss f\u00fchrt, stammt aus dem [&hellip;]\" \/>\n<meta property=\"og:url\" content=\"https:\/\/www.urlaubcornwall.de\/blog\/wadebridge\/\" \/>\n<meta property=\"og:site_name\" content=\"Urlaub &amp; Reisen\" \/>\n<meta property=\"article:modified_time\" content=\"2016-06-03T13:20:15+00:00\" \/>\n<meta property=\"og:image\" content=\"https:\/\/www.urlaubcornwall.de\/blog\/wp-content\/uploads\/2016\/03\/radurlaub_suedengland.jpg\" \/>\n<meta name=\"twitter:card\" content=\"summary\" \/>\n<meta name=\"twitter:label1\" content=\"Est. reading time\" \/>\n\t<meta name=\"twitter:data1\" content=\"1 minute\" \/>\n<script type=\"application\/ld+json\" class=\"yoast-schema-graph\">{\"@context\":\"https:\/\/schema.org\",\"@graph\":[{\"@type\":\"WebSite\",\"@id\":\"https:\/\/www.urlaubcornwall.de\/blog\/#website\",\"url\":\"https:\/\/www.urlaubcornwall.de\/blog\/\",\"name\":\"Urlaub &amp; Reisen\",\"description\":\"Urlaub, Reisen, Cornwall und S\u00fcdengland: eine perfekte Kombination\",\"potentialAction\":[{\"@type\":\"SearchAction\",\"target\":{\"@type\":\"EntryPoint\",\"urlTemplate\":\"https:\/\/www.urlaubcornwall.de\/blog\/?s={search_term_string}\"},\"query-input\":\"required name=search_term_string\"}],\"inLanguage\":\"en-US\"},{\"@type\":\"WebPage\",\"@id\":\"https:\/\/www.urlaubcornwall.de\/blog\/wadebridge\/\",\"url\":\"https:\/\/www.urlaubcornwall.de\/blog\/wadebridge\/\",\"name\":\"Sehensw\u00fcrdigkeiten Wadebridge - Urlaub &amp; Reisen\",\"isPartOf\":{\"@id\":\"https:\/\/www.urlaubcornwall.de\/blog\/#website\"},\"datePublished\":\"2016-03-19T10:44:08+00:00\",\"dateModified\":\"2016-06-03T13:20:15+00:00\",\"breadcrumb\":{\"@id\":\"https:\/\/www.urlaubcornwall.de\/blog\/wadebridge\/#breadcrumb\"},\"inLanguage\":\"en-US\",\"potentialAction\":[{\"@type\":\"ReadAction\",\"target\":[\"https:\/\/www.urlaubcornwall.de\/blog\/wadebridge\/\"]}]},{\"@type\":\"BreadcrumbList\",\"@id\":\"https:\/\/www.urlaubcornwall.de\/blog\/wadebridge\/#breadcrumb\",\"itemListElement\":[{\"@type\":\"ListItem\",\"position\":1,\"name\":\"Home\",\"item\":\"https:\/\/www.urlaubcornwall.de\/blog\/\"},{\"@type\":\"ListItem\",\"position\":2,\"name\":\"Sehensw\u00fcrdigkeiten Wadebridge\"}]}]}<\/script>\n<!-- \/ Yoast SEO plugin. -->","yoast_head_json":{"title":"Sehensw\u00fcrdigkeiten Wadebridge - Urlaub &amp; Reisen","robots":{"index":"index","follow":"follow","max-snippet":"max-snippet:-1","max-image-preview":"max-image-preview:large","max-video-preview":"max-video-preview:-1"},"canonical":"https:\/\/www.urlaubcornwall.de\/blog\/wadebridge\/","og_locale":"en_US","og_type":"article","og_title":"Sehensw\u00fcrdigkeiten Wadebridge - Urlaub &amp; Reisen","og_description":"Urlaubstipps und ein Reisef\u00fchrer f\u00fcr Wadebridge: Insidertipps zur Geschichte, den Attraktionen und was es alles in Wadebridge w\u00e4hrend eines Urlaubs in diesem herrlichen Teil Nordcornwalls zu tun gibt. Wadebridge liegt an der M\u00fcndung des Flusses Camel und war ein gesch\u00e4ftiger Hafen und Zentrum der Wollproduktion. Die Br\u00fccke, die \u00fcber den Fluss f\u00fchrt, stammt aus dem [&hellip;]","og_url":"https:\/\/www.urlaubcornwall.de\/blog\/wadebridge\/","og_site_name":"Urlaub &amp; Reisen","article_modified_time":"2016-06-03T13:20:15+00:00","og_image":[{"url":"https:\/\/www.urlaubcornwall.de\/blog\/wp-content\/uploads\/2016\/03\/radurlaub_suedengland.jpg"}],"twitter_card":"summary","twitter_misc":{"Est. reading time":"1 minute"},"schema":{"@context":"https:\/\/schema.org","@graph":[{"@type":"WebSite","@id":"https:\/\/www.urlaubcornwall.de\/blog\/#website","url":"https:\/\/www.urlaubcornwall.de\/blog\/","name":"Urlaub &amp; Reisen","description":"Urlaub, Reisen, Cornwall und S\u00fcdengland: eine perfekte Kombination","potentialAction":[{"@type":"SearchAction","target":{"@type":"EntryPoint","urlTemplate":"https:\/\/www.urlaubcornwall.de\/blog\/?s={search_term_string}"},"query-input":"required name=search_term_string"}],"inLanguage":"en-US"},{"@type":"WebPage","@id":"https:\/\/www.urlaubcornwall.de\/blog\/wadebridge\/","url":"https:\/\/www.urlaubcornwall.de\/blog\/wadebridge\/","name":"Sehensw\u00fcrdigkeiten Wadebridge - Urlaub &amp; Reisen","isPartOf":{"@id":"https:\/\/www.urlaubcornwall.de\/blog\/#website"},"datePublished":"2016-03-19T10:44:08+00:00","dateModified":"2016-06-03T13:20:15+00:00","breadcrumb":{"@id":"https:\/\/www.urlaubcornwall.de\/blog\/wadebridge\/#breadcrumb"},"inLanguage":"en-US","potentialAction":[{"@type":"ReadAction","target":["https:\/\/www.urlaubcornwall.de\/blog\/wadebridge\/"]}]},{"@type":"BreadcrumbList","@id":"https:\/\/www.urlaubcornwall.de\/blog\/wadebridge\/#breadcrumb","itemListElement":[{"@type":"ListItem","position":1,"name":"Home","item":"https:\/\/www.urlaubcornwall.de\/blog\/"},{"@type":"ListItem","position":2,"name":"Sehensw\u00fcrdigkeiten Wadebridge"}]}]}},"_links":{"self":[{"href":"https:\/\/www.urlaubcornwall.de\/blog\/wp-json\/wp\/v2\/pages\/23341"}],"collection":[{"href":"https:\/\/www.urlaubcornwall.de\/blog\/wp-json\/wp\/v2\/pages"}],"about":[{"href":"https:\/\/www.urlaubcornwall.de\/blog\/wp-json\/wp\/v2\/types\/page"}],"author":[{"embeddable":true,"href":"https:\/\/www.urlaubcornwall.de\/blog\/wp-json\/wp\/v2\/users\/1"}],"replies":[{"embeddable":true,"href":"https:\/\/www.urlaubcornwall.de\/blog\/wp-json\/wp\/v2\/comments?post=23341"}],"version-history":[{"count":7,"href":"https:\/\/www.urlaubcornwall.de\/blog\/wp-json\/wp\/v2\/pages\/23341\/revisions"}],"predecessor-version":[{"id":24474,"href":"https:\/\/www.urlaubcornwall.de\/blog\/wp-json\/wp\/v2\/pages\/23341\/revisions\/24474"}],"wp:attachment":[{"href":"https:\/\/www.urlaubcornwall.de\/blog\/wp-json\/wp\/v2\/media?parent=23341"}],"curies":[{"name":"wp","href":"https:\/\/api.w.org\/{rel}","templated":true}]}}