{"id":23338,"date":"2016-03-19T10:29:37","date_gmt":"2016-03-19T10:29:37","guid":{"rendered":"https:\/\/www.urlaubcornwall.de\/blog\/?page_id=23338"},"modified":"2024-04-12T09:14:41","modified_gmt":"2024-04-12T09:14:41","slug":"port-isaac-fischerdorf-nordkueste-cornwalls","status":"publish","type":"page","link":"https:\/\/www.urlaubcornwall.de\/blog\/port-isaac-fischerdorf-nordkueste-cornwalls\/","title":{"rendered":"Urlaub Port Isaac &#8211; Fischerdorf Nordk\u00fcste Cornwalls"},"content":{"rendered":"<p><img loading=\"lazy\" class=\"aligncenter size-full wp-image-48078\" src=\"https:\/\/www.urlaubcornwall.de\/blog\/wp-content\/uploads\/2024\/03\/port_isaac.jpg\" alt=\"port_isaac\" width=\"750\" height=\"563\" srcset=\"https:\/\/www.urlaubcornwall.de\/blog\/wp-content\/uploads\/2024\/03\/port_isaac.jpg 750w, https:\/\/www.urlaubcornwall.de\/blog\/wp-content\/uploads\/2024\/03\/port_isaac-300x225.jpg 300w\" sizes=\"(max-width: 750px) 100vw, 750px\" \/><\/p>\n<p><a href=\"https:\/\/www.urlaubcornwall.de\/ferienhaeuser-fewos\/port-isaac.html\">Port Isaac ist ein malerisches Fischerdorf<\/a> an der Nordk\u00fcste Cornwalls. Es hat enge Stra\u00dfen, umrahmt von Cottages, die sich bis hinunter zum Hafen schl\u00e4ngeln. Hier landet der t\u00e4gliche Fang der ans\u00e4ssigen Fischer an Fischen, Krabben und Hummern. Das Dorf ist bekannt geworden als Fernsehort der Doc Martin Serie.<\/p>\n<p><a href=\"http:\/\/www.urlaubcornwall.de\/\">UrlaubCornwall.de<\/a> ist ein in Cornwall ans\u00e4ssiges Unternehmen k\u00f6nnen wir uns mit 20 Jahren Erfahrung in der Organisation von Rundreisen durch Cornwall, S\u00fcdwest und S\u00fcdengland r\u00fchmen.<\/p>\n<p>Um Port Isaac in Ihre Rundreise durch Cornwall mit einzugliedern, stellen Sie Ihre <span style=\"text-decoration: underline;\"><a href=\"http:\/\/www.urlaubcornwall.de\/anfrage.php\">Anfrage<\/a><\/span> hier oder w\u00e4hlen Sie ein Ferienhaus aus unserer besten Auswahl <span style=\"text-decoration: underline;\"><a href=\"http:\/\/www.urlaubcornwall.de\/ferienhaeuser-fewos\/port-isaac.html\">handverlesener und inspizierter H\u00e4user<\/a><\/span> aus.<\/p>\n","protected":false},"excerpt":{"rendered":"<p>Port Isaac ist ein malerisches Fischerdorf an der Nordk\u00fcste Cornwalls. Es hat enge Stra\u00dfen, umrahmt von Cottages, die sich bis hinunter zum Hafen schl\u00e4ngeln. Hier landet der t\u00e4gliche Fang der ans\u00e4ssigen Fischer an Fischen, Krabben und Hummern. Das Dorf ist bekannt geworden als Fernsehort der Doc Martin Serie. UrlaubCornwall.de ist ein in Cornwall ans\u00e4ssiges Unternehmen [&hellip;]<\/p>\n","protected":false},"author":1,"featured_media":0,"parent":0,"menu_order":0,"comment_status":"closed","ping_status":"closed","template":"single-four.php","meta":[],"acf":[],"yoast_head":"<!-- This site is optimized with the Yoast SEO plugin v19.4 - https:\/\/yoast.com\/wordpress\/plugins\/seo\/ -->\n<title>Urlaub Port Isaac - Fischerdorf Nordk\u00fcste Cornwalls - Urlaub &amp; Reisen<\/title>\n<meta name=\"robots\" content=\"index, follow, max-snippet:-1, max-image-preview:large, max-video-preview:-1\" \/>\n<link rel=\"canonical\" href=\"https:\/\/www.urlaubcornwall.de\/blog\/port-isaac-fischerdorf-nordkueste-cornwalls\/\" \/>\n<meta property=\"og:locale\" content=\"en_US\" \/>\n<meta property=\"og:type\" content=\"article\" \/>\n<meta property=\"og:title\" content=\"Urlaub Port Isaac - Fischerdorf Nordk\u00fcste Cornwalls - Urlaub &amp; Reisen\" \/>\n<meta property=\"og:description\" content=\"Port Isaac ist ein malerisches Fischerdorf an der Nordk\u00fcste Cornwalls. Es hat enge Stra\u00dfen, umrahmt von Cottages, die sich bis hinunter zum Hafen schl\u00e4ngeln. Hier landet der t\u00e4gliche Fang der ans\u00e4ssigen Fischer an Fischen, Krabben und Hummern. Das Dorf ist bekannt geworden als Fernsehort der Doc Martin Serie. UrlaubCornwall.de ist ein in Cornwall ans\u00e4ssiges Unternehmen [&hellip;]\" \/>\n<meta property=\"og:url\" content=\"https:\/\/www.urlaubcornwall.de\/blog\/port-isaac-fischerdorf-nordkueste-cornwalls\/\" \/>\n<meta property=\"og:site_name\" content=\"Urlaub &amp; Reisen\" \/>\n<meta property=\"article:modified_time\" content=\"2024-04-12T09:14:41+00:00\" \/>\n<meta property=\"og:image\" content=\"https:\/\/www.urlaubcornwall.de\/blog\/wp-content\/uploads\/2024\/03\/port_isaac.jpg\" \/>\n<meta name=\"twitter:card\" content=\"summary\" \/>\n<meta name=\"twitter:label1\" content=\"Est. reading time\" \/>\n\t<meta name=\"twitter:data1\" content=\"1 minute\" \/>\n<script type=\"application\/ld+json\" class=\"yoast-schema-graph\">{\"@context\":\"https:\/\/schema.org\",\"@graph\":[{\"@type\":\"WebSite\",\"@id\":\"https:\/\/www.urlaubcornwall.de\/blog\/#website\",\"url\":\"https:\/\/www.urlaubcornwall.de\/blog\/\",\"name\":\"Urlaub &amp; Reisen\",\"description\":\"Urlaub, Reisen, Cornwall und S\u00fcdengland: eine perfekte Kombination\",\"potentialAction\":[{\"@type\":\"SearchAction\",\"target\":{\"@type\":\"EntryPoint\",\"urlTemplate\":\"https:\/\/www.urlaubcornwall.de\/blog\/?s={search_term_string}\"},\"query-input\":\"required name=search_term_string\"}],\"inLanguage\":\"en-US\"},{\"@type\":\"WebPage\",\"@id\":\"https:\/\/www.urlaubcornwall.de\/blog\/port-isaac-fischerdorf-nordkueste-cornwalls\/\",\"url\":\"https:\/\/www.urlaubcornwall.de\/blog\/port-isaac-fischerdorf-nordkueste-cornwalls\/\",\"name\":\"Urlaub Port Isaac - Fischerdorf Nordk\u00fcste Cornwalls - Urlaub &amp; Reisen\",\"isPartOf\":{\"@id\":\"https:\/\/www.urlaubcornwall.de\/blog\/#website\"},\"datePublished\":\"2016-03-19T10:29:37+00:00\",\"dateModified\":\"2024-04-12T09:14:41+00:00\",\"breadcrumb\":{\"@id\":\"https:\/\/www.urlaubcornwall.de\/blog\/port-isaac-fischerdorf-nordkueste-cornwalls\/#breadcrumb\"},\"inLanguage\":\"en-US\",\"potentialAction\":[{\"@type\":\"ReadAction\",\"target\":[\"https:\/\/www.urlaubcornwall.de\/blog\/port-isaac-fischerdorf-nordkueste-cornwalls\/\"]}]},{\"@type\":\"BreadcrumbList\",\"@id\":\"https:\/\/www.urlaubcornwall.de\/blog\/port-isaac-fischerdorf-nordkueste-cornwalls\/#breadcrumb\",\"itemListElement\":[{\"@type\":\"ListItem\",\"position\":1,\"name\":\"Home\",\"item\":\"https:\/\/www.urlaubcornwall.de\/blog\/\"},{\"@type\":\"ListItem\",\"position\":2,\"name\":\"Urlaub Port Isaac &#8211; Fischerdorf Nordk\u00fcste Cornwalls\"}]}]}<\/script>\n<!-- \/ Yoast SEO plugin. -->","yoast_head_json":{"title":"Urlaub Port Isaac - Fischerdorf Nordk\u00fcste Cornwalls - Urlaub &amp; Reisen","robots":{"index":"index","follow":"follow","max-snippet":"max-snippet:-1","max-image-preview":"max-image-preview:large","max-video-preview":"max-video-preview:-1"},"canonical":"https:\/\/www.urlaubcornwall.de\/blog\/port-isaac-fischerdorf-nordkueste-cornwalls\/","og_locale":"en_US","og_type":"article","og_title":"Urlaub Port Isaac - Fischerdorf Nordk\u00fcste Cornwalls - Urlaub &amp; Reisen","og_description":"Port Isaac ist ein malerisches Fischerdorf an der Nordk\u00fcste Cornwalls. Es hat enge Stra\u00dfen, umrahmt von Cottages, die sich bis hinunter zum Hafen schl\u00e4ngeln. Hier landet der t\u00e4gliche Fang der ans\u00e4ssigen Fischer an Fischen, Krabben und Hummern. Das Dorf ist bekannt geworden als Fernsehort der Doc Martin Serie. UrlaubCornwall.de ist ein in Cornwall ans\u00e4ssiges Unternehmen [&hellip;]","og_url":"https:\/\/www.urlaubcornwall.de\/blog\/port-isaac-fischerdorf-nordkueste-cornwalls\/","og_site_name":"Urlaub &amp; Reisen","article_modified_time":"2024-04-12T09:14:41+00:00","og_image":[{"url":"https:\/\/www.urlaubcornwall.de\/blog\/wp-content\/uploads\/2024\/03\/port_isaac.jpg"}],"twitter_card":"summary","twitter_misc":{"Est. reading time":"1 minute"},"schema":{"@context":"https:\/\/schema.org","@graph":[{"@type":"WebSite","@id":"https:\/\/www.urlaubcornwall.de\/blog\/#website","url":"https:\/\/www.urlaubcornwall.de\/blog\/","name":"Urlaub &amp; Reisen","description":"Urlaub, Reisen, Cornwall und S\u00fcdengland: eine perfekte Kombination","potentialAction":[{"@type":"SearchAction","target":{"@type":"EntryPoint","urlTemplate":"https:\/\/www.urlaubcornwall.de\/blog\/?s={search_term_string}"},"query-input":"required name=search_term_string"}],"inLanguage":"en-US"},{"@type":"WebPage","@id":"https:\/\/www.urlaubcornwall.de\/blog\/port-isaac-fischerdorf-nordkueste-cornwalls\/","url":"https:\/\/www.urlaubcornwall.de\/blog\/port-isaac-fischerdorf-nordkueste-cornwalls\/","name":"Urlaub Port Isaac - Fischerdorf Nordk\u00fcste Cornwalls - Urlaub &amp; Reisen","isPartOf":{"@id":"https:\/\/www.urlaubcornwall.de\/blog\/#website"},"datePublished":"2016-03-19T10:29:37+00:00","dateModified":"2024-04-12T09:14:41+00:00","breadcrumb":{"@id":"https:\/\/www.urlaubcornwall.de\/blog\/port-isaac-fischerdorf-nordkueste-cornwalls\/#breadcrumb"},"inLanguage":"en-US","potentialAction":[{"@type":"ReadAction","target":["https:\/\/www.urlaubcornwall.de\/blog\/port-isaac-fischerdorf-nordkueste-cornwalls\/"]}]},{"@type":"BreadcrumbList","@id":"https:\/\/www.urlaubcornwall.de\/blog\/port-isaac-fischerdorf-nordkueste-cornwalls\/#breadcrumb","itemListElement":[{"@type":"ListItem","position":1,"name":"Home","item":"https:\/\/www.urlaubcornwall.de\/blog\/"},{"@type":"ListItem","position":2,"name":"Urlaub Port Isaac &#8211; Fischerdorf Nordk\u00fcste Cornwalls"}]}]}},"_links":{"self":[{"href":"https:\/\/www.urlaubcornwall.de\/blog\/wp-json\/wp\/v2\/pages\/23338"}],"collection":[{"href":"https:\/\/www.urlaubcornwall.de\/blog\/wp-json\/wp\/v2\/pages"}],"about":[{"href":"https:\/\/www.urlaubcornwall.de\/blog\/wp-json\/wp\/v2\/types\/page"}],"author":[{"embeddable":true,"href":"https:\/\/www.urlaubcornwall.de\/blog\/wp-json\/wp\/v2\/users\/1"}],"replies":[{"embeddable":true,"href":"https:\/\/www.urlaubcornwall.de\/blog\/wp-json\/wp\/v2\/comments?post=23338"}],"version-history":[{"count":8,"href":"https:\/\/www.urlaubcornwall.de\/blog\/wp-json\/wp\/v2\/pages\/23338\/revisions"}],"predecessor-version":[{"id":49229,"href":"https:\/\/www.urlaubcornwall.de\/blog\/wp-json\/wp\/v2\/pages\/23338\/revisions\/49229"}],"wp:attachment":[{"href":"https:\/\/www.urlaubcornwall.de\/blog\/wp-json\/wp\/v2\/media?parent=23338"}],"curies":[{"name":"wp","href":"https:\/\/api.w.org\/{rel}","templated":true}]}}