{"id":23325,"date":"2016-03-15T15:47:42","date_gmt":"2016-03-15T15:47:42","guid":{"rendered":"https:\/\/www.urlaubcornwall.de\/blog\/?page_id=23325"},"modified":"2024-04-29T15:59:53","modified_gmt":"2024-04-29T15:59:53","slug":"sehenswuerdigkeiten-bodmin-bodmin-moor","status":"publish","type":"page","link":"https:\/\/www.urlaubcornwall.de\/blog\/sehenswuerdigkeiten-bodmin-bodmin-moor\/","title":{"rendered":"Sehensw\u00fcrdigkeiten Bodmin &#038; Bodmin Moor"},"content":{"rendered":"<p><img loading=\"lazy\" class=\"aligncenter size-full wp-image-23327\" src=\"https:\/\/www.urlaubcornwall.de\/blog\/wp-content\/uploads\/2016\/03\/bodmin-urlaub.jpg\" alt=\"bodmin urlaub\" width=\"748\" height=\"360\" srcset=\"https:\/\/www.urlaubcornwall.de\/blog\/wp-content\/uploads\/2016\/03\/bodmin-urlaub.jpg 745w, https:\/\/www.urlaubcornwall.de\/blog\/wp-content\/uploads\/2016\/03\/bodmin-urlaub-300x145.jpg 300w\" sizes=\"(max-width: 748px) 100vw, 748px\" \/><\/p>\n<p>Die kleine Stadt <a href=\"http:\/\/www.urlaubcornwall.de\/ferienhaeuser-fewos\/bodmin.html\">Bodmin<\/a> war einst Hauptstadt Cornwalls, bis sie diesen Status an <a href=\"http:\/\/www.urlaubcornwall.de\/ferienhaeuser-fewos\/truro.html\">Truro<\/a> verlor. Es ist eine der \u00e4ltesten St\u00e4dte Cornwalls und die einzige Stadt in Cornwall, die in den Doomsday B\u00fcchern erw\u00e4hnt wird. Der heilige Petroc hat hier ein Kloster gegr\u00fcndet, und die Kirche aus dem 15. Jahrhundert, die nach ihm benannt ist, ist neben der Kathedrale Truros die gr\u00f6\u00dfte Kirche in Cornwall.<\/p>\n<p><strong>Besuchenswerte Orte<\/strong><\/p>\n<p>Das Bodmin Gef\u00e4ngnis wurde 1779 w\u00e4hrend der Herrschaft von K\u00f6nig Georg III mit 20 000 Tonnen Granit aus Bodmins \u2018Cuckoo Quarry\u2019 (Steinbruch) erbaut. Heute ist es eine Familienattraktion mit faszinierenden Exponaten, die die Geschichte dieses dunklen, mysteri\u00f6sen Ortes erz\u00e4hlen<strong>.<\/strong><\/p>\n<p>Es gibt das ganze Jahr \u00fcber besondere Veranstaltungen, und \u201eVeranstaltungen nach Einbruch der Dunkelheit\u201c finden an bestimmten Abenden statt.<\/p>\n<p>Die Bodmin und Wenford Bahnlinie ist eine Dampfdieselbahn und gibt die M\u00f6glichkeit, die Landschaft um Bodmin herum zu erkunden. Der Bahnhof am Bodmin Parkway ist durch einen 3km langen Pfad mit Lanhydrock verkn\u00fcpft. Auch gibt es direkten Zugang zum Camel Trail von der Anschlussstelle Boscarne aus und vom Colesslogget Haltepunkt zu den Cardinham W\u00e4ldern.<\/p>\n<p>Bodmin Moor ist Cornwalls gr\u00f6\u00dftes Gebiet an Hochmoor und von der A30 durchschnitten. Die \u00f6stliche Seite ist weniger wild und zerkl\u00fcftet als die felsigen K\u00e4mme des \u2018Brown Willy\u2019 und \u2018Rough Tor\u2019 im Westen. Der Granit vom Cheesewring Steinbruch am Dorf Minions wurde zum Bau des Devonport Dockyards, der Birkenhead Docks und Teilen des Copenhagen Harbours verwendet. Er wurde auch zum Bau der D\u00e4mme der Themse, Westminsters und der Tower Bridges benutzt. Heute k\u00f6nnen Sie das j\u00fcngst restaurierte Housemans Engine House besichtigen mit einer Ausstellung zur Geschichte und Natur der Gegend. Es gibt auch fr\u00fche Monumente der Bronzezeit, einschlie\u00dflich der Steinkreise, die unter \u2018Hurlers\u2019 bekannt sind. Westlich flie\u00dft der Fluss Fowey vom nahe gelegenen Jamaica Inn bei Bolventor durch die malerische bewaldete Schlucht zwischen Draynes Bridge und Treverby Bridge, ergie\u00dft sich weiter durch die Golitha Falls, einem Naturreservat von gro\u00dfer Bedeutung.<\/p>\n<div class=\"snippet\"> <a class=\"featured-item\" href=\"https:\/\/www.urlaubcornwall.de\/ferienhaeuser\/cornwall.php\"> <span class=\"image-holder\" style=\"background-image: url('https:\/\/www.urlaubcornwall.de\/blog\/wp-content\/uploads\/2024\/03\/ferienhaus-england-cornwall.jpg');\"><\/span> <span class=\"featured-content\"> \n<h2 class=\"featured-title\">Ferienh\u00e4user in Cornwall<\/h2>\n<p class=\"featured-body\">Cornwall besitzt mehr K\u00fcstenlinien als jede andere Grafschaft und bietet einige der besten Str\u00e4nde, K\u00fcstenwanderwege und Klippenlandschaften, die man \u00fcberhaupt finden kann&#8230; <\/p><\/span> <span class=\"featured-link-holder\"> <span class=\"featured-extra-info\"> \n<p>F\u00fcr Paare, Familien &#038; Gruppen<\/p>\n<\/span> \n<p class=\"featured-link\">DETAILS<\/p>\n<\/span> <\/a><\/div>\n<p><img loading=\"lazy\" class=\"aligncenter size-full wp-image-16585\" src=\"https:\/\/www.urlaubcornwall.de\/blog\/wp-content\/uploads\/2014\/09\/Lanhydrock.jpg\" alt=\"Lanhydrock garten herrenhaus\" width=\"741\" height=\"358\" srcset=\"https:\/\/www.urlaubcornwall.de\/blog\/wp-content\/uploads\/2014\/09\/Lanhydrock.jpg 741w, https:\/\/www.urlaubcornwall.de\/blog\/wp-content\/uploads\/2014\/09\/Lanhydrock-300x144.jpg 300w\" sizes=\"(max-width: 741px) 100vw, 741px\" \/><\/p>\n<p>Lanhydrock ist eine herrliche Villa des 17. Jahrhunderts, im Fowey Valley gelegen und eines der prachtvollsten Landh\u00e4user Englands. Es war das Zuhause der Agar-Robartes Familie, bis es 1953 der National Trust \u00fcbernahm. Es gibt \u00fcber 50 R\u00e4ume zu entdecken, und Sie werden den Kontrast erkennen zwischen dem Leben der Bediensteten \u201aunten\u2018 und den eleganten Familienr\u00e4umen \u201aoben\u2018. Die G\u00e4rten sind das ganze Jahr \u00fcber herrlich, wie auch die alten Waldgebiete und ruhigen Pfade entlang des Flusses. Es gibt Radfahrstrecken f\u00fcr die gesamte Familie und einen Fahrradverleih.<\/p>\n<p>Restmorel Castle liegt bei Lostwithiel. Die Burg wurde zu normannischen Zeiten um 1100 errichtet und ist aufgrund ihrer perfekt runden Form ungew\u00f6hnlich. Der Gro\u00dfteil der Ruine ist gut erhalten, und von hier aus haben Sie einen fantastischen Blick \u00fcber das Tal Fowey.<\/p>\n","protected":false},"excerpt":{"rendered":"<p>Die kleine Stadt Bodmin war einst Hauptstadt Cornwalls, bis sie diesen Status an Truro verlor. Es ist eine der \u00e4ltesten St\u00e4dte Cornwalls und die einzige Stadt in Cornwall, die in den Doomsday B\u00fcchern erw\u00e4hnt wird. Der heilige Petroc hat hier ein Kloster gegr\u00fcndet, und die Kirche aus dem 15. Jahrhundert, die nach ihm benannt ist, [&hellip;]<\/p>\n","protected":false},"author":1,"featured_media":0,"parent":0,"menu_order":0,"comment_status":"closed","ping_status":"closed","template":"single-four.php","meta":[],"acf":[],"yoast_head":"<!-- This site is optimized with the Yoast SEO plugin v19.4 - https:\/\/yoast.com\/wordpress\/plugins\/seo\/ -->\n<title>Sehensw\u00fcrdigkeiten Bodmin &amp; Bodmin Moor - Urlaub &amp; Reisen<\/title>\n<meta name=\"robots\" content=\"index, follow, max-snippet:-1, max-image-preview:large, max-video-preview:-1\" \/>\n<link rel=\"canonical\" href=\"https:\/\/www.urlaubcornwall.de\/blog\/sehenswuerdigkeiten-bodmin-bodmin-moor\/\" \/>\n<meta property=\"og:locale\" content=\"en_US\" \/>\n<meta property=\"og:type\" content=\"article\" \/>\n<meta property=\"og:title\" content=\"Sehensw\u00fcrdigkeiten Bodmin &amp; Bodmin Moor - Urlaub &amp; Reisen\" \/>\n<meta property=\"og:description\" content=\"Die kleine Stadt Bodmin war einst Hauptstadt Cornwalls, bis sie diesen Status an Truro verlor. Es ist eine der \u00e4ltesten St\u00e4dte Cornwalls und die einzige Stadt in Cornwall, die in den Doomsday B\u00fcchern erw\u00e4hnt wird. Der heilige Petroc hat hier ein Kloster gegr\u00fcndet, und die Kirche aus dem 15. Jahrhundert, die nach ihm benannt ist, [&hellip;]\" \/>\n<meta property=\"og:url\" content=\"https:\/\/www.urlaubcornwall.de\/blog\/sehenswuerdigkeiten-bodmin-bodmin-moor\/\" \/>\n<meta property=\"og:site_name\" content=\"Urlaub &amp; Reisen\" \/>\n<meta property=\"article:modified_time\" content=\"2024-04-29T15:59:53+00:00\" \/>\n<meta property=\"og:image\" content=\"https:\/\/www.urlaubcornwall.de\/blog\/wp-content\/uploads\/2016\/03\/bodmin-urlaub.jpg\" \/>\n<meta name=\"twitter:card\" content=\"summary\" \/>\n<meta name=\"twitter:label1\" content=\"Est. reading time\" \/>\n\t<meta name=\"twitter:data1\" content=\"3 minutes\" \/>\n<script type=\"application\/ld+json\" class=\"yoast-schema-graph\">{\"@context\":\"https:\/\/schema.org\",\"@graph\":[{\"@type\":\"WebSite\",\"@id\":\"https:\/\/www.urlaubcornwall.de\/blog\/#website\",\"url\":\"https:\/\/www.urlaubcornwall.de\/blog\/\",\"name\":\"Urlaub &amp; Reisen\",\"description\":\"Urlaub, Reisen, Cornwall und S\u00fcdengland: eine perfekte Kombination\",\"potentialAction\":[{\"@type\":\"SearchAction\",\"target\":{\"@type\":\"EntryPoint\",\"urlTemplate\":\"https:\/\/www.urlaubcornwall.de\/blog\/?s={search_term_string}\"},\"query-input\":\"required name=search_term_string\"}],\"inLanguage\":\"en-US\"},{\"@type\":\"WebPage\",\"@id\":\"https:\/\/www.urlaubcornwall.de\/blog\/sehenswuerdigkeiten-bodmin-bodmin-moor\/\",\"url\":\"https:\/\/www.urlaubcornwall.de\/blog\/sehenswuerdigkeiten-bodmin-bodmin-moor\/\",\"name\":\"Sehensw\u00fcrdigkeiten Bodmin & Bodmin Moor - Urlaub &amp; Reisen\",\"isPartOf\":{\"@id\":\"https:\/\/www.urlaubcornwall.de\/blog\/#website\"},\"datePublished\":\"2016-03-15T15:47:42+00:00\",\"dateModified\":\"2024-04-29T15:59:53+00:00\",\"breadcrumb\":{\"@id\":\"https:\/\/www.urlaubcornwall.de\/blog\/sehenswuerdigkeiten-bodmin-bodmin-moor\/#breadcrumb\"},\"inLanguage\":\"en-US\",\"potentialAction\":[{\"@type\":\"ReadAction\",\"target\":[\"https:\/\/www.urlaubcornwall.de\/blog\/sehenswuerdigkeiten-bodmin-bodmin-moor\/\"]}]},{\"@type\":\"BreadcrumbList\",\"@id\":\"https:\/\/www.urlaubcornwall.de\/blog\/sehenswuerdigkeiten-bodmin-bodmin-moor\/#breadcrumb\",\"itemListElement\":[{\"@type\":\"ListItem\",\"position\":1,\"name\":\"Home\",\"item\":\"https:\/\/www.urlaubcornwall.de\/blog\/\"},{\"@type\":\"ListItem\",\"position\":2,\"name\":\"Sehensw\u00fcrdigkeiten Bodmin &#038; Bodmin Moor\"}]}]}<\/script>\n<!-- \/ Yoast SEO plugin. -->","yoast_head_json":{"title":"Sehensw\u00fcrdigkeiten Bodmin & Bodmin Moor - Urlaub &amp; Reisen","robots":{"index":"index","follow":"follow","max-snippet":"max-snippet:-1","max-image-preview":"max-image-preview:large","max-video-preview":"max-video-preview:-1"},"canonical":"https:\/\/www.urlaubcornwall.de\/blog\/sehenswuerdigkeiten-bodmin-bodmin-moor\/","og_locale":"en_US","og_type":"article","og_title":"Sehensw\u00fcrdigkeiten Bodmin & Bodmin Moor - Urlaub &amp; Reisen","og_description":"Die kleine Stadt Bodmin war einst Hauptstadt Cornwalls, bis sie diesen Status an Truro verlor. Es ist eine der \u00e4ltesten St\u00e4dte Cornwalls und die einzige Stadt in Cornwall, die in den Doomsday B\u00fcchern erw\u00e4hnt wird. Der heilige Petroc hat hier ein Kloster gegr\u00fcndet, und die Kirche aus dem 15. Jahrhundert, die nach ihm benannt ist, [&hellip;]","og_url":"https:\/\/www.urlaubcornwall.de\/blog\/sehenswuerdigkeiten-bodmin-bodmin-moor\/","og_site_name":"Urlaub &amp; Reisen","article_modified_time":"2024-04-29T15:59:53+00:00","og_image":[{"url":"https:\/\/www.urlaubcornwall.de\/blog\/wp-content\/uploads\/2016\/03\/bodmin-urlaub.jpg"}],"twitter_card":"summary","twitter_misc":{"Est. reading time":"3 minutes"},"schema":{"@context":"https:\/\/schema.org","@graph":[{"@type":"WebSite","@id":"https:\/\/www.urlaubcornwall.de\/blog\/#website","url":"https:\/\/www.urlaubcornwall.de\/blog\/","name":"Urlaub &amp; Reisen","description":"Urlaub, Reisen, Cornwall und S\u00fcdengland: eine perfekte Kombination","potentialAction":[{"@type":"SearchAction","target":{"@type":"EntryPoint","urlTemplate":"https:\/\/www.urlaubcornwall.de\/blog\/?s={search_term_string}"},"query-input":"required name=search_term_string"}],"inLanguage":"en-US"},{"@type":"WebPage","@id":"https:\/\/www.urlaubcornwall.de\/blog\/sehenswuerdigkeiten-bodmin-bodmin-moor\/","url":"https:\/\/www.urlaubcornwall.de\/blog\/sehenswuerdigkeiten-bodmin-bodmin-moor\/","name":"Sehensw\u00fcrdigkeiten Bodmin & Bodmin Moor - Urlaub &amp; Reisen","isPartOf":{"@id":"https:\/\/www.urlaubcornwall.de\/blog\/#website"},"datePublished":"2016-03-15T15:47:42+00:00","dateModified":"2024-04-29T15:59:53+00:00","breadcrumb":{"@id":"https:\/\/www.urlaubcornwall.de\/blog\/sehenswuerdigkeiten-bodmin-bodmin-moor\/#breadcrumb"},"inLanguage":"en-US","potentialAction":[{"@type":"ReadAction","target":["https:\/\/www.urlaubcornwall.de\/blog\/sehenswuerdigkeiten-bodmin-bodmin-moor\/"]}]},{"@type":"BreadcrumbList","@id":"https:\/\/www.urlaubcornwall.de\/blog\/sehenswuerdigkeiten-bodmin-bodmin-moor\/#breadcrumb","itemListElement":[{"@type":"ListItem","position":1,"name":"Home","item":"https:\/\/www.urlaubcornwall.de\/blog\/"},{"@type":"ListItem","position":2,"name":"Sehensw\u00fcrdigkeiten Bodmin &#038; Bodmin Moor"}]}]}},"_links":{"self":[{"href":"https:\/\/www.urlaubcornwall.de\/blog\/wp-json\/wp\/v2\/pages\/23325"}],"collection":[{"href":"https:\/\/www.urlaubcornwall.de\/blog\/wp-json\/wp\/v2\/pages"}],"about":[{"href":"https:\/\/www.urlaubcornwall.de\/blog\/wp-json\/wp\/v2\/types\/page"}],"author":[{"embeddable":true,"href":"https:\/\/www.urlaubcornwall.de\/blog\/wp-json\/wp\/v2\/users\/1"}],"replies":[{"embeddable":true,"href":"https:\/\/www.urlaubcornwall.de\/blog\/wp-json\/wp\/v2\/comments?post=23325"}],"version-history":[{"count":13,"href":"https:\/\/www.urlaubcornwall.de\/blog\/wp-json\/wp\/v2\/pages\/23325\/revisions"}],"predecessor-version":[{"id":49934,"href":"https:\/\/www.urlaubcornwall.de\/blog\/wp-json\/wp\/v2\/pages\/23325\/revisions\/49934"}],"wp:attachment":[{"href":"https:\/\/www.urlaubcornwall.de\/blog\/wp-json\/wp\/v2\/media?parent=23325"}],"curies":[{"name":"wp","href":"https:\/\/api.w.org\/{rel}","templated":true}]}}