{"id":23319,"date":"2016-03-15T14:06:42","date_gmt":"2016-03-15T14:06:42","guid":{"rendered":"https:\/\/www.urlaubcornwall.de\/blog\/?page_id=23319"},"modified":"2024-05-29T11:51:49","modified_gmt":"2024-05-29T11:51:49","slug":"sehenswuerdigkeiten-bude-nordcornwall","status":"publish","type":"page","link":"https:\/\/www.urlaubcornwall.de\/blog\/sehenswuerdigkeiten-bude-nordcornwall\/","title":{"rendered":"Sehensw\u00fcrdigkeiten Bude &#038; Nordcornwall"},"content":{"rendered":"<p><a href=\"https:\/\/www.urlaubcornwall.de\/blog\/wp-content\/uploads\/2021\/10\/bude-summerleaze-strand.jpg\"><img loading=\"lazy\" src=\"https:\/\/www.urlaubcornwall.de\/blog\/wp-content\/uploads\/2021\/10\/bude-summerleaze-strand.jpg\" alt=\"bude summerleaze strand\" width=\"750\" height=\"556\" class=\"alignnone size-full wp-image-43345\" srcset=\"https:\/\/www.urlaubcornwall.de\/blog\/wp-content\/uploads\/2021\/10\/bude-summerleaze-strand.jpg 750w, https:\/\/www.urlaubcornwall.de\/blog\/wp-content\/uploads\/2021\/10\/bude-summerleaze-strand-300x222.jpg 300w\" sizes=\"(max-width: 750px) 100vw, 750px\" \/><\/a><\/p>\n<p>Ein Reisef\u00fchrer f\u00fcr Bude &amp; Nord Cornwall: Insidertipps zur Geschichte, den Attraktionen und was es alles in <span style=\"text-decoration: underline;\"><a href=\"http:\/\/www.urlaubcornwall.de\/ferienhaeuser-fewos\/bude.html\">Bude<\/a><\/span> w\u00e4hrend eines Urlaubs in diesem herrlichen Teil Nordcornwalls zu tun gibt.<\/p>\n<p>Bude an <a href=\"https:\/\/www.urlaubcornwall.de\/ferienhaeuser-fewos\/nordkueste-cornwall.html\">Cornwalls Nordk\u00fcste<\/a> an der Grenze zu Devon ist ein gro\u00dfartiger Familienurlaubsort mit Blick \u00fcber die Bucht Bude mit ihren goldenen Sandstr\u00e4nden. Die Stadt hat eine Menge zu bieten und zieht schon seit viktorianischen Zeiten Urlauber an.<\/p>\n<p><strong>Str\u00e4nde<\/strong><\/p>\n<p>Die beiden Str\u00e4nde der Stadt Bude sind Summerleaze und Crooklets. Summerleaze, ein breiter Sandstrand, ist der Hauptstrand und einer der beliebtesten Str\u00e4nde der Gegend. F\u00fcr Familien und Surfer gleicherma\u00dfen geeignet, bietet er weitere Wassersportm\u00f6glichkeiten wie Kajaken und Hochseefischen. Es gibt auch einen halbnat\u00fcrlichen Meereswasser-Swimmingpool, in dem es sich kostenfrei und sicher baden l\u00e4sst.<\/p>\n<div class=\"snippet\"> <a class=\"featured-item\" href=\"https:\/\/www.urlaubcornwall.de\/ferienhaeuser\/cornwall.php\"> <span class=\"image-holder\" style=\"background-image: url('https:\/\/www.urlaubcornwall.de\/blog\/wp-content\/uploads\/2024\/03\/ferienhaus-england-cornwall.jpg');\"><\/span> <span class=\"featured-content\"> \n<h2 class=\"featured-title\">Ferienh\u00e4user in Cornwall<\/h2>\n<p class=\"featured-body\">Cornwall besitzt mehr K\u00fcstenlinien als jede andere Grafschaft und bietet einige der besten Str\u00e4nde, K\u00fcstenwanderwege und Klippenlandschaften, die man \u00fcberhaupt finden kann&#8230; <\/p><\/span> <span class=\"featured-link-holder\"> <span class=\"featured-extra-info\"> \n<p>F\u00fcr Paare, Familien &#038; Gruppen<\/p>\n<\/span> \n<p class=\"featured-link\">DETAILS<\/p>\n<\/span> <\/a><\/div>\n<p>Der Crooklets Strand besteht aus Kieseln und Sand und bei Ebbe einigen gro\u00dfartigen Felsenpools. Wie Summerleaze eignet auch er sich gro\u00dfartig zum Surfen. Beide Str\u00e4nde haben Strandh\u00fctten, die man mieten kann. Summerleaze ist ein hundefreundlicher Strand, Crooklets dagegen nicht.<br \/>\n<img loading=\"lazy\" class=\"aligncenter size-full wp-image-23320\" src=\"https:\/\/www.urlaubcornwall.de\/blog\/wp-content\/uploads\/2016\/03\/ferienhaus-bude_1.jpg\" alt=\"ferienhaus bude\" width=\"748\" height=\"369\"\/><\/p>\n<p>N\u00f6rdlich von Bude befindet sich Duckpool, eine wilde und romantische Bucht im Besitz des National Trust. Sie hat eine Menge Felsenpools, eignet sich jedoch nicht zum Schwimmen oder Surfen. In dieser ruhigen Umgebung am bewaldeten Coombe Tal sind die zerkl\u00fcfteten Klippen bedeckt mit Wildblumen.<\/p>\n<p>Northcott Mouth, 4,8 km n\u00f6rdlich von Bude ist ein weiterer National Trust Strand. Mit hoch aufragenden Klippen beiderseits eignet sich dieser wundersch\u00f6ne Strand hervorragend f\u00fcr Familien und Hunde und ist weniger \u00fcberlaufen als die Hauptstr\u00e4nde Budes.<\/p>\n<p>Der Sandymouth Strand ist ein wundersch\u00f6ner unber\u00fchrter Strand 8km n\u00f6rdlich von Bude. Er ist im Besitz des National Trust, unterhalb dramatischer Klippen gelegen mit herrlichen Felsenpools und einem Wasserfall. Es ist ein etwas steiler Weg hinunter zum Strand und somit nicht geeignet f\u00fcr die weniger Beweglichen und Kleinkinder.<\/p>\n<div class=\"snippet\"> <a class=\"featured-item\" href=\"https:\/\/www.urlaubcornwall.de\/rundreisen\/cornwall-suedengland.php\"> <span class=\"image-holder\" style=\"background-image: url('https:\/\/www.urlaubcornwall.de\/blog\/wp-content\/uploads\/2019\/01\/DiTn0QVWsAIOgjG.jpg');\"><\/span> <span class=\"featured-content\"> \n<h2 class=\"featured-title\">Rundreisen Cornwall &#038; S\u00fcdengland eine perfekte Kombination<\/h2>\n<p class=\"featured-body\">Die perfekte Reisem\u00f6glichkeit und erm\u00f6glicht es Ihnen, Entdeckungen zu machen und einen Urlaub im eigenen Schritttempo&#8230;.<\/p><\/span> <span class=\"featured-link-holder\"> <span class=\"featured-extra-info\"> \n<p>F\u00fcr Paare, Familien &#038; Gruppen<\/p>\n<\/span> \n<p class=\"featured-link\">DETAILS<\/p>\n<\/span> <\/a><\/div>\n<p>><\/p>\n<p>3km s\u00fcdlich von Bude befindet sich die Widemouth Bucht. Sie erscheint als ein einziger langer Strand von 2,4km, ist jedoch getrennt in Norden und S\u00fcden (der S\u00fcdstrand wird auch Black Rock genannt) von den schwarzen Felsen, die sich durch die Mitte ziehen. Er ist ideal zum Schwimmen und Surfen.<\/p>\n<p>Millook Haven Beach befindet sich ungef\u00e4hr 8km s\u00fcdlich von Bude und eignet sich nicht zum Schwimmen, Surfen oder im Sand zu marschieren. Es ist ein Kieselstrand unterhalb der imposanten Penalt Klippen. Er ist herrlich, um Tierleben, Seehunde, Delfine und Seev\u00f6gel zu beobachten.<\/p>\n<p>Der Kanal Bude wurde im 19. Jahrhundert erbaut, um den an Calcium reichen Sand zu den Bauernh\u00f6fen zu transportieren. Heute allerdings k\u00f6nnen Sie Kanus, Kajaks oder Tretboote mieten und den Kanal genie\u00dfen, der ein Paradies f\u00fcr Tierleben ist. Der Pfad entlang des Kanals ist ebenerdig und somit gro\u00dfartig zum Radfahren, f\u00fcr Kinderw\u00e4gen und Rollst\u00fchle.<\/p>\n<p>Crackington Haven bei Bude ist ein kleines K\u00fcstendorf in einem Gebiet hervorragender Natursch\u00f6nheit. Es war einst ein kleiner Hafen, doch nun ist es ein abgeschiedener Strand und eine Bucht, ideal f\u00fcr Familien. Wenn Sie sich dem Dorf n\u00e4hern, haben Sie einen spektakul\u00e4ren Blick; die Gegend hat auch einige gro\u00dfartige K\u00fcstenwanderungen entlang der Klippen zu bieten.<\/p>\n<p><a href=\"https:\/\/www.urlaubcornwall.de\/ferienhaeuser-fewos\/morwenstow.html\">Morwenstow ist das n\u00f6rdlichste cornische Dorf<\/a> in einem Gebiet dramatischer K\u00fcste und gesch\u00fctzten bewaldeten T\u00e4lern. Neben seiner Natursch\u00f6nheit ist Morwenstow auch bekannt durch Robert Stephen Hawker, einen exzentrischen viktorianischen Pfarrer und Dichter. Hawkers Hut geh\u00f6rt dem National Trust, aus Treibholz auf den Klippen errichtet. Hier schrieb er viele seiner Gedichte und Predigten, darunter auch Cornwalls Hymne Trelawny. Er barg die Leichen zahlreicher schiffbr\u00fcchiger Seeleute und gab ihnen eine angemessene Bestattung.<\/p>\n","protected":false},"excerpt":{"rendered":"<p>Ein Reisef\u00fchrer f\u00fcr Bude &amp; Nord Cornwall: Insidertipps zur Geschichte, den Attraktionen und was es alles in Bude w\u00e4hrend eines Urlaubs in diesem herrlichen Teil Nordcornwalls zu tun gibt. Bude an Cornwalls Nordk\u00fcste an der Grenze zu Devon ist ein gro\u00dfartiger Familienurlaubsort mit Blick \u00fcber die Bucht Bude mit ihren goldenen Sandstr\u00e4nden. Die Stadt hat [&hellip;]<\/p>\n","protected":false},"author":1,"featured_media":0,"parent":0,"menu_order":0,"comment_status":"closed","ping_status":"closed","template":"single-four.php","meta":[],"acf":[],"yoast_head":"<!-- This site is optimized with the Yoast SEO plugin v19.4 - https:\/\/yoast.com\/wordpress\/plugins\/seo\/ -->\n<title>Sehensw\u00fcrdigkeiten Bude &amp; Nordcornwall - Urlaub &amp; Reisen<\/title>\n<meta name=\"robots\" content=\"index, follow, max-snippet:-1, max-image-preview:large, max-video-preview:-1\" \/>\n<link rel=\"canonical\" href=\"https:\/\/www.urlaubcornwall.de\/blog\/sehenswuerdigkeiten-bude-nordcornwall\/\" \/>\n<meta property=\"og:locale\" content=\"en_US\" \/>\n<meta property=\"og:type\" content=\"article\" \/>\n<meta property=\"og:title\" content=\"Sehensw\u00fcrdigkeiten Bude &amp; Nordcornwall - Urlaub &amp; Reisen\" \/>\n<meta property=\"og:description\" content=\"Ein Reisef\u00fchrer f\u00fcr Bude &amp; Nord Cornwall: Insidertipps zur Geschichte, den Attraktionen und was es alles in Bude w\u00e4hrend eines Urlaubs in diesem herrlichen Teil Nordcornwalls zu tun gibt. Bude an Cornwalls Nordk\u00fcste an der Grenze zu Devon ist ein gro\u00dfartiger Familienurlaubsort mit Blick \u00fcber die Bucht Bude mit ihren goldenen Sandstr\u00e4nden. Die Stadt hat [&hellip;]\" \/>\n<meta property=\"og:url\" content=\"https:\/\/www.urlaubcornwall.de\/blog\/sehenswuerdigkeiten-bude-nordcornwall\/\" \/>\n<meta property=\"og:site_name\" content=\"Urlaub &amp; Reisen\" \/>\n<meta property=\"article:modified_time\" content=\"2024-05-29T11:51:49+00:00\" \/>\n<meta property=\"og:image\" content=\"https:\/\/www.urlaubcornwall.de\/blog\/wp-content\/uploads\/2021\/10\/bude-summerleaze-strand.jpg\" \/>\n<meta name=\"twitter:card\" content=\"summary\" \/>\n<meta name=\"twitter:label1\" content=\"Est. reading time\" \/>\n\t<meta name=\"twitter:data1\" content=\"4 minutes\" \/>\n<script type=\"application\/ld+json\" class=\"yoast-schema-graph\">{\"@context\":\"https:\/\/schema.org\",\"@graph\":[{\"@type\":\"WebSite\",\"@id\":\"https:\/\/www.urlaubcornwall.de\/blog\/#website\",\"url\":\"https:\/\/www.urlaubcornwall.de\/blog\/\",\"name\":\"Urlaub &amp; Reisen\",\"description\":\"Urlaub, Reisen, Cornwall und S\u00fcdengland: eine perfekte Kombination\",\"potentialAction\":[{\"@type\":\"SearchAction\",\"target\":{\"@type\":\"EntryPoint\",\"urlTemplate\":\"https:\/\/www.urlaubcornwall.de\/blog\/?s={search_term_string}\"},\"query-input\":\"required name=search_term_string\"}],\"inLanguage\":\"en-US\"},{\"@type\":\"WebPage\",\"@id\":\"https:\/\/www.urlaubcornwall.de\/blog\/sehenswuerdigkeiten-bude-nordcornwall\/\",\"url\":\"https:\/\/www.urlaubcornwall.de\/blog\/sehenswuerdigkeiten-bude-nordcornwall\/\",\"name\":\"Sehensw\u00fcrdigkeiten Bude & Nordcornwall - Urlaub &amp; Reisen\",\"isPartOf\":{\"@id\":\"https:\/\/www.urlaubcornwall.de\/blog\/#website\"},\"datePublished\":\"2016-03-15T14:06:42+00:00\",\"dateModified\":\"2024-05-29T11:51:49+00:00\",\"breadcrumb\":{\"@id\":\"https:\/\/www.urlaubcornwall.de\/blog\/sehenswuerdigkeiten-bude-nordcornwall\/#breadcrumb\"},\"inLanguage\":\"en-US\",\"potentialAction\":[{\"@type\":\"ReadAction\",\"target\":[\"https:\/\/www.urlaubcornwall.de\/blog\/sehenswuerdigkeiten-bude-nordcornwall\/\"]}]},{\"@type\":\"BreadcrumbList\",\"@id\":\"https:\/\/www.urlaubcornwall.de\/blog\/sehenswuerdigkeiten-bude-nordcornwall\/#breadcrumb\",\"itemListElement\":[{\"@type\":\"ListItem\",\"position\":1,\"name\":\"Home\",\"item\":\"https:\/\/www.urlaubcornwall.de\/blog\/\"},{\"@type\":\"ListItem\",\"position\":2,\"name\":\"Sehensw\u00fcrdigkeiten Bude &#038; Nordcornwall\"}]}]}<\/script>\n<!-- \/ Yoast SEO plugin. -->","yoast_head_json":{"title":"Sehensw\u00fcrdigkeiten Bude & Nordcornwall - Urlaub &amp; Reisen","robots":{"index":"index","follow":"follow","max-snippet":"max-snippet:-1","max-image-preview":"max-image-preview:large","max-video-preview":"max-video-preview:-1"},"canonical":"https:\/\/www.urlaubcornwall.de\/blog\/sehenswuerdigkeiten-bude-nordcornwall\/","og_locale":"en_US","og_type":"article","og_title":"Sehensw\u00fcrdigkeiten Bude & Nordcornwall - Urlaub &amp; Reisen","og_description":"Ein Reisef\u00fchrer f\u00fcr Bude &amp; Nord Cornwall: Insidertipps zur Geschichte, den Attraktionen und was es alles in Bude w\u00e4hrend eines Urlaubs in diesem herrlichen Teil Nordcornwalls zu tun gibt. Bude an Cornwalls Nordk\u00fcste an der Grenze zu Devon ist ein gro\u00dfartiger Familienurlaubsort mit Blick \u00fcber die Bucht Bude mit ihren goldenen Sandstr\u00e4nden. Die Stadt hat [&hellip;]","og_url":"https:\/\/www.urlaubcornwall.de\/blog\/sehenswuerdigkeiten-bude-nordcornwall\/","og_site_name":"Urlaub &amp; Reisen","article_modified_time":"2024-05-29T11:51:49+00:00","og_image":[{"url":"https:\/\/www.urlaubcornwall.de\/blog\/wp-content\/uploads\/2021\/10\/bude-summerleaze-strand.jpg"}],"twitter_card":"summary","twitter_misc":{"Est. reading time":"4 minutes"},"schema":{"@context":"https:\/\/schema.org","@graph":[{"@type":"WebSite","@id":"https:\/\/www.urlaubcornwall.de\/blog\/#website","url":"https:\/\/www.urlaubcornwall.de\/blog\/","name":"Urlaub &amp; Reisen","description":"Urlaub, Reisen, Cornwall und S\u00fcdengland: eine perfekte Kombination","potentialAction":[{"@type":"SearchAction","target":{"@type":"EntryPoint","urlTemplate":"https:\/\/www.urlaubcornwall.de\/blog\/?s={search_term_string}"},"query-input":"required name=search_term_string"}],"inLanguage":"en-US"},{"@type":"WebPage","@id":"https:\/\/www.urlaubcornwall.de\/blog\/sehenswuerdigkeiten-bude-nordcornwall\/","url":"https:\/\/www.urlaubcornwall.de\/blog\/sehenswuerdigkeiten-bude-nordcornwall\/","name":"Sehensw\u00fcrdigkeiten Bude & Nordcornwall - Urlaub &amp; Reisen","isPartOf":{"@id":"https:\/\/www.urlaubcornwall.de\/blog\/#website"},"datePublished":"2016-03-15T14:06:42+00:00","dateModified":"2024-05-29T11:51:49+00:00","breadcrumb":{"@id":"https:\/\/www.urlaubcornwall.de\/blog\/sehenswuerdigkeiten-bude-nordcornwall\/#breadcrumb"},"inLanguage":"en-US","potentialAction":[{"@type":"ReadAction","target":["https:\/\/www.urlaubcornwall.de\/blog\/sehenswuerdigkeiten-bude-nordcornwall\/"]}]},{"@type":"BreadcrumbList","@id":"https:\/\/www.urlaubcornwall.de\/blog\/sehenswuerdigkeiten-bude-nordcornwall\/#breadcrumb","itemListElement":[{"@type":"ListItem","position":1,"name":"Home","item":"https:\/\/www.urlaubcornwall.de\/blog\/"},{"@type":"ListItem","position":2,"name":"Sehensw\u00fcrdigkeiten Bude &#038; Nordcornwall"}]}]}},"_links":{"self":[{"href":"https:\/\/www.urlaubcornwall.de\/blog\/wp-json\/wp\/v2\/pages\/23319"}],"collection":[{"href":"https:\/\/www.urlaubcornwall.de\/blog\/wp-json\/wp\/v2\/pages"}],"about":[{"href":"https:\/\/www.urlaubcornwall.de\/blog\/wp-json\/wp\/v2\/types\/page"}],"author":[{"embeddable":true,"href":"https:\/\/www.urlaubcornwall.de\/blog\/wp-json\/wp\/v2\/users\/1"}],"replies":[{"embeddable":true,"href":"https:\/\/www.urlaubcornwall.de\/blog\/wp-json\/wp\/v2\/comments?post=23319"}],"version-history":[{"count":15,"href":"https:\/\/www.urlaubcornwall.de\/blog\/wp-json\/wp\/v2\/pages\/23319\/revisions"}],"predecessor-version":[{"id":50636,"href":"https:\/\/www.urlaubcornwall.de\/blog\/wp-json\/wp\/v2\/pages\/23319\/revisions\/50636"}],"wp:attachment":[{"href":"https:\/\/www.urlaubcornwall.de\/blog\/wp-json\/wp\/v2\/media?parent=23319"}],"curies":[{"name":"wp","href":"https:\/\/api.w.org\/{rel}","templated":true}]}}