{"id":23303,"date":"2016-03-07T11:58:44","date_gmt":"2016-03-07T11:58:44","guid":{"rendered":"https:\/\/www.urlaubcornwall.de\/blog\/?page_id=23303"},"modified":"2024-05-28T14:52:24","modified_gmt":"2024-05-28T14:52:24","slug":"falmouth-cornwall-geschichte-sehenswuerdigkeiten-und-unterkunft","status":"publish","type":"page","link":"https:\/\/www.urlaubcornwall.de\/blog\/falmouth-cornwall-geschichte-sehenswuerdigkeiten-und-unterkunft\/","title":{"rendered":"Falmouth ist eines von Cornwalls beliebtesten Urlaubszielen"},"content":{"rendered":"<p><img loading=\"lazy\" class=\"aligncenter size-full wp-image-16968\" src=\"https:\/\/www.urlaubcornwall.de\/blog\/wp-content\/uploads\/2014\/10\/falmouth-cornwall-04.jpg\" alt=\"falmouth cornwall rundreise auto\" width=\"748\" height=\"408\"\/><\/p>\n<p>Ein Reisef\u00fchrer f\u00fcr Falmouth: Insidertipps zur Geschichte, den Attraktionen und was es alles in <a href=\"http:\/\/www.urlaubcornwall.de\/ferienhaeuser-fewos\/falmouth-umgebung.html\">Falmouth<\/a> w\u00e4hrend eines Urlaubs in diesem herrlichen Teil Westcornwalls zu tun gibt. Falmouth ist eines von Cornwalls beliebtesten Urlaubszielen, ein absolutes Muss w\u00e4hrend einer <a href=\"https:\/\/www.urlaubcornwall.de\/blog\/rundreise-durch-cornwall-and-suedenengland-2013\/\">Rundreise durch Cornwall.<\/a><\/p>\n<p style=\"text-align: center;\">\n\t\t<strong><br \/>\n\t\t\t<a href=\"#sehenswuerdigkeiten\" title=\"Sehensw\u00fcrdigkeiten in Falmouth\">Sehensw\u00fcrdigkeiten Falmouth<\/a> |<br \/>\n\t\t\t<a href=\"#geschichte\" title=\"Geschichte\">Geschichte Falmouths<\/a> |<br \/>\n\t\t\t<a href=\"#unterkunft\" title=\"Unterkunft in Falmouth\">Unterk\u00fcnfte in Falmouth<\/a><br \/>\n\t\t<\/strong>\n\t<\/p>\n<h2 id=\"geschichte\">Geschichte<\/h2>\n<p>Am Fluss Fal gelegen, einem der feinsten nat\u00fcrlichen H\u00e4fen der Welt, entwickelte es sich zur Hafenstadt, nachdem Heinrich VIII die Burgen Pendennis und <a href=\"https:\/\/www.urlaubcornwall.de\/ferienhaeuser-fewos\/st-mawes.html\">St Mawes<\/a> erbaute, um die Flussm\u00fcndung des Fal zu besch\u00fctzen. Heute fahren Schiffe aller Art und Gr\u00f6\u00dfe in und aus dem Hafen Falmouth, der der Haupthafen Cornwalls ist.<\/p>\n<p><img loading=\"lazy\" class=\"aligncenter size-full wp-image-48061\" src=\"https:\/\/www.urlaubcornwall.de\/blog\/wp-content\/uploads\/2024\/03\/falmouth.jpg\" alt=\"falmouth\" width=\"750\" height=\"500\" srcset=\"https:\/\/www.urlaubcornwall.de\/blog\/wp-content\/uploads\/2024\/03\/falmouth.jpg 750w, https:\/\/www.urlaubcornwall.de\/blog\/wp-content\/uploads\/2024\/03\/falmouth-300x200.jpg 300w\" sizes=\"(max-width: 750px) 100vw, 750px\" \/><\/p>\n<p>Die <a href=\"https:\/\/www.urlaubcornwall.de\/blog\/schoensten-straende-an-der-suedkueste-cornwall\/\">Sandstr\u00e4nde Gyllyngvase und Swanpool<\/a> sind stets beliebt, und die Stadt vermittelt ein lebendiges Gef\u00fchl mit ihren zahlreichen Gesch\u00e4ften, Restaurants und Cafes, Museen und Kunstgalerien, die das ganze Jahr \u00fcber ge\u00f6ffnet haben. In Falmouth befindet sich auch die Falmouth Universit\u00e4t und der Cornwall Campus der Exeter Universit\u00e4t, die der Wirtschaft zum Auftrieb verholfen und zu der kreativen Atmosph\u00e4re beigetragen haben.<\/p>\n<h2 id=\"sehenswuerdigkeiten\">Sehensw\u00fcrdigkeiten<\/h2>\n<p><strong>Dinge, die es zu tun und zu sehen gibt<\/strong> &#8211; Pendennis Castle wurde von Heinrich VIII errichtet, um die Carrick Roads M\u00fcndung zu sch\u00fctzen und ist eine seiner feinsten Festungen an der K\u00fcste. Es befindet sich im Besitz von English Heritage und ist ein gro\u00dfartiges Ausflugsziel. Das ganze Jahr \u00fcber gibt es h\u00e4ufig besondere Veranstaltungen, und Sie haben einen Blick von 360 Grad \u00fcber Falmouth.<\/p>\n<div class=\"snippet\"> <a class=\"featured-item\" href=\" https:\/\/www.urlaubcornwall.de\/ferienhaeuser-fewos\/falmouth.html\"> <span class=\"image-holder\" style=\"background-image: url(' https:\/\/www.urlaubcornwall.de\/blog\/wp-content\/uploads\/2019\/01\/ferienhaus-falmouth.jpg ');\"><\/span> <span class=\"featured-content\"> \n<h2 class=\"featured-title\">Ferienh\u00e4user und Ferienwohnungen in Falmouth<\/h2>\n<p class=\"featured-body\">Falmouth liegt am \u00c4stuar des Flusses Fal, eines der feinsten Naturh\u00e4fen der Welt. Auf einer Landspitze mit Blick auf die Bucht von Falmouth befindet sich die Burg Pendennis Castle und \u00fcber dem Fluss in St Mawes liegt die St Mawes Burg&#8230;&#8230;<\/p>\n<\/span> <span class=\"featured-link-holder\"> <span class=\"featured-extra-info\"> \n<p>F\u00fcr Paare, Familien &#038; Gruppen<\/p>\n<\/span> \n<p class=\"featured-link\">DETAILS<\/p>\n<\/span> <\/a><\/div>\n<p>Das <a href=\"https:\/\/www.urlaubcornwall.de\/blog\/2012\/04\/national-maritime-museum-cornwall-ein-muss-in-falmouth-fur-ihren-urlaub-in-cornwall-2012\/\">\u201eNational Maritime Museum\u201c<\/a> am Hafen in Falmouth ist vollgepackt mit der Seefahrtsgeschichte Cornwalls; dieses preisgekr\u00f6nte Museum erstreckt sich \u00fcber 5 Stockwerke hinweg und eignet sich gro\u00dfartig zum Zeitvertreib, da es so viel zu sehen und zu tun gibt.<\/p>\n<p>Die <a href=\"https:\/\/www.urlaubcornwall.de\/blog\/2011\/11\/gyllyngdune-gardens-in-falmouth-cornwall-ein-einzigartiger-romantischer-garten-in-cornwall-der-nun-wieder-in-seinem-viktorianischen-glanz-erstrahlt\/\">Gyllyngdune G\u00e4rten<\/a> sind wundersch\u00f6n restaurierte viktorianische G\u00e4rten in der N\u00e4he des Kais in Falmouth und schauen hin\u00fcber zur Falmouth Bucht. Sie sind das ganze Jahr \u00fcber kostenfrei zu genie\u00dfen. W\u00e4hrend der Sommermonate k\u00f6nnen Sie picknicken, w\u00e4hrend Sie den cornischen Blechbl\u00e4serbands des Ortes zuh\u00f6ren, die auf der wundersch\u00f6nen Edwardianischen B\u00fchne spielen. Princess Pavilions, die sich in den G\u00e4rten befinden, bieten das ganze Jahr \u00fcber eine Vielfalt an Unterhaltungsangeboten und Veranstaltungen.<\/p>\n<p>Machen Sie eine <a href=\"http:\/\/www.urlaubcornwall.de\/auf-dem-fluss-fal-unterwegs.php\">Bootsfahrt<\/a> entlang des Flusses Fal oder des Helfords; die Tagesausfl\u00fcge gehen vom Prince of Wales Pier in der Stadt aus. Es gibt auch eine Passagierf\u00e4hre hin\u00fcber nach St Mawes auf der Roseland Halbinsel. Auch gibt es Meeressafaris, welche vom Jachthafen aus gehen und entlang der K\u00fcste Ausschau halten nach Seehunden, Delfinen, Walen und Meeresv\u00f6geln.<\/p>\n<p>Wassersportarten wie Paddle Boarding, Kajaken und Coasteering gibt es an den Str\u00e4nden Swanpool, Gyllyngvase und Maenporth. Falmouth hat einen <a href=\"http:\/\/www.urlaubcornwall.de\/golfurlaub.php\">Golfplatz<\/a>, welcher wundervollen Blick \u00fcber die Bucht bietet. Es gibt am Swanpool Strand auch Minigolf und eine Pitch&amp;Putt Anlage, auf der sich die ganze Familie vergn\u00fcgen kann.<\/p>\n<p><img loading=\"lazy\" class=\"aligncenter size-full wp-image-50484\" src=\"https:\/\/www.urlaubcornwall.de\/blog\/wp-content\/uploads\/2024\/05\/glendurgan_John-Such.jpg\" alt=\"glendurgan\" width=\"750\" height=\"529\" srcset=\"https:\/\/www.urlaubcornwall.de\/blog\/wp-content\/uploads\/2024\/05\/glendurgan_John-Such.jpg 750w, https:\/\/www.urlaubcornwall.de\/blog\/wp-content\/uploads\/2024\/05\/glendurgan_John-Such-300x212.jpg 300w\" sizes=\"(max-width: 750px) 100vw, 750px\" \/><br \/>\nimage-credit-john-such<\/p>\n<p>Das milde Klima und die gesch\u00fctzten, bewaldeten T\u00e4ler um Falmouth herum haben es erm\u00f6glicht, dass subtropische G\u00e4rten Trebah, Glendurgan and Trelissick geschaffen wurden. Glendurgan und das winzige Dorf Durgan am Fluss Helford, einst das Zuhause der Fox Familie ist heute im Besitz des National Trust und einer der gro\u03b2artigsten subtropischen G\u00e4rten im S\u00fcdwesten mit Hortensien, <a href=\"https:\/\/www.urlaubcornwall.de\/blog\/2011\/08\/auf-den-spuren-der-kornischen-kamelie\/\">Kamelien<\/a>, Rhododendren und einem wundervollen Irrgarten. Trebah Garten, welcher neben Glendurgan liegt, war auch im Besitz der Fox Familie und ist ein weiteres subtropisches Paradies mit einem atemberaubenden K\u00fcstenhintergrund, einem Wassergarten und gesch\u00fctztem abgeschiedenem Strand. Ein neues Amphitheater bietet w\u00e4hrend des Sommers Livetheater, Musik- und Tanzveranstaltungen.<\/p>\n<p>Trelissick, im Besitz des National Trust, befindet sich am Fluss Fal mit herrlichem Blick \u00fcber die M\u00fcndung hinweg. Es gibt 12 Hektar Garten zu erkunden, wie auch Waldgebiet und Wege am Wasser. Trelissick House ist gelegentlich der \u00d6ffentlichkeit zug\u00e4nglich; es wurde in vielen Rosamunde Pilcher Verfilmungen als Hintergund benutzt.<\/p>\n<h2 id=\"unterkunft\">Unterk\u00fcnfte in Falmouth<\/h2>\n<p><img loading=\"lazy\" class=\"aligncenter size-full wp-image-33892\" src=\"https:\/\/www.urlaubcornwall.de\/blog\/wp-content\/uploads\/2018\/06\/Charmante-D\u00f6rfer-cornwall-1.jpg\" alt=\"ferienhaus falmouth\" width=\"750\" height=\"444\" srcset=\"https:\/\/www.urlaubcornwall.de\/blog\/wp-content\/uploads\/2018\/06\/Charmante-D\u00f6rfer-cornwall-1.jpg 752w, https:\/\/www.urlaubcornwall.de\/blog\/wp-content\/uploads\/2018\/06\/Charmante-D\u00f6rfer-cornwall-1-300x177.jpg 300w\" sizes=\"(max-width: 750px) 100vw, 750px\" \/><\/p>\n<p>Ferienh\u00e4user, Ferienwohnungen &#038; Cottages in <a href=\"https:\/\/www.urlaubcornwall.de\/ferienhaeuser-fewos\/falmouth.html\">Falmouth und Umgebung<\/a> &#8211; W\u00e4hlen Sie also ein Ferienhaus mit Selbstverpflegung in Cornwall aus, wo es auch im Landesinneren viel zu entdecken gibt. Cornwall besitzt mehr K\u00fcstenlinien als jede andere Grafschaft und bietet einige der besten Str\u00e4nde, K\u00fcstenwanderwege und Klippenlandschaften, die man \u00fcberhaupt finden kann. Es ist das perfekte Urlaubsziel \u2013 suchen Sie sich also ein Ferienhaus mit Selbstverpflegung in Falmouth aus, wo es auch landeinw\u00e4rts viel zu entdecken gibt. <\/p>\n<div class=\"snippet\"> <a class=\"featured-item\" href=\" https:\/\/www.urlaubcornwall.de\/ferienhaeuser-fewos\/falmouth.html\"> <span class=\"image-holder\" style=\"background-image: url(' https:\/\/www.urlaubcornwall.de\/blog\/wp-content\/uploads\/2019\/01\/ferienhaus-falmouth.jpg ');\"><\/span> <span class=\"featured-content\"> \n<h2 class=\"featured-title\">Ferienh\u00e4user und Ferienwohnungen in Falmouth<\/h2>\n<p class=\"featured-body\">Falmouth liegt am \u00c4stuar des Flusses Fal, eines der feinsten Naturh\u00e4fen der Welt. Auf einer Landspitze mit Blick auf die Bucht von Falmouth befindet sich die Burg Pendennis Castle und \u00fcber dem Fluss in St Mawes liegt die St Mawes Burg&#8230;&#8230;<\/p>\n<\/span> <span class=\"featured-link-holder\"> <span class=\"featured-extra-info\"> \n<p>F\u00fcr Paare, Familien &#038; Gruppen<\/p>\n<\/span> \n<p class=\"featured-link\">DETAILS<\/p>\n<\/span> <\/a><\/div>\n","protected":false},"excerpt":{"rendered":"<p>Ein Reisef\u00fchrer f\u00fcr Falmouth: Insidertipps zur Geschichte, den Attraktionen und was es alles in Falmouth w\u00e4hrend eines Urlaubs in diesem herrlichen Teil Westcornwalls zu tun gibt. Falmouth ist eines von Cornwalls beliebtesten Urlaubszielen, ein absolutes Muss w\u00e4hrend einer Rundreise durch Cornwall. Sehensw\u00fcrdigkeiten Falmouth | Geschichte Falmouths | Unterk\u00fcnfte in Falmouth Geschichte Am Fluss Fal gelegen, [&hellip;]<\/p>\n","protected":false},"author":1,"featured_media":0,"parent":0,"menu_order":0,"comment_status":"closed","ping_status":"closed","template":"single-four.php","meta":[],"acf":[],"yoast_head":"<!-- This site is optimized with the Yoast SEO plugin v19.4 - https:\/\/yoast.com\/wordpress\/plugins\/seo\/ -->\n<title>Falmouth ist eines von Cornwalls beliebtesten Urlaubszielen - Urlaub &amp; Reisen<\/title>\n<meta name=\"description\" content=\"Falmouth ist eines von Cornwalls beliebtesten Urlaubszielen, ein absolutes Muss w\u00e4hrend einer Rundreise durch Cornwall.\" \/>\n<meta name=\"robots\" content=\"index, follow, max-snippet:-1, max-image-preview:large, max-video-preview:-1\" \/>\n<link rel=\"canonical\" href=\"https:\/\/www.urlaubcornwall.de\/blog\/falmouth-cornwall-geschichte-sehenswuerdigkeiten-und-unterkunft\/\" \/>\n<meta property=\"og:locale\" content=\"en_US\" \/>\n<meta property=\"og:type\" content=\"article\" \/>\n<meta property=\"og:title\" content=\"Falmouth ist eines von Cornwalls beliebtesten Urlaubszielen - Urlaub &amp; Reisen\" \/>\n<meta property=\"og:description\" content=\"Falmouth ist eines von Cornwalls beliebtesten Urlaubszielen, ein absolutes Muss w\u00e4hrend einer Rundreise durch Cornwall.\" \/>\n<meta property=\"og:url\" content=\"https:\/\/www.urlaubcornwall.de\/blog\/falmouth-cornwall-geschichte-sehenswuerdigkeiten-und-unterkunft\/\" \/>\n<meta property=\"og:site_name\" content=\"Urlaub &amp; Reisen\" \/>\n<meta property=\"article:modified_time\" content=\"2024-05-28T14:52:24+00:00\" \/>\n<meta property=\"og:image\" content=\"https:\/\/www.urlaubcornwall.de\/blog\/wp-content\/uploads\/2014\/10\/falmouth-cornwall-04.jpg\" \/>\n<meta name=\"twitter:card\" content=\"summary\" \/>\n<meta name=\"twitter:label1\" content=\"Est. reading time\" \/>\n\t<meta name=\"twitter:data1\" content=\"5 minutes\" \/>\n<script type=\"application\/ld+json\" class=\"yoast-schema-graph\">{\"@context\":\"https:\/\/schema.org\",\"@graph\":[{\"@type\":\"WebSite\",\"@id\":\"https:\/\/www.urlaubcornwall.de\/blog\/#website\",\"url\":\"https:\/\/www.urlaubcornwall.de\/blog\/\",\"name\":\"Urlaub &amp; Reisen\",\"description\":\"Urlaub, Reisen, Cornwall und S\u00fcdengland: eine perfekte Kombination\",\"potentialAction\":[{\"@type\":\"SearchAction\",\"target\":{\"@type\":\"EntryPoint\",\"urlTemplate\":\"https:\/\/www.urlaubcornwall.de\/blog\/?s={search_term_string}\"},\"query-input\":\"required name=search_term_string\"}],\"inLanguage\":\"en-US\"},{\"@type\":\"WebPage\",\"@id\":\"https:\/\/www.urlaubcornwall.de\/blog\/falmouth-cornwall-geschichte-sehenswuerdigkeiten-und-unterkunft\/\",\"url\":\"https:\/\/www.urlaubcornwall.de\/blog\/falmouth-cornwall-geschichte-sehenswuerdigkeiten-und-unterkunft\/\",\"name\":\"Falmouth ist eines von Cornwalls beliebtesten Urlaubszielen - Urlaub &amp; Reisen\",\"isPartOf\":{\"@id\":\"https:\/\/www.urlaubcornwall.de\/blog\/#website\"},\"datePublished\":\"2016-03-07T11:58:44+00:00\",\"dateModified\":\"2024-05-28T14:52:24+00:00\",\"description\":\"Falmouth ist eines von Cornwalls beliebtesten Urlaubszielen, ein absolutes Muss w\u00e4hrend einer Rundreise durch Cornwall.\",\"breadcrumb\":{\"@id\":\"https:\/\/www.urlaubcornwall.de\/blog\/falmouth-cornwall-geschichte-sehenswuerdigkeiten-und-unterkunft\/#breadcrumb\"},\"inLanguage\":\"en-US\",\"potentialAction\":[{\"@type\":\"ReadAction\",\"target\":[\"https:\/\/www.urlaubcornwall.de\/blog\/falmouth-cornwall-geschichte-sehenswuerdigkeiten-und-unterkunft\/\"]}]},{\"@type\":\"BreadcrumbList\",\"@id\":\"https:\/\/www.urlaubcornwall.de\/blog\/falmouth-cornwall-geschichte-sehenswuerdigkeiten-und-unterkunft\/#breadcrumb\",\"itemListElement\":[{\"@type\":\"ListItem\",\"position\":1,\"name\":\"Home\",\"item\":\"https:\/\/www.urlaubcornwall.de\/blog\/\"},{\"@type\":\"ListItem\",\"position\":2,\"name\":\"Falmouth ist eines von Cornwalls beliebtesten Urlaubszielen\"}]}]}<\/script>\n<!-- \/ Yoast SEO plugin. -->","yoast_head_json":{"title":"Falmouth ist eines von Cornwalls beliebtesten Urlaubszielen - Urlaub &amp; Reisen","description":"Falmouth ist eines von Cornwalls beliebtesten Urlaubszielen, ein absolutes Muss w\u00e4hrend einer Rundreise durch Cornwall.","robots":{"index":"index","follow":"follow","max-snippet":"max-snippet:-1","max-image-preview":"max-image-preview:large","max-video-preview":"max-video-preview:-1"},"canonical":"https:\/\/www.urlaubcornwall.de\/blog\/falmouth-cornwall-geschichte-sehenswuerdigkeiten-und-unterkunft\/","og_locale":"en_US","og_type":"article","og_title":"Falmouth ist eines von Cornwalls beliebtesten Urlaubszielen - Urlaub &amp; Reisen","og_description":"Falmouth ist eines von Cornwalls beliebtesten Urlaubszielen, ein absolutes Muss w\u00e4hrend einer Rundreise durch Cornwall.","og_url":"https:\/\/www.urlaubcornwall.de\/blog\/falmouth-cornwall-geschichte-sehenswuerdigkeiten-und-unterkunft\/","og_site_name":"Urlaub &amp; Reisen","article_modified_time":"2024-05-28T14:52:24+00:00","og_image":[{"url":"https:\/\/www.urlaubcornwall.de\/blog\/wp-content\/uploads\/2014\/10\/falmouth-cornwall-04.jpg"}],"twitter_card":"summary","twitter_misc":{"Est. reading time":"5 minutes"},"schema":{"@context":"https:\/\/schema.org","@graph":[{"@type":"WebSite","@id":"https:\/\/www.urlaubcornwall.de\/blog\/#website","url":"https:\/\/www.urlaubcornwall.de\/blog\/","name":"Urlaub &amp; Reisen","description":"Urlaub, Reisen, Cornwall und S\u00fcdengland: eine perfekte Kombination","potentialAction":[{"@type":"SearchAction","target":{"@type":"EntryPoint","urlTemplate":"https:\/\/www.urlaubcornwall.de\/blog\/?s={search_term_string}"},"query-input":"required name=search_term_string"}],"inLanguage":"en-US"},{"@type":"WebPage","@id":"https:\/\/www.urlaubcornwall.de\/blog\/falmouth-cornwall-geschichte-sehenswuerdigkeiten-und-unterkunft\/","url":"https:\/\/www.urlaubcornwall.de\/blog\/falmouth-cornwall-geschichte-sehenswuerdigkeiten-und-unterkunft\/","name":"Falmouth ist eines von Cornwalls beliebtesten Urlaubszielen - Urlaub &amp; Reisen","isPartOf":{"@id":"https:\/\/www.urlaubcornwall.de\/blog\/#website"},"datePublished":"2016-03-07T11:58:44+00:00","dateModified":"2024-05-28T14:52:24+00:00","description":"Falmouth ist eines von Cornwalls beliebtesten Urlaubszielen, ein absolutes Muss w\u00e4hrend einer Rundreise durch Cornwall.","breadcrumb":{"@id":"https:\/\/www.urlaubcornwall.de\/blog\/falmouth-cornwall-geschichte-sehenswuerdigkeiten-und-unterkunft\/#breadcrumb"},"inLanguage":"en-US","potentialAction":[{"@type":"ReadAction","target":["https:\/\/www.urlaubcornwall.de\/blog\/falmouth-cornwall-geschichte-sehenswuerdigkeiten-und-unterkunft\/"]}]},{"@type":"BreadcrumbList","@id":"https:\/\/www.urlaubcornwall.de\/blog\/falmouth-cornwall-geschichte-sehenswuerdigkeiten-und-unterkunft\/#breadcrumb","itemListElement":[{"@type":"ListItem","position":1,"name":"Home","item":"https:\/\/www.urlaubcornwall.de\/blog\/"},{"@type":"ListItem","position":2,"name":"Falmouth ist eines von Cornwalls beliebtesten Urlaubszielen"}]}]}},"_links":{"self":[{"href":"https:\/\/www.urlaubcornwall.de\/blog\/wp-json\/wp\/v2\/pages\/23303"}],"collection":[{"href":"https:\/\/www.urlaubcornwall.de\/blog\/wp-json\/wp\/v2\/pages"}],"about":[{"href":"https:\/\/www.urlaubcornwall.de\/blog\/wp-json\/wp\/v2\/types\/page"}],"author":[{"embeddable":true,"href":"https:\/\/www.urlaubcornwall.de\/blog\/wp-json\/wp\/v2\/users\/1"}],"replies":[{"embeddable":true,"href":"https:\/\/www.urlaubcornwall.de\/blog\/wp-json\/wp\/v2\/comments?post=23303"}],"version-history":[{"count":33,"href":"https:\/\/www.urlaubcornwall.de\/blog\/wp-json\/wp\/v2\/pages\/23303\/revisions"}],"predecessor-version":[{"id":50486,"href":"https:\/\/www.urlaubcornwall.de\/blog\/wp-json\/wp\/v2\/pages\/23303\/revisions\/50486"}],"wp:attachment":[{"href":"https:\/\/www.urlaubcornwall.de\/blog\/wp-json\/wp\/v2\/media?parent=23303"}],"curies":[{"name":"wp","href":"https:\/\/api.w.org\/{rel}","templated":true}]}}