{"id":23286,"date":"2016-03-04T17:33:01","date_gmt":"2016-03-04T17:33:01","guid":{"rendered":"https:\/\/www.urlaubcornwall.de\/blog\/?page_id=23286"},"modified":"2024-05-29T11:52:59","modified_gmt":"2024-05-29T11:52:59","slug":"penzance-geschichte-sehenswuerdigkeiten-und-unterkunft","status":"publish","type":"page","link":"https:\/\/www.urlaubcornwall.de\/blog\/penzance-geschichte-sehenswuerdigkeiten-und-unterkunft\/","title":{"rendered":"Urlaub Penzance: Geschichte, Sehensw\u00fcrdigkeiten und Unterkunft"},"content":{"rendered":"<p><img loading=\"lazy\" class=\"aligncenter size-full wp-image-47529\" src=\"https:\/\/www.urlaubcornwall.de\/blog\/wp-content\/uploads\/2024\/02\/penzance-harbour.jpg\" alt=\"penzance-hafen\" width=\"750\" height=\"501\" srcset=\"https:\/\/www.urlaubcornwall.de\/blog\/wp-content\/uploads\/2024\/02\/penzance-harbour.jpg 750w, https:\/\/www.urlaubcornwall.de\/blog\/wp-content\/uploads\/2024\/02\/penzance-harbour-300x200.jpg 300w\" sizes=\"(max-width: 750px) 100vw, 750px\" \/><\/p>\n<p>Ein Reisef\u00fchrer f\u00fcr Penzance: Insidertipps zur Geschichte, den Attraktionen und was es alles in <span style=\"text-decoration: underline;\"><a href=\"http:\/\/www.urlaubcornwall.de\/ferienhaeuser-fewos\/penzance.html\"><strong>Penzance<\/strong><\/a><\/span> w\u00e4hrend eines Urlaubs in diesem herrlichen Teil Westcornwalls zu tun gibt.<\/p>\n<p>Der freundliche, gesch\u00e4ftige Hafen Penzance liegt am n\u00f6rdlichen Rand der Mounts Bay mit der einzigen Promenade Cornwalls, die lang ist und herrlichen Meeresblick genie\u00dft. Der Hafen ist klein, doch gesch\u00e4ftig mit Fischerbooten, Sightseeing Booten und der Passagierf\u00e4hre zu den Scilly Inseln. Hinter dem Kai befinden sich kleine Stra\u00dfen und Wege mit H\u00e4usern, Gesch\u00e4ften, Kunstgalerien, Restaurants und Kneipen \u2013 eine Menge also zu erkunden.<\/p>\n<p>Die Chapel Street l\u00e4sst es sich herrlich entlangwandern mit ihrer Mischung an h\u00fcbschen georgianischen und Regency H\u00e4usern, einschlie\u00dflich des prachtvollen \u00c4gyptenhauses. Market Jew Street leitet ihren Namen vom cornischen \u2018Marghas Yow\u2019 ab, was soviel hei\u00dft wie Donnerstagmarkt; die Stra\u00dfe hat eine erh\u00f6ht gelegene Terrasse aus Granit und eine kuppelf\u00f6rmige Markthalle. Am Stra\u00dfenende befindet sich eine Statue von Sir Humphrey Davy, dem Erfinder der Sicherheitslampe f\u00fcr Bergarbeiter.<\/p>\n<p><script async src=\"https:\/\/pagead2.googlesyndication.com\/pagead\/js\/adsbygoogle.js?client=ca-pub-3901089389175725\"\n     crossorigin=\"anonymous\"><\/script><br \/>\n<!-- New UC --><br \/>\n<ins class=\"adsbygoogle\"\n     style=\"display:block\"\n     data-ad-client=\"ca-pub-3901089389175725\"\n     data-ad-slot=\"8080314818\"\n     data-ad-format=\"auto\"\n     data-full-width-responsive=\"true\"><\/ins><br \/>\n<script>\n     (adsbygoogle = window.adsbygoogle || []).push({});\n<\/script><\/p>\n<p><strong>Sehensw\u00fcrdigkeiten<\/strong><\/p>\n<p>Die Morrab G\u00e4rten befinden sich am Kai und wurden zu viktorianischen Zeiten mit subtropischen Pflanzen angelegt.<br \/>\nPenlee House Gallery und Museum ist das Zuhause vieler Kunstwerke der im 19. und 20. Jahrhundert in Newlyn residierenden K\u00fcnstler. The Exchange ist eine zeitgen\u00f6ssische Kunsthalle, die 2007 er\u00f6ffnet wurde in Verbindung mit der Kunstschule Newlyn; das Geb\u00e4ude ist das alte Vermittlungsamt der Stadt.<\/p>\n<div class=\"snippet\"> <a class=\"featured-item\" href=\"https:\/\/www.urlaubcornwall.de\/ferienhaeuser\/suedengland.php\"> <span class=\"image-holder\" style=\"background-image: url('https:\/\/www.urlaubcornwall.de\/blog\/wp-content\/uploads\/2018\/12\/ferienhaus-cornwall-mit-hund.jpg');\"><\/span> <span class=\"featured-content\"> \n<h2 class=\"featured-title\">Ferienh\u00e4user in Cornwall &#038; S\u00fcdengland<\/h2>\n<p class=\"featured-body\">Bei uns finden Sie Ferienh\u00e4user zum Verlieben &#8211; so einfach ist das! Dank seiner langen Geschichte, der reizvollen Landschaften und seinen vielen Attraktionen ist S\u00fcdengland ein wahres Mekka f\u00fcr Urlauber&#8230;..<\/p><\/span> <span class=\"featured-link-holder\"> <span class=\"featured-extra-info\"> \n<p>Pers\u00f6nlich inspizierter Ferienh\u00e4user<\/p>\n<\/span> \n<p class=\"featured-link\">DETAILS<\/p>\n<\/span> <\/a><\/div>\n<p><strong>Orte, die es in der N\u00e4he zu besuchen gibt<\/strong><\/p>\n<p>Newlyn ist ein Fischerort s\u00fcdlich von Penzance. Hier gibt es einen bl\u00fchenden fr\u00fchmorgendlichen Fischmarkt und die Newlyn Kunstgalerie.<\/p>\n<p><img loading=\"lazy\" class=\"aligncenter size-full wp-image-23290\" src=\"https:\/\/www.urlaubcornwall.de\/blog\/wp-content\/uploads\/2016\/03\/ferienhaus-st-michaels-mount-blick.jpg\" alt=\"ferienhaus st michaels mount blick\" width=\"748\" height=\"377\"\/><\/p>\n<p>St Michaels Mount dominiert in der Mounts Bay, die romantischste Insel Britanniens, die dem Bild von Mont St Michel an der K\u00fcste der Normandie gleicht. Die Abtei wurde von Benediktinerm\u00f6nchen 1135 erbaut und ist heute das Zuhause der St Aubyn Familie und verwaltet vom National Trust.<\/p>\n<div class=\"snippet\"> <a class=\"featured-item\" href=\"https:\/\/www.urlaubcornwall.de\/rundreisen\/cornwall-suedengland.php\"> <span class=\"image-holder\" style=\"background-image: url('https:\/\/www.urlaubcornwall.de\/blog\/wp-content\/uploads\/2019\/01\/DiTn0QVWsAIOgjG.jpg');\"><\/span> <span class=\"featured-content\"> \n<h2 class=\"featured-title\">Rundreisen Cornwall &#038; S\u00fcdengland eine perfekte Kombination<\/h2>\n<p class=\"featured-body\">Die perfekte Reisem\u00f6glichkeit und erm\u00f6glicht es Ihnen, Entdeckungen zu machen und einen Urlaub im eigenen Schritttempo&#8230;.<\/p><\/span> <span class=\"featured-link-holder\"> <span class=\"featured-extra-info\"> \n<p>F\u00fcr Paare, Familien &#038; Gruppen<\/p>\n<\/span> \n<p class=\"featured-link\">DETAILS<\/p>\n<\/span> <\/a><\/div>\n<p><a href=\"http:\/\/www.urlaubcornwall.de\/ferienhaeuser-fewos\/marazion.html\"><span style=\"text-decoration: underline;\"><strong>Marazion<\/strong><\/span><\/a> ist eine Stadt, deren Name vom cornischen Wort f\u00fcr Markt stammt; sie war die Haupthandelshafenstadt der Mounts Bay, bis Penzance im 16. Jahrhundert zu wachsen begann. Es gibt einen Strand, an dem es sich sicher schwimmen l\u00e4sst, und von hier aus k\u00f6nnen Sie hin\u00fcber zum <a href=\"https:\/\/www.urlaubcornwall.de\/blog\/das-st-michaels-mount-die-ikonische-attraktion-in-westcornwall\/\"><strong>St Michaels Mount<\/strong> <\/a>gelangen.<\/p>\n<p><img loading=\"lazy\" class=\"aligncenter size-full wp-image-23291\" src=\"https:\/\/www.urlaubcornwall.de\/blog\/wp-content\/uploads\/2016\/03\/praa-sands-strand.jpg\" alt=\"praa sands strand\" width=\"748\" height=\"376\"\/><\/p>\n<p>Str\u00e4nde bei Penzance w\u00e4ren Perranuthnoe, Praa Sands, Kenneggey Sands, Lamorna Cove, Marazion und Longrock.<br \/>\nH\u00e4user und G\u00e4rten, die es bei Penzance zu besuchen gibt: Godolphin House, St Michaels Mount, Trereife House, Trengwainton Garten, <strong><a href=\"https:\/\/www.urlaubcornwall.de\/blog\/2012\/10\/tremenheere-sculpture-gardens-die-neue-grosse-sehenswuerdigkeit-in-penzance\/\">Tremenheere Sculpture Park<\/a><\/strong> und <strong><a href=\"https:\/\/www.urlaubcornwall.de\/blog\/trewidden-gardens-einer-der-grossartigen-gaerten-cornwalls\/\">Trewidden Garten<\/a><\/strong>.<\/p>\n<p>Wenn Sie den cornischen Apfelpunsch probieren und eine Tour durch die Obst-und Weing\u00e4rten machen m\u00f6chten, bietet sich <strong><a href=\"https:\/\/www.urlaubcornwall.de\/blog\/2012\/08\/zum-wohl-das-weingut-polgoon-in-der-naehe-von-penzance-lockt-mit-verschiedenen-wein-und-cidersorten-und-einem-echt-kornischen-apfelsekt\/\">Polgoon<\/a><\/strong> an, das au\u00dferhalb von Penzance liegt.<\/p>\n","protected":false},"excerpt":{"rendered":"<p>Ein Reisef\u00fchrer f\u00fcr Penzance: Insidertipps zur Geschichte, den Attraktionen und was es alles in Penzance w\u00e4hrend eines Urlaubs in diesem herrlichen Teil Westcornwalls zu tun gibt. Der freundliche, gesch\u00e4ftige Hafen Penzance liegt am n\u00f6rdlichen Rand der Mounts Bay mit der einzigen Promenade Cornwalls, die lang ist und herrlichen Meeresblick genie\u00dft. Der Hafen ist klein, doch [&hellip;]<\/p>\n","protected":false},"author":1,"featured_media":0,"parent":0,"menu_order":0,"comment_status":"closed","ping_status":"closed","template":"single-four.php","meta":[],"acf":[],"yoast_head":"<!-- This site is optimized with the Yoast SEO plugin v19.4 - https:\/\/yoast.com\/wordpress\/plugins\/seo\/ -->\n<title>Urlaub Penzance: Geschichte, Sehensw\u00fcrdigkeiten und Unterkunft - Urlaub &amp; Reisen<\/title>\n<meta name=\"robots\" content=\"index, follow, max-snippet:-1, max-image-preview:large, max-video-preview:-1\" \/>\n<link rel=\"canonical\" href=\"https:\/\/www.urlaubcornwall.de\/blog\/penzance-geschichte-sehenswuerdigkeiten-und-unterkunft\/\" \/>\n<meta property=\"og:locale\" content=\"en_US\" \/>\n<meta property=\"og:type\" content=\"article\" \/>\n<meta property=\"og:title\" content=\"Urlaub Penzance: Geschichte, Sehensw\u00fcrdigkeiten und Unterkunft - Urlaub &amp; Reisen\" \/>\n<meta property=\"og:description\" content=\"Ein Reisef\u00fchrer f\u00fcr Penzance: Insidertipps zur Geschichte, den Attraktionen und was es alles in Penzance w\u00e4hrend eines Urlaubs in diesem herrlichen Teil Westcornwalls zu tun gibt. Der freundliche, gesch\u00e4ftige Hafen Penzance liegt am n\u00f6rdlichen Rand der Mounts Bay mit der einzigen Promenade Cornwalls, die lang ist und herrlichen Meeresblick genie\u00dft. Der Hafen ist klein, doch [&hellip;]\" \/>\n<meta property=\"og:url\" content=\"https:\/\/www.urlaubcornwall.de\/blog\/penzance-geschichte-sehenswuerdigkeiten-und-unterkunft\/\" \/>\n<meta property=\"og:site_name\" content=\"Urlaub &amp; Reisen\" \/>\n<meta property=\"article:modified_time\" content=\"2024-05-29T11:52:59+00:00\" \/>\n<meta property=\"og:image\" content=\"https:\/\/www.urlaubcornwall.de\/blog\/wp-content\/uploads\/2024\/02\/penzance-harbour.jpg\" \/>\n<meta name=\"twitter:card\" content=\"summary\" \/>\n<meta name=\"twitter:label1\" content=\"Est. reading time\" \/>\n\t<meta name=\"twitter:data1\" content=\"3 minutes\" \/>\n<script type=\"application\/ld+json\" class=\"yoast-schema-graph\">{\"@context\":\"https:\/\/schema.org\",\"@graph\":[{\"@type\":\"WebSite\",\"@id\":\"https:\/\/www.urlaubcornwall.de\/blog\/#website\",\"url\":\"https:\/\/www.urlaubcornwall.de\/blog\/\",\"name\":\"Urlaub &amp; Reisen\",\"description\":\"Urlaub, Reisen, Cornwall und S\u00fcdengland: eine perfekte Kombination\",\"potentialAction\":[{\"@type\":\"SearchAction\",\"target\":{\"@type\":\"EntryPoint\",\"urlTemplate\":\"https:\/\/www.urlaubcornwall.de\/blog\/?s={search_term_string}\"},\"query-input\":\"required name=search_term_string\"}],\"inLanguage\":\"en-US\"},{\"@type\":\"WebPage\",\"@id\":\"https:\/\/www.urlaubcornwall.de\/blog\/penzance-geschichte-sehenswuerdigkeiten-und-unterkunft\/\",\"url\":\"https:\/\/www.urlaubcornwall.de\/blog\/penzance-geschichte-sehenswuerdigkeiten-und-unterkunft\/\",\"name\":\"Urlaub Penzance: Geschichte, Sehensw\u00fcrdigkeiten und Unterkunft - Urlaub &amp; Reisen\",\"isPartOf\":{\"@id\":\"https:\/\/www.urlaubcornwall.de\/blog\/#website\"},\"datePublished\":\"2016-03-04T17:33:01+00:00\",\"dateModified\":\"2024-05-29T11:52:59+00:00\",\"breadcrumb\":{\"@id\":\"https:\/\/www.urlaubcornwall.de\/blog\/penzance-geschichte-sehenswuerdigkeiten-und-unterkunft\/#breadcrumb\"},\"inLanguage\":\"en-US\",\"potentialAction\":[{\"@type\":\"ReadAction\",\"target\":[\"https:\/\/www.urlaubcornwall.de\/blog\/penzance-geschichte-sehenswuerdigkeiten-und-unterkunft\/\"]}]},{\"@type\":\"BreadcrumbList\",\"@id\":\"https:\/\/www.urlaubcornwall.de\/blog\/penzance-geschichte-sehenswuerdigkeiten-und-unterkunft\/#breadcrumb\",\"itemListElement\":[{\"@type\":\"ListItem\",\"position\":1,\"name\":\"Home\",\"item\":\"https:\/\/www.urlaubcornwall.de\/blog\/\"},{\"@type\":\"ListItem\",\"position\":2,\"name\":\"Urlaub Penzance: Geschichte, Sehensw\u00fcrdigkeiten und Unterkunft\"}]}]}<\/script>\n<!-- \/ Yoast SEO plugin. -->","yoast_head_json":{"title":"Urlaub Penzance: Geschichte, Sehensw\u00fcrdigkeiten und Unterkunft - Urlaub &amp; Reisen","robots":{"index":"index","follow":"follow","max-snippet":"max-snippet:-1","max-image-preview":"max-image-preview:large","max-video-preview":"max-video-preview:-1"},"canonical":"https:\/\/www.urlaubcornwall.de\/blog\/penzance-geschichte-sehenswuerdigkeiten-und-unterkunft\/","og_locale":"en_US","og_type":"article","og_title":"Urlaub Penzance: Geschichte, Sehensw\u00fcrdigkeiten und Unterkunft - Urlaub &amp; Reisen","og_description":"Ein Reisef\u00fchrer f\u00fcr Penzance: Insidertipps zur Geschichte, den Attraktionen und was es alles in Penzance w\u00e4hrend eines Urlaubs in diesem herrlichen Teil Westcornwalls zu tun gibt. Der freundliche, gesch\u00e4ftige Hafen Penzance liegt am n\u00f6rdlichen Rand der Mounts Bay mit der einzigen Promenade Cornwalls, die lang ist und herrlichen Meeresblick genie\u00dft. Der Hafen ist klein, doch [&hellip;]","og_url":"https:\/\/www.urlaubcornwall.de\/blog\/penzance-geschichte-sehenswuerdigkeiten-und-unterkunft\/","og_site_name":"Urlaub &amp; Reisen","article_modified_time":"2024-05-29T11:52:59+00:00","og_image":[{"url":"https:\/\/www.urlaubcornwall.de\/blog\/wp-content\/uploads\/2024\/02\/penzance-harbour.jpg"}],"twitter_card":"summary","twitter_misc":{"Est. reading time":"3 minutes"},"schema":{"@context":"https:\/\/schema.org","@graph":[{"@type":"WebSite","@id":"https:\/\/www.urlaubcornwall.de\/blog\/#website","url":"https:\/\/www.urlaubcornwall.de\/blog\/","name":"Urlaub &amp; Reisen","description":"Urlaub, Reisen, Cornwall und S\u00fcdengland: eine perfekte Kombination","potentialAction":[{"@type":"SearchAction","target":{"@type":"EntryPoint","urlTemplate":"https:\/\/www.urlaubcornwall.de\/blog\/?s={search_term_string}"},"query-input":"required name=search_term_string"}],"inLanguage":"en-US"},{"@type":"WebPage","@id":"https:\/\/www.urlaubcornwall.de\/blog\/penzance-geschichte-sehenswuerdigkeiten-und-unterkunft\/","url":"https:\/\/www.urlaubcornwall.de\/blog\/penzance-geschichte-sehenswuerdigkeiten-und-unterkunft\/","name":"Urlaub Penzance: Geschichte, Sehensw\u00fcrdigkeiten und Unterkunft - Urlaub &amp; Reisen","isPartOf":{"@id":"https:\/\/www.urlaubcornwall.de\/blog\/#website"},"datePublished":"2016-03-04T17:33:01+00:00","dateModified":"2024-05-29T11:52:59+00:00","breadcrumb":{"@id":"https:\/\/www.urlaubcornwall.de\/blog\/penzance-geschichte-sehenswuerdigkeiten-und-unterkunft\/#breadcrumb"},"inLanguage":"en-US","potentialAction":[{"@type":"ReadAction","target":["https:\/\/www.urlaubcornwall.de\/blog\/penzance-geschichte-sehenswuerdigkeiten-und-unterkunft\/"]}]},{"@type":"BreadcrumbList","@id":"https:\/\/www.urlaubcornwall.de\/blog\/penzance-geschichte-sehenswuerdigkeiten-und-unterkunft\/#breadcrumb","itemListElement":[{"@type":"ListItem","position":1,"name":"Home","item":"https:\/\/www.urlaubcornwall.de\/blog\/"},{"@type":"ListItem","position":2,"name":"Urlaub Penzance: Geschichte, Sehensw\u00fcrdigkeiten und Unterkunft"}]}]}},"_links":{"self":[{"href":"https:\/\/www.urlaubcornwall.de\/blog\/wp-json\/wp\/v2\/pages\/23286"}],"collection":[{"href":"https:\/\/www.urlaubcornwall.de\/blog\/wp-json\/wp\/v2\/pages"}],"about":[{"href":"https:\/\/www.urlaubcornwall.de\/blog\/wp-json\/wp\/v2\/types\/page"}],"author":[{"embeddable":true,"href":"https:\/\/www.urlaubcornwall.de\/blog\/wp-json\/wp\/v2\/users\/1"}],"replies":[{"embeddable":true,"href":"https:\/\/www.urlaubcornwall.de\/blog\/wp-json\/wp\/v2\/comments?post=23286"}],"version-history":[{"count":15,"href":"https:\/\/www.urlaubcornwall.de\/blog\/wp-json\/wp\/v2\/pages\/23286\/revisions"}],"predecessor-version":[{"id":23629,"href":"https:\/\/www.urlaubcornwall.de\/blog\/wp-json\/wp\/v2\/pages\/23286\/revisions\/23629"}],"wp:attachment":[{"href":"https:\/\/www.urlaubcornwall.de\/blog\/wp-json\/wp\/v2\/media?parent=23286"}],"curies":[{"name":"wp","href":"https:\/\/api.w.org\/{rel}","templated":true}]}}