{"id":23274,"date":"2016-03-04T15:07:49","date_gmt":"2016-03-04T15:07:49","guid":{"rendered":"https:\/\/www.urlaubcornwall.de\/blog\/?page_id=23274"},"modified":"2026-01-06T20:24:07","modified_gmt":"2026-01-06T20:24:07","slug":"lands-end-geschichte-sehenswuerdigkeiten-und-unterkunft","status":"publish","type":"page","link":"https:\/\/www.urlaubcornwall.de\/blog\/lands-end-geschichte-sehenswuerdigkeiten-und-unterkunft\/","title":{"rendered":"Urlaub Lands End: Geschichte, Sehensw\u00fcrdigkeiten und Unterkunft"},"content":{"rendered":"<p><img loading=\"lazy\" class=\"aligncenter size-full wp-image-40103\" src=\"https:\/\/www.urlaubcornwall.de\/blog\/wp-content\/uploads\/2020\/05\/lands-end-blick2.jpg\" alt=\"lands end blick\" width=\"750\" height=\"641\" srcset=\"https:\/\/www.urlaubcornwall.de\/blog\/wp-content\/uploads\/2020\/05\/lands-end-blick2.jpg 750w, https:\/\/www.urlaubcornwall.de\/blog\/wp-content\/uploads\/2020\/05\/lands-end-blick2-300x256.jpg 300w\" sizes=\"(max-width: 750px) 100vw, 750px\" \/><\/p>\n<p>Ein Reisef\u00fchrer f\u00fcr Lands Ends und West Penwith: Insidertipps zur Geschichte, den Attraktionen und was es alles bei Lands End w\u00e4hrend eines Urlaubs in diesem herrlichen Teil Westcornwalls zu tun gibt. Lands End ist der westlichste Zipfel des Festlandes <a href=\"http:\/\/www.urlaubcornwall.de\/reiseziel\/cornwall.php\">Cornwall<\/a> and <a href=\"http:\/\/www.urlaubcornwall.de\/reiseziel\/england.php\">England<\/a>. Die Halbinsel ist eine atmosph\u00e4rische Landschaft spektakul\u00e4rer Klippen, goldener Str\u00e4nde, Moorlandes, blumengeschm\u00fcckter Wegen, pr\u00e4historischer Monumente und \u00dcberbleibsel der Zinnbergbauindustrie.<\/p>\n<p>Das <a href=\"http:\/\/www.urlaubcornwall.de\/ferienhaeuser-fewos\/lands-end.html\">Lands End<\/a> Besucherzentrum verf\u00fcgt \u00fcber Ausstellungen, Geschenkel\u00e4den, Kunsthandwerkszentren und viele \u00fcberdachte Attraktionen, die sich auch bei nicht so gutem Wetter eignen.<\/p>\n<p>Die zerkl\u00fcfteten Klippen, die sich vom Meer aus erheben, lassen diese Gegend so spektakul\u00e4r sein. Spazieren Sie der Landzunge entlang und genie\u00dfen Sie den Panoramablick aufs Meer hinaus. Von hier aus k\u00f6nnen Sie den Leuchtturm Longships sehen, der sich 2km entfernt im Meer befindet. An einem klaren Tag k\u00f6nnen Sie vielleicht auch den Leuchtturm Wolf Rock sehen, der sich 15km vom S\u00fcdwesten aus befindet und sogar die Scilly Inseln, 45 km entfernt.<\/p>\n<p><img loading=\"lazy\" class=\"aligncenter size-full wp-image-48059\" src=\"https:\/\/www.urlaubcornwall.de\/blog\/wp-content\/uploads\/2024\/03\/cape-cornwall_lands-end.jpg\" alt=\"cape cornwall_lands end\" width=\"750\" height=\"500\" srcset=\"https:\/\/www.urlaubcornwall.de\/blog\/wp-content\/uploads\/2024\/03\/cape-cornwall_lands-end.jpg 750w, https:\/\/www.urlaubcornwall.de\/blog\/wp-content\/uploads\/2024\/03\/cape-cornwall_lands-end-300x200.jpg 300w\" sizes=\"(max-width: 750px) 100vw, 750px\" \/><\/p>\n<p>Cape Cornwall befindet sich an der zerkl\u00fcfteten Nordk\u00fcste der Lands End Halbinsel; es ist das einzige Kapp in England, und dort trifft der Englische Kanal auf den St Georges Kanal. Ein Gro\u00dfteil der K\u00fcste wird vom National Trust gepflegt, die die Relikte des Zinnbergbaus der Gegend erhalten.<\/p>\n<div class=\"snippet\"> <a class=\"featured-item\" href=\" https:\/\/www.urlaubcornwall.de\/ferienhaeuser-fewos\/lands-end.html\"> <span class=\"image-holder\" style=\"background-image: url(' https:\/\/www.urlaubcornwall.de\/blog\/wp-content\/uploads\/2019\/08\/ferienhaus-lands-end.jpg ');\"><\/span> <span class=\"featured-content\"> \n<h2 class=\"featured-title\">Ferienh\u00e4user und Ferienwohnungen Land&#8217;s End<\/h2>\n<p class=\"featured-body\">Der Anfang (oder das Ende) zahlreicher wohlt\u00e4tiger Wanderungen, Radtouren oder Autofahrten, so ist Lands End Englands westlichster Punkt. Hier verlieren Sie den festen Boden unter Ihren F\u00fc\u00dfen&#8230;&#8230;<\/p>\n<\/span> <span class=\"featured-link-holder\"> <span class=\"featured-extra-info\"> \n<p>F\u00fcr Paare, Familien &#038; Gruppen<\/p>\n<\/span> \n<p class=\"featured-link\">DETAILS<\/p>\n<\/span> <\/a><\/div>\n<p>St Just ist die westlichste Kleinstadt Englands und war einst im Herzen der Zinnbergbauindustrie. Es hat eine interessante Kirche aus Granit aus dem 15. Jahrhundert.<\/p>\n<p><strong>Attraktionen bei Lands End<\/strong><\/p>\n<p><strong><a href=\"https:\/\/www.urlaubcornwall.de\/blog\/geevor-zinn-bergwerk\/\">Geevor Tin Mine<\/a><\/strong> bei Pendeen, n\u00f6rdlich von St Just, geh\u00f6rt zum Weltkulturerbe des cornischen Bergbaus. Es ist die gr\u00f6\u00dfte erhaltene Zeche des Landes, befindet sich an einer der dramatischsten cornischen K\u00fcsten und erweckt die vielf\u00e4ltige Geschichte von Cornwalls Bergbauzeiten zum Leben.<\/p>\n<p><img loading=\"lazy\" class=\"aligncenter size-full wp-image-47547\" src=\"https:\/\/www.urlaubcornwall.de\/blog\/wp-content\/uploads\/2024\/02\/credit-minack-theatre.jpg\" alt=\"minack-theatre\" width=\"750\" height=\"501\" srcset=\"https:\/\/www.urlaubcornwall.de\/blog\/wp-content\/uploads\/2024\/02\/credit-minack-theatre.jpg 750w, https:\/\/www.urlaubcornwall.de\/blog\/wp-content\/uploads\/2024\/02\/credit-minack-theatre-300x200.jpg 300w\" sizes=\"(max-width: 750px) 100vw, 750px\" \/><br \/>\ncredit-minack-theatre<\/p>\n<p>Das ber\u00fchmte Minack Theater ist ein Freilichttheater \u2013 ein Amphitheater, in die Klippen gebaut, mit dem Atlantik als herrlichem Hintergrund. Es wurde von Rowena Cade in den 1930ern erbaut, und jeden Sommer gibt es ein Programm voller Dramen, Musicals und Opern.<\/p>\n<p><img loading=\"lazy\" class=\"aligncenter size-full wp-image-19237\" src=\"https:\/\/www.urlaubcornwall.de\/blog\/wp-content\/uploads\/2015\/06\/MJhSrzJ_11.jpg\" alt=\"Sennen Cove\" width=\"748\" height=\"371\"\/><\/p>\n<p>Sennen Cove und der feine Sand der Whitesand Bay sind ein beliebter Strand f\u00fcr Familien und Surfer.<\/p>\n<p><strong>Pr\u00e4historische St\u00e4tten<\/strong><\/p>\n<p>Chun Castle, die Ruinen einer Festung aus der Eisenzeit bei Morvah. Chun Quoit, eine der besterhaltenen neolithischen Grabkammern im offenen Moorgebiet zwischen <a href=\"https:\/\/www.urlaubcornwall.de\/ferienhaeuser-fewos\/pendeen.html\">Pendeen<\/a> und Morvah. Chysauster ist eine alte Siedlung der Eisenzeit und eines der feinsten Beispiele der Grafschaft.<\/p>\n<p><img loading=\"lazy\" class=\"aligncenter size-full wp-image-23275\" src=\"https:\/\/www.urlaubcornwall.de\/blog\/wp-content\/uploads\/2016\/03\/lands-end-quoit.jpg\" alt=\"lands end quoit\" width=\"748\" height=\"400\"\/><\/p>\n<p>Men \u2013an-Tol, der cornische Name bedeutet \u201cStein mit einem Loch\u201d befindet sich im Moorgebiet bei Madron und stammt aus der Bronzezeit. Es hei\u00dft, der Stein habe heilende Kr\u00e4fte.<\/p>\n<p>Lanyon Quoit, auch bekannt als der Tisch des Riesen ist eines von Cornwalls bestbekannten neolithischen Monumenten und befindet sich bei Morvah.<\/p>\n<div class=\"snippet\"> <a class=\"featured-item\" href=\" https:\/\/www.urlaubcornwall.de\/rundreisen\/cornwall-suedengland.php\"> <span class=\"image-holder\" style=\"background-image: url(' https:\/\/www.urlaubcornwall.de\/blog\/wp-content\/uploads\/2018\/11\/rundreise-cornwall.jpg ');\"><\/span> <span class=\"featured-content\"> \n<h2 class=\"featured-title\">Individuelle Rundreise in Cornwall &#038; S\u00fcdengland<\/h2>\n<p class=\"featured-body\"> Bei dieser Cornwall Rundreise entdecken Sie die H\u00f6hepunkte S\u00fcdenglands. Kultur, Geschichte, Landschaft und heutiges Leben werden Sie hierbei kennenlernen&#8230;<\/p>\n<\/span> <span class=\"featured-link-holder\"> <span class=\"featured-extra-info\"> \n<p>Urlaub im eigenen Schritttempo<\/p>\n<\/span> \n<p class=\"featured-link\">DETAILS<\/p>\n<\/span> <\/a><\/div>\n<p>Die Merry Maidens sind <a href=\"https:\/\/www.urlaubcornwall.de\/blog\/cornwalls-verlorene-ruinen-und-antike-steinkreise\/\"><strong>Cornwalls perfektester Steinkreis<\/strong><\/a>; 19 Granitbl\u00f6cke, von denen es hei\u00dft, dass sie 19 M\u00e4dchen darstellen, die in Stein verwandelt wurden, weil sie an einem Sonntag tanzten. Die Steine befinden sich bei <a href=\"https:\/\/www.urlaubcornwall.de\/ferienhaeuser-fewos\/lamorna-cove.html\">Lamorna<\/a>.<\/p>\n<p><strong>G\u00e4rten<\/strong><\/p>\n<p><a href=\"https:\/\/www.urlaubcornwall.de\/blog\/trewidden-gardens-einer-der-grossartigen-gaerten-cornwalls\/\"><strong>Trewidden Garten<\/strong><\/a> bei Penzance ist einer der gro\u00dfartigen G\u00e4rten Cornwalls, und seine 15 Ar verf\u00fcgen \u00fcber eine herrliche Sammlung an Kamelien, Magnolien und Baumfarnen.<\/p>\n<p><img loading=\"lazy\" class=\"aligncenter size-full wp-image-23284\" src=\"https:\/\/www.urlaubcornwall.de\/blog\/wp-content\/uploads\/2016\/03\/trewidden-garten-lands-end.jpg\" alt=\"trewidden garten lands end\" width=\"748\" height=\"402\"\/><\/p>\n<p>Trengwainton Landhaus und Garten bei Madron befindet sich im Besitz des NT; der Garten ist bekannt f\u00fcr seine Sammlung exotischer B\u00e4ume und Str\u00e4ucher und den Blick \u00fcber die Mounts Bay und die Lizard Halbinsel.<\/p>\n<p><a href=\"https:\/\/www.urlaubcornwall.de\/blog\/2012\/10\/tremenheere-sculpture-gardens-die-neue-grosse-sehenswuerdigkeit-in-penzance\/\"><strong>Tremenheere Sculpturengarten<\/strong><\/a> mit seinen exotischen und subtropischen Pflanzen bietet einen Panoramablick \u00fcber die Mounts Bay.<\/p>\n<p><strong>Besuchenswerte Orte<\/strong><\/p>\n<p>Die Porthcurno Bucht mit ihrem wei\u00dfen Sandstrand befindet sich unterhalb des Minack Theaters; diese gesch\u00fctzte Bucht ist eine der feinsten der Penwith Halbinsel.<\/p>\n<p>Hier in <a href=\"https:\/\/www.urlaubcornwall.de\/ferienhaeuser-fewos\/porthcurno.html\">Porthcurno<\/a> finden Sie das preisgekr\u00f6nte Telegraphen Museum. In Porthcurno wurden 1870 die ersten Kabel unter dem Meer des Atlantiks verlegt, und viele Jahre lang blieb Porthcurno das Zentrum der internationalen Kabeltelegraphie.<\/p>\n<p>Lamorna ist sowohl ein Dorf als auch ein Tal, das hinunterf\u00fchrt zu einer gesch\u00fctzten Bucht an der Mounts Bay. Das schattige Tal ist ein charmanter Ort, um Geschichte und Atmosh\u00e4re im Ganzen zu erkunden.<\/p>\n<p><img loading=\"lazy\" class=\"aligncenter size-full wp-image-16785\" src=\"https:\/\/www.urlaubcornwall.de\/blog\/wp-content\/uploads\/2014\/09\/Mousehole_1.jpg\" alt=\"mousehole\" width=\"748\" height=\"354\"\/><\/p>\n<p><a href=\"https:\/\/www.urlaubcornwall.de\/ferienhaeuser-fewos\/mousehole.html\">Mousehole<\/a> \u2013 ausgesprochen \u2018Mouzl\u2019 ist ein uriges Fischerdorf mit engen G\u00e4sschen und h\u00fcbschen Cottages. Es wurde nicht f\u00fcr den Autoverkehr erbaut und wird am besten zu Fu\u00df erkundet.<\/p>\n<p>Das verschlafene Dorf Zennor befindet sich oberhalb hoher felsiger Klippen in einer romantischen und wilden Landschaft, die ideal ist zum Wandern und um den herrlichen Panoramablick zu genie\u00dfen.<\/p>\n","protected":false},"excerpt":{"rendered":"<p>Ein Reisef\u00fchrer f\u00fcr Lands Ends und West Penwith: Insidertipps zur Geschichte, den Attraktionen und was es alles bei Lands End w\u00e4hrend eines Urlaubs in diesem herrlichen Teil Westcornwalls zu tun gibt. Lands End ist der westlichste Zipfel des Festlandes Cornwall and England. Die Halbinsel ist eine atmosph\u00e4rische Landschaft spektakul\u00e4rer Klippen, goldener Str\u00e4nde, Moorlandes, blumengeschm\u00fcckter Wegen, [&hellip;]<\/p>\n","protected":false},"author":1,"featured_media":0,"parent":0,"menu_order":0,"comment_status":"closed","ping_status":"closed","template":"single-four.php","meta":[],"acf":[],"yoast_head":"<!-- This site is optimized with the Yoast SEO plugin v19.4 - https:\/\/yoast.com\/wordpress\/plugins\/seo\/ -->\n<title>Urlaub Lands End: Geschichte, Sehensw\u00fcrdigkeiten und Unterkunft - Urlaub &amp; Reisen<\/title>\n<meta name=\"robots\" content=\"index, follow, max-snippet:-1, max-image-preview:large, max-video-preview:-1\" \/>\n<link rel=\"canonical\" href=\"https:\/\/www.urlaubcornwall.de\/blog\/lands-end-geschichte-sehenswuerdigkeiten-und-unterkunft\/\" \/>\n<meta property=\"og:locale\" content=\"en_US\" \/>\n<meta property=\"og:type\" content=\"article\" \/>\n<meta property=\"og:title\" content=\"Urlaub Lands End: Geschichte, Sehensw\u00fcrdigkeiten und Unterkunft - Urlaub &amp; Reisen\" \/>\n<meta property=\"og:description\" content=\"Ein Reisef\u00fchrer f\u00fcr Lands Ends und West Penwith: Insidertipps zur Geschichte, den Attraktionen und was es alles bei Lands End w\u00e4hrend eines Urlaubs in diesem herrlichen Teil Westcornwalls zu tun gibt. Lands End ist der westlichste Zipfel des Festlandes Cornwall and England. Die Halbinsel ist eine atmosph\u00e4rische Landschaft spektakul\u00e4rer Klippen, goldener Str\u00e4nde, Moorlandes, blumengeschm\u00fcckter Wegen, [&hellip;]\" \/>\n<meta property=\"og:url\" content=\"https:\/\/www.urlaubcornwall.de\/blog\/lands-end-geschichte-sehenswuerdigkeiten-und-unterkunft\/\" \/>\n<meta property=\"og:site_name\" content=\"Urlaub &amp; Reisen\" \/>\n<meta property=\"article:modified_time\" content=\"2026-01-06T20:24:07+00:00\" \/>\n<meta property=\"og:image\" content=\"https:\/\/www.urlaubcornwall.de\/blog\/wp-content\/uploads\/2020\/05\/lands-end-blick2.jpg\" \/>\n<meta name=\"twitter:card\" content=\"summary\" \/>\n<meta name=\"twitter:label1\" content=\"Est. reading time\" \/>\n\t<meta name=\"twitter:data1\" content=\"5 minutes\" \/>\n<script type=\"application\/ld+json\" class=\"yoast-schema-graph\">{\"@context\":\"https:\/\/schema.org\",\"@graph\":[{\"@type\":\"WebSite\",\"@id\":\"https:\/\/www.urlaubcornwall.de\/blog\/#website\",\"url\":\"https:\/\/www.urlaubcornwall.de\/blog\/\",\"name\":\"Urlaub &amp; Reisen\",\"description\":\"Urlaub, Reisen, Cornwall und S\u00fcdengland: eine perfekte Kombination\",\"potentialAction\":[{\"@type\":\"SearchAction\",\"target\":{\"@type\":\"EntryPoint\",\"urlTemplate\":\"https:\/\/www.urlaubcornwall.de\/blog\/?s={search_term_string}\"},\"query-input\":\"required name=search_term_string\"}],\"inLanguage\":\"en-US\"},{\"@type\":\"WebPage\",\"@id\":\"https:\/\/www.urlaubcornwall.de\/blog\/lands-end-geschichte-sehenswuerdigkeiten-und-unterkunft\/\",\"url\":\"https:\/\/www.urlaubcornwall.de\/blog\/lands-end-geschichte-sehenswuerdigkeiten-und-unterkunft\/\",\"name\":\"Urlaub Lands End: Geschichte, Sehensw\u00fcrdigkeiten und Unterkunft - Urlaub &amp; Reisen\",\"isPartOf\":{\"@id\":\"https:\/\/www.urlaubcornwall.de\/blog\/#website\"},\"datePublished\":\"2016-03-04T15:07:49+00:00\",\"dateModified\":\"2026-01-06T20:24:07+00:00\",\"breadcrumb\":{\"@id\":\"https:\/\/www.urlaubcornwall.de\/blog\/lands-end-geschichte-sehenswuerdigkeiten-und-unterkunft\/#breadcrumb\"},\"inLanguage\":\"en-US\",\"potentialAction\":[{\"@type\":\"ReadAction\",\"target\":[\"https:\/\/www.urlaubcornwall.de\/blog\/lands-end-geschichte-sehenswuerdigkeiten-und-unterkunft\/\"]}]},{\"@type\":\"BreadcrumbList\",\"@id\":\"https:\/\/www.urlaubcornwall.de\/blog\/lands-end-geschichte-sehenswuerdigkeiten-und-unterkunft\/#breadcrumb\",\"itemListElement\":[{\"@type\":\"ListItem\",\"position\":1,\"name\":\"Home\",\"item\":\"https:\/\/www.urlaubcornwall.de\/blog\/\"},{\"@type\":\"ListItem\",\"position\":2,\"name\":\"Urlaub Lands End: Geschichte, Sehensw\u00fcrdigkeiten und Unterkunft\"}]}]}<\/script>\n<!-- \/ Yoast SEO plugin. -->","yoast_head_json":{"title":"Urlaub Lands End: Geschichte, Sehensw\u00fcrdigkeiten und Unterkunft - Urlaub &amp; Reisen","robots":{"index":"index","follow":"follow","max-snippet":"max-snippet:-1","max-image-preview":"max-image-preview:large","max-video-preview":"max-video-preview:-1"},"canonical":"https:\/\/www.urlaubcornwall.de\/blog\/lands-end-geschichte-sehenswuerdigkeiten-und-unterkunft\/","og_locale":"en_US","og_type":"article","og_title":"Urlaub Lands End: Geschichte, Sehensw\u00fcrdigkeiten und Unterkunft - Urlaub &amp; Reisen","og_description":"Ein Reisef\u00fchrer f\u00fcr Lands Ends und West Penwith: Insidertipps zur Geschichte, den Attraktionen und was es alles bei Lands End w\u00e4hrend eines Urlaubs in diesem herrlichen Teil Westcornwalls zu tun gibt. Lands End ist der westlichste Zipfel des Festlandes Cornwall and England. Die Halbinsel ist eine atmosph\u00e4rische Landschaft spektakul\u00e4rer Klippen, goldener Str\u00e4nde, Moorlandes, blumengeschm\u00fcckter Wegen, [&hellip;]","og_url":"https:\/\/www.urlaubcornwall.de\/blog\/lands-end-geschichte-sehenswuerdigkeiten-und-unterkunft\/","og_site_name":"Urlaub &amp; Reisen","article_modified_time":"2026-01-06T20:24:07+00:00","og_image":[{"url":"https:\/\/www.urlaubcornwall.de\/blog\/wp-content\/uploads\/2020\/05\/lands-end-blick2.jpg"}],"twitter_card":"summary","twitter_misc":{"Est. reading time":"5 minutes"},"schema":{"@context":"https:\/\/schema.org","@graph":[{"@type":"WebSite","@id":"https:\/\/www.urlaubcornwall.de\/blog\/#website","url":"https:\/\/www.urlaubcornwall.de\/blog\/","name":"Urlaub &amp; Reisen","description":"Urlaub, Reisen, Cornwall und S\u00fcdengland: eine perfekte Kombination","potentialAction":[{"@type":"SearchAction","target":{"@type":"EntryPoint","urlTemplate":"https:\/\/www.urlaubcornwall.de\/blog\/?s={search_term_string}"},"query-input":"required name=search_term_string"}],"inLanguage":"en-US"},{"@type":"WebPage","@id":"https:\/\/www.urlaubcornwall.de\/blog\/lands-end-geschichte-sehenswuerdigkeiten-und-unterkunft\/","url":"https:\/\/www.urlaubcornwall.de\/blog\/lands-end-geschichte-sehenswuerdigkeiten-und-unterkunft\/","name":"Urlaub Lands End: Geschichte, Sehensw\u00fcrdigkeiten und Unterkunft - Urlaub &amp; Reisen","isPartOf":{"@id":"https:\/\/www.urlaubcornwall.de\/blog\/#website"},"datePublished":"2016-03-04T15:07:49+00:00","dateModified":"2026-01-06T20:24:07+00:00","breadcrumb":{"@id":"https:\/\/www.urlaubcornwall.de\/blog\/lands-end-geschichte-sehenswuerdigkeiten-und-unterkunft\/#breadcrumb"},"inLanguage":"en-US","potentialAction":[{"@type":"ReadAction","target":["https:\/\/www.urlaubcornwall.de\/blog\/lands-end-geschichte-sehenswuerdigkeiten-und-unterkunft\/"]}]},{"@type":"BreadcrumbList","@id":"https:\/\/www.urlaubcornwall.de\/blog\/lands-end-geschichte-sehenswuerdigkeiten-und-unterkunft\/#breadcrumb","itemListElement":[{"@type":"ListItem","position":1,"name":"Home","item":"https:\/\/www.urlaubcornwall.de\/blog\/"},{"@type":"ListItem","position":2,"name":"Urlaub Lands End: Geschichte, Sehensw\u00fcrdigkeiten und Unterkunft"}]}]}},"_links":{"self":[{"href":"https:\/\/www.urlaubcornwall.de\/blog\/wp-json\/wp\/v2\/pages\/23274"}],"collection":[{"href":"https:\/\/www.urlaubcornwall.de\/blog\/wp-json\/wp\/v2\/pages"}],"about":[{"href":"https:\/\/www.urlaubcornwall.de\/blog\/wp-json\/wp\/v2\/types\/page"}],"author":[{"embeddable":true,"href":"https:\/\/www.urlaubcornwall.de\/blog\/wp-json\/wp\/v2\/users\/1"}],"replies":[{"embeddable":true,"href":"https:\/\/www.urlaubcornwall.de\/blog\/wp-json\/wp\/v2\/comments?post=23274"}],"version-history":[{"count":27,"href":"https:\/\/www.urlaubcornwall.de\/blog\/wp-json\/wp\/v2\/pages\/23274\/revisions"}],"predecessor-version":[{"id":51994,"href":"https:\/\/www.urlaubcornwall.de\/blog\/wp-json\/wp\/v2\/pages\/23274\/revisions\/51994"}],"wp:attachment":[{"href":"https:\/\/www.urlaubcornwall.de\/blog\/wp-json\/wp\/v2\/media?parent=23274"}],"curies":[{"name":"wp","href":"https:\/\/api.w.org\/{rel}","templated":true}]}}