{"id":23243,"date":"2016-03-01T17:24:27","date_gmt":"2016-03-01T17:24:27","guid":{"rendered":"https:\/\/www.urlaubcornwall.de\/blog\/?page_id=23243"},"modified":"2024-05-30T09:20:51","modified_gmt":"2024-05-30T09:20:51","slug":"reisetipps-grossbritannien-die-sie-sehen-und-erleben-sollten","status":"publish","type":"page","link":"https:\/\/www.urlaubcornwall.de\/blog\/reisetipps-grossbritannien-die-sie-sehen-und-erleben-sollten\/","title":{"rendered":"Reisetipps Gro\u00dfbritannien: die Sie sehen und erleben sollten"},"content":{"rendered":"<p><img loading=\"lazy\" class=\"aligncenter size-full wp-image-22764\" src=\"https:\/\/www.urlaubcornwall.de\/blog\/wp-content\/uploads\/2016\/01\/reisen-england.jpg\" alt=\"reisen england\" width=\"743\" height=\"330\" srcset=\"https:\/\/www.urlaubcornwall.de\/blog\/wp-content\/uploads\/2016\/01\/reisen-england.jpg 743w, https:\/\/www.urlaubcornwall.de\/blog\/wp-content\/uploads\/2016\/01\/reisen-england-300x133.jpg 300w\" sizes=\"(max-width: 743px) 100vw, 743px\" \/><\/p>\n<p><strong>Hier finden Sie unsere Top 10 Urlaubstipps f\u00fcr die Reiseziele Gro\u00dfbritanniens.<\/strong><\/p>\n<p>M\u00f6chten Sie gerne das meiste aus Ihrem Urlaub in diesem faszinierenden Teil Gro\u00dfbritanniens machen? Mit Sitz in Cornwall sind wir l\u00e4ngs und breit in England, Schottland und Wales herumgereist, um die besten Urlaubtipps zusammenzustellen.<\/p>\n<h2>Reisetipps England<\/h2>\n<p><strong>Top 10 Tipps Cornwall<br \/>\n<\/strong><\/p>\n<table>\n<tbody>\n<tr>\n<td><img loading=\"lazy\" class=\"aligncenter size-full wp-image-7090\" style=\"border: 0pt none; padding: 0px;\" src=\"https:\/\/www.urlaubcornwall.de\/blog\/wp-content\/uploads\/2024\/03\/tintagel.jpg\" alt=\"Tintagel K\u00f6nig Arthur \" width=\"148\" height=\"98\"\/><\/td>\n<td><strong>Verbringen Sie einen Tag in Tintagel &#8211; Nordcornwall: <\/strong>Tintagel ist einer der ikonischsten Orte des Vereinigten K\u00f6nigreichs und befindet sich an Nordcornwalls&#8230;\n<h3>&nbsp;<\/h3>\n<p><a href=\"https:\/\/www.urlaubcornwall.de\/blog\/cornwall-reisetipps-10-dinge-die-sie-sehen-und-tun-sollten\/\"><strong>[ <span style=\"text-decoration: underline;\">Mehr<\/span> ]<\/strong><\/a><\/p><\/td>\n<\/tr>\n<\/tbody>\n<\/table>\n<p><strong><\/strong><strong>Top 10 Tipps Devon<\/strong><\/p>\n<table>\n<tbody>\n<tr>\n<td><img loading=\"lazy\" class=\"aligncenter size-full wp-image-7090\" style=\"border: 0pt none; padding: 0px;\" src=\"https:\/\/www.urlaubcornwall.de\/blog\/wp-content\/uploads\/2015\/08\/Plymouth-Hoe_740.jpg\" alt=\"Plymouth Hoe, Urlaub Devon\" width=\"148\" height=\"98\"\/><\/td>\n<td>\n<h3>&nbsp;<\/h3>\n<p><strong>Devon K\u00fcste:<\/strong> Plymouth ist eine der gr\u00f6\u00dften St\u00e4dte mit einer Geschichte der Seefahrt. Das ber\u00fchmte Hoe befindet sich \u00fcber der atemberaubenden Vista Richtung Plymouth Sound&#8230;<\/p>\n<h3>&nbsp;<\/h3>\n<p><a href=\"https:\/\/www.urlaubcornwall.de\/blog\/top-10-reisetipps-devon-die-sie-unbedingt-erleben-und-sehen-sollten\/\"><strong>[ <span style=\"text-decoration: underline;\">Mehr<\/span> ] <\/strong><\/a><\/p><\/td>\n<\/tr>\n<\/tbody>\n<\/table>\n<p><strong>Top 10 Tipps Dorset<\/strong><\/p>\n<table>\n<tbody>\n<tr>\n<td><img loading=\"lazy\" class=\"aligncenter size-full wp-image-7090\" style=\"border: 0pt none; padding: 0px;\" src=\"https:\/\/www.urlaubcornwall.de\/blog\/wp-content\/uploads\/2015\/08\/jurrasic-kueste.jpg\" alt=\"jurassic kueste\" width=\"148\" height=\"98\"\/><\/td>\n<td><strong>Jurak\u00fcste: <\/strong>Graben Sie nach Fossilien entlang der 95 Meilen langen K\u00fcste von Dorset\/Devon. Die Jurak\u00fcste war Englands erste nat\u00fcrliche Kulturerbest\u00e4tte&#8230;\n<h3>&nbsp;<\/h3>\n<p><a href=\"https:\/\/www.urlaubcornwall.de\/blog\/top-10-reisetipps-dorset-die-sie-sehen-und-erleben-sollten\/\"><strong>[ <span style=\"text-decoration: underline;\">Mehr<\/span> ]<\/strong><\/a><\/p><\/td>\n<\/tr>\n<\/tbody>\n<\/table>\n<a href=\"#\" id=\"hypotext-anchor-your-target-id\" class=\"hypotext closed\" rel=\"hypotext-content-your-target-id\">\n<h1 style=\"text-align: center;\"><span style=\"text-decoration: underline;\"><strong>Lesen Sie mehr<\/strong><\/span><strong>\u25bc<\/strong><strong><br \/>\n<\/strong><\/h1>\n<\/a>\n<div class=\"hypotext-content hypotext-content-your-target-id\" rel=\"hypotext-anchor-your-target-id\"><a href=\"#\" class=\"hypotext closed close\" rel=\"hypotext-content-your-target-id\"><\/a><br \/>\n<strong>Top 10 Tipps Hampshire<\/strong>\n<table>\n<tbody>\n<tr>\n<td><img loading=\"lazy\" class=\"aligncenter size-full wp-image-7090\" style=\"border: 0pt none; padding: 0px;\" src=\"https:\/\/www.urlaubcornwall.de\/blog\/wp-content\/uploads\/2024\/05\/Portsmouth-hafen.jpg\" alt=\"spinnaker tower portsmouth\" width=\"148\" height=\"98\"\/><\/td>\n<td><strong>Spinnaker Tower: <\/strong>170 Meter \u00fcber dem Hafen von Portsmouth und dem Solent thronend, ist der Spinnaker Turm h\u00f6her als das London Eye, Blackpool Tower und Big Ben&#8230;\n<h3>&nbsp;<\/h3>\n<p><a href=\"https:\/\/www.urlaubcornwall.de\/blog\/top-10-reisetipps-hampshire-die-sie-sehen-und-erleben-sollten\/\"><strong>[ <span style=\"text-decoration: underline;\">Mehr<\/span> ]<\/strong><\/a><\/p><\/td>\n<\/tr>\n<\/tbody>\n<\/table>\n<p><strong>Top 10 Tipps Ost-Sussex<\/strong><\/p>\n<table>\n<tbody>\n<tr>\n<td><img loading=\"lazy\" class=\"aligncenter size-full wp-image-7090\" style=\"border: 0pt none; padding: 0px;\" src=\"https:\/\/www.urlaubcornwall.de\/blog\/wp-content\/uploads\/2024\/03\/bosham_hafen_sussex.jpg\" alt=\"urlaub sussex\" width=\"148\" height=\"98\"\/><\/td>\n<td><strong>Birling Gap und die Sieben Schwestern: <\/strong>Die weltber\u00fchmten Sieben Schwestern Kalkklippen erstrecken sich zwischen Birling Gap bei Eastbourne und Cuckmere Haven&#8230;\n<h3>&nbsp;<\/h3>\n<p><a href=\"https:\/\/www.urlaubcornwall.de\/blog\/top-10-reisetipps-ostsussex-sie-sie-sehen-und-erleben-sollten\/\"><strong>[ <span style=\"text-decoration: underline;\">Mehr<\/span> ]<\/strong><\/a><\/p><\/td>\n<\/tr>\n<\/tbody>\n<\/table>\n<p><strong>Top 10 Tipps West-Sussex<\/strong><\/p>\n<table>\n<tbody>\n<tr>\n<td><img loading=\"lazy\" class=\"aligncenter size-full wp-image-7090\" style=\"border: 0pt none; padding: 0px;\" src=\"https:\/\/www.urlaubcornwall.de\/blog\/wp-content\/uploads\/2015\/08\/IMG_0593-e1439887224980.jpg\" alt=\"Reisetipps sussex\" width=\"148\" height=\"98\"\/><\/td>\n<td><strong>Arundel Castle und G\u00e4rten: <\/strong>Hoch oben auf einem H\u00fcgel in Westsussex gelegen, beherrscht diese gro\u00dfartige Burg die Landschaft und verf\u00fcgt \u00fcber einen herrlichen Blick \u00fcber die South Downs&#8230;\n<h3>&nbsp;<\/h3>\n<p><a href=\"https:\/\/www.urlaubcornwall.de\/blog\/urlaubs-und-reisetipps-fuer-west-sussex-unsere-top-10-die-sie-sehen-und-erleben-sollten\/\"><strong>[ <span style=\"text-decoration: underline;\">Mehr<\/span> ]<\/strong><\/a><\/p><\/td>\n<\/tr>\n<\/tbody>\n<\/table>\n<p><strong>Top 10 Tipps Kent<\/strong><\/p>\n<table>\n<tbody>\n<tr>\n<td><img loading=\"lazy\" class=\"aligncenter size-full wp-image-7090\" style=\"border: 0pt none; padding: 0px;\" src=\"https:\/\/www.urlaubcornwall.de\/blog\/wp-content\/uploads\/2024\/03\/leeds-castle-kent.jpg\" alt=\"leeds schloss\" width=\"148\" height=\"98\"\/><\/td>\n<td><strong>Schl\u00f6sser in Kent:<\/strong> Leeds Castle bei Maidstone wurde beschrieben als \u201edie wundervollste Burg der Welt\u201c, und Besucher werden niemals die erste atemberaubende&#8230;\n<h3>&nbsp;<\/h3>\n<p><a href=\"https:\/\/www.urlaubcornwall.de\/blog\/top-10-reisetipps-kent-die-sie-sehen-und-erleben-sollten\/\"><strong>[ <span style=\"text-decoration: underline;\">Mehr<\/span> ]<\/strong><\/a><\/p><\/td>\n<\/tr>\n<\/tbody>\n<\/table>\n<p><strong>Top 10 Tipps Somerset<\/strong><\/p>\n<table>\n<tbody>\n<tr>\n<td><img loading=\"lazy\" class=\"aligncenter size-full wp-image-7090\" style=\"border: 0pt none; padding: 0px;\" src=\"https:\/\/www.urlaubcornwall.de\/blog\/wp-content\/uploads\/2015\/08\/Glastonbury.jpg\" alt=\"Glastonbury\" width=\"148\" height=\"98\"\/><\/td>\n<td><strong>Glastonbury: <\/strong>Bekannt f\u00fcr sein Musikfestival, ist Glastonbury Tor auch ein ikonischer Turm des 15. Jahrhunderts, der spektakul\u00e4ren Blick \u00fcber die Ebenen Somersets hinweg bietet&#8230;\n<h3>&nbsp;<\/h3>\n<p><a href=\"https:\/\/www.urlaubcornwall.de\/blog\/reisetipps-somerset-unsere-top-10-die-sie-sehen-und-erleben-sollten\/\"><strong>[ <span style=\"text-decoration: underline;\">Mehr<\/span> ]<\/strong><\/a><\/p><\/td>\n<\/tr>\n<\/tbody>\n<\/table>\n<h3>&nbsp;<\/h3>\n<p><strong>Reisetipps f\u00fcr Ihren Urlaub in den Yorkshire Dales<\/strong><\/p>\n<h3>&nbsp;<\/h3>\n<table>\n<tbody>\n<tr>\n<td><img loading=\"lazy\" class=\"aligncenter size-full wp-image-7094\" style=\"border: 0pt none; padding: 0px;\" src=\"https:\/\/www.urlaubcornwall.de\/blog\/wp-content\/uploads\/2013\/08\/IMGA0001.jpg\" alt=\"Malham\" width=\"148\" height=\"118\"\/><\/td>\n<td>Bei Ihrem Aufenthalt in den Yorkshire Dales erwarten Sie unz\u00e4hlige Aktivit\u00e4ten, die keine Langeweile aufkommen lassen. Leihen Sie sich ein Mountainbike oder besuchen Sie einen der vielen Reiterh\u00f6fe in der Region.\n<h3>&nbsp;<\/h3>\n<p><a href=\"https:\/\/www.urlaubcornwall.de\/blog\/2013\/08\/familienurlaub-in-den-yorkshire-dales\/\"><strong><span style=\"text-decoration: underline;\">Mehr erfahren<\/span>&gt;&gt;<\/strong><\/a><\/p><\/td>\n<\/tr>\n<\/tbody>\n<\/table>\n<h3>&nbsp;<\/h3>\n<h2 style=\"text-align: left;\">Reisetipps Schottland<\/h2>\n<h3>&nbsp;<\/h3>\n<p><strong>Eine Reise durch Schottland: Unsere Lieblingsrundreisen durch die Highlands.<\/strong><\/p>\n<h3>&nbsp;<\/h3>\n<table>\n<tbody>\n<tr>\n<td><img loading=\"lazy\" class=\"aligncenter size-full wp-image-7095\" style=\"border: 0pt none; padding: 0px;\" src=\"https:\/\/www.urlaubcornwall.de\/blog\/wp-content\/uploads\/2013\/07\/001112.jpg\" alt=\"Highlands Schottland \" width=\"148\" height=\"118\"\/><\/td>\n<td>Vom Weltraum aus gesehen sieht Schottland n\u00f6rdlich der Fl\u00fcsse Forth und Clyde wie ein locker gewebtes Tuch aus \u2013 vielleicht ein antiker karierter Schottenstoff \u2013 an der Westseite zerkl\u00fcftet&#8230;\n<h3>&nbsp;<\/h3>\n<p><a href=\"https:\/\/www.urlaubcornwall.de\/blog\/rundreisen-schottland\/\"><strong><span style=\"text-decoration: underline;\">Mehr erfahren<\/span>&gt;&gt;<\/strong><\/a><\/p><\/td>\n<\/tr>\n<\/tbody>\n<\/table>\n<h3>&nbsp;<\/h3>\n<h2 style=\"text-align: left;\">Reisetips Wales<\/h2>\n<h3>&nbsp;<\/h3>\n<p><strong>Rundreisen in Wales: Erkunden Sie dieses wundersch\u00f6ne Land von Norden nach S\u00fcden.<\/strong><\/p>\n<table>\n<tbody>\n<tr>\n<td><img loading=\"lazy\" class=\"aligncenter size-full wp-image-7094\" style=\"border: 0pt none; padding: 0px;\" src=\"https:\/\/www.urlaubcornwall.de\/blog\/wp-content\/uploads\/2013\/09\/IMGA0016.jpg\" alt=\"Cardiff schloss\" width=\"148\" height=\"118\"\/><\/td>\n<td>Von allen Regionen in Gro\u00dfbritannien hat Wales immer hart daf\u00fcr gek\u00e4mpft, seine historische Unabh\u00e4ngigkeit und Eigenst\u00e4ndigkeit zu bewahren. Seine keltische Sprache wird energisch&#8230;\n<h3>&nbsp;<\/h3>\n<p><a href=\"https:\/\/www.urlaubcornwall.de\/blog\/2013\/08\/rundreisen-in-wales-erkunden-sie-dieses-wunderschoene-land-von-norden-nach-sueden\/\"><strong><span style=\"text-decoration: underline;\">Mehr erfahren<\/span>&gt;&gt;<\/strong><\/a><\/p><\/td>\n<\/tr>\n<\/tbody>\n<\/table>\n<\/div>\n<p style=\"text-align: center;\"><strong>Bei uns finden Sie Ferienh\u00e4user zum Verlieben \u2013 so einfach ist das!<\/strong><\/p>\n<p style=\"text-align: center;\"><a class=\"tidycta\" href=\"https:\/\/www.urlaubcornwall.de\/ferienhaeuser.php\">Suche Ferienh\u00e4user in Gro\u00dfbritannien<\/a><\/p>\n<p style=\"text-align: center;\">UrlaubCornwall.de hat eine einzigartige Sammlung pers\u00f6nlich inspizierter <a href=\"https:\/\/www.urlaubcornwall.de\/ferienhaeuser.php\">Ferienh\u00e4user und Ferienwohnungen<\/a> in Cornwall, S\u00fcdengland und nun auch im gesamten Gro\u00dfbritannien.<\/p>\n<p><iframe loading=\"lazy\" src=\"https:\/\/www.google.com\/maps\/d\/u\/0\/embed?mid=zPZ6ttwx7pSg.k1KvOxX71KDk\" width=\"740\" height=\"530\"><\/iframe><\/p>\n<p style=\"text-align: center;\"><strong>Unser Rundreisenservice<\/strong><\/p>\n<p style=\"text-align: center;\">UrlaubCornwall.de ist ein in Cornwall ans\u00e4ssiges Unternehmen k\u00f6nnen wir uns mit 20 Jahren Erfahrung in der Organisation von <a href=\"https:\/\/www.urlaubcornwall.de\/rundreisen\/grossbritannien.php\">Rundreisen durch S\u00fcdwest, S\u00fcdengland und Gro\u00dfbritannien<\/a> r\u00fchmen.<\/p>\n","protected":false},"excerpt":{"rendered":"<p>Hier finden Sie unsere Top 10 Urlaubstipps f\u00fcr die Reiseziele Gro\u00dfbritanniens. M\u00f6chten Sie gerne das meiste aus Ihrem Urlaub in diesem faszinierenden Teil Gro\u00dfbritanniens machen? Mit Sitz in Cornwall sind wir l\u00e4ngs und breit in England, Schottland und Wales herumgereist, um die besten Urlaubtipps zusammenzustellen. Reisetipps England Top 10 Tipps Cornwall Verbringen Sie einen Tag [&hellip;]<\/p>\n","protected":false},"author":1,"featured_media":0,"parent":0,"menu_order":0,"comment_status":"closed","ping_status":"closed","template":"single-four.php","meta":[],"acf":[],"yoast_head":"<!-- This site is optimized with the Yoast SEO plugin v19.4 - https:\/\/yoast.com\/wordpress\/plugins\/seo\/ -->\n<title>Reisetipps Gro\u00dfbritannien: die Sie sehen und erleben sollten - Urlaub &amp; Reisen<\/title>\n<meta name=\"robots\" content=\"index, follow, max-snippet:-1, max-image-preview:large, max-video-preview:-1\" \/>\n<link rel=\"canonical\" href=\"https:\/\/www.urlaubcornwall.de\/blog\/reisetipps-grossbritannien-die-sie-sehen-und-erleben-sollten\/\" \/>\n<meta property=\"og:locale\" content=\"en_US\" \/>\n<meta property=\"og:type\" content=\"article\" \/>\n<meta property=\"og:title\" content=\"Reisetipps Gro\u00dfbritannien: die Sie sehen und erleben sollten - Urlaub &amp; Reisen\" \/>\n<meta property=\"og:description\" content=\"Hier finden Sie unsere Top 10 Urlaubstipps f\u00fcr die Reiseziele Gro\u00dfbritanniens. M\u00f6chten Sie gerne das meiste aus Ihrem Urlaub in diesem faszinierenden Teil Gro\u00dfbritanniens machen? Mit Sitz in Cornwall sind wir l\u00e4ngs und breit in England, Schottland und Wales herumgereist, um die besten Urlaubtipps zusammenzustellen. Reisetipps England Top 10 Tipps Cornwall Verbringen Sie einen Tag [&hellip;]\" \/>\n<meta property=\"og:url\" content=\"https:\/\/www.urlaubcornwall.de\/blog\/reisetipps-grossbritannien-die-sie-sehen-und-erleben-sollten\/\" \/>\n<meta property=\"og:site_name\" content=\"Urlaub &amp; Reisen\" \/>\n<meta property=\"article:modified_time\" content=\"2024-05-30T09:20:51+00:00\" \/>\n<meta property=\"og:image\" content=\"https:\/\/www.urlaubcornwall.de\/blog\/wp-content\/uploads\/2016\/01\/reisen-england.jpg\" \/>\n<meta name=\"twitter:card\" content=\"summary\" \/>\n<meta name=\"twitter:label1\" content=\"Est. reading time\" \/>\n\t<meta name=\"twitter:data1\" content=\"5 minutes\" \/>\n<script type=\"application\/ld+json\" class=\"yoast-schema-graph\">{\"@context\":\"https:\/\/schema.org\",\"@graph\":[{\"@type\":\"WebSite\",\"@id\":\"https:\/\/www.urlaubcornwall.de\/blog\/#website\",\"url\":\"https:\/\/www.urlaubcornwall.de\/blog\/\",\"name\":\"Urlaub &amp; Reisen\",\"description\":\"Urlaub, Reisen, Cornwall und S\u00fcdengland: eine perfekte Kombination\",\"potentialAction\":[{\"@type\":\"SearchAction\",\"target\":{\"@type\":\"EntryPoint\",\"urlTemplate\":\"https:\/\/www.urlaubcornwall.de\/blog\/?s={search_term_string}\"},\"query-input\":\"required name=search_term_string\"}],\"inLanguage\":\"en-US\"},{\"@type\":\"WebPage\",\"@id\":\"https:\/\/www.urlaubcornwall.de\/blog\/reisetipps-grossbritannien-die-sie-sehen-und-erleben-sollten\/\",\"url\":\"https:\/\/www.urlaubcornwall.de\/blog\/reisetipps-grossbritannien-die-sie-sehen-und-erleben-sollten\/\",\"name\":\"Reisetipps Gro\u00dfbritannien: die Sie sehen und erleben sollten - Urlaub &amp; Reisen\",\"isPartOf\":{\"@id\":\"https:\/\/www.urlaubcornwall.de\/blog\/#website\"},\"datePublished\":\"2016-03-01T17:24:27+00:00\",\"dateModified\":\"2024-05-30T09:20:51+00:00\",\"breadcrumb\":{\"@id\":\"https:\/\/www.urlaubcornwall.de\/blog\/reisetipps-grossbritannien-die-sie-sehen-und-erleben-sollten\/#breadcrumb\"},\"inLanguage\":\"en-US\",\"potentialAction\":[{\"@type\":\"ReadAction\",\"target\":[\"https:\/\/www.urlaubcornwall.de\/blog\/reisetipps-grossbritannien-die-sie-sehen-und-erleben-sollten\/\"]}]},{\"@type\":\"BreadcrumbList\",\"@id\":\"https:\/\/www.urlaubcornwall.de\/blog\/reisetipps-grossbritannien-die-sie-sehen-und-erleben-sollten\/#breadcrumb\",\"itemListElement\":[{\"@type\":\"ListItem\",\"position\":1,\"name\":\"Home\",\"item\":\"https:\/\/www.urlaubcornwall.de\/blog\/\"},{\"@type\":\"ListItem\",\"position\":2,\"name\":\"Reisetipps Gro\u00dfbritannien: die Sie sehen und erleben sollten\"}]}]}<\/script>\n<!-- \/ Yoast SEO plugin. -->","yoast_head_json":{"title":"Reisetipps Gro\u00dfbritannien: die Sie sehen und erleben sollten - Urlaub &amp; Reisen","robots":{"index":"index","follow":"follow","max-snippet":"max-snippet:-1","max-image-preview":"max-image-preview:large","max-video-preview":"max-video-preview:-1"},"canonical":"https:\/\/www.urlaubcornwall.de\/blog\/reisetipps-grossbritannien-die-sie-sehen-und-erleben-sollten\/","og_locale":"en_US","og_type":"article","og_title":"Reisetipps Gro\u00dfbritannien: die Sie sehen und erleben sollten - Urlaub &amp; Reisen","og_description":"Hier finden Sie unsere Top 10 Urlaubstipps f\u00fcr die Reiseziele Gro\u00dfbritanniens. M\u00f6chten Sie gerne das meiste aus Ihrem Urlaub in diesem faszinierenden Teil Gro\u00dfbritanniens machen? Mit Sitz in Cornwall sind wir l\u00e4ngs und breit in England, Schottland und Wales herumgereist, um die besten Urlaubtipps zusammenzustellen. Reisetipps England Top 10 Tipps Cornwall Verbringen Sie einen Tag [&hellip;]","og_url":"https:\/\/www.urlaubcornwall.de\/blog\/reisetipps-grossbritannien-die-sie-sehen-und-erleben-sollten\/","og_site_name":"Urlaub &amp; Reisen","article_modified_time":"2024-05-30T09:20:51+00:00","og_image":[{"url":"https:\/\/www.urlaubcornwall.de\/blog\/wp-content\/uploads\/2016\/01\/reisen-england.jpg"}],"twitter_card":"summary","twitter_misc":{"Est. reading time":"5 minutes"},"schema":{"@context":"https:\/\/schema.org","@graph":[{"@type":"WebSite","@id":"https:\/\/www.urlaubcornwall.de\/blog\/#website","url":"https:\/\/www.urlaubcornwall.de\/blog\/","name":"Urlaub &amp; Reisen","description":"Urlaub, Reisen, Cornwall und S\u00fcdengland: eine perfekte Kombination","potentialAction":[{"@type":"SearchAction","target":{"@type":"EntryPoint","urlTemplate":"https:\/\/www.urlaubcornwall.de\/blog\/?s={search_term_string}"},"query-input":"required name=search_term_string"}],"inLanguage":"en-US"},{"@type":"WebPage","@id":"https:\/\/www.urlaubcornwall.de\/blog\/reisetipps-grossbritannien-die-sie-sehen-und-erleben-sollten\/","url":"https:\/\/www.urlaubcornwall.de\/blog\/reisetipps-grossbritannien-die-sie-sehen-und-erleben-sollten\/","name":"Reisetipps Gro\u00dfbritannien: die Sie sehen und erleben sollten - Urlaub &amp; Reisen","isPartOf":{"@id":"https:\/\/www.urlaubcornwall.de\/blog\/#website"},"datePublished":"2016-03-01T17:24:27+00:00","dateModified":"2024-05-30T09:20:51+00:00","breadcrumb":{"@id":"https:\/\/www.urlaubcornwall.de\/blog\/reisetipps-grossbritannien-die-sie-sehen-und-erleben-sollten\/#breadcrumb"},"inLanguage":"en-US","potentialAction":[{"@type":"ReadAction","target":["https:\/\/www.urlaubcornwall.de\/blog\/reisetipps-grossbritannien-die-sie-sehen-und-erleben-sollten\/"]}]},{"@type":"BreadcrumbList","@id":"https:\/\/www.urlaubcornwall.de\/blog\/reisetipps-grossbritannien-die-sie-sehen-und-erleben-sollten\/#breadcrumb","itemListElement":[{"@type":"ListItem","position":1,"name":"Home","item":"https:\/\/www.urlaubcornwall.de\/blog\/"},{"@type":"ListItem","position":2,"name":"Reisetipps Gro\u00dfbritannien: die Sie sehen und erleben sollten"}]}]}},"_links":{"self":[{"href":"https:\/\/www.urlaubcornwall.de\/blog\/wp-json\/wp\/v2\/pages\/23243"}],"collection":[{"href":"https:\/\/www.urlaubcornwall.de\/blog\/wp-json\/wp\/v2\/pages"}],"about":[{"href":"https:\/\/www.urlaubcornwall.de\/blog\/wp-json\/wp\/v2\/types\/page"}],"author":[{"embeddable":true,"href":"https:\/\/www.urlaubcornwall.de\/blog\/wp-json\/wp\/v2\/users\/1"}],"replies":[{"embeddable":true,"href":"https:\/\/www.urlaubcornwall.de\/blog\/wp-json\/wp\/v2\/comments?post=23243"}],"version-history":[{"count":17,"href":"https:\/\/www.urlaubcornwall.de\/blog\/wp-json\/wp\/v2\/pages\/23243\/revisions"}],"predecessor-version":[{"id":50866,"href":"https:\/\/www.urlaubcornwall.de\/blog\/wp-json\/wp\/v2\/pages\/23243\/revisions\/50866"}],"wp:attachment":[{"href":"https:\/\/www.urlaubcornwall.de\/blog\/wp-json\/wp\/v2\/media?parent=23243"}],"curies":[{"name":"wp","href":"https:\/\/api.w.org\/{rel}","templated":true}]}}