{"id":23162,"date":"2016-02-22T10:04:24","date_gmt":"2016-02-22T10:04:24","guid":{"rendered":"https:\/\/www.urlaubcornwall.de\/blog\/?page_id=23162"},"modified":"2024-05-29T11:55:15","modified_gmt":"2024-05-29T11:55:15","slug":"familienurlaub-in-grossbritannien-besichtigungsorte-die-sich-auch-an-einem-regentag-eignen","status":"publish","type":"page","link":"https:\/\/www.urlaubcornwall.de\/blog\/familienurlaub-in-grossbritannien-besichtigungsorte-die-sich-auch-an-einem-regentag-eignen\/","title":{"rendered":"Familienurlaub in Gro\u00dfbritannien: Besichtigungsorte, die sich auch an einem Regentag eignen"},"content":{"rendered":"<p style=\"text-align: left;\">Ja, es ist wahr; gelegentlich regnet es in <a href=\"https:\/\/www.urlaubcornwall.de\/rundreisen\/grossbritannien.php\">Gro\u00dfbritannien<\/a>! Sollten Sie kein sonniges Urlaubswetter haben in Cornwall oder England, Schottland und Wales gibt es doch eine Menge zu tun f\u00fcr Sie und Ihre Kindern. Hier finden Sie unsere Top 10 Dinge, die es wert sind, zu sehen oder zu tun.<\/p>\n<p><a href=\"https:\/\/www.urlaubcornwall.de\/blog\/wp-content\/uploads\/2024\/03\/warwick-shcloss.jpg\"><img loading=\"lazy\" src=\"https:\/\/www.urlaubcornwall.de\/blog\/wp-content\/uploads\/2024\/03\/warwick-shcloss.jpg\" alt=\"warwick schloss\" width=\"750\" height=\"500\" class=\"alignnone size-full wp-image-47821\" srcset=\"https:\/\/www.urlaubcornwall.de\/blog\/wp-content\/uploads\/2024\/03\/warwick-shcloss.jpg 750w, https:\/\/www.urlaubcornwall.de\/blog\/wp-content\/uploads\/2024\/03\/warwick-shcloss-300x200.jpg 300w\" sizes=\"(max-width: 750px) 100vw, 750px\" \/><\/a><\/p>\n<p style=\"text-align: left;\"><strong>Warwick Castle<\/strong> &#8211; Warwick Castle ist eine mittelalterliche Burg, die ins Jahr 1068 und zu Wilhelm dem Eroberer zur\u00fcckreicht. Sie liegt am Fluss Avon in Warwickshire. Sie befindet sich heute im Besitz von Merlin Entertainments, eher bekannt als Madame Tussauds in London. Sie finden dort Entertainer, die die Geschichte zum Leben erwecken, interaktive Ausstellungen, das Verlie\u00df, die T\u00fcrme und die gr\u00f6\u00dfte Trebuchet (Belagerungsmaschine). All dies eignet sich perfekt dazu, Kindern die gro\u00dfartigen Geschichten des Mittelalters nahe zu bringen. Die Burg ist t\u00e4glich, bis auf den Weihnachtstag, ge\u00f6ffnet und ein gro\u00dfartiges Familien-Ausflugsziel.<\/p>\n<p style=\"text-align: left;\"><strong>Kenilworth Castle &#8211; <\/strong>Eine weitere Burg in Warwickshire ist Kenilworth Castle mit seinem elisabethanischen Garten. Sie ist eine der eindrucksvollsten Sehensw\u00fcrdigkeiten der Region, f\u00fcr jedes Alter ansprechend. Die Burg, die zwischen dem normannischen und Tudor-Zeitalter errichtet wurde, ist heute eine spektakul\u00e4re Ruine. Doch die G\u00e4rten, die 1575 urspr\u00fcnglich f\u00fcr den Besuch von K\u00f6nigin Elisabeth I angelegt wurden, wurden zu ihrer urspr\u00fcnglichen Pracht restauriert. Die Burg befindet sich im Besitz des English Heritage, die w\u00e4hrend der Schulferien f\u00fcr Kinder und Familien \u201eHands on-Aktivit\u00e4ten\u201c und Events organisieren, wie zum Beispiel die Ritter- und Prinzessinnenakademie, wo Kinder mittelalterlichen Spa\u00df haben k\u00f6nnen.<\/p>\n<p style=\"text-align: left;\"><strong>National Railway Museum, North Yorkshire &amp; County Durham &#8211; <\/strong>Das nationale Bahnmuseum befindet sich auf zwei Anlagen, eine in York, die andere in Shildon, in der <a href=\"https:\/\/www.urlaubcornwall.de\/ferienhaeuser-fewos\/eng\/county-durham\/county-durham.html\">Grafschaft Durham<\/a>, und ist eines der besten eintrittsfreien Museen des Landes. Au\u00dfer am Heilig Abend, dem Weihnachtstag und Zweiten Weihnachtsfeiertag hat es das ganze Jahr \u00fcber t\u00e4glich ge\u00f6ffnet, verf\u00fcgt \u00fcber 1000 000 Gegenst\u00e4nde aus 300 Jahren und gilt als das weltbeste Bahnmuseum. Sie finden dort auch einen japanischen Shinkansen (den einzigen au\u00dferhalb Japans), eine chinesische Lokomotive, K\u00f6nigin Viktorias Wagen und Mallard, einst die schnellste Dampflok der Welt. Es gibt auch eine Modellbahn, Zugfahrten und das ganze Jahr \u00fcber Familienaktivit\u00e4ten.<\/p>\n<p><a href=\"https:\/\/www.urlaubcornwall.de\/blog\/wp-content\/uploads\/2024\/03\/eden-project-biome_2.jpg\"><img loading=\"lazy\" src=\"https:\/\/www.urlaubcornwall.de\/blog\/wp-content\/uploads\/2024\/03\/eden-project-biome_2.jpg\" alt=\"eden project biome_2\" width=\"750\" height=\"482\" class=\"alignnone size-full wp-image-47904\" srcset=\"https:\/\/www.urlaubcornwall.de\/blog\/wp-content\/uploads\/2024\/03\/eden-project-biome_2.jpg 750w, https:\/\/www.urlaubcornwall.de\/blog\/wp-content\/uploads\/2024\/03\/eden-project-biome_2-300x193.jpg 300w\" sizes=\"(max-width: 750px) 100vw, 750px\" \/><\/a><\/p>\n<p style=\"text-align: left;\"><strong>Eden Projekt, Cornwall<\/strong> &#8211; Stets beliebt, kann das Eden Projekt in Cornwall zu jeder Jahreszeit genossen werden. Kinder lieben den Spaziergang durch die Biome; einer davon hat ein Regenwald-\u00d6kosystem, der andere mediterrane B\u00e4ume und Pflanzen. Es gibt auch einen vom Regenwald \u00fcberdachten Gehweg, eine Seilbahn, G\u00e4rten und Spiel-\/Lernr\u00e4ume.<\/p>\n<p style=\"text-align: left;\"><strong>Whipsnade Zoo bei London &#8211; <\/strong>Der Zoo Whipsnade in <a href=\"https:\/\/www.urlaubcornwall.de\/ferienhaeuser-fewos\/eng\/bedfordshire\/bedfordshire.html\">Bedfordshire<\/a> ist einer von Europas gr\u00f6\u00dften Wildparks mit mehr als 2500 Tieren. Gemeinsam mit dem Zoo von London geh\u00f6rt er zur zoologischen Gesellschaft Londons (ZSL), die 1826 als internationale wissenschaftliche, erhaltungs- und bildungswohlt\u00e4tige Einrichtung gegr\u00fcndet wurde mit der Mission, f\u00fcr den weltweiten Erhalt von Tieren und ihrem Lebensraum zu werben. Die Attraktionen beinhalten die Lemureninsel, Gepardenfelsen, Chimpnasium (eine Sporthalle f\u00fcr akrobatische Schimpansen) und den wundervollen neuen tropischen Spazierweg durch das Schmetterlingshaus.<\/p>\n<p style=\"text-align: left;\"><strong>Hampton Court, Surrey &#8211; <\/strong>Hampton Court Palast, einst das Zuhause von Heinrich VIII befindet sich westlich von London am Fluss Thames und ist mit dem Zug leicht von der Waterloo Station aus erreichbar. Es ist ein gro\u00dfartiger Tagesausflug w\u00e4hrend eines Familienurlaubs in London. Es gibt eine Menge zu sehen, einschlie\u00dflich der Empfangshalle, der Tudor K\u00fcchen, das Staatsappartement von William III, die G\u00e4rten mit dem bekannten Irrgarten und 240 Jahre alten Weinreben; die k\u00f6niglichen Schokoladenk\u00fcchen sind sowohl bei Erwachsenen als auch Kindern beliebt!<\/p>\n<p style=\"text-align: left;\"><strong>Weald &amp; Downland Freilichtmuseum, West Sussex &#8211; <\/strong>Wenn es trocken ist aber nicht warm genug f\u00fcr den Strand, ist das Weald und Downland Freilichtmuseum in Singleton, West Sussex, ein idealer Ort f\u00fcr einen Familienausflug. Erleben Sie die 40 Ar umfassende Museumsanlage, die sich in der <a href=\"https:\/\/www.urlaubcornwall.de\/ferienhaeuser-fewos\/eng\/sussex\/sussex.html\">wundersch\u00f6nen Landschaft der South Downs<\/a> befindet; besuchen Sie die Sammlung historischer Geb\u00e4ude, es gibt 50 zu erkunden. Viele der Ausstellungsh\u00e4user sind so eingerichtet, dass sie historische Innenr\u00e4ume darstellen. Es gibt ein regelm\u00e4\u00dfiges Programm an h\u00e4uslichen und handwerklichen Demonstrationen, einschlie\u00dflich Kochen in der Tudor K\u00fcche, Mehl mahlen in der Wasserm\u00fchle, Schmiedekunst in der viktorianischen Schmiede, sowie jahreszeitlich ausgerichtete Vorf\u00fchrungen. Machen Sie einen Spaziergang durch die W\u00e4lder, bringen Sie Ihren Hund mit (es ist hundefreundlich), besuchen Sie das Cafe oder genie\u00dfen Sie Ihr eigenes Picknick.<\/p>\n<p style=\"text-align: left;\"><strong>Portsmouth Historische Werft, Hampshire<\/strong> &#8211; Die Historische Werft Portsmouth befindet sich innerhalb einer arbeitenden Marine und ist das Zuhause einer Ansammlung fantastischer Attraktionen, historischer Schiffe und Museen. Es gibt hier so viel zu sehen und zu tun. Die Historische Werft Portsmouth ist ein absolutes Muss f\u00fcr jeden, der S\u00fcdengland besucht. Die ausgestellten Schiffe umfassen HMS Victory, Nelsons herrliches Flaggschiff, HMS Warrior 1860, der Stolz von K\u00f6nigin Viktorias Flotte und die Mary Rose, die einst das Kriegsschiff von Heinrich VIII war. Auch das K\u00f6nigliche Navy Submarine Museum befindet sich in der N\u00e4he bei Gosport.<\/p>\n<p style=\"text-align: left;\"><strong>National Marine Aquarium, Devon &#8211; <\/strong>Plymouth beherbergt das Nationale Marine Aquarium, das gr\u00f6\u00dfte Aquarium Britanniens. Genie\u00dfen Sie eine Reise durch Ausstellungen und entdecken Sie dabei Meeresleben in Flussm\u00fcndungen, niederen Gew\u00e4ssern und den tiefen Riffen. Es gibt Haie, Seepferdchen, Meeresschildkr\u00f6ten, bunte exotische Fische, und das atlantische Riff stellt den Hauptteil des Aquariums dar. T\u00e4glich gibt es Erkl\u00e4rungen und Veranstaltungen, die sowohl Spa\u00df machen als auch bilden.<\/p>\n<p style=\"text-align: left;\"><strong>The Battle of Bannockburn Visitor Centre, Stirling, Scotland &#8211; <\/strong>Das Besucherzentrum, die Schlacht von Bannockburn, wurde 2014 anl\u00e4sslich des 700sten Jahrestags der Schlacht er\u00f6ffnet. Mittels 3D Technik werden Geschehnisse und Ger\u00e4usche der mittelalterlichen Schlacht wiedererschaffen. Besucher k\u00f6nnen schauen oder teilnehmen am Schlachtspiel, einem interaktiven Strategie-Test und einer Schlacht-Show, einer Darstellung, wie die Schlacht gewonnen wurde. Stirling befindet sich lediglich 57 km von Edinburgh entfernt und ist somit gro\u00dfartig f\u00fcr einen Tagesausflug von der Hauptstadt aus geeignet.<\/p>\n<div class=\"snippet\"> <a class=\"featured-item\" href=\" https:\/\/www.urlaubcornwall.de\/ferienhaeuser.php\"> <span class=\"image-holder\" style=\"background-image: url(' https:\/\/www.urlaubcornwall.de\/blog\/wp-content\/uploads\/2019\/01\/urlaub-schottland-highlands-1.jpg');\"><\/span> <span class=\"featured-content\"> \n<h2 class=\"featured-title\">Bei uns finden Sie Ferienh\u00e4user in Gro\u00dfbritannien zum Verlieben!<\/h2>\n<p class=\"featured-body\">Ob Sie nun einen l\u00e4ndlichen R\u00fcckzugsort auf dem englischen Lande, ein Luxuscottage am Meer in Cornwall &#038; Devon oder ein romantisches Versteck in den schottischen Highlands suchen&#8230;..<\/p>\n<\/span> <span class=\"featured-link-holder\"> <span class=\"featured-extra-info\"> \n<p>F\u00fcr Paare, Familien &#038; Gruppen<\/p>\n<\/span> \n<p class=\"featured-link\">DETAILS<\/p>\n<\/span> <\/a><\/div>\n<div class=\"snippet\"> <a class=\"featured-item\" href=\" https:\/\/www.urlaubcornwall.de\/rundreisen\/grossbritannien.php\"> <span class=\"image-holder\" style=\"background-image: url(' https:\/\/www.urlaubcornwall.de\/blog\/wp-content\/uploads\/2019\/01\/rundreise-schottland.jpg ');\"><\/span> <span class=\"featured-content\"> \n<h2 class=\"featured-title\">Rundreise durch Gro\u00dfbritannien: mit dem Auto bereisen <\/h2>\n<p class=\"featured-body\">Autoreisen eignen sich perfekt, um das meiste aus Ihrem Urlaub in Gro\u00dfbritannien zu machen. Gehen Sie in eigenem Schritttempo im eigenen Auto auf Erkundung oder fliegen Sie und mieten ein Auto&#8230;.<\/p>\n<\/span> <span class=\"featured-link-holder\"> <span class=\"featured-extra-info\"> \n<p>Ready Made Touren<\/p>\n<\/span> \n<p class=\"featured-link\">DETAILS<\/p>\n<\/span> <\/a><\/div>\n","protected":false},"excerpt":{"rendered":"<p>Ja, es ist wahr; gelegentlich regnet es in Gro\u00dfbritannien! Sollten Sie kein sonniges Urlaubswetter haben in Cornwall oder England, Schottland und Wales gibt es doch eine Menge zu tun f\u00fcr Sie und Ihre Kindern. Hier finden Sie unsere Top 10 Dinge, die es wert sind, zu sehen oder zu tun. Warwick Castle &#8211; Warwick Castle [&hellip;]<\/p>\n","protected":false},"author":1,"featured_media":0,"parent":0,"menu_order":0,"comment_status":"closed","ping_status":"closed","template":"single-four.php","meta":[],"acf":[],"yoast_head":"<!-- This site is optimized with the Yoast SEO plugin v19.4 - https:\/\/yoast.com\/wordpress\/plugins\/seo\/ -->\n<title>Familienurlaub in Gro\u00dfbritannien: Besichtigungsorte, die sich auch an einem Regentag eignen - Urlaub &amp; Reisen<\/title>\n<meta name=\"description\" content=\"Ja, es ist wahr; gelegentlich regnet es in Gro\u00dfbritannien! Sollten Sie kein sonniges Urlaubswetter haben in Cornwall oder England, Schottland und Wales gibt es doch eine Menge zu tun f\u00fcr Sie und Ihre Kindern. Hier finden Sie unsere Top 10 Dinge, die es wert sind, zu sehen oder zu tun.\" \/>\n<meta name=\"robots\" content=\"index, follow, max-snippet:-1, max-image-preview:large, max-video-preview:-1\" \/>\n<link rel=\"canonical\" href=\"https:\/\/www.urlaubcornwall.de\/blog\/familienurlaub-in-grossbritannien-besichtigungsorte-die-sich-auch-an-einem-regentag-eignen\/\" \/>\n<meta property=\"og:locale\" content=\"en_US\" \/>\n<meta property=\"og:type\" content=\"article\" \/>\n<meta property=\"og:title\" content=\"Familienurlaub in Gro\u00dfbritannien: Besichtigungsorte, die sich auch an einem Regentag eignen - Urlaub &amp; Reisen\" \/>\n<meta property=\"og:description\" content=\"Ja, es ist wahr; gelegentlich regnet es in Gro\u00dfbritannien! Sollten Sie kein sonniges Urlaubswetter haben in Cornwall oder England, Schottland und Wales gibt es doch eine Menge zu tun f\u00fcr Sie und Ihre Kindern. Hier finden Sie unsere Top 10 Dinge, die es wert sind, zu sehen oder zu tun.\" \/>\n<meta property=\"og:url\" content=\"https:\/\/www.urlaubcornwall.de\/blog\/familienurlaub-in-grossbritannien-besichtigungsorte-die-sich-auch-an-einem-regentag-eignen\/\" \/>\n<meta property=\"og:site_name\" content=\"Urlaub &amp; Reisen\" \/>\n<meta property=\"article:modified_time\" content=\"2024-05-29T11:55:15+00:00\" \/>\n<meta property=\"og:image\" content=\"https:\/\/www.urlaubcornwall.de\/blog\/wp-content\/uploads\/2024\/03\/warwick-shcloss.jpg\" \/>\n<meta name=\"twitter:card\" content=\"summary\" \/>\n<meta name=\"twitter:label1\" content=\"Est. reading time\" \/>\n\t<meta name=\"twitter:data1\" content=\"5 minutes\" \/>\n<script type=\"application\/ld+json\" class=\"yoast-schema-graph\">{\"@context\":\"https:\/\/schema.org\",\"@graph\":[{\"@type\":\"WebSite\",\"@id\":\"https:\/\/www.urlaubcornwall.de\/blog\/#website\",\"url\":\"https:\/\/www.urlaubcornwall.de\/blog\/\",\"name\":\"Urlaub &amp; Reisen\",\"description\":\"Urlaub, Reisen, Cornwall und S\u00fcdengland: eine perfekte Kombination\",\"potentialAction\":[{\"@type\":\"SearchAction\",\"target\":{\"@type\":\"EntryPoint\",\"urlTemplate\":\"https:\/\/www.urlaubcornwall.de\/blog\/?s={search_term_string}\"},\"query-input\":\"required name=search_term_string\"}],\"inLanguage\":\"en-US\"},{\"@type\":\"WebPage\",\"@id\":\"https:\/\/www.urlaubcornwall.de\/blog\/familienurlaub-in-grossbritannien-besichtigungsorte-die-sich-auch-an-einem-regentag-eignen\/\",\"url\":\"https:\/\/www.urlaubcornwall.de\/blog\/familienurlaub-in-grossbritannien-besichtigungsorte-die-sich-auch-an-einem-regentag-eignen\/\",\"name\":\"Familienurlaub in Gro\u00dfbritannien: Besichtigungsorte, die sich auch an einem Regentag eignen - Urlaub &amp; Reisen\",\"isPartOf\":{\"@id\":\"https:\/\/www.urlaubcornwall.de\/blog\/#website\"},\"datePublished\":\"2016-02-22T10:04:24+00:00\",\"dateModified\":\"2024-05-29T11:55:15+00:00\",\"description\":\"Ja, es ist wahr; gelegentlich regnet es in Gro\u00dfbritannien! Sollten Sie kein sonniges Urlaubswetter haben in Cornwall oder England, Schottland und Wales gibt es doch eine Menge zu tun f\u00fcr Sie und Ihre Kindern. Hier finden Sie unsere Top 10 Dinge, die es wert sind, zu sehen oder zu tun.\",\"breadcrumb\":{\"@id\":\"https:\/\/www.urlaubcornwall.de\/blog\/familienurlaub-in-grossbritannien-besichtigungsorte-die-sich-auch-an-einem-regentag-eignen\/#breadcrumb\"},\"inLanguage\":\"en-US\",\"potentialAction\":[{\"@type\":\"ReadAction\",\"target\":[\"https:\/\/www.urlaubcornwall.de\/blog\/familienurlaub-in-grossbritannien-besichtigungsorte-die-sich-auch-an-einem-regentag-eignen\/\"]}]},{\"@type\":\"BreadcrumbList\",\"@id\":\"https:\/\/www.urlaubcornwall.de\/blog\/familienurlaub-in-grossbritannien-besichtigungsorte-die-sich-auch-an-einem-regentag-eignen\/#breadcrumb\",\"itemListElement\":[{\"@type\":\"ListItem\",\"position\":1,\"name\":\"Home\",\"item\":\"https:\/\/www.urlaubcornwall.de\/blog\/\"},{\"@type\":\"ListItem\",\"position\":2,\"name\":\"Familienurlaub in Gro\u00dfbritannien: Besichtigungsorte, die sich auch an einem Regentag eignen\"}]}]}<\/script>\n<!-- \/ Yoast SEO plugin. -->","yoast_head_json":{"title":"Familienurlaub in Gro\u00dfbritannien: Besichtigungsorte, die sich auch an einem Regentag eignen - Urlaub &amp; Reisen","description":"Ja, es ist wahr; gelegentlich regnet es in Gro\u00dfbritannien! Sollten Sie kein sonniges Urlaubswetter haben in Cornwall oder England, Schottland und Wales gibt es doch eine Menge zu tun f\u00fcr Sie und Ihre Kindern. Hier finden Sie unsere Top 10 Dinge, die es wert sind, zu sehen oder zu tun.","robots":{"index":"index","follow":"follow","max-snippet":"max-snippet:-1","max-image-preview":"max-image-preview:large","max-video-preview":"max-video-preview:-1"},"canonical":"https:\/\/www.urlaubcornwall.de\/blog\/familienurlaub-in-grossbritannien-besichtigungsorte-die-sich-auch-an-einem-regentag-eignen\/","og_locale":"en_US","og_type":"article","og_title":"Familienurlaub in Gro\u00dfbritannien: Besichtigungsorte, die sich auch an einem Regentag eignen - Urlaub &amp; Reisen","og_description":"Ja, es ist wahr; gelegentlich regnet es in Gro\u00dfbritannien! Sollten Sie kein sonniges Urlaubswetter haben in Cornwall oder England, Schottland und Wales gibt es doch eine Menge zu tun f\u00fcr Sie und Ihre Kindern. Hier finden Sie unsere Top 10 Dinge, die es wert sind, zu sehen oder zu tun.","og_url":"https:\/\/www.urlaubcornwall.de\/blog\/familienurlaub-in-grossbritannien-besichtigungsorte-die-sich-auch-an-einem-regentag-eignen\/","og_site_name":"Urlaub &amp; Reisen","article_modified_time":"2024-05-29T11:55:15+00:00","og_image":[{"url":"https:\/\/www.urlaubcornwall.de\/blog\/wp-content\/uploads\/2024\/03\/warwick-shcloss.jpg"}],"twitter_card":"summary","twitter_misc":{"Est. reading time":"5 minutes"},"schema":{"@context":"https:\/\/schema.org","@graph":[{"@type":"WebSite","@id":"https:\/\/www.urlaubcornwall.de\/blog\/#website","url":"https:\/\/www.urlaubcornwall.de\/blog\/","name":"Urlaub &amp; Reisen","description":"Urlaub, Reisen, Cornwall und S\u00fcdengland: eine perfekte Kombination","potentialAction":[{"@type":"SearchAction","target":{"@type":"EntryPoint","urlTemplate":"https:\/\/www.urlaubcornwall.de\/blog\/?s={search_term_string}"},"query-input":"required name=search_term_string"}],"inLanguage":"en-US"},{"@type":"WebPage","@id":"https:\/\/www.urlaubcornwall.de\/blog\/familienurlaub-in-grossbritannien-besichtigungsorte-die-sich-auch-an-einem-regentag-eignen\/","url":"https:\/\/www.urlaubcornwall.de\/blog\/familienurlaub-in-grossbritannien-besichtigungsorte-die-sich-auch-an-einem-regentag-eignen\/","name":"Familienurlaub in Gro\u00dfbritannien: Besichtigungsorte, die sich auch an einem Regentag eignen - Urlaub &amp; Reisen","isPartOf":{"@id":"https:\/\/www.urlaubcornwall.de\/blog\/#website"},"datePublished":"2016-02-22T10:04:24+00:00","dateModified":"2024-05-29T11:55:15+00:00","description":"Ja, es ist wahr; gelegentlich regnet es in Gro\u00dfbritannien! Sollten Sie kein sonniges Urlaubswetter haben in Cornwall oder England, Schottland und Wales gibt es doch eine Menge zu tun f\u00fcr Sie und Ihre Kindern. Hier finden Sie unsere Top 10 Dinge, die es wert sind, zu sehen oder zu tun.","breadcrumb":{"@id":"https:\/\/www.urlaubcornwall.de\/blog\/familienurlaub-in-grossbritannien-besichtigungsorte-die-sich-auch-an-einem-regentag-eignen\/#breadcrumb"},"inLanguage":"en-US","potentialAction":[{"@type":"ReadAction","target":["https:\/\/www.urlaubcornwall.de\/blog\/familienurlaub-in-grossbritannien-besichtigungsorte-die-sich-auch-an-einem-regentag-eignen\/"]}]},{"@type":"BreadcrumbList","@id":"https:\/\/www.urlaubcornwall.de\/blog\/familienurlaub-in-grossbritannien-besichtigungsorte-die-sich-auch-an-einem-regentag-eignen\/#breadcrumb","itemListElement":[{"@type":"ListItem","position":1,"name":"Home","item":"https:\/\/www.urlaubcornwall.de\/blog\/"},{"@type":"ListItem","position":2,"name":"Familienurlaub in Gro\u00dfbritannien: Besichtigungsorte, die sich auch an einem Regentag eignen"}]}]}},"_links":{"self":[{"href":"https:\/\/www.urlaubcornwall.de\/blog\/wp-json\/wp\/v2\/pages\/23162"}],"collection":[{"href":"https:\/\/www.urlaubcornwall.de\/blog\/wp-json\/wp\/v2\/pages"}],"about":[{"href":"https:\/\/www.urlaubcornwall.de\/blog\/wp-json\/wp\/v2\/types\/page"}],"author":[{"embeddable":true,"href":"https:\/\/www.urlaubcornwall.de\/blog\/wp-json\/wp\/v2\/users\/1"}],"replies":[{"embeddable":true,"href":"https:\/\/www.urlaubcornwall.de\/blog\/wp-json\/wp\/v2\/comments?post=23162"}],"version-history":[{"count":16,"href":"https:\/\/www.urlaubcornwall.de\/blog\/wp-json\/wp\/v2\/pages\/23162\/revisions"}],"predecessor-version":[{"id":50639,"href":"https:\/\/www.urlaubcornwall.de\/blog\/wp-json\/wp\/v2\/pages\/23162\/revisions\/50639"}],"wp:attachment":[{"href":"https:\/\/www.urlaubcornwall.de\/blog\/wp-json\/wp\/v2\/media?parent=23162"}],"curies":[{"name":"wp","href":"https:\/\/api.w.org\/{rel}","templated":true}]}}