{"id":23146,"date":"2016-02-21T15:59:25","date_gmt":"2016-02-21T15:59:25","guid":{"rendered":"https:\/\/www.urlaubcornwall.de\/blog\/?page_id=23146"},"modified":"2026-01-06T20:21:20","modified_gmt":"2026-01-06T20:21:20","slug":"auf-den-spuren-van-harry-potter-urlaub-in-grossbritannien","status":"publish","type":"page","link":"https:\/\/www.urlaubcornwall.de\/blog\/auf-den-spuren-van-harry-potter-urlaub-in-grossbritannien\/","title":{"rendered":"Urlaub Harry Potter: England, Schottland und Wales"},"content":{"rendered":"<div id=\"attachment_23150\" style=\"width: 755px\" class=\"wp-caption aligncenter\"><img aria-describedby=\"caption-attachment-23150\" loading=\"lazy\" class=\"size-full wp-image-23150\" src=\"https:\/\/www.urlaubcornwall.de\/blog\/wp-content\/uploads\/2016\/02\/Alnwick_harry-potter.jpg\" alt=\"Alnwick_harry potter\" width=\"748\" height=\"375\"\/><p id=\"caption-attachment-23150\" class=\"wp-caption-text\">Schloss Alnwick, Northumberland<\/p><\/div>\n<p>Auf den Spuren von Harry Potter: <a href=\"https:\/\/www.urlaubcornwall.de\/\">Urlaub in Gro\u00dfbritannien<\/a>: Falls Sie ein Harry Potter Fan sind, k\u00f6nnen Sie neben der Warner Bros Studio Tour in Hertfordshire bei London auch die Filmschaupl\u00e4tze in Britannien besuchen. Wir haben den umfassenden F\u00fchrer geschaffen f\u00fcr Harry Potter <a href=\"http:\/\/www.urlaubcornwall.de\/rundreisen\/grossbritannien.php\">Urlaub in Gro\u00dfbritannien<\/a>.<\/p>\n<p>Viele von Londons ber\u00fchmtesten Sehensw\u00fcrdigkeiten tauchen in den Filmen auf, einschlie\u00dflich Big Ben, Houses of Parliament und Westminster Tube Station, die einen Tag lang geschlossen blieb, um f\u00fcr Dreharbeiten zum \u201eOrden des Ph\u00f6nix<em>\u201c<\/em>(2007). Im selben Film fliegt der Orden auf Besenstielen im Nachthimmel dem Fluss Thames entlang und vorbei an vielen von <a href=\"https:\/\/www.urlaubcornwall.de\/blog\/die-besten-london-urlaub-tipps-urlaubcornwall-de\/\">Londons Sehensw\u00fcrdigkeiten<\/a>; Tower Bridge, dem London Eye und Buckingham Palast. 12 Grimmaud Place, das Zuhause von Sirius Black, wurde am Lincolns Inn Fields, dem gr\u00f6\u00dften und feinsten \u00f6ffentlichen Platz in London gefilmt mit eleganten Geb\u00e4uden, die in die Mitte des 17. Jahrhunderts zur\u00fcckreichen.<\/p>\n<p><img loading=\"lazy\" class=\"aligncenter size-full wp-image-47860\" src=\"https:\/\/www.urlaubcornwall.de\/blog\/wp-content\/uploads\/2024\/03\/leadenhall-market-harry-potter.jpg\" alt=\"leadenhall-market-harry-potter\" width=\"750\" height=\"526\" srcset=\"https:\/\/www.urlaubcornwall.de\/blog\/wp-content\/uploads\/2024\/03\/leadenhall-market-harry-potter.jpg 750w, https:\/\/www.urlaubcornwall.de\/blog\/wp-content\/uploads\/2024\/03\/leadenhall-market-harry-potter-300x210.jpg 300w\" sizes=\"(max-width: 750px) 100vw, 750px\" \/><\/p>\n<p>Leadenhall Markt , einer von Londons \u00e4ltesten M\u00e4rkten, reicht zur\u00fcck ins 14. Jahrhundert mit seinem prunkvollen Glasdach, das 1881 designt wurde, und war der ideale Drehort f\u00fcr \u201eZum Tropfenden Kessel\u201c.<\/p>\n<p>Das Gesch\u00e4ft, das benutzt wurde, 42 Bulls Head Passage, ist eigentlich ein Optiker. In \u201eder Gefangene von Askaban\u201c (2004) wurde das \u00c4u\u00dfere des Tropfenden Kessels am&nbsp;&nbsp; The Market Porter, Stoney Street, Borough Market gefilmt. Dies ist eine traditionelle Londoner Kneipe und einzigartig auch dahingehend, dass sie neben den normalen \u00d6ffnungszeiten auch ge\u00f6ffnet hat zwischen 6 und 8.30 Uhr f\u00fcr die Arbeiter, die ihre Arbeit am Borough Market beenden. Leadenhall Market tritt auch als Winkelgasse in Erscheinung.<\/p>\n<p>Gringotts Zaubererbank, wo Harry Potter seine golden Galeone bekommt, wurde im Australia House gefilmt, einer Hauptsehensw\u00fcrdigkeit bei The Strand, das aus Portland Gestein aus <a href=\"https:\/\/www.urlaubcornwall.de\/blog\/urlaub-in-dorset-eine-der-geschichtstraechtigsten-grafschaften-englands\/\">Dorset<\/a> und Marmor aus Australien erbaut wurde. Es ist seit seiner Vervollst\u00e4ndigung 1918 das Zuhause der australischen Botschaft.<\/p>\n<p>Kings Cross Station ist der Bahnhof, von dem aus Harry Potter bekannterweise den Zug nimmt, den Hogwarts Express, von Plattform 9 \u00be zur Hogwarts Schule f\u00fcr Hexerei und Zauberei. Besucher finden dort tats\u00e4chlich ein 9 \u00be-Schild und einen halben Gep\u00e4ckwagen in die Wand gedr\u00fcckt \u2013 gro\u00dfartig f\u00fcr Fotoaufnahmen! Es gibt dort auch einen Laden, der jegm\u00f6gliches Harry Potter Souvenir verkauft, das Sie sich nur denken k\u00f6nnen. Die eigentliche Au\u00dfenaufnahme in \u201eKammer des Schreckens\u201c (2002) wurde am internationalen Bahnhof St Pancras gedreht mit seinem Glasdach und der Fu\u00dfg\u00e4ngerhimmelsbr\u00fccke.<\/p>\n<p>Spazieren Sie unbedingt \u00fcber die Millennium Fu\u00dfg\u00e4ngerbr\u00fccke, die sich zwischen der Southwark Bridge und der Blackfriars Bridge befindet. Ihr s\u00fcdliches Ende ist beim Globe Theater und der Tate Modern, w\u00e4hrend das n\u00f6rdliche Ende sich bei der City of London School, unterhalb der St Pauls Kathedrale befindet. Diese Br\u00fccke war es, die angegriffen wurde von den fliegenden Todessern und die im \u201eHalbblutprinz\u201c (2009) in den Fluss Thames fiel.<\/p>\n<div class=\"snippet\"> <a class=\"featured-item\" href=\" https:\/\/www.urlaubcornwall.de\/rundreisen\/grossbritannien.php\"> <span class=\"image-holder\" style=\"background-image: url(' https:\/\/www.urlaubcornwall.de\/blog\/wp-content\/uploads\/2018\/11\/rundreise-cornwall.jpg ');\"><\/span> <span class=\"featured-content\"> \n<h2 class=\"featured-title\">Individuelle Rundreise in Gro\u00dfbritannien<\/h2>\n<p class=\"featured-body\">Mit Sitz im Vereinten K\u00f6nigreich und einer Reiseleidenschaft haben wir uns darin spezialisiert, individuelle Rundreisen f\u00fcr Paare, Familien oder Gruppen zusammenzustellen&#8230;.<\/p>\n<\/span> <span class=\"featured-link-holder\"> <span class=\"featured-extra-info\"> \n<p>Urlaub im eigenen Schritttempo<\/p>\n<\/span> \n<p class=\"featured-link\">DETAILS<\/p>\n<\/span> <\/a><\/div>\n<p>London Zoo im Regents Park ist der welt\u00e4lteste wissenschaftliche Zoo. Er wurde 1828 f\u00fcr Wissenschaftsstudien gegr\u00fcndet und \u00f6ffnete 1847 f\u00fcr die \u00d6ffentlichkeit. Hier im Reptilienhaus entdeckte Harry Potter im ersten Harry Potter Film und dem \u201eStein der Weisen\u201c (2001), dass er die Begabung hatte, mit Schlangen sprechen zu k\u00f6nnen.<\/p>\n<p><img loading=\"lazy\" class=\"aligncenter size-full wp-image-47861\" src=\"https:\/\/www.urlaubcornwall.de\/blog\/wp-content\/uploads\/2024\/03\/Piccadilly_Circus_harry-potter.jpg\" alt=\"Piccadilly_Circus_harry-potter\" width=\"750\" height=\"501\" srcset=\"https:\/\/www.urlaubcornwall.de\/blog\/wp-content\/uploads\/2024\/03\/Piccadilly_Circus_harry-potter.jpg 750w, https:\/\/www.urlaubcornwall.de\/blog\/wp-content\/uploads\/2024\/03\/Piccadilly_Circus_harry-potter-300x200.jpg 300w\" sizes=\"(max-width: 750px) 100vw, 750px\" \/><\/p>\n<p>Bevor Sie London auf den Spuren Harry Potters verlassen, besuchen Sie Piccadilly Circus, wo Harry, Hermione und Ron die Todesser abwehren und Charing Cross Road, wo der Tropfende Kessel sein soll.<\/p>\n<p>Au\u00dferhalb Londons, treffen Sie auf die Harrow School in Harrow-on-the- Hill, wo Harry Potter von Professor Flitwick unterrichtet wurde und wo Hermione auf einer Feder schwebt. Harrow School wurde zu Regierungszeiten von K\u00f6nigin Elisabeth I gegr\u00fcndet und ist bis heute eine der besten Schulen f\u00fcr Jungs in Britannien.<\/p>\n<p>In Martins Heron, einem Vorort von Bracknell, Berkshire, lebte Harry Potter mit seiner Tante und seinem Onkel, den Dursleys. 4 Picket Drive ist ein Privathaus am Picket Post Close.<\/p>\n<p><img loading=\"lazy\" class=\"aligncenter size-full wp-image-47819\" src=\"https:\/\/www.urlaubcornwall.de\/blog\/wp-content\/uploads\/2024\/03\/oxford.jpg\" alt=\"oxford\" width=\"750\" height=\"431\" srcset=\"https:\/\/www.urlaubcornwall.de\/blog\/wp-content\/uploads\/2024\/03\/oxford.jpg 750w, https:\/\/www.urlaubcornwall.de\/blog\/wp-content\/uploads\/2024\/03\/oxford-300x172.jpg 300w\" sizes=\"(max-width: 750px) 100vw, 750px\" \/><\/p>\n<p>Die wundersch\u00f6ne Stadt <a href=\"https:\/\/www.urlaubcornwall.de\/blog\/urlaub-reisen-von-den-cotswolds-und-dem-land-shakespeares\/\">Oxford<\/a> wurde f\u00fcr etliche Drehorte in Hogwarts benutzt. Oxfords ber\u00fchmte Universit\u00e4ts-Bodleian Bibliothek taucht in 3 Harry Potter Filmen auf. Die ber\u00fchmte Divinity Halle mit ihrer Kuppeldecke wird als Krankenzimmer benutzt, wo sich Harry im \u201eStein der Weisen\u201c befindet. Die Duke Humphreys Bibliothek, der \u00e4lteste Lesesaal der Universit\u00e4t Oxfords stellt die Hogwarts Bibliothek dar. Besucher haben die M\u00f6glichkeit, eine Tour durch diese R\u00e4umlichkeiten zu machen.<\/p>\n<p>Die Kreuzg\u00e4nge am New College, Oxford, tauchen im \u201eFeuerkelch\u201c (2005) auf, wo Malfoy in ein Frettchen verwandelt wird. Die Treppe beim Christ Church College, Oxford, tritt im \u201eStein der Weisen\u201c in Erscheinung, und die Empfangshalle mit seiner hohen Decke und der Renaissance Pracht war Inspiration f\u00fcr Hogwarts Speisesaal. Wie auch in den anderen Pl\u00e4tzen der Universit\u00e4t Oxford, gibt es gef\u00fchrte Touren durch diese R\u00e4umlichkeiten.<\/p>\n<div class=\"snippet\"> <a class=\"featured-item\" href=\"https:\/\/www.urlaubcornwall.de\/ferienhaeuser.php\"> <span class=\"image-holder\" style=\"background-image: url(' https:\/\/www.urlaubcornwall.de\/blog\/wp-content\/uploads\/2024\/03\/ferienhaus-england-cornwall.jpg ');\"><\/span> <span class=\"featured-content\"> \n<h2 class=\"featured-title\">Ferienh\u00e4user in England, Schottland &#038; Wales<\/h2>\n<p class=\"featured-body\">Bei uns finden Sie Ferienh\u00e4user in Gro\u00dfbritannien zum Verlieben; so einfach ist das! UrlaubCornwall.de hat eine einzigartige Sammlung pers\u00f6nlich inspizierter Ferienh\u00e4user und Ferienwohnungen&#8230;.<\/p><\/span> <span class=\"featured-link-holder\"> <span class=\"featured-extra-info\"> \n<p>F\u00fcr Paare, Familien &#038; Gruppen<\/p>\n<\/span> \n<p class=\"featured-link\">DETAILS<\/p>\n<\/span> <\/a><\/div>\n<p>Die Gloucester Kathedrale ist eines der feinsten mittelalterlichen Geb\u00e4ude des Landes; seine au\u00dfergew\u00f6hnlichen Fan-gew\u00f6lbten Korridore tauchen in 3 der Harry Potter Filmen auf und sind leicht erkennbar als Korridore, die zum Gryffindor House f\u00fchren. Lacock Abbey, ein National Trust Geb\u00e4ude, liegt am Fluss Avon in Wiltshire und wird f\u00fcr die Klassenzimmerszenen in Hogwarts benutzt.<\/p>\n<p><img loading=\"lazy\" class=\"aligncenter size-full wp-image-47858\" src=\"https:\/\/www.urlaubcornwall.de\/blog\/wp-content\/uploads\/2024\/03\/harry-potter_Lavenham.jpg\" alt=\"harry-potter_Lavenham\" width=\"750\" height=\"500\" srcset=\"https:\/\/www.urlaubcornwall.de\/blog\/wp-content\/uploads\/2024\/03\/harry-potter_Lavenham.jpg 750w, https:\/\/www.urlaubcornwall.de\/blog\/wp-content\/uploads\/2024\/03\/harry-potter_Lavenham-300x200.jpg 300w\" sizes=\"(max-width: 750px) 100vw, 750px\" \/><\/p>\n<p>An der Ostk\u00fcste Englands ist das Dorf Lavenham in <a href=\"https:\/\/www.urlaubcornwall.de\/blog\/urlaub-in-suffolk-die-grafschaft-von-constable-und-das-zuhause-mittelalterlicher-staedte-und-doerfer\/\">Suffolk<\/a> mit seinen h\u00fcbschen Fachwerkh\u00e4usern der Geburtsort von Harry Potter. Das Haus namens de Vere House aus dem 14. Jahrhundert wird im erfundenen Dorf Godrics Hollow als Geburtshaus von Harry Potter dargestellt.<\/p>\n<p>Wenn Sie sich weiter Richtung Nordengland bewegen, so ist die Goathland Railway Station der Nord- Yorkshire Moors Railway der Bahnhof Hogsmeade, an dem der Hogwarts Express anh\u00e4lt. Diese Dampfmuseumsbahnlinie er\u00f6ffnete 1836 und f\u00fchrt durch die herrliche Landschaft von <a href=\"https:\/\/www.urlaubcornwall.de\/blog\/urlaub-reisen-durch-nordengland\/\">Yorkshire<\/a> von Whitby an der K\u00fcste nach Pickering.<\/p>\n<p>Die Durham Kathedrale ist eine der weltgr\u00f6\u00dften Kathedralen und ihre schneewei\u00dfen Kreuzg\u00e4nge treten im \u201eStein der Weisen\u201c mit Harry und seiner wei\u00dfen Eule Hedwig in Erscheinung. Im Schloss Alnwick, Northumberland, einem von Britanniens ikonischsten Schl\u00f6ssern und Zuhause des 12. Herzogs von Northumberland, erlernt Harry Potter mit seinen Freunden, auf einem Besenstiel zu fliegen.<\/p>\n<p>In <a href=\"https:\/\/www.urlaubcornwall.de\/blog\/entdecken-sie-schottland-britanniens-spektakulaerster-landschaft\/\">Schottland<\/a> wurden zahlreiche Au\u00dfenaufnahmen gedreht; es bietet den perfekten Hintergrund mit seiner zerkl\u00fcfteten Landschaft und atemberaubender Kulisse. Die Jacobite Dampfbahn f\u00fchrt an atemberaubender Landschaft vorbei von Fort William nach Mallaig, \u00fcber das Glenfinnan Viadukt, das im \u201eFeuerkelch\u201c (2005) auftaucht, sowie in der \u201eKammer des Schreckens\u201c (2002). Einige der dramatischsten Kulissen befinden sich um Glencoe herum; Loch Sheil, Loch Morar und Loch Eilt, wo Hagrid \u00fcber die Steine gleitet, tauchen allesamt in den Filmen auf. Hagrids H\u00fctte befindet sich an den H\u00e4ngen von Glencoe mit Blick \u00fcber Loch Torren. Bei Fort William, am Fu\u00dfe des Ben Nevis, dem h\u00f6chsten Berg Britanniens, befinden sich die Steall Falls, ein spektakul\u00e4rer Wasserfall mit dem zweith\u00f6chsten Fall Schottlands von 120m. Hier fand das Trimagische Turnier im \u201eFeuerkelch\u201c (2005) statt.<\/p>\n<p>Zur\u00fcck in England und Liverpool befindet sich der Queensway Tunnel (auch bekannt als Birkenhead Tunnel), ein Stra\u00dfentunnel unter dem Fluss Mersey. Hier rast Hagrid in den \u201eHeiligt\u00fcmern des Todes\u201c auf Sirius Blacks fliegendem Motorrad mit Harry im Beifahrersitz dahin.<\/p>\n<p>Und in <a href=\"https:\/\/www.urlaubcornwall.de\/blog\/besuchen-sie-wales-entdecken-sie-die-mythen-und-legenden\/\">Wales<\/a>, am Freshwater West Strand in Pembrokeshire, einem wundersch\u00f6nen Strand, der sich hervorragend zum Surfen eignet, finden Sie den Drehort des Shell Cottage, das im letzten Harry Potter Film, \u201eden Heiligt\u00fcmern des Todes\u201c in Erscheinung tritt. Das Haus ist nicht mehr dort, doch k\u00f6nnen Sie die Sch\u00f6nheit der Umgebung genie\u00dfen und einen Sinn f\u00fcr Geheimnisvolles ersp\u00fcren.<\/p>\n<p style=\"text-align: center;\"><strong><a class=\"tidycta\" href=\"http:\/\/www.urlaubcornwall.de\/anfrage.php?tourcode=Urlaub Harry Potter\">Urlaub Harry Potter Anfrage<\/a><\/strong><\/p>\n","protected":false},"excerpt":{"rendered":"<p>Auf den Spuren von Harry Potter: Urlaub in Gro\u00dfbritannien: Falls Sie ein Harry Potter Fan sind, k\u00f6nnen Sie neben der Warner Bros Studio Tour in Hertfordshire bei London auch die Filmschaupl\u00e4tze in Britannien besuchen. Wir haben den umfassenden F\u00fchrer geschaffen f\u00fcr Harry Potter Urlaub in Gro\u00dfbritannien. Viele von Londons ber\u00fchmtesten Sehensw\u00fcrdigkeiten tauchen in den Filmen [&hellip;]<\/p>\n","protected":false},"author":1,"featured_media":0,"parent":0,"menu_order":0,"comment_status":"closed","ping_status":"closed","template":"single-four.php","meta":[],"acf":[],"yoast_head":"<!-- This site is optimized with the Yoast SEO plugin v19.4 - https:\/\/yoast.com\/wordpress\/plugins\/seo\/ -->\n<title>Urlaub Harry Potter: England, Schottland und Wales - Urlaub &amp; Reisen<\/title>\n<meta name=\"description\" content=\"Auf den Spuren von Harry Potter: Urlaub in Gro\u00dfbritannien: Falls Sie ein Harry Potter Fan sind, k\u00f6nnen Sie neben der Warner Bros Studio Tour in Hertfordshire bei London auch die Filmschaupl\u00e4tze in Britannien besuchen. Wir haben den umfassenden F\u00fchrer geschaffen f\u00fcr Harry Potter Urlaub in Gro\u00dfbritannien.\" \/>\n<meta name=\"robots\" content=\"index, follow, max-snippet:-1, max-image-preview:large, max-video-preview:-1\" \/>\n<link rel=\"canonical\" href=\"https:\/\/www.urlaubcornwall.de\/blog\/auf-den-spuren-van-harry-potter-urlaub-in-grossbritannien\/\" \/>\n<meta property=\"og:locale\" content=\"en_US\" \/>\n<meta property=\"og:type\" content=\"article\" \/>\n<meta property=\"og:title\" content=\"Urlaub Harry Potter: England, Schottland und Wales - Urlaub &amp; Reisen\" \/>\n<meta property=\"og:description\" content=\"Auf den Spuren von Harry Potter: Urlaub in Gro\u00dfbritannien: Falls Sie ein Harry Potter Fan sind, k\u00f6nnen Sie neben der Warner Bros Studio Tour in Hertfordshire bei London auch die Filmschaupl\u00e4tze in Britannien besuchen. Wir haben den umfassenden F\u00fchrer geschaffen f\u00fcr Harry Potter Urlaub in Gro\u00dfbritannien.\" \/>\n<meta property=\"og:url\" content=\"https:\/\/www.urlaubcornwall.de\/blog\/auf-den-spuren-van-harry-potter-urlaub-in-grossbritannien\/\" \/>\n<meta property=\"og:site_name\" content=\"Urlaub &amp; Reisen\" \/>\n<meta property=\"article:modified_time\" content=\"2026-01-06T20:21:20+00:00\" \/>\n<meta property=\"og:image\" content=\"https:\/\/www.urlaubcornwall.de\/blog\/wp-content\/uploads\/2016\/02\/Alnwick_harry-potter.jpg\" \/>\n<meta name=\"twitter:card\" content=\"summary\" \/>\n<meta name=\"twitter:label1\" content=\"Est. reading time\" \/>\n\t<meta name=\"twitter:data1\" content=\"7 minutes\" \/>\n<script type=\"application\/ld+json\" class=\"yoast-schema-graph\">{\"@context\":\"https:\/\/schema.org\",\"@graph\":[{\"@type\":\"WebSite\",\"@id\":\"https:\/\/www.urlaubcornwall.de\/blog\/#website\",\"url\":\"https:\/\/www.urlaubcornwall.de\/blog\/\",\"name\":\"Urlaub &amp; Reisen\",\"description\":\"Urlaub, Reisen, Cornwall und S\u00fcdengland: eine perfekte Kombination\",\"potentialAction\":[{\"@type\":\"SearchAction\",\"target\":{\"@type\":\"EntryPoint\",\"urlTemplate\":\"https:\/\/www.urlaubcornwall.de\/blog\/?s={search_term_string}\"},\"query-input\":\"required name=search_term_string\"}],\"inLanguage\":\"en-US\"},{\"@type\":\"WebPage\",\"@id\":\"https:\/\/www.urlaubcornwall.de\/blog\/auf-den-spuren-van-harry-potter-urlaub-in-grossbritannien\/\",\"url\":\"https:\/\/www.urlaubcornwall.de\/blog\/auf-den-spuren-van-harry-potter-urlaub-in-grossbritannien\/\",\"name\":\"Urlaub Harry Potter: England, Schottland und Wales - Urlaub &amp; Reisen\",\"isPartOf\":{\"@id\":\"https:\/\/www.urlaubcornwall.de\/blog\/#website\"},\"datePublished\":\"2016-02-21T15:59:25+00:00\",\"dateModified\":\"2026-01-06T20:21:20+00:00\",\"description\":\"Auf den Spuren von Harry Potter: Urlaub in Gro\u00dfbritannien: Falls Sie ein Harry Potter Fan sind, k\u00f6nnen Sie neben der Warner Bros Studio Tour in Hertfordshire bei London auch die Filmschaupl\u00e4tze in Britannien besuchen. Wir haben den umfassenden F\u00fchrer geschaffen f\u00fcr Harry Potter Urlaub in Gro\u00dfbritannien.\",\"breadcrumb\":{\"@id\":\"https:\/\/www.urlaubcornwall.de\/blog\/auf-den-spuren-van-harry-potter-urlaub-in-grossbritannien\/#breadcrumb\"},\"inLanguage\":\"en-US\",\"potentialAction\":[{\"@type\":\"ReadAction\",\"target\":[\"https:\/\/www.urlaubcornwall.de\/blog\/auf-den-spuren-van-harry-potter-urlaub-in-grossbritannien\/\"]}]},{\"@type\":\"BreadcrumbList\",\"@id\":\"https:\/\/www.urlaubcornwall.de\/blog\/auf-den-spuren-van-harry-potter-urlaub-in-grossbritannien\/#breadcrumb\",\"itemListElement\":[{\"@type\":\"ListItem\",\"position\":1,\"name\":\"Home\",\"item\":\"https:\/\/www.urlaubcornwall.de\/blog\/\"},{\"@type\":\"ListItem\",\"position\":2,\"name\":\"Urlaub Harry Potter: England, Schottland und Wales\"}]}]}<\/script>\n<!-- \/ Yoast SEO plugin. -->","yoast_head_json":{"title":"Urlaub Harry Potter: England, Schottland und Wales - Urlaub &amp; Reisen","description":"Auf den Spuren von Harry Potter: Urlaub in Gro\u00dfbritannien: Falls Sie ein Harry Potter Fan sind, k\u00f6nnen Sie neben der Warner Bros Studio Tour in Hertfordshire bei London auch die Filmschaupl\u00e4tze in Britannien besuchen. Wir haben den umfassenden F\u00fchrer geschaffen f\u00fcr Harry Potter Urlaub in Gro\u00dfbritannien.","robots":{"index":"index","follow":"follow","max-snippet":"max-snippet:-1","max-image-preview":"max-image-preview:large","max-video-preview":"max-video-preview:-1"},"canonical":"https:\/\/www.urlaubcornwall.de\/blog\/auf-den-spuren-van-harry-potter-urlaub-in-grossbritannien\/","og_locale":"en_US","og_type":"article","og_title":"Urlaub Harry Potter: England, Schottland und Wales - Urlaub &amp; Reisen","og_description":"Auf den Spuren von Harry Potter: Urlaub in Gro\u00dfbritannien: Falls Sie ein Harry Potter Fan sind, k\u00f6nnen Sie neben der Warner Bros Studio Tour in Hertfordshire bei London auch die Filmschaupl\u00e4tze in Britannien besuchen. Wir haben den umfassenden F\u00fchrer geschaffen f\u00fcr Harry Potter Urlaub in Gro\u00dfbritannien.","og_url":"https:\/\/www.urlaubcornwall.de\/blog\/auf-den-spuren-van-harry-potter-urlaub-in-grossbritannien\/","og_site_name":"Urlaub &amp; Reisen","article_modified_time":"2026-01-06T20:21:20+00:00","og_image":[{"url":"https:\/\/www.urlaubcornwall.de\/blog\/wp-content\/uploads\/2016\/02\/Alnwick_harry-potter.jpg"}],"twitter_card":"summary","twitter_misc":{"Est. reading time":"7 minutes"},"schema":{"@context":"https:\/\/schema.org","@graph":[{"@type":"WebSite","@id":"https:\/\/www.urlaubcornwall.de\/blog\/#website","url":"https:\/\/www.urlaubcornwall.de\/blog\/","name":"Urlaub &amp; Reisen","description":"Urlaub, Reisen, Cornwall und S\u00fcdengland: eine perfekte Kombination","potentialAction":[{"@type":"SearchAction","target":{"@type":"EntryPoint","urlTemplate":"https:\/\/www.urlaubcornwall.de\/blog\/?s={search_term_string}"},"query-input":"required name=search_term_string"}],"inLanguage":"en-US"},{"@type":"WebPage","@id":"https:\/\/www.urlaubcornwall.de\/blog\/auf-den-spuren-van-harry-potter-urlaub-in-grossbritannien\/","url":"https:\/\/www.urlaubcornwall.de\/blog\/auf-den-spuren-van-harry-potter-urlaub-in-grossbritannien\/","name":"Urlaub Harry Potter: England, Schottland und Wales - Urlaub &amp; Reisen","isPartOf":{"@id":"https:\/\/www.urlaubcornwall.de\/blog\/#website"},"datePublished":"2016-02-21T15:59:25+00:00","dateModified":"2026-01-06T20:21:20+00:00","description":"Auf den Spuren von Harry Potter: Urlaub in Gro\u00dfbritannien: Falls Sie ein Harry Potter Fan sind, k\u00f6nnen Sie neben der Warner Bros Studio Tour in Hertfordshire bei London auch die Filmschaupl\u00e4tze in Britannien besuchen. Wir haben den umfassenden F\u00fchrer geschaffen f\u00fcr Harry Potter Urlaub in Gro\u00dfbritannien.","breadcrumb":{"@id":"https:\/\/www.urlaubcornwall.de\/blog\/auf-den-spuren-van-harry-potter-urlaub-in-grossbritannien\/#breadcrumb"},"inLanguage":"en-US","potentialAction":[{"@type":"ReadAction","target":["https:\/\/www.urlaubcornwall.de\/blog\/auf-den-spuren-van-harry-potter-urlaub-in-grossbritannien\/"]}]},{"@type":"BreadcrumbList","@id":"https:\/\/www.urlaubcornwall.de\/blog\/auf-den-spuren-van-harry-potter-urlaub-in-grossbritannien\/#breadcrumb","itemListElement":[{"@type":"ListItem","position":1,"name":"Home","item":"https:\/\/www.urlaubcornwall.de\/blog\/"},{"@type":"ListItem","position":2,"name":"Urlaub Harry Potter: England, Schottland und Wales"}]}]}},"_links":{"self":[{"href":"https:\/\/www.urlaubcornwall.de\/blog\/wp-json\/wp\/v2\/pages\/23146"}],"collection":[{"href":"https:\/\/www.urlaubcornwall.de\/blog\/wp-json\/wp\/v2\/pages"}],"about":[{"href":"https:\/\/www.urlaubcornwall.de\/blog\/wp-json\/wp\/v2\/types\/page"}],"author":[{"embeddable":true,"href":"https:\/\/www.urlaubcornwall.de\/blog\/wp-json\/wp\/v2\/users\/1"}],"replies":[{"embeddable":true,"href":"https:\/\/www.urlaubcornwall.de\/blog\/wp-json\/wp\/v2\/comments?post=23146"}],"version-history":[{"count":26,"href":"https:\/\/www.urlaubcornwall.de\/blog\/wp-json\/wp\/v2\/pages\/23146\/revisions"}],"predecessor-version":[{"id":51988,"href":"https:\/\/www.urlaubcornwall.de\/blog\/wp-json\/wp\/v2\/pages\/23146\/revisions\/51988"}],"wp:attachment":[{"href":"https:\/\/www.urlaubcornwall.de\/blog\/wp-json\/wp\/v2\/media?parent=23146"}],"curies":[{"name":"wp","href":"https:\/\/api.w.org\/{rel}","templated":true}]}}