{"id":23074,"date":"2016-02-13T12:21:31","date_gmt":"2016-02-13T12:21:31","guid":{"rendered":"https:\/\/www.urlaubcornwall.de\/blog\/?page_id=23074"},"modified":"2024-05-30T12:06:44","modified_gmt":"2024-05-30T12:06:44","slug":"wunderschoene-ferienhaeuser-in-der-naehe-gaerten-und-attraktionen-cornwalls","status":"publish","type":"page","link":"https:\/\/www.urlaubcornwall.de\/blog\/wunderschoene-ferienhaeuser-in-der-naehe-gaerten-und-attraktionen-cornwalls\/","title":{"rendered":"Wundersch\u00f6ne Ferienh\u00e4user in der N\u00e4he G\u00e4rten und Attraktionen Cornwalls."},"content":{"rendered":"<p><a href=\"https:\/\/www.urlaubcornwall.de\/blog\/wp-content\/uploads\/2024\/03\/gartenreise-england.jpg\"><img loading=\"lazy\" src=\"https:\/\/www.urlaubcornwall.de\/blog\/wp-content\/uploads\/2024\/03\/gartenreise-england.jpg\" alt=\"gartenreise-england\" width=\"742\" height=\"426\" class=\"alignnone size-full wp-image-47912\" srcset=\"https:\/\/www.urlaubcornwall.de\/blog\/wp-content\/uploads\/2024\/03\/gartenreise-england.jpg 742w, https:\/\/www.urlaubcornwall.de\/blog\/wp-content\/uploads\/2024\/03\/gartenreise-england-300x172.jpg 300w\" sizes=\"(max-width: 742px) 100vw, 742px\" \/><\/a><\/p>\n<p style=\"text-align: center;\"><strong>Bei uns finden Sie Ferienh\u00e4user zum Verlieben &#8211; so einfach ist das!<\/strong> In der N\u00e4he von Cornwalls ber\u00fchmten G\u00e4rten, historischen H\u00e4usern und Attraktionen haben wir die beste Auswahl handverlesener und pers\u00f6nlich inspizierter <span style=\"text-decoration: underline;\"><a href=\"https:\/\/www.urlaubcornwall.de\/ferienhaeuser\/cornwall.php\">Ferienh\u00e4user und Ferienwohnungen<\/a><\/span>.<\/p>\n<p style=\"text-align: center;\"><a class=\"tidycta\" href=\"https:\/\/www.urlaubcornwall.de\/ferienhaeuser\/cornwall.php\">Suche Ferienh\u00e4user Cornwall<\/a><\/p>\n<p style=\"text-align: center;\">Aufgrund seines milden K\u00fcstenklimas ist Cornwall Zuhause der spektakul\u00e4rsten G\u00e4rten der Nation. Am bekanntesten sind die gro\u00dfartigen G\u00e4rten Cornwalls, die ins 19. Jahrhundert zur\u00fcckreichen und mit Fr\u00fcchten von viktorianischen Expeditionen gepflanzt wurden, w\u00e4hrend derer nach Pflanzen gejagd wurde. Doch auch hier gibt es eine gro\u00dfe Vielfalt. Von G\u00e4rten in Waldgebieten bis hin zu Landschaftsparkanlagen und subtropischen Lichtungen, so gibt es Interessantes selbst f\u00fcr den ernsthaftesten G\u00e4rtner.<\/p>\n<p style=\"text-align: center;\"><strong>Sehensw\u00fcrdigkeiten Cornwall Karte<\/strong><\/p>\n<p><iframe loading=\"lazy\" src=\"https:\/\/www.google.com\/maps\/d\/u\/0\/embed?mid=zPZ6ttwx7pSg.kPuXl1bas_VE\" height=\"480\" width=\"640\"><\/iframe><\/p>\n","protected":false},"excerpt":{"rendered":"<p>Bei uns finden Sie Ferienh\u00e4user zum Verlieben &#8211; so einfach ist das! In der N\u00e4he von Cornwalls ber\u00fchmten G\u00e4rten, historischen H\u00e4usern und Attraktionen haben wir die beste Auswahl handverlesener und pers\u00f6nlich inspizierter Ferienh\u00e4user und Ferienwohnungen. Suche Ferienh\u00e4user Cornwall Aufgrund seines milden K\u00fcstenklimas ist Cornwall Zuhause der spektakul\u00e4rsten G\u00e4rten der Nation. Am bekanntesten sind die gro\u00dfartigen [&hellip;]<\/p>\n","protected":false},"author":1,"featured_media":0,"parent":0,"menu_order":0,"comment_status":"closed","ping_status":"closed","template":"single-four.php","meta":[],"acf":[],"yoast_head":"<!-- This site is optimized with the Yoast SEO plugin v19.4 - https:\/\/yoast.com\/wordpress\/plugins\/seo\/ -->\n<title>Wundersch\u00f6ne Ferienh\u00e4user in der N\u00e4he G\u00e4rten und Attraktionen Cornwalls. - Urlaub &amp; Reisen<\/title>\n<meta name=\"robots\" content=\"index, follow, max-snippet:-1, max-image-preview:large, max-video-preview:-1\" \/>\n<link rel=\"canonical\" href=\"https:\/\/www.urlaubcornwall.de\/blog\/wunderschoene-ferienhaeuser-in-der-naehe-gaerten-und-attraktionen-cornwalls\/\" \/>\n<meta property=\"og:locale\" content=\"en_US\" \/>\n<meta property=\"og:type\" content=\"article\" \/>\n<meta property=\"og:title\" content=\"Wundersch\u00f6ne Ferienh\u00e4user in der N\u00e4he G\u00e4rten und Attraktionen Cornwalls. - Urlaub &amp; Reisen\" \/>\n<meta property=\"og:description\" content=\"Bei uns finden Sie Ferienh\u00e4user zum Verlieben &#8211; so einfach ist das! In der N\u00e4he von Cornwalls ber\u00fchmten G\u00e4rten, historischen H\u00e4usern und Attraktionen haben wir die beste Auswahl handverlesener und pers\u00f6nlich inspizierter Ferienh\u00e4user und Ferienwohnungen. Suche Ferienh\u00e4user Cornwall Aufgrund seines milden K\u00fcstenklimas ist Cornwall Zuhause der spektakul\u00e4rsten G\u00e4rten der Nation. Am bekanntesten sind die gro\u00dfartigen [&hellip;]\" \/>\n<meta property=\"og:url\" content=\"https:\/\/www.urlaubcornwall.de\/blog\/wunderschoene-ferienhaeuser-in-der-naehe-gaerten-und-attraktionen-cornwalls\/\" \/>\n<meta property=\"og:site_name\" content=\"Urlaub &amp; Reisen\" \/>\n<meta property=\"article:modified_time\" content=\"2024-05-30T12:06:44+00:00\" \/>\n<meta property=\"og:image\" content=\"https:\/\/www.urlaubcornwall.de\/blog\/wp-content\/uploads\/2024\/03\/gartenreise-england.jpg\" \/>\n<meta name=\"twitter:card\" content=\"summary\" \/>\n<meta name=\"twitter:label1\" content=\"Est. reading time\" \/>\n\t<meta name=\"twitter:data1\" content=\"1 minute\" \/>\n<script type=\"application\/ld+json\" class=\"yoast-schema-graph\">{\"@context\":\"https:\/\/schema.org\",\"@graph\":[{\"@type\":\"WebSite\",\"@id\":\"https:\/\/www.urlaubcornwall.de\/blog\/#website\",\"url\":\"https:\/\/www.urlaubcornwall.de\/blog\/\",\"name\":\"Urlaub &amp; Reisen\",\"description\":\"Urlaub, Reisen, Cornwall und S\u00fcdengland: eine perfekte Kombination\",\"potentialAction\":[{\"@type\":\"SearchAction\",\"target\":{\"@type\":\"EntryPoint\",\"urlTemplate\":\"https:\/\/www.urlaubcornwall.de\/blog\/?s={search_term_string}\"},\"query-input\":\"required name=search_term_string\"}],\"inLanguage\":\"en-US\"},{\"@type\":\"WebPage\",\"@id\":\"https:\/\/www.urlaubcornwall.de\/blog\/wunderschoene-ferienhaeuser-in-der-naehe-gaerten-und-attraktionen-cornwalls\/\",\"url\":\"https:\/\/www.urlaubcornwall.de\/blog\/wunderschoene-ferienhaeuser-in-der-naehe-gaerten-und-attraktionen-cornwalls\/\",\"name\":\"Wundersch\u00f6ne Ferienh\u00e4user in der N\u00e4he G\u00e4rten und Attraktionen Cornwalls. - Urlaub &amp; Reisen\",\"isPartOf\":{\"@id\":\"https:\/\/www.urlaubcornwall.de\/blog\/#website\"},\"datePublished\":\"2016-02-13T12:21:31+00:00\",\"dateModified\":\"2024-05-30T12:06:44+00:00\",\"breadcrumb\":{\"@id\":\"https:\/\/www.urlaubcornwall.de\/blog\/wunderschoene-ferienhaeuser-in-der-naehe-gaerten-und-attraktionen-cornwalls\/#breadcrumb\"},\"inLanguage\":\"en-US\",\"potentialAction\":[{\"@type\":\"ReadAction\",\"target\":[\"https:\/\/www.urlaubcornwall.de\/blog\/wunderschoene-ferienhaeuser-in-der-naehe-gaerten-und-attraktionen-cornwalls\/\"]}]},{\"@type\":\"BreadcrumbList\",\"@id\":\"https:\/\/www.urlaubcornwall.de\/blog\/wunderschoene-ferienhaeuser-in-der-naehe-gaerten-und-attraktionen-cornwalls\/#breadcrumb\",\"itemListElement\":[{\"@type\":\"ListItem\",\"position\":1,\"name\":\"Home\",\"item\":\"https:\/\/www.urlaubcornwall.de\/blog\/\"},{\"@type\":\"ListItem\",\"position\":2,\"name\":\"Wundersch\u00f6ne Ferienh\u00e4user in der N\u00e4he G\u00e4rten und Attraktionen Cornwalls.\"}]}]}<\/script>\n<!-- \/ Yoast SEO plugin. -->","yoast_head_json":{"title":"Wundersch\u00f6ne Ferienh\u00e4user in der N\u00e4he G\u00e4rten und Attraktionen Cornwalls. - Urlaub &amp; Reisen","robots":{"index":"index","follow":"follow","max-snippet":"max-snippet:-1","max-image-preview":"max-image-preview:large","max-video-preview":"max-video-preview:-1"},"canonical":"https:\/\/www.urlaubcornwall.de\/blog\/wunderschoene-ferienhaeuser-in-der-naehe-gaerten-und-attraktionen-cornwalls\/","og_locale":"en_US","og_type":"article","og_title":"Wundersch\u00f6ne Ferienh\u00e4user in der N\u00e4he G\u00e4rten und Attraktionen Cornwalls. - Urlaub &amp; Reisen","og_description":"Bei uns finden Sie Ferienh\u00e4user zum Verlieben &#8211; so einfach ist das! In der N\u00e4he von Cornwalls ber\u00fchmten G\u00e4rten, historischen H\u00e4usern und Attraktionen haben wir die beste Auswahl handverlesener und pers\u00f6nlich inspizierter Ferienh\u00e4user und Ferienwohnungen. Suche Ferienh\u00e4user Cornwall Aufgrund seines milden K\u00fcstenklimas ist Cornwall Zuhause der spektakul\u00e4rsten G\u00e4rten der Nation. Am bekanntesten sind die gro\u00dfartigen [&hellip;]","og_url":"https:\/\/www.urlaubcornwall.de\/blog\/wunderschoene-ferienhaeuser-in-der-naehe-gaerten-und-attraktionen-cornwalls\/","og_site_name":"Urlaub &amp; Reisen","article_modified_time":"2024-05-30T12:06:44+00:00","og_image":[{"url":"https:\/\/www.urlaubcornwall.de\/blog\/wp-content\/uploads\/2024\/03\/gartenreise-england.jpg"}],"twitter_card":"summary","twitter_misc":{"Est. reading time":"1 minute"},"schema":{"@context":"https:\/\/schema.org","@graph":[{"@type":"WebSite","@id":"https:\/\/www.urlaubcornwall.de\/blog\/#website","url":"https:\/\/www.urlaubcornwall.de\/blog\/","name":"Urlaub &amp; Reisen","description":"Urlaub, Reisen, Cornwall und S\u00fcdengland: eine perfekte Kombination","potentialAction":[{"@type":"SearchAction","target":{"@type":"EntryPoint","urlTemplate":"https:\/\/www.urlaubcornwall.de\/blog\/?s={search_term_string}"},"query-input":"required name=search_term_string"}],"inLanguage":"en-US"},{"@type":"WebPage","@id":"https:\/\/www.urlaubcornwall.de\/blog\/wunderschoene-ferienhaeuser-in-der-naehe-gaerten-und-attraktionen-cornwalls\/","url":"https:\/\/www.urlaubcornwall.de\/blog\/wunderschoene-ferienhaeuser-in-der-naehe-gaerten-und-attraktionen-cornwalls\/","name":"Wundersch\u00f6ne Ferienh\u00e4user in der N\u00e4he G\u00e4rten und Attraktionen Cornwalls. - Urlaub &amp; Reisen","isPartOf":{"@id":"https:\/\/www.urlaubcornwall.de\/blog\/#website"},"datePublished":"2016-02-13T12:21:31+00:00","dateModified":"2024-05-30T12:06:44+00:00","breadcrumb":{"@id":"https:\/\/www.urlaubcornwall.de\/blog\/wunderschoene-ferienhaeuser-in-der-naehe-gaerten-und-attraktionen-cornwalls\/#breadcrumb"},"inLanguage":"en-US","potentialAction":[{"@type":"ReadAction","target":["https:\/\/www.urlaubcornwall.de\/blog\/wunderschoene-ferienhaeuser-in-der-naehe-gaerten-und-attraktionen-cornwalls\/"]}]},{"@type":"BreadcrumbList","@id":"https:\/\/www.urlaubcornwall.de\/blog\/wunderschoene-ferienhaeuser-in-der-naehe-gaerten-und-attraktionen-cornwalls\/#breadcrumb","itemListElement":[{"@type":"ListItem","position":1,"name":"Home","item":"https:\/\/www.urlaubcornwall.de\/blog\/"},{"@type":"ListItem","position":2,"name":"Wundersch\u00f6ne Ferienh\u00e4user in der N\u00e4he G\u00e4rten und Attraktionen Cornwalls."}]}]}},"_links":{"self":[{"href":"https:\/\/www.urlaubcornwall.de\/blog\/wp-json\/wp\/v2\/pages\/23074"}],"collection":[{"href":"https:\/\/www.urlaubcornwall.de\/blog\/wp-json\/wp\/v2\/pages"}],"about":[{"href":"https:\/\/www.urlaubcornwall.de\/blog\/wp-json\/wp\/v2\/types\/page"}],"author":[{"embeddable":true,"href":"https:\/\/www.urlaubcornwall.de\/blog\/wp-json\/wp\/v2\/users\/1"}],"replies":[{"embeddable":true,"href":"https:\/\/www.urlaubcornwall.de\/blog\/wp-json\/wp\/v2\/comments?post=23074"}],"version-history":[{"count":10,"href":"https:\/\/www.urlaubcornwall.de\/blog\/wp-json\/wp\/v2\/pages\/23074\/revisions"}],"predecessor-version":[{"id":50987,"href":"https:\/\/www.urlaubcornwall.de\/blog\/wp-json\/wp\/v2\/pages\/23074\/revisions\/50987"}],"wp:attachment":[{"href":"https:\/\/www.urlaubcornwall.de\/blog\/wp-json\/wp\/v2\/media?parent=23074"}],"curies":[{"name":"wp","href":"https:\/\/api.w.org\/{rel}","templated":true}]}}