{"id":22977,"date":"2016-02-02T17:28:24","date_gmt":"2016-02-02T17:28:24","guid":{"rendered":"https:\/\/www.urlaubcornwall.de\/blog\/?page_id=22977"},"modified":"2022-12-24T08:32:12","modified_gmt":"2022-12-24T08:32:12","slug":"kurztrip-cornwall-4-tage-oder-5-tage-package-cornwall-ab-e-199","status":"publish","type":"page","link":"https:\/\/www.urlaubcornwall.de\/blog\/kurztrip-cornwall-4-tage-oder-5-tage-package-cornwall-ab-e-199\/","title":{"rendered":"Kurztrip Cornwall &#8211; 4 Tage oder 5 Tage Package Cornwall"},"content":{"rendered":"<h3 style=\"text-align: left;\"><img loading=\"lazy\" class=\"aligncenter size-full wp-image-28786\" src=\"https:\/\/www.urlaubcornwall.de\/blog\/wp-content\/uploads\/2017\/08\/gyllyngvase-strand-falmouth.jpg\" alt=\"kurztrip cornwall \" width=\"748\" height=\"360\"\/><\/h3>\n<p style=\"text-align: left;\" align=\"justify\">G\u00f6nnen Sie sich eine kleine Auszeit in den malerischen Buchten der Rosamunde-Pilcher-Region. Sie k\u00f6nnen zwischen zwei Unterkunfts-Kategorien w\u00e4hlen. Entdecken Sie auf diesem <a href=\"https:\/\/www.urlaubcornwall.de\/reiseziel\/cornwall.php\">Kurztrip Cornwall<\/a> wahlweise in 4 oder auch in 5 Tagen das bezaubernde S\u00fcdengland.<\/p>\n<p style=\"text-align: left;\"><strong>Highlights:<\/strong> Newquay, Penzance, St. Ives, Falmouth, Land&#8217;s End, Truro, Torquay<\/p>\n<p style=\"text-align: left;\">4 Tage \/ 3 N\u00e4chte oder 5&nbsp;Tage \/&nbsp;4 N\u00e4chte | jeden Donnerstag und Sonntag | ab\/bis Newquay<\/p>\n<p><strong>Preise auf Anfrage 2023<\/strong><\/p>\n<h1 style=\"text-align: center;\"><strong><a class=\"tidycta\" href=\"http:\/\/www.urlaubcornwall.de\/anfrage.php?tourcode=ENGSELBST-Kurz\">Anfrage \/ Buchung<\/a><\/strong><\/h1>\n<p style=\"text-align: left;\"><strong>Tourbeschreibung<\/strong><\/p>\n<p style=\"text-align: left;\"><strong>1. Tag:&nbsp;Newquay\u2013 Falmouth\/Penzance<\/strong><\/p>\n<p style=\"text-align: left;\">Ankunft am Flughafen Newquay und \u00dcbernahme Ihres Leihautos (\u00fcber uns buchbar). Ihr Kurztrip Cornwall kann beginnen! Los geht es mit der Entdeckung Cornwalls. Sandstr\u00e4nde, Tintagel Castle, traditionelle Pubs und historische Bauwerke warten darauf, von Ihnen entdeckt zu werden. Erkunden Sie die Rosamunde-Pilcher-Region, die kleinen Hafenst\u00e4dtchen und das Dorfleben. Ob K\u00fcstenstadt oder im Hinterland, Cornwall zeigt Ihnen seine sch\u00f6nsten Seiten. 3 oder 4 \u00dcbernachtungen (je nach Package) im Raum Falmouth\/Penzance.<\/p>\n<p style=\"text-align: left;\">Tage zur freien Verf\u00fcgung. Dieser Fleck Erde ist Hauptattraktion und Kulisse zugleich. In dieser Region Englands finden Sie neben atemberaubenden Klippen und sch\u00f6nen Sandstr\u00e4nden auch imposante Gartenanlagen, romantische Fischerd\u00f6rfer, gr\u00fcne H\u00fcgellandschaften, historische Bauten und die englische Gastfreundschaft. Verpassen d\u00fcrfen Sie auf keinem Fall das Minack Theatre. Dieses einzigartige Freilufttheater wurde in die Felsen der K\u00fcste s\u00fcdlich von Land`s End gehauen, nahe dem Ort Portcourno. Zwischen Mai und September werden hier St\u00fccke unter freiem Himmel aufgef\u00fchrt. Das \u201eMinack\u201c wie die Menschen in Cornwa ll das Theater nennen, ist j\u00fcnger als man denkt, macht es doch den Eindruck als h\u00e4tten bereits die R\u00f6mer hier Trag\u00f6dien aufgef\u00fchrt. Auch die Erkundung der Lizard Peninsula bietet sich an. Die Halbinsel ist der s\u00fcdlichste Punkt der britischen Inseln und ein Naturschutzgebiet. Sechshundert Arten von Wildblumen soll es hier geben. Lizard ist voller Kontraste, von den sanften gr\u00fcnen Landschaften bis zu den dramatischen Klippen an der S\u00fcdspitze, Lizard Point, von wo sich ein herrlicher K\u00fcstenrundblick bietet. Ein sechseckiger Leuchtturm warnt hier vor den gef\u00e4hrlichen Klippen. In den winzigen Fischerd\u00f6rfern liegen bunte Boote an den Str\u00e4nden und malerische wei\u00dfe H\u00e4user schmiegen sich an die H\u00e4nge. Falls Sie etwas ganz besonderes erleben m\u00f6chten, empfehlen wir einen Ausflug zu den Scilly Inseln. \u00dcbernachtungen wie am Vortag.<\/p>\n<p style=\"text-align: left;\"><strong>4. bzw. 5. Tag: Heimreise<\/strong><\/p>\n<p style=\"text-align: left;\">Fahrt zum Flughafen Newquay, Abgabe Ihres Leihautos und R\u00fcckflug in Eigenregie.<\/p>\n<p style=\"text-align: left;\"><strong>Folgende Unterkunftskategorien stehen zur Auswahl:<\/strong><\/p>\n<p style=\"text-align: left;\"><strong>Bronze<\/strong> = Bed &amp; Breakfast Unterkunft (mit eigenem Bad)<\/p>\n<p style=\"text-align: left;\"><strong>Silber<\/strong> = Mittelklassehotel<\/p>\n<p style=\"text-align: left;\"><strong>Eingeschlossene Leistungen<\/strong><\/p>\n<p style=\"text-align: left;\">3 bzw. 4 \u00dcbernachtungen entweder in Bed &amp; Breakfast-Unterk\u00fcnften (Bronze-Kategorie)&nbsp;oder in 3-Sterne Hotels (Silber-Kategorie)<\/p>\n<p style=\"text-align: left;\">T\u00e4gliches Fr\u00fchst\u00fcck<\/p>\n<p style=\"text-align: left;\">1 Reisef\u00fchrer \u00fcber Cornwall<\/p>\n<p style=\"text-align: left;\"><strong>Nicht eingeschlossene Leistungen:<\/strong><\/p>\n<p style=\"text-align: left;\">Ryanair-Fl\u00fcge, Leihauto&nbsp;(bieten wir Ihnen gerne passend dazu an)<\/p>\n<p style=\"text-align: left;\">Pers\u00f6nliches, wie z.B. Mahlzeiten, Eintrittsgelder, Trinkgelder o.\u00e4.<\/p>\n<h1 style=\"text-align: center;\"><strong><a class=\"tidycta\" href=\"http:\/\/www.urlaubcornwall.de\/anfrage.php?tourcode=ENGSELBST-Kurz\">Anfrage \/ Buchung<\/a><\/strong><\/h1>\n<p style=\"text-align: left;\">UrlaubCornwall haben Touren im Angebot f\u00fcr Individualreisende. Hier finden Sie unsere Auswahl an fantastischen <a href=\"http:\/\/www.urlaubcornwall.de\/rundreisen\/grossbritannien.php\"><span style=\"text-decoration: underline;\">Rundreisen und Touren in Grossbritannien<\/span><\/a><strong>. <\/strong>Unsere Websitedetails zeigen lediglich eine kleine Auswahl dessen, was wir anbieten k\u00f6nnen. Wir stellen Ihnen gerne ein <a href=\"http:\/\/www.urlaubcornwall.de\/anfrage.php\"><span style=\"text-decoration: underline;\">unverbindliches Angebot<\/span><\/a> mit allen Fl\u00fcgen und Transfers f\u00fcr Ihre Grossbritannien Reise zusammen.<\/p>\n","protected":false},"excerpt":{"rendered":"<p>G\u00f6nnen Sie sich eine kleine Auszeit in den malerischen Buchten der Rosamunde-Pilcher-Region. Sie k\u00f6nnen zwischen zwei Unterkunfts-Kategorien w\u00e4hlen. Entdecken Sie auf diesem Kurztrip Cornwall wahlweise in 4 oder auch in 5 Tagen das bezaubernde S\u00fcdengland. Highlights: Newquay, Penzance, St. Ives, Falmouth, Land&#8217;s End, Truro, Torquay 4 Tage \/ 3 N\u00e4chte oder 5&nbsp;Tage \/&nbsp;4 N\u00e4chte | [&hellip;]<\/p>\n","protected":false},"author":1,"featured_media":0,"parent":0,"menu_order":0,"comment_status":"closed","ping_status":"closed","template":"single-four.php","meta":[],"acf":[],"yoast_head":"<!-- This site is optimized with the Yoast SEO plugin v19.4 - https:\/\/yoast.com\/wordpress\/plugins\/seo\/ -->\n<title>Kurztrip Cornwall - 4 Tage oder 5 Tage Package Cornwall - Urlaub &amp; Reisen<\/title>\n<meta name=\"robots\" content=\"index, follow, max-snippet:-1, max-image-preview:large, max-video-preview:-1\" \/>\n<link rel=\"canonical\" href=\"https:\/\/www.urlaubcornwall.de\/blog\/kurztrip-cornwall-4-tage-oder-5-tage-package-cornwall-ab-e-199\/\" \/>\n<meta property=\"og:locale\" content=\"en_US\" \/>\n<meta property=\"og:type\" content=\"article\" \/>\n<meta property=\"og:title\" content=\"Kurztrip Cornwall - 4 Tage oder 5 Tage Package Cornwall - Urlaub &amp; Reisen\" \/>\n<meta property=\"og:description\" content=\"G\u00f6nnen Sie sich eine kleine Auszeit in den malerischen Buchten der Rosamunde-Pilcher-Region. Sie k\u00f6nnen zwischen zwei Unterkunfts-Kategorien w\u00e4hlen. Entdecken Sie auf diesem Kurztrip Cornwall wahlweise in 4 oder auch in 5 Tagen das bezaubernde S\u00fcdengland. Highlights: Newquay, Penzance, St. Ives, Falmouth, Land&#8217;s End, Truro, Torquay 4 Tage \/ 3 N\u00e4chte oder 5&nbsp;Tage \/&nbsp;4 N\u00e4chte | [&hellip;]\" \/>\n<meta property=\"og:url\" content=\"https:\/\/www.urlaubcornwall.de\/blog\/kurztrip-cornwall-4-tage-oder-5-tage-package-cornwall-ab-e-199\/\" \/>\n<meta property=\"og:site_name\" content=\"Urlaub &amp; Reisen\" \/>\n<meta property=\"article:modified_time\" content=\"2022-12-24T08:32:12+00:00\" \/>\n<meta property=\"og:image\" content=\"https:\/\/www.urlaubcornwall.de\/blog\/wp-content\/uploads\/2017\/08\/gyllyngvase-strand-falmouth.jpg\" \/>\n<meta name=\"twitter:card\" content=\"summary\" \/>\n<meta name=\"twitter:label1\" content=\"Est. reading time\" \/>\n\t<meta name=\"twitter:data1\" content=\"3 minutes\" \/>\n<script type=\"application\/ld+json\" class=\"yoast-schema-graph\">{\"@context\":\"https:\/\/schema.org\",\"@graph\":[{\"@type\":\"WebSite\",\"@id\":\"https:\/\/www.urlaubcornwall.de\/blog\/#website\",\"url\":\"https:\/\/www.urlaubcornwall.de\/blog\/\",\"name\":\"Urlaub &amp; Reisen\",\"description\":\"Urlaub, Reisen, Cornwall und S\u00fcdengland: eine perfekte Kombination\",\"potentialAction\":[{\"@type\":\"SearchAction\",\"target\":{\"@type\":\"EntryPoint\",\"urlTemplate\":\"https:\/\/www.urlaubcornwall.de\/blog\/?s={search_term_string}\"},\"query-input\":\"required name=search_term_string\"}],\"inLanguage\":\"en-US\"},{\"@type\":\"WebPage\",\"@id\":\"https:\/\/www.urlaubcornwall.de\/blog\/kurztrip-cornwall-4-tage-oder-5-tage-package-cornwall-ab-e-199\/\",\"url\":\"https:\/\/www.urlaubcornwall.de\/blog\/kurztrip-cornwall-4-tage-oder-5-tage-package-cornwall-ab-e-199\/\",\"name\":\"Kurztrip Cornwall - 4 Tage oder 5 Tage Package Cornwall - Urlaub &amp; Reisen\",\"isPartOf\":{\"@id\":\"https:\/\/www.urlaubcornwall.de\/blog\/#website\"},\"datePublished\":\"2016-02-02T17:28:24+00:00\",\"dateModified\":\"2022-12-24T08:32:12+00:00\",\"breadcrumb\":{\"@id\":\"https:\/\/www.urlaubcornwall.de\/blog\/kurztrip-cornwall-4-tage-oder-5-tage-package-cornwall-ab-e-199\/#breadcrumb\"},\"inLanguage\":\"en-US\",\"potentialAction\":[{\"@type\":\"ReadAction\",\"target\":[\"https:\/\/www.urlaubcornwall.de\/blog\/kurztrip-cornwall-4-tage-oder-5-tage-package-cornwall-ab-e-199\/\"]}]},{\"@type\":\"BreadcrumbList\",\"@id\":\"https:\/\/www.urlaubcornwall.de\/blog\/kurztrip-cornwall-4-tage-oder-5-tage-package-cornwall-ab-e-199\/#breadcrumb\",\"itemListElement\":[{\"@type\":\"ListItem\",\"position\":1,\"name\":\"Home\",\"item\":\"https:\/\/www.urlaubcornwall.de\/blog\/\"},{\"@type\":\"ListItem\",\"position\":2,\"name\":\"Kurztrip Cornwall &#8211; 4 Tage oder 5 Tage Package Cornwall\"}]}]}<\/script>\n<!-- \/ Yoast SEO plugin. -->","yoast_head_json":{"title":"Kurztrip Cornwall - 4 Tage oder 5 Tage Package Cornwall - Urlaub &amp; Reisen","robots":{"index":"index","follow":"follow","max-snippet":"max-snippet:-1","max-image-preview":"max-image-preview:large","max-video-preview":"max-video-preview:-1"},"canonical":"https:\/\/www.urlaubcornwall.de\/blog\/kurztrip-cornwall-4-tage-oder-5-tage-package-cornwall-ab-e-199\/","og_locale":"en_US","og_type":"article","og_title":"Kurztrip Cornwall - 4 Tage oder 5 Tage Package Cornwall - Urlaub &amp; Reisen","og_description":"G\u00f6nnen Sie sich eine kleine Auszeit in den malerischen Buchten der Rosamunde-Pilcher-Region. Sie k\u00f6nnen zwischen zwei Unterkunfts-Kategorien w\u00e4hlen. Entdecken Sie auf diesem Kurztrip Cornwall wahlweise in 4 oder auch in 5 Tagen das bezaubernde S\u00fcdengland. Highlights: Newquay, Penzance, St. Ives, Falmouth, Land&#8217;s End, Truro, Torquay 4 Tage \/ 3 N\u00e4chte oder 5&nbsp;Tage \/&nbsp;4 N\u00e4chte | [&hellip;]","og_url":"https:\/\/www.urlaubcornwall.de\/blog\/kurztrip-cornwall-4-tage-oder-5-tage-package-cornwall-ab-e-199\/","og_site_name":"Urlaub &amp; Reisen","article_modified_time":"2022-12-24T08:32:12+00:00","og_image":[{"url":"https:\/\/www.urlaubcornwall.de\/blog\/wp-content\/uploads\/2017\/08\/gyllyngvase-strand-falmouth.jpg"}],"twitter_card":"summary","twitter_misc":{"Est. reading time":"3 minutes"},"schema":{"@context":"https:\/\/schema.org","@graph":[{"@type":"WebSite","@id":"https:\/\/www.urlaubcornwall.de\/blog\/#website","url":"https:\/\/www.urlaubcornwall.de\/blog\/","name":"Urlaub &amp; Reisen","description":"Urlaub, Reisen, Cornwall und S\u00fcdengland: eine perfekte Kombination","potentialAction":[{"@type":"SearchAction","target":{"@type":"EntryPoint","urlTemplate":"https:\/\/www.urlaubcornwall.de\/blog\/?s={search_term_string}"},"query-input":"required name=search_term_string"}],"inLanguage":"en-US"},{"@type":"WebPage","@id":"https:\/\/www.urlaubcornwall.de\/blog\/kurztrip-cornwall-4-tage-oder-5-tage-package-cornwall-ab-e-199\/","url":"https:\/\/www.urlaubcornwall.de\/blog\/kurztrip-cornwall-4-tage-oder-5-tage-package-cornwall-ab-e-199\/","name":"Kurztrip Cornwall - 4 Tage oder 5 Tage Package Cornwall - Urlaub &amp; Reisen","isPartOf":{"@id":"https:\/\/www.urlaubcornwall.de\/blog\/#website"},"datePublished":"2016-02-02T17:28:24+00:00","dateModified":"2022-12-24T08:32:12+00:00","breadcrumb":{"@id":"https:\/\/www.urlaubcornwall.de\/blog\/kurztrip-cornwall-4-tage-oder-5-tage-package-cornwall-ab-e-199\/#breadcrumb"},"inLanguage":"en-US","potentialAction":[{"@type":"ReadAction","target":["https:\/\/www.urlaubcornwall.de\/blog\/kurztrip-cornwall-4-tage-oder-5-tage-package-cornwall-ab-e-199\/"]}]},{"@type":"BreadcrumbList","@id":"https:\/\/www.urlaubcornwall.de\/blog\/kurztrip-cornwall-4-tage-oder-5-tage-package-cornwall-ab-e-199\/#breadcrumb","itemListElement":[{"@type":"ListItem","position":1,"name":"Home","item":"https:\/\/www.urlaubcornwall.de\/blog\/"},{"@type":"ListItem","position":2,"name":"Kurztrip Cornwall &#8211; 4 Tage oder 5 Tage Package Cornwall"}]}]}},"_links":{"self":[{"href":"https:\/\/www.urlaubcornwall.de\/blog\/wp-json\/wp\/v2\/pages\/22977"}],"collection":[{"href":"https:\/\/www.urlaubcornwall.de\/blog\/wp-json\/wp\/v2\/pages"}],"about":[{"href":"https:\/\/www.urlaubcornwall.de\/blog\/wp-json\/wp\/v2\/types\/page"}],"author":[{"embeddable":true,"href":"https:\/\/www.urlaubcornwall.de\/blog\/wp-json\/wp\/v2\/users\/1"}],"replies":[{"embeddable":true,"href":"https:\/\/www.urlaubcornwall.de\/blog\/wp-json\/wp\/v2\/comments?post=22977"}],"version-history":[{"count":24,"href":"https:\/\/www.urlaubcornwall.de\/blog\/wp-json\/wp\/v2\/pages\/22977\/revisions"}],"predecessor-version":[{"id":45691,"href":"https:\/\/www.urlaubcornwall.de\/blog\/wp-json\/wp\/v2\/pages\/22977\/revisions\/45691"}],"wp:attachment":[{"href":"https:\/\/www.urlaubcornwall.de\/blog\/wp-json\/wp\/v2\/media?parent=22977"}],"curies":[{"name":"wp","href":"https:\/\/api.w.org\/{rel}","templated":true}]}}