{"id":22922,"date":"2016-01-27T13:56:43","date_gmt":"2016-01-27T13:56:43","guid":{"rendered":"https:\/\/www.urlaubcornwall.de\/blog\/?page_id=22922"},"modified":"2024-05-29T11:07:09","modified_gmt":"2024-05-29T11:07:09","slug":"reisen-irland-malerische-routen-mit-auto-durch-irland","status":"publish","type":"page","link":"https:\/\/www.urlaubcornwall.de\/blog\/reisen-irland-malerische-routen-mit-auto-durch-irland\/","title":{"rendered":"Reisen Irland: Malerische Routen mit Auto durch Irland"},"content":{"rendered":"<p>Irland ist ein Land dramatischer Landschaften und charmanter St\u00e4dte mit herzlichen, freundlichen Menschen. Es wartet geradezu darauf, w\u00e4hrend <a href=\"https:\/\/www.urlaubcornwall.de\/blog\/rundreisen-irland\/\">einer Reise oder Rundreise entlang einiger malerischer Stra\u00dfen erkundet zu werden<\/a>. Diese sind nicht nur Mittel, um von A nach B zu gelangen. Nehmen Sie sich Zeit, um die malerische Reise zu genie\u00dfen. Hier finden sie unsere Lieblingsstrecken&#8230;.<\/p>\n<p><a href=\"https:\/\/www.urlaubcornwall.de\/blog\/wp-content\/uploads\/2024\/03\/cliffs-of-moher-irland.jpg\"><img loading=\"lazy\" src=\"https:\/\/www.urlaubcornwall.de\/blog\/wp-content\/uploads\/2024\/03\/cliffs-of-moher-irland.jpg\" alt=\"cliffs of moher irland\" width=\"750\" height=\"500\" class=\"alignnone size-full wp-image-47810\" srcset=\"https:\/\/www.urlaubcornwall.de\/blog\/wp-content\/uploads\/2024\/03\/cliffs-of-moher-irland.jpg 750w, https:\/\/www.urlaubcornwall.de\/blog\/wp-content\/uploads\/2024\/03\/cliffs-of-moher-irland-300x200.jpg 300w\" sizes=\"(max-width: 750px) 100vw, 750px\" \/><\/a><\/p>\n<p><strong>Der wilde atlantische Highway<\/strong> &#8211; Von Donegal nach Cork erstreckt sich der Wild Atlantic Highway \u00fcber eine Strecke von 2500km, die l\u00e4ngste Reiseroute der Welt. Diese atemberaubende Fahrt umfasst die herrlich dramatische K\u00fcstenlandschaft und mehr als 150 Sehensw\u00fcrdigkeiten. Von Malin Head, Donegal, dem n\u00f6rdlichsten Punkt, lassen sich die Nordlichter gro\u00dfartig beobachten. Auf der Donegal Halbinsel wurde die Ballymastocker Bucht zum zweitsch\u00f6nsten Strand der Welt erkl\u00e4rt. Bei Sliab Liag haben Sie den sch\u00f6nsten Blick \u00fcber den Ozean, und bei Mullaghmore ziehen die Wellen des Atlantik Wassersportbegeisterte und Surfer aus der ganzen Welt an. Killary Harbour, einer von drei Gletscherfjorden befindet sich in der zerkl\u00fcfteten und dramatischen Landschaft Connemara. Die Klippen Mohr sind eine Ausdehnung von 8km blanker Klippen mit atemberaubendem Blick \u00fcber den Atlantik. Machen Sie an der Halbinsel Loophead eine Bootsfahrt, um einige der 160 Delfine zu sehen, die dort leben. The Skelligs, eine UNESCO Weltkulturerbest\u00e4tte ist ein 13oo Jahre alter Pilgerort. Weiter s\u00fcdlich in Cork ist die Insel Dursey die westlichste bewohnte Insel und erreichbar mit Irlands einziger Seilbahn. The Head of Kinsale, diese bezaubernde Landspitze Corks beherbergt einen malerischen Leuchtturm des 17. Jahrhunderts. Dies sind nur einige der H\u00f6hepunkte des Wild Atlantic Highways.<\/p>\n<p><a href=\"https:\/\/www.urlaubcornwall.de\/blog\/wp-content\/uploads\/2024\/03\/Shannon-fluss.jpg\"><img loading=\"lazy\" src=\"https:\/\/www.urlaubcornwall.de\/blog\/wp-content\/uploads\/2024\/03\/Shannon-fluss.jpg\" alt=\"Shannon-fluss\" width=\"750\" height=\"477\" class=\"alignnone size-full wp-image-47851\" srcset=\"https:\/\/www.urlaubcornwall.de\/blog\/wp-content\/uploads\/2024\/03\/Shannon-fluss.jpg 750w, https:\/\/www.urlaubcornwall.de\/blog\/wp-content\/uploads\/2024\/03\/Shannon-fluss-300x191.jpg 300w\" sizes=\"(max-width: 750px) 100vw, 750px\" \/><\/a><\/p>\n<p><strong>Von Dublin nach Galway<\/strong> &#8211; Diese 208km lange Fahrt durch Irland f\u00fchrt vorbei an einigen der romantischsten Schl\u00f6sser und eindrucksvollen Burgen des Landes. Die Strecke entlang der M6 f\u00fchrt Sie am Martello Tower in Dublin vorbei, einst das Zuhause von James Joyce. In Trim befindet sich Irlands gr\u00f6\u00dfte normannische Burg. Athlone im Zentrum Irlands an den Ufern des Flusses Shannon ist der perfekte Ausgangsort, um die Gegend zu erkunden. Bevor Sie in Galway ankommen, machen Sie Halt in Atherny, einer charmanten mittelalterlichen Stadt mit Stadtmauer.<\/p>\n<p><img loading=\"lazy\" class=\"aligncenter size-full wp-image-22925\" src=\"https:\/\/www.urlaubcornwall.de\/blog\/wp-content\/uploads\/2016\/01\/Blarney_schloss_irland_reisen.jpg\" alt=\"Blarney_schloss_irland_reisen\" width=\"746\" height=\"330\" srcset=\"https:\/\/www.urlaubcornwall.de\/blog\/wp-content\/uploads\/2016\/01\/Blarney_schloss_irland_reisen.jpg 746w, https:\/\/www.urlaubcornwall.de\/blog\/wp-content\/uploads\/2016\/01\/Blarney_schloss_irland_reisen-300x133.jpg 300w\" sizes=\"(max-width: 746px) 100vw, 746px\" \/><\/p>\n<p><strong>Von Kerry nach Cork<\/strong> &#8211; Die Fahrt von Kerry nach Cork f\u00fchrt auf der N22 ungef\u00e4hr 100km \u00fcber Land; der Killarney Nationalpark befindet sich am Fu\u00dfe der McGillycuddys Reeks, mit \u00fcber 1000m der h\u00f6chsten Bergkette Irlands. Hier finden Sie die weltbekannten Killarney Seen. Die Berge, Seen, W\u00e4lder und Wasserf\u00e4lle lassen dies zu einer wahrhaft magischen Landschaft werden. An der Burg Blarney, 8km von Cork entfernt, d\u00fcrfen Sie nicht vergessen, den Blarney Stein zu k\u00fcssen, und Sie werden nie mehr sprachlos sein.<\/p>\n<p><strong>Von Dublin nach Portlaoise<\/strong> &#8211; Fahren Sie von Dublin in die lebendige Stadt Portlaoise, vorbei am Wicklow Mountains Nationalpark, und die Reise wird ungef\u00e4hr 163km lang sein. Machen Sie Halt am Powerscourt Haus und den G\u00e4rten, picknicken Sie am ber\u00fchmten Wasserfall und fahren Sie dann durch den Wicklow Mountains Nationalpark und malerische D\u00f6rfer wie Laragh, sowie das wundersch\u00f6ne Tal Glendalough mit seiner weltbekannten Klosteranlage, die im 6. Jahrhundert vom Heiligen Kevin gegr\u00fcndet wurde. Fahren Sie weiter nach Kildare, einer Stadt, die reich an Geschichte und Kultur ist, bevor Sie dann in Portlaoise ankommen.<\/p>\n<div class=\"snippet\"> <a class=\"featured-item\" href=\" https:\/\/www.urlaubcornwall.de\/blog\/rundreisen-irland\/\"> <span class=\"image-holder\" style=\"background-image: url(' https:\/\/www.urlaubcornwall.de\/blog\/wp-content\/uploads\/2019\/01\/wild-atlantic-way-irland.jpg');\"><\/span> <span class=\"featured-content\"> \n<h2 class=\"featured-title\">Eine fantastische Auswahl an Rundreisen<\/h2>\n<p class=\"featured-body\">Von den Sehensw\u00fcrdigkeiten von Irlands Wild Atlantic Way, einer herrlichen K\u00fcstenroute von Cork nach Connemara und Donegal bis hin zu einer Flucht auf eine irische Insel \u2013 so k\u00f6nnen wir den idealen irischen Urlaub schlechthin f\u00fcr Sie entwerfen&#8230;&#8230;..<\/p>\n<\/span> <span class=\"featured-link-holder\"> <span class=\"featured-extra-info\"> \n<p>F\u00fcr Paare, Familien &#038; Gruppen<\/p>\n<\/span> \n<p class=\"featured-link\">DETAILS<\/p>\n<\/span> <\/a><\/div>\n<p><strong>Unser Rundreisenservice &#8211;<\/strong> Wir bieten eine fantastische Auswahl an Rundreisen mit den beliebtesten Attraktionen und St\u00e4dten in Irland. Wir haben <a href=\"http:\/\/www.urlaubcornwall.de\/rundreisenservice.php\">ein Team Deutsch sprechender Experten<\/a>, so dass wir eine individuelle Rundreise durch <a href=\"https:\/\/www.urlaubcornwall.de\/reiseziel\/cornwall.php\">Cornwall<\/a>, <a href=\"https:\/\/www.urlaubcornwall.de\/rundreisen\/cornwall-suedengland.php\">S\u00fcdengland<\/a>, <a href=\"https:\/\/www.urlaubcornwall.de\/blog\/rundreisen-schottland\/\">Schottland<\/a>, <a href=\"https:\/\/www.urlaubcornwall.de\/blog\/rundreisen-england-wales\/\">Wales<\/a> und <a href=\"https:\/\/www.urlaubcornwall.de\/blog\/rundreisen-irland\/\">Irlands<\/a> anbieten k\u00f6nnen.<\/p>\n","protected":false},"excerpt":{"rendered":"<p>Irland ist ein Land dramatischer Landschaften und charmanter St\u00e4dte mit herzlichen, freundlichen Menschen. Es wartet geradezu darauf, w\u00e4hrend einer Reise oder Rundreise entlang einiger malerischer Stra\u00dfen erkundet zu werden. Diese sind nicht nur Mittel, um von A nach B zu gelangen. Nehmen Sie sich Zeit, um die malerische Reise zu genie\u00dfen. Hier finden sie unsere [&hellip;]<\/p>\n","protected":false},"author":1,"featured_media":0,"parent":0,"menu_order":0,"comment_status":"closed","ping_status":"closed","template":"single-four.php","meta":[],"acf":[],"yoast_head":"<!-- This site is optimized with the Yoast SEO plugin v19.4 - https:\/\/yoast.com\/wordpress\/plugins\/seo\/ -->\n<title>Reisen Irland: Malerische Routen mit Auto durch Irland - Urlaub &amp; Reisen<\/title>\n<meta name=\"robots\" content=\"index, follow, max-snippet:-1, max-image-preview:large, max-video-preview:-1\" \/>\n<link rel=\"canonical\" href=\"https:\/\/www.urlaubcornwall.de\/blog\/reisen-irland-malerische-routen-mit-auto-durch-irland\/\" \/>\n<meta property=\"og:locale\" content=\"en_US\" \/>\n<meta property=\"og:type\" content=\"article\" \/>\n<meta property=\"og:title\" content=\"Reisen Irland: Malerische Routen mit Auto durch Irland - Urlaub &amp; Reisen\" \/>\n<meta property=\"og:description\" content=\"Irland ist ein Land dramatischer Landschaften und charmanter St\u00e4dte mit herzlichen, freundlichen Menschen. Es wartet geradezu darauf, w\u00e4hrend einer Reise oder Rundreise entlang einiger malerischer Stra\u00dfen erkundet zu werden. Diese sind nicht nur Mittel, um von A nach B zu gelangen. Nehmen Sie sich Zeit, um die malerische Reise zu genie\u00dfen. Hier finden sie unsere [&hellip;]\" \/>\n<meta property=\"og:url\" content=\"https:\/\/www.urlaubcornwall.de\/blog\/reisen-irland-malerische-routen-mit-auto-durch-irland\/\" \/>\n<meta property=\"og:site_name\" content=\"Urlaub &amp; Reisen\" \/>\n<meta property=\"article:modified_time\" content=\"2024-05-29T11:07:09+00:00\" \/>\n<meta property=\"og:image\" content=\"https:\/\/www.urlaubcornwall.de\/blog\/wp-content\/uploads\/2024\/03\/cliffs-of-moher-irland.jpg\" \/>\n<meta name=\"twitter:card\" content=\"summary\" \/>\n<meta name=\"twitter:label1\" content=\"Est. reading time\" \/>\n\t<meta name=\"twitter:data1\" content=\"4 minutes\" \/>\n<script type=\"application\/ld+json\" class=\"yoast-schema-graph\">{\"@context\":\"https:\/\/schema.org\",\"@graph\":[{\"@type\":\"WebSite\",\"@id\":\"https:\/\/www.urlaubcornwall.de\/blog\/#website\",\"url\":\"https:\/\/www.urlaubcornwall.de\/blog\/\",\"name\":\"Urlaub &amp; Reisen\",\"description\":\"Urlaub, Reisen, Cornwall und S\u00fcdengland: eine perfekte Kombination\",\"potentialAction\":[{\"@type\":\"SearchAction\",\"target\":{\"@type\":\"EntryPoint\",\"urlTemplate\":\"https:\/\/www.urlaubcornwall.de\/blog\/?s={search_term_string}\"},\"query-input\":\"required name=search_term_string\"}],\"inLanguage\":\"en-US\"},{\"@type\":\"WebPage\",\"@id\":\"https:\/\/www.urlaubcornwall.de\/blog\/reisen-irland-malerische-routen-mit-auto-durch-irland\/\",\"url\":\"https:\/\/www.urlaubcornwall.de\/blog\/reisen-irland-malerische-routen-mit-auto-durch-irland\/\",\"name\":\"Reisen Irland: Malerische Routen mit Auto durch Irland - Urlaub &amp; Reisen\",\"isPartOf\":{\"@id\":\"https:\/\/www.urlaubcornwall.de\/blog\/#website\"},\"datePublished\":\"2016-01-27T13:56:43+00:00\",\"dateModified\":\"2024-05-29T11:07:09+00:00\",\"breadcrumb\":{\"@id\":\"https:\/\/www.urlaubcornwall.de\/blog\/reisen-irland-malerische-routen-mit-auto-durch-irland\/#breadcrumb\"},\"inLanguage\":\"en-US\",\"potentialAction\":[{\"@type\":\"ReadAction\",\"target\":[\"https:\/\/www.urlaubcornwall.de\/blog\/reisen-irland-malerische-routen-mit-auto-durch-irland\/\"]}]},{\"@type\":\"BreadcrumbList\",\"@id\":\"https:\/\/www.urlaubcornwall.de\/blog\/reisen-irland-malerische-routen-mit-auto-durch-irland\/#breadcrumb\",\"itemListElement\":[{\"@type\":\"ListItem\",\"position\":1,\"name\":\"Home\",\"item\":\"https:\/\/www.urlaubcornwall.de\/blog\/\"},{\"@type\":\"ListItem\",\"position\":2,\"name\":\"Reisen Irland: Malerische Routen mit Auto durch Irland\"}]}]}<\/script>\n<!-- \/ Yoast SEO plugin. -->","yoast_head_json":{"title":"Reisen Irland: Malerische Routen mit Auto durch Irland - Urlaub &amp; Reisen","robots":{"index":"index","follow":"follow","max-snippet":"max-snippet:-1","max-image-preview":"max-image-preview:large","max-video-preview":"max-video-preview:-1"},"canonical":"https:\/\/www.urlaubcornwall.de\/blog\/reisen-irland-malerische-routen-mit-auto-durch-irland\/","og_locale":"en_US","og_type":"article","og_title":"Reisen Irland: Malerische Routen mit Auto durch Irland - Urlaub &amp; Reisen","og_description":"Irland ist ein Land dramatischer Landschaften und charmanter St\u00e4dte mit herzlichen, freundlichen Menschen. Es wartet geradezu darauf, w\u00e4hrend einer Reise oder Rundreise entlang einiger malerischer Stra\u00dfen erkundet zu werden. Diese sind nicht nur Mittel, um von A nach B zu gelangen. Nehmen Sie sich Zeit, um die malerische Reise zu genie\u00dfen. Hier finden sie unsere [&hellip;]","og_url":"https:\/\/www.urlaubcornwall.de\/blog\/reisen-irland-malerische-routen-mit-auto-durch-irland\/","og_site_name":"Urlaub &amp; Reisen","article_modified_time":"2024-05-29T11:07:09+00:00","og_image":[{"url":"https:\/\/www.urlaubcornwall.de\/blog\/wp-content\/uploads\/2024\/03\/cliffs-of-moher-irland.jpg"}],"twitter_card":"summary","twitter_misc":{"Est. reading time":"4 minutes"},"schema":{"@context":"https:\/\/schema.org","@graph":[{"@type":"WebSite","@id":"https:\/\/www.urlaubcornwall.de\/blog\/#website","url":"https:\/\/www.urlaubcornwall.de\/blog\/","name":"Urlaub &amp; Reisen","description":"Urlaub, Reisen, Cornwall und S\u00fcdengland: eine perfekte Kombination","potentialAction":[{"@type":"SearchAction","target":{"@type":"EntryPoint","urlTemplate":"https:\/\/www.urlaubcornwall.de\/blog\/?s={search_term_string}"},"query-input":"required name=search_term_string"}],"inLanguage":"en-US"},{"@type":"WebPage","@id":"https:\/\/www.urlaubcornwall.de\/blog\/reisen-irland-malerische-routen-mit-auto-durch-irland\/","url":"https:\/\/www.urlaubcornwall.de\/blog\/reisen-irland-malerische-routen-mit-auto-durch-irland\/","name":"Reisen Irland: Malerische Routen mit Auto durch Irland - Urlaub &amp; Reisen","isPartOf":{"@id":"https:\/\/www.urlaubcornwall.de\/blog\/#website"},"datePublished":"2016-01-27T13:56:43+00:00","dateModified":"2024-05-29T11:07:09+00:00","breadcrumb":{"@id":"https:\/\/www.urlaubcornwall.de\/blog\/reisen-irland-malerische-routen-mit-auto-durch-irland\/#breadcrumb"},"inLanguage":"en-US","potentialAction":[{"@type":"ReadAction","target":["https:\/\/www.urlaubcornwall.de\/blog\/reisen-irland-malerische-routen-mit-auto-durch-irland\/"]}]},{"@type":"BreadcrumbList","@id":"https:\/\/www.urlaubcornwall.de\/blog\/reisen-irland-malerische-routen-mit-auto-durch-irland\/#breadcrumb","itemListElement":[{"@type":"ListItem","position":1,"name":"Home","item":"https:\/\/www.urlaubcornwall.de\/blog\/"},{"@type":"ListItem","position":2,"name":"Reisen Irland: Malerische Routen mit Auto durch Irland"}]}]}},"_links":{"self":[{"href":"https:\/\/www.urlaubcornwall.de\/blog\/wp-json\/wp\/v2\/pages\/22922"}],"collection":[{"href":"https:\/\/www.urlaubcornwall.de\/blog\/wp-json\/wp\/v2\/pages"}],"about":[{"href":"https:\/\/www.urlaubcornwall.de\/blog\/wp-json\/wp\/v2\/types\/page"}],"author":[{"embeddable":true,"href":"https:\/\/www.urlaubcornwall.de\/blog\/wp-json\/wp\/v2\/users\/1"}],"replies":[{"embeddable":true,"href":"https:\/\/www.urlaubcornwall.de\/blog\/wp-json\/wp\/v2\/comments?post=22922"}],"version-history":[{"count":11,"href":"https:\/\/www.urlaubcornwall.de\/blog\/wp-json\/wp\/v2\/pages\/22922\/revisions"}],"predecessor-version":[{"id":50610,"href":"https:\/\/www.urlaubcornwall.de\/blog\/wp-json\/wp\/v2\/pages\/22922\/revisions\/50610"}],"wp:attachment":[{"href":"https:\/\/www.urlaubcornwall.de\/blog\/wp-json\/wp\/v2\/media?parent=22922"}],"curies":[{"name":"wp","href":"https:\/\/api.w.org\/{rel}","templated":true}]}}