{"id":22912,"date":"2016-01-27T13:34:05","date_gmt":"2016-01-27T13:34:05","guid":{"rendered":"https:\/\/www.urlaubcornwall.de\/blog\/?page_id=22912"},"modified":"2024-04-29T15:41:30","modified_gmt":"2024-04-29T15:41:30","slug":"malerische-autoreisen-nord-irland","status":"publish","type":"page","link":"https:\/\/www.urlaubcornwall.de\/blog\/malerische-autoreisen-nord-irland\/","title":{"rendered":"Malerische Auto-Rundreisen Nordirland"},"content":{"rendered":"<p>Nordirland ist bekannt f\u00fcr seine herrliche K\u00fcstenlandschaft, die geradezu darauf wartet, entlang einer der wundersch\u00f6nen Stra\u00dfen mit dem Auto erkundet zu werden. Von den Bergen bis zu den Sandstr\u00e4nden und spektakul\u00e4ren Klippen k\u00f6nnen Sie w\u00e4hrend einer <a href=\"https:\/\/www.urlaubcornwall.de\/blog\/rundreisen-irland\/\">Reise oder Rundreise<\/a> durch diesen Teil der britischen Inseln eine erstaunliche Landschaft genie\u00dfen. Die Routen sind nicht nur ein Mittel, um von A nach B zu gelangen. Nehmen Sie sich die Zeit und genie\u00dfen Sie die malerische Reise. Hier finden Sie unsere Lieblingsstrecken&#8230;.<\/p>\n<p><a href=\"https:\/\/www.urlaubcornwall.de\/blog\/wp-content\/uploads\/2024\/03\/giants-causeway.jpg\"><img loading=\"lazy\" src=\"https:\/\/www.urlaubcornwall.de\/blog\/wp-content\/uploads\/2024\/03\/giants-causeway.jpg\" alt=\"giants causeway\" width=\"750\" height=\"563\" class=\"alignnone size-full wp-image-47822\" srcset=\"https:\/\/www.urlaubcornwall.de\/blog\/wp-content\/uploads\/2024\/03\/giants-causeway.jpg 750w, https:\/\/www.urlaubcornwall.de\/blog\/wp-content\/uploads\/2024\/03\/giants-causeway-300x225.jpg 300w\" sizes=\"(max-width: 750px) 100vw, 750px\" \/><\/a><\/p>\n<p><strong>Causeway K\u00fcstenroute<\/strong> &#8211; Die Causeway K\u00fcstenroute ist eine der ber\u00fchmtesten Strecken Nordirlands; 190km lang zwischen Derry\/Londonderry und Belfast und verf\u00fcgt \u00fcber einige der wundersch\u00f6nsten K\u00fcstenlandschaften, die Sie je sehen werden. Die Route f\u00fchrt Sie vorbei an drei Gebieten hervorragender Natursch\u00f6nheit, den Glens von Antrim, der Causeway K\u00fcste und den spektakul\u00e4ren Klippen von Binevenagh. Der Giants Causeway ist eine UNESCO Weltkulturerbest\u00e4tte und tief verankert in Mythen und Legenden. Neben der Hauptstrecke, nehmen Sie sich Zeit f\u00fcr Abstecher nach Dunglven von Limavady aus, sowie von Ballymoney nach Coleraine.<\/p>\n<p><a href=\"https:\/\/www.urlaubcornwall.de\/blog\/wp-content\/uploads\/2024\/03\/dark-hedges-irland.jpg\"><img loading=\"lazy\" src=\"https:\/\/www.urlaubcornwall.de\/blog\/wp-content\/uploads\/2024\/03\/dark-hedges-irland.jpg\" alt=\"dark-hedges irland\" width=\"750\" height=\"539\" class=\"alignnone size-full wp-image-47846\" srcset=\"https:\/\/www.urlaubcornwall.de\/blog\/wp-content\/uploads\/2024\/03\/dark-hedges-irland.jpg 750w, https:\/\/www.urlaubcornwall.de\/blog\/wp-content\/uploads\/2024\/03\/dark-hedges-irland-300x216.jpg 300w\" sizes=\"(max-width: 750px) 100vw, 750px\" \/><\/a><\/p>\n<p><strong>The Dark Hedges, Ballmoney<\/strong> &#8211; Auf einer kleinen Strecke der Bregagh Stra\u00dfe in Ballmoney befindet sich eine herrliche Birkenavenue. Dieser dramatische Stra\u00dfenabschnitt wurde im 18. Jahrhundert erbaut, um Besucher der Villa Gracehill House zu beeindrucken. J\u00fcngst wurde die Strecke nun bekannt als die Stra\u00dfe des K\u00f6nigs in der Fernsehserie \u201eGame of Thrones\u201c.<\/p>\n<p><img loading=\"lazy\" class=\"aligncenter size-full wp-image-48099\" src=\"https:\/\/www.urlaubcornwall.de\/blog\/wp-content\/uploads\/2024\/03\/plockton.jpg\" alt=\"plockton\" width=\"750\" height=\"563\" srcset=\"https:\/\/www.urlaubcornwall.de\/blog\/wp-content\/uploads\/2024\/03\/plockton.jpg 750w, https:\/\/www.urlaubcornwall.de\/blog\/wp-content\/uploads\/2024\/03\/plockton-300x225.jpg 300w\" sizes=\"(max-width: 750px) 100vw, 750px\" \/><\/p>\n<p><strong>Von Ballycastle nach Cushendun<\/strong> &#8211; Dieser Teil der Antrim K\u00fcstenstra\u00dfe bietet spektakul\u00e4ren Blick \u00fcber die Murlough Bucht. Wenn Sie Ballycastle auf der A2 verlassen haben, nehmen Sie die Torr Road und folgen Sie ihr entlang der K\u00fcste nach Cushendun. Die Strecke ist ungef\u00e4hr 23km lang und die Landschaft absolut atemberaubend.<\/p>\n<p><img loading=\"lazy\" class=\"aligncenter size-full wp-image-47850\" src=\"https:\/\/www.urlaubcornwall.de\/blog\/wp-content\/uploads\/2024\/03\/portrush-irland.jpg\" alt=\"portrush-irland\" width=\"750\" height=\"422\" srcset=\"https:\/\/www.urlaubcornwall.de\/blog\/wp-content\/uploads\/2024\/03\/portrush-irland.jpg 750w, https:\/\/www.urlaubcornwall.de\/blog\/wp-content\/uploads\/2024\/03\/portrush-irland-300x169.jpg 300w\" sizes=\"(max-width: 750px) 100vw, 750px\" \/><\/p>\n<p><strong>Von Portrush nach Ballycastle<\/strong> &#8211; Beginnen Sie bei Portrush, dem Sitz des K\u00f6niglichen Portrush Golfklubs, einem der besten und herausforderndsten Golfpl\u00e4tze der Welt und machen Sie sich auf Richtung Osten nach Ballycastle. Dieser Streckenabschnitt der Causeway K\u00fcstenroute ist ungef\u00e4hr 29km lang, und hier finden Sie den ber\u00fchmten Giant\u2019s Causeway, sowie die mittelalterliche Burg Dunluce mit ihrer langen und turbulenten Geschichte.<\/p>\n<p><a href=\"https:\/\/www.urlaubcornwall.de\/blog\/wp-content\/uploads\/2024\/03\/arundel-schloss-rotated.jpg\"><img loading=\"lazy\" src=\"https:\/\/www.urlaubcornwall.de\/blog\/wp-content\/uploads\/2024\/03\/arundel-schloss-rotated.jpg\" alt=\"arundel schloss\" width=\"750\" height=\"563\" class=\"alignnone size-full wp-image-48095\" srcset=\"https:\/\/www.urlaubcornwall.de\/blog\/wp-content\/uploads\/2024\/03\/arundel-schloss-rotated.jpg 750w, https:\/\/www.urlaubcornwall.de\/blog\/wp-content\/uploads\/2024\/03\/arundel-schloss-300x225.jpg 300w\" sizes=\"(max-width: 750px) 100vw, 750px\" \/><\/a><\/p>\n<p><strong>Von Cushendall nach Newtownabbey<\/strong> &#8211; Dieser Abschnitt der Antrim K\u00fcstenstra\u00dfe entlang der A2 ist ungef\u00e4hr 76km lang. Irlands wundersch\u00f6nster Stra\u00dfe entlangfahrend, werden Sie Schloss Glenarm sehen, \u00fcber 400 Jahre lang das Zuhause der Grafen Antrim. Mit seinen h\u00fcbschen G\u00e4rten ist es eines Besuches wert. Der Glenariff Waldpark ist ein wundersch\u00f6ner Ort mit Spazierm\u00f6glichkeiten an den drei Wasserf\u00e4llen, Spazierwegen am Fluss entlang und Waldpfaden.<\/p>\n<p><a href=\"https:\/\/www.urlaubcornwall.de\/blog\/wp-content\/uploads\/2024\/03\/dublin.jpg\"><img loading=\"lazy\" src=\"https:\/\/www.urlaubcornwall.de\/blog\/wp-content\/uploads\/2024\/03\/dublin.jpg\" alt=\"dublin\" width=\"750\" height=\"500\" class=\"alignnone size-full wp-image-47814\" srcset=\"https:\/\/www.urlaubcornwall.de\/blog\/wp-content\/uploads\/2024\/03\/dublin.jpg 750w, https:\/\/www.urlaubcornwall.de\/blog\/wp-content\/uploads\/2024\/03\/dublin-300x200.jpg 300w\" sizes=\"(max-width: 750px) 100vw, 750px\" \/><\/a><\/p>\n<p><strong>Belfast Black Taxitouren<\/strong> &#8211; Wenn Sie etwas Anderes suchen, so erm\u00f6glichen diese 90 min\u00fctigen Fahrten durch die Hauptstadt Nordirlands einen Einblick in die Stadtgeschichte, einschlie\u00dflich der katholischen Falls Road und der protestantischen Shankhill Road. Sie k\u00f6nnen an jedem Hotel der Stadt abgeholt werden.<\/p>\n<div class=\"snippet\"> <a class=\"featured-item\" href=\" https:\/\/www.urlaubcornwall.de\/blog\/rundreisen-irland\/\"> <span class=\"image-holder\" style=\"background-image: url(' https:\/\/www.urlaubcornwall.de\/blog\/wp-content\/uploads\/2019\/01\/wild-atlantic-way-irland.jpg');\"><\/span> <span class=\"featured-content\"> \n<h2 class=\"featured-title\">Eine fantastische Auswahl an Rundreisen<\/h2>\n<p class=\"featured-body\">Von den Sehensw\u00fcrdigkeiten von Irlands Wild Atlantic Way, einer herrlichen K\u00fcstenroute von Cork nach Connemara und Donegal bis hin zu einer Flucht auf eine irische Insel \u2013 so k\u00f6nnen wir den idealen irischen Urlaub schlechthin f\u00fcr Sie entwerfen&#8230;&#8230;..<\/p>\n<\/span> <span class=\"featured-link-holder\"> <span class=\"featured-extra-info\"> \n<p>F\u00fcr Paare, Familien &#038; Gruppen<\/p>\n<\/span> \n<p class=\"featured-link\">DETAILS<\/p>\n<\/span> <\/a><\/div>\n<p><strong>Unser Rundreisenservice &#8211;<\/strong> <a href=\"http:\/\/urlaubcornwall.de\/\">UrlaubCornwall.de<\/a> hat seinen Firmensitz in Cornwall in S\u00fcdwestengland und bietet Kunden im Deutsch sprechenden Europa Hilfe im Erstellen der perfekten Urlaubserfahrung hier. Wir haben <a href=\"http:\/\/www.urlaubcornwall.de\/rundreisenservice.php\">ein Team Deutsch sprechender Experten<\/a>, so dass wir eine individuelle Rundreise durch Cornwall, S\u00fcdengland und nun auch durch den Rest Gro\u00dfbritanniens und Irlands anbieten k\u00f6nnen.<\/p>\n<p>Wir bieten eine fantastische Auswahl an Rundreisen mit den beliebtesten Attraktionen und St\u00e4dten in <a href=\"http:\/\/www.urlaubcornwall.de\/reiseziel\/cornwall.php\">Cornwall<\/a>, <a href=\"https:\/\/www.urlaubcornwall.de\/blog\/rundreisen-england-wales\/\">England<\/a>, <a href=\"https:\/\/www.urlaubcornwall.de\/blog\/rundreisen-schottland\/\">Schottland,<\/a> <a href=\"https:\/\/www.urlaubcornwall.de\/blog\/rundreisen-england-wales\/\">Wales<\/a> und <a href=\"https:\/\/www.urlaubcornwall.de\/blog\/rundreisen-irland\/\">Irland.<\/a><\/p>\n","protected":false},"excerpt":{"rendered":"<p>Nordirland ist bekannt f\u00fcr seine herrliche K\u00fcstenlandschaft, die geradezu darauf wartet, entlang einer der wundersch\u00f6nen Stra\u00dfen mit dem Auto erkundet zu werden. Von den Bergen bis zu den Sandstr\u00e4nden und spektakul\u00e4ren Klippen k\u00f6nnen Sie w\u00e4hrend einer Reise oder Rundreise durch diesen Teil der britischen Inseln eine erstaunliche Landschaft genie\u00dfen. Die Routen sind nicht nur ein [&hellip;]<\/p>\n","protected":false},"author":1,"featured_media":0,"parent":0,"menu_order":0,"comment_status":"closed","ping_status":"closed","template":"single-four.php","meta":[],"acf":[],"yoast_head":"<!-- This site is optimized with the Yoast SEO plugin v19.4 - https:\/\/yoast.com\/wordpress\/plugins\/seo\/ -->\n<title>Malerische Auto-Rundreisen Nordirland - Urlaub &amp; Reisen<\/title>\n<meta name=\"robots\" content=\"index, follow, max-snippet:-1, max-image-preview:large, max-video-preview:-1\" \/>\n<link rel=\"canonical\" href=\"https:\/\/www.urlaubcornwall.de\/blog\/malerische-autoreisen-nord-irland\/\" \/>\n<meta property=\"og:locale\" content=\"en_US\" \/>\n<meta property=\"og:type\" content=\"article\" \/>\n<meta property=\"og:title\" content=\"Malerische Auto-Rundreisen Nordirland - Urlaub &amp; Reisen\" \/>\n<meta property=\"og:description\" content=\"Nordirland ist bekannt f\u00fcr seine herrliche K\u00fcstenlandschaft, die geradezu darauf wartet, entlang einer der wundersch\u00f6nen Stra\u00dfen mit dem Auto erkundet zu werden. Von den Bergen bis zu den Sandstr\u00e4nden und spektakul\u00e4ren Klippen k\u00f6nnen Sie w\u00e4hrend einer Reise oder Rundreise durch diesen Teil der britischen Inseln eine erstaunliche Landschaft genie\u00dfen. Die Routen sind nicht nur ein [&hellip;]\" \/>\n<meta property=\"og:url\" content=\"https:\/\/www.urlaubcornwall.de\/blog\/malerische-autoreisen-nord-irland\/\" \/>\n<meta property=\"og:site_name\" content=\"Urlaub &amp; Reisen\" \/>\n<meta property=\"article:modified_time\" content=\"2024-04-29T15:41:30+00:00\" \/>\n<meta property=\"og:image\" content=\"https:\/\/www.urlaubcornwall.de\/blog\/wp-content\/uploads\/2024\/03\/giants-causeway.jpg\" \/>\n<meta name=\"twitter:card\" content=\"summary\" \/>\n<meta name=\"twitter:label1\" content=\"Est. reading time\" \/>\n\t<meta name=\"twitter:data1\" content=\"4 minutes\" \/>\n<script type=\"application\/ld+json\" class=\"yoast-schema-graph\">{\"@context\":\"https:\/\/schema.org\",\"@graph\":[{\"@type\":\"WebSite\",\"@id\":\"https:\/\/www.urlaubcornwall.de\/blog\/#website\",\"url\":\"https:\/\/www.urlaubcornwall.de\/blog\/\",\"name\":\"Urlaub &amp; Reisen\",\"description\":\"Urlaub, Reisen, Cornwall und S\u00fcdengland: eine perfekte Kombination\",\"potentialAction\":[{\"@type\":\"SearchAction\",\"target\":{\"@type\":\"EntryPoint\",\"urlTemplate\":\"https:\/\/www.urlaubcornwall.de\/blog\/?s={search_term_string}\"},\"query-input\":\"required name=search_term_string\"}],\"inLanguage\":\"en-US\"},{\"@type\":\"WebPage\",\"@id\":\"https:\/\/www.urlaubcornwall.de\/blog\/malerische-autoreisen-nord-irland\/\",\"url\":\"https:\/\/www.urlaubcornwall.de\/blog\/malerische-autoreisen-nord-irland\/\",\"name\":\"Malerische Auto-Rundreisen Nordirland - Urlaub &amp; Reisen\",\"isPartOf\":{\"@id\":\"https:\/\/www.urlaubcornwall.de\/blog\/#website\"},\"datePublished\":\"2016-01-27T13:34:05+00:00\",\"dateModified\":\"2024-04-29T15:41:30+00:00\",\"breadcrumb\":{\"@id\":\"https:\/\/www.urlaubcornwall.de\/blog\/malerische-autoreisen-nord-irland\/#breadcrumb\"},\"inLanguage\":\"en-US\",\"potentialAction\":[{\"@type\":\"ReadAction\",\"target\":[\"https:\/\/www.urlaubcornwall.de\/blog\/malerische-autoreisen-nord-irland\/\"]}]},{\"@type\":\"BreadcrumbList\",\"@id\":\"https:\/\/www.urlaubcornwall.de\/blog\/malerische-autoreisen-nord-irland\/#breadcrumb\",\"itemListElement\":[{\"@type\":\"ListItem\",\"position\":1,\"name\":\"Home\",\"item\":\"https:\/\/www.urlaubcornwall.de\/blog\/\"},{\"@type\":\"ListItem\",\"position\":2,\"name\":\"Malerische Auto-Rundreisen Nordirland\"}]}]}<\/script>\n<!-- \/ Yoast SEO plugin. -->","yoast_head_json":{"title":"Malerische Auto-Rundreisen Nordirland - Urlaub &amp; Reisen","robots":{"index":"index","follow":"follow","max-snippet":"max-snippet:-1","max-image-preview":"max-image-preview:large","max-video-preview":"max-video-preview:-1"},"canonical":"https:\/\/www.urlaubcornwall.de\/blog\/malerische-autoreisen-nord-irland\/","og_locale":"en_US","og_type":"article","og_title":"Malerische Auto-Rundreisen Nordirland - Urlaub &amp; Reisen","og_description":"Nordirland ist bekannt f\u00fcr seine herrliche K\u00fcstenlandschaft, die geradezu darauf wartet, entlang einer der wundersch\u00f6nen Stra\u00dfen mit dem Auto erkundet zu werden. Von den Bergen bis zu den Sandstr\u00e4nden und spektakul\u00e4ren Klippen k\u00f6nnen Sie w\u00e4hrend einer Reise oder Rundreise durch diesen Teil der britischen Inseln eine erstaunliche Landschaft genie\u00dfen. Die Routen sind nicht nur ein [&hellip;]","og_url":"https:\/\/www.urlaubcornwall.de\/blog\/malerische-autoreisen-nord-irland\/","og_site_name":"Urlaub &amp; Reisen","article_modified_time":"2024-04-29T15:41:30+00:00","og_image":[{"url":"https:\/\/www.urlaubcornwall.de\/blog\/wp-content\/uploads\/2024\/03\/giants-causeway.jpg"}],"twitter_card":"summary","twitter_misc":{"Est. reading time":"4 minutes"},"schema":{"@context":"https:\/\/schema.org","@graph":[{"@type":"WebSite","@id":"https:\/\/www.urlaubcornwall.de\/blog\/#website","url":"https:\/\/www.urlaubcornwall.de\/blog\/","name":"Urlaub &amp; Reisen","description":"Urlaub, Reisen, Cornwall und S\u00fcdengland: eine perfekte Kombination","potentialAction":[{"@type":"SearchAction","target":{"@type":"EntryPoint","urlTemplate":"https:\/\/www.urlaubcornwall.de\/blog\/?s={search_term_string}"},"query-input":"required name=search_term_string"}],"inLanguage":"en-US"},{"@type":"WebPage","@id":"https:\/\/www.urlaubcornwall.de\/blog\/malerische-autoreisen-nord-irland\/","url":"https:\/\/www.urlaubcornwall.de\/blog\/malerische-autoreisen-nord-irland\/","name":"Malerische Auto-Rundreisen Nordirland - Urlaub &amp; Reisen","isPartOf":{"@id":"https:\/\/www.urlaubcornwall.de\/blog\/#website"},"datePublished":"2016-01-27T13:34:05+00:00","dateModified":"2024-04-29T15:41:30+00:00","breadcrumb":{"@id":"https:\/\/www.urlaubcornwall.de\/blog\/malerische-autoreisen-nord-irland\/#breadcrumb"},"inLanguage":"en-US","potentialAction":[{"@type":"ReadAction","target":["https:\/\/www.urlaubcornwall.de\/blog\/malerische-autoreisen-nord-irland\/"]}]},{"@type":"BreadcrumbList","@id":"https:\/\/www.urlaubcornwall.de\/blog\/malerische-autoreisen-nord-irland\/#breadcrumb","itemListElement":[{"@type":"ListItem","position":1,"name":"Home","item":"https:\/\/www.urlaubcornwall.de\/blog\/"},{"@type":"ListItem","position":2,"name":"Malerische Auto-Rundreisen Nordirland"}]}]}},"_links":{"self":[{"href":"https:\/\/www.urlaubcornwall.de\/blog\/wp-json\/wp\/v2\/pages\/22912"}],"collection":[{"href":"https:\/\/www.urlaubcornwall.de\/blog\/wp-json\/wp\/v2\/pages"}],"about":[{"href":"https:\/\/www.urlaubcornwall.de\/blog\/wp-json\/wp\/v2\/types\/page"}],"author":[{"embeddable":true,"href":"https:\/\/www.urlaubcornwall.de\/blog\/wp-json\/wp\/v2\/users\/1"}],"replies":[{"embeddable":true,"href":"https:\/\/www.urlaubcornwall.de\/blog\/wp-json\/wp\/v2\/comments?post=22912"}],"version-history":[{"count":17,"href":"https:\/\/www.urlaubcornwall.de\/blog\/wp-json\/wp\/v2\/pages\/22912\/revisions"}],"predecessor-version":[{"id":49910,"href":"https:\/\/www.urlaubcornwall.de\/blog\/wp-json\/wp\/v2\/pages\/22912\/revisions\/49910"}],"wp:attachment":[{"href":"https:\/\/www.urlaubcornwall.de\/blog\/wp-json\/wp\/v2\/media?parent=22912"}],"curies":[{"name":"wp","href":"https:\/\/api.w.org\/{rel}","templated":true}]}}