{"id":22864,"date":"2016-01-26T09:17:01","date_gmt":"2016-01-26T09:17:01","guid":{"rendered":"https:\/\/www.urlaubcornwall.de\/blog\/?page_id=22864"},"modified":"2026-01-06T14:11:52","modified_gmt":"2026-01-06T14:11:52","slug":"die-besten-herrenhaeuser-in-suedengland","status":"publish","type":"page","link":"https:\/\/www.urlaubcornwall.de\/blog\/die-besten-herrenhaeuser-in-suedengland\/","title":{"rendered":"Die besten Herrenh\u00e4user im S\u00fcden Englands"},"content":{"rendered":"<p>F\u00fcr jeden <a href=\"https:\/\/www.urlaubcornwall.de\/rundreisen\/cornwall-suedengland.php\">Rundreisen durch S\u00fcdengland<\/a> ist der Besuch von mindestens einem Herrenhaus ein Muss. Landschaftlich atemberaubend gelegen, innerhalb von Landschaftsg\u00e4rten und Grund, bieten sie einen Einblick ins exklusive Privileg und den Luxus, welche einst von k\u00f6niglichen Hoheiten und dem Adel genossen wurden. Hier finden Sie unsere Lieblingsh\u00e4user, die Sie w\u00e4hrend Ihrer Reise durch die englische Landschaft erkunden k\u00f6nnen\u2026<\/p>\n<p style=\"text-align: center;\">\n\t\t<strong><br \/>\n                        <a href=\"#cornwall\" title=\"Cornwall\">Herrenh\u00e4user in Cornwall<\/a> |<br \/>\n\t\t\t<a href=\"#berkshire\" title=\"Berkshire\">Berkshire<\/a> |<br \/>\n\t\t\t<a href=\"#somerset\" title=\"Somerset\">Somerset<\/a> |<br \/>\n\t\t\t<a href=\"#ios\" title=\"Isle of Wight\">Isle of Wight<\/a> |<br \/>\n\t\t\t<a href=\"#sussex\" title=\"Sussex\">Sussex<\/a> |<br \/>\n\t\t\t<a href=\"#london\" title=\"London\">London<\/a><\/strong><\/p>\n<p>\t\t\n\t<\/p>\n<p><img loading=\"lazy\" class=\"aligncenter size-full wp-image-47847\" src=\"https:\/\/www.urlaubcornwall.de\/blog\/wp-content\/uploads\/2024\/03\/highclere-schloss.jpg\" alt=\"highclere-schloss\" width=\"750\" height=\"500\" srcset=\"https:\/\/www.urlaubcornwall.de\/blog\/wp-content\/uploads\/2024\/03\/highclere-schloss.jpg 750w, https:\/\/www.urlaubcornwall.de\/blog\/wp-content\/uploads\/2024\/03\/highclere-schloss-300x200.jpg 300w\" sizes=\"(max-width: 750px) 100vw, 750px\" \/><\/p>\n<h2 id=\"berkshire\">Schloss Highclere \u2013 Berkshire<\/h2>\n<p><a href=\"https:\/\/www.highclerecastle.co.uk\/\" rel=\"nofollow\">Schloss Highclere<\/a> wurde im jakobinischen Stil erbaut und ist der Landsitz des Herzogs und der Herzogin von Carnarvon. Die 1000 Ar Park und G\u00e4rten wurden von Capability Brown designt, dem Meister-Landschaftsdesigner des 18. Jahrhunderts, und bieten herrlichen Blick \u00fcber das sich sanft dahin schwingende Tiefland Nordhampshires und des Kennet Tals. Verpassen Sie die \u00c4gyptische Ausstellung nicht; die Kunstwerke wurden vom 5. Herzog von Carnarvon (*1866 \u2013 +1923) gekauft und gesammelt, der 1922 die Grabesst\u00e4tte des \u00e4gyptischen Pharaos Tutankhamun entdeckte. Schloss Highclere tauchte in zahlreichen Filmen und Fernseh\u00fcbertragungen auf, die ber\u00fchmteste und j\u00fcngste Verfilmung w\u00e4re Downton Abbey.<\/p>\n<h2 id=\"somerset\">Montacute House \u2013 Somerset<\/h2>\n<p><a href=\"https:\/\/www.nationaltrust.org.uk\/montacute-house\"rel=\"nofollow\">Montacute House<\/a>, aus \u00f6rtlichem Stein errichtet, ist ein Elizabethan House in einem Dorf desselben Namens in Somerset. Es wird nun vom National Trust unterhalten. Die Lange Galerie ist die l\u00e4ngste Britanniens und verf\u00fcgt \u00fcber mehr als 60 Portr\u00e4ts der Tudor- und Elizabethan Perioden, geliehen von der Nationalen Portr\u00e4tgalerie. Es ist zu jeder Jahreszeit ein Genuss, in den G\u00e4rten umher zu spazieren. Montacute House tauchte in zahlreichen Filmen und Fernseh\u00fcbertragungen auf, einschlie\u00dflich Jane Austens \u201eSense and Sensibility\u201c und der BBC Adaptation von Hilary Mantels \u201eWolf Hall\u201c.<\/p>\n<h2>Barrington Court \u2013 Somerset<\/h2>\n<p><a href=\"https:\/\/www.nationaltrust.org.uk\/barrington-court\" rel=\"nofollow\">Barrington Court \u2013 Somerset<\/a> &#8211; Barrington Court bei Ilminster in Somerset ist ein Tudor Herrenhaus, das 1920 von der Lyle Familie der ruhmreichen Tate &amp; Lyle vor dem Ruin bewahrt wurde und sich heute im Besitz des National Trust befindet. Es verf\u00fcgt \u00fcber keine Einrichtung mehr, doch wenn Sie durch die R\u00e4ume gehen, k\u00f6nnen Sie sich vorstellen, wie es in jenen Tagen ausgesehen und geklungen haben mag. Die G\u00e4rten wurden inspiriert von Gertrude Jekyll; aus dem Kr\u00e4utergarten stammen die Zutaten f\u00fcr das Restaurant. Au\u00dferdem finden Sie Kunsthandwerksl\u00e4den.<\/p>\n<p><img loading=\"lazy\" class=\"aligncenter size-full wp-image-50209\" src=\"https:\/\/www.urlaubcornwall.de\/blog\/wp-content\/uploads\/2024\/05\/osborne-house-isle-of-wight.jpg\" alt=\"osborne house isle of wight\" width=\"750\" height=\"500\" srcset=\"https:\/\/www.urlaubcornwall.de\/blog\/wp-content\/uploads\/2024\/05\/osborne-house-isle-of-wight.jpg 750w, https:\/\/www.urlaubcornwall.de\/blog\/wp-content\/uploads\/2024\/05\/osborne-house-isle-of-wight-300x200.jpg 300w\" sizes=\"(max-width: 750px) 100vw, 750px\" \/><\/p>\n<h2 id=\"ios\">Osborne House \u2013 Isle of Wight<\/h2>\n<p><a href=\"ttp:\/\/www.english-heritage.org.uk\/visit\/places\/osborne\/\"rel=\"nofollow\">Osborne House<\/a> bei Cowes auf der Isle of Wight wurde als Sommerresidenz und l\u00e4ndlichen R\u00fcckzugsort f\u00fcr K\u00f6nigin Victoria und Prinz Albert erbaut. Das Haus wurde von Prinz Albert selbst designt im Stile eines italienischen Renaissance Palazzos mit Panoramablick \u00fcber Solent und einen privaten Strand. Die Prunkr\u00e4ume sind pomp\u00f6s und geben Einblick in das Familienleben von K\u00f6nigin Victoria, Prinz Albert und deren Kinder. Das Grundst\u00fcck dehnt sich \u00fcber 143 Hektar aus, samt formalen Terrassen, Mauerg\u00e4rten und ausladendem Park. Es gibt auch eine Schweizer H\u00fctte, wo die k\u00f6niglichen Kinder spielten und G\u00e4rten, wo sie Obst und Gem\u00fcse anbauten. K\u00f6nigin Victoria starb 1901 im Osborne House, und ihr Sohn Edward VII \u00fcbergab das Haus der Nation.<\/p>\n<p><img loading=\"lazy\" class=\"aligncenter size-full wp-image-22882\" src=\"https:\/\/www.urlaubcornwall.de\/blog\/wp-content\/uploads\/2016\/01\/amberley-schloss-garten-2.jpg\" alt=\"arundel schloss garten sussex\" width=\"748\" height=\"372\"\/><\/p>\n<h2 id=\"sussex\">Arundel Castle \u2013 West Sussex<\/h2>\n<p><a href=\"http:\/\/www.arundelcastle.org\/\"rel=\"nofollow\">Schloss Arundel<\/a> befindet sich auf einem H\u00fcgel in Westsussex mit herrlichem Blick \u00fcber die South Downs. Es wurde Ende des 11. Jahrhunderts gegr\u00fcndet und blieb \u00fcber 850 Jahre lang das Familienzuhause der Herzoge von Norfolk. Eine Vielzahl der Originalteile sind erhalten, doch in den 1870ern und 1890ern wurde das Haus erneuert und gilt heute als eines der besten Beispiele viktorianisch-gotischer Architektur. Der 131 Treppen lange Aufstieg zur Spitze des Norman Keep ist es wert, allein wegen des wundersch\u00f6nen Blicks \u00fcber den Fluss Arun Richtung Meer. Die Mauerg\u00e4rten sind atemberaubend, und die gesch\u00fctzte Lage erm\u00f6glicht es einer Vielzahl an Pflanzen, dort zu gedeihen.<\/p>\n<p><img loading=\"lazy\" class=\"aligncenter size-full wp-image-47791\" src=\"https:\/\/www.urlaubcornwall.de\/blog\/wp-content\/uploads\/2024\/03\/blenheim-palace.jpg\" alt=\"blenheim palace\" width=\"750\" height=\"563\" srcset=\"https:\/\/www.urlaubcornwall.de\/blog\/wp-content\/uploads\/2024\/03\/blenheim-palace.jpg 750w, https:\/\/www.urlaubcornwall.de\/blog\/wp-content\/uploads\/2024\/03\/blenheim-palace-300x225.jpg 300w\" sizes=\"(max-width: 750px) 100vw, 750px\" \/><\/p>\n<h2>Blenheim Palast \u2013 Oxfordshire<\/h2>\n<p><a href=\"https:\/\/www.blenheimpalace.com\/\"rel=\"nofollow\">Blenheim Palast<\/a>, Woodstock, befindet sich acht Meilen von Oxford entfernt, war Geburtsst\u00e4tte von Sir Winston Churchill und ist nun eine UNESCO Weltkulturerbest\u00e4tte. Der Blenheim Palast wurde im fr\u00fchen 18. Jahrhundert erbaut und war das Zuhause des 1. Herzogs von Marlborough. Heute ist es das Zuhause des 12. Herzogs von Marlborough und seiner Familie. Eine Tour durch das Haus ist f\u00fcr Besucher ein inspirierendes Erlebnis, und die G\u00e4rten und der Park sind feinste Beispiele der Arbeit des ber\u00fchmten Landschaftdesigners Capability Brown.<\/p>\n<p><a href=\"https:\/\/www.urlaubcornwall.de\/blog\/wp-content\/uploads\/2024\/03\/Longleat_House_urlaub.jpg\"><img loading=\"lazy\" src=\"https:\/\/www.urlaubcornwall.de\/blog\/wp-content\/uploads\/2024\/03\/Longleat_House_urlaub.jpg\" alt=\"Longleat_House_urlaub\" width=\"750\" height=\"498\" class=\"alignnone size-full wp-image-47848\" srcset=\"https:\/\/www.urlaubcornwall.de\/blog\/wp-content\/uploads\/2024\/03\/Longleat_House_urlaub.jpg 750w, https:\/\/www.urlaubcornwall.de\/blog\/wp-content\/uploads\/2024\/03\/Longleat_House_urlaub-300x199.jpg 300w\" sizes=\"(max-width: 750px) 100vw, 750px\" \/><\/a><\/p>\n<h2>Longleat House \u2013 Wiltshire<\/h2>\n<p><a href=\"https:\/\/www.longleat.co.uk\/longleat-house\"rel=\"nofollow\">Longleat House<\/a> in Wiltshire ist das Zuhause der Herzogin von Bath und gilt als eines der besten Beispiele elisabethanischer Architektur des Landes und als eines der sch\u00f6nsten Herrenh\u00e4user, das f\u00fcr die \u00d6ffentlichkeit zug\u00e4nglich ist. <\/p>\n<div class=\"snippet\"> <a class=\"featured-item\" href=\" https:\/\/www.urlaubcornwall.de\/ferienhaeuser\/suedengland.php\"> <span class=\"image-holder\" style=\"background-image: url(' https:\/\/www.urlaubcornwall.de\/blog\/wp-content\/uploads\/2018\/12\/20360149.jpg');\"><\/span> <span class=\"featured-content\"> \n<h2 class=\"featured-title\">Ferienh\u00e4user in S\u00fcdengland zum Verlieben!<\/h2>\n<p class=\"featured-body\">Dank seiner langen Geschichte, der reizvollen Landschaften und seinen vielen Attraktionen ist S\u00fcdengland ein wahres Mekka f\u00fcr Urlauber. F\u00fcr Familien und Paare ist die Reise durch Kent, den Garten Englands, die Sussex Downs, die uralten Grafschaften von Hampshire und Dorset&#8230;<\/p>\n<\/span> <span class=\"featured-link-holder\"> <span class=\"featured-extra-info\"> \n<p>F\u00fcr Paare, Familien &#038; Gruppen<\/p>\n<\/span> \n<p class=\"featured-link\">DETAILS<\/p>\n<\/span> <\/a><\/div>\n<p>Das Haus befindet sich innerhalb von 400 Hektar, von Capability Brown designter Landschaft; und Sie k\u00f6nnen eine 1,5 st\u00fcndige private Tour genie\u00dfen, gefolgt von einem \u201ecream tea\u201c in der Orangerie. Heutzutage ist Longleat auch bekannt f\u00fcr seinen Safaripark, der 1966 er\u00f6ffnet wurde, als der erste Safaripark au\u00dferhalb Afrikas, durch den Sie fahren k\u00f6nnen. Mehr als 40 Jahre sp\u00e4ter ist er noch immer einer von Britanniens f\u00fchrenden Tierattraktionen.<\/p>\n<h2 id=\"london\">Apsley House \u2013 London<\/h2>\n<p><a href=\"http:\/\/www.english-heritage.org.uk\/visit\/places\/apsley-house\/\">Apsley House<\/a>, auch bekannt als Nummer 1 London, war das Londoner Stadthaus des 1. Herzogs von Wellington. Dieses wundersch\u00f6ne georgianische Geb\u00e4ude befindet sich in prominenter Position neben dem Haupteingang zum Hyde Park und gegen\u00fcber des Wellington Arch. Das Haus wird unterhalten vom English Heritage, ist jedoch immer noch Residenz des derzeitigen Herzogs. Es hat sich nur sehr wenig ver\u00e4ndert, seit der 1. Herzog von Wellington hier lebte. Das pomp\u00f6se und glitzernde Innere, voller feiner Gem\u00e4lde, Skulpturen und Kunstwerken bleibt sozusagen der Schrein des \u201eEisernen Herzogs\u201c.<\/p>\n<p><img loading=\"lazy\" class=\"aligncenter size-full wp-image-47855\" src=\"https:\/\/www.urlaubcornwall.de\/blog\/wp-content\/uploads\/2024\/03\/Woburn_Abbey_reise.jpg\" alt=\"Woburn_Abbey_reise\" width=\"750\" height=\"500\" srcset=\"https:\/\/www.urlaubcornwall.de\/blog\/wp-content\/uploads\/2024\/03\/Woburn_Abbey_reise.jpg 750w, https:\/\/www.urlaubcornwall.de\/blog\/wp-content\/uploads\/2024\/03\/Woburn_Abbey_reise-300x200.jpg 300w\" sizes=\"(max-width: 750px) 100vw, 750px\" \/><\/p>\n<h2>Woburn Abbey &#8211; Bedfordshire<\/h2>\n<p><a href=\"http:\/\/www.woburnabbey.co.uk\/\"rel=\"nofollow\">Woburn Abbey<\/a> in Bedfordshire geh\u00f6rte seit dem ersten Herzog von Bedford 1547 den Herz\u00f6gen von Bedford. Woburn Abbey ist heute das Zuhause des 15. Herzogs von Bedford. Eine der wichtigsten privaten Kunstsammlungen der Welt befindet sich hier, Gem\u00e4lde von Reynolds, Gainsborough, Hogarth, Lely, Rembrandt, Tintoretto und Van Dyck. Die 11 Hektar umfassenden G\u00e4rten wurden vom preisgekr\u00f6nten Humphrey Repton designt, und die 1214 Hektar Wildpark sind das Zuhause von 9 Arten Wild. Woburn hat auch einen Safaripark und Golfpl\u00e4tze.<\/p>\n<p><a href=\"https:\/\/www.urlaubcornwall.de\/blog\/wp-content\/uploads\/2024\/03\/Beaulieu_Palace_House_Beaulieu.jpg\"><img loading=\"lazy\" src=\"https:\/\/www.urlaubcornwall.de\/blog\/wp-content\/uploads\/2024\/03\/Beaulieu_Palace_House_Beaulieu.jpg\" alt=\"Beaulieu_Palace_House,_Beaulieu\" width=\"750\" height=\"486\" class=\"alignnone size-full wp-image-47974\" srcset=\"https:\/\/www.urlaubcornwall.de\/blog\/wp-content\/uploads\/2024\/03\/Beaulieu_Palace_House_Beaulieu.jpg 750w, https:\/\/www.urlaubcornwall.de\/blog\/wp-content\/uploads\/2024\/03\/Beaulieu_Palace_House_Beaulieu-300x194.jpg 300w\" sizes=\"(max-width: 750px) 100vw, 750px\" \/><\/a><\/p>\n<h2>Beaulieu \u2013 Hampshire<\/h2>\n<p><a href=\"https:\/\/www.beaulieu.co.uk\/\"rel=\"nofollow\">Beaulieu Palace<\/a> House liegt im New Forest, Hampshire. Das Haus geh\u00f6rt seit 1538 der Familie von Lord Montagu. Das Palasthaus befindet sich in herrlicher Lage, mit Blick \u00fcber den M\u00fchlteich des Flusses Beaulieu. Um 1800 wurde angebaut und umgebaut, so dass das Haus heute ein feines Beispiel eines viktorianischen Landhauses ist. Beaulieu beheimatet auch das \u201eNational Motor Museum\u201c, in dem mehr als 250 Fahrzeuge die Geschichte des Motorenfahrzeugs zeigen; das fr\u00fcheste stammt aus dem Jahre 1875. Beaulieu hat auch wundersch\u00f6ne G\u00e4rten und einen Park, die Sie erkunden k\u00f6nnen und wo es sich picknicken l\u00e4sst.<\/p>\n<h2 id=\"cornwall\">Herrenh\u00e4user in Cornwall<\/h2>\n<p>Als Teil von UrlaubCornwalls einzigartigem F\u00fchrer bez\u00fcglich des \u201eVersteckten Cornwalls\u201c, finden Sie hier unsere Favoriten, die etwas weniger bekannten historischen <a href=\"https:\/\/www.urlaubcornwall.de\/blog\/historische-haeuser-verstecktes-cornwall\/\">H\u00e4user in Cornwall<\/a>.<\/p>\n<div class=\"snippet\"> <a class=\"featured-item\" href=\" https:\/\/www.urlaubcornwall.de\/rundreisen\/cornwall-suedengland.php\"> <span class=\"image-holder\" style=\"background-image: url(' https:\/\/www.urlaubcornwall.de\/blog\/wp-content\/uploads\/2018\/11\/rundreise-cornwall.jpg ');\"><\/span> <span class=\"featured-content\"> \n<h2 class=\"featured-title\">Individuelle Rundreise in S\u00fcdengland<\/h2>\n<p class=\"featured-body\"> Nun als eine von Gro\u00dfbritanniens beliebteste Urlaubsregion hat diese Region Besuchern allerhand zu bieten, ob sie nun spa\u00dferf\u00fcllten Familienurlaub, Kultur, Rundreisen und Sehensw\u00fcrdigkeiten suchen oder lediglich Zeit damit verbringen wollen, die K\u00fcstenlandschaft und Str\u00e4nde zu genie\u00dfen.<\/p>\n<\/span> <span class=\"featured-link-holder\"> <span class=\"featured-extra-info\"> \n<p>Urlaub im eigenen Schritttempo<\/p>\n<\/span> \n<p class=\"featured-link\">DETAILS<\/p>\n<\/span> <\/a><\/div>\n<p><strong>Karte Herrenh\u00e4user<\/strong><\/p>\n<p><iframe loading=\"lazy\" src=\"https:\/\/www.google.com\/maps\/d\/embed?mid=zPZ6ttwx7pSg.kWTsEiwXl1F8\" width=\"640\" height=\"480\"><\/iframe><\/p>\n","protected":false},"excerpt":{"rendered":"<p>F\u00fcr jeden Rundreisen durch S\u00fcdengland ist der Besuch von mindestens einem Herrenhaus ein Muss. Landschaftlich atemberaubend gelegen, innerhalb von Landschaftsg\u00e4rten und Grund, bieten sie einen Einblick ins exklusive Privileg und den Luxus, welche einst von k\u00f6niglichen Hoheiten und dem Adel genossen wurden. Hier finden Sie unsere Lieblingsh\u00e4user, die Sie w\u00e4hrend Ihrer Reise durch die englische [&hellip;]<\/p>\n","protected":false},"author":1,"featured_media":0,"parent":0,"menu_order":0,"comment_status":"closed","ping_status":"closed","template":"single-four.php","meta":[],"acf":[],"yoast_head":"<!-- This site is optimized with the Yoast SEO plugin v19.4 - https:\/\/yoast.com\/wordpress\/plugins\/seo\/ -->\n<title>Die besten Herrenh\u00e4user im S\u00fcden Englands - Urlaub &amp; Reisen<\/title>\n<meta name=\"robots\" content=\"index, follow, max-snippet:-1, max-image-preview:large, max-video-preview:-1\" \/>\n<link rel=\"canonical\" href=\"https:\/\/www.urlaubcornwall.de\/blog\/die-besten-herrenhaeuser-in-suedengland\/\" \/>\n<meta property=\"og:locale\" content=\"en_US\" \/>\n<meta property=\"og:type\" content=\"article\" \/>\n<meta property=\"og:title\" content=\"Die besten Herrenh\u00e4user im S\u00fcden Englands - Urlaub &amp; Reisen\" \/>\n<meta property=\"og:description\" content=\"F\u00fcr jeden Rundreisen durch S\u00fcdengland ist der Besuch von mindestens einem Herrenhaus ein Muss. Landschaftlich atemberaubend gelegen, innerhalb von Landschaftsg\u00e4rten und Grund, bieten sie einen Einblick ins exklusive Privileg und den Luxus, welche einst von k\u00f6niglichen Hoheiten und dem Adel genossen wurden. Hier finden Sie unsere Lieblingsh\u00e4user, die Sie w\u00e4hrend Ihrer Reise durch die englische [&hellip;]\" \/>\n<meta property=\"og:url\" content=\"https:\/\/www.urlaubcornwall.de\/blog\/die-besten-herrenhaeuser-in-suedengland\/\" \/>\n<meta property=\"og:site_name\" content=\"Urlaub &amp; Reisen\" \/>\n<meta property=\"article:modified_time\" content=\"2026-01-06T14:11:52+00:00\" \/>\n<meta property=\"og:image\" content=\"https:\/\/www.urlaubcornwall.de\/blog\/wp-content\/uploads\/2024\/03\/highclere-schloss.jpg\" \/>\n<meta name=\"twitter:card\" content=\"summary\" \/>\n<meta name=\"twitter:label1\" content=\"Est. reading time\" \/>\n\t<meta name=\"twitter:data1\" content=\"7 minutes\" \/>\n<script type=\"application\/ld+json\" class=\"yoast-schema-graph\">{\"@context\":\"https:\/\/schema.org\",\"@graph\":[{\"@type\":\"WebSite\",\"@id\":\"https:\/\/www.urlaubcornwall.de\/blog\/#website\",\"url\":\"https:\/\/www.urlaubcornwall.de\/blog\/\",\"name\":\"Urlaub &amp; Reisen\",\"description\":\"Urlaub, Reisen, Cornwall und S\u00fcdengland: eine perfekte Kombination\",\"potentialAction\":[{\"@type\":\"SearchAction\",\"target\":{\"@type\":\"EntryPoint\",\"urlTemplate\":\"https:\/\/www.urlaubcornwall.de\/blog\/?s={search_term_string}\"},\"query-input\":\"required name=search_term_string\"}],\"inLanguage\":\"en-US\"},{\"@type\":\"WebPage\",\"@id\":\"https:\/\/www.urlaubcornwall.de\/blog\/die-besten-herrenhaeuser-in-suedengland\/\",\"url\":\"https:\/\/www.urlaubcornwall.de\/blog\/die-besten-herrenhaeuser-in-suedengland\/\",\"name\":\"Die besten Herrenh\u00e4user im S\u00fcden Englands - Urlaub &amp; Reisen\",\"isPartOf\":{\"@id\":\"https:\/\/www.urlaubcornwall.de\/blog\/#website\"},\"datePublished\":\"2016-01-26T09:17:01+00:00\",\"dateModified\":\"2026-01-06T14:11:52+00:00\",\"breadcrumb\":{\"@id\":\"https:\/\/www.urlaubcornwall.de\/blog\/die-besten-herrenhaeuser-in-suedengland\/#breadcrumb\"},\"inLanguage\":\"en-US\",\"potentialAction\":[{\"@type\":\"ReadAction\",\"target\":[\"https:\/\/www.urlaubcornwall.de\/blog\/die-besten-herrenhaeuser-in-suedengland\/\"]}]},{\"@type\":\"BreadcrumbList\",\"@id\":\"https:\/\/www.urlaubcornwall.de\/blog\/die-besten-herrenhaeuser-in-suedengland\/#breadcrumb\",\"itemListElement\":[{\"@type\":\"ListItem\",\"position\":1,\"name\":\"Home\",\"item\":\"https:\/\/www.urlaubcornwall.de\/blog\/\"},{\"@type\":\"ListItem\",\"position\":2,\"name\":\"Die besten Herrenh\u00e4user im S\u00fcden Englands\"}]}]}<\/script>\n<!-- \/ Yoast SEO plugin. -->","yoast_head_json":{"title":"Die besten Herrenh\u00e4user im S\u00fcden Englands - Urlaub &amp; Reisen","robots":{"index":"index","follow":"follow","max-snippet":"max-snippet:-1","max-image-preview":"max-image-preview:large","max-video-preview":"max-video-preview:-1"},"canonical":"https:\/\/www.urlaubcornwall.de\/blog\/die-besten-herrenhaeuser-in-suedengland\/","og_locale":"en_US","og_type":"article","og_title":"Die besten Herrenh\u00e4user im S\u00fcden Englands - Urlaub &amp; Reisen","og_description":"F\u00fcr jeden Rundreisen durch S\u00fcdengland ist der Besuch von mindestens einem Herrenhaus ein Muss. Landschaftlich atemberaubend gelegen, innerhalb von Landschaftsg\u00e4rten und Grund, bieten sie einen Einblick ins exklusive Privileg und den Luxus, welche einst von k\u00f6niglichen Hoheiten und dem Adel genossen wurden. Hier finden Sie unsere Lieblingsh\u00e4user, die Sie w\u00e4hrend Ihrer Reise durch die englische [&hellip;]","og_url":"https:\/\/www.urlaubcornwall.de\/blog\/die-besten-herrenhaeuser-in-suedengland\/","og_site_name":"Urlaub &amp; Reisen","article_modified_time":"2026-01-06T14:11:52+00:00","og_image":[{"url":"https:\/\/www.urlaubcornwall.de\/blog\/wp-content\/uploads\/2024\/03\/highclere-schloss.jpg"}],"twitter_card":"summary","twitter_misc":{"Est. reading time":"7 minutes"},"schema":{"@context":"https:\/\/schema.org","@graph":[{"@type":"WebSite","@id":"https:\/\/www.urlaubcornwall.de\/blog\/#website","url":"https:\/\/www.urlaubcornwall.de\/blog\/","name":"Urlaub &amp; Reisen","description":"Urlaub, Reisen, Cornwall und S\u00fcdengland: eine perfekte Kombination","potentialAction":[{"@type":"SearchAction","target":{"@type":"EntryPoint","urlTemplate":"https:\/\/www.urlaubcornwall.de\/blog\/?s={search_term_string}"},"query-input":"required name=search_term_string"}],"inLanguage":"en-US"},{"@type":"WebPage","@id":"https:\/\/www.urlaubcornwall.de\/blog\/die-besten-herrenhaeuser-in-suedengland\/","url":"https:\/\/www.urlaubcornwall.de\/blog\/die-besten-herrenhaeuser-in-suedengland\/","name":"Die besten Herrenh\u00e4user im S\u00fcden Englands - Urlaub &amp; Reisen","isPartOf":{"@id":"https:\/\/www.urlaubcornwall.de\/blog\/#website"},"datePublished":"2016-01-26T09:17:01+00:00","dateModified":"2026-01-06T14:11:52+00:00","breadcrumb":{"@id":"https:\/\/www.urlaubcornwall.de\/blog\/die-besten-herrenhaeuser-in-suedengland\/#breadcrumb"},"inLanguage":"en-US","potentialAction":[{"@type":"ReadAction","target":["https:\/\/www.urlaubcornwall.de\/blog\/die-besten-herrenhaeuser-in-suedengland\/"]}]},{"@type":"BreadcrumbList","@id":"https:\/\/www.urlaubcornwall.de\/blog\/die-besten-herrenhaeuser-in-suedengland\/#breadcrumb","itemListElement":[{"@type":"ListItem","position":1,"name":"Home","item":"https:\/\/www.urlaubcornwall.de\/blog\/"},{"@type":"ListItem","position":2,"name":"Die besten Herrenh\u00e4user im S\u00fcden Englands"}]}]}},"_links":{"self":[{"href":"https:\/\/www.urlaubcornwall.de\/blog\/wp-json\/wp\/v2\/pages\/22864"}],"collection":[{"href":"https:\/\/www.urlaubcornwall.de\/blog\/wp-json\/wp\/v2\/pages"}],"about":[{"href":"https:\/\/www.urlaubcornwall.de\/blog\/wp-json\/wp\/v2\/types\/page"}],"author":[{"embeddable":true,"href":"https:\/\/www.urlaubcornwall.de\/blog\/wp-json\/wp\/v2\/users\/1"}],"replies":[{"embeddable":true,"href":"https:\/\/www.urlaubcornwall.de\/blog\/wp-json\/wp\/v2\/comments?post=22864"}],"version-history":[{"count":53,"href":"https:\/\/www.urlaubcornwall.de\/blog\/wp-json\/wp\/v2\/pages\/22864\/revisions"}],"predecessor-version":[{"id":51963,"href":"https:\/\/www.urlaubcornwall.de\/blog\/wp-json\/wp\/v2\/pages\/22864\/revisions\/51963"}],"wp:attachment":[{"href":"https:\/\/www.urlaubcornwall.de\/blog\/wp-json\/wp\/v2\/media?parent=22864"}],"curies":[{"name":"wp","href":"https:\/\/api.w.org\/{rel}","templated":true}]}}