{"id":22834,"date":"2016-01-20T12:53:15","date_gmt":"2016-01-20T12:53:15","guid":{"rendered":"https:\/\/www.urlaubcornwall.de\/blog\/?page_id=22834"},"modified":"2024-04-09T12:54:21","modified_gmt":"2024-04-09T12:54:21","slug":"die-malerischsten-autorouten-in-grossbritannien-irland","status":"publish","type":"page","link":"https:\/\/www.urlaubcornwall.de\/blog\/die-malerischsten-autorouten-in-grossbritannien-irland\/","title":{"rendered":"Die malerischsten Autorouten in Gro\u00dfbritannien &#038; Irland"},"content":{"rendered":"<p><img loading=\"lazy\" class=\"aligncenter size-full wp-image-22835\" src=\"https:\/\/www.urlaubcornwall.de\/blog\/wp-content\/uploads\/2016\/01\/urlaub_england_main3-1.jpg\" alt=\"reisen gro\u00dfbritannien\" height=\"153\" width=\"745\" srcset=\"https:\/\/www.urlaubcornwall.de\/blog\/wp-content\/uploads\/2016\/01\/urlaub_england_main3-1.jpg 745w, https:\/\/www.urlaubcornwall.de\/blog\/wp-content\/uploads\/2016\/01\/urlaub_england_main3-1-300x62.jpg 300w\" sizes=\"(max-width: 745px) 100vw, 745px\" \/><\/p>\n<h1 style=\"text-align: center;\"><strong><span style=\"text-decoration: underline;\"><a href=\"https:\/\/www.urlaubcornwall.de\/blog\/reisen-england-die-malerischsten-auto-oder-busrouten\/\">Reisen England: Die malerischsten Autorouten<\/a><\/span><\/strong><\/h1>\n<p style=\"text-align: center;\">England hat einige unglaublich sch\u00f6ne Stra\u00dfenstrecken, die Sie w\u00e4hrend Ihrer Reise oder Rundreise und Busreise durch die britischen Inseln genie\u03b2en k\u00f6nnen. Sie sind nicht nur Mittel, um von A nach B zu gelangen; nehmen Sie sich Zeit, um die malerische Reise zu genie\u03b2en.<\/p>\n<p style=\"text-align: center;\"><strong>[ <span style=\"text-decoration: underline;\"><a href=\"https:\/\/www.urlaubcornwall.de\/blog\/reisen-england-die-malerischsten-auto-oder-busrouten\/\">Mehr<\/a><\/span> ]<\/strong><\/p>\n<h1 style=\"text-align: center;\"><strong><span style=\"text-decoration: underline;\"><a href=\"https:\/\/www.urlaubcornwall.de\/blog\/5-malerische-autofahrten-durch-wales-probieren-sie-sie-aus-2\/\">5 malerische Autofahrten durch Wales<\/a><\/span><\/strong><\/h1>\n<p style=\"text-align: center;\">Wales ist ein Land der Kontraste und wartet nur darauf, auf einigen wundersch\u00f6nen Strecken erkundet zu werden. Von den Bergen bis hin zu Sandstr\u00e4nden k\u00f6nnen Sie auf Ihrer Reise oder Rundreise durch diesen Teil der britischen Inseln eine erstaunliche Landschaft genie\u00dfen.<\/p>\n<p style=\"text-align: center;\"><strong>[ <a href=\"http:\/\/5%20malerische Autofahrten durch Wales\"><span style=\"text-decoration: underline;\">Mehr<\/span><\/a> ]<\/strong><\/p>\n<p style=\"text-align: center;\"><img loading=\"lazy\" class=\"aligncenter size-full wp-image-22838\" src=\"https:\/\/www.urlaubcornwall.de\/blog\/wp-content\/uploads\/2016\/01\/reisen-schottland.jpg\" alt=\"reisen schottland\" height=\"155\" width=\"745\" srcset=\"https:\/\/www.urlaubcornwall.de\/blog\/wp-content\/uploads\/2016\/01\/reisen-schottland.jpg 745w, https:\/\/www.urlaubcornwall.de\/blog\/wp-content\/uploads\/2016\/01\/reisen-schottland-300x62.jpg 300w\" sizes=\"(max-width: 745px) 100vw, 745px\" \/><\/p>\n<h1 style=\"text-align: center;\"><span style=\"text-decoration: underline;\"><strong><a href=\"https:\/\/www.urlaubcornwall.de\/blog\/5-malerische-autofahrten-durch-schottland-probieren-sie-sie-aus\/\">5 malerische Autofahrten durch Schottland<\/a><\/strong><\/span><\/h1>\n<p style=\"text-align: center;\">Schottland ist das Zuhause von Britanniens spektakul\u00e4rster Landschaft, die den h\u00f6chsten Berg, den Ben Nevis, mit umfasst, den tiefsten See, Loch Morar, die h\u00f6chsten B\u00e4ume und die abgelegendsten Gebiete voller Wildheit.<\/p>\n<p style=\"text-align: center;\"><strong>[ <a href=\"https:\/\/www.urlaubcornwall.de\/blog\/5-malerische-autofahrten-durch-schottland-probieren-sie-sie-aus\/\"><span style=\"text-decoration: underline;\">Mehr<\/span> <\/a>]<\/strong><\/p>\n<h1 style=\"text-align: center;\"><a href=\"https:\/\/www.urlaubcornwall.de\/blog\/reisen-irland-malerische-routen-mit-auto-durch-irland\/\"><span style=\"text-decoration: underline;\"><strong>5 malerische Autofahrten durch Nord &amp; S\u00fcd Irland<\/strong><\/span><\/a><\/h1>\n<p style=\"text-align: center;\">Irland ist ein kleines Land und ein herrliches Urlaubs- oder Reiseziel, voller Geschichte und Natursch\u00f6nheit. Eindrucksvolle Naturwunder, dramatische Felsformationen und die h\u00f6chsten Klippen Europas, wundersch\u00f6ne Sandstr\u00e4nde, ein Land der Mythen und Legenden.<\/p>\n<p style=\"text-align: center;\"><a href=\"https:\/\/www.urlaubcornwall.de\/blog\/reisen-irland-malerische-routen-mit-auto-durch-irland\/\"><strong>[ <span style=\"text-decoration: underline;\">Mehr<\/span> ]<\/strong><\/a><\/p>\n\n<p style=\"text-align: center;\">UrlaubCornwall verf\u00fcgt Ferienh\u00e4user und Ferienwohnungen f\u00fcr Ihren <a href=\"https:\/\/www.urlaubcornwall.de\/\">Urlaub in Gro\u00dfbritannien<\/a>. Unterk\u00fcnfte der Spitzenklasse f\u00fcr 2 Personen, Familien und Gruppen mit 4, 6, 8, 10 oder 12 G\u00e4sten.<\/p>\n<h1 style=\"text-align: center;\"><strong>Bei uns finden Sie Ferienh\u00e4user zum Verlieben \u2013 so einfach ist das!<\/strong><\/h1>\n<p style=\"text-align: center;\"><a class=\"tidycta\" href=\"https:\/\/www.urlaubcornwall.de\/ferienhaeuser.php\">Suche Ferienh\u00e4user in Gro\u00dfbritannien &gt;&gt;<\/a><\/p>\n<p style=\"text-align: center;\"><img loading=\"lazy\" class=\"aligncenter size-full wp-image-24598\" src=\"https:\/\/www.urlaubcornwall.de\/blog\/wp-content\/uploads\/2016\/06\/urlaub-und-gro\u00dfbritannien_logo_final.jpg\" alt=\"\" height=\"361\" width=\"746\" srcset=\"https:\/\/www.urlaubcornwall.de\/blog\/wp-content\/uploads\/2016\/06\/urlaub-und-gro\u00dfbritannien_logo_final.jpg 746w, https:\/\/www.urlaubcornwall.de\/blog\/wp-content\/uploads\/2016\/06\/urlaub-und-gro\u00dfbritannien_logo_final-300x145.jpg 300w\" sizes=\"(max-width: 746px) 100vw, 746px\" \/><\/p>\n<p style=\"text-align: center;\">UrlaubCornwall.de hat eine einzigartige Sammlung pers\u00f6nlich inspizierter Ferienh\u00e4user und Ferienwohnungen in Gro\u00dfbritannien.<\/p>\n<p style=\"text-align: center;\">UrlaubCornwall.de hat seinen Firmensitz in Cornwall in S\u00fcdwestengland und bietet Kunden im Deutsch sprechenden Europa Hilfe im Erstellen der perfekten Urlaubserfahrung hier. Wir haben <a href=\"http:\/\/www.urlaubcornwall.de\/rundreisenservice.php\">ein Team Deutsch sprechender Experten<\/a>, so dass wir eine individuelle Urlaub in England &amp; Wales.<\/p>\n","protected":false},"excerpt":{"rendered":"<p>Reisen England: Die malerischsten Autorouten England hat einige unglaublich sch\u00f6ne Stra\u00dfenstrecken, die Sie w\u00e4hrend Ihrer Reise oder Rundreise und Busreise durch die britischen Inseln genie\u03b2en k\u00f6nnen. Sie sind nicht nur Mittel, um von A nach B zu gelangen; nehmen Sie sich Zeit, um die malerische Reise zu genie\u03b2en. [ Mehr ] 5 malerische Autofahrten durch [&hellip;]<\/p>\n","protected":false},"author":1,"featured_media":0,"parent":0,"menu_order":0,"comment_status":"closed","ping_status":"closed","template":"single-four.php","meta":[],"acf":[],"yoast_head":"<!-- This site is optimized with the Yoast SEO plugin v19.4 - https:\/\/yoast.com\/wordpress\/plugins\/seo\/ -->\n<title>Die malerischsten Autorouten in Gro\u00dfbritannien &amp; Irland - Urlaub &amp; Reisen<\/title>\n<meta name=\"robots\" content=\"index, follow, max-snippet:-1, max-image-preview:large, max-video-preview:-1\" \/>\n<link rel=\"canonical\" href=\"https:\/\/www.urlaubcornwall.de\/blog\/die-malerischsten-autorouten-in-grossbritannien-irland\/\" \/>\n<meta property=\"og:locale\" content=\"en_US\" \/>\n<meta property=\"og:type\" content=\"article\" \/>\n<meta property=\"og:title\" content=\"Die malerischsten Autorouten in Gro\u00dfbritannien &amp; Irland - Urlaub &amp; Reisen\" \/>\n<meta property=\"og:description\" content=\"Reisen England: Die malerischsten Autorouten England hat einige unglaublich sch\u00f6ne Stra\u00dfenstrecken, die Sie w\u00e4hrend Ihrer Reise oder Rundreise und Busreise durch die britischen Inseln genie\u03b2en k\u00f6nnen. Sie sind nicht nur Mittel, um von A nach B zu gelangen; nehmen Sie sich Zeit, um die malerische Reise zu genie\u03b2en. [ Mehr ] 5 malerische Autofahrten durch [&hellip;]\" \/>\n<meta property=\"og:url\" content=\"https:\/\/www.urlaubcornwall.de\/blog\/die-malerischsten-autorouten-in-grossbritannien-irland\/\" \/>\n<meta property=\"og:site_name\" content=\"Urlaub &amp; Reisen\" \/>\n<meta property=\"article:modified_time\" content=\"2024-04-09T12:54:21+00:00\" \/>\n<meta property=\"og:image\" content=\"https:\/\/www.urlaubcornwall.de\/blog\/wp-content\/uploads\/2016\/01\/urlaub_england_main3-1.jpg\" \/>\n<meta name=\"twitter:card\" content=\"summary\" \/>\n<meta name=\"twitter:label1\" content=\"Est. reading time\" \/>\n\t<meta name=\"twitter:data1\" content=\"2 minutes\" \/>\n<script type=\"application\/ld+json\" class=\"yoast-schema-graph\">{\"@context\":\"https:\/\/schema.org\",\"@graph\":[{\"@type\":\"WebSite\",\"@id\":\"https:\/\/www.urlaubcornwall.de\/blog\/#website\",\"url\":\"https:\/\/www.urlaubcornwall.de\/blog\/\",\"name\":\"Urlaub &amp; Reisen\",\"description\":\"Urlaub, Reisen, Cornwall und S\u00fcdengland: eine perfekte Kombination\",\"potentialAction\":[{\"@type\":\"SearchAction\",\"target\":{\"@type\":\"EntryPoint\",\"urlTemplate\":\"https:\/\/www.urlaubcornwall.de\/blog\/?s={search_term_string}\"},\"query-input\":\"required name=search_term_string\"}],\"inLanguage\":\"en-US\"},{\"@type\":\"WebPage\",\"@id\":\"https:\/\/www.urlaubcornwall.de\/blog\/die-malerischsten-autorouten-in-grossbritannien-irland\/\",\"url\":\"https:\/\/www.urlaubcornwall.de\/blog\/die-malerischsten-autorouten-in-grossbritannien-irland\/\",\"name\":\"Die malerischsten Autorouten in Gro\u00dfbritannien & Irland - Urlaub &amp; Reisen\",\"isPartOf\":{\"@id\":\"https:\/\/www.urlaubcornwall.de\/blog\/#website\"},\"datePublished\":\"2016-01-20T12:53:15+00:00\",\"dateModified\":\"2024-04-09T12:54:21+00:00\",\"breadcrumb\":{\"@id\":\"https:\/\/www.urlaubcornwall.de\/blog\/die-malerischsten-autorouten-in-grossbritannien-irland\/#breadcrumb\"},\"inLanguage\":\"en-US\",\"potentialAction\":[{\"@type\":\"ReadAction\",\"target\":[\"https:\/\/www.urlaubcornwall.de\/blog\/die-malerischsten-autorouten-in-grossbritannien-irland\/\"]}]},{\"@type\":\"BreadcrumbList\",\"@id\":\"https:\/\/www.urlaubcornwall.de\/blog\/die-malerischsten-autorouten-in-grossbritannien-irland\/#breadcrumb\",\"itemListElement\":[{\"@type\":\"ListItem\",\"position\":1,\"name\":\"Home\",\"item\":\"https:\/\/www.urlaubcornwall.de\/blog\/\"},{\"@type\":\"ListItem\",\"position\":2,\"name\":\"Die malerischsten Autorouten in Gro\u00dfbritannien &#038; Irland\"}]}]}<\/script>\n<!-- \/ Yoast SEO plugin. -->","yoast_head_json":{"title":"Die malerischsten Autorouten in Gro\u00dfbritannien & Irland - Urlaub &amp; Reisen","robots":{"index":"index","follow":"follow","max-snippet":"max-snippet:-1","max-image-preview":"max-image-preview:large","max-video-preview":"max-video-preview:-1"},"canonical":"https:\/\/www.urlaubcornwall.de\/blog\/die-malerischsten-autorouten-in-grossbritannien-irland\/","og_locale":"en_US","og_type":"article","og_title":"Die malerischsten Autorouten in Gro\u00dfbritannien & Irland - Urlaub &amp; Reisen","og_description":"Reisen England: Die malerischsten Autorouten England hat einige unglaublich sch\u00f6ne Stra\u00dfenstrecken, die Sie w\u00e4hrend Ihrer Reise oder Rundreise und Busreise durch die britischen Inseln genie\u03b2en k\u00f6nnen. Sie sind nicht nur Mittel, um von A nach B zu gelangen; nehmen Sie sich Zeit, um die malerische Reise zu genie\u03b2en. [ Mehr ] 5 malerische Autofahrten durch [&hellip;]","og_url":"https:\/\/www.urlaubcornwall.de\/blog\/die-malerischsten-autorouten-in-grossbritannien-irland\/","og_site_name":"Urlaub &amp; Reisen","article_modified_time":"2024-04-09T12:54:21+00:00","og_image":[{"url":"https:\/\/www.urlaubcornwall.de\/blog\/wp-content\/uploads\/2016\/01\/urlaub_england_main3-1.jpg"}],"twitter_card":"summary","twitter_misc":{"Est. reading time":"2 minutes"},"schema":{"@context":"https:\/\/schema.org","@graph":[{"@type":"WebSite","@id":"https:\/\/www.urlaubcornwall.de\/blog\/#website","url":"https:\/\/www.urlaubcornwall.de\/blog\/","name":"Urlaub &amp; Reisen","description":"Urlaub, Reisen, Cornwall und S\u00fcdengland: eine perfekte Kombination","potentialAction":[{"@type":"SearchAction","target":{"@type":"EntryPoint","urlTemplate":"https:\/\/www.urlaubcornwall.de\/blog\/?s={search_term_string}"},"query-input":"required name=search_term_string"}],"inLanguage":"en-US"},{"@type":"WebPage","@id":"https:\/\/www.urlaubcornwall.de\/blog\/die-malerischsten-autorouten-in-grossbritannien-irland\/","url":"https:\/\/www.urlaubcornwall.de\/blog\/die-malerischsten-autorouten-in-grossbritannien-irland\/","name":"Die malerischsten Autorouten in Gro\u00dfbritannien & Irland - Urlaub &amp; Reisen","isPartOf":{"@id":"https:\/\/www.urlaubcornwall.de\/blog\/#website"},"datePublished":"2016-01-20T12:53:15+00:00","dateModified":"2024-04-09T12:54:21+00:00","breadcrumb":{"@id":"https:\/\/www.urlaubcornwall.de\/blog\/die-malerischsten-autorouten-in-grossbritannien-irland\/#breadcrumb"},"inLanguage":"en-US","potentialAction":[{"@type":"ReadAction","target":["https:\/\/www.urlaubcornwall.de\/blog\/die-malerischsten-autorouten-in-grossbritannien-irland\/"]}]},{"@type":"BreadcrumbList","@id":"https:\/\/www.urlaubcornwall.de\/blog\/die-malerischsten-autorouten-in-grossbritannien-irland\/#breadcrumb","itemListElement":[{"@type":"ListItem","position":1,"name":"Home","item":"https:\/\/www.urlaubcornwall.de\/blog\/"},{"@type":"ListItem","position":2,"name":"Die malerischsten Autorouten in Gro\u00dfbritannien &#038; Irland"}]}]}},"_links":{"self":[{"href":"https:\/\/www.urlaubcornwall.de\/blog\/wp-json\/wp\/v2\/pages\/22834"}],"collection":[{"href":"https:\/\/www.urlaubcornwall.de\/blog\/wp-json\/wp\/v2\/pages"}],"about":[{"href":"https:\/\/www.urlaubcornwall.de\/blog\/wp-json\/wp\/v2\/types\/page"}],"author":[{"embeddable":true,"href":"https:\/\/www.urlaubcornwall.de\/blog\/wp-json\/wp\/v2\/users\/1"}],"replies":[{"embeddable":true,"href":"https:\/\/www.urlaubcornwall.de\/blog\/wp-json\/wp\/v2\/comments?post=22834"}],"version-history":[{"count":15,"href":"https:\/\/www.urlaubcornwall.de\/blog\/wp-json\/wp\/v2\/pages\/22834\/revisions"}],"predecessor-version":[{"id":49194,"href":"https:\/\/www.urlaubcornwall.de\/blog\/wp-json\/wp\/v2\/pages\/22834\/revisions\/49194"}],"wp:attachment":[{"href":"https:\/\/www.urlaubcornwall.de\/blog\/wp-json\/wp\/v2\/media?parent=22834"}],"curies":[{"name":"wp","href":"https:\/\/api.w.org\/{rel}","templated":true}]}}