{"id":22809,"date":"2016-01-19T08:06:08","date_gmt":"2016-01-19T08:06:08","guid":{"rendered":"https:\/\/www.urlaubcornwall.de\/blog\/?page_id=22809"},"modified":"2026-01-06T14:00:43","modified_gmt":"2026-01-06T14:00:43","slug":"5-malerische-autofahrten-durch-wales-probieren-sie-sie-aus-2","status":"publish","type":"page","link":"https:\/\/www.urlaubcornwall.de\/blog\/5-malerische-autofahrten-durch-wales-probieren-sie-sie-aus-2\/","title":{"rendered":"5 malerische Autofahrten durch Wales \u2013 probieren Sie sie aus."},"content":{"rendered":"<p><a href=\"https:\/\/www.urlaubcornwall.de\/reiseziel\/wales.php\">Wales ist ein Land der Kontraste<\/a> und wartet nur darauf, auf einigen wundersch\u00f6nen Strecken erkundet zu werden. Von den Bergen bis hin zu Sandstr\u00e4nden k\u00f6nnen Sie auf Ihrer <a href=\"https:\/\/www.urlaubcornwall.de\/blog\/rundreisen-england-wales\/\">Reise oder Rundreise<\/a> durch diesen Teil der britischen Inseln eine erstaunliche Landschaft genie\u00dfen. Die Routen sind nicht nur Mittel, um von A nach B zu gelangen. Nehmen Sie sich die Zeit, diese malerische Reise zu genie\u00dfen. Hier finden Sie unsere Lieblingsrouten&#8230;<\/p>\n<p><strong>von Conwy nach Merthyr Tydfil<\/strong><\/p>\n<p><img loading=\"lazy\" class=\"aligncenter size-full wp-image-47831\" src=\"https:\/\/www.urlaubcornwall.de\/blog\/wp-content\/uploads\/2024\/03\/snowdonia-wales.jpg\" alt=\"snowdonia wales\" width=\"750\" height=\"422\" srcset=\"https:\/\/www.urlaubcornwall.de\/blog\/wp-content\/uploads\/2024\/03\/snowdonia-wales.jpg 750w, https:\/\/www.urlaubcornwall.de\/blog\/wp-content\/uploads\/2024\/03\/snowdonia-wales-300x169.jpg 300w\" sizes=\"(max-width: 750px) 100vw, 750px\" \/><\/p>\n<p>Die A470 f\u00fchrt mit ungef\u00e4hr 243km die L\u00e4nge von Wales entlang; diese Route beginnt in <a href=\"https:\/\/www.urlaubcornwall.de\/ferienhaeuser-fewos\/wal\/nordwales\/conwy.html\">Conwy<\/a>, einer der h\u00fcbschesten mittelalterlichen Festungsst\u00e4dte in Europa und endet in Merthyr Tydfil, am Rande des <a href=\"https:\/\/www.urlaubcornwall.de\/ferienhaeuser-fewos\/wal\/mittelwales\/brecon.html\">Brecon Beacons Nationalparks<\/a>. Die Stra\u00dfe folgt Flusst\u00e4lern, windet sich durch Snowdonia und f\u00fchrt dann Richtung S\u00fcden \u00fcber die Cambrian Berge, das R\u00fcckgrat von Wales, bevor sie die Brecon Beacons erreicht. Wenn Sie Conwy verlassen haben und sich Richtung S\u00fcden aufmachen, werden Sie bald schon in <a href=\"https:\/\/www.urlaubcornwall.de\/ferienhaeuser-fewos\/wal\/nordwales\/betws-y-coed.html\">Betws-y-Coed<\/a>, dem Tor zu <a href=\"https:\/\/www.urlaubcornwall.de\/ferienhaeuser-fewos\/wal\/nordwales\/snowdonia-national-park.html\">Snowdonia<\/a> ankommen, fahren Sie dann vorbei am hoch aufragenden Schloss Dolwyddelan, bevor Sie in <a href=\"https:\/\/www.urlaubcornwall.de\/ferienhaeuser-fewos\/wal\/nordwales\/blaenau-ffestiniog.html\">Blaenau Ffestiniog<\/a> ankommen, das mit seiner herrlichen Festiniog Bahnstrecke besticht. <\/p>\n<p>Die Stra\u00dfe f\u00fchrt weiter durch den Coed-y-Brenin Wald und steigt dann hinauf zum Gipfel der Cambrian Berge, dem Oerddrws Pass auf einer H\u00f6he von 356,6 m. <a href=\"https:\/\/www.urlaubcornwall.de\/ferienhaeuser-fewos\/wal\/mittelwales\/llanidloes.html\">Llanidloes<\/a> ist das ideale Fleckchen, um in einer historischen Marktstadt mit urigen Gesch\u00e4ften eine Pause einzulegen. Fahren Sie dann durch das attraktive Wye Tal mit seinen h\u00fcbschen St\u00e4dten, weiter bei Llyswen hinauf nach Brecon und lassen Sie das Wye Tal hinter sich samt Fernblick \u00fcber die Schwarzen Berge.<\/p>\n<p><strong>von Chirk nach Bethesda<\/strong><\/p>\n<p>Diese Route entlang der A5 von Chirk an der Grenze zwischen England und Wales nach Bethesda im <a href=\"https:\/\/www.urlaubcornwall.de\/ferienhaeuser-fewos\/wal\/nordwales\/snowdonia-national-park.html\">Snowdonia Nationalpark<\/a> ist ungef\u00e4hr 85,9km lang. Die Burg Chirk ist eine herrliche mittelalterliche Festung, von Edward I errichtet und befindet sich auf einem H\u00fcgel mit fantastischem Blick \u00fcber das Ceiriog Tal. Die A5 f\u00fchrt dann Richtung Westen, vorbei an Denbighshire und der h\u00fcbschen Stadt <a href=\"https:\/\/www.urlaubcornwall.de\/ferienhaeuser-fewos\/wal\/nordwales\/llangollen.html\">Llangollen<\/a>, bekannt f\u00fcr ihr internationales Musical Eisteddfod. <\/p>\n<p>Weiter geht es vorbei am 100km<sup>2 <\/sup>umfassenden Clocaenog Wald, dem Zuhause einer Vielfalt an Tierleben und ein idealer Ort zum Mountainbiken, Wandern, Reiten und die Landschaft von Nordwales aufzusaugen. Bei Swallow Falls in der N\u00e4he von Betws-y-Coed halten Sie unbedingt Ausschau nach dem \u201eh\u00e4sslichen Haus\u201c, das tief verankert in<a href=\"https:\/\/www.urlaubcornwall.de\/reiseziel\/wales.php\"> Mythen und Legenden<\/a> ist. Genie\u00dfen Sie den Blick bei Capel Curig, bevor Sie in Bethesda ankommen, das sozusagen vor der Haust\u00fcr des Nant Ffrancon Passes und der Ogwen F\u00e4lle liegt.<\/p>\n<p><strong>Black Mountain Pass (Schwarzer Bergpass)<\/strong><\/p>\n<p><img loading=\"lazy\" class=\"aligncenter size-full wp-image-47961\" src=\"https:\/\/www.urlaubcornwall.de\/blog\/wp-content\/uploads\/2024\/03\/Snowdon-Caernarfon-1.jpg\" alt=\"Snowdon,\" width=\"750\" height=\"500\" srcset=\"https:\/\/www.urlaubcornwall.de\/blog\/wp-content\/uploads\/2024\/03\/Snowdon-Caernarfon-1.jpg 750w, https:\/\/www.urlaubcornwall.de\/blog\/wp-content\/uploads\/2024\/03\/Snowdon-Caernarfon-1-300x200.jpg 300w\" sizes=\"(max-width: 750px) 100vw, 750px\" \/><\/p>\n<p>Die Route von Gwaun-Cae-Gurwen nach <a href=\"https:\/\/www.urlaubcornwall.de\/ferienhaeuser-fewos\/wal\/mittelwales\/llandovery.html\">Llandovery<\/a> durch den Brecon Beacons Nationalpark ist ungef\u00e4hr 43,5km lang und eine der aufregendsten und malerischsten Stra\u00dfen im Vereinigten K\u00f6nigreich. Entlang der A4069 geht es durch die Black Mountains mit \u00fcberaus spektakul\u00e4rem Blick von unterwegs aus. Fahren Sie nicht zu schnell, da es etliche Blitzer, enge Kurven und Schafe gibt, die gelegentlich auf der Stra\u00dfe entlang marschieren. Ein klarer Sommertag, wenn der Blick am atemberaubendsten ist, ist der perfekte Zeitpunkt, um diese Route entlang zu fahren.<\/p>\n<p><strong>von Aberystwyth nach Llangurig<\/strong><\/p>\n<p><a href=\"https:\/\/www.urlaubcornwall.de\/blog\/wp-content\/uploads\/2024\/03\/Aberystwyth_Urlaub.jpg\"><img loading=\"lazy\" src=\"https:\/\/www.urlaubcornwall.de\/blog\/wp-content\/uploads\/2024\/03\/Aberystwyth_Urlaub.jpg\" alt=\"Aberystwyth_Urlaub\" width=\"750\" height=\"480\" class=\"alignnone size-full wp-image-47842\" srcset=\"https:\/\/www.urlaubcornwall.de\/blog\/wp-content\/uploads\/2024\/03\/Aberystwyth_Urlaub.jpg 750w, https:\/\/www.urlaubcornwall.de\/blog\/wp-content\/uploads\/2024\/03\/Aberystwyth_Urlaub-300x192.jpg 300w\" sizes=\"(max-width: 750px) 100vw, 750px\" \/><\/a><\/p>\n<p>Beginnend in <a href=\"https:\/\/www.urlaubcornwall.de\/ferienhaeuser-fewos\/wal\/westwales\/aberystwyth.html\">Aberystwyth<\/a>, einer Stadt am Meer, ist die Fahrt entlang der A44 nach Llangurig ungef\u00e4hr 40km lang. Die Landschaft ist herrlich, und es gibt entlang der Strecke gen\u00fcgend Rastpl\u00e4tze. Wenn Sie erst einmal Cwmbrwyno erreicht haben, ist der Blick atemberaubend. Von hier aus sehen Sie die Berge von Zentralwales, die sich bei Plynlimon Fawr 752m hoch erheben. Bevor Sie Llangurig erreichen, mit 300m das h\u00f6chst gelegenste <a href=\"http:\/\/t\">Dorf in Wales<\/a>, machen Sie einen kurzen Abstecher auf der A4120 zur Teufelsbr\u00fccke, einer dramatischen, bewaldeten Schlucht mit spektakul\u00e4ren Wasserf\u00e4llen.<\/p>\n<p><strong>Abergwesyn Mountain Pass<\/strong><\/p>\n<p>Der Abergwesyn Bergpass ist eine eindrucksvolle Stra\u00dfe von ungef\u00e4hr 29km und einer unglaublichen Vielfalt an unterschiedlicher Landschaft. Wenn Sie in Tregaron beginnen und durch die Cambrian Berge fahren, werden Sie zur Teufelstreppe kommen, einer Reihe nadelscharfer Kurven. Entlang der malerischen Strecke zur Siedlung Abergwesyn gibt es Seen, W\u00e4lder und T\u00e4ler. Ein kleiner Umweg bringt Sie zum wundersch\u00f6nen Reservoir bei Llyn Brianne.<\/p>\n<p><strong>von Abergavenny nach Penderyn<\/strong><\/p>\n<p><a href=\"https:\/\/www.urlaubcornwall.de\/blog\/wp-content\/uploads\/2024\/03\/Brecon-Beacons-1.jpg\"><img loading=\"lazy\" src=\"https:\/\/www.urlaubcornwall.de\/blog\/wp-content\/uploads\/2024\/03\/Brecon-Beacons-1.jpg\" alt=\"Brecon Beacons\" width=\"750\" height=\"500\" class=\"alignnone size-full wp-image-47957\" srcset=\"https:\/\/www.urlaubcornwall.de\/blog\/wp-content\/uploads\/2024\/03\/Brecon-Beacons-1.jpg 750w, https:\/\/www.urlaubcornwall.de\/blog\/wp-content\/uploads\/2024\/03\/Brecon-Beacons-1-300x200.jpg 300w\" sizes=\"(max-width: 750px) 100vw, 750px\" \/><\/a><\/p>\n<p>Fahren Sie von <a href=\"https:\/\/www.urlaubcornwall.de\/ferienhaeuser-fewos\/wal\/mittelwales\/abergavenny.html\">Abergavenny<\/a> nach Penderyn, 43,9km der A465 entlang, die auch bekannt ist als Talkopfstra\u00dfe. Machen Sie Halt an den ber\u00fchmten Blaenavon Eisenh\u00fcttenwerken, bevor diese herrliche Fahrt weitergeht entlang des s\u00fcdlichen Randes des <a href=\"https:\/\/www.urlaubcornwall.de\/ferienhaeuser-fewos\/wal\/mittelwales\/brecon.html\">Brecon Beacons Nationalparks<\/a>. Wenn Sie Zeit haben, halten Sie an und nehmen Sie die Dampfeisenbahn auf der Brecon Mountain Bahnstrecke, bevor Sie in Penderyn ankommen, wo Sie die Penderyn Brennerei vorfinden werden, das Zuhause des walisischen Whiskeys.<\/p>\n<p style=\"text-align: center;\">UrlaubCornwall verf\u00fcgt Ferienh\u00e4user und Ferienwohnungen f\u00fcr Ihren <a href=\"https:\/\/www.urlaubcornwall.de\/reiseziel\/wales.php\">Urlaub in Wales<\/a>. Unterk\u00fcnfte der Spitzenklasse f\u00fcr 2 Personen, Familien und Gruppen mit 4, 6, 8, 10 oder 12 G\u00e4sten.<\/p>\n<h1 style=\"text-align: center;\"><strong>Bei uns finden Sie Ferienh\u00e4user zum Verlieben \u2013 so einfach ist das!<\/strong><\/h1>\n<p style=\"text-align: center;\"><a class=\"tidycta\" href=\"https:\/\/www.urlaubcornwall.de\/ferienhaeuser\/wales.php\">Suche Ferienh\u00e4user in Wales &gt;&gt;<\/a><\/p>\n<p style=\"text-align: center;\">UrlaubCornwall.de hat seinen Firmensitz in Cornwall in S\u00fcdwestengland und bietet Kunden im Deutsch sprechenden Europa Hilfe im Erstellen der perfekten Urlaubserfahrung hier. Wir haben <a href=\"http:\/\/www.urlaubcornwall.de\/rundreisenservice.php\">ein Team Deutsch sprechender Experten<\/a>, so dass wir eine individuelle Urlaub in England &amp; Wales.<\/p>\n","protected":false},"excerpt":{"rendered":"<p>Wales ist ein Land der Kontraste und wartet nur darauf, auf einigen wundersch\u00f6nen Strecken erkundet zu werden. Von den Bergen bis hin zu Sandstr\u00e4nden k\u00f6nnen Sie auf Ihrer Reise oder Rundreise durch diesen Teil der britischen Inseln eine erstaunliche Landschaft genie\u00dfen. Die Routen sind nicht nur Mittel, um von A nach B zu gelangen. Nehmen [&hellip;]<\/p>\n","protected":false},"author":1,"featured_media":0,"parent":0,"menu_order":0,"comment_status":"closed","ping_status":"closed","template":"single-four.php","meta":[],"acf":[],"yoast_head":"<!-- This site is optimized with the Yoast SEO plugin v19.4 - https:\/\/yoast.com\/wordpress\/plugins\/seo\/ -->\n<title>5 malerische Autofahrten durch Wales \u2013 probieren Sie sie aus. - Urlaub &amp; Reisen<\/title>\n<meta name=\"robots\" content=\"index, follow, max-snippet:-1, max-image-preview:large, max-video-preview:-1\" \/>\n<link rel=\"canonical\" href=\"https:\/\/www.urlaubcornwall.de\/blog\/5-malerische-autofahrten-durch-wales-probieren-sie-sie-aus-2\/\" \/>\n<meta property=\"og:locale\" content=\"en_US\" \/>\n<meta property=\"og:type\" content=\"article\" \/>\n<meta property=\"og:title\" content=\"5 malerische Autofahrten durch Wales \u2013 probieren Sie sie aus. - Urlaub &amp; Reisen\" \/>\n<meta property=\"og:description\" content=\"Wales ist ein Land der Kontraste und wartet nur darauf, auf einigen wundersch\u00f6nen Strecken erkundet zu werden. Von den Bergen bis hin zu Sandstr\u00e4nden k\u00f6nnen Sie auf Ihrer Reise oder Rundreise durch diesen Teil der britischen Inseln eine erstaunliche Landschaft genie\u00dfen. Die Routen sind nicht nur Mittel, um von A nach B zu gelangen. Nehmen [&hellip;]\" \/>\n<meta property=\"og:url\" content=\"https:\/\/www.urlaubcornwall.de\/blog\/5-malerische-autofahrten-durch-wales-probieren-sie-sie-aus-2\/\" \/>\n<meta property=\"og:site_name\" content=\"Urlaub &amp; Reisen\" \/>\n<meta property=\"article:modified_time\" content=\"2026-01-06T14:00:43+00:00\" \/>\n<meta property=\"og:image\" content=\"https:\/\/www.urlaubcornwall.de\/blog\/wp-content\/uploads\/2024\/03\/snowdonia-wales.jpg\" \/>\n<meta name=\"twitter:card\" content=\"summary\" \/>\n<meta name=\"twitter:label1\" content=\"Est. reading time\" \/>\n\t<meta name=\"twitter:data1\" content=\"5 minutes\" \/>\n<script type=\"application\/ld+json\" class=\"yoast-schema-graph\">{\"@context\":\"https:\/\/schema.org\",\"@graph\":[{\"@type\":\"WebSite\",\"@id\":\"https:\/\/www.urlaubcornwall.de\/blog\/#website\",\"url\":\"https:\/\/www.urlaubcornwall.de\/blog\/\",\"name\":\"Urlaub &amp; Reisen\",\"description\":\"Urlaub, Reisen, Cornwall und S\u00fcdengland: eine perfekte Kombination\",\"potentialAction\":[{\"@type\":\"SearchAction\",\"target\":{\"@type\":\"EntryPoint\",\"urlTemplate\":\"https:\/\/www.urlaubcornwall.de\/blog\/?s={search_term_string}\"},\"query-input\":\"required name=search_term_string\"}],\"inLanguage\":\"en-US\"},{\"@type\":\"WebPage\",\"@id\":\"https:\/\/www.urlaubcornwall.de\/blog\/5-malerische-autofahrten-durch-wales-probieren-sie-sie-aus-2\/\",\"url\":\"https:\/\/www.urlaubcornwall.de\/blog\/5-malerische-autofahrten-durch-wales-probieren-sie-sie-aus-2\/\",\"name\":\"5 malerische Autofahrten durch Wales \u2013 probieren Sie sie aus. - Urlaub &amp; Reisen\",\"isPartOf\":{\"@id\":\"https:\/\/www.urlaubcornwall.de\/blog\/#website\"},\"datePublished\":\"2016-01-19T08:06:08+00:00\",\"dateModified\":\"2026-01-06T14:00:43+00:00\",\"breadcrumb\":{\"@id\":\"https:\/\/www.urlaubcornwall.de\/blog\/5-malerische-autofahrten-durch-wales-probieren-sie-sie-aus-2\/#breadcrumb\"},\"inLanguage\":\"en-US\",\"potentialAction\":[{\"@type\":\"ReadAction\",\"target\":[\"https:\/\/www.urlaubcornwall.de\/blog\/5-malerische-autofahrten-durch-wales-probieren-sie-sie-aus-2\/\"]}]},{\"@type\":\"BreadcrumbList\",\"@id\":\"https:\/\/www.urlaubcornwall.de\/blog\/5-malerische-autofahrten-durch-wales-probieren-sie-sie-aus-2\/#breadcrumb\",\"itemListElement\":[{\"@type\":\"ListItem\",\"position\":1,\"name\":\"Home\",\"item\":\"https:\/\/www.urlaubcornwall.de\/blog\/\"},{\"@type\":\"ListItem\",\"position\":2,\"name\":\"5 malerische Autofahrten durch Wales \u2013 probieren Sie sie aus.\"}]}]}<\/script>\n<!-- \/ Yoast SEO plugin. -->","yoast_head_json":{"title":"5 malerische Autofahrten durch Wales \u2013 probieren Sie sie aus. - Urlaub &amp; Reisen","robots":{"index":"index","follow":"follow","max-snippet":"max-snippet:-1","max-image-preview":"max-image-preview:large","max-video-preview":"max-video-preview:-1"},"canonical":"https:\/\/www.urlaubcornwall.de\/blog\/5-malerische-autofahrten-durch-wales-probieren-sie-sie-aus-2\/","og_locale":"en_US","og_type":"article","og_title":"5 malerische Autofahrten durch Wales \u2013 probieren Sie sie aus. - Urlaub &amp; Reisen","og_description":"Wales ist ein Land der Kontraste und wartet nur darauf, auf einigen wundersch\u00f6nen Strecken erkundet zu werden. Von den Bergen bis hin zu Sandstr\u00e4nden k\u00f6nnen Sie auf Ihrer Reise oder Rundreise durch diesen Teil der britischen Inseln eine erstaunliche Landschaft genie\u00dfen. Die Routen sind nicht nur Mittel, um von A nach B zu gelangen. Nehmen [&hellip;]","og_url":"https:\/\/www.urlaubcornwall.de\/blog\/5-malerische-autofahrten-durch-wales-probieren-sie-sie-aus-2\/","og_site_name":"Urlaub &amp; Reisen","article_modified_time":"2026-01-06T14:00:43+00:00","og_image":[{"url":"https:\/\/www.urlaubcornwall.de\/blog\/wp-content\/uploads\/2024\/03\/snowdonia-wales.jpg"}],"twitter_card":"summary","twitter_misc":{"Est. reading time":"5 minutes"},"schema":{"@context":"https:\/\/schema.org","@graph":[{"@type":"WebSite","@id":"https:\/\/www.urlaubcornwall.de\/blog\/#website","url":"https:\/\/www.urlaubcornwall.de\/blog\/","name":"Urlaub &amp; Reisen","description":"Urlaub, Reisen, Cornwall und S\u00fcdengland: eine perfekte Kombination","potentialAction":[{"@type":"SearchAction","target":{"@type":"EntryPoint","urlTemplate":"https:\/\/www.urlaubcornwall.de\/blog\/?s={search_term_string}"},"query-input":"required name=search_term_string"}],"inLanguage":"en-US"},{"@type":"WebPage","@id":"https:\/\/www.urlaubcornwall.de\/blog\/5-malerische-autofahrten-durch-wales-probieren-sie-sie-aus-2\/","url":"https:\/\/www.urlaubcornwall.de\/blog\/5-malerische-autofahrten-durch-wales-probieren-sie-sie-aus-2\/","name":"5 malerische Autofahrten durch Wales \u2013 probieren Sie sie aus. - Urlaub &amp; Reisen","isPartOf":{"@id":"https:\/\/www.urlaubcornwall.de\/blog\/#website"},"datePublished":"2016-01-19T08:06:08+00:00","dateModified":"2026-01-06T14:00:43+00:00","breadcrumb":{"@id":"https:\/\/www.urlaubcornwall.de\/blog\/5-malerische-autofahrten-durch-wales-probieren-sie-sie-aus-2\/#breadcrumb"},"inLanguage":"en-US","potentialAction":[{"@type":"ReadAction","target":["https:\/\/www.urlaubcornwall.de\/blog\/5-malerische-autofahrten-durch-wales-probieren-sie-sie-aus-2\/"]}]},{"@type":"BreadcrumbList","@id":"https:\/\/www.urlaubcornwall.de\/blog\/5-malerische-autofahrten-durch-wales-probieren-sie-sie-aus-2\/#breadcrumb","itemListElement":[{"@type":"ListItem","position":1,"name":"Home","item":"https:\/\/www.urlaubcornwall.de\/blog\/"},{"@type":"ListItem","position":2,"name":"5 malerische Autofahrten durch Wales \u2013 probieren Sie sie aus."}]}]}},"_links":{"self":[{"href":"https:\/\/www.urlaubcornwall.de\/blog\/wp-json\/wp\/v2\/pages\/22809"}],"collection":[{"href":"https:\/\/www.urlaubcornwall.de\/blog\/wp-json\/wp\/v2\/pages"}],"about":[{"href":"https:\/\/www.urlaubcornwall.de\/blog\/wp-json\/wp\/v2\/types\/page"}],"author":[{"embeddable":true,"href":"https:\/\/www.urlaubcornwall.de\/blog\/wp-json\/wp\/v2\/users\/1"}],"replies":[{"embeddable":true,"href":"https:\/\/www.urlaubcornwall.de\/blog\/wp-json\/wp\/v2\/comments?post=22809"}],"version-history":[{"count":28,"href":"https:\/\/www.urlaubcornwall.de\/blog\/wp-json\/wp\/v2\/pages\/22809\/revisions"}],"predecessor-version":[{"id":51951,"href":"https:\/\/www.urlaubcornwall.de\/blog\/wp-json\/wp\/v2\/pages\/22809\/revisions\/51951"}],"wp:attachment":[{"href":"https:\/\/www.urlaubcornwall.de\/blog\/wp-json\/wp\/v2\/media?parent=22809"}],"curies":[{"name":"wp","href":"https:\/\/api.w.org\/{rel}","templated":true}]}}