{"id":22803,"date":"2016-01-18T17:18:19","date_gmt":"2016-01-18T17:18:19","guid":{"rendered":"https:\/\/www.urlaubcornwall.de\/blog\/?page_id=22803"},"modified":"2024-05-29T11:11:44","modified_gmt":"2024-05-29T11:11:44","slug":"5-malerische-autofahrten-durch-schottland-probieren-sie-sie-aus","status":"publish","type":"page","link":"https:\/\/www.urlaubcornwall.de\/blog\/5-malerische-autofahrten-durch-schottland-probieren-sie-sie-aus\/","title":{"rendered":"5 malerische Autofahrten durch Schottland \u2013 probieren Sie sie aus."},"content":{"rendered":"<p><a href=\"https:\/\/www.urlaubcornwall.de\/reiseziel\/schottland.php\">Schottland<\/a> hat einige erstaunlich sch\u00f6ne Stra\u00dfen. Von den Grenzgebieten bis zu den Highlands und Inseln gibt es w\u00e4hrend einer <a href=\"https:\/\/www.urlaubcornwall.de\/blog\/rundreisen-schottland\/\">Reise oder Rundreise<\/a> durch diesen Teil der britischen Inseln hinter jeder Abzweigung erstaunliche Landschaften zu gnie\u00dfen. Sie sind nicht nur Mittel, um von A nach B zu gelangen. Nehmen Sie sich die Zeit, diese malerische Reise zu genie\u00dfen. Hier finden Sie unsere Lieblingsrouten&#8230;<\/p>\n<p><img loading=\"lazy\" class=\"aligncenter size-full wp-image-22805\" src=\"https:\/\/www.urlaubcornwall.de\/blog\/wp-content\/uploads\/2016\/01\/malerische-Autofahrten-durch-Schottland.jpg\" alt=\"malerische Autofahrten durch Schottland\" height=\"297\" width=\"749\"\/><\/p>\n<p><strong>von Glasgow nach Fort William<\/strong> &#8211; Entdecken Sie Schottland auf dieser 225km langen Fahrt auf der A82 von Glasgow nach <a href=\"https:\/\/www.urlaubcornwall.de\/ferienhaeuser-fewos\/sco\/nordschottland\/fort-william.html\">Fort William in den Highlands<\/a>. Nachdem Sie Glasgow hinter sich gelassen haben, werden Sie bald am Loch Lomond ankommen; die A82 f\u00fchrt entlang des Loch Lomond von Balloch, durch die D\u00f6rfer Luss und Tarbert hinauf nach Ardlui und den Gipfel des Loch. Dann geht es weiter durch wundersch\u00f6ne Landschaft nach Crianlarich, einem beliebten Touristenzentrum. Die Stra\u00dfe f\u00fchrt dann weiter \u00fcber das Rannoch Moor, einer von Europas letzter erhaltener Wildnis. Sie erreichen dann die spektakul\u00e4re Landschaft von Glen Coe, und im Besucherzentrum k\u00f6nnen Sie die Geschichte der Campbell und Macdonald Clans kennenlernen. Wenn Sie Glen Coe verlassen, f\u00fchrt die Stra\u00dfe entlang der Ufer des Loch Linnhe, bis Sie Fort William am Fu\u00dfe des Ben Nevis erreichen, mit mehr als 914,4m der h\u00f6chste Berg des Vereinigten K\u00f6nigreiches.<\/p>\n<p><img loading=\"lazy\" class=\"aligncenter size-full wp-image-22905\" src=\"https:\/\/www.urlaubcornwall.de\/blog\/wp-content\/uploads\/2016\/01\/urlaub-oban.jpg\" alt=\"urlaub oban\" height=\"330\" width=\"749\"\/><\/p>\n<p><strong>von Crianlarich nach Oban<\/strong> &#8211; Sobald Sie auf der A82 Crianlarich erreichen, k\u00f6nnen Sie statt in n\u00f6rdlicher Richtung weiterzufahren, die A85 Richtung Westen nehmen. Eine Fahrt von 64km wird Sie nach Oban bringen. Auf der Strecke dorthin kommen Sie am Loch Awe vorbei, dem malerischen Dorf desselben Namens und herrlichen Wasserf\u00e4llen. <a href=\"https:\/\/www.urlaubcornwall.de\/ferienhaeuser-fewos\/sco\/zentralschottland\/oban.html\">Oban<\/a> ist bekannt als \u201cTor zu den Inseln\u201d, da es von hier aus Bootsfahrten und F\u00e4hren zu den Inseln gibt. Es ist auch die \u201eHauptstadt der Meeresfr\u00fcchte Schottlands\u201c mit einer bemerkenswerten Anzahl an preisgekr\u00f6nten Restaurants.<\/p>\n<h2><strong>Bealach na Ba (Bergpass des Weideviehs), Ross &amp; Cromarty<\/strong><\/h2>\n<p> &#8211; Diese ber\u00fchmte Strecke, Bealach na Ba, durch die <a href=\"https:\/\/www.urlaubcornwall.de\/ferienhaeuser-fewos\/sco\/nordschottland\/applecross.html\">Applecross<\/a> Berge wurde dazu benutzt, das Vieh in andere Teile der Highlands zu treiben. Die Route ist 18,3km lang, \u00fcberwiegend einspurig mit nadelscharfen Kurven. Sie steigt auf 626m an, und der Blick ist spektakul\u00e4r. Die Stra\u00dfe ist nicht geeignet f\u00fcr Wohnmobile, F\u00fchrerscheinneulinge oder gro\u00dfe Fahrzeuge.<\/p>\n<p><img loading=\"lazy\" class=\"aligncenter size-full wp-image-22907\" src=\"https:\/\/www.urlaubcornwall.de\/blog\/wp-content\/uploads\/2016\/01\/inverness-schloss.jpg\" alt=\"inverness_schloss_urlaub\" height=\"332\" width=\"749\"\/><\/p>\n<p><strong>von Stirling nach Inverness<\/strong> &#8211; Von Stirling nach <a href=\"https:\/\/www.urlaubcornwall.de\/ferienhaeuser-fewos\/sco\/nordschottland\/inverness.html\">Inverness<\/a> ist es entlang der A9 eine Reise von ungef\u00e4hr 230km, auf einer von Britanniens sch\u00f6nsten A Stra\u00dfen. Bei Auchterarder befindet sich das <a href=\"https:\/\/www.urlaubcornwall.de\/ferienhaeuser-fewos\/sco\/zentralschottland\/gleneagles.html\">5* Gleneagles Hotel<\/a> und seine weltbekannten Golfpl\u00e4tze. Wenn Sie weiterfahren, werden Sie in Perth ankommen, einst Hauptstadt Schottlands. Der Scone Palast, wo schottische K\u00f6nige gekr\u00f6nt wurden, befindet sich lediglich 3,2km n\u00f6rdlich von Perth. Die A9 f\u00fchrt dann weiter durch die Perthshire Highlands, die bekannt sind f\u00fcr ihre wundersch\u00f6ne Landschaft und Geschichte. <\/p>\n<div class=\"snippet\"> <a class=\"featured-item\" href=\" https:\/\/www.urlaubcornwall.de\/ferienhaeuser\/schottland.php\"> <span class=\"image-holder\" style=\"background-image: url(' https:\/\/www.urlaubcornwall.de\/blog\/wp-content\/uploads\/2019\/01\/urlaub-schottland-highlands.jpg ');\"><\/span> <span class=\"featured-content\"> \n<h2 class=\"featured-title\">Bei uns finden Sie Ferienh\u00e4user in Schottland zum Verlieben!<\/h2>\n<p class=\"featured-body\">Untenstehend finden Sie eine Auswahl an Ferienh\u00e4usern in Schottland. Hier finden Sie pers\u00f6nlich inspizierte Cottages entlang der schottischen K\u00fcste, in den schottischen Highlands und auf den Inseln&#8230;..<\/p>\n<\/span> <span class=\"featured-link-holder\"> <span class=\"featured-extra-info\"> \n<p>F\u00fcr Paare, Familien &#038; Gruppen<\/p>\n<\/span> \n<p class=\"featured-link\">DETAILS<\/p>\n<\/span> <\/a><\/div>\n<p>Dunkeld ist eine attraktive Stadt, wundersch\u00f6n gelegen am Flusse Tay, dann geht es weiter nach <a href=\"https:\/\/www.urlaubcornwall.de\/ferienhaeuser-fewos\/sco\/zentralschottland\/pitlochry.html\">Pitlochry<\/a>, das an den bewaldeten Ufern des Flusses Tummel gelegen ist, dem Tor zu den Highlands, einer gesch\u00e4ftigen Stadt mit ber\u00fchmter Brennerei. Wenn Sie Pitlochry verlassen, geht es weiter in den <a href=\"https:\/\/www.urlaubcornwall.de\/blog\/urlaub-in-aviemore-cairngorms-nationalpark-sehenswuerdigkeiten-unterkunft-und-geschichte\/\">Cairngorms Nationalpark<\/a>, den gr\u00f6\u00dften Nationalpark des UK, ein Gebiet unber\u00fchrter nat\u00fcrlicher Wildnis. Aviemore bietet sich geradezu ideal f\u00fcr einen Zwischenstopp an, um die Gegend zu erkunden, bevor es weitergeht nach Inverness, welches neben Moray Firth und am Gipfel des Loch Ness liegt.<\/p>\n<p><img loading=\"lazy\" class=\"aligncenter size-full wp-image-22908\" src=\"https:\/\/www.urlaubcornwall.de\/blog\/wp-content\/uploads\/2016\/01\/urlaub-skye.jpg\" alt=\"urlaub skye\" height=\"332\" width=\"749\"\/><\/p>\n<p><strong>Isle of Skye<\/strong> &#8211; Fahren Sie \u00fcber die Br\u00fccke bei Kyle of Lochalsh hin\u00fcber zur <a href=\"https:\/\/www.urlaubcornwall.de\/blog\/urlaub-insel-skye-sehenswuerdigkeiten-geschichte-und-unterkunft\/\">Insel Skye<\/a> oder nehmen Sie die F\u00e4hre von Mallaig nach Armadale Bay. Die A87, A863 und A850 erm\u00f6glichen es Ihnen, diese wundersch\u00f6ne Insel zu erkunden, die von National Geographic zur viertbesten Insel der Welt erkl\u00e4rt wurde. Nehmen Sie die A863, um Burg Dunvegan zu besuchen, den mehr als 800 Jahre langen Stammsitz der Chefs des MacLeod Clans. Die A87 wird Sie weiterf\u00fchren vom Kyle of Lochalsh bis zum Dorf Uig in einer wundersch\u00f6nen, gesch\u00fctzten Bucht gelegen. Die A850 von Dunvegan nach Portree f\u00fchrt Sie \u00fcber die Fairy Bridge (Feenbr\u00fccke), die wie so viele <a href=\"https:\/\/www.urlaubcornwall.de\/ferienhaeuser-fewos\/sco\/schottische-inseln\/isle-of-skye.html\">Orte auf Skye<\/a> mit einer Feengeschichte in Verbindung gebracht wird.<\/p>\n<p><a href=\"https:\/\/www.urlaubcornwall.de\/blog\/wp-content\/uploads\/2024\/03\/Cawdor_schloss.jpg\"><img loading=\"lazy\" src=\"https:\/\/www.urlaubcornwall.de\/blog\/wp-content\/uploads\/2024\/03\/Cawdor_schloss.jpg\" alt=\"Cawdor_schloss\" width=\"750\" height=\"500\" class=\"alignnone size-full wp-image-47845\" srcset=\"https:\/\/www.urlaubcornwall.de\/blog\/wp-content\/uploads\/2024\/03\/Cawdor_schloss.jpg 750w, https:\/\/www.urlaubcornwall.de\/blog\/wp-content\/uploads\/2024\/03\/Cawdor_schloss-300x200.jpg 300w\" sizes=\"(max-width: 750px) 100vw, 750px\" \/><\/a><\/p>\n<p><strong>von Inverness nach Nairn \u2013 eine Rundreise<\/strong> &#8211; Die Rundreise von <a href=\"https:\/\/www.urlaubcornwall.de\/ferienhaeuser-fewos\/sco\/nordschottland\/inverness.html\">Inverness<\/a> nach Nairn auf der A96, A939, B9007 und A9 ist ungef\u00e4hr 107,4km lang. Diese herrliche Fahrt f\u00fchrt der K\u00fcste entlang, weiter Richtung Binnenland, an Brennereien und Burgen vorbei und schlie\u00dft einen Teil des Cairngorms Nationalparks mit ein. Wenn Sie sich von Inverness Richtung Osten bewegen, kommen Sie vorbei an <a href=\"https:\/\/www.urlaubcornwall.de\/ferienhaeuser-fewos\/sco\/nordschottland\/culloden.html\">Culloden<\/a>, wo 1746 die letzte gro\u00dfe Schlacht auf britischem Boden ausgetragen wurde, sowie der Burg Cawdor. <a href=\"https:\/\/www.urlaubcornwall.de\/ferienhaeuser-fewos\/sco\/nordschottland\/nairn.html\">Nairn<\/a>, eine attraktive Stadt am Meer ist eine der sonnigsten und trockensten St\u00e4dte Schottlands. Genie\u00dfen Sie die Sandstr\u00e4nde, den Blick \u00fcber Moray Firth und Spazierg\u00e4nge entlang des Flusses.<\/p>\n<div class=\"snippet\"> <a class=\"featured-item\" href=\" https:\/\/www.urlaubcornwall.de\/blog\/rundreisen-schottland\/\"> <span class=\"image-holder\" style=\"background-image: url(' https:\/\/www.urlaubcornwall.de\/blog\/wp-content\/uploads\/2019\/01\/urlaub-schottland-highlands.jpg ');\"><\/span> <span class=\"featured-content\"> \n<h2 class=\"featured-title\">Rundreise durch Schottland: mit dem Auto bereisen <\/h2>\n<p class=\"featured-body\">Urlaub in Schottland haben etwas f\u00fcr jeden Geschmack zu bieten \u2013 herrliche Sonnenunterg\u00e4nge \u00fcber magischen Inseln, wundersch\u00f6ne und dramatische K\u00fcstenstriche, tiefe, verborgene T\u00e4ler und eine unglaubliche Landschaft&#8230;<\/p>\n<\/span> <span class=\"featured-link-holder\"> <span class=\"featured-extra-info\"> \n<p>Ready Made Touren<\/p>\n<\/span> \n<p class=\"featured-link\">DETAILS<\/p>\n<\/span> <\/a><\/div>\n<p style=\"text-align: center;\">UrlaubCornwall.de hat seinen Firmensitz in Cornwall in S\u00fcdwestengland und bietet Kunden im Deutsch sprechenden Europa Hilfe im Erstellen der perfekten Urlaubserfahrung hier. Wir haben <a href=\"http:\/\/www.urlaubcornwall.de\/rundreisenservice.php\">ein Team Deutsch sprechender Experten<\/a>, so dass wir eine individuelle Urlaub in Gro\u00dfbritannien.<\/p>\n","protected":false},"excerpt":{"rendered":"<p>Schottland hat einige erstaunlich sch\u00f6ne Stra\u00dfen. Von den Grenzgebieten bis zu den Highlands und Inseln gibt es w\u00e4hrend einer Reise oder Rundreise durch diesen Teil der britischen Inseln hinter jeder Abzweigung erstaunliche Landschaften zu gnie\u00dfen. Sie sind nicht nur Mittel, um von A nach B zu gelangen. Nehmen Sie sich die Zeit, diese malerische Reise [&hellip;]<\/p>\n","protected":false},"author":1,"featured_media":0,"parent":0,"menu_order":0,"comment_status":"closed","ping_status":"closed","template":"single-four.php","meta":[],"acf":[],"yoast_head":"<!-- This site is optimized with the Yoast SEO plugin v19.4 - https:\/\/yoast.com\/wordpress\/plugins\/seo\/ -->\n<title>5 malerische Autofahrten durch Schottland \u2013 probieren Sie sie aus. - Urlaub &amp; Reisen<\/title>\n<meta name=\"robots\" content=\"index, follow, max-snippet:-1, max-image-preview:large, max-video-preview:-1\" \/>\n<link rel=\"canonical\" href=\"https:\/\/www.urlaubcornwall.de\/blog\/5-malerische-autofahrten-durch-schottland-probieren-sie-sie-aus\/\" \/>\n<meta property=\"og:locale\" content=\"en_US\" \/>\n<meta property=\"og:type\" content=\"article\" \/>\n<meta property=\"og:title\" content=\"5 malerische Autofahrten durch Schottland \u2013 probieren Sie sie aus. - Urlaub &amp; Reisen\" \/>\n<meta property=\"og:description\" content=\"Schottland hat einige erstaunlich sch\u00f6ne Stra\u00dfen. Von den Grenzgebieten bis zu den Highlands und Inseln gibt es w\u00e4hrend einer Reise oder Rundreise durch diesen Teil der britischen Inseln hinter jeder Abzweigung erstaunliche Landschaften zu gnie\u00dfen. Sie sind nicht nur Mittel, um von A nach B zu gelangen. Nehmen Sie sich die Zeit, diese malerische Reise [&hellip;]\" \/>\n<meta property=\"og:url\" content=\"https:\/\/www.urlaubcornwall.de\/blog\/5-malerische-autofahrten-durch-schottland-probieren-sie-sie-aus\/\" \/>\n<meta property=\"og:site_name\" content=\"Urlaub &amp; Reisen\" \/>\n<meta property=\"article:modified_time\" content=\"2024-05-29T11:11:44+00:00\" \/>\n<meta property=\"og:image\" content=\"https:\/\/www.urlaubcornwall.de\/blog\/wp-content\/uploads\/2016\/01\/malerische-Autofahrten-durch-Schottland.jpg\" \/>\n<meta name=\"twitter:card\" content=\"summary\" \/>\n<meta name=\"twitter:label1\" content=\"Est. reading time\" \/>\n\t<meta name=\"twitter:data1\" content=\"5 minutes\" \/>\n<script type=\"application\/ld+json\" class=\"yoast-schema-graph\">{\"@context\":\"https:\/\/schema.org\",\"@graph\":[{\"@type\":\"WebSite\",\"@id\":\"https:\/\/www.urlaubcornwall.de\/blog\/#website\",\"url\":\"https:\/\/www.urlaubcornwall.de\/blog\/\",\"name\":\"Urlaub &amp; Reisen\",\"description\":\"Urlaub, Reisen, Cornwall und S\u00fcdengland: eine perfekte Kombination\",\"potentialAction\":[{\"@type\":\"SearchAction\",\"target\":{\"@type\":\"EntryPoint\",\"urlTemplate\":\"https:\/\/www.urlaubcornwall.de\/blog\/?s={search_term_string}\"},\"query-input\":\"required name=search_term_string\"}],\"inLanguage\":\"en-US\"},{\"@type\":\"WebPage\",\"@id\":\"https:\/\/www.urlaubcornwall.de\/blog\/5-malerische-autofahrten-durch-schottland-probieren-sie-sie-aus\/\",\"url\":\"https:\/\/www.urlaubcornwall.de\/blog\/5-malerische-autofahrten-durch-schottland-probieren-sie-sie-aus\/\",\"name\":\"5 malerische Autofahrten durch Schottland \u2013 probieren Sie sie aus. - Urlaub &amp; Reisen\",\"isPartOf\":{\"@id\":\"https:\/\/www.urlaubcornwall.de\/blog\/#website\"},\"datePublished\":\"2016-01-18T17:18:19+00:00\",\"dateModified\":\"2024-05-29T11:11:44+00:00\",\"breadcrumb\":{\"@id\":\"https:\/\/www.urlaubcornwall.de\/blog\/5-malerische-autofahrten-durch-schottland-probieren-sie-sie-aus\/#breadcrumb\"},\"inLanguage\":\"en-US\",\"potentialAction\":[{\"@type\":\"ReadAction\",\"target\":[\"https:\/\/www.urlaubcornwall.de\/blog\/5-malerische-autofahrten-durch-schottland-probieren-sie-sie-aus\/\"]}]},{\"@type\":\"BreadcrumbList\",\"@id\":\"https:\/\/www.urlaubcornwall.de\/blog\/5-malerische-autofahrten-durch-schottland-probieren-sie-sie-aus\/#breadcrumb\",\"itemListElement\":[{\"@type\":\"ListItem\",\"position\":1,\"name\":\"Home\",\"item\":\"https:\/\/www.urlaubcornwall.de\/blog\/\"},{\"@type\":\"ListItem\",\"position\":2,\"name\":\"5 malerische Autofahrten durch Schottland \u2013 probieren Sie sie aus.\"}]}]}<\/script>\n<!-- \/ Yoast SEO plugin. -->","yoast_head_json":{"title":"5 malerische Autofahrten durch Schottland \u2013 probieren Sie sie aus. - Urlaub &amp; Reisen","robots":{"index":"index","follow":"follow","max-snippet":"max-snippet:-1","max-image-preview":"max-image-preview:large","max-video-preview":"max-video-preview:-1"},"canonical":"https:\/\/www.urlaubcornwall.de\/blog\/5-malerische-autofahrten-durch-schottland-probieren-sie-sie-aus\/","og_locale":"en_US","og_type":"article","og_title":"5 malerische Autofahrten durch Schottland \u2013 probieren Sie sie aus. - Urlaub &amp; Reisen","og_description":"Schottland hat einige erstaunlich sch\u00f6ne Stra\u00dfen. Von den Grenzgebieten bis zu den Highlands und Inseln gibt es w\u00e4hrend einer Reise oder Rundreise durch diesen Teil der britischen Inseln hinter jeder Abzweigung erstaunliche Landschaften zu gnie\u00dfen. Sie sind nicht nur Mittel, um von A nach B zu gelangen. Nehmen Sie sich die Zeit, diese malerische Reise [&hellip;]","og_url":"https:\/\/www.urlaubcornwall.de\/blog\/5-malerische-autofahrten-durch-schottland-probieren-sie-sie-aus\/","og_site_name":"Urlaub &amp; Reisen","article_modified_time":"2024-05-29T11:11:44+00:00","og_image":[{"url":"https:\/\/www.urlaubcornwall.de\/blog\/wp-content\/uploads\/2016\/01\/malerische-Autofahrten-durch-Schottland.jpg"}],"twitter_card":"summary","twitter_misc":{"Est. reading time":"5 minutes"},"schema":{"@context":"https:\/\/schema.org","@graph":[{"@type":"WebSite","@id":"https:\/\/www.urlaubcornwall.de\/blog\/#website","url":"https:\/\/www.urlaubcornwall.de\/blog\/","name":"Urlaub &amp; Reisen","description":"Urlaub, Reisen, Cornwall und S\u00fcdengland: eine perfekte Kombination","potentialAction":[{"@type":"SearchAction","target":{"@type":"EntryPoint","urlTemplate":"https:\/\/www.urlaubcornwall.de\/blog\/?s={search_term_string}"},"query-input":"required name=search_term_string"}],"inLanguage":"en-US"},{"@type":"WebPage","@id":"https:\/\/www.urlaubcornwall.de\/blog\/5-malerische-autofahrten-durch-schottland-probieren-sie-sie-aus\/","url":"https:\/\/www.urlaubcornwall.de\/blog\/5-malerische-autofahrten-durch-schottland-probieren-sie-sie-aus\/","name":"5 malerische Autofahrten durch Schottland \u2013 probieren Sie sie aus. - Urlaub &amp; Reisen","isPartOf":{"@id":"https:\/\/www.urlaubcornwall.de\/blog\/#website"},"datePublished":"2016-01-18T17:18:19+00:00","dateModified":"2024-05-29T11:11:44+00:00","breadcrumb":{"@id":"https:\/\/www.urlaubcornwall.de\/blog\/5-malerische-autofahrten-durch-schottland-probieren-sie-sie-aus\/#breadcrumb"},"inLanguage":"en-US","potentialAction":[{"@type":"ReadAction","target":["https:\/\/www.urlaubcornwall.de\/blog\/5-malerische-autofahrten-durch-schottland-probieren-sie-sie-aus\/"]}]},{"@type":"BreadcrumbList","@id":"https:\/\/www.urlaubcornwall.de\/blog\/5-malerische-autofahrten-durch-schottland-probieren-sie-sie-aus\/#breadcrumb","itemListElement":[{"@type":"ListItem","position":1,"name":"Home","item":"https:\/\/www.urlaubcornwall.de\/blog\/"},{"@type":"ListItem","position":2,"name":"5 malerische Autofahrten durch Schottland \u2013 probieren Sie sie aus."}]}]}},"_links":{"self":[{"href":"https:\/\/www.urlaubcornwall.de\/blog\/wp-json\/wp\/v2\/pages\/22803"}],"collection":[{"href":"https:\/\/www.urlaubcornwall.de\/blog\/wp-json\/wp\/v2\/pages"}],"about":[{"href":"https:\/\/www.urlaubcornwall.de\/blog\/wp-json\/wp\/v2\/types\/page"}],"author":[{"embeddable":true,"href":"https:\/\/www.urlaubcornwall.de\/blog\/wp-json\/wp\/v2\/users\/1"}],"replies":[{"embeddable":true,"href":"https:\/\/www.urlaubcornwall.de\/blog\/wp-json\/wp\/v2\/comments?post=22803"}],"version-history":[{"count":24,"href":"https:\/\/www.urlaubcornwall.de\/blog\/wp-json\/wp\/v2\/pages\/22803\/revisions"}],"predecessor-version":[{"id":50615,"href":"https:\/\/www.urlaubcornwall.de\/blog\/wp-json\/wp\/v2\/pages\/22803\/revisions\/50615"}],"wp:attachment":[{"href":"https:\/\/www.urlaubcornwall.de\/blog\/wp-json\/wp\/v2\/media?parent=22803"}],"curies":[{"name":"wp","href":"https:\/\/api.w.org\/{rel}","templated":true}]}}