{"id":22759,"date":"2016-01-16T16:10:22","date_gmt":"2016-01-16T16:10:22","guid":{"rendered":"https:\/\/www.urlaubcornwall.de\/blog\/?page_id=22759"},"modified":"2024-05-31T12:12:36","modified_gmt":"2024-05-31T12:12:36","slug":"reisen-england-die-malerischsten-auto-oder-busrouten","status":"publish","type":"page","link":"https:\/\/www.urlaubcornwall.de\/blog\/reisen-england-die-malerischsten-auto-oder-busrouten\/","title":{"rendered":"Rundreisen in England: Die malerischsten Autorouten."},"content":{"rendered":"<p><a href=\"http:\/\/www.urlaubcornwall.de\/reiseziel\/england.php\">England<\/a> hat einige unglaublich sch\u00f6ne Stra\u00dfenstrecken, die Sie w\u00e4hrend Ihrer Reise oder <a href=\"https:\/\/www.urlaubcornwall.de\/blog\/rundreisen-grossbritannien-und-irland\/\">Rundreise<\/a> und <a href=\"http:\/\/www.urlaubcornwall.de\/gruppenreisen.php\">Busreise <\/a>durch die britischen Inseln genie\u00dfen k\u00f6nnen. Sie sind nicht nur Mittel, um von A nach B zu gelangen; nehmen Sie sich Zeit, um die malerische Reise zu genie\u00dfen. Hier sind unsere Lieblingsstrecken&#8230;.<\/p>\n<h2><strong>5 malerische Autofahrten durch Cornwall &#8211; probieren Sie sie aus.<\/strong><\/h2>\n<p><img loading=\"lazy\" class=\"aligncenter size-full wp-image-28786\" src=\"https:\/\/www.urlaubcornwall.de\/blog\/wp-content\/uploads\/2017\/08\/gyllyngvase-strand-falmouth.jpg\" alt=\"Rundreisen Cornwall\" width=\"746\" height=\"369\"\/><\/p>\n<p><strong>Autofahrten durch Cornwall<\/strong> &#8211; Packen Sie ein Picknick zusammen und machen Sie sich darauf gefasst, verzaubert zu werden; erleben Sie die Autofahrt Ihres Lebens in <a href=\"http:\/\/www.urlaubcornwall.de\/reiseziel\/cornwall.php\">Cornwall<\/a>. Die Roseland Halbinsel &#8211; Machen Sie sich auf Richtung <a href=\"https:\/\/www.urlaubcornwall.de\/ferienhaeuser-fewos\/roseland-halbinsel.html\">Roseland Halbinsel<\/a> und erleben Sie die ultimative cornische Autofahrt schlechthin; denn hier sind einspurige Wege die Norm und ein malerischer Blick belohnt so manches aufregende Man\u00f6ver&#8230;&#8230; <a href=\"https:\/\/www.urlaubcornwall.de\/blog\/5-malerische-autofahrten-durch-cornwall-probieren-sie-sie-aus\/\">[ Mehr]<\/a><\/p>\n<p><img loading=\"lazy\" class=\"aligncenter size-full wp-image-22764\" src=\"https:\/\/www.urlaubcornwall.de\/blog\/wp-content\/uploads\/2016\/01\/reisen-england.jpg\" alt=\"reisen england\" width=\"748\" height=\"330\"\/><\/p>\n<p><strong>von Wensleydale nach Swaledale<\/strong> &#8211; Diese Route zwischen den T\u00e4lern ist die spektakul\u00e4rste Englands. Bekannt als Buttertups Pass (Buttergef\u00e4\u00dfpass) ist diese Strecke nicht einmal 9km lang und bietet doch einen hochdramatischen Hintergrund. Beginnend im Dorf Thwaite geht es hinauf bis zu dem Punkt , wo sich ein offener Blick bietet, vorbei an \u201eButtergef\u00e4\u00dfen\u201c, tiefen Kalksteinschlagl\u00f6chern, von denen gesagt wird, dass die Bauern auf dem Weg zum Markt hier ihre Butter tieferlegten, um sie k\u00fchl zu halten. Die Route endet in <a href=\"https:\/\/www.urlaubcornwall.de\/ferienhaeuser-fewos\/eng\/yorkshire\/hawes.html\">Hawes<\/a>, einer der h\u00f6chst gelegenen Marktst\u00e4dte Englands, dem Zuhause des weltbekannten Wensleydale K\u00e4se und Hawdraw Force, Englands h\u00f6chstem Wasserfall, wo Robin Hood gefilmt wurde.<\/p>\n<p>Folgen Sie weiter Ihrer Reise entlang der A2684 Richtung Richmond und stellen Sie sicher, dass Sie an den Aysgarth Falls am Fluss Ure anhalten, einem der <a href=\"https:\/\/www.urlaubcornwall.de\/blog\/urlaub-reisen-durch-nordengland\/\">ikonischsten Sch\u00f6nheitsflecken von Wensleydale<\/a>.<\/p>\n<p><img loading=\"lazy\" class=\"aligncenter size-full wp-image-22892\" src=\"https:\/\/www.urlaubcornwall.de\/blog\/wp-content\/uploads\/2024\/03\/Bamburgh.jpg\" alt=\"Bamburgh\" width=\"749\" height=\"388\"\/><\/p>\n<p><strong>von Alnwick nach Lindisfarne<\/strong> &#8211; Vom Schloss Alnwick zum Schloss Lindisfarne f\u00fchrt diese 56km lange Strecke entlang der atemberaubendsten K\u00fcstenstrecke. Schloss Alnwick, \u00fcber 700 Jahre lang das Zuhause der Herzoge von Northumberland spielte in <a href=\"https:\/\/www.urlaubcornwall.de\/blog\/auf-den-spuren-van-harry-potter-urlaub-in-grossbritannien\/\">Harry Potter<\/a> eine Rolle. Fahren Sie vorbei an unber\u00fchrten Fischerd\u00f6rfern wie Craster, der Stadt der Seahouses, von wo aus Sie Bootsfahrten zu den Farne Inseln unternehmen k\u00f6nnen; halten Sie an, um Schloss Bamburgh zu besuchen, eines von Gro\u00dfbritanniens eindrucksvollsten Schl\u00f6ssern; auf Felsen errichtet, die sich dramatisch vom flachen Sandstrand abheben. Lindisfarne ist auch bekannt als Heilige Insel, lediglich bei Ebbe erreichbar. Hier finden Sie dann Schloss Lindisfarne und die Abtei Lindisfarne.<\/p>\n<p><strong>von Buxton nach Macclesfield<\/strong> &#8211; Diese Route von weniger als 20km ist die bekannteste im Peak Distrikt, von Buxton in <a href=\"https:\/\/www.urlaubcornwall.de\/ferienhaeuser-fewos\/eng\/derbyshire\/derbyshire.html\">Derbyshire<\/a> bis nach Macclesfield in <a href=\"https:\/\/www.urlaubcornwall.de\/ferienhaeuser-fewos\/eng\/cheshire\/cheshire.html\">Cheshire<\/a> und ist auch bekannt als die Katzen-und Geigenroute, benannt nach der bekannten Kneipe. Folgen Sie der A53, dann der A54 und dann der A537. Die Stra\u00dfe hat einige scharfe Kurven auf dem Weg hinauf nach Goyt\u2019s Moss und der \u201eCat and Fiddle\u201c Kneipe auf einer H\u00f6he von 520 Metern. Die Stra\u00dfe f\u00fchrt dann kurvenreich hinunter nach Macclesfield.<\/p>\n<div class=\"snippet\"> <a class=\"featured-item\" href=\"https:\/\/www.urlaubcornwall.de\/rundreisen\/cornwall-suedengland.php\"> <span class=\"image-holder\" style=\"background-image: url('https:\/\/www.urlaubcornwall.de\/blog\/wp-content\/uploads\/2019\/01\/DiTn0QVWsAIOgjG.jpg');\"><\/span> <span class=\"featured-content\"> \n<h2 class=\"featured-title\">Rundreisen Cornwall &#038; S\u00fcdengland eine perfekte Kombination<\/h2>\n<p class=\"featured-body\">Die perfekte Reisem\u00f6glichkeit und erm\u00f6glicht es Ihnen, Entdeckungen zu machen und einen Urlaub im eigenen Schritttempo&#8230;.<\/p><\/span> <span class=\"featured-link-holder\"> <span class=\"featured-extra-info\"> \n<p>F\u00fcr Paare, Familien &#038; Gruppen<\/p>\n<\/span> \n<p class=\"featured-link\">DETAILS<\/p>\n<\/span> <\/a><\/div>\n<p><strong>Cheddar Schlucht<\/strong> &#8211; Diese Fahrt durch die Mendip H\u00fcgel in <a href=\"https:\/\/www.urlaubcornwall.de\/ferienhaeuser-fewos\/eng\/somerset\/somerset.html\">Somerset<\/a> entlang der B3135 ist 23km lang und f\u00fchrt Sie durch die bekannte Cheddar Schlucht, die tiefste Schlucht Britanniens.<\/p>\n<p><img loading=\"lazy\" class=\"aligncenter size-full wp-image-48108\" src=\"https:\/\/www.urlaubcornwall.de\/blog\/wp-content\/uploads\/2024\/03\/cheddar-gorge.jpg\" alt=\"cheddar gorge\" width=\"750\" height=\"501\" srcset=\"https:\/\/www.urlaubcornwall.de\/blog\/wp-content\/uploads\/2024\/03\/cheddar-gorge.jpg 750w, https:\/\/www.urlaubcornwall.de\/blog\/wp-content\/uploads\/2024\/03\/cheddar-gorge-300x200.jpg 300w\" sizes=\"(max-width: 750px) 100vw, 750px\" \/><\/p>\n<p>Genie\u00dfen Sie die spektakul\u00e4re Landschaft der <a href=\"https:\/\/www.urlaubcornwall.de\/ferienhaeuser-fewos\/eng\/somerset\/cheddar.html\">Cheddar Schlucht<\/a>, wie sie scheibchenweise in die sanften Mendip H\u00fcgel f\u00fchrt. Wenn Sie die Schlucht Richtung Ashwick verlassen, ist die Stra\u00dfe weniger kurvenreich, und es gibt eine Vielzahl an Haltem\u00f6glichkeiten, um ein Picknick einzunehmen oder einen Spaziergang zu machen, bevor Sie Wells besuchen, Englands kleinste Stadt oder das ber\u00fchmte Wookey Loch.<\/p>\n<p><img loading=\"lazy\" class=\"aligncenter size-full wp-image-22779\" src=\"https:\/\/www.urlaubcornwall.de\/blog\/wp-content\/uploads\/2016\/01\/urlaub-england-leicestershire.jpg\" alt=\"urlaub england leicestershire\" width=\"748\" height=\"333\"\/><br \/>\n<strong>Midlands Tick<\/strong> &#8211; Diese 80km lange Route ist nach ihrer Form benannt. Sie f\u00fchrt durch die wundersch\u00f6ne Landschaft im Herzen Englands; lange gerade Strecken und enge Ecken lassen sie zu einer unterhaltsamen Fahrt werden. Sie beginnt bei Bingham, 16km \u00f6stlich von Nottingham und f\u00fchrt Richtung S\u00fcden durch Langar, Harby und Eastwell nach Melton Mowbray, wo Sie eine der weltbekannten Schweinefleischpasteten probieren k\u00f6nnen. Fahren Sie weiter zu den D\u00f6rfern Great Dalby, Twyford und Tilton on the Hill, bevor Sie zur\u00fcckkehren Richtung Sutton Basset, Stockerston und dann schlie\u00dflich die Marktstadt Uppingham erreichen.<\/p>\n<p><img loading=\"lazy\" class=\"aligncenter size-full wp-image-22767\" src=\"https:\/\/www.urlaubcornwall.de\/blog\/wp-content\/uploads\/2016\/01\/cotswolds-reisen.jpg\" alt=\"cotswolds reisen\" width=\"748\" height=\"331\"\/><br \/>\n<strong>von Cheltenham nach Stratford \u2013 die Cotswolds<\/strong> &#8211; Fahren Sie auf der B4632, einer Strecke von ungef\u00e4hr 48km, durch <a href=\"https:\/\/www.urlaubcornwall.de\/blog\/urlaub-reisen-von-den-cotswolds-und-dem-land-shakespeares\/\">die herrliche Landschaft der Cotswolds<\/a> von der <a href=\"https:\/\/www.urlaubcornwall.de\/ferienhaeuser-fewos\/eng\/gloucestershire\/cheltenham.html\">eleganten Regency Stadt Cheltenham<\/a> nach <a href=\"https:\/\/www.urlaubcornwall.de\/ferienhaeuser-fewos\/eng\/warwickshire\/stratford-upon-avon.html\">Stratford upon Avon<\/a>, dem Zuhause von William Shakespeare. Machen Sie Halt bei Cleeve Hill; 300 Meter hoch gelegen bietet es einen gro\u00dfartigen Blick \u00fcber die Landschaft. Fahren Sie dann weiter zum eindrucksvollen Schloss Sudeley in seiner atemberaubenden Cotswold Umgebung, einst das Zuhause von Katherine Parr, einer Gemahlin von Heinrich VIII. Genie\u00dfen Sie das wundersch\u00f6ne Dorf Broadway, und bevor Sie in Stratford ankommen, k\u00f6nnen Sie die G\u00e4rten bei Hidcote Manor besuchen.<\/p>\n<p><a href=\"https:\/\/www.urlaubcornwall.de\/blog\/wp-content\/uploads\/2024\/03\/needles_isles-of-wight.jpg\"><img loading=\"lazy\" src=\"https:\/\/www.urlaubcornwall.de\/blog\/wp-content\/uploads\/2024\/03\/needles_isles-of-wight.jpg\" alt=\"needles_isles of wight\" width=\"750\" height=\"500\" class=\"alignnone size-full wp-image-47925\" srcset=\"https:\/\/www.urlaubcornwall.de\/blog\/wp-content\/uploads\/2024\/03\/needles_isles-of-wight.jpg 750w, https:\/\/www.urlaubcornwall.de\/blog\/wp-content\/uploads\/2024\/03\/needles_isles-of-wight-300x200.jpg 300w\" sizes=\"(max-width: 750px) 100vw, 750px\" \/><\/a><\/p>\n<p><strong>Isle of Wight \u2013 von Chale zur Freshwater Bay<\/strong> &#8211; Die A3055 oder Milit\u00e4rstra\u00dfe f\u00fchrt 17 km den Klippen folgend die S\u00fcdk\u00fcste der Isle of Wight entlang bis hin zur <a href=\"https:\/\/www.urlaubcornwall.de\/ferienhaeuser-fewos\/eng\/isle-of-wight\/freshwater-bay.html\">Freshwater Bay<\/a>, dem Meer einerseits und unber\u00fchrtem sanften Tiefland andererseits. Ein Gro\u00dfteil des Landes geh\u00f6rt dem NT, und das Landgut Mottistone ist reich an Tierleben und gut ausgeschilderten Pfaden; auch finden Sie hier die Mottistone G\u00e4rten, die im Besitz des NT sind.<\/p>\n<p><img loading=\"lazy\" class=\"aligncenter size-full wp-image-22768\" src=\"https:\/\/www.urlaubcornwall.de\/blog\/wp-content\/uploads\/2016\/01\/chesil-strand_reisen-dorset.jpg\" alt=\"chesil strand_reisen dorset\" width=\"748\" height=\"334\"\/><\/p>\n<p><strong>von Weymouth nach Bridport, Dorset<\/strong> &#8211; Von <a href=\"https:\/\/www.urlaubcornwall.de\/blog\/urlaub-weymouth-unterkunft-sehenswuerdigkeiten-und-geschichte\/\">Weymouth<\/a> nach Bridport folgt die kurvenreiche B3157 ungef\u00e4hr 30 km lang der Jurak\u00fcste. Sie beginnt am Chesil Strand, dem seltsamen Naturph\u00e4nomen, einer 27,3km lange Kieselb\u00f6schung, die bis zu 10,7m hoch und 137-183m breit ist. Die Stra\u00dfe f\u00fchrt einer Achterbahn gleichend auf- und abw\u00e4rts. Fahren Sie durch das <a href=\"https:\/\/www.urlaubcornwall.de\/ferienhaeuser-fewos\/eng\/dorset\/abbotsbury.html\">h\u00fcbsche Dorf Abbotsbury<\/a> mit seinen reetgedeckten D\u00e4chern und ber\u00fchmter Schwanenzucht, dem Zuhause von mehr als 600 Schw\u00e4nen. Bei Ihrer Ankunft in <a href=\"https:\/\/www.urlaubcornwall.de\/blog\/urlaub-bridport-dorset-unterkunft-sehenswuerdigkeiten-und-geschichte-2\/\">Bridport<\/a> werden Sie die Westbucht mit ihrer einzigartigen und riesigen Felswand sehen.<\/p>\n<p><a href=\"https:\/\/www.urlaubcornwall.de\/blog\/wp-content\/uploads\/2024\/03\/stonehenge.jpg\"><img loading=\"lazy\" src=\"https:\/\/www.urlaubcornwall.de\/blog\/wp-content\/uploads\/2024\/03\/stonehenge.jpg\" alt=\"stonehenge\" width=\"750\" height=\"563\" class=\"alignnone size-full wp-image-47820\" srcset=\"https:\/\/www.urlaubcornwall.de\/blog\/wp-content\/uploads\/2024\/03\/stonehenge.jpg 750w, https:\/\/www.urlaubcornwall.de\/blog\/wp-content\/uploads\/2024\/03\/stonehenge-300x225.jpg 300w\" sizes=\"(max-width: 750px) 100vw, 750px\" \/><\/a><br \/>\n<strong>von London nach Taunton<\/strong> &#8211; Die Reise von London nach Taunton entlang der A303 ist 244km lang. Sobald Sie London auf der M3 verlassen, folgen Sie am Autobahnkreuz 8 der A303; der Route schlechthin, die Tausende Ferienreisende w\u00e4hlen, die sich Richtung West Country aufmachen. Die Stra\u00dfe f\u00fchrt direkt an der hochber\u00fchmten und leicht erkennbaren Sehensw\u00fcrdigkeit Stonehenge vorbei. Machen Sie einen Abstecher und besuchen Sie <a href=\"https:\/\/www.urlaubcornwall.de\/ferienhaeuser-fewos\/eng\/wiltshire\/salisbury.html\">Salisbury<\/a> mit seiner Kathedrale, deren majest\u00e4tischer Kirchturm mit seinen 123.1m der h\u00f6chste Englands ist. Bevor die Stra\u00dfe nach Somerset f\u00fchrt, nehmen Sie sich die Zeit, um Stourhead House bei Mere zu besuchen, samt seines wundersch\u00f6nen Landschaftsgartens mit Blick \u00fcber die <a href=\"https:\/\/www.urlaubcornwall.de\/ferienhaeuser-fewos\/eng\/wiltshire\/wiltshire.html\">Wiltshire Landschaft<\/a>.<\/p>\n<p><a href=\"https:\/\/www.urlaubcornwall.de\/blog\/wp-content\/uploads\/2024\/03\/Petworth-Park.jpg\"><img loading=\"lazy\" src=\"https:\/\/www.urlaubcornwall.de\/blog\/wp-content\/uploads\/2024\/03\/Petworth-Park.jpg\" alt=\"Petworth Park\" width=\"750\" height=\"429\" class=\"alignnone size-full wp-image-47771\" srcset=\"https:\/\/www.urlaubcornwall.de\/blog\/wp-content\/uploads\/2024\/03\/Petworth-Park.jpg 750w, https:\/\/www.urlaubcornwall.de\/blog\/wp-content\/uploads\/2024\/03\/Petworth-Park-300x172.jpg 300w\" sizes=\"(max-width: 750px) 100vw, 750px\" \/><\/a><\/p>\n<p><strong>von Uckfield nach Winchester<\/strong> &#8211; Die A272 beginnt in Ostsussex und durchquert das Herz des <a href=\"https:\/\/www.urlaubcornwall.de\/ferienhaeuser-fewos\/eng\/sussex\/sussex.html\">Sussex Weald<\/a> durch die T\u00e4ler Ouse, Adur, Arun, Meon und Itchen, dem Fluss Rother folgend, bis sie am Fluss Test endet. Die Strecke steigt und st\u00fcrzt von gerade einmal 9 Metern \u00fcber dem Meeresspiegel bis zum Gipfel am Cheesefoot Head, 183m \u00fcber dem Meeresspiegel, bevor sie steil hinunterf\u00fchrt nach Winchester. Entlang der Route befinden sich die Sheffield Parkanlagen und die Bluebell Railway (Glockenblumen-Eisenbahnstrecke) bei Haywards Heath. Petworth House in West Sussex mit seinem Wildpark und Hinton Amper in <a href=\"https:\/\/www.urlaubcornwall.de\/ferienhaeuser-fewos\/eng\/hampshire\/hampshire.html\">Hampshire<\/a> sind wundervolle Orte, die Sie besuchen k\u00f6nnen, bevor Sie in <a href=\"https:\/\/www.urlaubcornwall.de\/ferienhaeuser-fewos\/eng\/hampshire\/winchester.html\">Winchester<\/a> ankommen, das einst zu Zeiten der Sachsen Hauptstadt Englands war und Zuhause der altehrw\u00fcrdigen, eindrucksvollen Winchester Kathedrale ist.<\/p>\n<p><strong>von Shrewsbury nach Ludlow<\/strong> &#8211; Nehmen Sie die A458 von <a href=\"https:\/\/www.urlaubcornwall.de\/ferienhaeuser-fewos\/eng\/shropshire\/shrewsbury.html\">Shrewsbury<\/a>, der Grenzstadt zwischen England und Wales mit ihren romantischen Fachwerkh\u00e4usern und dem Schloss, und fahren Sie durch die Shropshire Hills mit ihren urigen roten Backsteind\u00f6rfern bis hin zu Britanniens besterhaltenen <a href=\"https:\/\/www.urlaubcornwall.de\/ferienhaeuser-fewos\/eng\/shropshire\/ludlow.html\">mittelalterlichen Stadt Ludlow<\/a>. Das ber\u00fchmteste seiner schwarz-wei\u00dfen Fachwerkh\u00e4user ist das Feathers Hotel aus dem 17. Jahrhundert. Eine massive Burg aus rotem Sandstein aus dem Jahre 1085 dominiert die Stadt, die heutzutage bekannt ist f\u00fcr ihre ausgezeichneten Restaurants und Lebensmittell\u00e4den.<\/p>\n<p>Wenn Sie eine unserer Lieblingsrouten in Ihre Rundreise oder Ihren Urlaub in Gro\u00dfbritannien eingliedern wollen, <a href=\"http:\/\/www.urlaubcornwall.de\/anfrage.php\">kontaktieren Sie uns bitte hier<\/a>. Finden Sie n\u00e4here Informationen zu unseren favorisierten malerischen Routen durch <a href=\"https:\/\/www.urlaubcornwall.de\/blog\/5-malerische-autofahrten-durch-cornwall-probieren-sie-sie-aus\/\">Cornwall<\/a>, <a href=\"https:\/\/www.urlaubcornwall.de\/blog\/5-malerische-autofahrten-durch-schottland-probieren-sie-sie-aus\/\">Schottland<\/a>, <a href=\"https:\/\/www.urlaubcornwall.de\/blog\/5-malerische-autofahrten-durch-wales-probieren-sie-sie-aus-2\/\">Wales<\/a> und <a href=\"https:\/\/www.urlaubcornwall.de\/blog\/reisen-irland-malerische-routen-mit-auto-durch-irland\/\">Irland.<\/a><\/p>\n<div class=\"snippet\"> <a class=\"featured-item\" href=\"https:\/\/www.urlaubcornwall.de\/ferienhaeuser\/suedengland.php\"> <span class=\"image-holder\" style=\"background-image: url('https:\/\/www.urlaubcornwall.de\/blog\/wp-content\/uploads\/2018\/12\/ferienhaus-cornwall-mit-hund.jpg');\"><\/span> <span class=\"featured-content\"> \n<h2 class=\"featured-title\">Ferienh\u00e4user in Cornwall &#038; S\u00fcdengland<\/h2>\n<p class=\"featured-body\">Bei uns finden Sie Ferienh\u00e4user zum Verlieben &#8211; so einfach ist das! Dank seiner langen Geschichte, der reizvollen Landschaften und seinen vielen Attraktionen ist S\u00fcdengland ein wahres Mekka f\u00fcr Urlauber&#8230;..<\/p><\/span> <span class=\"featured-link-holder\"> <span class=\"featured-extra-info\"> \n<p>Pers\u00f6nlich inspizierter Ferienh\u00e4user<\/p>\n<\/span> \n<p class=\"featured-link\">DETAILS<\/p>\n<\/span> <\/a><\/div>\n<p><strong>Autorouten England Karte<\/strong><\/p>\n<p><iframe loading=\"lazy\" src=\"https:\/\/www.google.com\/maps\/d\/embed?mid=zPZ6ttwx7pSg.kZbLJ88xHqYI\" width=\"640\" height=\"480\"><\/iframe><\/p>\n<p style=\"text-align: center;\">Wir bieten eine fantastische Auswahl an Rundreisen mit den beliebtesten Attraktionen und St\u00e4dten in <a href=\"http:\/\/www.urlaubcornwall.de\/reiseziel\/cornwall.php\">Cornwall<\/a>, <a href=\"https:\/\/www.urlaubcornwall.de\/blog\/rundreisen-england-wales\/\">England<\/a>, <a href=\"https:\/\/www.urlaubcornwall.de\/blog\/rundreisen-schottland\/\">Schottland,<\/a> <a href=\"https:\/\/www.urlaubcornwall.de\/blog\/rundreisen-england-wales\/\">Wales<\/a> und <a href=\"https:\/\/www.urlaubcornwall.de\/blog\/rundreisen-irland\/\">Irland.<\/a><\/p>\n","protected":false},"excerpt":{"rendered":"<p>England hat einige unglaublich sch\u00f6ne Stra\u00dfenstrecken, die Sie w\u00e4hrend Ihrer Reise oder Rundreise und Busreise durch die britischen Inseln genie\u00dfen k\u00f6nnen. Sie sind nicht nur Mittel, um von A nach B zu gelangen; nehmen Sie sich Zeit, um die malerische Reise zu genie\u00dfen. Hier sind unsere Lieblingsstrecken&#8230;. 5 malerische Autofahrten durch Cornwall &#8211; probieren Sie [&hellip;]<\/p>\n","protected":false},"author":1,"featured_media":0,"parent":0,"menu_order":0,"comment_status":"closed","ping_status":"closed","template":"single-four.php","meta":[],"acf":[],"yoast_head":"<!-- This site is optimized with the Yoast SEO plugin v19.4 - https:\/\/yoast.com\/wordpress\/plugins\/seo\/ -->\n<title>Rundreisen in England: Die malerischsten Autorouten. - Urlaub &amp; Reisen<\/title>\n<meta name=\"robots\" content=\"index, follow, max-snippet:-1, max-image-preview:large, max-video-preview:-1\" \/>\n<link rel=\"canonical\" href=\"https:\/\/www.urlaubcornwall.de\/blog\/reisen-england-die-malerischsten-auto-oder-busrouten\/\" \/>\n<meta property=\"og:locale\" content=\"en_US\" \/>\n<meta property=\"og:type\" content=\"article\" \/>\n<meta property=\"og:title\" content=\"Rundreisen in England: Die malerischsten Autorouten. - Urlaub &amp; Reisen\" \/>\n<meta property=\"og:description\" content=\"England hat einige unglaublich sch\u00f6ne Stra\u00dfenstrecken, die Sie w\u00e4hrend Ihrer Reise oder Rundreise und Busreise durch die britischen Inseln genie\u00dfen k\u00f6nnen. Sie sind nicht nur Mittel, um von A nach B zu gelangen; nehmen Sie sich Zeit, um die malerische Reise zu genie\u00dfen. Hier sind unsere Lieblingsstrecken&#8230;. 5 malerische Autofahrten durch Cornwall &#8211; probieren Sie [&hellip;]\" \/>\n<meta property=\"og:url\" content=\"https:\/\/www.urlaubcornwall.de\/blog\/reisen-england-die-malerischsten-auto-oder-busrouten\/\" \/>\n<meta property=\"og:site_name\" content=\"Urlaub &amp; Reisen\" \/>\n<meta property=\"article:modified_time\" content=\"2024-05-31T12:12:36+00:00\" \/>\n<meta property=\"og:image\" content=\"https:\/\/www.urlaubcornwall.de\/blog\/wp-content\/uploads\/2017\/08\/gyllyngvase-strand-falmouth.jpg\" \/>\n<meta name=\"twitter:card\" content=\"summary\" \/>\n<meta name=\"twitter:label1\" content=\"Est. reading time\" \/>\n\t<meta name=\"twitter:data1\" content=\"8 minutes\" \/>\n<script type=\"application\/ld+json\" class=\"yoast-schema-graph\">{\"@context\":\"https:\/\/schema.org\",\"@graph\":[{\"@type\":\"WebSite\",\"@id\":\"https:\/\/www.urlaubcornwall.de\/blog\/#website\",\"url\":\"https:\/\/www.urlaubcornwall.de\/blog\/\",\"name\":\"Urlaub &amp; Reisen\",\"description\":\"Urlaub, Reisen, Cornwall und S\u00fcdengland: eine perfekte Kombination\",\"potentialAction\":[{\"@type\":\"SearchAction\",\"target\":{\"@type\":\"EntryPoint\",\"urlTemplate\":\"https:\/\/www.urlaubcornwall.de\/blog\/?s={search_term_string}\"},\"query-input\":\"required name=search_term_string\"}],\"inLanguage\":\"en-US\"},{\"@type\":\"WebPage\",\"@id\":\"https:\/\/www.urlaubcornwall.de\/blog\/reisen-england-die-malerischsten-auto-oder-busrouten\/\",\"url\":\"https:\/\/www.urlaubcornwall.de\/blog\/reisen-england-die-malerischsten-auto-oder-busrouten\/\",\"name\":\"Rundreisen in England: Die malerischsten Autorouten. - Urlaub &amp; Reisen\",\"isPartOf\":{\"@id\":\"https:\/\/www.urlaubcornwall.de\/blog\/#website\"},\"datePublished\":\"2016-01-16T16:10:22+00:00\",\"dateModified\":\"2024-05-31T12:12:36+00:00\",\"breadcrumb\":{\"@id\":\"https:\/\/www.urlaubcornwall.de\/blog\/reisen-england-die-malerischsten-auto-oder-busrouten\/#breadcrumb\"},\"inLanguage\":\"en-US\",\"potentialAction\":[{\"@type\":\"ReadAction\",\"target\":[\"https:\/\/www.urlaubcornwall.de\/blog\/reisen-england-die-malerischsten-auto-oder-busrouten\/\"]}]},{\"@type\":\"BreadcrumbList\",\"@id\":\"https:\/\/www.urlaubcornwall.de\/blog\/reisen-england-die-malerischsten-auto-oder-busrouten\/#breadcrumb\",\"itemListElement\":[{\"@type\":\"ListItem\",\"position\":1,\"name\":\"Home\",\"item\":\"https:\/\/www.urlaubcornwall.de\/blog\/\"},{\"@type\":\"ListItem\",\"position\":2,\"name\":\"Rundreisen in England: Die malerischsten Autorouten.\"}]}]}<\/script>\n<!-- \/ Yoast SEO plugin. -->","yoast_head_json":{"title":"Rundreisen in England: Die malerischsten Autorouten. - Urlaub &amp; Reisen","robots":{"index":"index","follow":"follow","max-snippet":"max-snippet:-1","max-image-preview":"max-image-preview:large","max-video-preview":"max-video-preview:-1"},"canonical":"https:\/\/www.urlaubcornwall.de\/blog\/reisen-england-die-malerischsten-auto-oder-busrouten\/","og_locale":"en_US","og_type":"article","og_title":"Rundreisen in England: Die malerischsten Autorouten. - Urlaub &amp; Reisen","og_description":"England hat einige unglaublich sch\u00f6ne Stra\u00dfenstrecken, die Sie w\u00e4hrend Ihrer Reise oder Rundreise und Busreise durch die britischen Inseln genie\u00dfen k\u00f6nnen. Sie sind nicht nur Mittel, um von A nach B zu gelangen; nehmen Sie sich Zeit, um die malerische Reise zu genie\u00dfen. Hier sind unsere Lieblingsstrecken&#8230;. 5 malerische Autofahrten durch Cornwall &#8211; probieren Sie [&hellip;]","og_url":"https:\/\/www.urlaubcornwall.de\/blog\/reisen-england-die-malerischsten-auto-oder-busrouten\/","og_site_name":"Urlaub &amp; Reisen","article_modified_time":"2024-05-31T12:12:36+00:00","og_image":[{"url":"https:\/\/www.urlaubcornwall.de\/blog\/wp-content\/uploads\/2017\/08\/gyllyngvase-strand-falmouth.jpg"}],"twitter_card":"summary","twitter_misc":{"Est. reading time":"8 minutes"},"schema":{"@context":"https:\/\/schema.org","@graph":[{"@type":"WebSite","@id":"https:\/\/www.urlaubcornwall.de\/blog\/#website","url":"https:\/\/www.urlaubcornwall.de\/blog\/","name":"Urlaub &amp; Reisen","description":"Urlaub, Reisen, Cornwall und S\u00fcdengland: eine perfekte Kombination","potentialAction":[{"@type":"SearchAction","target":{"@type":"EntryPoint","urlTemplate":"https:\/\/www.urlaubcornwall.de\/blog\/?s={search_term_string}"},"query-input":"required name=search_term_string"}],"inLanguage":"en-US"},{"@type":"WebPage","@id":"https:\/\/www.urlaubcornwall.de\/blog\/reisen-england-die-malerischsten-auto-oder-busrouten\/","url":"https:\/\/www.urlaubcornwall.de\/blog\/reisen-england-die-malerischsten-auto-oder-busrouten\/","name":"Rundreisen in England: Die malerischsten Autorouten. - Urlaub &amp; Reisen","isPartOf":{"@id":"https:\/\/www.urlaubcornwall.de\/blog\/#website"},"datePublished":"2016-01-16T16:10:22+00:00","dateModified":"2024-05-31T12:12:36+00:00","breadcrumb":{"@id":"https:\/\/www.urlaubcornwall.de\/blog\/reisen-england-die-malerischsten-auto-oder-busrouten\/#breadcrumb"},"inLanguage":"en-US","potentialAction":[{"@type":"ReadAction","target":["https:\/\/www.urlaubcornwall.de\/blog\/reisen-england-die-malerischsten-auto-oder-busrouten\/"]}]},{"@type":"BreadcrumbList","@id":"https:\/\/www.urlaubcornwall.de\/blog\/reisen-england-die-malerischsten-auto-oder-busrouten\/#breadcrumb","itemListElement":[{"@type":"ListItem","position":1,"name":"Home","item":"https:\/\/www.urlaubcornwall.de\/blog\/"},{"@type":"ListItem","position":2,"name":"Rundreisen in England: Die malerischsten Autorouten."}]}]}},"_links":{"self":[{"href":"https:\/\/www.urlaubcornwall.de\/blog\/wp-json\/wp\/v2\/pages\/22759"}],"collection":[{"href":"https:\/\/www.urlaubcornwall.de\/blog\/wp-json\/wp\/v2\/pages"}],"about":[{"href":"https:\/\/www.urlaubcornwall.de\/blog\/wp-json\/wp\/v2\/types\/page"}],"author":[{"embeddable":true,"href":"https:\/\/www.urlaubcornwall.de\/blog\/wp-json\/wp\/v2\/users\/1"}],"replies":[{"embeddable":true,"href":"https:\/\/www.urlaubcornwall.de\/blog\/wp-json\/wp\/v2\/comments?post=22759"}],"version-history":[{"count":57,"href":"https:\/\/www.urlaubcornwall.de\/blog\/wp-json\/wp\/v2\/pages\/22759\/revisions"}],"predecessor-version":[{"id":51363,"href":"https:\/\/www.urlaubcornwall.de\/blog\/wp-json\/wp\/v2\/pages\/22759\/revisions\/51363"}],"wp:attachment":[{"href":"https:\/\/www.urlaubcornwall.de\/blog\/wp-json\/wp\/v2\/media?parent=22759"}],"curies":[{"name":"wp","href":"https:\/\/api.w.org\/{rel}","templated":true}]}}