{"id":22523,"date":"2016-01-07T10:38:03","date_gmt":"2016-01-07T10:38:03","guid":{"rendered":"https:\/\/www.urlaubcornwall.de\/blog\/?page_id=22523"},"modified":"2024-05-29T11:14:53","modified_gmt":"2024-05-29T11:14:53","slug":"die-besten-london-urlaub-tipps-urlaubcornwall-de","status":"publish","type":"page","link":"https:\/\/www.urlaubcornwall.de\/blog\/die-besten-london-urlaub-tipps-urlaubcornwall-de\/","title":{"rendered":"Die besten London Urlaubstipps &#038; Reisetipps."},"content":{"rendered":"<p><a href=\"https:\/\/www.urlaubcornwall.de\/blog\/wp-content\/uploads\/2024\/03\/london.jpg\"><img loading=\"lazy\" src=\"https:\/\/www.urlaubcornwall.de\/blog\/wp-content\/uploads\/2024\/03\/london.jpg\" alt=\"State-Opening-of-Parliament\" width=\"750\" height=\"500\" class=\"alignnone size-full wp-image-47852\" srcset=\"https:\/\/www.urlaubcornwall.de\/blog\/wp-content\/uploads\/2024\/03\/london.jpg 750w, https:\/\/www.urlaubcornwall.de\/blog\/wp-content\/uploads\/2024\/03\/london-300x200.jpg 300w\" sizes=\"(max-width: 750px) 100vw, 750px\" \/><\/a><\/p>\n<p>Es ist unm\u00f6glich, <a href=\"https:\/\/www.urlaubcornwall.de\/blog\/kurzurlaub-kurzreise-nach-london\/\">London<\/a> in ein paar Worten zusammenzufassen, da die Vielfalt dieser hochlebendigen Stadt einfach zu gro\u00df ist. Stattdessen werden wir uns auf eine kleine Auswahl der vielen M\u00f6glichkeiten konzentrieren. Einige m\u00f6gen Einwohnern und Besuchern gleicherma\u00dfen bekannt sein, w\u00e4hrend andere etwas \u00fcberraschend sind.<\/p>\n<p>Wenn wir an London denken, denken wir normalerweise an Zeremonien, traditionelle Unterhaltungsangebote und Gesch\u00e4fte. Das heutige London ist eine ausgedehnte Metropole, die mehr als 17 Millionen Besucher pro Jahr willkommen hei\u00dft. Doch trotz des Verkehrs und der Massen kann London ein leiser und charmanter Ort sein. Das kosmopolitische London weist eine reiche Vielfalt an Kulturen und Traditionen auf, die \u00fcber Jahrzehnte hinweg ein unverzichtbarer Teil des Lebens der Hauptstadt wurden. Dabei pr\u00e4gen unterschiedliche Gemeinschaften die zahlreichen Stadtteile mit ihrem ganz eigenen Charakter.<\/p>\n<p><strong>Pomp and Circumstance (= Milit\u00e4rmarsch von Edgar Elgar)<\/strong> &#8211; London hat viele seltsame und bunte Zeremonien. Wenn Sie die Stra\u00dfen Londons erkunden, ist es sehr wahrscheinlich, dass Sie Menschen in bizarren, altmodischen Kost\u00fcmen, eine alte Tradition ehrend, durch die Stra\u00dfen ziehen sehen. H\u00e4ufig scheinen Ursprung und Zweck obskur; es handelt sich um Traditionen, die am Leben erhalten wurden, als Sinn und Zweck lange verschwunden waren.<\/p>\n<p>Doch diese urigen und bunten Zeremonien k\u00f6nnen einfach genossen werden, weil sie eben urig und bunt sind. Das Parlament, die K\u00f6nigliche Familie, die Armee und die Stadt London sind as Hauptaugenmerk traditioneller Zeremonien.<\/p>\n<p><strong>K\u00f6nigliche Tradition<\/strong> &#8211; Die Parlamentser\u00f6ffnung im sp\u00e4ten Oktober beginnt damit, dass eine pferdebespannte Kutsche die majest\u00e4tische Staatskrone zum Parlament bringt, 20 Minuten sp\u00e4ter gefolgt von der K\u00f6nigin in der irischen Staatskutsche. Sie nimmt eine Route vom Buckingham Palast durch Horseguards nach Whitehall und weiter zum Parlamentsgeb\u00e4ude.<\/p>\n<div class=\"snippet\"> <a class=\"featured-item\" href=\"https:\/\/www.urlaubcornwall.de\/ferienhaeuser\/suedengland.php\"> <span class=\"image-holder\" style=\"background-image: url('https:\/\/www.urlaubcornwall.de\/blog\/wp-content\/uploads\/2018\/12\/ferienhaus-cornwall-mit-hund.jpg');\"><\/span> <span class=\"featured-content\"> \n<h2 class=\"featured-title\">Ferienh\u00e4user in Cornwall &#038; S\u00fcdengland<\/h2>\n<p class=\"featured-body\">Bei uns finden Sie Ferienh\u00e4user zum Verlieben &#8211; so einfach ist das! Dank seiner langen Geschichte, der reizvollen Landschaften und seinen vielen Attraktionen ist S\u00fcdengland ein wahres Mekka f\u00fcr Urlauber&#8230;..<\/p><\/span> <span class=\"featured-link-holder\"> <span class=\"featured-extra-info\"> \n<p>Pers\u00f6nlich inspizierter Ferienh\u00e4user<\/p>\n<\/span> \n<p class=\"featured-link\">DETAILS<\/p>\n<\/span> <\/a><\/div>\n<p>Sobald sie das Abgeordnetenhaus betritt und Platz nimmt, werden im <a href=\"https:\/\/www.urlaubcornwall.de\/blog\/londons-historische-koenigliche-parkanlagen-und-gaerten\/\">Hyde Park<\/a> Salutsch\u00fcsse abgefeuert. Die Parlamentsabgeordneten werden aufgefordert, die Rede der K\u00f6nigin anzuh\u00f6ren, in der sie die Regierungspl\u00e4ne f\u00fcr das kommende Jahr darlegt.<\/p>\n<p>Trooping the Colour ist die farbenpr\u00e4chtigste k\u00f6nigliche Zeremonie, w\u00e4hrend der der Geburtstag der K\u00f6nigin am 2. Samstag im Juni gefeiert wird. Die K\u00f6nigin, die die Uniform der Garde tr\u00e4gt, die sie mustert, wird von der Hauskavalerie eskortiert bis zur Reiterparade. Dort wird vorbeimarschiert, und schlie\u00dflich f\u00fchrt die K\u00f6nigin die Fu\u00dfgarde zur\u00fcck zum Buckingham Palast.<\/p>\n<p>Falls Sie die j\u00e4hrlichen Paraden verpassen, ist die Wachabl\u00f6sung eine t\u00e4glich stattfindende farbenreiche Zeremonie. Am Wichtigsten ist, dass am Buckingham Palast eine Abordnung an Fu\u03b2garde in ihren scharlachroten Uniformen und hohen B\u00e4renfellm\u00fctzen die Verantwortung \u00fcbernimmt, die K\u00f6nigin zu bewachen. \u00c4hnliches findet statt in Whitehall, dem St James Palast und dem Tower of London.<\/p>\n<p><strong>B\u00fcrgerliche Zeremonien<\/strong><\/p>\n<p>Die B\u00fcrgermeisterparade: die Quadratmeile, die traditionellerweise den Stadtkern Londons bildet, das winzige Gebiet, das einen Gro\u00dfteil von Londons Finanzdistrikt beinhaltet, wird von der City of London Corporation betrieben. Diese verkn\u00fcpft effiziente Verwaltung mit dem Pomp und Prunk einer 800 Jahre alten kommunalen Unabh\u00e4ngigkeit.<\/p>\n<p>Die Hauptfigur, der Oberb\u00fcrgermeister, wird von Mitgliedern der Gilde und verschiedenen Handelsorganisationen gew\u00e4hlt. Im November durchquert der neue Oberb\u00fcrgermeister, gekleidet in seinen traditionellen Roben und in einer geschm\u00fcckten Kutsche, in einer Prozession London hin zu den Hoheitlichen Gerichtsh\u00f6fen in \u201ethe Strand\u201c, um seinen Eid auf die Krone abzulegen.<\/p>\n<div class=\"snippet\"> <a class=\"featured-item\" href=\"https:\/\/www.urlaubcornwall.de\/rundreisen\/cornwall-suedengland.php\"> <span class=\"image-holder\" style=\"background-image: url('https:\/\/www.urlaubcornwall.de\/blog\/wp-content\/uploads\/2019\/01\/DiTn0QVWsAIOgjG.jpg');\"><\/span> <span class=\"featured-content\"> \n<h2 class=\"featured-title\">Rundreisen London &#038; S\u00fcdengland eine perfekte Kombination<\/h2>\n<p class=\"featured-body\">Die perfekte Reisem\u00f6glichkeit und erm\u00f6glicht es Ihnen, Entdeckungen zu machen und einen Urlaub im eigenen Schritttempo&#8230;.<\/p><\/span> <span class=\"featured-link-holder\"> <span class=\"featured-extra-info\"> \n<p>F\u00fcr Paare, Familien &#038; Gruppen<\/p>\n<\/span> \n<p class=\"featured-link\">DETAILS<\/p>\n<\/span> <\/a><\/div>\n<p>Wir bieten eine fantastische Auswahl an Rundreisen mit den beliebtesten Attraktionen und St\u00e4dten in <a href=\"http:\/\/www.urlaubcornwall.de\/reiseziel\/cornwall.php\">Cornwall<\/a>, <a href=\"https:\/\/www.urlaubcornwall.de\/blog\/rundreisen-england-wales\/\">England<\/a>, <a href=\"https:\/\/www.urlaubcornwall.de\/blog\/rundreisen-schottland\/\">Schottland,<\/a> <a href=\"https:\/\/www.urlaubcornwall.de\/blog\/rundreisen-england-wales\/\">Wales<\/a> und <a href=\"https:\/\/www.urlaubcornwall.de\/blog\/rundreisen-irland\/\">Irland.<\/a><\/p>\n","protected":false},"excerpt":{"rendered":"<p>Es ist unm\u00f6glich, London in ein paar Worten zusammenzufassen, da die Vielfalt dieser hochlebendigen Stadt einfach zu gro\u00df ist. Stattdessen werden wir uns auf eine kleine Auswahl der vielen M\u00f6glichkeiten konzentrieren. Einige m\u00f6gen Einwohnern und Besuchern gleicherma\u00dfen bekannt sein, w\u00e4hrend andere etwas \u00fcberraschend sind. Wenn wir an London denken, denken wir normalerweise an Zeremonien, traditionelle [&hellip;]<\/p>\n","protected":false},"author":1,"featured_media":0,"parent":0,"menu_order":0,"comment_status":"closed","ping_status":"closed","template":"single-four.php","meta":[],"acf":[],"yoast_head":"<!-- This site is optimized with the Yoast SEO plugin v19.4 - https:\/\/yoast.com\/wordpress\/plugins\/seo\/ -->\n<title>Die besten London Urlaubstipps &amp; Reisetipps. - Urlaub &amp; Reisen<\/title>\n<meta name=\"robots\" content=\"index, follow, max-snippet:-1, max-image-preview:large, max-video-preview:-1\" \/>\n<link rel=\"canonical\" href=\"https:\/\/www.urlaubcornwall.de\/blog\/die-besten-london-urlaub-tipps-urlaubcornwall-de\/\" \/>\n<meta property=\"og:locale\" content=\"en_US\" \/>\n<meta property=\"og:type\" content=\"article\" \/>\n<meta property=\"og:title\" content=\"Die besten London Urlaubstipps &amp; Reisetipps. - Urlaub &amp; Reisen\" \/>\n<meta property=\"og:description\" content=\"Es ist unm\u00f6glich, London in ein paar Worten zusammenzufassen, da die Vielfalt dieser hochlebendigen Stadt einfach zu gro\u00df ist. Stattdessen werden wir uns auf eine kleine Auswahl der vielen M\u00f6glichkeiten konzentrieren. Einige m\u00f6gen Einwohnern und Besuchern gleicherma\u00dfen bekannt sein, w\u00e4hrend andere etwas \u00fcberraschend sind. Wenn wir an London denken, denken wir normalerweise an Zeremonien, traditionelle [&hellip;]\" \/>\n<meta property=\"og:url\" content=\"https:\/\/www.urlaubcornwall.de\/blog\/die-besten-london-urlaub-tipps-urlaubcornwall-de\/\" \/>\n<meta property=\"og:site_name\" content=\"Urlaub &amp; Reisen\" \/>\n<meta property=\"article:modified_time\" content=\"2024-05-29T11:14:53+00:00\" \/>\n<meta property=\"og:image\" content=\"https:\/\/www.urlaubcornwall.de\/blog\/wp-content\/uploads\/2024\/03\/london.jpg\" \/>\n<meta name=\"twitter:card\" content=\"summary\" \/>\n<meta name=\"twitter:label1\" content=\"Est. reading time\" \/>\n\t<meta name=\"twitter:data1\" content=\"3 minutes\" \/>\n<script type=\"application\/ld+json\" class=\"yoast-schema-graph\">{\"@context\":\"https:\/\/schema.org\",\"@graph\":[{\"@type\":\"WebSite\",\"@id\":\"https:\/\/www.urlaubcornwall.de\/blog\/#website\",\"url\":\"https:\/\/www.urlaubcornwall.de\/blog\/\",\"name\":\"Urlaub &amp; Reisen\",\"description\":\"Urlaub, Reisen, Cornwall und S\u00fcdengland: eine perfekte Kombination\",\"potentialAction\":[{\"@type\":\"SearchAction\",\"target\":{\"@type\":\"EntryPoint\",\"urlTemplate\":\"https:\/\/www.urlaubcornwall.de\/blog\/?s={search_term_string}\"},\"query-input\":\"required name=search_term_string\"}],\"inLanguage\":\"en-US\"},{\"@type\":\"WebPage\",\"@id\":\"https:\/\/www.urlaubcornwall.de\/blog\/die-besten-london-urlaub-tipps-urlaubcornwall-de\/\",\"url\":\"https:\/\/www.urlaubcornwall.de\/blog\/die-besten-london-urlaub-tipps-urlaubcornwall-de\/\",\"name\":\"Die besten London Urlaubstipps & Reisetipps. - Urlaub &amp; Reisen\",\"isPartOf\":{\"@id\":\"https:\/\/www.urlaubcornwall.de\/blog\/#website\"},\"datePublished\":\"2016-01-07T10:38:03+00:00\",\"dateModified\":\"2024-05-29T11:14:53+00:00\",\"breadcrumb\":{\"@id\":\"https:\/\/www.urlaubcornwall.de\/blog\/die-besten-london-urlaub-tipps-urlaubcornwall-de\/#breadcrumb\"},\"inLanguage\":\"en-US\",\"potentialAction\":[{\"@type\":\"ReadAction\",\"target\":[\"https:\/\/www.urlaubcornwall.de\/blog\/die-besten-london-urlaub-tipps-urlaubcornwall-de\/\"]}]},{\"@type\":\"BreadcrumbList\",\"@id\":\"https:\/\/www.urlaubcornwall.de\/blog\/die-besten-london-urlaub-tipps-urlaubcornwall-de\/#breadcrumb\",\"itemListElement\":[{\"@type\":\"ListItem\",\"position\":1,\"name\":\"Home\",\"item\":\"https:\/\/www.urlaubcornwall.de\/blog\/\"},{\"@type\":\"ListItem\",\"position\":2,\"name\":\"Die besten London Urlaubstipps &#038; Reisetipps.\"}]}]}<\/script>\n<!-- \/ Yoast SEO plugin. -->","yoast_head_json":{"title":"Die besten London Urlaubstipps & Reisetipps. - Urlaub &amp; Reisen","robots":{"index":"index","follow":"follow","max-snippet":"max-snippet:-1","max-image-preview":"max-image-preview:large","max-video-preview":"max-video-preview:-1"},"canonical":"https:\/\/www.urlaubcornwall.de\/blog\/die-besten-london-urlaub-tipps-urlaubcornwall-de\/","og_locale":"en_US","og_type":"article","og_title":"Die besten London Urlaubstipps & Reisetipps. - Urlaub &amp; Reisen","og_description":"Es ist unm\u00f6glich, London in ein paar Worten zusammenzufassen, da die Vielfalt dieser hochlebendigen Stadt einfach zu gro\u00df ist. Stattdessen werden wir uns auf eine kleine Auswahl der vielen M\u00f6glichkeiten konzentrieren. Einige m\u00f6gen Einwohnern und Besuchern gleicherma\u00dfen bekannt sein, w\u00e4hrend andere etwas \u00fcberraschend sind. Wenn wir an London denken, denken wir normalerweise an Zeremonien, traditionelle [&hellip;]","og_url":"https:\/\/www.urlaubcornwall.de\/blog\/die-besten-london-urlaub-tipps-urlaubcornwall-de\/","og_site_name":"Urlaub &amp; Reisen","article_modified_time":"2024-05-29T11:14:53+00:00","og_image":[{"url":"https:\/\/www.urlaubcornwall.de\/blog\/wp-content\/uploads\/2024\/03\/london.jpg"}],"twitter_card":"summary","twitter_misc":{"Est. reading time":"3 minutes"},"schema":{"@context":"https:\/\/schema.org","@graph":[{"@type":"WebSite","@id":"https:\/\/www.urlaubcornwall.de\/blog\/#website","url":"https:\/\/www.urlaubcornwall.de\/blog\/","name":"Urlaub &amp; Reisen","description":"Urlaub, Reisen, Cornwall und S\u00fcdengland: eine perfekte Kombination","potentialAction":[{"@type":"SearchAction","target":{"@type":"EntryPoint","urlTemplate":"https:\/\/www.urlaubcornwall.de\/blog\/?s={search_term_string}"},"query-input":"required name=search_term_string"}],"inLanguage":"en-US"},{"@type":"WebPage","@id":"https:\/\/www.urlaubcornwall.de\/blog\/die-besten-london-urlaub-tipps-urlaubcornwall-de\/","url":"https:\/\/www.urlaubcornwall.de\/blog\/die-besten-london-urlaub-tipps-urlaubcornwall-de\/","name":"Die besten London Urlaubstipps & Reisetipps. - Urlaub &amp; Reisen","isPartOf":{"@id":"https:\/\/www.urlaubcornwall.de\/blog\/#website"},"datePublished":"2016-01-07T10:38:03+00:00","dateModified":"2024-05-29T11:14:53+00:00","breadcrumb":{"@id":"https:\/\/www.urlaubcornwall.de\/blog\/die-besten-london-urlaub-tipps-urlaubcornwall-de\/#breadcrumb"},"inLanguage":"en-US","potentialAction":[{"@type":"ReadAction","target":["https:\/\/www.urlaubcornwall.de\/blog\/die-besten-london-urlaub-tipps-urlaubcornwall-de\/"]}]},{"@type":"BreadcrumbList","@id":"https:\/\/www.urlaubcornwall.de\/blog\/die-besten-london-urlaub-tipps-urlaubcornwall-de\/#breadcrumb","itemListElement":[{"@type":"ListItem","position":1,"name":"Home","item":"https:\/\/www.urlaubcornwall.de\/blog\/"},{"@type":"ListItem","position":2,"name":"Die besten London Urlaubstipps &#038; Reisetipps."}]}]}},"_links":{"self":[{"href":"https:\/\/www.urlaubcornwall.de\/blog\/wp-json\/wp\/v2\/pages\/22523"}],"collection":[{"href":"https:\/\/www.urlaubcornwall.de\/blog\/wp-json\/wp\/v2\/pages"}],"about":[{"href":"https:\/\/www.urlaubcornwall.de\/blog\/wp-json\/wp\/v2\/types\/page"}],"author":[{"embeddable":true,"href":"https:\/\/www.urlaubcornwall.de\/blog\/wp-json\/wp\/v2\/users\/1"}],"replies":[{"embeddable":true,"href":"https:\/\/www.urlaubcornwall.de\/blog\/wp-json\/wp\/v2\/comments?post=22523"}],"version-history":[{"count":21,"href":"https:\/\/www.urlaubcornwall.de\/blog\/wp-json\/wp\/v2\/pages\/22523\/revisions"}],"predecessor-version":[{"id":50620,"href":"https:\/\/www.urlaubcornwall.de\/blog\/wp-json\/wp\/v2\/pages\/22523\/revisions\/50620"}],"wp:attachment":[{"href":"https:\/\/www.urlaubcornwall.de\/blog\/wp-json\/wp\/v2\/media?parent=22523"}],"curies":[{"name":"wp","href":"https:\/\/api.w.org\/{rel}","templated":true}]}}