{"id":22512,"date":"2016-01-05T12:44:47","date_gmt":"2016-01-05T12:44:47","guid":{"rendered":"https:\/\/www.urlaubcornwall.de\/blog\/?page_id=22512"},"modified":"2024-05-30T07:33:38","modified_gmt":"2024-05-30T07:33:38","slug":"5-bilder-die-sie-sich-in-cornwall-verlieben-lassen-werden","status":"publish","type":"page","link":"https:\/\/www.urlaubcornwall.de\/blog\/5-bilder-die-sie-sich-in-cornwall-verlieben-lassen-werden\/","title":{"rendered":"5 Bilder, die Sie sich in Cornwall verlieben lassen werden!"},"content":{"rendered":"<p><img loading=\"lazy\" class=\"aligncenter size-full wp-image-47900\" src=\"https:\/\/www.urlaubcornwall.de\/blog\/wp-content\/uploads\/2024\/03\/lizard.jpg\" alt=\"lizard kynance\" width=\"750\" height=\"563\" srcset=\"https:\/\/www.urlaubcornwall.de\/blog\/wp-content\/uploads\/2024\/03\/lizard.jpg 750w, https:\/\/www.urlaubcornwall.de\/blog\/wp-content\/uploads\/2024\/03\/lizard-300x225.jpg 300w\" sizes=\"(max-width: 750px) 100vw, 750px\" \/><\/p>\n<p><strong>Die sch\u00f6nsten Aussichtspunkte in Cornwall<\/strong><\/p>\n<p><strong>Kynance Cove<\/strong>&#8211; an der <a href=\"https:\/\/www.urlaubcornwall.de\/blog\/lizard-halbinsel-geschichte-sehenswuerdigkeiten-und-unterkunft\/\">Westseite des Lizard<\/a> gelegen und wohl die am meisten fotografierte und gemalte Gegend Cornwalls. Der Kontrast vom wei\u00dfen Sandstrand der Bucht und dem dunklen Rot und Gr\u00fcn der Serpentinfelsen erzeugt ein atemberaubendes Bild.<\/p>\n<p><img loading=\"lazy\" class=\"aligncenter size-full wp-image-22514\" src=\"https:\/\/www.urlaubcornwall.de\/blog\/wp-content\/uploads\/2016\/01\/falmouth-urlaub.jpg\" alt=\"falmouth urlaub\" width=\"749\" height=\"353\" \/><\/p>\n<p><strong>Falmouth<\/strong>&#8211; um einen gesch\u00e4ftigen Hafen herum gelegen, ist <a href=\"https:\/\/www.urlaubcornwall.de\/blog\/falmouth-cornwall-geschichte-sehenswuerdigkeiten-und-unterkunft\/\">Falmouth<\/a> das Tor zum wundersch\u00f6nen Fluss Fal, der sich durch ein Gebiet besonderer Natursch\u00f6nheit hindurchzieht. Die Stadt ist bekannt f\u00fcr Ihre ausgepr\u00e4gte Kreativit\u00e4t. Viele Kunstgalerien stellen zeitgen\u00f6ssische Arbeiten aus und Veranstaltungs\u00f6rtlichkeiten zeigen unabh\u00e4ngige Filme und Live Bands.<\/p>\n<p><img loading=\"lazy\" class=\"aligncenter size-full wp-image-22513\" src=\"https:\/\/www.urlaubcornwall.de\/blog\/wp-content\/uploads\/2016\/01\/IMG_0338.jpg\" alt=\"Scilly Inseln Strand\" width=\"749\" height=\"350\" \/><\/p>\n<p><strong>Scilly Inseln<\/strong>&#8211; azurblaues Meer, subtropische G\u00e4rten und wei\u00dfe Sandstr\u00e4nde, lediglich 15 Minuten mit dem <a href=\"http:\/\/www.urlaubcornwall.de\/Scilly-Inseln.php\">Flugzeug von Cornwall<\/a> entfernt. Sie sind so isoliert und klein \u2013 mit einer Bev\u00f6lkerung von gerade einmal 2200 auf f\u00fcnf bewohnten Inseln \u2013 so dass das Gef\u00fchl der Zusammengeh\u00f6rigkeit sehr stark ausgepr\u00e4gt ist, und dennoch ist die Bev\u00f6lkerung sehr gastfreundlich.<\/p>\n<p><img loading=\"lazy\" class=\"aligncenter size-full wp-image-48084\" src=\"https:\/\/www.urlaubcornwall.de\/blog\/wp-content\/uploads\/2024\/03\/st-ives-mmer.jpg\" alt=\"st ives meer\" width=\"750\" height=\"486\" srcset=\"https:\/\/www.urlaubcornwall.de\/blog\/wp-content\/uploads\/2024\/03\/st-ives-mmer.jpg 750w, https:\/\/www.urlaubcornwall.de\/blog\/wp-content\/uploads\/2024\/03\/st-ives-mmer-300x194.jpg 300w\" sizes=\"(max-width: 750px) 100vw, 750px\" \/><\/p>\n<p><strong>St Ives<\/strong>&#8211; hat den Ruf eines Juwels an Cornwalls Krone, eine h\u00fcbsche Stadt am Meer, gelegen in einer atemberaubenden K\u00fcstenlandschaft \u2013 ganz gleich zu welcher Tages- oder Jahreszeit, bietet <a href=\"https:\/\/www.urlaubcornwall.de\/blog\/st-ives-geschichte-sehenswuerdigkeiten-und-unterkunft\/\">St Ives<\/a> jedem Besucher etwas Besonderes, das Sie Mal after Mal zur\u00fcckkehren l\u00e4sst.<\/p>\n<p><img loading=\"lazy\" class=\"aligncenter size-full wp-image-50757\" src=\"https:\/\/www.urlaubcornwall.de\/blog\/wp-content\/uploads\/2024\/05\/watergate_bay_new.jpg\" alt=\"watergate_bay\" width=\"750\" height=\"566\" srcset=\"https:\/\/www.urlaubcornwall.de\/blog\/wp-content\/uploads\/2024\/05\/watergate_bay_new.jpg 750w, https:\/\/www.urlaubcornwall.de\/blog\/wp-content\/uploads\/2024\/05\/watergate_bay_new-300x226.jpg 300w\" sizes=\"(max-width: 750px) 100vw, 750px\" \/><\/p>\n<p><strong>Watergate Bay<\/strong>&#8211; der Strand an der Watergate Bucht, ungef\u00e4hr 5 km von Newquay entfernt, ist eine gro\u03b2e Ausdehnung an fein goldenem Sand, der sich \u00fcber 3 km am Fu\u03b2e steiler Klippen entlangzieht. Es ist eine riesige, offene Bucht, die h\u00e4ufig Welleng\u00e4nge des Atlantiks erf\u00e4hrt und bei Familien und Surfern beliebt ist.<\/p>\n<p>Englands sch\u00f6nstes Urlaubsziel Cornwall <a href=\"http:\/\/www.urlaubcornwall.de\/\"><span style=\"text-decoration: underline;\"><strong>Ihr Traumurlaub beginnt hier!<\/strong><\/span><\/a> Urlaub &amp; Reisen: S\u00fcdengland &amp; Gro\u00dfbritannien eine perfekte Kombination.<\/p>\n","protected":false},"excerpt":{"rendered":"<p>Die sch\u00f6nsten Aussichtspunkte in Cornwall Kynance Cove&#8211; an der Westseite des Lizard gelegen und wohl die am meisten fotografierte und gemalte Gegend Cornwalls. Der Kontrast vom wei\u00dfen Sandstrand der Bucht und dem dunklen Rot und Gr\u00fcn der Serpentinfelsen erzeugt ein atemberaubendes Bild. Falmouth&#8211; um einen gesch\u00e4ftigen Hafen herum gelegen, ist Falmouth das Tor zum wundersch\u00f6nen [&hellip;]<\/p>\n","protected":false},"author":1,"featured_media":0,"parent":0,"menu_order":0,"comment_status":"closed","ping_status":"closed","template":"single-four.php","meta":[],"acf":[],"yoast_head":"<!-- This site is optimized with the Yoast SEO plugin v19.4 - https:\/\/yoast.com\/wordpress\/plugins\/seo\/ -->\n<title>5 Bilder, die Sie sich in Cornwall verlieben lassen werden! - Urlaub &amp; Reisen<\/title>\n<meta name=\"robots\" content=\"index, follow, max-snippet:-1, max-image-preview:large, max-video-preview:-1\" \/>\n<link rel=\"canonical\" href=\"https:\/\/www.urlaubcornwall.de\/blog\/5-bilder-die-sie-sich-in-cornwall-verlieben-lassen-werden\/\" \/>\n<meta property=\"og:locale\" content=\"en_US\" \/>\n<meta property=\"og:type\" content=\"article\" \/>\n<meta property=\"og:title\" content=\"5 Bilder, die Sie sich in Cornwall verlieben lassen werden! - Urlaub &amp; Reisen\" \/>\n<meta property=\"og:description\" content=\"Die sch\u00f6nsten Aussichtspunkte in Cornwall Kynance Cove&#8211; an der Westseite des Lizard gelegen und wohl die am meisten fotografierte und gemalte Gegend Cornwalls. Der Kontrast vom wei\u00dfen Sandstrand der Bucht und dem dunklen Rot und Gr\u00fcn der Serpentinfelsen erzeugt ein atemberaubendes Bild. Falmouth&#8211; um einen gesch\u00e4ftigen Hafen herum gelegen, ist Falmouth das Tor zum wundersch\u00f6nen [&hellip;]\" \/>\n<meta property=\"og:url\" content=\"https:\/\/www.urlaubcornwall.de\/blog\/5-bilder-die-sie-sich-in-cornwall-verlieben-lassen-werden\/\" \/>\n<meta property=\"og:site_name\" content=\"Urlaub &amp; Reisen\" \/>\n<meta property=\"article:modified_time\" content=\"2024-05-30T07:33:38+00:00\" \/>\n<meta property=\"og:image\" content=\"https:\/\/www.urlaubcornwall.de\/blog\/wp-content\/uploads\/2024\/03\/lizard.jpg\" \/>\n<meta name=\"twitter:card\" content=\"summary\" \/>\n<meta name=\"twitter:label1\" content=\"Est. reading time\" \/>\n\t<meta name=\"twitter:data1\" content=\"3 minutes\" \/>\n<script type=\"application\/ld+json\" class=\"yoast-schema-graph\">{\"@context\":\"https:\/\/schema.org\",\"@graph\":[{\"@type\":\"WebSite\",\"@id\":\"https:\/\/www.urlaubcornwall.de\/blog\/#website\",\"url\":\"https:\/\/www.urlaubcornwall.de\/blog\/\",\"name\":\"Urlaub &amp; Reisen\",\"description\":\"Urlaub, Reisen, Cornwall und S\u00fcdengland: eine perfekte Kombination\",\"potentialAction\":[{\"@type\":\"SearchAction\",\"target\":{\"@type\":\"EntryPoint\",\"urlTemplate\":\"https:\/\/www.urlaubcornwall.de\/blog\/?s={search_term_string}\"},\"query-input\":\"required name=search_term_string\"}],\"inLanguage\":\"en-US\"},{\"@type\":\"WebPage\",\"@id\":\"https:\/\/www.urlaubcornwall.de\/blog\/5-bilder-die-sie-sich-in-cornwall-verlieben-lassen-werden\/\",\"url\":\"https:\/\/www.urlaubcornwall.de\/blog\/5-bilder-die-sie-sich-in-cornwall-verlieben-lassen-werden\/\",\"name\":\"5 Bilder, die Sie sich in Cornwall verlieben lassen werden! - Urlaub &amp; Reisen\",\"isPartOf\":{\"@id\":\"https:\/\/www.urlaubcornwall.de\/blog\/#website\"},\"datePublished\":\"2016-01-05T12:44:47+00:00\",\"dateModified\":\"2024-05-30T07:33:38+00:00\",\"breadcrumb\":{\"@id\":\"https:\/\/www.urlaubcornwall.de\/blog\/5-bilder-die-sie-sich-in-cornwall-verlieben-lassen-werden\/#breadcrumb\"},\"inLanguage\":\"en-US\",\"potentialAction\":[{\"@type\":\"ReadAction\",\"target\":[\"https:\/\/www.urlaubcornwall.de\/blog\/5-bilder-die-sie-sich-in-cornwall-verlieben-lassen-werden\/\"]}]},{\"@type\":\"BreadcrumbList\",\"@id\":\"https:\/\/www.urlaubcornwall.de\/blog\/5-bilder-die-sie-sich-in-cornwall-verlieben-lassen-werden\/#breadcrumb\",\"itemListElement\":[{\"@type\":\"ListItem\",\"position\":1,\"name\":\"Home\",\"item\":\"https:\/\/www.urlaubcornwall.de\/blog\/\"},{\"@type\":\"ListItem\",\"position\":2,\"name\":\"5 Bilder, die Sie sich in Cornwall verlieben lassen werden!\"}]}]}<\/script>\n<!-- \/ Yoast SEO plugin. -->","yoast_head_json":{"title":"5 Bilder, die Sie sich in Cornwall verlieben lassen werden! - Urlaub &amp; Reisen","robots":{"index":"index","follow":"follow","max-snippet":"max-snippet:-1","max-image-preview":"max-image-preview:large","max-video-preview":"max-video-preview:-1"},"canonical":"https:\/\/www.urlaubcornwall.de\/blog\/5-bilder-die-sie-sich-in-cornwall-verlieben-lassen-werden\/","og_locale":"en_US","og_type":"article","og_title":"5 Bilder, die Sie sich in Cornwall verlieben lassen werden! - Urlaub &amp; Reisen","og_description":"Die sch\u00f6nsten Aussichtspunkte in Cornwall Kynance Cove&#8211; an der Westseite des Lizard gelegen und wohl die am meisten fotografierte und gemalte Gegend Cornwalls. Der Kontrast vom wei\u00dfen Sandstrand der Bucht und dem dunklen Rot und Gr\u00fcn der Serpentinfelsen erzeugt ein atemberaubendes Bild. Falmouth&#8211; um einen gesch\u00e4ftigen Hafen herum gelegen, ist Falmouth das Tor zum wundersch\u00f6nen [&hellip;]","og_url":"https:\/\/www.urlaubcornwall.de\/blog\/5-bilder-die-sie-sich-in-cornwall-verlieben-lassen-werden\/","og_site_name":"Urlaub &amp; Reisen","article_modified_time":"2024-05-30T07:33:38+00:00","og_image":[{"url":"https:\/\/www.urlaubcornwall.de\/blog\/wp-content\/uploads\/2024\/03\/lizard.jpg"}],"twitter_card":"summary","twitter_misc":{"Est. reading time":"3 minutes"},"schema":{"@context":"https:\/\/schema.org","@graph":[{"@type":"WebSite","@id":"https:\/\/www.urlaubcornwall.de\/blog\/#website","url":"https:\/\/www.urlaubcornwall.de\/blog\/","name":"Urlaub &amp; Reisen","description":"Urlaub, Reisen, Cornwall und S\u00fcdengland: eine perfekte Kombination","potentialAction":[{"@type":"SearchAction","target":{"@type":"EntryPoint","urlTemplate":"https:\/\/www.urlaubcornwall.de\/blog\/?s={search_term_string}"},"query-input":"required name=search_term_string"}],"inLanguage":"en-US"},{"@type":"WebPage","@id":"https:\/\/www.urlaubcornwall.de\/blog\/5-bilder-die-sie-sich-in-cornwall-verlieben-lassen-werden\/","url":"https:\/\/www.urlaubcornwall.de\/blog\/5-bilder-die-sie-sich-in-cornwall-verlieben-lassen-werden\/","name":"5 Bilder, die Sie sich in Cornwall verlieben lassen werden! - Urlaub &amp; Reisen","isPartOf":{"@id":"https:\/\/www.urlaubcornwall.de\/blog\/#website"},"datePublished":"2016-01-05T12:44:47+00:00","dateModified":"2024-05-30T07:33:38+00:00","breadcrumb":{"@id":"https:\/\/www.urlaubcornwall.de\/blog\/5-bilder-die-sie-sich-in-cornwall-verlieben-lassen-werden\/#breadcrumb"},"inLanguage":"en-US","potentialAction":[{"@type":"ReadAction","target":["https:\/\/www.urlaubcornwall.de\/blog\/5-bilder-die-sie-sich-in-cornwall-verlieben-lassen-werden\/"]}]},{"@type":"BreadcrumbList","@id":"https:\/\/www.urlaubcornwall.de\/blog\/5-bilder-die-sie-sich-in-cornwall-verlieben-lassen-werden\/#breadcrumb","itemListElement":[{"@type":"ListItem","position":1,"name":"Home","item":"https:\/\/www.urlaubcornwall.de\/blog\/"},{"@type":"ListItem","position":2,"name":"5 Bilder, die Sie sich in Cornwall verlieben lassen werden!"}]}]}},"_links":{"self":[{"href":"https:\/\/www.urlaubcornwall.de\/blog\/wp-json\/wp\/v2\/pages\/22512"}],"collection":[{"href":"https:\/\/www.urlaubcornwall.de\/blog\/wp-json\/wp\/v2\/pages"}],"about":[{"href":"https:\/\/www.urlaubcornwall.de\/blog\/wp-json\/wp\/v2\/types\/page"}],"author":[{"embeddable":true,"href":"https:\/\/www.urlaubcornwall.de\/blog\/wp-json\/wp\/v2\/users\/1"}],"replies":[{"embeddable":true,"href":"https:\/\/www.urlaubcornwall.de\/blog\/wp-json\/wp\/v2\/comments?post=22512"}],"version-history":[{"count":17,"href":"https:\/\/www.urlaubcornwall.de\/blog\/wp-json\/wp\/v2\/pages\/22512\/revisions"}],"predecessor-version":[{"id":50759,"href":"https:\/\/www.urlaubcornwall.de\/blog\/wp-json\/wp\/v2\/pages\/22512\/revisions\/50759"}],"wp:attachment":[{"href":"https:\/\/www.urlaubcornwall.de\/blog\/wp-json\/wp\/v2\/media?parent=22512"}],"curies":[{"name":"wp","href":"https:\/\/api.w.org\/{rel}","templated":true}]}}