{"id":22403,"date":"2015-12-30T15:22:52","date_gmt":"2015-12-30T15:22:52","guid":{"rendered":"https:\/\/www.urlaubcornwall.de\/blog\/?page_id=22403"},"modified":"2025-10-20T11:06:34","modified_gmt":"2025-10-20T11:06:34","slug":"rundreise-suedengland-mit-auto-geniesserreise-suedengland-10-tage","status":"publish","type":"page","link":"https:\/\/www.urlaubcornwall.de\/blog\/rundreise-suedengland-mit-auto-geniesserreise-suedengland-10-tage\/","title":{"rendered":"Rundreise S\u00fcdengland mit Auto : &#8220;Genie\u00dferreise S\u00fcdengland&#8221; &#8211; 10 Tage"},"content":{"rendered":"<p><a href=\"https:\/\/www.urlaubcornwall.de\/blog\/wp-content\/uploads\/2015\/11\/newquay.jpg\"><img loading=\"lazy\" class=\"aligncenter size-full wp-image-21801\" src=\"https:\/\/www.urlaubcornwall.de\/blog\/wp-content\/uploads\/2015\/11\/newquay.jpg\" alt=\"cornwall rundreise auto\" width=\"748\" height=\"391\"\/><\/a><\/p>\n<h2>Highlights: Bath, Bristol, Newquay, Lands End, Dartmoor Nationalpark<\/h2>\n<p>W\u00e4hrend dieser S\u00fcdengland Rundreise Auto &#8220;Genie\u00dferreise S\u00fcdengland&#8221; haben Sie ausreichend Zeit um wundersch\u00f6n angelegte G\u00e4rten, traumhafte Str\u00e4nde, malerische D\u00f6rfer, wundersame Steinkreise und die beeindruckenden St\u00e4dte S\u00fcdenglands zu erkunden.<\/p>\n<p>10 Tage \/ 9 N\u00e4chte | T\u00e4glich m\u00f6glich | ab\/bis Bristol<\/p>\n<p><strong>Folgende Unterkunftskategorien stehen zur Verf\u00fcgung:<\/strong><br \/>\n<strong>Bronze<\/strong> = Bed &amp; Breakfast Unterk\u00fcnfte und Inns (mit eigenem Bad)<br \/>\n<strong>Silber<\/strong> = Mittelklassehotels<\/p>\n<p style=\"text-align: center;\"><a class=\"tidycta\" href=\"http:\/\/www.urlaubcornwall.de\/anfrage.php?tourcode=ENGSELBST-5\">Anfrage \/ Buchung<\/a><\/p>\n<p><strong>Tourbeschreibung<\/strong><\/p>\n<p><strong>1. Tag: Anreise nach Bath\/Bristol <\/strong><\/p>\n<p>Anreise nach Bristol in Eigenregie. Nachdem Sie am Flughafen angekommen sind, nehmen Sie den Mietwagen entgegen und fahren zu Ihrer ersten Unterkunft. Wenn es die Zeit erlaubt, k\u00f6nnen Sie sich die Universit\u00e4tsstadt Bristol ein wenig ansehen. Besonders lohnend ist der Besuch des ersten Kreuzfahrtschiffes, die SS Great Britain, aus dem Jahre 1843. 2 \u00dcbernachtungen im Raum Bath\/Bristol<\/p>\n<p><img loading=\"lazy\" class=\"aligncenter size-full wp-image-21115\" src=\"https:\/\/www.urlaubcornwall.de\/blog\/wp-content\/uploads\/2015\/10\/Bath.jpg\" alt=\"Bath rundreise auto\" width=\"748\" height=\"294\"\/><\/p>\n<p><strong>2. Tag:<\/strong> Bath\/Bristol<br \/>\nHeute verbringen Sie den Tag mit der Erkundung von Bath. Bath gilt eine der sch\u00f6nsten St\u00e4dte Englands und wurde von der UNESCO in die Liste des Weltkulturerbes aufgenommen. Die R\u00f6mischen B\u00e4der und Royal Crecent sollten Sie unbedingt besichtigen. Alleine die elegante georgianische Architektur l\u00e4dt zum Schlendern und Verweilen ein. Falls Sie an diesem Tag einen Ausflug bevorzugen, so bietet sich Stonehenge oder die Cotswolds Region an. \u00dcbernachtung wie am Vortag.<\/p>\n<p><strong>3. Tag:<\/strong> Bath\/Bristol \u2013 Barnstaple\/Bideford\/Exmoor (ca. 180\u2013200 km)<\/p>\n<p>Nach dem Fr\u00fchst\u00fcck fahren Sie am Bristol Channel und der Westk\u00fcste entlang bis in den Exmoor Nationalpark. Diese ca. 700 m\u00b2 gro\u00dfe Heide- und Waldlandschaft l\u00e4dt f\u00f6rmlich zu einer Wanderung ein. Im Zentrum des Parks liegt der Weiler Exmoor, von wo aus verschiedene Wanderwege zur Auswahl stehen. Alternativ k\u00f6nnten Sie aber auch am dramatischen K\u00fcstenwanderweg entlang der schroffen Klippen laufen und die Seeluft genie\u00dfen. \u00dcbernachtung im Raum Barnstaple\/Bideford\/Exmoor<\/p>\n<p><strong>4. Tag:<\/strong> Barnstaple\/Bideford\/Exmoor \u2013 Newquay (ca. 120 km)<\/p>\n<p>Weiter geht Ihre Fahrt im Rahmen der Autoreise England weiter in Richtung S\u00fcden. Auf Ihrem Weg liegt das St\u00e4dtchen Bude mit zwei wundersch\u00f6nen Sandstr\u00e4nden, welche zu einer kurzen Pause einladen. Auch Tintagel liegt auf dem Weg. Hier wurde angeblich K\u00f6nig Artus im Tintagel Castle geboren. Der Rest dieser Burganlage, welche auf einem Felsvorsprung hoch \u00fcber dem Meer thront, ist sehr sehenswert. Weiter geht die Fahrt bis nach Newquay, wo Sie \u00fcbernachten werden. \u00dcbernachtung im Raum Newquay\/Padstow<\/p>\n<p><img loading=\"lazy\" class=\"aligncenter size-full wp-image-47905\" src=\"https:\/\/www.urlaubcornwall.de\/blog\/wp-content\/uploads\/2024\/03\/towan-strand-newquay-rotated.jpg\" alt=\"towan strand newquay\" width=\"750\" height=\"562\" srcset=\"https:\/\/www.urlaubcornwall.de\/blog\/wp-content\/uploads\/2024\/03\/towan-strand-newquay-rotated.jpg 750w, https:\/\/www.urlaubcornwall.de\/blog\/wp-content\/uploads\/2024\/03\/towan-strand-newquay-300x225.jpg 300w\" sizes=\"(max-width: 750px) 100vw, 750px\" \/><\/p>\n<p><strong>5.\/6.\/7.\/8. Tag:<\/strong> Newquay \u2013 s\u00fcdliches Cornwall (ca. 55 km)<\/p>\n<p>Starten Sie den heutigen Tag mit einer relativ kurzen Fahrt nach Cornwall. Ihnen stehen vier Tage zur freien Verf\u00fcgung um Cornwall zu entdecken. Dieser Fleck Erde ist Hauptattraktion und Kulisse zugleich. In dieser Region Englands finden Sie neben atemberaubenden Klippen und sch\u00f6nen Sandstr\u00e4nden auch imposante <a href=\"https:\/\/www.urlaubcornwall.de\/gartenreise.php\">Gartenanlagen<\/a>, <a href=\"https:\/\/www.urlaubcornwall.de\/blog\/fuenf-der-besten-unsere-beliebtesten-haefen-in-cornwall\/\">romantische Fischerd\u00f6rfer<\/a>, gr\u00fcne H\u00fcgellandschaften, historische Bauten und die englische Gastfreundschaft. Verpassen d\u00fcrfen Sie auf keinem Fall das Minack Theatre. Dieses einzigartige Freilufttheater wurde in die Felsen der K\u00fcste s\u00fcdlich von Land`s End gehauen, nahe dem Ort <a href=\"https:\/\/www.urlaubcornwall.de\/ferienhaeuser-fewos\/porthcurno.html\">Porthcurno<\/a>. Auch die Erkundung der <a href=\"https:\/\/www.urlaubcornwall.de\/blog\/lizard-halbinsel-geschichte-sehenswuerdigkeiten-und-unterkunft\/\">Lizard Peninsula<\/a> bietet sich an. Die Halbinsel ist der s\u00fcdlichste Punkt der britischen Inseln und ein Naturschutzgebiet. Sechshundert Arten von Wildblumen soll es hier geben. Lizard ist voller Kontraste, von den sanften gr\u00fcnen Landschaften bis zu den dramatischen Klippen an der S\u00fcdspitze, Lizard Point, von wo sich ein herrlicher K\u00fcstenrundblick bietet. Falls Sie etwas ganz besonderes erleben m\u00f6chten, empfehlen wir einen Ausflug zu den <a href=\"https:\/\/www.urlaubcornwall.de\/Scilly-Inseln.php\">Scilly Inseln<\/a>. 4 \u00dcbernachtungen im Raum Penzance\/St. Ives\/Falmouth\/Helston.<\/p>\n<p><img loading=\"lazy\" class=\"aligncenter size-full wp-image-21802\" src=\"https:\/\/www.urlaubcornwall.de\/blog\/wp-content\/uploads\/2015\/11\/hotel-St-Ives.jpg\" alt=\"rundreise sudengland auto St Ives\" width=\"748\" height=\"377\"\/><\/p>\n<p><strong>9. Tag:<\/strong> Cornwall \u2013 Exeter\/Torquay (ca. 140 km)<\/p>\n<p>Nach dem Fr\u00fchst\u00fcck geht die <a href=\"https:\/\/www.urlaubcornwall.de\/rundreisen\/cornwall-suedengland.php\">S\u00fcdengland Rundreise im Auto<\/a> zun\u00e4chst \u00fcber das Fischerdorf Polperro, durch das viele vertr\u00e4umte Gassen, Treppen und verschachtelte Wege f\u00fchren, bis in die <a href=\"https:\/\/www.urlaubcornwall.de\/blog\/urlaub-dartmoor-unterkunft-sehenswuerdigkeiten-und-geschichte\/\">Dartmoor Nationalpark<\/a> Region. In diesem Nationalpark befinden sich unz\u00e4hlige pr\u00e4historische Zeugnisse, wie Steinkreise oder Menhire. Nutzen Sie diesen Tag um den Nationalpark zu erkunden. \u00dcbernachtung im Raum Exeter\/Torquay<\/p>\n<p><strong>10. Tag:<\/strong> Exeter\/Torquay \u2013 Bristol (160 km)<\/p>\n<p>\u00dcber die M5 k\u00f6nnen Sie relativ schnell Bristol erreichen, wo Sie am Flughafen Ihren Mietwagen abgeben. R\u00fcckflug in Eigenregie und Ende der S\u00fcdengland Rundreise Auto.<\/p>\n<p><strong>Folgende Unterkunftskategorien stehen zur Verf\u00fcgung:<\/strong><\/p>\n<p>Bronze = Bed &#038; Breakfast Unterk\u00fcnfte und Inns (mit eigenem Bad)<\/p>\n<p>Silber = Mittelklassehotels<\/p>\n<p><strong>Eingeschlossene Leistungen:<\/strong><\/p>\n<p>9 \u00dcbernachtungen in der gew\u00fcnschten Kategorie (Bronze oder Silber)<\/p>\n<p>T\u00e4gliches Fr\u00fchst\u00fcck<\/p>\n<p>1 Reisef\u00fchrer \u00fcber S\u00fcdengland<\/p>\n<p><strong>Nicht eingeschlossene Leistungen:<\/strong><\/p>\n<p>Fl\u00fcge nach Bristol und zur\u00fcck (bieten wir Ihnen gerne passend dazu an)<\/p>\n<p>Leihauto (ebenfalls \u00fcber uns zubuchbar)<\/p>\n<p>Sonstige Ausgaben, wie z.B. Eintrittsgelder, Tankkosten o.\u00e4.<\/p>\n<p><strong>Eingeschlossene Leistungen<\/strong><\/p>\n<p>9 \u00dcbernachtungen in der gew\u00fcnschten Kategorie (Bronze oder Silber)<\/p>\n<p>T\u00e4gliches Fr\u00fchst\u00fcck<\/p>\n<p>1 Reisef\u00fchrer \u00fcber S\u00fcdengland<\/p>\n<p>Nicht eingeschlossene Leistungen:<\/p>\n<p>Fl\u00fcge nach Bristol und zur\u00fcck (bieten wir Ihnen gerne passend dazu an)<\/p>\n<p>Leihauto (ebenfalls \u00fcber uns zubuchbar)<\/p>\n<p>Sonstige Ausgaben, wie z.B. Eintrittsgelder, Tankkosten o.\u00e4.<\/p>\n<p><strong>Preise 2026 <\/strong><\/p>\n<p>Bronze \u20ac 1.105,- pro Person im Doppelzimmer | \u20ac 1.405,- pro Person im Einzelzimmer (soweit verf\u00fcgbar)<\/p>\n<p>Silber: Preise saisonabh\u00e4nig ab \u20ac 899,- pro Person im Doppelzimmer | ab \u20ac 1.385,- pro Person im Einzelzimmer<\/p>\n<p>Mehrbettzimmer auf Anfrage!<\/p>\n<p style=\"text-align: center;\"><a class=\"tidycta\" href=\"http:\/\/www.urlaubcornwall.de\/anfrage.php?tourcode=ENGSELBST-5\">Anfrage \/ Buchung<\/a><\/p>\n<p style=\"text-align: center;\">Unsere Websitedetails zeigen lediglich eine kleine Auswahl dessen, was wir anbieten k\u00f6nnen. Wir stellen Ihnen gerne ein <a href=\"http:\/\/www.urlaubcornwall.de\/anfrage.php\"><span style=\"text-decoration: underline;\">unverbindliches Angebot<\/span><\/a> mit allen Fl\u00fcgen und Transfers f\u00fcr Ihre Grossbritannien Reise zusammen.<\/p>\n<p style=\"text-align: center;\">UrlaubCornwall haben Touren im Angebot f\u00fcr Individualreisende. Hier finden Sie unsere Auswahl an fantastischen <span style=\"text-decoration: underline;\"><a href=\"https:\/\/www.urlaubcornwall.de\/blog\/rundreise-durch-cornwall-and-suedenengland-2013\/\">Rundreisen und Touren in S\u00fcdengland<\/a><\/span><strong><\/strong><strong>.<\/strong><\/p>\n","protected":false},"excerpt":{"rendered":"<p>Highlights: Bath, Bristol, Newquay, Lands End, Dartmoor Nationalpark W\u00e4hrend dieser S\u00fcdengland Rundreise Auto &#8220;Genie\u00dferreise S\u00fcdengland&#8221; haben Sie ausreichend Zeit um wundersch\u00f6n angelegte G\u00e4rten, traumhafte Str\u00e4nde, malerische D\u00f6rfer, wundersame Steinkreise und die beeindruckenden St\u00e4dte S\u00fcdenglands zu erkunden. 10 Tage \/ 9 N\u00e4chte | T\u00e4glich m\u00f6glich | ab\/bis Bristol Folgende Unterkunftskategorien stehen zur Verf\u00fcgung: Bronze = Bed [&hellip;]<\/p>\n","protected":false},"author":1,"featured_media":0,"parent":0,"menu_order":0,"comment_status":"closed","ping_status":"closed","template":"single-four.php","meta":[],"acf":[],"yoast_head":"<!-- This site is optimized with the Yoast SEO plugin v19.4 - https:\/\/yoast.com\/wordpress\/plugins\/seo\/ -->\n<title>Rundreise S\u00fcdengland mit Auto : &quot;Genie\u00dferreise S\u00fcdengland&quot; - 10 Tage - Urlaub &amp; Reisen<\/title>\n<meta name=\"robots\" content=\"index, follow, max-snippet:-1, max-image-preview:large, max-video-preview:-1\" \/>\n<link rel=\"canonical\" href=\"https:\/\/www.urlaubcornwall.de\/blog\/rundreise-suedengland-mit-auto-geniesserreise-suedengland-10-tage\/\" \/>\n<meta property=\"og:locale\" content=\"en_US\" \/>\n<meta property=\"og:type\" content=\"article\" \/>\n<meta property=\"og:title\" content=\"Rundreise S\u00fcdengland mit Auto : &quot;Genie\u00dferreise S\u00fcdengland&quot; - 10 Tage - Urlaub &amp; Reisen\" \/>\n<meta property=\"og:description\" content=\"Highlights: Bath, Bristol, Newquay, Lands End, Dartmoor Nationalpark W\u00e4hrend dieser S\u00fcdengland Rundreise Auto &#8220;Genie\u00dferreise S\u00fcdengland&#8221; haben Sie ausreichend Zeit um wundersch\u00f6n angelegte G\u00e4rten, traumhafte Str\u00e4nde, malerische D\u00f6rfer, wundersame Steinkreise und die beeindruckenden St\u00e4dte S\u00fcdenglands zu erkunden. 10 Tage \/ 9 N\u00e4chte | T\u00e4glich m\u00f6glich | ab\/bis Bristol Folgende Unterkunftskategorien stehen zur Verf\u00fcgung: Bronze = Bed [&hellip;]\" \/>\n<meta property=\"og:url\" content=\"https:\/\/www.urlaubcornwall.de\/blog\/rundreise-suedengland-mit-auto-geniesserreise-suedengland-10-tage\/\" \/>\n<meta property=\"og:site_name\" content=\"Urlaub &amp; Reisen\" \/>\n<meta property=\"article:modified_time\" content=\"2025-10-20T11:06:34+00:00\" \/>\n<meta property=\"og:image\" content=\"https:\/\/www.urlaubcornwall.de\/blog\/wp-content\/uploads\/2015\/11\/newquay.jpg\" \/>\n<meta name=\"twitter:card\" content=\"summary\" \/>\n<meta name=\"twitter:label1\" content=\"Est. reading time\" \/>\n\t<meta name=\"twitter:data1\" content=\"5 minutes\" \/>\n<script type=\"application\/ld+json\" class=\"yoast-schema-graph\">{\"@context\":\"https:\/\/schema.org\",\"@graph\":[{\"@type\":\"WebSite\",\"@id\":\"https:\/\/www.urlaubcornwall.de\/blog\/#website\",\"url\":\"https:\/\/www.urlaubcornwall.de\/blog\/\",\"name\":\"Urlaub &amp; Reisen\",\"description\":\"Urlaub, Reisen, Cornwall und S\u00fcdengland: eine perfekte Kombination\",\"potentialAction\":[{\"@type\":\"SearchAction\",\"target\":{\"@type\":\"EntryPoint\",\"urlTemplate\":\"https:\/\/www.urlaubcornwall.de\/blog\/?s={search_term_string}\"},\"query-input\":\"required name=search_term_string\"}],\"inLanguage\":\"en-US\"},{\"@type\":\"WebPage\",\"@id\":\"https:\/\/www.urlaubcornwall.de\/blog\/rundreise-suedengland-mit-auto-geniesserreise-suedengland-10-tage\/\",\"url\":\"https:\/\/www.urlaubcornwall.de\/blog\/rundreise-suedengland-mit-auto-geniesserreise-suedengland-10-tage\/\",\"name\":\"Rundreise S\u00fcdengland mit Auto : \\\"Genie\u00dferreise S\u00fcdengland\\\" - 10 Tage - Urlaub &amp; Reisen\",\"isPartOf\":{\"@id\":\"https:\/\/www.urlaubcornwall.de\/blog\/#website\"},\"datePublished\":\"2015-12-30T15:22:52+00:00\",\"dateModified\":\"2025-10-20T11:06:34+00:00\",\"breadcrumb\":{\"@id\":\"https:\/\/www.urlaubcornwall.de\/blog\/rundreise-suedengland-mit-auto-geniesserreise-suedengland-10-tage\/#breadcrumb\"},\"inLanguage\":\"en-US\",\"potentialAction\":[{\"@type\":\"ReadAction\",\"target\":[\"https:\/\/www.urlaubcornwall.de\/blog\/rundreise-suedengland-mit-auto-geniesserreise-suedengland-10-tage\/\"]}]},{\"@type\":\"BreadcrumbList\",\"@id\":\"https:\/\/www.urlaubcornwall.de\/blog\/rundreise-suedengland-mit-auto-geniesserreise-suedengland-10-tage\/#breadcrumb\",\"itemListElement\":[{\"@type\":\"ListItem\",\"position\":1,\"name\":\"Home\",\"item\":\"https:\/\/www.urlaubcornwall.de\/blog\/\"},{\"@type\":\"ListItem\",\"position\":2,\"name\":\"Rundreise S\u00fcdengland mit Auto : &#8220;Genie\u00dferreise S\u00fcdengland&#8221; &#8211; 10 Tage\"}]}]}<\/script>\n<!-- \/ Yoast SEO plugin. -->","yoast_head_json":{"title":"Rundreise S\u00fcdengland mit Auto : \"Genie\u00dferreise S\u00fcdengland\" - 10 Tage - Urlaub &amp; Reisen","robots":{"index":"index","follow":"follow","max-snippet":"max-snippet:-1","max-image-preview":"max-image-preview:large","max-video-preview":"max-video-preview:-1"},"canonical":"https:\/\/www.urlaubcornwall.de\/blog\/rundreise-suedengland-mit-auto-geniesserreise-suedengland-10-tage\/","og_locale":"en_US","og_type":"article","og_title":"Rundreise S\u00fcdengland mit Auto : \"Genie\u00dferreise S\u00fcdengland\" - 10 Tage - Urlaub &amp; Reisen","og_description":"Highlights: Bath, Bristol, Newquay, Lands End, Dartmoor Nationalpark W\u00e4hrend dieser S\u00fcdengland Rundreise Auto &#8220;Genie\u00dferreise S\u00fcdengland&#8221; haben Sie ausreichend Zeit um wundersch\u00f6n angelegte G\u00e4rten, traumhafte Str\u00e4nde, malerische D\u00f6rfer, wundersame Steinkreise und die beeindruckenden St\u00e4dte S\u00fcdenglands zu erkunden. 10 Tage \/ 9 N\u00e4chte | T\u00e4glich m\u00f6glich | ab\/bis Bristol Folgende Unterkunftskategorien stehen zur Verf\u00fcgung: Bronze = Bed [&hellip;]","og_url":"https:\/\/www.urlaubcornwall.de\/blog\/rundreise-suedengland-mit-auto-geniesserreise-suedengland-10-tage\/","og_site_name":"Urlaub &amp; Reisen","article_modified_time":"2025-10-20T11:06:34+00:00","og_image":[{"url":"https:\/\/www.urlaubcornwall.de\/blog\/wp-content\/uploads\/2015\/11\/newquay.jpg"}],"twitter_card":"summary","twitter_misc":{"Est. reading time":"5 minutes"},"schema":{"@context":"https:\/\/schema.org","@graph":[{"@type":"WebSite","@id":"https:\/\/www.urlaubcornwall.de\/blog\/#website","url":"https:\/\/www.urlaubcornwall.de\/blog\/","name":"Urlaub &amp; Reisen","description":"Urlaub, Reisen, Cornwall und S\u00fcdengland: eine perfekte Kombination","potentialAction":[{"@type":"SearchAction","target":{"@type":"EntryPoint","urlTemplate":"https:\/\/www.urlaubcornwall.de\/blog\/?s={search_term_string}"},"query-input":"required name=search_term_string"}],"inLanguage":"en-US"},{"@type":"WebPage","@id":"https:\/\/www.urlaubcornwall.de\/blog\/rundreise-suedengland-mit-auto-geniesserreise-suedengland-10-tage\/","url":"https:\/\/www.urlaubcornwall.de\/blog\/rundreise-suedengland-mit-auto-geniesserreise-suedengland-10-tage\/","name":"Rundreise S\u00fcdengland mit Auto : \"Genie\u00dferreise S\u00fcdengland\" - 10 Tage - Urlaub &amp; Reisen","isPartOf":{"@id":"https:\/\/www.urlaubcornwall.de\/blog\/#website"},"datePublished":"2015-12-30T15:22:52+00:00","dateModified":"2025-10-20T11:06:34+00:00","breadcrumb":{"@id":"https:\/\/www.urlaubcornwall.de\/blog\/rundreise-suedengland-mit-auto-geniesserreise-suedengland-10-tage\/#breadcrumb"},"inLanguage":"en-US","potentialAction":[{"@type":"ReadAction","target":["https:\/\/www.urlaubcornwall.de\/blog\/rundreise-suedengland-mit-auto-geniesserreise-suedengland-10-tage\/"]}]},{"@type":"BreadcrumbList","@id":"https:\/\/www.urlaubcornwall.de\/blog\/rundreise-suedengland-mit-auto-geniesserreise-suedengland-10-tage\/#breadcrumb","itemListElement":[{"@type":"ListItem","position":1,"name":"Home","item":"https:\/\/www.urlaubcornwall.de\/blog\/"},{"@type":"ListItem","position":2,"name":"Rundreise S\u00fcdengland mit Auto : &#8220;Genie\u00dferreise S\u00fcdengland&#8221; &#8211; 10 Tage"}]}]}},"_links":{"self":[{"href":"https:\/\/www.urlaubcornwall.de\/blog\/wp-json\/wp\/v2\/pages\/22403"}],"collection":[{"href":"https:\/\/www.urlaubcornwall.de\/blog\/wp-json\/wp\/v2\/pages"}],"about":[{"href":"https:\/\/www.urlaubcornwall.de\/blog\/wp-json\/wp\/v2\/types\/page"}],"author":[{"embeddable":true,"href":"https:\/\/www.urlaubcornwall.de\/blog\/wp-json\/wp\/v2\/users\/1"}],"replies":[{"embeddable":true,"href":"https:\/\/www.urlaubcornwall.de\/blog\/wp-json\/wp\/v2\/comments?post=22403"}],"version-history":[{"count":34,"href":"https:\/\/www.urlaubcornwall.de\/blog\/wp-json\/wp\/v2\/pages\/22403\/revisions"}],"predecessor-version":[{"id":51897,"href":"https:\/\/www.urlaubcornwall.de\/blog\/wp-json\/wp\/v2\/pages\/22403\/revisions\/51897"}],"wp:attachment":[{"href":"https:\/\/www.urlaubcornwall.de\/blog\/wp-json\/wp\/v2\/media?parent=22403"}],"curies":[{"name":"wp","href":"https:\/\/api.w.org\/{rel}","templated":true}]}}