{"id":22376,"date":"2015-12-30T12:49:46","date_gmt":"2015-12-30T12:49:46","guid":{"rendered":"https:\/\/www.urlaubcornwall.de\/blog\/?page_id=22376"},"modified":"2024-05-29T11:20:53","modified_gmt":"2024-05-29T11:20:53","slug":"geniessen-sie-traumhotels-luxureise-cornwall-8-tage","status":"publish","type":"page","link":"https:\/\/www.urlaubcornwall.de\/blog\/geniessen-sie-traumhotels-luxureise-cornwall-8-tage\/","title":{"rendered":"Genie\u00dfen Sie Traumhotels 4 Sterne- Luxusreise Cornwall &#038; S\u00fcdengland- 8 Tage"},"content":{"rendered":"<p><img loading=\"lazy\" class=\"aligncenter size-full wp-image-22392\" src=\"https:\/\/www.urlaubcornwall.de\/blog\/wp-content\/uploads\/2015\/12\/luxus-reise-traumhotel-cornwall.jpg\" alt=\"luxus reise traumhotel cornwall\" width=\"748\" height=\"355\"\/><\/p>\n<h2 style=\"text-align: left;\"><strong>Highlights: Newquay, Carbis Bay, St Ives, Halbinsel-Lizard, Falmouth<\/strong><\/h2>\n<p style=\"text-align: left;\"><strong>Tourbeschreibung: Luxusreise Cornwall &#8211; <\/strong>8 Tage \/ 7 N\u00e4chte | T\u00e4glich m\u00f6glich | ab\/bis Newquay (oder Bristol)<strong><br \/>\n<\/strong><\/p>\n<p style=\"text-align: left;\">Malerische K\u00fcsten und ausgesuchte Unterk\u00fcnfte machen diese Luxusreise Cornwall zu einem unvergesslichen Erlebnis. Genie\u00dfen Sie Traumhotels und starten Sie zu Ausfl\u00fcgen in die Naturg\u00e4rten Cornwalls, den kleinen Fischerd\u00f6rfern und den den vertr\u00e4umten Buchten S\u00fcdenglands.<\/p>\n<p style=\"text-align: center;\"><a class=\"tidycta\" href=\"http:\/\/www.urlaubcornwall.de\/anfrage.php?tourcode=ENGSELBST-LUX1\">Anfrage \/ Buchung<\/a><\/p>\n<p><strong>Tourbeschreibung<\/strong><\/p>\n<p><img loading=\"lazy\" class=\"aligncenter size-full wp-image-22393\" src=\"https:\/\/www.urlaubcornwall.de\/blog\/wp-content\/uploads\/2015\/12\/traumhotel-cornwall-am-meer_luxus-hotel.jpg\" alt=\"traumhotel cornwall am meer_luxus hotel\" width=\"748\" height=\"365\"\/><\/p>\n<p><strong>1.\/2. Tag: Newquay\/Carbis Bay\/St Ives<\/strong><\/p>\n<p>Anreise nach Newquay (empfohlen, bieten wir gerne an). Am Flughafen \u00fcbernehmen Sie Ihr Leihauto und starten Ihre Luxusreise Cornwall. Sie bleiben an der Ostk\u00fcste Cornwall und fahren heute bis nach Carbis Bay, ganz in der N\u00e4he von St Ives gelegen. Ihr ausgesuchtes Hotel mit Meerblick wird Sie begeistern. Luxus pur mit Blick auf eine malerische Bucht erwartet Sie. 2 \u00dcbernachtungen im Carbis Bay Hotel****<\/p>\n<p><img loading=\"lazy\" class=\"aligncenter size-full wp-image-22394\" src=\"https:\/\/www.urlaubcornwall.de\/blog\/wp-content\/uploads\/2015\/12\/luxus-hotel-cornwall-kueste.jpg\" alt=\"luxus hotel cornwall kueste\" width=\"748\" height=\"363\"\/><\/p>\n<p><strong>3.\/4. Tag: Polurrian Bay<\/strong><\/p>\n<p>Sie verlassen Carbis Bay und St Ives und fahren an die andere K\u00fcstenseite heute bis nach Pollurian Bay, ganz am s\u00fcd\u00f6stlichen Zipfel Cornwalls Richtung Lizard. Auch hier sind Sie wieder in einem Traumhotel untergebracht. Der herrliche Meerblick und die relaxte Atmosph\u00e4re wird Ihnen gefallen. Auch von hier aus k\u00f6nnen Sie Ausfl\u00fcge starten, wandern oder sich einfach nur erholen. 2 \u00dcbernachtungen im Polurrian Bay Hotel****<\/p>\n<p><strong>5.\/6.\/7. Tag: Falmouth<\/strong><\/p>\n<p>Die letzte Station Ihrer Luxureise Cornwall f\u00fchrt Sie nach Falmouth. Falmouth ist ein bekannter Ort in Cornwall mit reichlich Tradition und sch\u00f6nen K\u00fcsten. Gleichfalls sind wieder in einer gehobenen Unterkunft untergebracht. Trelissick Gardens oder das Eden Project k\u00f6nnten hier auf Ihrem Tagesausflugszettel stehen. 3 \u00dcbernachtungen im St. Michael&#8217;s Hotel &amp; Spa****<\/p>\n<p><strong>8. Tag: Newquay<\/strong><\/p>\n<p>Ihre Luxureise Cornwall geht mit der Fahrt zum Flughafen Newquay heute zu Ende. Gerne k\u00f6nnen wir aber Ihre Reise noch verl\u00e4ngern, falls gew\u00fcnscht.<\/p>\n<p><strong>Eingeschlossene Leistungen<\/strong><\/p>\n<p>8-t\u00e4gige Rundreise &#8220;Luxureise Cornwall&#8221; wie im Reiseverlauf<\/p>\n<p>2 \u00dcbernachtungen im Carbis Bay Hotel<\/p>\n<p>2 \u00dcbernachtungen im Pollurian Bay Hotel<\/p>\n<p>3 \u00dcbernachtungen im St. Michaels Hotel &amp; Spa<\/p>\n<p>T\u00e4gliches Fr\u00fchst\u00fcck bei den 3 Luxus-Unterk\u00fcnften<\/p>\n<p>1 Reisef\u00fchrer \u00fcber S\u00fcdengland<\/p>\n<p><strong>Nicht eingeschlossene Leistungen:<\/strong><\/p>\n<p>Newquay-Fl\u00fcge (bieten wir Ihnen gerne dazu an)<\/p>\n<p>Mietauto (gleichfalls zubuchbar)<\/p>\n<p>Ausgaben, wie z.B. Benzinkosten, Eintritte, Mahlzeiten o.\u00e4.<\/p>\n<p style=\"text-align: center;\"><a class=\"tidycta\" href=\"http:\/\/www.urlaubcornwall.de\/anfrage.php?tourcode=ENGSELBST-LUX1\">Anfrage \/ Buchung<\/a><\/p>\n<p style=\"text-align: left;\">Unsere Websitedetails zeigen lediglich eine kleine Auswahl dessen, was wir anbieten k\u00f6nnen. Wir stellen Ihnen gerne ein <a href=\"http:\/\/www.urlaubcornwall.de\/anfrage.php\"><span style=\"text-decoration: underline;\">unverbindliches Angebot<\/span><\/a> mit allen Fl\u00fcgen und Transfers f\u00fcr Ihre Grossbritannien Reise zusammen. UrlaubCornwall haben Touren im Angebot f\u00fcr Individualreisende. Hier finden Sie unsere Auswahl an fantastischen <span style=\"text-decoration: underline;\"><a href=\"https:\/\/www.urlaubcornwall.de\/blog\/rundreise-durch-cornwall-and-suedenengland-2013\/\">Rundreisen und Touren in S\u00fcdengland<\/a><\/span><strong><\/strong><strong>.<\/strong><\/p>\n","protected":false},"excerpt":{"rendered":"<p>Highlights: Newquay, Carbis Bay, St Ives, Halbinsel-Lizard, Falmouth Tourbeschreibung: Luxusreise Cornwall &#8211; 8 Tage \/ 7 N\u00e4chte | T\u00e4glich m\u00f6glich | ab\/bis Newquay (oder Bristol) Malerische K\u00fcsten und ausgesuchte Unterk\u00fcnfte machen diese Luxusreise Cornwall zu einem unvergesslichen Erlebnis. Genie\u00dfen Sie Traumhotels und starten Sie zu Ausfl\u00fcgen in die Naturg\u00e4rten Cornwalls, den kleinen Fischerd\u00f6rfern und den [&hellip;]<\/p>\n","protected":false},"author":1,"featured_media":0,"parent":0,"menu_order":0,"comment_status":"closed","ping_status":"closed","template":"single-four.php","meta":[],"acf":[],"yoast_head":"<!-- This site is optimized with the Yoast SEO plugin v19.4 - https:\/\/yoast.com\/wordpress\/plugins\/seo\/ -->\n<title>Genie\u00dfen Sie Traumhotels 4 Sterne- Luxusreise Cornwall &amp; S\u00fcdengland- 8 Tage - Urlaub &amp; Reisen<\/title>\n<meta name=\"robots\" content=\"index, follow, max-snippet:-1, max-image-preview:large, max-video-preview:-1\" \/>\n<link rel=\"canonical\" href=\"https:\/\/www.urlaubcornwall.de\/blog\/geniessen-sie-traumhotels-luxureise-cornwall-8-tage\/\" \/>\n<meta property=\"og:locale\" content=\"en_US\" \/>\n<meta property=\"og:type\" content=\"article\" \/>\n<meta property=\"og:title\" content=\"Genie\u00dfen Sie Traumhotels 4 Sterne- Luxusreise Cornwall &amp; S\u00fcdengland- 8 Tage - Urlaub &amp; Reisen\" \/>\n<meta property=\"og:description\" content=\"Highlights: Newquay, Carbis Bay, St Ives, Halbinsel-Lizard, Falmouth Tourbeschreibung: Luxusreise Cornwall &#8211; 8 Tage \/ 7 N\u00e4chte | T\u00e4glich m\u00f6glich | ab\/bis Newquay (oder Bristol) Malerische K\u00fcsten und ausgesuchte Unterk\u00fcnfte machen diese Luxusreise Cornwall zu einem unvergesslichen Erlebnis. Genie\u00dfen Sie Traumhotels und starten Sie zu Ausfl\u00fcgen in die Naturg\u00e4rten Cornwalls, den kleinen Fischerd\u00f6rfern und den [&hellip;]\" \/>\n<meta property=\"og:url\" content=\"https:\/\/www.urlaubcornwall.de\/blog\/geniessen-sie-traumhotels-luxureise-cornwall-8-tage\/\" \/>\n<meta property=\"og:site_name\" content=\"Urlaub &amp; Reisen\" \/>\n<meta property=\"article:modified_time\" content=\"2024-05-29T11:20:53+00:00\" \/>\n<meta property=\"og:image\" content=\"https:\/\/www.urlaubcornwall.de\/blog\/wp-content\/uploads\/2015\/12\/luxus-reise-traumhotel-cornwall.jpg\" \/>\n<meta name=\"twitter:card\" content=\"summary\" \/>\n<meta name=\"twitter:label1\" content=\"Est. reading time\" \/>\n\t<meta name=\"twitter:data1\" content=\"3 minutes\" \/>\n<script type=\"application\/ld+json\" class=\"yoast-schema-graph\">{\"@context\":\"https:\/\/schema.org\",\"@graph\":[{\"@type\":\"WebSite\",\"@id\":\"https:\/\/www.urlaubcornwall.de\/blog\/#website\",\"url\":\"https:\/\/www.urlaubcornwall.de\/blog\/\",\"name\":\"Urlaub &amp; Reisen\",\"description\":\"Urlaub, Reisen, Cornwall und S\u00fcdengland: eine perfekte Kombination\",\"potentialAction\":[{\"@type\":\"SearchAction\",\"target\":{\"@type\":\"EntryPoint\",\"urlTemplate\":\"https:\/\/www.urlaubcornwall.de\/blog\/?s={search_term_string}\"},\"query-input\":\"required name=search_term_string\"}],\"inLanguage\":\"en-US\"},{\"@type\":\"WebPage\",\"@id\":\"https:\/\/www.urlaubcornwall.de\/blog\/geniessen-sie-traumhotels-luxureise-cornwall-8-tage\/\",\"url\":\"https:\/\/www.urlaubcornwall.de\/blog\/geniessen-sie-traumhotels-luxureise-cornwall-8-tage\/\",\"name\":\"Genie\u00dfen Sie Traumhotels 4 Sterne- Luxusreise Cornwall & S\u00fcdengland- 8 Tage - Urlaub &amp; Reisen\",\"isPartOf\":{\"@id\":\"https:\/\/www.urlaubcornwall.de\/blog\/#website\"},\"datePublished\":\"2015-12-30T12:49:46+00:00\",\"dateModified\":\"2024-05-29T11:20:53+00:00\",\"breadcrumb\":{\"@id\":\"https:\/\/www.urlaubcornwall.de\/blog\/geniessen-sie-traumhotels-luxureise-cornwall-8-tage\/#breadcrumb\"},\"inLanguage\":\"en-US\",\"potentialAction\":[{\"@type\":\"ReadAction\",\"target\":[\"https:\/\/www.urlaubcornwall.de\/blog\/geniessen-sie-traumhotels-luxureise-cornwall-8-tage\/\"]}]},{\"@type\":\"BreadcrumbList\",\"@id\":\"https:\/\/www.urlaubcornwall.de\/blog\/geniessen-sie-traumhotels-luxureise-cornwall-8-tage\/#breadcrumb\",\"itemListElement\":[{\"@type\":\"ListItem\",\"position\":1,\"name\":\"Home\",\"item\":\"https:\/\/www.urlaubcornwall.de\/blog\/\"},{\"@type\":\"ListItem\",\"position\":2,\"name\":\"Genie\u00dfen Sie Traumhotels 4 Sterne- Luxusreise Cornwall &#038; S\u00fcdengland- 8 Tage\"}]}]}<\/script>\n<!-- \/ Yoast SEO plugin. -->","yoast_head_json":{"title":"Genie\u00dfen Sie Traumhotels 4 Sterne- Luxusreise Cornwall & S\u00fcdengland- 8 Tage - Urlaub &amp; Reisen","robots":{"index":"index","follow":"follow","max-snippet":"max-snippet:-1","max-image-preview":"max-image-preview:large","max-video-preview":"max-video-preview:-1"},"canonical":"https:\/\/www.urlaubcornwall.de\/blog\/geniessen-sie-traumhotels-luxureise-cornwall-8-tage\/","og_locale":"en_US","og_type":"article","og_title":"Genie\u00dfen Sie Traumhotels 4 Sterne- Luxusreise Cornwall & S\u00fcdengland- 8 Tage - Urlaub &amp; Reisen","og_description":"Highlights: Newquay, Carbis Bay, St Ives, Halbinsel-Lizard, Falmouth Tourbeschreibung: Luxusreise Cornwall &#8211; 8 Tage \/ 7 N\u00e4chte | T\u00e4glich m\u00f6glich | ab\/bis Newquay (oder Bristol) Malerische K\u00fcsten und ausgesuchte Unterk\u00fcnfte machen diese Luxusreise Cornwall zu einem unvergesslichen Erlebnis. Genie\u00dfen Sie Traumhotels und starten Sie zu Ausfl\u00fcgen in die Naturg\u00e4rten Cornwalls, den kleinen Fischerd\u00f6rfern und den [&hellip;]","og_url":"https:\/\/www.urlaubcornwall.de\/blog\/geniessen-sie-traumhotels-luxureise-cornwall-8-tage\/","og_site_name":"Urlaub &amp; Reisen","article_modified_time":"2024-05-29T11:20:53+00:00","og_image":[{"url":"https:\/\/www.urlaubcornwall.de\/blog\/wp-content\/uploads\/2015\/12\/luxus-reise-traumhotel-cornwall.jpg"}],"twitter_card":"summary","twitter_misc":{"Est. reading time":"3 minutes"},"schema":{"@context":"https:\/\/schema.org","@graph":[{"@type":"WebSite","@id":"https:\/\/www.urlaubcornwall.de\/blog\/#website","url":"https:\/\/www.urlaubcornwall.de\/blog\/","name":"Urlaub &amp; Reisen","description":"Urlaub, Reisen, Cornwall und S\u00fcdengland: eine perfekte Kombination","potentialAction":[{"@type":"SearchAction","target":{"@type":"EntryPoint","urlTemplate":"https:\/\/www.urlaubcornwall.de\/blog\/?s={search_term_string}"},"query-input":"required name=search_term_string"}],"inLanguage":"en-US"},{"@type":"WebPage","@id":"https:\/\/www.urlaubcornwall.de\/blog\/geniessen-sie-traumhotels-luxureise-cornwall-8-tage\/","url":"https:\/\/www.urlaubcornwall.de\/blog\/geniessen-sie-traumhotels-luxureise-cornwall-8-tage\/","name":"Genie\u00dfen Sie Traumhotels 4 Sterne- Luxusreise Cornwall & S\u00fcdengland- 8 Tage - Urlaub &amp; Reisen","isPartOf":{"@id":"https:\/\/www.urlaubcornwall.de\/blog\/#website"},"datePublished":"2015-12-30T12:49:46+00:00","dateModified":"2024-05-29T11:20:53+00:00","breadcrumb":{"@id":"https:\/\/www.urlaubcornwall.de\/blog\/geniessen-sie-traumhotels-luxureise-cornwall-8-tage\/#breadcrumb"},"inLanguage":"en-US","potentialAction":[{"@type":"ReadAction","target":["https:\/\/www.urlaubcornwall.de\/blog\/geniessen-sie-traumhotels-luxureise-cornwall-8-tage\/"]}]},{"@type":"BreadcrumbList","@id":"https:\/\/www.urlaubcornwall.de\/blog\/geniessen-sie-traumhotels-luxureise-cornwall-8-tage\/#breadcrumb","itemListElement":[{"@type":"ListItem","position":1,"name":"Home","item":"https:\/\/www.urlaubcornwall.de\/blog\/"},{"@type":"ListItem","position":2,"name":"Genie\u00dfen Sie Traumhotels 4 Sterne- Luxusreise Cornwall &#038; S\u00fcdengland- 8 Tage"}]}]}},"_links":{"self":[{"href":"https:\/\/www.urlaubcornwall.de\/blog\/wp-json\/wp\/v2\/pages\/22376"}],"collection":[{"href":"https:\/\/www.urlaubcornwall.de\/blog\/wp-json\/wp\/v2\/pages"}],"about":[{"href":"https:\/\/www.urlaubcornwall.de\/blog\/wp-json\/wp\/v2\/types\/page"}],"author":[{"embeddable":true,"href":"https:\/\/www.urlaubcornwall.de\/blog\/wp-json\/wp\/v2\/users\/1"}],"replies":[{"embeddable":true,"href":"https:\/\/www.urlaubcornwall.de\/blog\/wp-json\/wp\/v2\/comments?post=22376"}],"version-history":[{"count":27,"href":"https:\/\/www.urlaubcornwall.de\/blog\/wp-json\/wp\/v2\/pages\/22376\/revisions"}],"predecessor-version":[{"id":22391,"href":"https:\/\/www.urlaubcornwall.de\/blog\/wp-json\/wp\/v2\/pages\/22376\/revisions\/22391"}],"wp:attachment":[{"href":"https:\/\/www.urlaubcornwall.de\/blog\/wp-json\/wp\/v2\/media?parent=22376"}],"curies":[{"name":"wp","href":"https:\/\/api.w.org\/{rel}","templated":true}]}}