{"id":21954,"date":"2015-11-19T16:08:21","date_gmt":"2015-11-19T16:08:21","guid":{"rendered":"https:\/\/www.urlaubcornwall.de\/blog\/?page_id=21954"},"modified":"2024-05-26T13:42:02","modified_gmt":"2024-05-26T13:42:02","slug":"busreisen-durch-grossbritannien-und-irland","status":"publish","type":"page","link":"https:\/\/www.urlaubcornwall.de\/blog\/busreisen-durch-grossbritannien-und-irland\/","title":{"rendered":"Busreisen durch Gro\u00dfbritannien und Irland"},"content":{"rendered":"<p><img loading=\"lazy\" class=\"aligncenter size-full wp-image-34720\" src=\"https:\/\/www.urlaubcornwall.de\/blog\/wp-content\/uploads\/2018\/12\/wild-atlantic-way-irland.jpg\" alt=\"busreise Gro\u00dfbritannien und Irland \" width=\"748\" height=\"402\"\/><br \/>\nDie sch\u00f6nsten Urlaubsziele &#8211; Hier finden Sie unsere Auswahl an fantastischen Busrundreisen und Touren in <a href=\"https:\/\/www.urlaubcornwall.de\/reiseziel\/england.php\">England<\/a>, <a href=\"https:\/\/www.urlaubcornwall.de\/reiseziel\/schottland.php\">Schottland<\/a> und <a href=\"https:\/\/www.urlaubcornwall.de\/blog\/erleben-sie-irland-die-emerald-insel\/\">Irland<\/a>.<\/p>\n<div class=\"snippet\"> <a class=\"featured-item\" href=\" https:\/\/www.urlaubcornwall.de\/blog\/reiseplanung-fuer-gruppen-durch-cornwall-suedengland-und-london\/\"> <span class=\"image-holder\" style=\"background-image: url('https:\/\/www.urlaubcornwall.de\/blog\/wp-content\/uploads\/2024\/05\/gruppenreisen.jpg');\"><\/span> <span class=\"featured-content\"> \n<h2 class=\"featured-title\"> Busresien in Cornwall und S\u00fcdengland<\/h2>\n<p class=\"featured-body\">Cornwall ist unter deutschen Urlaubern das beliebteste Reiseziel in England und Gro\u00dfbritannien. Das ist auch kein Wunder, denn Cornwall hat alle Zutaten, die man f\u00fcr einen perfekten Urlaub braucht&#8230;<\/p>\n<\/span> <span class=\"featured-link-holder\"> <span class=\"featured-extra-info\"> \n<p>Entdecken Sie die Magie S\u00fcdenglands<\/p>\n<\/span> \n<p class=\"featured-link\">DETAILS<\/p>\n<\/span> <\/a><\/div>\n<div class=\"snippet\"> <a class=\"featured-item\" href=\" https:\/\/www.urlaubcornwall.de\/blog\/busreisen-wales-wales-und-die-hoehepunkte-mittelenglands-7-tage\/\"> <span class=\"image-holder\" style=\"background-image: url('https:\/\/www.urlaubcornwall.de\/blog\/wp-content\/uploads\/2019\/01\/urlaub-wales-am-meer-gruppenreisen.jpg');\"><\/span> <span class=\"featured-content\"> \n<h2 class=\"featured-title\"> Busreisen durch England &amp; Wales<\/h2>\n<p class=\"featured-body\">Obwohl England nur klein ist, ist es unm\u00f6glich, es in wenigen Worten zu beschreiben. Es ist ein Mosaik verschiedener Kulturen, St\u00e4dten und Landschaften, die es zu einem gro\u00dfartigen Ausflugs- und Erkundungsziel werden lassen&#8230;<\/p>\n<\/span> <span class=\"featured-link-holder\"> <span class=\"featured-extra-info\"> \n<p>Ein Landstrich voller Bergketten und alten Burgen<\/p>\n<\/span> \n<p class=\"featured-link\">DETAILS<\/p>\n<\/span> <\/a><\/div>\n<div class=\"snippet\"> <a class=\"featured-item\" href=\" https:\/\/www.urlaubcornwall.de\/blog\/busreisen-durch-schottland-schottischen-highlands-und-inseln\/\"> <span class=\"image-holder\" style=\"background-image: url('https:\/\/www.urlaubcornwall.de\/blog\/wp-content\/uploads\/2019\/01\/urlaub-schottland-highlands.jpg');\"><\/span> <span class=\"featured-content\"> \n<h2 class=\"featured-title\"> Busreisen durch Schottischen Highlands und Inseln <\/h2>\n<p class=\"featured-body\">Schottland ist das Zuhause von Britanniens spektakul\u00e4rster Landschaft, die den h\u00f6chsten Berg, den Ben Nevis, mit umfasst, den tiefsten See, Loch Morar, die h\u00f6chsten B\u00e4ume und die abgelegendsten Gebiete voller Wildheit&#8230;<\/p>\n<\/span> <span class=\"featured-link-holder\"> <span class=\"featured-extra-info\"> \n<p>Schottische Gem\u00fctlichkeit und faszinierende Landschaften<\/p>\n<\/span> \n<p class=\"featured-link\">DETAILS<\/p>\n<\/span> <\/a><\/div>\n<div class=\"snippet\"> <a class=\"featured-item\" href=\" https:\/\/www.urlaubcornwall.de\/blog\/gefuehrte-busreisen-und-busrundreisen-in-irland\/\"> <span class=\"image-holder\" style=\"background-image: url(' https:\/\/www.urlaubcornwall.de\/blog\/wp-content\/uploads\/2024\/03\/dingle-bay-irland.jpg ');\"><\/span> <span class=\"featured-content\"> \n<h2 class=\"featured-title\"> Busreisen durch Nord &amp; S\u00fcd Irland <\/h2>\n<p class=\"featured-body\"> Irland ist ein kleines Land und ein herrliches Urlaubs- oder Reiseziel, voller Geschichte und Natursch\u00f6nheit. Eindrucksvolle Naturwunder, dramatische Felsformationen und die h\u00f6chsten Klippen Europas&#8230;<\/p>\n<\/span> <span class=\"featured-link-holder\"> <span class=\"featured-extra-info\"> \n<p> Ein Land der Mythen und Legenden<\/p>\n<\/span> \n<p class=\"featured-link\">DETAILS<\/p>\n<\/span> <\/a><\/div>\n","protected":false},"excerpt":{"rendered":"<p>Die sch\u00f6nsten Urlaubsziele &#8211; Hier finden Sie unsere Auswahl an fantastischen Busrundreisen und Touren in England, Schottland und Irland. Busresien in Cornwall und S\u00fcdengland Cornwall ist unter deutschen Urlaubern das beliebteste Reiseziel in England und Gro\u00dfbritannien. Das ist auch kein Wunder, denn Cornwall hat alle Zutaten, die man f\u00fcr einen perfekten Urlaub braucht&#8230; Entdecken Sie [&hellip;]<\/p>\n","protected":false},"author":1,"featured_media":0,"parent":0,"menu_order":0,"comment_status":"closed","ping_status":"closed","template":"single-four.php","meta":[],"acf":[],"yoast_head":"<!-- This site is optimized with the Yoast SEO plugin v19.4 - https:\/\/yoast.com\/wordpress\/plugins\/seo\/ -->\n<title>Busreisen durch Gro\u00dfbritannien und Irland - Urlaub &amp; Reisen<\/title>\n<meta name=\"robots\" content=\"index, follow, max-snippet:-1, max-image-preview:large, max-video-preview:-1\" \/>\n<link rel=\"canonical\" href=\"https:\/\/www.urlaubcornwall.de\/blog\/busreisen-durch-grossbritannien-und-irland\/\" \/>\n<meta property=\"og:locale\" content=\"en_US\" \/>\n<meta property=\"og:type\" content=\"article\" \/>\n<meta property=\"og:title\" content=\"Busreisen durch Gro\u00dfbritannien und Irland - Urlaub &amp; Reisen\" \/>\n<meta property=\"og:description\" content=\"Die sch\u00f6nsten Urlaubsziele &#8211; Hier finden Sie unsere Auswahl an fantastischen Busrundreisen und Touren in England, Schottland und Irland. Busresien in Cornwall und S\u00fcdengland Cornwall ist unter deutschen Urlaubern das beliebteste Reiseziel in England und Gro\u00dfbritannien. Das ist auch kein Wunder, denn Cornwall hat alle Zutaten, die man f\u00fcr einen perfekten Urlaub braucht&#8230; Entdecken Sie [&hellip;]\" \/>\n<meta property=\"og:url\" content=\"https:\/\/www.urlaubcornwall.de\/blog\/busreisen-durch-grossbritannien-und-irland\/\" \/>\n<meta property=\"og:site_name\" content=\"Urlaub &amp; Reisen\" \/>\n<meta property=\"article:modified_time\" content=\"2024-05-26T13:42:02+00:00\" \/>\n<meta property=\"og:image\" content=\"https:\/\/www.urlaubcornwall.de\/blog\/wp-content\/uploads\/2018\/12\/wild-atlantic-way-irland.jpg\" \/>\n<meta name=\"twitter:card\" content=\"summary\" \/>\n<meta name=\"twitter:label1\" content=\"Est. reading time\" \/>\n\t<meta name=\"twitter:data1\" content=\"1 minute\" \/>\n<script type=\"application\/ld+json\" class=\"yoast-schema-graph\">{\"@context\":\"https:\/\/schema.org\",\"@graph\":[{\"@type\":\"WebSite\",\"@id\":\"https:\/\/www.urlaubcornwall.de\/blog\/#website\",\"url\":\"https:\/\/www.urlaubcornwall.de\/blog\/\",\"name\":\"Urlaub &amp; Reisen\",\"description\":\"Urlaub, Reisen, Cornwall und S\u00fcdengland: eine perfekte Kombination\",\"potentialAction\":[{\"@type\":\"SearchAction\",\"target\":{\"@type\":\"EntryPoint\",\"urlTemplate\":\"https:\/\/www.urlaubcornwall.de\/blog\/?s={search_term_string}\"},\"query-input\":\"required name=search_term_string\"}],\"inLanguage\":\"en-US\"},{\"@type\":\"WebPage\",\"@id\":\"https:\/\/www.urlaubcornwall.de\/blog\/busreisen-durch-grossbritannien-und-irland\/\",\"url\":\"https:\/\/www.urlaubcornwall.de\/blog\/busreisen-durch-grossbritannien-und-irland\/\",\"name\":\"Busreisen durch Gro\u00dfbritannien und Irland - Urlaub &amp; Reisen\",\"isPartOf\":{\"@id\":\"https:\/\/www.urlaubcornwall.de\/blog\/#website\"},\"datePublished\":\"2015-11-19T16:08:21+00:00\",\"dateModified\":\"2024-05-26T13:42:02+00:00\",\"breadcrumb\":{\"@id\":\"https:\/\/www.urlaubcornwall.de\/blog\/busreisen-durch-grossbritannien-und-irland\/#breadcrumb\"},\"inLanguage\":\"en-US\",\"potentialAction\":[{\"@type\":\"ReadAction\",\"target\":[\"https:\/\/www.urlaubcornwall.de\/blog\/busreisen-durch-grossbritannien-und-irland\/\"]}]},{\"@type\":\"BreadcrumbList\",\"@id\":\"https:\/\/www.urlaubcornwall.de\/blog\/busreisen-durch-grossbritannien-und-irland\/#breadcrumb\",\"itemListElement\":[{\"@type\":\"ListItem\",\"position\":1,\"name\":\"Home\",\"item\":\"https:\/\/www.urlaubcornwall.de\/blog\/\"},{\"@type\":\"ListItem\",\"position\":2,\"name\":\"Busreisen durch Gro\u00dfbritannien und Irland\"}]}]}<\/script>\n<!-- \/ Yoast SEO plugin. -->","yoast_head_json":{"title":"Busreisen durch Gro\u00dfbritannien und Irland - Urlaub &amp; Reisen","robots":{"index":"index","follow":"follow","max-snippet":"max-snippet:-1","max-image-preview":"max-image-preview:large","max-video-preview":"max-video-preview:-1"},"canonical":"https:\/\/www.urlaubcornwall.de\/blog\/busreisen-durch-grossbritannien-und-irland\/","og_locale":"en_US","og_type":"article","og_title":"Busreisen durch Gro\u00dfbritannien und Irland - Urlaub &amp; Reisen","og_description":"Die sch\u00f6nsten Urlaubsziele &#8211; Hier finden Sie unsere Auswahl an fantastischen Busrundreisen und Touren in England, Schottland und Irland. Busresien in Cornwall und S\u00fcdengland Cornwall ist unter deutschen Urlaubern das beliebteste Reiseziel in England und Gro\u00dfbritannien. Das ist auch kein Wunder, denn Cornwall hat alle Zutaten, die man f\u00fcr einen perfekten Urlaub braucht&#8230; Entdecken Sie [&hellip;]","og_url":"https:\/\/www.urlaubcornwall.de\/blog\/busreisen-durch-grossbritannien-und-irland\/","og_site_name":"Urlaub &amp; Reisen","article_modified_time":"2024-05-26T13:42:02+00:00","og_image":[{"url":"https:\/\/www.urlaubcornwall.de\/blog\/wp-content\/uploads\/2018\/12\/wild-atlantic-way-irland.jpg"}],"twitter_card":"summary","twitter_misc":{"Est. reading time":"1 minute"},"schema":{"@context":"https:\/\/schema.org","@graph":[{"@type":"WebSite","@id":"https:\/\/www.urlaubcornwall.de\/blog\/#website","url":"https:\/\/www.urlaubcornwall.de\/blog\/","name":"Urlaub &amp; Reisen","description":"Urlaub, Reisen, Cornwall und S\u00fcdengland: eine perfekte Kombination","potentialAction":[{"@type":"SearchAction","target":{"@type":"EntryPoint","urlTemplate":"https:\/\/www.urlaubcornwall.de\/blog\/?s={search_term_string}"},"query-input":"required name=search_term_string"}],"inLanguage":"en-US"},{"@type":"WebPage","@id":"https:\/\/www.urlaubcornwall.de\/blog\/busreisen-durch-grossbritannien-und-irland\/","url":"https:\/\/www.urlaubcornwall.de\/blog\/busreisen-durch-grossbritannien-und-irland\/","name":"Busreisen durch Gro\u00dfbritannien und Irland - Urlaub &amp; Reisen","isPartOf":{"@id":"https:\/\/www.urlaubcornwall.de\/blog\/#website"},"datePublished":"2015-11-19T16:08:21+00:00","dateModified":"2024-05-26T13:42:02+00:00","breadcrumb":{"@id":"https:\/\/www.urlaubcornwall.de\/blog\/busreisen-durch-grossbritannien-und-irland\/#breadcrumb"},"inLanguage":"en-US","potentialAction":[{"@type":"ReadAction","target":["https:\/\/www.urlaubcornwall.de\/blog\/busreisen-durch-grossbritannien-und-irland\/"]}]},{"@type":"BreadcrumbList","@id":"https:\/\/www.urlaubcornwall.de\/blog\/busreisen-durch-grossbritannien-und-irland\/#breadcrumb","itemListElement":[{"@type":"ListItem","position":1,"name":"Home","item":"https:\/\/www.urlaubcornwall.de\/blog\/"},{"@type":"ListItem","position":2,"name":"Busreisen durch Gro\u00dfbritannien und Irland"}]}]}},"_links":{"self":[{"href":"https:\/\/www.urlaubcornwall.de\/blog\/wp-json\/wp\/v2\/pages\/21954"}],"collection":[{"href":"https:\/\/www.urlaubcornwall.de\/blog\/wp-json\/wp\/v2\/pages"}],"about":[{"href":"https:\/\/www.urlaubcornwall.de\/blog\/wp-json\/wp\/v2\/types\/page"}],"author":[{"embeddable":true,"href":"https:\/\/www.urlaubcornwall.de\/blog\/wp-json\/wp\/v2\/users\/1"}],"replies":[{"embeddable":true,"href":"https:\/\/www.urlaubcornwall.de\/blog\/wp-json\/wp\/v2\/comments?post=21954"}],"version-history":[{"count":26,"href":"https:\/\/www.urlaubcornwall.de\/blog\/wp-json\/wp\/v2\/pages\/21954\/revisions"}],"predecessor-version":[{"id":50222,"href":"https:\/\/www.urlaubcornwall.de\/blog\/wp-json\/wp\/v2\/pages\/21954\/revisions\/50222"}],"wp:attachment":[{"href":"https:\/\/www.urlaubcornwall.de\/blog\/wp-json\/wp\/v2\/media?parent=21954"}],"curies":[{"name":"wp","href":"https:\/\/api.w.org\/{rel}","templated":true}]}}