{"id":21916,"date":"2015-11-16T10:37:16","date_gmt":"2015-11-16T10:37:16","guid":{"rendered":"https:\/\/www.urlaubcornwall.de\/blog\/?page_id=21916"},"modified":"2026-01-04T11:37:54","modified_gmt":"2026-01-04T11:37:54","slug":"rundreise-grossbritannien-irland-rundreise-komplett-21-tage","status":"publish","type":"page","link":"https:\/\/www.urlaubcornwall.de\/blog\/rundreise-grossbritannien-irland-rundreise-komplett-21-tage\/","title":{"rendered":"Rundreise Gro\u00dfbritannien &#038; Irland komplett &#8211; 21 Tage"},"content":{"rendered":"<p><a href=\"https:\/\/www.urlaubcornwall.de\/blog\/wp-content\/uploads\/2024\/03\/stonehenge.jpg\"><img loading=\"lazy\" src=\"https:\/\/www.urlaubcornwall.de\/blog\/wp-content\/uploads\/2024\/03\/stonehenge.jpg\" alt=\"stonehenge\" width=\"750\" height=\"563\" class=\"alignnone size-full wp-image-47820\" srcset=\"https:\/\/www.urlaubcornwall.de\/blog\/wp-content\/uploads\/2024\/03\/stonehenge.jpg 750w, https:\/\/www.urlaubcornwall.de\/blog\/wp-content\/uploads\/2024\/03\/stonehenge-300x225.jpg 300w\" sizes=\"(max-width: 750px) 100vw, 750px\" \/><\/a><\/p>\n<p style=\"text-align: left;\"><strong>Highlights:<\/strong> Edinburgh, Highlands, Loch Ness, Isle of Skye, Loch Lomond, Belfast, Dublin, Connemara, Cliffs of Moher, Ring of Kerry, Rock of Cashel, Kilkenny, Bath, Cornwall, Stonehenge, Dover<\/p>\n<p style=\"text-align: left;\">Sie k\u00f6nnen sich nicht zwischen der rauen, schottischen Highlandslandschaft, den irischen K\u00fcstenstra\u00dfen mit \u00fcberw\u00e4ltigenden Klippen und den langen, englischen Sandstr\u00e4nden entscheiden? Dann ist unsere dreiw\u00f6chige Gro\u00dfbritannien Irland Rundreise f\u00fcr Selbstfahrer genau das Richtige f\u00fcr Sie. Unsere \u201eGro\u00dfbritannien und Irland komplett-Tour\u201c kombiniert Schottland, Irland und England ohne dass Sie wichtige Sehensw\u00fcrdigkeiten verpassen. Ihre st\u00e4ndigen Wegbegleiter werden architektonische Meisterwerke, reizvolle Landschaftsbilder, interessante St\u00e4dte und gelebte Kultur sein. Falls Sie nicht mit dem eigenen Auto fahren wollen, bieten wir gerne Fl\u00fcge und Mietwagen an.<\/p>\n<p style=\"text-align: left;\">21 Tage \/ 20 N\u00e4chte | ab Newcastle bis Dover | t\u00e4glich m\u00f6glich | gemischte Unterkunftskategorien | (B&amp;B, 3* Hotel &amp; Manor House Kategorie)<\/p>\n<p style=\"text-align: center;\"><a class=\"tidycta\" href=\"https:\/\/www.urlaubcornwall.de\/reisebuchung.php?tourcode=EEDHDGI\">ANFRAGE \/ BUCHUNG<\/a><\/p>\n<p><strong>Tourbeschreibung<\/strong><\/p>\n<p><a href=\"https:\/\/www.urlaubcornwall.de\/blog\/wp-content\/uploads\/2015\/10\/edinburgh-luxus.jpg\"><img loading=\"lazy\" class=\"aligncenter size-full wp-image-20610\" src=\"https:\/\/www.urlaubcornwall.de\/blog\/wp-content\/uploads\/2015\/10\/edinburgh-luxus.jpg\" alt=\"edinburgh luxus\" width=\"748\" height=\"282\"\/><\/a><\/p>\n<p><strong>1. Tag: Amsterdam &#8211; Newcastle<\/strong><\/p>\n<p>Individuelle Anreise mit dem eigenen Fahrzeug nach Amsterdam. Die F\u00e4hre von DFDS Seaways legt um 17:30 Uhr in Richtung Newcastle ab. Untergebracht sind Sie in einer Innen- oder Au\u00dfenkabine.<\/p>\n<p><strong>2. Tag: Newcastle \u2013 Edinburgh (ca. 200 km)<\/strong><\/p>\n<p>Das Schiff legt um 09:30 Uhr in England an. In Richtung Norden nach Edinburgh s\u00e4umen zahlreiche Sehensw\u00fcrdigkeiten den Weg. Fahren Sie entlang der K\u00fcste und besichtigen Sie zum Beispiel das Dunstanburgh Castle, das Bamburgh Castle und das Lindisfarne Priory and Castle. Alle Drei stehen traumhaft sch\u00f6n an der K\u00fcste mit Blick auf die Nordsee. Am Abend empfehlen wir unsere gef\u00fchrte \u201eGeister Tour\u201c durch die Altstadt von Edinburgh. \u00dcbernachtung in Edinburgh.<\/p>\n<p><strong>3. Tag: Edinburgh \u2013 Royal Deeside (ca. 200 km)<\/strong><\/p>\n<p>Der Vormittag steht zur freien Verf\u00fcgung, um die Sehensw\u00fcrdigkeiten der schottischen Hauptstadt zu erkunden. Sehen Sie das Edinburgh Castle, den Palace of Holyroodhouse, die Royal Mile und vieles mehr. Am Nachmittag \u00fcberqueren Sie die Forth Rail Bridge. Kurz vor Perth steht der beeindruckende Falkland Palace, der fr\u00fcher zu den k\u00f6niglichen Pal\u00e4sten z\u00e4hlte, und kurz nach Perth der ber\u00fchmte Scone Palace, wo fr\u00fcher die schottischen K\u00f6nige gekr\u00f6nt wurden. Die A93 f\u00fchrt Sie weiter in Richtung Norden und schlie\u00dflich in die Umgebung von Breamer, auch bekannt als Royal Deeside. \u00dcbernachtung in der Royal Deeside Region.<\/p>\n<p><strong>4. Tag: Royal Deeside \u2013 Inverness (ca.180 km)<\/strong><\/p>\n<p>Nach dem Fr\u00fchst\u00fcck Besuch des Balmoral Castles, das Urlaubsdomizil der Queen. Anschlie\u00dfend Fahrt in die Speyside Region, ber\u00fchmt f\u00fcr ihren guten Whisky. Sie sollten unbedingt eine der zahlreichen Whisky Destillerien z.B. Glenfiddich, Glenlivet oder Macallan besuchen. Weiter geht es nach Nairn, bekannt f\u00fcr seine Golfpl\u00e4tze und wundersch\u00f6nen Sandstr\u00e4nde. \u00dcbernachtung in Inverness.<\/p>\n<p><a href=\"https:\/\/www.urlaubcornwall.de\/blog\/wp-content\/uploads\/2015\/10\/14151252_m_1.jpg\"><img loading=\"lazy\" class=\"aligncenter size-full wp-image-20453\" src=\"https:\/\/www.urlaubcornwall.de\/blog\/wp-content\/uploads\/2015\/10\/14151252_m_1.jpg\" alt=\"Urlaub Schottland\" width=\"748\" height=\"386\"\/><\/a><\/p>\n<p><strong>5. Tag: Inverness \u2013 Fort William (ca. 160 km)<\/strong><\/p>\n<p>Verpassen Sie nicht die Halbinsel Black Isle mit traumhaften Sandstr\u00e4nden und dem charmanten Fischerdorf Cromarty. Anschlie\u00dfend Fahrt in Richtung S\u00fcden zum ber\u00fchmten Loch Ness. Mit etwas Gl\u00fcck haschen Sie einen Blick auf Nessi. \u00dcber Fort Augustus erreichen Sie Fort William. 2 \u00dcbernachtungen in Fort William.<\/p>\n<p><strong>6. Tag: Fort William \u2013 Isle of Skye \u2013 Fort William (ca. 360 km)<\/strong><\/p>\n<p>Dieser Tag steht Ihnen zur freien Verf\u00fcgung. Wir empfehlen einen Tagesausflug auf die Isle auf Skye. Zun\u00e4chst folgen Sie der \u201eRoad to the Island\u201c, die von Fort William bis nach Mallaig f\u00fchrt. Sandstr\u00e4nde, traumhafte Ausblicke, kleine Buchten und Rhododendronw\u00e4lder s\u00e4umen diese Traumstra\u00dfe. Danach bringt Sie eine F\u00e4hre auf die Isle of Skye (bieten wir gerne passend an). \u00dcber die Skye Br\u00fccke erreichen Sie wieder das Festland. Vorbei am Eilean Donan Castle, der meistfotografierten Burg von Schottland, geht es zur\u00fcck nach Fort William. \u00dcbernachtung wie am Vortag.<\/p>\n<p><strong>7. Tag: Fort William \u2013 Cairnryan (ca. 300 km) &#8211; Belfast \/ Irland<\/strong><\/p>\n<p>Sie verlassen Fort William und fahren durch das atemberaubende Glencoe, auf gaelisch \u201eTal der Tr\u00e4nen\u201c (Glen=Tal). Ihre Selbstfahrerreise f\u00fchrt Sie nun an den wohl sch\u00f6nsten See Schottlands, den Loch Lomond. Wenn es die Zeit erlaubt, k\u00f6nnen Sie auf dem See sogar eine Bootsfahrt machen. Via Glasgow geht es weiter in Richtung S\u00fcden nach Cairnryan, wo Sie die Nachmittagsf\u00e4hre (ca. 15:30 Uhr) oder Abendf\u00e4hre (ca. 19:30 Uhr) nutzen. Nach etwa zwei Stunden erreichen Sie Belfast. 2 \u00dcbernachtungen in Belfast.<\/p>\n<p><strong>8. Tag: Belfast<\/strong><\/p>\n<p>Der heutige Tag steht Ihnen zur freien Verf\u00fcgung. Die Hauptstadt Nordirlands hat einiges an architektonischen Besonderheiten zu bieten. Vom Belfast Castle haben Sie einen herrlichen Blick \u00fcber die Stadt und den Hafen und die noch bestehende Friedensmauer erinnert an die einstigen Konflikte Nordirlands. \u00dcbernachtung wie am Vortag.<\/p>\n<p><a href=\"https:\/\/www.urlaubcornwall.de\/blog\/wp-content\/uploads\/2024\/03\/belfast.jpg\"><img loading=\"lazy\" class=\"aligncenter size-full wp-image-47826\" src=\"https:\/\/www.urlaubcornwall.de\/blog\/wp-content\/uploads\/2024\/03\/belfast.jpg\" alt=\"belfast\" width=\"750\" height=\"469\" srcset=\"https:\/\/www.urlaubcornwall.de\/blog\/wp-content\/uploads\/2024\/03\/belfast.jpg 750w, https:\/\/www.urlaubcornwall.de\/blog\/wp-content\/uploads\/2024\/03\/belfast-300x188.jpg 300w\" sizes=\"(max-width: 750px) 100vw, 750px\" \/><\/a><\/p>\n<p><strong>9. Tag: Belfast \u2013 Dublin (ca. 180 km)<\/strong><\/p>\n<p>Fr\u00fchst\u00fcck im Hotel. Anschlie\u00dfend brechen Sie in Richtung Boyne Valley, zweifelsohne die historischste Region der ganzen Insel, auf. Der Grabh\u00fcgel von Newgrange im Tal des Boyne z\u00e4hlt zum UNESCO Weltkulturerbe und ist \u00e4lter als Stonehenge oder die Pyramiden von Giza. Von Newgrange aus ist es nicht mehr weit bis nach Dublin.<br \/>\n2 \u00dcbernachtungen in Dublin.<\/p>\n<p><strong>10. Tag: Dublin<\/strong><\/p>\n<p>Verbringen Sie den heutigen Tag mit der Erkundung Dublins, der Hauptstadt Irlands. \u00dcbernachtung wie am Vortag.<\/p>\n<p><strong>11. Tag: Dublin \u2013 Galway (ca. 210 km)<\/strong><\/p>\n<p>Nach dem Fr\u00fchst\u00fcck verlassen Sie Irlands Hauptstadt und fahren in Richtung Galway. Auf dem Weg dorthin k\u00f6nnen Sie das liebevoll restaurierte House Belvedere aus dem fr\u00fchen 18. Jahrhundert mit seinem weitl\u00e4ufigen Garten besichtigen. Bevor Sie den Fluss Shannon passieren, bietet sich die Besichtigung der aus dem 6. Jahrhundert stammenden Klosteranlage Clonmacnoise an. 2 \u00dcbernachtungen in Galway.<\/p>\n<p><strong>12. Tag: Connemara<\/strong><\/p>\n<p>Tagesausfug in die faszinierende Wildnis der Connemara, eine gro\u00dfe Halbinsel, die f\u00fcr seine Steinmauern und reetgedeckten H\u00fctten bekannt ist. Auch die steilen Berge, von denen aus Sie malerischen Seen und geheimnisvollen Moore \u00fcberblicken k\u00f6nnen, sind atemberaubend. \u00dcbernachtung wie am Vortag.<\/p>\n<p><a href=\"https:\/\/www.urlaubcornwall.de\/blog\/wp-content\/uploads\/2024\/03\/dingle-irland-urlaub.jpg\"><img loading=\"lazy\" src=\"https:\/\/www.urlaubcornwall.de\/blog\/wp-content\/uploads\/2024\/03\/dingle-irland-urlaub.jpg\" alt=\"dingle irland urlaub\" width=\"750\" height=\"501\" class=\"alignnone size-full wp-image-47979\" srcset=\"https:\/\/www.urlaubcornwall.de\/blog\/wp-content\/uploads\/2024\/03\/dingle-irland-urlaub.jpg 750w, https:\/\/www.urlaubcornwall.de\/blog\/wp-content\/uploads\/2024\/03\/dingle-irland-urlaub-300x200.jpg 300w\" sizes=\"(max-width: 750px) 100vw, 750px\" \/><\/a><\/p>\n<p><strong>13. Tag: Galway \u2013 Cliffs of Moher \u2013 Killarney (ca. 210 km)<\/strong><\/p>\n<p>Heute durchqueren Sie die Burren Region, eine seltene und einzigartige Region in Europa, die oft als Mondlandschaft beschrieben wird. In dieser Region befinden sich auch die ber\u00fchmten Cliffs of Moher. Die majest\u00e4tischen Klippen steigen vom Atlantischen Ozean auf und erstrecken sich auf einer L\u00e4nge von mehr als 7 Kilometern. Ein wahrhaft einzigartiges Bild, das Sie sicherlich nie vergessen werden. \u00dcber Limerick erreichen Sie das kleine St\u00e4dtchen Adare, eine der sch\u00f6nsten St\u00e4dte in Irlands. Danach folgen Sie der N21 in Richtung Killarney. 2 \u00dcbernachtungen in Killarney<\/p>\n<p><strong>14. Tag: Ring of Kerry<\/strong><\/p>\n<p>Widmen Sie den heutigen Tag dem sagenumwobenen Ring of Kerry. Die traumhafte Panoramastrasse fasziniert mit ihren wundersch\u00f6nen Aussichten auf die K\u00fcste, wilde Moore und H\u00fcgellandschaften die Besucher immer neu. Die kleinen zauberhaften D\u00f6rfer wie z.B. Sneem, der atlantische Ozean und der bekannte Lake Killarney werden Sie verzaubern. \u00dcbernachtung wie am Vortag.<\/p>\n<p><strong>15. Tag: Killarney \u2013 Wexford (ca. 280 km)<\/strong><\/p>\n<p>Zun\u00e4chst setzen Sie Ihre Selbstfahrerreise zum Rock of Cashel fort. Das auf dem Felsen thronende religi\u00f6se Geb\u00e4ude ist der spektakul\u00e4rste mittelalterliche Schauplatz Irlands und ein beliebtes Fotomotiv. Es sollte auch bei Ihrer Irlandreise nicht fehlen. Etwa 50 Kilometer vom Rock of Cashel entfernt, liegt Kilkenny. Die wundersch\u00f6ne mittelalterliche Stadt mit ihren romantischen engen Gassen und dem Kilkenny Schloss ist ebenfalls bei den Touristen sehr beliebt. Weiterfahrt nach Wexford. \u00dcbernachtung in Wexford.<\/p>\n<p><strong>16. Tag: Wexford \u2013 Cardiff \/ Wales (ca. 170 Kilometer zzgl. F\u00e4hrstrecke)<\/strong><\/p>\n<p>Um 09:00 Uhr bzw. 08:45 Uhr geht es mit der F\u00e4hre von Rosslare nach Wales (Fishguard bzw. Pembroke), wo Sie nach ca. 4 Stunden Fahrt ankommen. Am Nachmittag haben Sie ausreichend Zeit, um den Pembrokeshire Coast Nationalpark zu erkunden. Hier finden Sie reizende K\u00fcstenorte, sanft geschwungene Landstriche, traumhafte K\u00fcstenlandschaften und einige der sch\u00f6nsten Str\u00e4nde Europas mit goldenem Sand und strahlend klarem Wasser. Weiterfahrt nach Cardiff. \u00dcbernachtung in Cardiff.<\/p>\n<p><strong>17. Tag: Cardiff \u2013 Bath \/ England (ca. 100 km)<\/strong><\/p>\n<p>Verbringen Sie den Vormittag in Cardiff. Im Herzen des Stadtzentrums befindet sich das Cardiff Castle, hinter dessen Mauer sich \u00fcber 2000 Jahre alte Geschichte verbirgt. Am Nachmittag brechen Sie zur n\u00e4chsten geschichtstr\u00e4chtigen Stadt auf. Von der UNESCO zur Weltkulturerbest\u00e4tte erkl\u00e4rt, h\u00e4lt Bath viele besondere Sehensw\u00fcrdigkeiten und Attraktionen f\u00fcr seine Besucher bereit. \u00dcbernachtung in Bath.<\/p>\n<p><strong>18. Tag: Bath \u2013 Plymouth (ca. 210 km)<\/strong><\/p>\n<p>Bevor Sie nach Cornwall fahren, erreichen Sie Wells. Die Attraktion der kleinen Stadt ist die m\u00e4chtige Kathedrale, die gleich mit mehreren Besonderheiten aufwarten kann. Weiterfahrt nach Glastonbury, wo die Legende vom K\u00f6nig Artur, den Rittern der Tafelrunde sowie des Heiligen Grals zu jeder Jahreszeit f\u00fcr Besucher interessant ist. 2 Ubernachtungen in Plymouth.<\/p>\n<p><a href=\"https:\/\/www.urlaubcornwall.de\/blog\/wp-content\/uploads\/2015\/10\/urlaub-plymouth.jpg\"><img loading=\"lazy\" class=\"aligncenter size-full wp-image-21111\" src=\"https:\/\/www.urlaubcornwall.de\/blog\/wp-content\/uploads\/2015\/10\/urlaub-plymouth.jpg\" alt=\"urlaub plymouth\" width=\"748\" height=\"388\"\/><\/a><\/p>\n<p><strong>19. Tag: Plymouth<\/strong><\/p>\n<p>Dieser Tag steht Ihnen zur freien Verf\u00fcgung, um Cornwall zu erkunden. Die atemberaubende K\u00fcste von Cornwall ist Hauptattraktion und herrliche Kulisse zugleich. Burgen, Schl\u00f6sser, Kathedralen, G\u00e4rten und Museen sorgen daf\u00fcr, dass Ihnen in der Region um Truro, Falmouth und Penzance nie langweilig wird. \u00dcbernachtung wie am Vortag.<\/p>\n<p><strong>20. Tag: Plymouth \u2013 Southampton (ca. 270 km)<\/strong><\/p>\n<p>Nat\u00fcrlich darf bei einer Englandreise Stonehenge, eine der ber\u00fchmtesten pr\u00e4historischen St\u00e4tten dieser Welt, nicht fehlen. Anschlie\u00dfend geht es in die historische Marktstadt Salisbury. Sehen Sie dort die beeindruckende Salisbury Cathedral, die wahrscheinlich sch\u00f6nste mittelalterliche Kathedrale. Von hier aus ist es nicht mehr weit bis nach Southampton, Ihr heutiger \u00dcbernachtungsort. \u00dcbernachtung in Southampton.<\/p>\n<p><strong>21. Tag: Southampton &#8211; Dover (ca. 240 km)<\/strong><\/p>\n<p>Die Selbstfahrerreise neigt sich dem Ende zu. Bevor Sie am Nachmittag (14:45 oder 16:45 Uhr) die F\u00e4hre von Dover nach Calais (Frankreich) nehmen, durchqueren Sie die Grafschaft Kent. Sehenswert sind die Herrenh\u00e4user Knole, Hever Castle, Penshurst Place und Sissinghurst mit ihren pr\u00e4chtigen Landschaftsg\u00e4rten. F\u00e4hr\u00fcberfahrt nach Calais und individuelle Heimreise. Ende der Gro\u00dfbritannien &amp; Irland Rundreise.<\/p>\n<p>Gerne bieten wir Ihnen Zusatz\u00fcbernachtungen, die F\u00e4hr\u00fcberfahrt oder Fl\u00fcge und Mietwagen an. Fragen Sie uns einfach nach einem unverbindlichen Angebot.<\/p>\n<p><strong>Eingeschlossene Leistungen<\/strong><\/p>\n<p>8 \u00dcbernachtungen in Bed &amp; Breakfast Unterk\u00fcnften (mit eigenem Bad im Zimmer)<\/p>\n<p>9 \u00dcbernachtungen in 3* Hotels<\/p>\n<p>2 \u00dcbernachtungen in der Manor House Kategorie (z.B. Norton House Hotel, Mercure Ardoe Manour House Hotel, Culloden House Hotel, Mansfield Castle Hotel&#8230;)<\/p>\n<p>T\u00e4gliches Fr\u00fchst\u00fcck<\/p>\n<p>Reisef\u00fchrer England, Schottland, Irland<\/p>\n<p><strong>Nicht eingeschlossene Leistungen:<\/strong><\/p>\n<p>F\u00e4hr\u00fcberfahrten oder Fl\u00fcge und Mietwagen (bieten wir gerne passend an)<\/p>\n<p>Gef\u00fchrte Geister-Tour in Edinburgh (\u20ac 20,- pro Person)<\/p>\n<p>Trinkgelder, Kosten f\u00fcr Benzin oder Eintritte, zus\u00e4tzliche Mahlzeiten<\/p>\n<p>T\u00e4glich m\u00f6glich!<\/p>\n<p><strong>Preise 2026 &#8211; saisonabh\u00e4nig<\/strong><\/p>\n<p>ab \u20ac 2.140,&#8211; pro Person im Doppelzimmer  <\/p>\n<p>Einzel- &#038; Mehrbettzimmer auf Anfrage!<\/p>\n<p style=\"text-align: center;\"><a class=\"tidycta\" href=\"https:\/\/www.urlaubcornwall.de\/reisebuchung.php?tourcode=EEDHDGI\">ANFRAGE \/ BUCHUNG<\/a><\/p>\n<p style=\"text-align: center;\">Unsere Websitedetails zeigen lediglich eine kleine Auswahl dessen, was wir anbieten k\u00f6nnen. Wir stellen Ihnen gerne ein <a href=\"http:\/\/www.urlaubcornwall.de\/anfrage.php\"><span style=\"text-decoration: underline;\">unverbindliches Angebot<\/span><\/a> mit allen Fl\u00fcgen und Transfers f\u00fcr Ihre Grossbritannien Reise zusammen. UrlaubCornwall haben Touren im Angebot f\u00fcr Individualreisende. Hier finden Sie unsere Auswahl an fantastischen <a href=\"http:\/\/www.urlaubcornwall.de\/rundreisen\/grossbritannien.php\"><span style=\"text-decoration: underline;\">Rundreisen und Touren in Grossbritannien<\/span><\/a><strong><\/strong><strong>.<\/strong><\/p>\n","protected":false},"excerpt":{"rendered":"<p>Highlights: Edinburgh, Highlands, Loch Ness, Isle of Skye, Loch Lomond, Belfast, Dublin, Connemara, Cliffs of Moher, Ring of Kerry, Rock of Cashel, Kilkenny, Bath, Cornwall, Stonehenge, Dover Sie k\u00f6nnen sich nicht zwischen der rauen, schottischen Highlandslandschaft, den irischen K\u00fcstenstra\u00dfen mit \u00fcberw\u00e4ltigenden Klippen und den langen, englischen Sandstr\u00e4nden entscheiden? Dann ist unsere dreiw\u00f6chige Gro\u00dfbritannien Irland Rundreise [&hellip;]<\/p>\n","protected":false},"author":1,"featured_media":0,"parent":0,"menu_order":0,"comment_status":"closed","ping_status":"closed","template":"single-four.php","meta":[],"acf":[],"yoast_head":"<!-- This site is optimized with the Yoast SEO plugin v19.4 - https:\/\/yoast.com\/wordpress\/plugins\/seo\/ -->\n<title>Rundreise Gro\u00dfbritannien &amp; Irland komplett - 21 Tage - Urlaub &amp; Reisen<\/title>\n<meta name=\"robots\" content=\"index, follow, max-snippet:-1, max-image-preview:large, max-video-preview:-1\" \/>\n<link rel=\"canonical\" href=\"https:\/\/www.urlaubcornwall.de\/blog\/rundreise-grossbritannien-irland-rundreise-komplett-21-tage\/\" \/>\n<meta property=\"og:locale\" content=\"en_US\" \/>\n<meta property=\"og:type\" content=\"article\" \/>\n<meta property=\"og:title\" content=\"Rundreise Gro\u00dfbritannien &amp; Irland komplett - 21 Tage - Urlaub &amp; Reisen\" \/>\n<meta property=\"og:description\" content=\"Highlights: Edinburgh, Highlands, Loch Ness, Isle of Skye, Loch Lomond, Belfast, Dublin, Connemara, Cliffs of Moher, Ring of Kerry, Rock of Cashel, Kilkenny, Bath, Cornwall, Stonehenge, Dover Sie k\u00f6nnen sich nicht zwischen der rauen, schottischen Highlandslandschaft, den irischen K\u00fcstenstra\u00dfen mit \u00fcberw\u00e4ltigenden Klippen und den langen, englischen Sandstr\u00e4nden entscheiden? Dann ist unsere dreiw\u00f6chige Gro\u00dfbritannien Irland Rundreise [&hellip;]\" \/>\n<meta property=\"og:url\" content=\"https:\/\/www.urlaubcornwall.de\/blog\/rundreise-grossbritannien-irland-rundreise-komplett-21-tage\/\" \/>\n<meta property=\"og:site_name\" content=\"Urlaub &amp; Reisen\" \/>\n<meta property=\"article:modified_time\" content=\"2026-01-04T11:37:54+00:00\" \/>\n<meta property=\"og:image\" content=\"https:\/\/www.urlaubcornwall.de\/blog\/wp-content\/uploads\/2024\/03\/stonehenge.jpg\" \/>\n<meta name=\"twitter:card\" content=\"summary\" \/>\n<meta name=\"twitter:label1\" content=\"Est. reading time\" \/>\n\t<meta name=\"twitter:data1\" content=\"9 minutes\" \/>\n<script type=\"application\/ld+json\" class=\"yoast-schema-graph\">{\"@context\":\"https:\/\/schema.org\",\"@graph\":[{\"@type\":\"WebSite\",\"@id\":\"https:\/\/www.urlaubcornwall.de\/blog\/#website\",\"url\":\"https:\/\/www.urlaubcornwall.de\/blog\/\",\"name\":\"Urlaub &amp; Reisen\",\"description\":\"Urlaub, Reisen, Cornwall und S\u00fcdengland: eine perfekte Kombination\",\"potentialAction\":[{\"@type\":\"SearchAction\",\"target\":{\"@type\":\"EntryPoint\",\"urlTemplate\":\"https:\/\/www.urlaubcornwall.de\/blog\/?s={search_term_string}\"},\"query-input\":\"required name=search_term_string\"}],\"inLanguage\":\"en-US\"},{\"@type\":\"WebPage\",\"@id\":\"https:\/\/www.urlaubcornwall.de\/blog\/rundreise-grossbritannien-irland-rundreise-komplett-21-tage\/\",\"url\":\"https:\/\/www.urlaubcornwall.de\/blog\/rundreise-grossbritannien-irland-rundreise-komplett-21-tage\/\",\"name\":\"Rundreise Gro\u00dfbritannien & Irland komplett - 21 Tage - Urlaub &amp; Reisen\",\"isPartOf\":{\"@id\":\"https:\/\/www.urlaubcornwall.de\/blog\/#website\"},\"datePublished\":\"2015-11-16T10:37:16+00:00\",\"dateModified\":\"2026-01-04T11:37:54+00:00\",\"breadcrumb\":{\"@id\":\"https:\/\/www.urlaubcornwall.de\/blog\/rundreise-grossbritannien-irland-rundreise-komplett-21-tage\/#breadcrumb\"},\"inLanguage\":\"en-US\",\"potentialAction\":[{\"@type\":\"ReadAction\",\"target\":[\"https:\/\/www.urlaubcornwall.de\/blog\/rundreise-grossbritannien-irland-rundreise-komplett-21-tage\/\"]}]},{\"@type\":\"BreadcrumbList\",\"@id\":\"https:\/\/www.urlaubcornwall.de\/blog\/rundreise-grossbritannien-irland-rundreise-komplett-21-tage\/#breadcrumb\",\"itemListElement\":[{\"@type\":\"ListItem\",\"position\":1,\"name\":\"Home\",\"item\":\"https:\/\/www.urlaubcornwall.de\/blog\/\"},{\"@type\":\"ListItem\",\"position\":2,\"name\":\"Rundreise Gro\u00dfbritannien &#038; Irland komplett &#8211; 21 Tage\"}]}]}<\/script>\n<!-- \/ Yoast SEO plugin. -->","yoast_head_json":{"title":"Rundreise Gro\u00dfbritannien & Irland komplett - 21 Tage - Urlaub &amp; Reisen","robots":{"index":"index","follow":"follow","max-snippet":"max-snippet:-1","max-image-preview":"max-image-preview:large","max-video-preview":"max-video-preview:-1"},"canonical":"https:\/\/www.urlaubcornwall.de\/blog\/rundreise-grossbritannien-irland-rundreise-komplett-21-tage\/","og_locale":"en_US","og_type":"article","og_title":"Rundreise Gro\u00dfbritannien & Irland komplett - 21 Tage - Urlaub &amp; Reisen","og_description":"Highlights: Edinburgh, Highlands, Loch Ness, Isle of Skye, Loch Lomond, Belfast, Dublin, Connemara, Cliffs of Moher, Ring of Kerry, Rock of Cashel, Kilkenny, Bath, Cornwall, Stonehenge, Dover Sie k\u00f6nnen sich nicht zwischen der rauen, schottischen Highlandslandschaft, den irischen K\u00fcstenstra\u00dfen mit \u00fcberw\u00e4ltigenden Klippen und den langen, englischen Sandstr\u00e4nden entscheiden? Dann ist unsere dreiw\u00f6chige Gro\u00dfbritannien Irland Rundreise [&hellip;]","og_url":"https:\/\/www.urlaubcornwall.de\/blog\/rundreise-grossbritannien-irland-rundreise-komplett-21-tage\/","og_site_name":"Urlaub &amp; Reisen","article_modified_time":"2026-01-04T11:37:54+00:00","og_image":[{"url":"https:\/\/www.urlaubcornwall.de\/blog\/wp-content\/uploads\/2024\/03\/stonehenge.jpg"}],"twitter_card":"summary","twitter_misc":{"Est. reading time":"9 minutes"},"schema":{"@context":"https:\/\/schema.org","@graph":[{"@type":"WebSite","@id":"https:\/\/www.urlaubcornwall.de\/blog\/#website","url":"https:\/\/www.urlaubcornwall.de\/blog\/","name":"Urlaub &amp; Reisen","description":"Urlaub, Reisen, Cornwall und S\u00fcdengland: eine perfekte Kombination","potentialAction":[{"@type":"SearchAction","target":{"@type":"EntryPoint","urlTemplate":"https:\/\/www.urlaubcornwall.de\/blog\/?s={search_term_string}"},"query-input":"required name=search_term_string"}],"inLanguage":"en-US"},{"@type":"WebPage","@id":"https:\/\/www.urlaubcornwall.de\/blog\/rundreise-grossbritannien-irland-rundreise-komplett-21-tage\/","url":"https:\/\/www.urlaubcornwall.de\/blog\/rundreise-grossbritannien-irland-rundreise-komplett-21-tage\/","name":"Rundreise Gro\u00dfbritannien & Irland komplett - 21 Tage - Urlaub &amp; Reisen","isPartOf":{"@id":"https:\/\/www.urlaubcornwall.de\/blog\/#website"},"datePublished":"2015-11-16T10:37:16+00:00","dateModified":"2026-01-04T11:37:54+00:00","breadcrumb":{"@id":"https:\/\/www.urlaubcornwall.de\/blog\/rundreise-grossbritannien-irland-rundreise-komplett-21-tage\/#breadcrumb"},"inLanguage":"en-US","potentialAction":[{"@type":"ReadAction","target":["https:\/\/www.urlaubcornwall.de\/blog\/rundreise-grossbritannien-irland-rundreise-komplett-21-tage\/"]}]},{"@type":"BreadcrumbList","@id":"https:\/\/www.urlaubcornwall.de\/blog\/rundreise-grossbritannien-irland-rundreise-komplett-21-tage\/#breadcrumb","itemListElement":[{"@type":"ListItem","position":1,"name":"Home","item":"https:\/\/www.urlaubcornwall.de\/blog\/"},{"@type":"ListItem","position":2,"name":"Rundreise Gro\u00dfbritannien &#038; Irland komplett &#8211; 21 Tage"}]}]}},"_links":{"self":[{"href":"https:\/\/www.urlaubcornwall.de\/blog\/wp-json\/wp\/v2\/pages\/21916"}],"collection":[{"href":"https:\/\/www.urlaubcornwall.de\/blog\/wp-json\/wp\/v2\/pages"}],"about":[{"href":"https:\/\/www.urlaubcornwall.de\/blog\/wp-json\/wp\/v2\/types\/page"}],"author":[{"embeddable":true,"href":"https:\/\/www.urlaubcornwall.de\/blog\/wp-json\/wp\/v2\/users\/1"}],"replies":[{"embeddable":true,"href":"https:\/\/www.urlaubcornwall.de\/blog\/wp-json\/wp\/v2\/comments?post=21916"}],"version-history":[{"count":26,"href":"https:\/\/www.urlaubcornwall.de\/blog\/wp-json\/wp\/v2\/pages\/21916\/revisions"}],"predecessor-version":[{"id":51917,"href":"https:\/\/www.urlaubcornwall.de\/blog\/wp-json\/wp\/v2\/pages\/21916\/revisions\/51917"}],"wp:attachment":[{"href":"https:\/\/www.urlaubcornwall.de\/blog\/wp-json\/wp\/v2\/media?parent=21916"}],"curies":[{"name":"wp","href":"https:\/\/api.w.org\/{rel}","templated":true}]}}