{"id":21774,"date":"2015-11-08T14:22:04","date_gmt":"2015-11-08T14:22:04","guid":{"rendered":"https:\/\/www.urlaubcornwall.de\/blog\/?page_id=21774"},"modified":"2024-05-29T10:36:30","modified_gmt":"2024-05-29T10:36:30","slug":"top-5-der-malerischsten-doerfer-irlands","status":"publish","type":"page","link":"https:\/\/www.urlaubcornwall.de\/blog\/top-5-der-malerischsten-doerfer-irlands\/","title":{"rendered":"Die 5 Sch\u00f6nsten D\u00f6rfer Irlands"},"content":{"rendered":"<p>Dublin, Galway, Belfast\u2014 sie haben alle Charme. Doch lassen sie sich schwer mit den kleineren D\u00f6rfern und St\u00e4dten Irlands vergleichen. Wir denken, diese D\u00f6rfer befinden sich unter den sch\u00f6nsten, die \u00fcberhaupt in Irland gefunden werden k\u00f6nnen. Es ist sehr wohl ein kleines Land, doch Landschaft und K\u00fcste sind unvergleichlich.<\/p>\n<p><a href=\"https:\/\/www.urlaubcornwall.de\/blog\/wp-content\/uploads\/2024\/03\/cliffs-of-moher-irland.jpg\"><img loading=\"lazy\" class=\"aligncenter size-full wp-image-47810\" src=\"https:\/\/www.urlaubcornwall.de\/blog\/wp-content\/uploads\/2024\/03\/cliffs-of-moher-irland.jpg\" alt=\"cliffs of moher irland\" width=\"750\" height=\"500\" srcset=\"https:\/\/www.urlaubcornwall.de\/blog\/wp-content\/uploads\/2024\/03\/cliffs-of-moher-irland.jpg 750w, https:\/\/www.urlaubcornwall.de\/blog\/wp-content\/uploads\/2024\/03\/cliffs-of-moher-irland-300x200.jpg 300w\" sizes=\"(max-width: 750px) 100vw, 750px\" \/><\/a><\/p>\n<p><strong>Kinsale \u2013 Grafschaft Cork<\/strong> &#8211; Kinsale ist einer der malerischsten, beliebtesten und modischsten Badeorte an der S\u00fcdwestk\u00fcste Irlands. Mit seinem sicheren Hafen und milden Klima ist es der ideale Ort zum Segeln, Hochseefischen und um Delfine und Wale zu beobachten.<\/p>\n<p><strong>Kenmare \u2013 Grafschaft Kerry<\/strong> &#8211; Kenmare ist einer der idyllischsten Orte. Er liegt eingeschmiegt in der Kenmare Bucht im S\u00fcdwesten Irlands. Es ist ein Ruheparadies mit atemberaubender Landschaft in einem der unber\u00fchrtesten Gebiete Europas. Kenmare gilt im S\u00fcdwesten Irlands als Paradies f\u00fcr Feinschmecker.<\/p>\n<p><a href=\"https:\/\/www.urlaubcornwall.de\/blog\/wp-content\/uploads\/2024\/03\/dingle-bay-irland.jpg\"><img loading=\"lazy\" class=\"aligncenter size-full wp-image-47813\" src=\"https:\/\/www.urlaubcornwall.de\/blog\/wp-content\/uploads\/2024\/03\/dingle-bay-irland.jpg\" alt=\"dingle bay irland\" width=\"750\" height=\"500\" srcset=\"https:\/\/www.urlaubcornwall.de\/blog\/wp-content\/uploads\/2024\/03\/dingle-bay-irland.jpg 750w, https:\/\/www.urlaubcornwall.de\/blog\/wp-content\/uploads\/2024\/03\/dingle-bay-irland-300x200.jpg 300w\" sizes=\"(max-width: 750px) 100vw, 750px\" \/><\/a><\/p>\n<p><strong>Dingle \u2013 Grafschaft Derry<\/strong> &#8211; Dingle liegt auf der Dingle Halbbinsel und ist bekannt f\u00fcr seine zerkl\u00fcftete Sch\u00f6nheit und sauberen Str\u00e4nde. Es ist eine der meist besuchten St\u00e4dte Irlands mit ihrem gesch\u00e4ftigen gesch\u00fctzten Hafen, den engen Str\u00e4\u00dfchen mit Restaurants und Gesch\u00e4ften.<\/p>\n<p><strong>Athlone \u2013 Grafschaft Westmeath<\/strong> &#8211; Athlone liegt direkt im Zentrum Irlands, wo der Fluss Shannon in den Lough Ree m\u00fcndet. Mit seinen bunten H\u00e4usern und Stra\u00dfen, die sich um die Burg herum winden, ist dies eine charmante Stadt und ein gro\u00dfartiger Ausgangspunkt, um Irland zu erkunden.<\/p>\n<p><strong>Cushendun \u2013 Grafschaft Antrim<\/strong> &#8211; Cushenden an Irlands Nordostk\u00fcste wurde 1912 von Clough William Ellis f\u00fcr Lord Cushenden f\u00fcr seine aus Penzance stammende Gemahlin Maud im Stil eines cornischen Dorfes entworfen. Es liegt am Fluss Dun mit h\u00fcbschen H\u00e4usern entlang des Hafens und einer charmanten Steinbr\u00fccke und befindet sich heute im Besitz des National Trust.<\/p>\n<h2><strong>Eine Auswahl der besten Hotels in Irland &#8211; Sonderangebote und Discounts<\/strong><\/h2>\n<p><ins class=\"bookingaff\" data-aid=\"1697770\" data-target_aid=\"1697770\" data-prod=\"map\" data-width=\"100%\" data-height=\"590\" data-lang=\"ualng\" data-dest_id=\"0\" data-dest_type=\"landmark\" data-latitude=\"53.3498053\" data-longitude=\"-6.2603097\" data-landmark_name=\"Sch\u00f6nsten Hotels in Irland\" data-mwhsb=\"1\"><br \/>\n<!-- Anything inside will go away once widget is loaded. --><br \/>\n<a href=\"\/\/www.booking.com?aid=1697770\" rel=\"nofollow\">Booking.com<\/a><br \/>\n<\/ins><br \/>\n<script type=\"text\/javascript\">\n    (function(d, sc, u) {\n      var s = d.createElement(sc), p = d.getElementsByTagName(sc)[0];\n      s.type = 'text\/javascript';\n      s.async = true;\n      s.src = u + '?v=' + (+new Date());\n      p.parentNode.insertBefore(s,p);\n      })(document, 'script', '\/\/aff.bstatic.com\/static\/affiliate_base\/js\/flexiproduct.js');\n<\/script><\/p>\n<div class=\"snippet\"> <a class=\"featured-item\" href=\" https:\/\/www.urlaubcornwall.de\/blog\/rundreisen-irland\/\"> <span class=\"image-holder\" style=\"background-image: url(' https:\/\/www.urlaubcornwall.de\/blog\/wp-content\/uploads\/2024\/03\/Cork-irland.jpg');\"><\/span> <span class=\"featured-content\"> \n<h2 class=\"featured-title\">Rundreisen durch Irland<\/h2>\n<p class=\"featured-body\">Von den Sehensw\u00fcrdigkeiten von Irlands Wild Atlantic Way, einer herrlichen K\u00fcstenroute von Cork nach Connemara und Donegal bis hin zu einer Flucht auf eine irische Insel &#8230;&#8230;<\/p>\n<\/span> <span class=\"featured-link-holder\"> <span class=\"featured-extra-info\"> \n<p>F\u00fcr Paare, Familien &#038; Gruppen<\/p>\n<\/span> \n<p class=\"featured-link\">DETAILS<\/p>\n<\/span> <\/a><\/div>\n<div class=\"snippet\"> <a class=\"featured-item\" href=\" https:\/\/www.urlaubcornwall.de\/blog\/gefuehrte-busreisen-und-busrundreisen-in-irland\/\"> <span class=\"image-holder\" style=\"background-image: url(' https:\/\/www.urlaubcornwall.de\/blog\/wp-content\/uploads\/2019\/01\/wild-atlantic-way-irland.jpg');\"><\/span> <span class=\"featured-content\"> \n<h2 class=\"featured-title\">Gef\u00fchrte Busreisen und Busrundreisen in Irland<\/h2>\n<p class=\"featured-body\">Vielleicht suchen Sie ja eine Reise zu Sehensw\u00fcrdigkeiten, oder Sie haben besondere Interessen, wie zum Beispiel Gartenreisen und Literaturreisen&#8230;&#8230;.<\/p>\n<\/span> <span class=\"featured-link-holder\"> <span class=\"featured-extra-info\"> \n<p>F\u00fcr Paare, Familien &#038; Gruppen<\/p>\n<\/span> \n<p class=\"featured-link\">DETAILS<\/p>\n<\/span> <\/a><\/div>\n","protected":false},"excerpt":{"rendered":"<p>Dublin, Galway, Belfast\u2014 sie haben alle Charme. Doch lassen sie sich schwer mit den kleineren D\u00f6rfern und St\u00e4dten Irlands vergleichen. Wir denken, diese D\u00f6rfer befinden sich unter den sch\u00f6nsten, die \u00fcberhaupt in Irland gefunden werden k\u00f6nnen. Es ist sehr wohl ein kleines Land, doch Landschaft und K\u00fcste sind unvergleichlich. Kinsale \u2013 Grafschaft Cork &#8211; Kinsale [&hellip;]<\/p>\n","protected":false},"author":1,"featured_media":0,"parent":0,"menu_order":0,"comment_status":"closed","ping_status":"closed","template":"single-four.php","meta":[],"acf":[],"yoast_head":"<!-- This site is optimized with the Yoast SEO plugin v19.4 - https:\/\/yoast.com\/wordpress\/plugins\/seo\/ -->\n<title>Die 5 Sch\u00f6nsten D\u00f6rfer Irlands - Urlaub &amp; Reisen<\/title>\n<meta name=\"robots\" content=\"index, follow, max-snippet:-1, max-image-preview:large, max-video-preview:-1\" \/>\n<link rel=\"canonical\" href=\"https:\/\/www.urlaubcornwall.de\/blog\/top-5-der-malerischsten-doerfer-irlands\/\" \/>\n<meta property=\"og:locale\" content=\"en_US\" \/>\n<meta property=\"og:type\" content=\"article\" \/>\n<meta property=\"og:title\" content=\"Die 5 Sch\u00f6nsten D\u00f6rfer Irlands - Urlaub &amp; Reisen\" \/>\n<meta property=\"og:description\" content=\"Dublin, Galway, Belfast\u2014 sie haben alle Charme. Doch lassen sie sich schwer mit den kleineren D\u00f6rfern und St\u00e4dten Irlands vergleichen. Wir denken, diese D\u00f6rfer befinden sich unter den sch\u00f6nsten, die \u00fcberhaupt in Irland gefunden werden k\u00f6nnen. Es ist sehr wohl ein kleines Land, doch Landschaft und K\u00fcste sind unvergleichlich. Kinsale \u2013 Grafschaft Cork &#8211; Kinsale [&hellip;]\" \/>\n<meta property=\"og:url\" content=\"https:\/\/www.urlaubcornwall.de\/blog\/top-5-der-malerischsten-doerfer-irlands\/\" \/>\n<meta property=\"og:site_name\" content=\"Urlaub &amp; Reisen\" \/>\n<meta property=\"article:modified_time\" content=\"2024-05-29T10:36:30+00:00\" \/>\n<meta property=\"og:image\" content=\"https:\/\/www.urlaubcornwall.de\/blog\/wp-content\/uploads\/2024\/03\/cliffs-of-moher-irland.jpg\" \/>\n<meta name=\"twitter:card\" content=\"summary\" \/>\n<meta name=\"twitter:label1\" content=\"Est. reading time\" \/>\n\t<meta name=\"twitter:data1\" content=\"3 minutes\" \/>\n<script type=\"application\/ld+json\" class=\"yoast-schema-graph\">{\"@context\":\"https:\/\/schema.org\",\"@graph\":[{\"@type\":\"WebSite\",\"@id\":\"https:\/\/www.urlaubcornwall.de\/blog\/#website\",\"url\":\"https:\/\/www.urlaubcornwall.de\/blog\/\",\"name\":\"Urlaub &amp; Reisen\",\"description\":\"Urlaub, Reisen, Cornwall und S\u00fcdengland: eine perfekte Kombination\",\"potentialAction\":[{\"@type\":\"SearchAction\",\"target\":{\"@type\":\"EntryPoint\",\"urlTemplate\":\"https:\/\/www.urlaubcornwall.de\/blog\/?s={search_term_string}\"},\"query-input\":\"required name=search_term_string\"}],\"inLanguage\":\"en-US\"},{\"@type\":\"WebPage\",\"@id\":\"https:\/\/www.urlaubcornwall.de\/blog\/top-5-der-malerischsten-doerfer-irlands\/\",\"url\":\"https:\/\/www.urlaubcornwall.de\/blog\/top-5-der-malerischsten-doerfer-irlands\/\",\"name\":\"Die 5 Sch\u00f6nsten D\u00f6rfer Irlands - Urlaub &amp; Reisen\",\"isPartOf\":{\"@id\":\"https:\/\/www.urlaubcornwall.de\/blog\/#website\"},\"datePublished\":\"2015-11-08T14:22:04+00:00\",\"dateModified\":\"2024-05-29T10:36:30+00:00\",\"breadcrumb\":{\"@id\":\"https:\/\/www.urlaubcornwall.de\/blog\/top-5-der-malerischsten-doerfer-irlands\/#breadcrumb\"},\"inLanguage\":\"en-US\",\"potentialAction\":[{\"@type\":\"ReadAction\",\"target\":[\"https:\/\/www.urlaubcornwall.de\/blog\/top-5-der-malerischsten-doerfer-irlands\/\"]}]},{\"@type\":\"BreadcrumbList\",\"@id\":\"https:\/\/www.urlaubcornwall.de\/blog\/top-5-der-malerischsten-doerfer-irlands\/#breadcrumb\",\"itemListElement\":[{\"@type\":\"ListItem\",\"position\":1,\"name\":\"Home\",\"item\":\"https:\/\/www.urlaubcornwall.de\/blog\/\"},{\"@type\":\"ListItem\",\"position\":2,\"name\":\"Die 5 Sch\u00f6nsten D\u00f6rfer Irlands\"}]}]}<\/script>\n<!-- \/ Yoast SEO plugin. -->","yoast_head_json":{"title":"Die 5 Sch\u00f6nsten D\u00f6rfer Irlands - Urlaub &amp; Reisen","robots":{"index":"index","follow":"follow","max-snippet":"max-snippet:-1","max-image-preview":"max-image-preview:large","max-video-preview":"max-video-preview:-1"},"canonical":"https:\/\/www.urlaubcornwall.de\/blog\/top-5-der-malerischsten-doerfer-irlands\/","og_locale":"en_US","og_type":"article","og_title":"Die 5 Sch\u00f6nsten D\u00f6rfer Irlands - Urlaub &amp; Reisen","og_description":"Dublin, Galway, Belfast\u2014 sie haben alle Charme. Doch lassen sie sich schwer mit den kleineren D\u00f6rfern und St\u00e4dten Irlands vergleichen. Wir denken, diese D\u00f6rfer befinden sich unter den sch\u00f6nsten, die \u00fcberhaupt in Irland gefunden werden k\u00f6nnen. Es ist sehr wohl ein kleines Land, doch Landschaft und K\u00fcste sind unvergleichlich. Kinsale \u2013 Grafschaft Cork &#8211; Kinsale [&hellip;]","og_url":"https:\/\/www.urlaubcornwall.de\/blog\/top-5-der-malerischsten-doerfer-irlands\/","og_site_name":"Urlaub &amp; Reisen","article_modified_time":"2024-05-29T10:36:30+00:00","og_image":[{"url":"https:\/\/www.urlaubcornwall.de\/blog\/wp-content\/uploads\/2024\/03\/cliffs-of-moher-irland.jpg"}],"twitter_card":"summary","twitter_misc":{"Est. reading time":"3 minutes"},"schema":{"@context":"https:\/\/schema.org","@graph":[{"@type":"WebSite","@id":"https:\/\/www.urlaubcornwall.de\/blog\/#website","url":"https:\/\/www.urlaubcornwall.de\/blog\/","name":"Urlaub &amp; Reisen","description":"Urlaub, Reisen, Cornwall und S\u00fcdengland: eine perfekte Kombination","potentialAction":[{"@type":"SearchAction","target":{"@type":"EntryPoint","urlTemplate":"https:\/\/www.urlaubcornwall.de\/blog\/?s={search_term_string}"},"query-input":"required name=search_term_string"}],"inLanguage":"en-US"},{"@type":"WebPage","@id":"https:\/\/www.urlaubcornwall.de\/blog\/top-5-der-malerischsten-doerfer-irlands\/","url":"https:\/\/www.urlaubcornwall.de\/blog\/top-5-der-malerischsten-doerfer-irlands\/","name":"Die 5 Sch\u00f6nsten D\u00f6rfer Irlands - Urlaub &amp; Reisen","isPartOf":{"@id":"https:\/\/www.urlaubcornwall.de\/blog\/#website"},"datePublished":"2015-11-08T14:22:04+00:00","dateModified":"2024-05-29T10:36:30+00:00","breadcrumb":{"@id":"https:\/\/www.urlaubcornwall.de\/blog\/top-5-der-malerischsten-doerfer-irlands\/#breadcrumb"},"inLanguage":"en-US","potentialAction":[{"@type":"ReadAction","target":["https:\/\/www.urlaubcornwall.de\/blog\/top-5-der-malerischsten-doerfer-irlands\/"]}]},{"@type":"BreadcrumbList","@id":"https:\/\/www.urlaubcornwall.de\/blog\/top-5-der-malerischsten-doerfer-irlands\/#breadcrumb","itemListElement":[{"@type":"ListItem","position":1,"name":"Home","item":"https:\/\/www.urlaubcornwall.de\/blog\/"},{"@type":"ListItem","position":2,"name":"Die 5 Sch\u00f6nsten D\u00f6rfer Irlands"}]}]}},"_links":{"self":[{"href":"https:\/\/www.urlaubcornwall.de\/blog\/wp-json\/wp\/v2\/pages\/21774"}],"collection":[{"href":"https:\/\/www.urlaubcornwall.de\/blog\/wp-json\/wp\/v2\/pages"}],"about":[{"href":"https:\/\/www.urlaubcornwall.de\/blog\/wp-json\/wp\/v2\/types\/page"}],"author":[{"embeddable":true,"href":"https:\/\/www.urlaubcornwall.de\/blog\/wp-json\/wp\/v2\/users\/1"}],"replies":[{"embeddable":true,"href":"https:\/\/www.urlaubcornwall.de\/blog\/wp-json\/wp\/v2\/comments?post=21774"}],"version-history":[{"count":10,"href":"https:\/\/www.urlaubcornwall.de\/blog\/wp-json\/wp\/v2\/pages\/21774\/revisions"}],"predecessor-version":[{"id":50580,"href":"https:\/\/www.urlaubcornwall.de\/blog\/wp-json\/wp\/v2\/pages\/21774\/revisions\/50580"}],"wp:attachment":[{"href":"https:\/\/www.urlaubcornwall.de\/blog\/wp-json\/wp\/v2\/media?parent=21774"}],"curies":[{"name":"wp","href":"https:\/\/api.w.org\/{rel}","templated":true}]}}