{"id":21762,"date":"2015-11-08T13:44:03","date_gmt":"2015-11-08T13:44:03","guid":{"rendered":"https:\/\/www.urlaubcornwall.de\/blog\/?page_id=21762"},"modified":"2024-05-29T11:01:20","modified_gmt":"2024-05-29T11:01:20","slug":"top-5-der-malerischsten-doerfer-in-wales","status":"publish","type":"page","link":"https:\/\/www.urlaubcornwall.de\/blog\/top-5-der-malerischsten-doerfer-in-wales\/","title":{"rendered":"Die 5 Sch\u00f6nsten D\u00f6rfer in Wales"},"content":{"rendered":"<p style=\"text-align: left;\">Wo k\u00f6nnen Sie die h\u00fcbschesten und malerischsten D\u00f6rfer von Wales finden? <a href=\"https:\/\/www.urlaubcornwall.de\/reiseziel\/wales.php\">Wales<\/a> ist ein Landstrich, der bekannt ist f\u00fcr seine Burgen, Berge und herrlichen Sandstr\u00e4nde. Wir halten diese D\u00f6rfer f\u00fcr einige der sch\u00f6nsten, die \u00fcberhaupt in Wales gefunden werden k\u00f6nnen. Es ist sehr wohl ein kleines Land, doch die Landschaften sind unschlagbar.<\/p>\n<p><a href=\"https:\/\/www.urlaubcornwall.de\/blog\/wp-content\/uploads\/2024\/03\/Snowdon-Caernarfon-1.jpg\"><img loading=\"lazy\" src=\"https:\/\/www.urlaubcornwall.de\/blog\/wp-content\/uploads\/2024\/03\/Snowdon-Caernarfon-1.jpg\" alt=\"Snowdon,\" width=\"750\" height=\"500\" class=\"alignnone size-full wp-image-47961\" srcset=\"https:\/\/www.urlaubcornwall.de\/blog\/wp-content\/uploads\/2024\/03\/Snowdon-Caernarfon-1.jpg 750w, https:\/\/www.urlaubcornwall.de\/blog\/wp-content\/uploads\/2024\/03\/Snowdon-Caernarfon-1-300x200.jpg 300w\" sizes=\"(max-width: 750px) 100vw, 750px\" \/><\/a><\/p>\n<p style=\"text-align: left;\"><strong>Beddgelert, Snowdonia<\/strong> &#8211; <a href=\"https:\/\/www.urlaubcornwall.de\/ferienhaeuser-fewos\/wal\/nordwales\/beddgelert.html\">Beddgelert ist ein charmantes Dorf<\/a> am westlichen Zipfel des <a href=\"https:\/\/www.urlaubcornwall.de\/blog\/urlaub-in-snowdonia-sehenswuerdigkeiten-und-unterkunft\/\">Snowdonia Nationalparks<\/a> in einem der herrlichsten Wandergebiete des Landes gelegen und das Zuhause br\u00fctender Fischadler, was es wiederum bei Vogelbeobachtern beliebt macht. Das Dorf ist tief in der Geschichte verankert und soll nach dem Hund Gelert des Prinzen Llewlyn aus dem 13. Jahrhunderts benannt sein.<\/p>\n<p style=\"text-align: left;\"><strong>St David\u2019s \u2013 Pembrokeshire<\/strong> &#8211; Die wundersch\u00f6ne und einzigartige Stadt <a href=\"https:\/\/www.urlaubcornwall.de\/ferienhaeuser-fewos\/wal\/westwales\/st-davids.html\">St. David<\/a> ist die kleinste Stadt des Vereinigten K\u00f6nigreichs und befindet sich an der <a href=\"https:\/\/www.urlaubcornwall.de\/ferienhaeuser-fewos\/wal\/westwales\/westwales.html\">Westk\u00fcste von Wales<\/a>, umgeben von einer der malerischsten K\u00fcsten. Sie ist bei K\u00fcnstlern, Reisenden und Surfern beliebt, die wegen der Sonne, dem Meer und der Landschaft hierher kommen. St. David ist Schutzpatron von Wales, und sein Schrein war bei Pilgern ein beliebtes Ziel.<\/p>\n<p><img loading=\"lazy\" class=\"aligncenter size-full wp-image-47839\" src=\"https:\/\/www.urlaubcornwall.de\/blog\/wp-content\/uploads\/2024\/03\/Portmeirion.jpg\" alt=\"Portmeirion\" width=\"750\" height=\"500\" srcset=\"https:\/\/www.urlaubcornwall.de\/blog\/wp-content\/uploads\/2024\/03\/Portmeirion.jpg 750w, https:\/\/www.urlaubcornwall.de\/blog\/wp-content\/uploads\/2024\/03\/Portmeirion-300x200.jpg 300w\" sizes=\"(max-width: 750px) 100vw, 750px\" \/><\/p>\n<p style=\"text-align: left;\"><strong>Portmeirion, Gwynedd<\/strong> &#8211; Portmeirion ist das Dorf, das vom Architekten Clough William Ellis entworfen wurde. Es weist eine vertr\u00e4umte, ans Italienische erinnernde Architektur auf, gew\u00e4hrt herrliche Ausblicke und befindet sich ein paar Meilen s\u00fcdlich von Porthmadog an der K\u00fcste von Nordwales. Das Design soll zeigen, dass man eine wundersch\u00f6ne Lage entwickeln kann, ohne sie zu zerst\u00f6ren.<\/p>\n<p style=\"text-align: left;\"><strong>Betws-y-Coed, Conwy<\/strong> &#8211; <a href=\"https:\/\/www.urlaubcornwall.de\/ferienhaeuser-fewos\/wal\/nordwales\/betws-y-coed.html\">Betws-y-Coed liegt im wundersch\u00f6nen Waldgebiet Snowdonia<\/a>, umgeben von dichten W\u00e4ldern und herrlichen Bergen, st\u00fcrzenden Wasserf\u00e4llen und Seen in den H\u00fcgeln. Die Swallow Falls gelten als eine der beliebtesten Naturattraktionen in Wales.<\/p>\n<p style=\"text-align: left;\"><strong>Aberdovey, Gwynedd<\/strong> &#8211; <a href=\"https:\/\/www.urlaubcornwall.de\/ferienhaeuser-fewos\/wal\/nordwales\/aberdovey.html\">Aberdovey ist ein friedliches und attraktives Dorf<\/a> an der Westk\u00fcste von Wales, wo der Fluss Dyfi auf die blauen Wasser der <a href=\"https:\/\/www.urlaubcornwall.de\/ferienhaeuser-fewos\/wal\/westwales\/cardigan.html\">Cardigan Bucht<\/a> trifft, mit meilenweiten Sandstr\u00e4nden und einem gesch\u00e4ftigen Hafen. Mit seinem eigenen Mikroklima ist es seit langem beliebt bei Urlaubern und Wassersportlern.<\/p>\n<div class=\"snippet\"> <a class=\"featured-item\" href=\" https:\/\/www.urlaubcornwall.de\/ferienhaeuser\/wales.php\"> <span class=\"image-holder\" style=\"background-image: url(' https:\/\/www.urlaubcornwall.de\/blog\/wp-content\/uploads\/2018\/12\/busreisen-wales-england.jpg');\"><\/span> <span class=\"featured-content\"> \n<h2 class=\"featured-title\">Bei uns finden Sie Ferienh\u00e4user in Wales zum Verlieben!<\/h2>\n<p class=\"featured-body\">Untenstehend finden Sie eine Auswahl an Selbstversorger-Ferienh\u00e4usern in Wales. Hier finden Sie handverlesene, pers\u00f6nlich inspizierte Cottages entlang der walisischen K\u00fcste&#8230;..<\/p>\n<\/span> <span class=\"featured-link-holder\"> <span class=\"featured-extra-info\"> \n<p>F\u00fcr Paare, Familien &#038; Gruppen<\/p>\n<\/span> \n<p class=\"featured-link\">DETAILS<\/p>\n<\/span> <\/a><\/div>\n<p>UrlaubCornwall.de hat seinen Firmensitz in Cornwall in S\u00fcdwestengland und bietet Kunden im Deutsch sprechenden Europa Hilfe im Erstellen der perfekten Urlaubserfahrung hier. Wir haben <a href=\"http:\/\/www.urlaubcornwall.de\/rundreisenservice.php\">ein Team Deutsch sprechender Experten<\/a>, so dass wir eine individuelle Urlaub in England &amp; Wales. Wir bieten all denjenigen, die eine <a href=\"https:\/\/www.urlaubcornwall.de\/blog\/urlaub-england-wales-selbstfahrer-rundreise-12-tage\/\"><span style=\"text-decoration: underline;\">Rundreise<\/span><\/a> oder <span style=\"text-decoration: underline;\"><a href=\"https:\/\/www.urlaubcornwall.de\/blog\/busreisen-wales-wales-und-die-hoehepunkte-mittelenglands-7-tage\/\">Busreise<\/a><\/span> machen, ein Cottage suchen oder <a href=\"https:\/\/www.urlaubcornwall.de\/reiseziel\/wales.php\"><span style=\"text-decoration: underline;\">Urlaub in Wales<\/span><\/a> machen m\u00f6chten, einen einzigartigen und pers\u00f6nlichen Service.<\/p>\n","protected":false},"excerpt":{"rendered":"<p>Wo k\u00f6nnen Sie die h\u00fcbschesten und malerischsten D\u00f6rfer von Wales finden? Wales ist ein Landstrich, der bekannt ist f\u00fcr seine Burgen, Berge und herrlichen Sandstr\u00e4nde. Wir halten diese D\u00f6rfer f\u00fcr einige der sch\u00f6nsten, die \u00fcberhaupt in Wales gefunden werden k\u00f6nnen. Es ist sehr wohl ein kleines Land, doch die Landschaften sind unschlagbar. Beddgelert, Snowdonia &#8211; [&hellip;]<\/p>\n","protected":false},"author":1,"featured_media":0,"parent":0,"menu_order":0,"comment_status":"closed","ping_status":"closed","template":"single-four.php","meta":[],"acf":[],"yoast_head":"<!-- This site is optimized with the Yoast SEO plugin v19.4 - https:\/\/yoast.com\/wordpress\/plugins\/seo\/ -->\n<title>Die 5 Sch\u00f6nsten D\u00f6rfer in Wales - Urlaub &amp; Reisen<\/title>\n<meta name=\"robots\" content=\"index, follow, max-snippet:-1, max-image-preview:large, max-video-preview:-1\" \/>\n<link rel=\"canonical\" href=\"https:\/\/www.urlaubcornwall.de\/blog\/top-5-der-malerischsten-doerfer-in-wales\/\" \/>\n<meta property=\"og:locale\" content=\"en_US\" \/>\n<meta property=\"og:type\" content=\"article\" \/>\n<meta property=\"og:title\" content=\"Die 5 Sch\u00f6nsten D\u00f6rfer in Wales - Urlaub &amp; Reisen\" \/>\n<meta property=\"og:description\" content=\"Wo k\u00f6nnen Sie die h\u00fcbschesten und malerischsten D\u00f6rfer von Wales finden? Wales ist ein Landstrich, der bekannt ist f\u00fcr seine Burgen, Berge und herrlichen Sandstr\u00e4nde. Wir halten diese D\u00f6rfer f\u00fcr einige der sch\u00f6nsten, die \u00fcberhaupt in Wales gefunden werden k\u00f6nnen. Es ist sehr wohl ein kleines Land, doch die Landschaften sind unschlagbar. Beddgelert, Snowdonia &#8211; [&hellip;]\" \/>\n<meta property=\"og:url\" content=\"https:\/\/www.urlaubcornwall.de\/blog\/top-5-der-malerischsten-doerfer-in-wales\/\" \/>\n<meta property=\"og:site_name\" content=\"Urlaub &amp; Reisen\" \/>\n<meta property=\"article:modified_time\" content=\"2024-05-29T11:01:20+00:00\" \/>\n<meta property=\"og:image\" content=\"https:\/\/www.urlaubcornwall.de\/blog\/wp-content\/uploads\/2024\/03\/Snowdon-Caernarfon-1.jpg\" \/>\n<meta name=\"twitter:card\" content=\"summary\" \/>\n<meta name=\"twitter:label1\" content=\"Est. reading time\" \/>\n\t<meta name=\"twitter:data1\" content=\"3 minutes\" \/>\n<script type=\"application\/ld+json\" class=\"yoast-schema-graph\">{\"@context\":\"https:\/\/schema.org\",\"@graph\":[{\"@type\":\"WebSite\",\"@id\":\"https:\/\/www.urlaubcornwall.de\/blog\/#website\",\"url\":\"https:\/\/www.urlaubcornwall.de\/blog\/\",\"name\":\"Urlaub &amp; Reisen\",\"description\":\"Urlaub, Reisen, Cornwall und S\u00fcdengland: eine perfekte Kombination\",\"potentialAction\":[{\"@type\":\"SearchAction\",\"target\":{\"@type\":\"EntryPoint\",\"urlTemplate\":\"https:\/\/www.urlaubcornwall.de\/blog\/?s={search_term_string}\"},\"query-input\":\"required name=search_term_string\"}],\"inLanguage\":\"en-US\"},{\"@type\":\"WebPage\",\"@id\":\"https:\/\/www.urlaubcornwall.de\/blog\/top-5-der-malerischsten-doerfer-in-wales\/\",\"url\":\"https:\/\/www.urlaubcornwall.de\/blog\/top-5-der-malerischsten-doerfer-in-wales\/\",\"name\":\"Die 5 Sch\u00f6nsten D\u00f6rfer in Wales - Urlaub &amp; Reisen\",\"isPartOf\":{\"@id\":\"https:\/\/www.urlaubcornwall.de\/blog\/#website\"},\"datePublished\":\"2015-11-08T13:44:03+00:00\",\"dateModified\":\"2024-05-29T11:01:20+00:00\",\"breadcrumb\":{\"@id\":\"https:\/\/www.urlaubcornwall.de\/blog\/top-5-der-malerischsten-doerfer-in-wales\/#breadcrumb\"},\"inLanguage\":\"en-US\",\"potentialAction\":[{\"@type\":\"ReadAction\",\"target\":[\"https:\/\/www.urlaubcornwall.de\/blog\/top-5-der-malerischsten-doerfer-in-wales\/\"]}]},{\"@type\":\"BreadcrumbList\",\"@id\":\"https:\/\/www.urlaubcornwall.de\/blog\/top-5-der-malerischsten-doerfer-in-wales\/#breadcrumb\",\"itemListElement\":[{\"@type\":\"ListItem\",\"position\":1,\"name\":\"Home\",\"item\":\"https:\/\/www.urlaubcornwall.de\/blog\/\"},{\"@type\":\"ListItem\",\"position\":2,\"name\":\"Die 5 Sch\u00f6nsten D\u00f6rfer in Wales\"}]}]}<\/script>\n<!-- \/ Yoast SEO plugin. -->","yoast_head_json":{"title":"Die 5 Sch\u00f6nsten D\u00f6rfer in Wales - Urlaub &amp; Reisen","robots":{"index":"index","follow":"follow","max-snippet":"max-snippet:-1","max-image-preview":"max-image-preview:large","max-video-preview":"max-video-preview:-1"},"canonical":"https:\/\/www.urlaubcornwall.de\/blog\/top-5-der-malerischsten-doerfer-in-wales\/","og_locale":"en_US","og_type":"article","og_title":"Die 5 Sch\u00f6nsten D\u00f6rfer in Wales - Urlaub &amp; Reisen","og_description":"Wo k\u00f6nnen Sie die h\u00fcbschesten und malerischsten D\u00f6rfer von Wales finden? Wales ist ein Landstrich, der bekannt ist f\u00fcr seine Burgen, Berge und herrlichen Sandstr\u00e4nde. Wir halten diese D\u00f6rfer f\u00fcr einige der sch\u00f6nsten, die \u00fcberhaupt in Wales gefunden werden k\u00f6nnen. Es ist sehr wohl ein kleines Land, doch die Landschaften sind unschlagbar. Beddgelert, Snowdonia &#8211; [&hellip;]","og_url":"https:\/\/www.urlaubcornwall.de\/blog\/top-5-der-malerischsten-doerfer-in-wales\/","og_site_name":"Urlaub &amp; Reisen","article_modified_time":"2024-05-29T11:01:20+00:00","og_image":[{"url":"https:\/\/www.urlaubcornwall.de\/blog\/wp-content\/uploads\/2024\/03\/Snowdon-Caernarfon-1.jpg"}],"twitter_card":"summary","twitter_misc":{"Est. reading time":"3 minutes"},"schema":{"@context":"https:\/\/schema.org","@graph":[{"@type":"WebSite","@id":"https:\/\/www.urlaubcornwall.de\/blog\/#website","url":"https:\/\/www.urlaubcornwall.de\/blog\/","name":"Urlaub &amp; Reisen","description":"Urlaub, Reisen, Cornwall und S\u00fcdengland: eine perfekte Kombination","potentialAction":[{"@type":"SearchAction","target":{"@type":"EntryPoint","urlTemplate":"https:\/\/www.urlaubcornwall.de\/blog\/?s={search_term_string}"},"query-input":"required name=search_term_string"}],"inLanguage":"en-US"},{"@type":"WebPage","@id":"https:\/\/www.urlaubcornwall.de\/blog\/top-5-der-malerischsten-doerfer-in-wales\/","url":"https:\/\/www.urlaubcornwall.de\/blog\/top-5-der-malerischsten-doerfer-in-wales\/","name":"Die 5 Sch\u00f6nsten D\u00f6rfer in Wales - Urlaub &amp; Reisen","isPartOf":{"@id":"https:\/\/www.urlaubcornwall.de\/blog\/#website"},"datePublished":"2015-11-08T13:44:03+00:00","dateModified":"2024-05-29T11:01:20+00:00","breadcrumb":{"@id":"https:\/\/www.urlaubcornwall.de\/blog\/top-5-der-malerischsten-doerfer-in-wales\/#breadcrumb"},"inLanguage":"en-US","potentialAction":[{"@type":"ReadAction","target":["https:\/\/www.urlaubcornwall.de\/blog\/top-5-der-malerischsten-doerfer-in-wales\/"]}]},{"@type":"BreadcrumbList","@id":"https:\/\/www.urlaubcornwall.de\/blog\/top-5-der-malerischsten-doerfer-in-wales\/#breadcrumb","itemListElement":[{"@type":"ListItem","position":1,"name":"Home","item":"https:\/\/www.urlaubcornwall.de\/blog\/"},{"@type":"ListItem","position":2,"name":"Die 5 Sch\u00f6nsten D\u00f6rfer in Wales"}]}]}},"_links":{"self":[{"href":"https:\/\/www.urlaubcornwall.de\/blog\/wp-json\/wp\/v2\/pages\/21762"}],"collection":[{"href":"https:\/\/www.urlaubcornwall.de\/blog\/wp-json\/wp\/v2\/pages"}],"about":[{"href":"https:\/\/www.urlaubcornwall.de\/blog\/wp-json\/wp\/v2\/types\/page"}],"author":[{"embeddable":true,"href":"https:\/\/www.urlaubcornwall.de\/blog\/wp-json\/wp\/v2\/users\/1"}],"replies":[{"embeddable":true,"href":"https:\/\/www.urlaubcornwall.de\/blog\/wp-json\/wp\/v2\/comments?post=21762"}],"version-history":[{"count":19,"href":"https:\/\/www.urlaubcornwall.de\/blog\/wp-json\/wp\/v2\/pages\/21762\/revisions"}],"predecessor-version":[{"id":50603,"href":"https:\/\/www.urlaubcornwall.de\/blog\/wp-json\/wp\/v2\/pages\/21762\/revisions\/50603"}],"wp:attachment":[{"href":"https:\/\/www.urlaubcornwall.de\/blog\/wp-json\/wp\/v2\/media?parent=21762"}],"curies":[{"name":"wp","href":"https:\/\/api.w.org\/{rel}","templated":true}]}}