{"id":21709,"date":"2015-11-04T17:11:05","date_gmt":"2015-11-04T17:11:05","guid":{"rendered":"https:\/\/www.urlaubcornwall.de\/blog\/?page_id=21709"},"modified":"2024-05-28T12:47:11","modified_gmt":"2024-05-28T12:47:11","slug":"gefuehrte-wanderreisen-in-england-individual-oder-gruppenwanderung","status":"publish","type":"page","link":"https:\/\/www.urlaubcornwall.de\/blog\/gefuehrte-wanderreisen-in-england-individual-oder-gruppenwanderung\/","title":{"rendered":"Gef\u00fchrte Wanderreisen in England: Individual oder Gruppenwanderung."},"content":{"rendered":"<p><a href=\"https:\/\/www.urlaubcornwall.de\/blog\/wp-content\/uploads\/2024\/03\/gower-halbinsel-wales-1.jpg\"><img loading=\"lazy\" class=\"aligncenter size-full wp-image-47959\" src=\"https:\/\/www.urlaubcornwall.de\/blog\/wp-content\/uploads\/2024\/03\/gower-halbinsel-wales-1.jpg\" alt=\"gower halbinsel wales\" width=\"750\" height=\"500\" srcset=\"https:\/\/www.urlaubcornwall.de\/blog\/wp-content\/uploads\/2024\/03\/gower-halbinsel-wales-1.jpg 750w, https:\/\/www.urlaubcornwall.de\/blog\/wp-content\/uploads\/2024\/03\/gower-halbinsel-wales-1-300x200.jpg 300w\" sizes=\"(max-width: 750px) 100vw, 750px\" \/><\/a><\/p>\n<p>Gef\u00fchrte Wanderurlaube in Cornwall &amp; S\u00fcdengland, Lake District &amp; Wales und Kanalinseln &#8211; Urlaub Cornwall sind Spezialisten f\u00fcr ungef\u00fchrte und gef\u00fchrte Wanderurlaube.<\/p>\n<p>Sind Sie auf der Suche nach einer ungef\u00fchrte oder gef\u00fchrte Individual-Gruppenwanderung in England? Es handelt sich hierbei um Langstreckenwanderurlaube, bei denen Sie jede Nacht an einem anderen Ort verbringen und wir f\u00fcr Sie alles organisieren, einschlie\u00dflich des Transfers Ihres Gep\u00e4cks sowie Ihre Unterkunft.<\/p>\n<h3><\/h3>\n<p><strong>Gef\u00fchrte Wanderreise in Cornwall 10 Tage<\/strong><\/p>\n<h3><\/h3>\n<table>\n<tbody>\n<tr>\n<td><img loading=\"lazy\" class=\"aligncenter size-full wp-image-7093\" style=\"border: 0pt none; padding: 0px;\" src=\"https:\/\/www.urlaubcornwall.de\/blog\/wp-content\/uploads\/2012\/05\/St-Ives-Wandern.jpg\" alt=\"Wandern St Ives\" width=\"148\" height=\"118\" \/><\/td>\n<td>Wandern auf dem K\u00fcstenpfad Cornwalls, einst zur Kontrolle des Schmuggels an der zerkl\u00fcfteten K\u00fcste angelegt, ist es ein unvergessliches Erlebnis: Raue Klippen und goldene Sandstr\u00e4nde wechseln ab mit sanften Steilk\u00fcsten und hecken durchzogenem Farmland&#8230;.\n<h3><\/h3>\n<p><strong>Highlights:<\/strong> Falmouth \u2013 Trebah Garden \u2013 St. Michaels Mount \u2013 St. Ives\u2013 Kynance Cove<\/p>\n<h3><\/h3>\n<p><span style=\"text-decoration: underline;\"><strong><\/strong><strong><a href=\"https:\/\/www.urlaubcornwall.de\/blog\/gefuehrte-wanderreise-in-cornwall-10-tage\/\">Erfahren Sie mehr<\/a><\/strong><\/span><\/p><\/td>\n<\/tr>\n<\/tbody>\n<\/table>\n<h3><\/h3>\n<p><strong>Wanderreise Wales &#8211; 8 Tage Wanderrundreise Wales und England<\/strong><\/p>\n<h3><\/h3>\n<table>\n<tbody>\n<tr>\n<td><img loading=\"lazy\" class=\"aligncenter size-full wp-image-7093\" style=\"border: 0pt none; padding: 0px;\" src=\"https:\/\/www.urlaubcornwall.de\/blog\/wp-content\/uploads\/2014\/02\/4XDKOZV_1.jpg\" alt=\"Wanderurlaub devon\" width=\"148\" height=\"118\" \/><\/td>\n<td>Wales\u2019 landschaftliche Reize und kulturhistorische Sch\u00e4tze sind in Gro\u00dfbritannien wohl bekannt. Mit 21.000 km\u00b2 ist Wales etwa so gro\u00df wie Hessen, mit 2,9 Millionen Einwohnern aber nur halb so dicht besiedelt. &#8230;.\n<h3><\/h3>\n<p><strong>Highlights:<\/strong> Manchester &#8211; Conwy Mountain &#8211; Mount Snowdon &#8211; Rhinog Mountain<\/p>\n<h3><\/h3>\n<p><span style=\"text-decoration: underline;\"><strong><\/strong><strong><a href=\"https:\/\/www.urlaubcornwall.de\/blog\/wanderreise-wales-8-tage-wanderrundreise-wales-und-england\/\">Erfahren Sie mehr<\/a><\/strong><\/span><\/p><\/td>\n<\/tr>\n<\/tbody>\n<\/table>\n","protected":false},"excerpt":{"rendered":"<p>Gef\u00fchrte Wanderurlaube in Cornwall &amp; S\u00fcdengland, Lake District &amp; Wales und Kanalinseln &#8211; Urlaub Cornwall sind Spezialisten f\u00fcr ungef\u00fchrte und gef\u00fchrte Wanderurlaube. Sind Sie auf der Suche nach einer ungef\u00fchrte oder gef\u00fchrte Individual-Gruppenwanderung in England? Es handelt sich hierbei um Langstreckenwanderurlaube, bei denen Sie jede Nacht an einem anderen Ort verbringen und wir f\u00fcr Sie [&hellip;]<\/p>\n","protected":false},"author":1,"featured_media":0,"parent":0,"menu_order":0,"comment_status":"closed","ping_status":"closed","template":"single-four.php","meta":[],"acf":[],"yoast_head":"<!-- This site is optimized with the Yoast SEO plugin v19.4 - https:\/\/yoast.com\/wordpress\/plugins\/seo\/ -->\n<title>Gef\u00fchrte Wanderreisen in England: Individual oder Gruppenwanderung. - Urlaub &amp; Reisen<\/title>\n<meta name=\"robots\" content=\"index, follow, max-snippet:-1, max-image-preview:large, max-video-preview:-1\" \/>\n<link rel=\"canonical\" href=\"https:\/\/www.urlaubcornwall.de\/blog\/gefuehrte-wanderreisen-in-england-individual-oder-gruppenwanderung\/\" \/>\n<meta property=\"og:locale\" content=\"en_US\" \/>\n<meta property=\"og:type\" content=\"article\" \/>\n<meta property=\"og:title\" content=\"Gef\u00fchrte Wanderreisen in England: Individual oder Gruppenwanderung. - Urlaub &amp; Reisen\" \/>\n<meta property=\"og:description\" content=\"Gef\u00fchrte Wanderurlaube in Cornwall &amp; S\u00fcdengland, Lake District &amp; Wales und Kanalinseln &#8211; Urlaub Cornwall sind Spezialisten f\u00fcr ungef\u00fchrte und gef\u00fchrte Wanderurlaube. Sind Sie auf der Suche nach einer ungef\u00fchrte oder gef\u00fchrte Individual-Gruppenwanderung in England? Es handelt sich hierbei um Langstreckenwanderurlaube, bei denen Sie jede Nacht an einem anderen Ort verbringen und wir f\u00fcr Sie [&hellip;]\" \/>\n<meta property=\"og:url\" content=\"https:\/\/www.urlaubcornwall.de\/blog\/gefuehrte-wanderreisen-in-england-individual-oder-gruppenwanderung\/\" \/>\n<meta property=\"og:site_name\" content=\"Urlaub &amp; Reisen\" \/>\n<meta property=\"article:modified_time\" content=\"2024-05-28T12:47:11+00:00\" \/>\n<meta property=\"og:image\" content=\"https:\/\/www.urlaubcornwall.de\/blog\/wp-content\/uploads\/2024\/03\/gower-halbinsel-wales-1.jpg\" \/>\n<meta name=\"twitter:card\" content=\"summary\" \/>\n<meta name=\"twitter:label1\" content=\"Est. reading time\" \/>\n\t<meta name=\"twitter:data1\" content=\"2 minutes\" \/>\n<script type=\"application\/ld+json\" class=\"yoast-schema-graph\">{\"@context\":\"https:\/\/schema.org\",\"@graph\":[{\"@type\":\"WebSite\",\"@id\":\"https:\/\/www.urlaubcornwall.de\/blog\/#website\",\"url\":\"https:\/\/www.urlaubcornwall.de\/blog\/\",\"name\":\"Urlaub &amp; Reisen\",\"description\":\"Urlaub, Reisen, Cornwall und S\u00fcdengland: eine perfekte Kombination\",\"potentialAction\":[{\"@type\":\"SearchAction\",\"target\":{\"@type\":\"EntryPoint\",\"urlTemplate\":\"https:\/\/www.urlaubcornwall.de\/blog\/?s={search_term_string}\"},\"query-input\":\"required name=search_term_string\"}],\"inLanguage\":\"en-US\"},{\"@type\":\"WebPage\",\"@id\":\"https:\/\/www.urlaubcornwall.de\/blog\/gefuehrte-wanderreisen-in-england-individual-oder-gruppenwanderung\/\",\"url\":\"https:\/\/www.urlaubcornwall.de\/blog\/gefuehrte-wanderreisen-in-england-individual-oder-gruppenwanderung\/\",\"name\":\"Gef\u00fchrte Wanderreisen in England: Individual oder Gruppenwanderung. - Urlaub &amp; Reisen\",\"isPartOf\":{\"@id\":\"https:\/\/www.urlaubcornwall.de\/blog\/#website\"},\"datePublished\":\"2015-11-04T17:11:05+00:00\",\"dateModified\":\"2024-05-28T12:47:11+00:00\",\"breadcrumb\":{\"@id\":\"https:\/\/www.urlaubcornwall.de\/blog\/gefuehrte-wanderreisen-in-england-individual-oder-gruppenwanderung\/#breadcrumb\"},\"inLanguage\":\"en-US\",\"potentialAction\":[{\"@type\":\"ReadAction\",\"target\":[\"https:\/\/www.urlaubcornwall.de\/blog\/gefuehrte-wanderreisen-in-england-individual-oder-gruppenwanderung\/\"]}]},{\"@type\":\"BreadcrumbList\",\"@id\":\"https:\/\/www.urlaubcornwall.de\/blog\/gefuehrte-wanderreisen-in-england-individual-oder-gruppenwanderung\/#breadcrumb\",\"itemListElement\":[{\"@type\":\"ListItem\",\"position\":1,\"name\":\"Home\",\"item\":\"https:\/\/www.urlaubcornwall.de\/blog\/\"},{\"@type\":\"ListItem\",\"position\":2,\"name\":\"Gef\u00fchrte Wanderreisen in England: Individual oder Gruppenwanderung.\"}]}]}<\/script>\n<!-- \/ Yoast SEO plugin. -->","yoast_head_json":{"title":"Gef\u00fchrte Wanderreisen in England: Individual oder Gruppenwanderung. - Urlaub &amp; Reisen","robots":{"index":"index","follow":"follow","max-snippet":"max-snippet:-1","max-image-preview":"max-image-preview:large","max-video-preview":"max-video-preview:-1"},"canonical":"https:\/\/www.urlaubcornwall.de\/blog\/gefuehrte-wanderreisen-in-england-individual-oder-gruppenwanderung\/","og_locale":"en_US","og_type":"article","og_title":"Gef\u00fchrte Wanderreisen in England: Individual oder Gruppenwanderung. - Urlaub &amp; Reisen","og_description":"Gef\u00fchrte Wanderurlaube in Cornwall &amp; S\u00fcdengland, Lake District &amp; Wales und Kanalinseln &#8211; Urlaub Cornwall sind Spezialisten f\u00fcr ungef\u00fchrte und gef\u00fchrte Wanderurlaube. Sind Sie auf der Suche nach einer ungef\u00fchrte oder gef\u00fchrte Individual-Gruppenwanderung in England? Es handelt sich hierbei um Langstreckenwanderurlaube, bei denen Sie jede Nacht an einem anderen Ort verbringen und wir f\u00fcr Sie [&hellip;]","og_url":"https:\/\/www.urlaubcornwall.de\/blog\/gefuehrte-wanderreisen-in-england-individual-oder-gruppenwanderung\/","og_site_name":"Urlaub &amp; Reisen","article_modified_time":"2024-05-28T12:47:11+00:00","og_image":[{"url":"https:\/\/www.urlaubcornwall.de\/blog\/wp-content\/uploads\/2024\/03\/gower-halbinsel-wales-1.jpg"}],"twitter_card":"summary","twitter_misc":{"Est. reading time":"2 minutes"},"schema":{"@context":"https:\/\/schema.org","@graph":[{"@type":"WebSite","@id":"https:\/\/www.urlaubcornwall.de\/blog\/#website","url":"https:\/\/www.urlaubcornwall.de\/blog\/","name":"Urlaub &amp; Reisen","description":"Urlaub, Reisen, Cornwall und S\u00fcdengland: eine perfekte Kombination","potentialAction":[{"@type":"SearchAction","target":{"@type":"EntryPoint","urlTemplate":"https:\/\/www.urlaubcornwall.de\/blog\/?s={search_term_string}"},"query-input":"required name=search_term_string"}],"inLanguage":"en-US"},{"@type":"WebPage","@id":"https:\/\/www.urlaubcornwall.de\/blog\/gefuehrte-wanderreisen-in-england-individual-oder-gruppenwanderung\/","url":"https:\/\/www.urlaubcornwall.de\/blog\/gefuehrte-wanderreisen-in-england-individual-oder-gruppenwanderung\/","name":"Gef\u00fchrte Wanderreisen in England: Individual oder Gruppenwanderung. - Urlaub &amp; Reisen","isPartOf":{"@id":"https:\/\/www.urlaubcornwall.de\/blog\/#website"},"datePublished":"2015-11-04T17:11:05+00:00","dateModified":"2024-05-28T12:47:11+00:00","breadcrumb":{"@id":"https:\/\/www.urlaubcornwall.de\/blog\/gefuehrte-wanderreisen-in-england-individual-oder-gruppenwanderung\/#breadcrumb"},"inLanguage":"en-US","potentialAction":[{"@type":"ReadAction","target":["https:\/\/www.urlaubcornwall.de\/blog\/gefuehrte-wanderreisen-in-england-individual-oder-gruppenwanderung\/"]}]},{"@type":"BreadcrumbList","@id":"https:\/\/www.urlaubcornwall.de\/blog\/gefuehrte-wanderreisen-in-england-individual-oder-gruppenwanderung\/#breadcrumb","itemListElement":[{"@type":"ListItem","position":1,"name":"Home","item":"https:\/\/www.urlaubcornwall.de\/blog\/"},{"@type":"ListItem","position":2,"name":"Gef\u00fchrte Wanderreisen in England: Individual oder Gruppenwanderung."}]}]}},"_links":{"self":[{"href":"https:\/\/www.urlaubcornwall.de\/blog\/wp-json\/wp\/v2\/pages\/21709"}],"collection":[{"href":"https:\/\/www.urlaubcornwall.de\/blog\/wp-json\/wp\/v2\/pages"}],"about":[{"href":"https:\/\/www.urlaubcornwall.de\/blog\/wp-json\/wp\/v2\/types\/page"}],"author":[{"embeddable":true,"href":"https:\/\/www.urlaubcornwall.de\/blog\/wp-json\/wp\/v2\/users\/1"}],"replies":[{"embeddable":true,"href":"https:\/\/www.urlaubcornwall.de\/blog\/wp-json\/wp\/v2\/comments?post=21709"}],"version-history":[{"count":6,"href":"https:\/\/www.urlaubcornwall.de\/blog\/wp-json\/wp\/v2\/pages\/21709\/revisions"}],"predecessor-version":[{"id":50388,"href":"https:\/\/www.urlaubcornwall.de\/blog\/wp-json\/wp\/v2\/pages\/21709\/revisions\/50388"}],"wp:attachment":[{"href":"https:\/\/www.urlaubcornwall.de\/blog\/wp-json\/wp\/v2\/media?parent=21709"}],"curies":[{"name":"wp","href":"https:\/\/api.w.org\/{rel}","templated":true}]}}