{"id":21594,"date":"2015-11-01T17:14:11","date_gmt":"2015-11-01T17:14:11","guid":{"rendered":"https:\/\/www.urlaubcornwall.de\/blog\/?page_id=21594"},"modified":"2024-04-09T09:50:10","modified_gmt":"2024-04-09T09:50:10","slug":"test-1232","status":"publish","type":"page","link":"https:\/\/www.urlaubcornwall.de\/blog\/test-1232\/","title":{"rendered":"Planung Ihrer Rundreise in Cornwall"},"content":{"rendered":"<p><a href=\"https:\/\/www.urlaubcornwall.de\/blog\/wp-content\/uploads\/2015\/10\/rundreise-cornwall.jpg\"><img loading=\"lazy\" class=\"aligncenter size-full wp-image-21137\" src=\"https:\/\/www.urlaubcornwall.de\/blog\/wp-content\/uploads\/2015\/10\/rundreise-cornwall.jpg\" alt=\"rundreise cornwall\" height=\"149\" width=\"747\" srcset=\"https:\/\/www.urlaubcornwall.de\/blog\/wp-content\/uploads\/2015\/10\/rundreise-cornwall.jpg 747w, https:\/\/www.urlaubcornwall.de\/blog\/wp-content\/uploads\/2015\/10\/rundreise-cornwall-300x60.jpg 300w\" sizes=\"(max-width: 747px) 100vw, 747px\" \/><\/a><br \/>\n<strong>Wir helfen Ihnen gern bei der Planung Ihrer Rundreise durch Cornwall und S\u00fcdengland.<\/strong><\/p>\n<p>UrlaubCornwall ist ein in Cornwall ans\u00e4ssiges Unternehmen k\u00f6nnen wir uns mit 17 Jahren Erfahrung in der Organisation von Touren durch S\u00fcdengland r\u00fchmen. Suchen Sie Inspiration, so finden Sie hier eine Auswahl an beschriebenen Rundreisen und Touren durch Cornwall und S\u00fcdengland. Oder wenn Sie vielleicht ganz besondere Anforderungen haben, k\u00f6nnen wir Ihnen ein auf Sie zugeschnittenes Paket zusammenstellen.<\/p>\n<p><strong>Wenn Sie&nbsp;Ihre Selbstfahrerreise bei uns buchen, genie\u00dfen Sie folgende Vorteile:<\/strong><\/p>\n<ol>\n<li>Gerne erstellen wir Ihnen einen individuellen Reiseverlauf<\/li>\n<li>Grosse Auswahl und Kontingente, auch in der Hochsaison<\/li>\n<li>Kompetente Beratung und Planung<\/li>\n<li>G\u00fcnstiger als bei einer Buchung vor Ort<\/li>\n<li>Zeitersparnis im Vorfeld und vor Ort, wenn alles schon vorgebucht ist<\/li>\n<\/ol>\n<p>Unsere Urlaubsspezialisten bieten einen umfassenden Reiseservice einschlie\u00dflich Fl\u00fcgen, F\u00e4hren, Autovermietung und Unterkunft in Hotels und B&amp;Bs, die jedem Geldbeutel gerecht werden. Unsere Websitedetails zeigen lediglich eine kleine Auswahl dessen, was wir anbieten k\u00f6nnen.<\/p>\n<p>Um mit einem Teammitglied in Verbindung zu treten, schicken Sie uns einfach <span style=\"text-decoration: underline;\"><strong><a href=\"http:\/\/www.urlaubcornwall.de\/anfrage.php\">Ihre Nachfragen.<\/a><\/strong><\/span> <strong>Lassen Sie ein konkretes Angebot kostenlos erstellen, wir beraten Sie gerne!<\/strong><\/p>\n<a href=\"#\" id=\"hypotext-anchor-your-target-id\" class=\"hypotext closed\" rel=\"hypotext-content-your-target-id\"><br \/>\n<strong>Hier finden Sie eine Auswahl an Touren und Rundreisen in Cornwall, S\u00fcdengland<\/strong><strong> \u25bc<\/strong><strong><br \/>\n<\/strong>\n<\/a>\n<div class=\"hypotext-content hypotext-content-your-target-id\" rel=\"hypotext-anchor-your-target-id\"><a href=\"#\" class=\"hypotext closed close\" rel=\"hypotext-content-your-target-id\"><\/a>\n<h2 style=\"text-align: left;\"><a href=\"https:\/\/www.urlaubcornwall.de\/blog\/autotour-in-grossbritannien-cornwall-rundreise-9-tage\/\"><span style=\"text-decoration: underline;\"><strong>Cornwall Rundreise<\/strong><\/span><\/a> &#8211; 9 Tage <strong><br \/>\n<\/strong><\/h2>\n<h3 style=\"text-align: left;\">&nbsp;<\/h3>\n<p style=\"text-align: left;\"><strong>Cornwall | S\u00fcdwestengland<\/strong><strong> | London | Rundreisen<br \/>\n<\/strong><\/p>\n<table>\n<tbody>\n<tr>\n<td><img loading=\"lazy\" class=\"aligncenter size-full wp-image-7093\" style=\"border: 0pt none; padding: 0px;\" src=\"https:\/\/www.urlaubcornwall.de\/blog\/wp-content\/uploads\/2014\/04\/falmouth-cornwall-04.jpg\" alt=\"rundreise falmouth cornwall \" height=\"118\" width=\"148\"\/><\/td>\n<td><strong> Erh\u00e4ltlich von Apr\u2013Sep :<\/strong> Bei dieser Cornwall Rundreise entdecken Sie die H\u00f6hepunkte S\u00fcdenglands. Kultur, Geschichte, Landschaft und heutiges Leben werden Sie hierbei kennenlernen&#8230;.\n<h3>&nbsp;<\/h3>\n<p><strong>Highlights: <\/strong>London, Bournemouth, Falmouth, Bath &#8211; <span style=\"text-decoration: underline;\"><strong><a href=\"https:\/\/www.urlaubcornwall.de\/blog\/autotour-in-grossbritannien-cornwall-rundreise-9-tage\/\">N\u00e4here Details<\/a><\/strong><\/span><\/p><\/td>\n<\/tr>\n<\/tbody>\n<\/table>\n<h3>&nbsp;<\/h3>\n<h2 style=\"text-align: left;\"><a href=\"https:\/\/www.urlaubcornwall.de\/blog\/autoreise-cornwall-eindrucksvolles-devon-cornwall-6-tage\/\"><span style=\"text-decoration: underline;\"><strong>Eindrucksvolles Devon &amp; Cornwall<\/strong><\/span><\/a> &#8211; 6 Tage <strong><br \/>\n<\/strong><\/h2>\n<h3 style=\"text-align: left;\">&nbsp;<\/h3>\n<p style=\"text-align: left;\"><strong>Cornwall | Devon | S\u00fcdwestengland | Rund<\/strong><strong>reisen<\/strong><\/p>\n<table>\n<tbody>\n<tr>\n<td><img loading=\"lazy\" class=\"aligncenter size-full wp-image-7093\" style=\"border: 0pt none; padding: 0px;\" src=\"https:\/\/www.urlaubcornwall.de\/blog\/wp-content\/uploads\/2015\/10\/urlaub-plymouth.jpg\" alt=\"reise devon\" height=\"118\" width=\"148\"\/><\/td>\n<td><strong>Erh\u00e4ltlich von Apr \u2013 Sep :<\/strong> Sie wollen mit Ihren Kindern eine Familienreise S\u00fcdengland unternehmen und suchen noch das passende Angebot? Dann ist diese Autotour S\u00fcdengland f\u00fcr Familien genau das Richtige&#8230;.\n<h3>&nbsp;<\/h3>\n<p><strong>Highlights:<\/strong> Southampton, Winchester, Plymouth, Bath, Bristol &#8211; <strong><span style=\"text-decoration: underline;\"><a href=\"https:\/\/www.urlaubcornwall.de\/blog\/autoreise-cornwall-eindrucksvolles-devon-cornwall-6-tage\/\">N\u00e4here Details<\/a><\/span> <\/strong><\/p><\/td>\n<\/tr>\n<\/tbody>\n<\/table>\n<h3>&nbsp;<\/h3>\n<h2 style=\"text-align: left;\"><span style=\"text-decoration: underline;\"><strong><a href=\"https:\/\/www.urlaubcornwall.de\/blog\/suedengland-fuer-familien-rundreise-england-8-tage\/\">S\u00fcdengland f\u00fcr Familien<\/a><\/strong><\/span> &#8211; 8 Tage<\/h2>\n<p style=\"text-align: left;\"><strong>Sussex | Kent | Hampshire | S\u00fcdengland | Rund<\/strong><strong>reisen<\/strong><\/p>\n<h3>&nbsp;<\/h3>\n<table>\n<tbody>\n<tr>\n<td><img loading=\"lazy\" class=\"aligncenter size-full wp-image-7093\" style=\"border: 0pt none; padding: 0px;\" src=\"https:\/\/www.urlaubcornwall.de\/blog\/wp-content\/uploads\/2024\/03\/sussex-am-meer-rotated.jpg\" alt=\" \" height=\"118\" width=\"148\"\/><\/td>\n<td><strong>T\u00e4glich m\u00f6glich! :<\/strong> Sie wollen mit Ihren Kindern eine Familienreise S\u00fcdengland unternehmen und suchen noch das passende Angebot? Dann ist diese Autotour S\u00fcdengland f\u00fcr Familien genau das Richtige&#8230;.\n<h3>&nbsp;<\/h3>\n<p><strong>Highlights: <\/strong>Canterbury, Southampton, Brighton, Stonehenge, Windsor &#8211; <span style=\"text-decoration: underline;\"><strong><a href=\"https:\/\/www.urlaubcornwall.de\/blog\/suedengland-fuer-familien-rundreise-england-8-tage\/\">N\u00e4here Details<\/a><\/strong><\/span><\/p><\/td>\n<\/tr>\n<\/tbody>\n<\/table>\n<h3>&nbsp;<\/h3>\n<h2 style=\"text-align: left;\"><a href=\"https:\/\/www.urlaubcornwall.de\/blog\/mietwagenreise-suedewestengland-west-country-kueste-ab-london\/\"><span style=\"text-decoration: underline;\"><strong>S\u00fcdwest-England: West Country &amp; K\u00fcste<\/strong><\/span><\/a>&#8211;<strong> 8 Tage<br \/>\n<\/strong><\/h2>\n<h3 style=\"text-align: left;\">&nbsp;<\/h3>\n<p style=\"text-align: left;\"><strong>Devon| Somerset | S\u00fcdengland | <\/strong><strong>Rundreisen<br \/>\n<\/strong><\/p>\n<table>\n<tbody>\n<tr>\n<td><img loading=\"lazy\" class=\"aligncenter size-full wp-image-7093\" style=\"border: 0pt none; padding: 0px;\" src=\"https:\/\/www.urlaubcornwall.de\/blog\/wp-content\/uploads\/2015\/08\/Glastonbury.jpg\" alt=\"reisen westengland\" height=\"118\" width=\"148\"\/><\/td>\n<td><strong>Erh\u00e4ltlich von Apr \u2013 Sep :<\/strong> Sehen und erleben Sie auf dieser Mietwagenreise ab London die H\u00f6hepunkte Westenglands in einer achtt\u00e4gigen Selbstfahrertour.\n<h3>&nbsp;<\/h3>\n<p><strong>Highlights:<\/strong> Stonehenge, Exeter, Dartmouth, Glastonbury, Bath &#8211; <strong><span style=\"text-decoration: underline;\"><a href=\"https:\/\/www.urlaubcornwall.de\/blog\/mietwagenreise-suedewestengland-west-country-kueste-ab-london\/\">N\u00e4here Details<\/a><\/span> <\/strong><\/p><\/td>\n<\/tr>\n<\/tbody>\n<\/table>\n<h3>&nbsp;<\/h3>\n<h2 style=\"text-align: left;\"><a href=\"https:\/\/www.urlaubcornwall.de\/blog\/autoreisen-in-suedengland-gaerten-schloesser-8-tage\/\"><span style=\"text-decoration: underline;\"><strong>Autoreisen S\u00fcdengland: \u201cG\u00e4rten &amp; Schl\u00f6sser\u201d<\/strong><\/span><\/a> &#8211;<strong> 8 Tage<br \/>\n<\/strong><\/h2>\n<h3 style=\"text-align: left;\">&nbsp;<\/h3>\n<p style=\"text-align: left;\"><strong>S\u00fcdengland | Kent | Hampshire | Wiltshire | Rundreisen<br \/>\n<\/strong><\/p>\n<table>\n<tbody>\n<tr>\n<td><img loading=\"lazy\" class=\"aligncenter size-full wp-image-7093\" style=\"border: 0pt none; padding: 0px;\" src=\"https:\/\/www.urlaubcornwall.de\/blog\/wp-content\/uploads\/2015\/10\/urlaub-Salisbury_new.jpg\" alt=\" width=\" height=\"118\"\/><\/td>\n<td><strong>Erh\u00e4ltlich von Apr \u2013 Sep :<\/strong> Bl\u00fchende G\u00e4rten und herrliche Schl\u00f6sser erwarten Sie auf dieser S\u00fcdengland Reise. Sie starten und enden in London, eine Stadt, wo es immer wieder etwas zu entdecken gibt.\n<h3>&nbsp;<\/h3>\n<p><strong>Highlights: <\/strong>London, G\u00e4rten, Sissinghurst, Canterbury, Bristol &#8211;<strong><span style=\"text-decoration: underline;\"><a href=\"https:\/\/www.urlaubcornwall.de\/blog\/autoreisen-in-suedengland-gaerten-schloesser-8-tage\/\">N\u00e4here Details<\/a><\/span><\/strong><\/p><\/td>\n<\/tr>\n<\/tbody>\n<\/table>\n<\/div>\n<h3>&nbsp;<\/h3>\n<h3>&nbsp;<a href=\"https:\/\/www.urlaubcornwall.de\/blog\/wp-content\/uploads\/2012\/10\/IMG_05991-Rundreise-resized12.jpg\"><img loading=\"lazy\" class=\"aligncenter size-full wp-image-20178\" src=\"https:\/\/www.urlaubcornwall.de\/blog\/wp-content\/uploads\/2012\/10\/IMG_05991-Rundreise-resized12.jpg\" alt=\"scilly strand\" height=\"215\" width=\"745\" srcset=\"https:\/\/www.urlaubcornwall.de\/blog\/wp-content\/uploads\/2012\/10\/IMG_05991-Rundreise-resized12.jpg 745w, https:\/\/www.urlaubcornwall.de\/blog\/wp-content\/uploads\/2012\/10\/IMG_05991-Rundreise-resized12-300x87.jpg 300w\" sizes=\"(max-width: 745px) 100vw, 745px\" \/><\/a><\/h3>\n<h1 style=\"text-align: center;\"><strong>Pauschalreise Scilly Inseln: Ihr Traumurlaub beginnt hier! <\/strong><\/h1>\n<p style=\"text-align: left;\">Wir sind Experten, was die Scilly Inseln und Cornwall &#8211; UrlaubCornwall stellt den besten Geheimtipp Gro\u00dfbritanniens vor: Die Scilly-Inseln &#8211; betrifft und Ihnen gerne dabei behilflich, die Scilly Inseln auf einer Rundreise durch Cornwall mit einzubeziehen.<\/p>\n<a href=\"#\" id=\"hypotext-anchor-Scilly\" class=\"hypotext closed\" rel=\"hypotext-content-Scilly\">\n<p><strong>Das Unbekannte Paradies! <\/strong><strong>Urlaubspaket f\u00fcr die Scilly Inseln<\/strong><strong> \u25bc<\/strong><strong><br \/>\n<\/strong><br \/>\n<\/p><\/a>\n<div class=\"hypotext-content hypotext-content-Scilly\" rel=\"hypotext-anchor-Scilly\"><a href=\"#\" class=\"hypotext closed close\" rel=\"hypotext-content-Scilly\"><\/a>\n<h1 style=\"text-align: center;\"><span style=\"text-decoration: underline;\"><strong> <a href=\"https:\/\/www.urlaubcornwall.de\/blog\/scilly-islands-kurzreise-packages-4-tage\/\">Scilly Islands Kurzreise Packages \u2013 4 Tage &gt;<\/a><\/strong><\/span><\/h1>\n<p style=\"text-align: center;\"><strong>Sie m\u00f6chten England erkunden und dabei auch die Scilly Islands sehen?<\/strong> Mit unseren Short-Break-Packages \u00fcberhaupt kein Problem! Dieses 4-Tage Programm l\u00e4sst sich perfekt in jede Selbstfahrertour integrieren, Sie k\u00f6nnen w\u00e4hlen zwischen Abflug in Exeter, Newquay oder Land\u2019s End oder von Penzance aus die F\u00e4hre auf die Scilly Islands nehmen.<br \/>\nBesuchen Sie dieses Juwel Englands auf einen Abstecher!<\/p>\n<h1 style=\"text-align: center;\"><span style=\"text-decoration: underline;\"><strong><a href=\"https:\/\/www.urlaubcornwall.de\/blog\/scilly-islands-packages-6-tage\/\">Isles of Scilly Pauschalreise &#8211; 6 Tage &gt; <\/a><\/strong><\/span><\/h1>\n<p style=\"text-align: center;\" align=\"justify\"><strong>Erkunden Sie mit unserem kompletten Package die Scilly Islands!<\/strong> Zugfahrten in England sowie Fl\u00fcge auf die Scilly Islands sind im Preis bereits enthalten, sodass Sie sich um nichts mehr zu k\u00fcmmern brauchen. Genie\u00dfen Sie einfach die unverwechselbare und einzigartige Flora und Fauna S\u00fcdenglands und die Unbeschwertheit der Scilly Islands.<\/p>\n<h1 style=\"text-align: center;\"><strong><span style=\"text-decoration: underline;\"><a href=\"https:\/\/www.urlaubcornwall.de\/blog\/autoreise-cornwall-scilly-inseln-13-tage\/\">Cornwall &amp; Scilly Inseln \u2013 13 Tage &gt;<\/a><\/span><\/strong><\/h1>\n<p style=\"text-align: center;\"><strong>Auf dieser Autoreise erkunden Sie neben den H\u00f6hepunkten Cornwalls auch die einmalig sch\u00f6nen Scilly Islands.<\/strong> Diese besondere Inselgruppe ist autofrei und damit bei Naturfreunden besonders beliebt. Eine kleine Auszeit w\u00e4hrend einer beeindruckenden Rundreise ist Ihnen damit sicher!<\/p>\n<\/div><br \/>\n<a href=\"https:\/\/www.urlaubcornwall.de\/blog\/wp-content\/uploads\/2014\/08\/sejour_angleterre.jpg\"><img loading=\"lazy\" class=\"aligncenter size-full wp-image-20172\" src=\"https:\/\/www.urlaubcornwall.de\/blog\/wp-content\/uploads\/2014\/08\/sejour_angleterre.jpg\" alt=\"\" height=\"199\" width=\"745\" srcset=\"https:\/\/www.urlaubcornwall.de\/blog\/wp-content\/uploads\/2014\/08\/sejour_angleterre.jpg 742w, https:\/\/www.urlaubcornwall.de\/blog\/wp-content\/uploads\/2014\/08\/sejour_angleterre-300x80.jpg 300w\" sizes=\"(max-width: 745px) 100vw, 745px\" \/><\/a><br \/>\n<a href=\"#\" id=\"hypotext-anchor-uber-uns\" class=\"hypotext closed\" rel=\"hypotext-content-uber-uns\">\n<p style=\"text-align: left;\"><span style=\"text-decoration: underline;\"><strong>Urlaubcornwall.de &#8211; Was bieten wir an? <\/strong><strong>\u25bc<\/strong><br \/>\n<\/span><\/p>\n<\/a><br \/>\n<div class=\"hypotext-content hypotext-content-uber-uns\" rel=\"hypotext-anchor-uber-uns\"><a href=\"#\" class=\"hypotext closed close\" rel=\"hypotext-content-uber-uns\"><\/a>\n<p style=\"text-align: left;\">UrlaubCornwall ist ein in Cornwall ans\u00e4ssiges Unternehmen und gemeinsam mit unserem Partners k\u00f6nnen wir uns mit 17 Jahren Erfahrung in der Organisation von Touren durch S\u00fcdengland r\u00fchmen. Es gibt so viel zu entdecken auf einer Pkw-Rundreise durch diese herrliche Region. Wir k\u00f6nnen Ihnen die sehenswertesten Orte und Attraktionen empfehlen, die Sie in Ihrem Urlaub nicht missen sollten und durch unsere Ortskenntnisse haben wir nat\u00fcrlich viele Tipps f\u00fcr Sie parat, die Ihren Urlaub zu etwas ganz Besonderem machen.<\/p>\n<p style=\"text-align: left;\"><strong>1.<\/strong> Unser erfahrenes deutschsprachiges Team ber\u00e4t Sie und kann Ihnen eine auf Ihre Bed\u00fcrfnisse zugeschnittene Tour zusammenstellen.<\/p>\n<p style=\"text-align: left;\"><strong>2.<\/strong> Wir senden Ihnen detaillierte Informationen zu Ihrer Tour mit Empfehlungen f\u00fcr Tagesausfl\u00fcge und Sehensw\u00fcrdigkeiten.<\/p>\n<p style=\"text-align: left;\"><strong>3.<\/strong> Handverlesene Unterkunft in Cornwall, Scilly-Inseln und S\u00fcdengland.<\/p>\n<p style=\"text-align: left;\"><strong>4.<\/strong> Eine gro\u00dfe Auswahl an sorgf\u00e4ltig ausgesuchten und pers\u00f6nlich begutachteten Hotels , Bed and Breakfasts und Ferienh\u00e4usern.<\/p>\n<p style=\"text-align: left;\"><strong>5.<\/strong> Wir organisieren Ihre Autof\u00e4hre nach Dover oder Fl\u00fcge nach Gro\u00dfbritannien.<\/p>\n<p style=\"text-align: left;\"><strong>6.<\/strong> Fliegen Sie nach Gro\u00dfbritannien? Wir organisieren Ihren Mietwagen f\u00fcr Sie.<\/p>\n<h2 style=\"text-align: left;\">Urlaubstipps<\/h2>\n<p style=\"text-align: left;\"><strong>Reisen in Cornwall und S\u00fcdengland : Erkunden, Entdecken, Genie\u00dfen.<\/strong><\/p>\n<p style=\"text-align: left;\">Ob Sie nun nach England fliegen oder lieber mit der F\u00e4hre nach Dover \u00fcbersetzen, wir unterst\u00fctzen Sie gern bei der <a title=\"Unsere Top 10 Tipps f\u00fcr Autoreisen in Gro\u00dfbritannien\" href=\"https:\/\/www.urlaubcornwall.de\/blog\/unsere-top-10-tipps-fuer-autoreisen-in-grossbritannien\/\"><span style=\"text-decoration: underline;\"><strong>Planung Ihrer Tour<\/strong><\/span><\/a> durch die Grafschaften Kent, Sussex, Hampshire, Wiltshire bis nach Devon und Cornwall. Dies sind einige <a href=\"https:\/\/www.urlaubcornwall.de\/blog\/2013\/01\/unsere-9-lieblingstouren-durch-cornwall-devon-und-suedengland\/\"><span style=\"text-decoration: underline;\"><strong>unserer Lieblingsorte und \u2013 routen<\/strong><\/span><\/a>, die Ihnen vielleicht auch f\u00fcr Ihre.<\/p>\n<\/div>\n","protected":false},"excerpt":{"rendered":"<p>Wir helfen Ihnen gern bei der Planung Ihrer Rundreise durch Cornwall und S\u00fcdengland. UrlaubCornwall ist ein in Cornwall ans\u00e4ssiges Unternehmen k\u00f6nnen wir uns mit 17 Jahren Erfahrung in der Organisation von Touren durch S\u00fcdengland r\u00fchmen. Suchen Sie Inspiration, so finden Sie hier eine Auswahl an beschriebenen Rundreisen und Touren durch Cornwall und S\u00fcdengland. Oder wenn [&hellip;]<\/p>\n","protected":false},"author":1,"featured_media":0,"parent":0,"menu_order":0,"comment_status":"closed","ping_status":"closed","template":"single-four.php","meta":[],"acf":[],"yoast_head":"<!-- This site is optimized with the Yoast SEO plugin v19.4 - https:\/\/yoast.com\/wordpress\/plugins\/seo\/ -->\n<title>Planung Ihrer Rundreise in Cornwall - Urlaub &amp; Reisen<\/title>\n<meta name=\"robots\" content=\"index, follow, max-snippet:-1, max-image-preview:large, max-video-preview:-1\" \/>\n<link rel=\"canonical\" href=\"https:\/\/www.urlaubcornwall.de\/blog\/test-1232\/\" \/>\n<meta property=\"og:locale\" content=\"en_US\" \/>\n<meta property=\"og:type\" content=\"article\" \/>\n<meta property=\"og:title\" content=\"Planung Ihrer Rundreise in Cornwall - Urlaub &amp; Reisen\" \/>\n<meta property=\"og:description\" content=\"Wir helfen Ihnen gern bei der Planung Ihrer Rundreise durch Cornwall und S\u00fcdengland. UrlaubCornwall ist ein in Cornwall ans\u00e4ssiges Unternehmen k\u00f6nnen wir uns mit 17 Jahren Erfahrung in der Organisation von Touren durch S\u00fcdengland r\u00fchmen. Suchen Sie Inspiration, so finden Sie hier eine Auswahl an beschriebenen Rundreisen und Touren durch Cornwall und S\u00fcdengland. Oder wenn [&hellip;]\" \/>\n<meta property=\"og:url\" content=\"https:\/\/www.urlaubcornwall.de\/blog\/test-1232\/\" \/>\n<meta property=\"og:site_name\" content=\"Urlaub &amp; Reisen\" \/>\n<meta property=\"article:modified_time\" content=\"2024-04-09T09:50:10+00:00\" \/>\n<meta property=\"og:image\" content=\"https:\/\/www.urlaubcornwall.de\/blog\/wp-content\/uploads\/2015\/10\/rundreise-cornwall.jpg\" \/>\n<meta name=\"twitter:card\" content=\"summary\" \/>\n<meta name=\"twitter:label1\" content=\"Est. reading time\" \/>\n\t<meta name=\"twitter:data1\" content=\"6 minutes\" \/>\n<script type=\"application\/ld+json\" class=\"yoast-schema-graph\">{\"@context\":\"https:\/\/schema.org\",\"@graph\":[{\"@type\":\"WebSite\",\"@id\":\"https:\/\/www.urlaubcornwall.de\/blog\/#website\",\"url\":\"https:\/\/www.urlaubcornwall.de\/blog\/\",\"name\":\"Urlaub &amp; Reisen\",\"description\":\"Urlaub, Reisen, Cornwall und S\u00fcdengland: eine perfekte Kombination\",\"potentialAction\":[{\"@type\":\"SearchAction\",\"target\":{\"@type\":\"EntryPoint\",\"urlTemplate\":\"https:\/\/www.urlaubcornwall.de\/blog\/?s={search_term_string}\"},\"query-input\":\"required name=search_term_string\"}],\"inLanguage\":\"en-US\"},{\"@type\":\"WebPage\",\"@id\":\"https:\/\/www.urlaubcornwall.de\/blog\/test-1232\/\",\"url\":\"https:\/\/www.urlaubcornwall.de\/blog\/test-1232\/\",\"name\":\"Planung Ihrer Rundreise in Cornwall - Urlaub &amp; Reisen\",\"isPartOf\":{\"@id\":\"https:\/\/www.urlaubcornwall.de\/blog\/#website\"},\"datePublished\":\"2015-11-01T17:14:11+00:00\",\"dateModified\":\"2024-04-09T09:50:10+00:00\",\"breadcrumb\":{\"@id\":\"https:\/\/www.urlaubcornwall.de\/blog\/test-1232\/#breadcrumb\"},\"inLanguage\":\"en-US\",\"potentialAction\":[{\"@type\":\"ReadAction\",\"target\":[\"https:\/\/www.urlaubcornwall.de\/blog\/test-1232\/\"]}]},{\"@type\":\"BreadcrumbList\",\"@id\":\"https:\/\/www.urlaubcornwall.de\/blog\/test-1232\/#breadcrumb\",\"itemListElement\":[{\"@type\":\"ListItem\",\"position\":1,\"name\":\"Home\",\"item\":\"https:\/\/www.urlaubcornwall.de\/blog\/\"},{\"@type\":\"ListItem\",\"position\":2,\"name\":\"Planung Ihrer Rundreise in Cornwall\"}]}]}<\/script>\n<!-- \/ Yoast SEO plugin. -->","yoast_head_json":{"title":"Planung Ihrer Rundreise in Cornwall - Urlaub &amp; Reisen","robots":{"index":"index","follow":"follow","max-snippet":"max-snippet:-1","max-image-preview":"max-image-preview:large","max-video-preview":"max-video-preview:-1"},"canonical":"https:\/\/www.urlaubcornwall.de\/blog\/test-1232\/","og_locale":"en_US","og_type":"article","og_title":"Planung Ihrer Rundreise in Cornwall - Urlaub &amp; Reisen","og_description":"Wir helfen Ihnen gern bei der Planung Ihrer Rundreise durch Cornwall und S\u00fcdengland. UrlaubCornwall ist ein in Cornwall ans\u00e4ssiges Unternehmen k\u00f6nnen wir uns mit 17 Jahren Erfahrung in der Organisation von Touren durch S\u00fcdengland r\u00fchmen. Suchen Sie Inspiration, so finden Sie hier eine Auswahl an beschriebenen Rundreisen und Touren durch Cornwall und S\u00fcdengland. Oder wenn [&hellip;]","og_url":"https:\/\/www.urlaubcornwall.de\/blog\/test-1232\/","og_site_name":"Urlaub &amp; Reisen","article_modified_time":"2024-04-09T09:50:10+00:00","og_image":[{"url":"https:\/\/www.urlaubcornwall.de\/blog\/wp-content\/uploads\/2015\/10\/rundreise-cornwall.jpg"}],"twitter_card":"summary","twitter_misc":{"Est. reading time":"6 minutes"},"schema":{"@context":"https:\/\/schema.org","@graph":[{"@type":"WebSite","@id":"https:\/\/www.urlaubcornwall.de\/blog\/#website","url":"https:\/\/www.urlaubcornwall.de\/blog\/","name":"Urlaub &amp; Reisen","description":"Urlaub, Reisen, Cornwall und S\u00fcdengland: eine perfekte Kombination","potentialAction":[{"@type":"SearchAction","target":{"@type":"EntryPoint","urlTemplate":"https:\/\/www.urlaubcornwall.de\/blog\/?s={search_term_string}"},"query-input":"required name=search_term_string"}],"inLanguage":"en-US"},{"@type":"WebPage","@id":"https:\/\/www.urlaubcornwall.de\/blog\/test-1232\/","url":"https:\/\/www.urlaubcornwall.de\/blog\/test-1232\/","name":"Planung Ihrer Rundreise in Cornwall - Urlaub &amp; Reisen","isPartOf":{"@id":"https:\/\/www.urlaubcornwall.de\/blog\/#website"},"datePublished":"2015-11-01T17:14:11+00:00","dateModified":"2024-04-09T09:50:10+00:00","breadcrumb":{"@id":"https:\/\/www.urlaubcornwall.de\/blog\/test-1232\/#breadcrumb"},"inLanguage":"en-US","potentialAction":[{"@type":"ReadAction","target":["https:\/\/www.urlaubcornwall.de\/blog\/test-1232\/"]}]},{"@type":"BreadcrumbList","@id":"https:\/\/www.urlaubcornwall.de\/blog\/test-1232\/#breadcrumb","itemListElement":[{"@type":"ListItem","position":1,"name":"Home","item":"https:\/\/www.urlaubcornwall.de\/blog\/"},{"@type":"ListItem","position":2,"name":"Planung Ihrer Rundreise in Cornwall"}]}]}},"_links":{"self":[{"href":"https:\/\/www.urlaubcornwall.de\/blog\/wp-json\/wp\/v2\/pages\/21594"}],"collection":[{"href":"https:\/\/www.urlaubcornwall.de\/blog\/wp-json\/wp\/v2\/pages"}],"about":[{"href":"https:\/\/www.urlaubcornwall.de\/blog\/wp-json\/wp\/v2\/types\/page"}],"author":[{"embeddable":true,"href":"https:\/\/www.urlaubcornwall.de\/blog\/wp-json\/wp\/v2\/users\/1"}],"replies":[{"embeddable":true,"href":"https:\/\/www.urlaubcornwall.de\/blog\/wp-json\/wp\/v2\/comments?post=21594"}],"version-history":[{"count":45,"href":"https:\/\/www.urlaubcornwall.de\/blog\/wp-json\/wp\/v2\/pages\/21594\/revisions"}],"predecessor-version":[{"id":49130,"href":"https:\/\/www.urlaubcornwall.de\/blog\/wp-json\/wp\/v2\/pages\/21594\/revisions\/49130"}],"wp:attachment":[{"href":"https:\/\/www.urlaubcornwall.de\/blog\/wp-json\/wp\/v2\/media?parent=21594"}],"curies":[{"name":"wp","href":"https:\/\/api.w.org\/{rel}","templated":true}]}}