{"id":21554,"date":"2015-10-31T16:38:04","date_gmt":"2015-10-31T16:38:04","guid":{"rendered":"https:\/\/www.urlaubcornwall.de\/blog\/?page_id=21554"},"modified":"2024-05-29T11:02:20","modified_gmt":"2024-05-29T11:02:20","slug":"wanderreise-wales-8-tage-wanderrundreise-wales-und-england","status":"publish","type":"page","link":"https:\/\/www.urlaubcornwall.de\/blog\/wanderreise-wales-8-tage-wanderrundreise-wales-und-england\/","title":{"rendered":"Wanderreise Wales &#8211; 8 Tage Wanderrundreise Wales und England"},"content":{"rendered":"<p><a href=\"https:\/\/www.urlaubcornwall.de\/blog\/wp-content\/uploads\/2024\/03\/Green-Bridge-of-Wales-Castlemartin-Wales-1.jpg\"><img loading=\"lazy\" src=\"https:\/\/www.urlaubcornwall.de\/blog\/wp-content\/uploads\/2024\/03\/Green-Bridge-of-Wales-Castlemartin-Wales-1.jpg\" alt=\"\" width=\"750\" height=\"516\" class=\"alignnone size-full wp-image-47960\" srcset=\"https:\/\/www.urlaubcornwall.de\/blog\/wp-content\/uploads\/2024\/03\/Green-Bridge-of-Wales-Castlemartin-Wales-1.jpg 750w, https:\/\/www.urlaubcornwall.de\/blog\/wp-content\/uploads\/2024\/03\/Green-Bridge-of-Wales-Castlemartin-Wales-1-300x206.jpg 300w\" sizes=\"(max-width: 750px) 100vw, 750px\" \/><\/a><\/p>\n<p><strong>Highlights:<\/strong> Manchester &#8211; Delta des Afon Mawddach &#8211; Conwy Mountain &#8211; Mount Snowdon &#8211; Rhinog Mountain<\/p>\n<p>Wales\u2019 landschaftliche Reize und kulturhistorische Sch\u00e4tze sind in Gro\u00dfbritannien wohl bekannt. Mit 21.000 km\u00b2 ist Wales etwa so gro\u00df wie Hessen, mit 2,9 Millionen Einwohnern aber nur halb so dicht besiedelt. Vor 150 Jahren war Wales das Herz der europ\u00e4ischen Industrialisierung. In den alten Kohlebergbauregionen des S\u00fcdens lebt heute noch der Gro\u00dfteil der Bev\u00f6lkerung. Aus diesen Zeiten stammt die Tradition der weltber\u00fchmten M\u00e4nnerch\u00f6re. <\/p>\n<p>Manchmal h\u00f6rt man sie in einem der gem\u00fctlichen Pubs proben. Snowdonia im d\u00fcnn besiedelten Norden ist ein ideales Wanderrevier. Es bietet eine Konzentration von traumhaften Landschaften, wie sie nur selten in Europa zu finden ist. Die K\u00fcstenregionen haben kilometerlange Sandstr\u00e4nde und Steilk\u00fcsten. Kleine Fl\u00fcsse wandeln sich \u00fcber wenige Kilometer in gro\u00dfe Str\u00f6me und m\u00fcnden in breiten Deltas ins Meer. Dazwischen liegen malerische Hafenst\u00e4dtchen, viktorianische Badeorte und m\u00e4chtige Burgen, die an Ritterfilme erinnern. Abgerundet wird die Sch\u00f6nheit des Landes durch die ruhige und freundliche Lebensart der Waliser. Die Uhren ticken hier anders &#8211; langsamer. Im Herbst nutzen wir erstmalig das faszinierende Farbenspiel f\u00fcr eine Reise unter Anleitung eines Profifotografen!<\/p>\n<p style=\"text-align: center;\"><a class=\"tidycta\" href=\"http:\/\/www.urlaubcornwall.de\/anfrage.php?tourcode=WAL-AKTIV4\">Anfrage \/ Buchung<\/a><\/p>\n<p><strong>Tourbeschreibung:<\/strong>8 Tage Wanderreise Wales und England<\/p>\n<p>8 Tage \/ 7 N\u00e4chte, deutschsprachig, 3 gef\u00fchrte Wanderungen, 2 Tagesausfl\u00fcge mit Wanderung, kleine Gruppen (mind. 4\/max. 14 Personen)<\/p>\n<p><strong>1. TAG: Anreise<\/strong><\/p>\n<p>Beginn der Wanderreise Wales: Individuelle Anreise bis zum Flughafen Manchester, 1 Sammeltransfer.<\/p>\n<p><strong>2. TAG: Caernarfon<\/strong><\/p>\n<p>Wir besichtigen die Kr\u00f6nungsburg des Prince of Wales in Caernarfon und haben dann noch ein wenig Zeit zum Bummeln. Nachmittags geht es zu einer keltischen Bergfestung mit tollem Blick \u00fcber die Cardigan Bay, Anglesey und die Llyn Halbinsel (7 km, +- 300 m, HA 250 m, GZ 2 Std.). Alternativ wandern wir \u00fcber den tollen Naturstrand unterhalb des Berges.<\/p>\n<p><strong>3. TAG: Barmouth<\/strong><\/p>\n<p>Bei Dolgellau startet die Panoramawanderung am Delta des Afon Mawddach. Es ist eine der sch\u00f6nsten Flussm\u00fcndungen der britischen Inseln mit einer bezaubernden Landschaften und Vegetation. Geheimnisvoll thront dar\u00fcber der Cadair Idris, der Berg des Zauberers. Auf halber Strecke sehen wir das Ziel unserer Wanderung, Barmouth, das wir \u00fcber die letzte h\u00f6lzerne Eisenbahnbr\u00fccke der Britischen Inseln, 1867 mit 820 m L\u00e4nge erbaut, erreichen. Abends Diavortrag \u00fcber den Nationalpark. (14 km, +- 400 m, HA 150 m, GZ 5 Std.)<\/p>\n<p><strong>4. TAG: Wales<\/strong><\/p>\n<p>Tag zur freien Verf\u00fcgung: Vormittags bieten wir einen gef\u00fchrten Rundgang durch den Park unseres Herrenhauses an (ca. 45 Min.). Nachmittags haben Sie die Wahl zwischen einer Fahrt vom hauseigenen Bahnhof mit der historischen Dampfeisenbahn bis Mynfordd, einer Wanderung im traumhaften Hochtal von Croeso und einem Strandtag (per Bus in 30 Minuten erreichbar).<\/p>\n<p><a href=\"https:\/\/www.urlaubcornwall.de\/blog\/wp-content\/uploads\/2024\/03\/Snowdon-Caernarfon-1.jpg\"><img loading=\"lazy\" class=\"aligncenter size-full wp-image-47961\" src=\"https:\/\/www.urlaubcornwall.de\/blog\/wp-content\/uploads\/2024\/03\/Snowdon-Caernarfon-1.jpg\" alt=\"Snowdon,\" width=\"750\" height=\"500\" srcset=\"https:\/\/www.urlaubcornwall.de\/blog\/wp-content\/uploads\/2024\/03\/Snowdon-Caernarfon-1.jpg 750w, https:\/\/www.urlaubcornwall.de\/blog\/wp-content\/uploads\/2024\/03\/Snowdon-Caernarfon-1-300x200.jpg 300w\" sizes=\"(max-width: 750px) 100vw, 750px\" \/><\/a><\/p>\n<p><strong>5. TAG: Mount Snowdon<\/strong><\/p>\n<p>Nach dem Fr\u00fchst\u00fcck steht eine Wanderung am Mount Snowdon auf dem Programm. Wir wandern bis zu seinem h\u00f6chsten Bergsee, in dem King Arthur begraben liegt. Bei gutem Wetter besteht die Option, zum Gipfel weiter zu gehen. Da wir immer 2 Guides dabei haben, teilen wir auf Wunsch die Gruppe auf (10 km, +- 400 m, HA 150 m, GZ 4 Std.).<\/p>\n<p><strong>6. TAG: Conwy Mountains<\/strong><\/p>\n<p>Vormittags Wanderung in den Conwy Mountains mit tollem Blick auf das weltber\u00fchmte Conwy Castle und die Stadt mit ihren perfekt erhaltenen Mauern. Nach einer kurzen Stadtf\u00fchrung haben wir Zeit zur freien Verf\u00fcgung. Nachmittags besichtigen wir Bodnant Garden, einen der sch\u00f6nsten G\u00e4rten Gro\u00dfbritanniens.<br \/>\n(8 km, +- 250 m, HA 100 m, GZ 2,5 Std.)<\/p>\n<p><strong>7. TAG: Harlech<\/strong><\/p>\n<p>Der erste Teil der Wanderung verl\u00e4uft auf sanfter H\u00f6he in die Rhinog Mountains, entlang bronzezeitlicher Handelswege. Der zweite Teil geht \u00fcber den kilometerlangen D\u00fcnenstrand des Naturschutzgebiets von Harlech. Nachmittags lassen wir die Reise gem\u00fctlich ausklingen, z.B. beim Baden oder Bummeln im idyllischen Harlech mit Kunstgewerbel\u00e4den und sch\u00f6nen Caf\u00e9s. Den ganzen Tag lang haben wir einen traumhaften Blick \u00fcber die K\u00fcste und die Gebirgsketten Snowdonias (9 km, +- 250 m, HA 100 m, GZ 3 Std.).<\/p>\n<p><strong>8. TAG: Heimreise<\/strong><\/p>\n<p>Hwyl fawr Cymru \u2013 Auf Wiedersehen Wales! Transfer zum Flughafen Manchester, Flug nach Deutschland und Ende der 8-t\u00e4gigen Wanderrundreise Wales und England.<\/p>\n<p>Auf Wunsch buchen wir Ihnen weitere N\u00e4chte im Vorfeld, Anschlussprogramme, Transfers oder Fl\u00fcge gerne dazu. Wir beraten Sie gerne!<\/p>\n<p><strong>Eingeschlossene Leistungen<\/strong><\/p>\n<p>Flughafentransfers als Sammeltransfers ab\/bis Manchester<\/p>\n<p>alle Transfers an Tagen mit festem Programm<\/p>\n<p>7 \u00dcbernachtungen im Studienzentrum des Snowdonia Nationalparks<\/p>\n<p>Halbpension mit walisischem oder kontinentalem Fruhstuck, abends 3-G\u00e4nge-Wahlmenu mit vegetarischer Option<\/p>\n<p>gef\u00fchrte Tageswanderungen\/Ausfl\u00fcge lt. Programm<\/p>\n<p>gemeinsame Gestaltung der Tagesprogramme mit dem Snowdonia National Park \u2013 einzigartig auf dem deutschen Markt<\/p>\n<p>an 3 Tagen zus\u00e4tzliche Begleitung durch lokalen Guide des Nationalpark- Studienzentrums<\/p>\n<p>ortskundige, deutschsprachige Reiseleitung<\/p>\n<p>Eintrittsgelder von Caernnafon Castle, Bodnant Garden und Aberconwy House<\/p>\n<p><strong>Nicht eingeschlossene Leistungen:<\/strong><\/p>\n<p>Fl\u00fcge (bieten wir Ihnen gerne passend dazu an)<\/p>\n<p>Pers\u00f6nliche Ausgaben aller Art<\/p>\n<p>Trinkgelder<\/p>\n<p>Zus\u00e4tzliche Mahlzeiten und Getr\u00e4nke<\/p>\n<p><strong>Termine\/Preise<\/strong><\/p>\n<p>Saison A: 13.06.-20.06.21 | 17.07.-24.07.21 | 24.07.-31.07.21 | 31.07.-07.08.21<\/p>\n<p>14.08.-21.08.21 | 21.08.-28.08.21 | 28.08.-04.09.21<\/p>\n<p>Saison B: 10.10.-17.10.21<\/p>\n<p>Saison A:  \u20ac 1.098,- pro Person im Doppelzimmer | \u20ac 1.318,- pro Person im Einzelzimmer<\/p>\n<p>Saison B: \u20ac 998,- pro Person im Doppelzimmer | \u20ac 1.218,- pro Person im Einzelzimmer<\/p>\n<p>Hinweis: halbe Doppelzimmer buchbar, bleibt es bei Einzelbelegung, Nachberechnung des Einzelzimmerzuschlags<\/p>\n<p style=\"text-align: center;\"><a class=\"tidycta\" href=\"http:\/\/www.urlaubcornwall.de\/anfrage.php?tourcode=WAL-AKTIV4\">Anfrage \/ Buchung<\/a><\/p>\n","protected":false},"excerpt":{"rendered":"<p>Highlights: Manchester &#8211; Delta des Afon Mawddach &#8211; Conwy Mountain &#8211; Mount Snowdon &#8211; Rhinog Mountain Wales\u2019 landschaftliche Reize und kulturhistorische Sch\u00e4tze sind in Gro\u00dfbritannien wohl bekannt. Mit 21.000 km\u00b2 ist Wales etwa so gro\u00df wie Hessen, mit 2,9 Millionen Einwohnern aber nur halb so dicht besiedelt. Vor 150 Jahren war Wales das Herz der [&hellip;]<\/p>\n","protected":false},"author":1,"featured_media":0,"parent":0,"menu_order":0,"comment_status":"closed","ping_status":"closed","template":"single-four.php","meta":[],"acf":[],"yoast_head":"<!-- This site is optimized with the Yoast SEO plugin v19.4 - https:\/\/yoast.com\/wordpress\/plugins\/seo\/ -->\n<title>Wanderreise Wales - 8 Tage Wanderrundreise Wales und England - Urlaub &amp; Reisen<\/title>\n<meta name=\"robots\" content=\"index, follow, max-snippet:-1, max-image-preview:large, max-video-preview:-1\" \/>\n<link rel=\"canonical\" href=\"https:\/\/www.urlaubcornwall.de\/blog\/wanderreise-wales-8-tage-wanderrundreise-wales-und-england\/\" \/>\n<meta property=\"og:locale\" content=\"en_US\" \/>\n<meta property=\"og:type\" content=\"article\" \/>\n<meta property=\"og:title\" content=\"Wanderreise Wales - 8 Tage Wanderrundreise Wales und England - Urlaub &amp; Reisen\" \/>\n<meta property=\"og:description\" content=\"Highlights: Manchester &#8211; Delta des Afon Mawddach &#8211; Conwy Mountain &#8211; Mount Snowdon &#8211; Rhinog Mountain Wales\u2019 landschaftliche Reize und kulturhistorische Sch\u00e4tze sind in Gro\u00dfbritannien wohl bekannt. Mit 21.000 km\u00b2 ist Wales etwa so gro\u00df wie Hessen, mit 2,9 Millionen Einwohnern aber nur halb so dicht besiedelt. Vor 150 Jahren war Wales das Herz der [&hellip;]\" \/>\n<meta property=\"og:url\" content=\"https:\/\/www.urlaubcornwall.de\/blog\/wanderreise-wales-8-tage-wanderrundreise-wales-und-england\/\" \/>\n<meta property=\"og:site_name\" content=\"Urlaub &amp; Reisen\" \/>\n<meta property=\"article:modified_time\" content=\"2024-05-29T11:02:20+00:00\" \/>\n<meta property=\"og:image\" content=\"https:\/\/www.urlaubcornwall.de\/blog\/wp-content\/uploads\/2024\/03\/Green-Bridge-of-Wales-Castlemartin-Wales-1.jpg\" \/>\n<meta name=\"twitter:card\" content=\"summary\" \/>\n<meta name=\"twitter:label1\" content=\"Est. reading time\" \/>\n\t<meta name=\"twitter:data1\" content=\"5 minutes\" \/>\n<script type=\"application\/ld+json\" class=\"yoast-schema-graph\">{\"@context\":\"https:\/\/schema.org\",\"@graph\":[{\"@type\":\"WebSite\",\"@id\":\"https:\/\/www.urlaubcornwall.de\/blog\/#website\",\"url\":\"https:\/\/www.urlaubcornwall.de\/blog\/\",\"name\":\"Urlaub &amp; Reisen\",\"description\":\"Urlaub, Reisen, Cornwall und S\u00fcdengland: eine perfekte Kombination\",\"potentialAction\":[{\"@type\":\"SearchAction\",\"target\":{\"@type\":\"EntryPoint\",\"urlTemplate\":\"https:\/\/www.urlaubcornwall.de\/blog\/?s={search_term_string}\"},\"query-input\":\"required name=search_term_string\"}],\"inLanguage\":\"en-US\"},{\"@type\":\"WebPage\",\"@id\":\"https:\/\/www.urlaubcornwall.de\/blog\/wanderreise-wales-8-tage-wanderrundreise-wales-und-england\/\",\"url\":\"https:\/\/www.urlaubcornwall.de\/blog\/wanderreise-wales-8-tage-wanderrundreise-wales-und-england\/\",\"name\":\"Wanderreise Wales - 8 Tage Wanderrundreise Wales und England - Urlaub &amp; Reisen\",\"isPartOf\":{\"@id\":\"https:\/\/www.urlaubcornwall.de\/blog\/#website\"},\"datePublished\":\"2015-10-31T16:38:04+00:00\",\"dateModified\":\"2024-05-29T11:02:20+00:00\",\"breadcrumb\":{\"@id\":\"https:\/\/www.urlaubcornwall.de\/blog\/wanderreise-wales-8-tage-wanderrundreise-wales-und-england\/#breadcrumb\"},\"inLanguage\":\"en-US\",\"potentialAction\":[{\"@type\":\"ReadAction\",\"target\":[\"https:\/\/www.urlaubcornwall.de\/blog\/wanderreise-wales-8-tage-wanderrundreise-wales-und-england\/\"]}]},{\"@type\":\"BreadcrumbList\",\"@id\":\"https:\/\/www.urlaubcornwall.de\/blog\/wanderreise-wales-8-tage-wanderrundreise-wales-und-england\/#breadcrumb\",\"itemListElement\":[{\"@type\":\"ListItem\",\"position\":1,\"name\":\"Home\",\"item\":\"https:\/\/www.urlaubcornwall.de\/blog\/\"},{\"@type\":\"ListItem\",\"position\":2,\"name\":\"Wanderreise Wales &#8211; 8 Tage Wanderrundreise Wales und England\"}]}]}<\/script>\n<!-- \/ Yoast SEO plugin. -->","yoast_head_json":{"title":"Wanderreise Wales - 8 Tage Wanderrundreise Wales und England - Urlaub &amp; Reisen","robots":{"index":"index","follow":"follow","max-snippet":"max-snippet:-1","max-image-preview":"max-image-preview:large","max-video-preview":"max-video-preview:-1"},"canonical":"https:\/\/www.urlaubcornwall.de\/blog\/wanderreise-wales-8-tage-wanderrundreise-wales-und-england\/","og_locale":"en_US","og_type":"article","og_title":"Wanderreise Wales - 8 Tage Wanderrundreise Wales und England - Urlaub &amp; Reisen","og_description":"Highlights: Manchester &#8211; Delta des Afon Mawddach &#8211; Conwy Mountain &#8211; Mount Snowdon &#8211; Rhinog Mountain Wales\u2019 landschaftliche Reize und kulturhistorische Sch\u00e4tze sind in Gro\u00dfbritannien wohl bekannt. Mit 21.000 km\u00b2 ist Wales etwa so gro\u00df wie Hessen, mit 2,9 Millionen Einwohnern aber nur halb so dicht besiedelt. Vor 150 Jahren war Wales das Herz der [&hellip;]","og_url":"https:\/\/www.urlaubcornwall.de\/blog\/wanderreise-wales-8-tage-wanderrundreise-wales-und-england\/","og_site_name":"Urlaub &amp; Reisen","article_modified_time":"2024-05-29T11:02:20+00:00","og_image":[{"url":"https:\/\/www.urlaubcornwall.de\/blog\/wp-content\/uploads\/2024\/03\/Green-Bridge-of-Wales-Castlemartin-Wales-1.jpg"}],"twitter_card":"summary","twitter_misc":{"Est. reading time":"5 minutes"},"schema":{"@context":"https:\/\/schema.org","@graph":[{"@type":"WebSite","@id":"https:\/\/www.urlaubcornwall.de\/blog\/#website","url":"https:\/\/www.urlaubcornwall.de\/blog\/","name":"Urlaub &amp; Reisen","description":"Urlaub, Reisen, Cornwall und S\u00fcdengland: eine perfekte Kombination","potentialAction":[{"@type":"SearchAction","target":{"@type":"EntryPoint","urlTemplate":"https:\/\/www.urlaubcornwall.de\/blog\/?s={search_term_string}"},"query-input":"required name=search_term_string"}],"inLanguage":"en-US"},{"@type":"WebPage","@id":"https:\/\/www.urlaubcornwall.de\/blog\/wanderreise-wales-8-tage-wanderrundreise-wales-und-england\/","url":"https:\/\/www.urlaubcornwall.de\/blog\/wanderreise-wales-8-tage-wanderrundreise-wales-und-england\/","name":"Wanderreise Wales - 8 Tage Wanderrundreise Wales und England - Urlaub &amp; Reisen","isPartOf":{"@id":"https:\/\/www.urlaubcornwall.de\/blog\/#website"},"datePublished":"2015-10-31T16:38:04+00:00","dateModified":"2024-05-29T11:02:20+00:00","breadcrumb":{"@id":"https:\/\/www.urlaubcornwall.de\/blog\/wanderreise-wales-8-tage-wanderrundreise-wales-und-england\/#breadcrumb"},"inLanguage":"en-US","potentialAction":[{"@type":"ReadAction","target":["https:\/\/www.urlaubcornwall.de\/blog\/wanderreise-wales-8-tage-wanderrundreise-wales-und-england\/"]}]},{"@type":"BreadcrumbList","@id":"https:\/\/www.urlaubcornwall.de\/blog\/wanderreise-wales-8-tage-wanderrundreise-wales-und-england\/#breadcrumb","itemListElement":[{"@type":"ListItem","position":1,"name":"Home","item":"https:\/\/www.urlaubcornwall.de\/blog\/"},{"@type":"ListItem","position":2,"name":"Wanderreise Wales &#8211; 8 Tage Wanderrundreise Wales und England"}]}]}},"_links":{"self":[{"href":"https:\/\/www.urlaubcornwall.de\/blog\/wp-json\/wp\/v2\/pages\/21554"}],"collection":[{"href":"https:\/\/www.urlaubcornwall.de\/blog\/wp-json\/wp\/v2\/pages"}],"about":[{"href":"https:\/\/www.urlaubcornwall.de\/blog\/wp-json\/wp\/v2\/types\/page"}],"author":[{"embeddable":true,"href":"https:\/\/www.urlaubcornwall.de\/blog\/wp-json\/wp\/v2\/users\/1"}],"replies":[{"embeddable":true,"href":"https:\/\/www.urlaubcornwall.de\/blog\/wp-json\/wp\/v2\/comments?post=21554"}],"version-history":[{"count":9,"href":"https:\/\/www.urlaubcornwall.de\/blog\/wp-json\/wp\/v2\/pages\/21554\/revisions"}],"predecessor-version":[{"id":50604,"href":"https:\/\/www.urlaubcornwall.de\/blog\/wp-json\/wp\/v2\/pages\/21554\/revisions\/50604"}],"wp:attachment":[{"href":"https:\/\/www.urlaubcornwall.de\/blog\/wp-json\/wp\/v2\/media?parent=21554"}],"curies":[{"name":"wp","href":"https:\/\/api.w.org\/{rel}","templated":true}]}}