{"id":21549,"date":"2015-10-31T16:16:23","date_gmt":"2015-10-31T16:16:23","guid":{"rendered":"https:\/\/www.urlaubcornwall.de\/blog\/?page_id=21549"},"modified":"2024-05-29T11:03:01","modified_gmt":"2024-05-29T11:03:01","slug":"wales-wanderurlaub-wales-aktivurlaub-10-tage-wandern-in-wales","status":"publish","type":"page","link":"https:\/\/www.urlaubcornwall.de\/blog\/wales-wanderurlaub-wales-aktivurlaub-10-tage-wandern-in-wales\/","title":{"rendered":"Wales Wanderurlaub &#8211; Wales Aktivurlaub &#8211; 8 Tage Wandern in Wales"},"content":{"rendered":"<p><a href=\"https:\/\/www.urlaubcornwall.de\/blog\/wp-content\/uploads\/2024\/03\/gower-halbinsel-wales-1.jpg\"><img loading=\"lazy\" class=\"aligncenter size-full wp-image-47959\" src=\"https:\/\/www.urlaubcornwall.de\/blog\/wp-content\/uploads\/2024\/03\/gower-halbinsel-wales-1.jpg\" alt=\"gower halbinsel wales\" width=\"750\" height=\"500\" srcset=\"https:\/\/www.urlaubcornwall.de\/blog\/wp-content\/uploads\/2024\/03\/gower-halbinsel-wales-1.jpg 750w, https:\/\/www.urlaubcornwall.de\/blog\/wp-content\/uploads\/2024\/03\/gower-halbinsel-wales-1-300x200.jpg 300w\" sizes=\"(max-width: 750px) 100vw, 750px\" \/><\/a><\/p>\n<p><strong>Highlights:<\/strong> Manchester &#8211; Snowdonia National Park, Mt Snowdon, Caernarfon Castle, Bodnant Garden, Conwy, Harlech, Afon Mawddach<\/p>\n<p>Wales\u2019 landschaftliche Reize und kulturhistorische Sch\u00e4tze sind in Gro\u00dfbritannien wohl bekannt. Mit 21.000 km\u00b2 ist Wales etwa so gro\u00df wie Hessen, mit 2,9 Millionen Einwohnern aber nur halb so dicht besiedelt. Vor 150 Jahren war Wales das Herz der europ\u00e4ischen Industrialisierung. In den alten Kohlebergbauregionen des S\u00fcdens lebt heute noch der Gro\u00dfteil der Bev\u00f6lkerung. Aus diesen Zeiten stammt die Tradition der weltber\u00fchmten M\u00e4nnerch\u00f6re. Manchmal h\u00f6rt man sie in einem der gem\u00fctlichen Pubs proben. Snowdonia im d\u00fcnn besiedelten Norden ist ein ideales Wanderrevier. Es bietet eine Konzentration von traumhaften Landschaften, wie sie nur selten in Europa zu finden ist. Die K\u00fcstenregionen haben kilometerlange Sandstr\u00e4nde und Steilk\u00fcsten. Kleine Fl\u00fcsse wandeln sich \u00fcber wenige Kilometer in gro\u00dfe Str\u00f6me und m\u00fcnden in breiten Deltas ins Meer. Dazwischen liegen malerische Hafenst\u00e4dtchen, viktorianische Badeorte und m\u00e4chtige Burgen, die an Ritterfilme erinnern. Abgerundet wird die Sch\u00f6nheit des Landes durch die ruhige und freundliche Lebensart der Waliser. Die Uhren ticken hier anders &#8211; langsamer. Im Herbst nutzen wir erstmalig das faszinierende Farbenspiel f\u00fcr eine Reise unter Anleitung eines Profifotografen!<\/p>\n<p><strong>Tourbeschreibung:<\/strong> 10 Tage Wandern in Wales<\/p>\n<p>8 Tage \/ 7 N\u00e4chte | ab\/bis Manchester | deutschsprachige Reiseleitung |  max. 14 Personen<\/p>\n<p style=\"text-align: center;\"><a class=\"tidycta\" href=\"http:\/\/www.urlaubcornwall.de\/anfrage.php?tourcode=Tourcode:WAL-AKTIV4\">Anfrage \/ Buchung<\/a><\/p>\n<p><strong>Tourbeschreibung<\/strong><\/p>\n<p><strong>1. Tag: Anreise <\/strong>&#8211; Beginn der Wanderreise Wales: Individuelle Anreise zum Flughafen Manchester und Sammeltransfer in Ihre Unterkunft. Am Abend Tourvorstellung durch die Reiseleitung in gem\u00fctlicher Runde.<\/p>\n<p><strong>2. Tag: Caernarfon <\/strong>&#8211; Wir besichtigen die Kr\u00f6nungsburg des Prince of Wales in Caernarfon und haben dann noch ein wenig Zeit zum Bummeln. Nachmittags geht es zu einer keltischen Bergfestung mit tollem Blick \u00fcber die Cardigan Bay, Anglesey und die Llyn Halbinsel. Alternativ wandern wir \u00fcber den tollen Naturstrand unterhalb des Berges. (5,5 km, +- 250 m, HA 150 m, GZ 2,5 Std.)<\/p>\n<p><strong>3. Tag: Barmouth<\/strong> &#8211; Bei Dolgellau startet die Panoramawanderung am Delta des Afon Mawddach. Es ist eine der sch\u00f6nsten Flussm\u00fcndungen der britischen Inseln mit einer bezaubernden Landschaften und Vegetation. Geheimnisvoll thront der Cadair Idris dar\u00fcber, der Berg des Zauberers. Auf halber Strecke erblicken wir das Ziel unserer Wanderung, Barmouth, das wir \u00fcber die letzte h\u00f6lzerne Eisenbahnbr\u00fccke der Britischen Inseln, 1867 mit 820 m L\u00e4nge erbaut, erreichen. Am Abend Diavortrag \u00fcber den Nationalpark. (13 km, +- 400 m, HA 150 m, GZ 5 Std.)<\/p>\n<p><strong>4. Tag: Wales<\/strong> &#8211; Tag zur freien Verf\u00fcgung: Vormittags bieten wir einen gef\u00fchrten Rundgang durch den Park unseres Herrenhauses an (ca. 45 Min.). Nachmittags haben Sie die Wahl eine Fahrt vom hauseigenen Bahnhof mit der historischen Dampfeisenbahn bis Mynfordd zu unternehmen. Von dort k\u00f6nnen Sie eine Wanderung in das 2 km entfernte Hafenst\u00e4dtchen Portmeirion zu machen, wundersch\u00f6n in einer Bucht gelegen.<\/p>\n<p><strong>5. Tag: Mount Snowdon<\/strong> &#8211; Nach dem Fr\u00fchst\u00fcck steht eine Wanderung am Mount Snowdon auf dem Programm. Wir wandern bis zu seinem h\u00f6chsten Bergsee, in dem King Arthur begraben liegt. Bei gutem Wetter besteht die Option, zum Gipfel weiter zu gehen (14 km, +- 850 m, HA 400m m, GZ 6 Std.). Da wir immer 2 Guides dabei haben, teilen wir auf Wunsch die Gruppe auf.<br \/>\n(9 km, +- 400 m, HA 150 m, GZ 4 Std.)<\/p>\n<p><strong>6. Tag: Conwy Mountains<\/strong> &#8211; Vormittags Wanderung in den Conwy Mountains mit tollem Blick auf das weltber\u00fchmte Conwy Castle und die Stadt mit ihren perfekt erhaltenen Mauern. Nach einer kurzen Stadtf\u00fchrung haben wir Zeit zur freien Verf\u00fcgung. Nachmittags besichtigen wir Bodnant Garden, einen der sch\u00f6nsten G\u00e4rten Gro\u00dfbritanniens.<br \/>\n(5 km, +- 250 m, HA 100 m, GZ 2 Std.)<\/p>\n<p><a href=\"https:\/\/www.urlaubcornwall.de\/blog\/wp-content\/uploads\/2024\/03\/wales-kueste.jpg\"><img loading=\"lazy\" src=\"https:\/\/www.urlaubcornwall.de\/blog\/wp-content\/uploads\/2024\/03\/wales-kueste.jpg\" alt=\"wales kueste\" width=\"750\" height=\"516\" class=\"alignnone size-full wp-image-47807\" srcset=\"https:\/\/www.urlaubcornwall.de\/blog\/wp-content\/uploads\/2024\/03\/wales-kueste.jpg 750w, https:\/\/www.urlaubcornwall.de\/blog\/wp-content\/uploads\/2024\/03\/wales-kueste-300x206.jpg 300w\" sizes=\"(max-width: 750px) 100vw, 750px\" \/><\/a><\/p>\n<p><strong>7. Tag: Harlech<\/strong> &#8211; Der erste Teil der Wanderung verl\u00e4uft auf sanfter H\u00f6he in die Rhinog Mountains, entlang bronzezeitlicher Handelswege. Der zweite Teil geht \u00fcber den kilometerlangen D\u00fcnenstrand des Naturschutzgebiets von Harlech. Nachmittags lassen wir die Reise gem\u00fctlich ausklingen, z.B. beim Baden oder Bummeln im idyllischen Harlech mit Kunstgewerbel\u00e4den und sch\u00f6nen Caf\u00e9s. Den ganzen Tag lang haben wir einen traumhaften Blick \u00fcber die K\u00fcste und die Gebirgsketten Snowdonias. (7 km, +- 150 m, HA 100 m, GZ 3 Std.)<\/p>\n<p><strong>8. Tag: Heimreise<\/strong> &#8211; Hwyl fawr Cymru \u2013 Auf Wiedersehen Wales! Transfer zum Flughafen Manchester, Flug nach Deutschland und Ende der 8-t\u00e4gigen Wanderrundreise Wales und England.<\/p>\n<p><strong>Eingeschlossene Leistungen:<\/strong><\/p>\n<p>Flughafentransfers als Sammeltransfers ab\/bis Manchester<\/p>\n<p>alle Transfers an Tagen mit festem Programm<\/p>\n<p>7 \u00dcbernachtungen im Studienzentrum des Snowdonia Nationalparks<\/p>\n<p>Halbpension mit walisischem oder kontinentalem Fruhstuck, abends 3-G\u00e4nge-Wahlmenu mit vegetarischer Option<\/p>\n<p>gef\u00fchrte Tageswanderungen\/Ausfl\u00fcge lt. Programm<\/p>\n<p>gemeinsame Gestaltung der Tagesprogramme mit dem Snowdonia National Park \u2013 einzigartig auf dem deutschen Markt<\/p>\n<p>an 3 Tagen zus\u00e4tzliche Begleitung durch lokalen Guide des Nationalpark- Studienzentrums<\/p>\n<p>ortskundige, deutschsprachige Reiseleitung<\/p>\n<p>Eintrittsgelder von Caernnafon Castle, Bodnant Garden und Aberconwy House<\/p>\n<p><strong>Nicht eingeschlossene Leistungen:<\/strong><\/p>\n<p>Fl\u00fcge (bieten wir Ihnen gerne passend dazu an)<\/p>\n<p>Pers\u00f6nliche Ausgaben aller Art<\/p>\n<p>Trinkgelder<\/p>\n<p>Zus\u00e4tzliche Mahlzeiten und Getr\u00e4nke<\/p>\n<p><strong>Termine\/Preise<\/strong><\/p>\n<p>Saison A &#8211; 05.04.-12.04.20 | 12.04.-19.04.20 | 24.05.-31.05.20<br \/>\n05.09.-12.09.20 | 11.10.-18.10.20<\/p>\n<p>Saison B &#8211; 14.06.-21.06.20 | 18.07.-25.07.20 | 25.07.-01.08.20<br \/>\n01.08.-08.08.20 | 22.08.-29.08.20 | 29.08.-05.09.20<\/p>\n<p>Alle Termine sind garantiert!<\/p>\n<p><strong>Saison A<\/strong> &#8211; \u20ac 998,- pro Person im Doppelzimmer | \u20ac 1.208,- pro Person im Einzelzimmer<\/p>\n<p><strong>Saison B<\/strong> &#8211; \u20ac 1.048,- pro Person im Doppelzimmer | \u20ac 1.258,- pro Person im Einzelzimmer<\/p>\n<p> Hinweis: halbe Doppelzimmer buchbar, bleibt es bei Einzelbelegung, Nachberechnung des Einzelzimmerzuschlags<\/p>\n<p style=\"text-align: center;\"><a class=\"tidycta\" href=\"http:\/\/www.urlaubcornwall.de\/anfrage.php?tourcode=Tourcode:WAL-AKTIV4\">Anfrage \/ Buchung<\/a><\/p>\n","protected":false},"excerpt":{"rendered":"<p>Highlights: Manchester &#8211; Snowdonia National Park, Mt Snowdon, Caernarfon Castle, Bodnant Garden, Conwy, Harlech, Afon Mawddach Wales\u2019 landschaftliche Reize und kulturhistorische Sch\u00e4tze sind in Gro\u00dfbritannien wohl bekannt. Mit 21.000 km\u00b2 ist Wales etwa so gro\u00df wie Hessen, mit 2,9 Millionen Einwohnern aber nur halb so dicht besiedelt. Vor 150 Jahren war Wales das Herz der [&hellip;]<\/p>\n","protected":false},"author":1,"featured_media":0,"parent":0,"menu_order":0,"comment_status":"closed","ping_status":"closed","template":"single-four.php","meta":[],"acf":[],"yoast_head":"<!-- This site is optimized with the Yoast SEO plugin v19.4 - https:\/\/yoast.com\/wordpress\/plugins\/seo\/ -->\n<title>Wales Wanderurlaub - Wales Aktivurlaub - 8 Tage Wandern in Wales - Urlaub &amp; Reisen<\/title>\n<meta name=\"robots\" content=\"index, follow, max-snippet:-1, max-image-preview:large, max-video-preview:-1\" \/>\n<link rel=\"canonical\" href=\"https:\/\/www.urlaubcornwall.de\/blog\/wales-wanderurlaub-wales-aktivurlaub-10-tage-wandern-in-wales\/\" \/>\n<meta property=\"og:locale\" content=\"en_US\" \/>\n<meta property=\"og:type\" content=\"article\" \/>\n<meta property=\"og:title\" content=\"Wales Wanderurlaub - Wales Aktivurlaub - 8 Tage Wandern in Wales - Urlaub &amp; Reisen\" \/>\n<meta property=\"og:description\" content=\"Highlights: Manchester &#8211; Snowdonia National Park, Mt Snowdon, Caernarfon Castle, Bodnant Garden, Conwy, Harlech, Afon Mawddach Wales\u2019 landschaftliche Reize und kulturhistorische Sch\u00e4tze sind in Gro\u00dfbritannien wohl bekannt. Mit 21.000 km\u00b2 ist Wales etwa so gro\u00df wie Hessen, mit 2,9 Millionen Einwohnern aber nur halb so dicht besiedelt. Vor 150 Jahren war Wales das Herz der [&hellip;]\" \/>\n<meta property=\"og:url\" content=\"https:\/\/www.urlaubcornwall.de\/blog\/wales-wanderurlaub-wales-aktivurlaub-10-tage-wandern-in-wales\/\" \/>\n<meta property=\"og:site_name\" content=\"Urlaub &amp; Reisen\" \/>\n<meta property=\"article:modified_time\" content=\"2024-05-29T11:03:01+00:00\" \/>\n<meta property=\"og:image\" content=\"https:\/\/www.urlaubcornwall.de\/blog\/wp-content\/uploads\/2024\/03\/gower-halbinsel-wales-1.jpg\" \/>\n<meta name=\"twitter:card\" content=\"summary\" \/>\n<meta name=\"twitter:label1\" content=\"Est. reading time\" \/>\n\t<meta name=\"twitter:data1\" content=\"5 minutes\" \/>\n<script type=\"application\/ld+json\" class=\"yoast-schema-graph\">{\"@context\":\"https:\/\/schema.org\",\"@graph\":[{\"@type\":\"WebSite\",\"@id\":\"https:\/\/www.urlaubcornwall.de\/blog\/#website\",\"url\":\"https:\/\/www.urlaubcornwall.de\/blog\/\",\"name\":\"Urlaub &amp; Reisen\",\"description\":\"Urlaub, Reisen, Cornwall und S\u00fcdengland: eine perfekte Kombination\",\"potentialAction\":[{\"@type\":\"SearchAction\",\"target\":{\"@type\":\"EntryPoint\",\"urlTemplate\":\"https:\/\/www.urlaubcornwall.de\/blog\/?s={search_term_string}\"},\"query-input\":\"required name=search_term_string\"}],\"inLanguage\":\"en-US\"},{\"@type\":\"WebPage\",\"@id\":\"https:\/\/www.urlaubcornwall.de\/blog\/wales-wanderurlaub-wales-aktivurlaub-10-tage-wandern-in-wales\/\",\"url\":\"https:\/\/www.urlaubcornwall.de\/blog\/wales-wanderurlaub-wales-aktivurlaub-10-tage-wandern-in-wales\/\",\"name\":\"Wales Wanderurlaub - Wales Aktivurlaub - 8 Tage Wandern in Wales - Urlaub &amp; Reisen\",\"isPartOf\":{\"@id\":\"https:\/\/www.urlaubcornwall.de\/blog\/#website\"},\"datePublished\":\"2015-10-31T16:16:23+00:00\",\"dateModified\":\"2024-05-29T11:03:01+00:00\",\"breadcrumb\":{\"@id\":\"https:\/\/www.urlaubcornwall.de\/blog\/wales-wanderurlaub-wales-aktivurlaub-10-tage-wandern-in-wales\/#breadcrumb\"},\"inLanguage\":\"en-US\",\"potentialAction\":[{\"@type\":\"ReadAction\",\"target\":[\"https:\/\/www.urlaubcornwall.de\/blog\/wales-wanderurlaub-wales-aktivurlaub-10-tage-wandern-in-wales\/\"]}]},{\"@type\":\"BreadcrumbList\",\"@id\":\"https:\/\/www.urlaubcornwall.de\/blog\/wales-wanderurlaub-wales-aktivurlaub-10-tage-wandern-in-wales\/#breadcrumb\",\"itemListElement\":[{\"@type\":\"ListItem\",\"position\":1,\"name\":\"Home\",\"item\":\"https:\/\/www.urlaubcornwall.de\/blog\/\"},{\"@type\":\"ListItem\",\"position\":2,\"name\":\"Wales Wanderurlaub &#8211; Wales Aktivurlaub &#8211; 8 Tage Wandern in Wales\"}]}]}<\/script>\n<!-- \/ Yoast SEO plugin. -->","yoast_head_json":{"title":"Wales Wanderurlaub - Wales Aktivurlaub - 8 Tage Wandern in Wales - Urlaub &amp; Reisen","robots":{"index":"index","follow":"follow","max-snippet":"max-snippet:-1","max-image-preview":"max-image-preview:large","max-video-preview":"max-video-preview:-1"},"canonical":"https:\/\/www.urlaubcornwall.de\/blog\/wales-wanderurlaub-wales-aktivurlaub-10-tage-wandern-in-wales\/","og_locale":"en_US","og_type":"article","og_title":"Wales Wanderurlaub - Wales Aktivurlaub - 8 Tage Wandern in Wales - Urlaub &amp; Reisen","og_description":"Highlights: Manchester &#8211; Snowdonia National Park, Mt Snowdon, Caernarfon Castle, Bodnant Garden, Conwy, Harlech, Afon Mawddach Wales\u2019 landschaftliche Reize und kulturhistorische Sch\u00e4tze sind in Gro\u00dfbritannien wohl bekannt. Mit 21.000 km\u00b2 ist Wales etwa so gro\u00df wie Hessen, mit 2,9 Millionen Einwohnern aber nur halb so dicht besiedelt. Vor 150 Jahren war Wales das Herz der [&hellip;]","og_url":"https:\/\/www.urlaubcornwall.de\/blog\/wales-wanderurlaub-wales-aktivurlaub-10-tage-wandern-in-wales\/","og_site_name":"Urlaub &amp; Reisen","article_modified_time":"2024-05-29T11:03:01+00:00","og_image":[{"url":"https:\/\/www.urlaubcornwall.de\/blog\/wp-content\/uploads\/2024\/03\/gower-halbinsel-wales-1.jpg"}],"twitter_card":"summary","twitter_misc":{"Est. reading time":"5 minutes"},"schema":{"@context":"https:\/\/schema.org","@graph":[{"@type":"WebSite","@id":"https:\/\/www.urlaubcornwall.de\/blog\/#website","url":"https:\/\/www.urlaubcornwall.de\/blog\/","name":"Urlaub &amp; Reisen","description":"Urlaub, Reisen, Cornwall und S\u00fcdengland: eine perfekte Kombination","potentialAction":[{"@type":"SearchAction","target":{"@type":"EntryPoint","urlTemplate":"https:\/\/www.urlaubcornwall.de\/blog\/?s={search_term_string}"},"query-input":"required name=search_term_string"}],"inLanguage":"en-US"},{"@type":"WebPage","@id":"https:\/\/www.urlaubcornwall.de\/blog\/wales-wanderurlaub-wales-aktivurlaub-10-tage-wandern-in-wales\/","url":"https:\/\/www.urlaubcornwall.de\/blog\/wales-wanderurlaub-wales-aktivurlaub-10-tage-wandern-in-wales\/","name":"Wales Wanderurlaub - Wales Aktivurlaub - 8 Tage Wandern in Wales - Urlaub &amp; Reisen","isPartOf":{"@id":"https:\/\/www.urlaubcornwall.de\/blog\/#website"},"datePublished":"2015-10-31T16:16:23+00:00","dateModified":"2024-05-29T11:03:01+00:00","breadcrumb":{"@id":"https:\/\/www.urlaubcornwall.de\/blog\/wales-wanderurlaub-wales-aktivurlaub-10-tage-wandern-in-wales\/#breadcrumb"},"inLanguage":"en-US","potentialAction":[{"@type":"ReadAction","target":["https:\/\/www.urlaubcornwall.de\/blog\/wales-wanderurlaub-wales-aktivurlaub-10-tage-wandern-in-wales\/"]}]},{"@type":"BreadcrumbList","@id":"https:\/\/www.urlaubcornwall.de\/blog\/wales-wanderurlaub-wales-aktivurlaub-10-tage-wandern-in-wales\/#breadcrumb","itemListElement":[{"@type":"ListItem","position":1,"name":"Home","item":"https:\/\/www.urlaubcornwall.de\/blog\/"},{"@type":"ListItem","position":2,"name":"Wales Wanderurlaub &#8211; Wales Aktivurlaub &#8211; 8 Tage Wandern in Wales"}]}]}},"_links":{"self":[{"href":"https:\/\/www.urlaubcornwall.de\/blog\/wp-json\/wp\/v2\/pages\/21549"}],"collection":[{"href":"https:\/\/www.urlaubcornwall.de\/blog\/wp-json\/wp\/v2\/pages"}],"about":[{"href":"https:\/\/www.urlaubcornwall.de\/blog\/wp-json\/wp\/v2\/types\/page"}],"author":[{"embeddable":true,"href":"https:\/\/www.urlaubcornwall.de\/blog\/wp-json\/wp\/v2\/users\/1"}],"replies":[{"embeddable":true,"href":"https:\/\/www.urlaubcornwall.de\/blog\/wp-json\/wp\/v2\/comments?post=21549"}],"version-history":[{"count":9,"href":"https:\/\/www.urlaubcornwall.de\/blog\/wp-json\/wp\/v2\/pages\/21549\/revisions"}],"predecessor-version":[{"id":50605,"href":"https:\/\/www.urlaubcornwall.de\/blog\/wp-json\/wp\/v2\/pages\/21549\/revisions\/50605"}],"wp:attachment":[{"href":"https:\/\/www.urlaubcornwall.de\/blog\/wp-json\/wp\/v2\/media?parent=21549"}],"curies":[{"name":"wp","href":"https:\/\/api.w.org\/{rel}","templated":true}]}}