{"id":21537,"date":"2015-10-31T15:46:10","date_gmt":"2015-10-31T15:46:10","guid":{"rendered":"https:\/\/www.urlaubcornwall.de\/blog\/?page_id=21537"},"modified":"2024-04-05T13:48:30","modified_gmt":"2024-04-05T13:48:30","slug":"wanderrundreise-suedengland-14-tage-deutschsprachige-wanderreise-england","status":"publish","type":"page","link":"https:\/\/www.urlaubcornwall.de\/blog\/wanderrundreise-suedengland-14-tage-deutschsprachige-wanderreise-england\/","title":{"rendered":"Wanderrundreise S\u00fcdengland &#8211; 8 Tage deutschsprachige Wanderreise England"},"content":{"rendered":"<p><a href=\"https:\/\/www.urlaubcornwall.de\/blog\/wp-content\/uploads\/2015\/10\/south-downs-sussex-urlaub.jpg\"><img loading=\"lazy\" class=\"aligncenter size-full wp-image-21538\" src=\"https:\/\/www.urlaubcornwall.de\/blog\/wp-content\/uploads\/2015\/10\/south-downs-sussex-urlaub.jpg\" alt=\"south downs sussex urlaub\" width=\"748\" height=\"361\" \/><\/a><\/p>\n<p>Auf dieser Reise werden Sie in nur einer Woche vieles von dem kennenlernen, wof\u00fcr England so bekannt ist. Von viktorianischen Seeb\u00e4dern, deren einstiger Glanz noch heute sp\u00fcrbar ist, \u00fcber prunkvolle wie auch exzentrische Schl\u00f6sser bis hin zu idyllischem Landleben in den Cotswolds, einer englischen Landschaft wie aus dem Bilderbuch. Abgerundet wird die Woche durch Besuche ber\u00fchmter Orte wie die wei\u00dfen Klippen von Dover, die Kathedrale von Canterbury und die Universit\u00e4tsstadt Oxford, und ein Ausflug auf Shakespeares Spuren nach Stratford-upon-Avon.<\/p>\n<p>Highlights: ab\/bis London, 8 Tage \/ 7 N\u00e4chte, deutschsprachig, mind. 8 und max. 16 Teilnehmer<\/p>\n<p style=\"text-align: center;\"><a class=\"tidycta\" href=\"https:\/\/www.urlaubcornwall.de\/reisebuchung.php?tourcode=ENGWAND-5\">Anfrage \/ Buchung<\/a><\/p>\n<p><strong>Tourbeschreibung: <\/strong>8 Tage deutschsprachige Wanderreise England<\/p>\n<p><strong>1. Tag: London \u2013 Transfer nach South Downs<\/strong><\/p>\n<p>Anreise nach London Heathrow und Sammeltransfer zur Unterkunft (ca. um 14:00 Uhr). Nur anderthalb Stunden von Europas gr\u00f6\u00dftem Flughafen entfernt sind Sie in einer v\u00f6llig anderen Welt: Tiefe Laubmischw\u00e4lder, welche sich \u00fcber die sanften Kreideh\u00fcgel der South Downs erstrecken, dazwischen liegen alte D\u00f6rfer und Marktflecken. F\u00fcr die n\u00e4chsten vier N\u00e4chte ist unsere Unterkunft ein Herrenhaus.<\/p>\n<p><strong>2. Tag: South Downs &#038; Brighton<\/strong><\/p>\n<p>Die South Downs, eine Mischung aus Feldern und alten dichten Laubw\u00e4ldern, die sich \u00fcber die \u201eRolling Hills\u201c erstrecken, zeigen das l\u00e4ndliche idyllische England, wie wir es aus vielen englischen Film- und TV-Produktionen kennen. Arundel Caste ist eine der am besten erhaltenen mittelalterlichen Burgen des Landes, mit einem phantasievollen und traumhaft sch\u00f6nen Garten. Ebenfalls der historische Stadtkern mit der Kathedrale hat vieles zu bieten, charmante Caf\u00e8s und Pubs laden zum Verweilen ein. (6 km, +- 200 m, HA 30 m, GZ 2 Std.)<\/p>\n<p><strong>3. Tag: Windsor<\/strong><\/p>\n<p>Wir machen einen Ausflug nach Windsor, mit dem gr\u00f6\u00dften bewohnten Schloss der Welt, welches wir am Vormittag besichtigen mit einem kurzen Rundgang vorab zur Orientierung durch Windsor. Der Nachmittag steht Ihnen zur freien Verf\u00fcgung, was Sie sich f\u00fcr Ihre pers\u00f6nliche Erkundung aussuchen k\u00f6nnen, z.b. einen Bummel durch die Altstadt Windsor, den Great Park, einen Spaziergang zum altehrw\u00fcrdigen Eaton College oder einfach einen Spaziergang die Themse entlang.<\/p>\n<p><strong>4. Tag: Brighton<\/strong><\/p>\n<p><img loading=\"lazy\" class=\"aligncenter size-full wp-image-48029\" src=\"https:\/\/www.urlaubcornwall.de\/blog\/wp-content\/uploads\/2024\/03\/pavillion-brighton.jpg\" alt=\"pavillion brighton\" width=\"750\" height=\"563\" srcset=\"https:\/\/www.urlaubcornwall.de\/blog\/wp-content\/uploads\/2024\/03\/pavillion-brighton.jpg 750w, https:\/\/www.urlaubcornwall.de\/blog\/wp-content\/uploads\/2024\/03\/pavillion-brighton-300x225.jpg 300w\" sizes=\"(max-width: 750px) 100vw, 750px\" \/><\/p>\n<p>Vormittags wandern wir zu den imposanten Kreideklippen des Beachy Head, bis wir schlie\u00dflich eine Kleine Bucht erreichen, von wo aus wir den Blick auf die nicht minder beeindruckenden Seven Sisters genie\u00dfen k\u00f6nnen. Mittags fahren wir nach Brighton, dem pr\u00e4chtigsten der Seeb\u00e4der Gro\u00dfbritanniens, in dem George IV. den Royal Pavillion errichten lie\u00df im Stile eines indischen Palastes. Wer mag, kann diesen im Anschluss an unseren kurzen Stadtrundgang besichtigen (optional, Eintritt ca. 13 GBP) oder aber die freie Zeit nutzen f\u00fcr einen Bummel durch die \u201eLanes\u201c, kleine, verwinkelte Gassen mit individuellen Caf\u00e9s, Kunstgewerbe und Antiquit\u00e4tenl\u00e4den. Oder Sie genie\u00dfen die Atmosph\u00e4re des ehemaligen Seebades auf dem ber\u00fchmten viktorianischen Pier. (5 km, +- 150 m, HA 30 m, Gehzeit 1,5 Std.)<\/p>\n<p><strong>5. Tag: Die Cotswolds<\/strong><\/p>\n<p>Heute fahren wir zu unserer n\u00e4chsten Unterkunft in die Cotswolds. Englischer (im traditionellen Sinne) kann England nach Auffassung vieler Engl\u00e4nder nicht sein, mit den sehr gepflegten, meist reetgedeckten H\u00e4usern in der bald wie angelegt wirkenden, parkartigen Landschaft. Wir bieten einem Wanderung direkt von unserer \u201eUnterkunft\u201c, Harrington House an. M\u00f6chten Sie nicht so weit laufen, bleiben Sie im sch\u00f6nen Bourton-on-the-Water, das mit mehr als 300 denkmalgesch\u00fctzten Geb\u00e4uden und charmanten kleinen Gesch\u00e4ften, Caf\u00e9s und urigen Pubs gen\u00fcgend M\u00f6glichkeiten zur wohltuenden Zerstreuung bietet. (9 km, +- 300 m, HA 40 m, GZ 3 Std.)<\/p>\n<p><strong>6. Tag: Oxford<\/strong><\/p>\n<p>Wir sind so nah dran, wir m\u00fcssen eine Stadt von dieser Sch\u00f6nheit, Rang und Ber\u00fchmtheit besuchen. Sie ist voller Geschichte und Geschichten und teils m\u00e4rchenhafter Architektur. Vormittags machen wir mit einem lokalen Guide einen Rundgang, bei dem Sie einen \u00dcberblick \u00fcber die Stadt, die perfekt f\u00fcr Fu\u00dfg\u00e4nger erschlossen ist, erhalten. Der Nachmittag steht Ihnen zur freien Verf\u00fcgung, z.B. um eines der vielen ber\u00fchmten Colleges oder eine der Bibliotheken der Universit\u00e4t zu besuchen, oder sich einfach durch die prachtvollen Stra\u00dfen und romantischen Gassen treiben zu lassen und die sch\u00f6ne internationale studentische Atmosph\u00e4re zu genie\u00dfen. (2-3 km, +- 30 m, HA 10 m, GZ 1 Std. max)<\/p>\n<p><strong>7. Tag: Stratford-upon-Avon<\/strong><\/p>\n<p>Wir machen eine etwas l\u00e4ngere Wanderung in sehr entspanntem Tempo \u00fcber die Rolling Hills der Cotswolds, erkunden uralte D\u00f6rfer. Am Mittag kehren wir gem\u00fctlich in ein uriges Pub ein und kommen am Nachmittag wieder im wundersch\u00f6nen Bourt an, so dass Sie vor dem Abendbrot noch Zeit f\u00fcr einen Abschiedsbummel haben. (10 km, +- 350 m, HA 40 m, GZ 3 Std.)<\/p>\n<p><strong>8. Tag: Heimreise<\/strong><\/p>\n<p>Nach einem letzten englischen Fr\u00fchst\u00fcck in stilvollem Ambiente fahren wir zur\u00fcck zum Flughafen London Heathrow (Fl\u00fcge ab 14:00 Uhr erreichbar). Auf Wunsch und Anfrage bieten wir Ihnen gern die Buchung von Hotels zur Verl\u00e4ngerung z.B. in London an.<\/p>\n<p><strong>Eingeschlossene Leistungen:<\/strong><\/p>\n<p>Flughafensammeltransfers am An- und Abreisetag<\/p>\n<p>7 \u00dcbernachtungen inkl. Halbpension in 3-Sterne-H\u00e4usern, beides ehemalige Herrenh\u00e4user<\/p>\n<p>Halbpension mit englischem oder kontinentalem Fr\u00fchst\u00fcck, abends 3-G\u00e4nge-Men\u00fc mit vegetarischer Option<\/p>\n<p>Gef\u00fchrte Wanderungen lt. Programm<\/p>\n<p>Gef\u00fchrter Rundgang mit lokalem Guide in Oxford<\/p>\n<p>Eintrittsgelder f\u00fcr Arundel Castle &#038; Garden, Windsor Castle<\/p>\n<p>deutschsprachige, ortskundige Reiseleitung<\/p>\n<p>alle Transfers an Tagen mit festem Programm<\/p>\n<p><strong>Nicht eingeschlossene Leistungen:<\/strong><\/p>\n<p>Fl\u00fcge London Heathrow (bieten wir Ihnen gerne an)<\/p>\n<p>Pers\u00f6nliche Ausgaben<\/p>\n<p>Trinkgelder<\/p>\n<p>Zus\u00e4tzliche Mahlzeiten, Getr\u00e4nke<\/p>\n<p><strong>Termine<\/strong><\/p>\n<p>17.06.-24.06.22 | 22.07.-29.07.22 | 12.08.-19.08.22 | 02.09.-09.09.22<\/p>\n<p>*= garantierte Durchf\u00fchrung<\/p>\n<p><strong>Preise 2022:<\/strong> \u20ac 1.695,- pro Person im Doppelzimmer | \u20ac 1.855,- pro Person im Einzelzimmer<\/p>\n<p>Hinweis:Halbe Doppelzimmer buchbar bis 8 Wochen vor Reisebeginn, findet sich eine zweite Belegung, erstatten wir nachtr\u00e4glich den Einzelzimmerzuschlag<\/p>\n<p style=\"text-align: center;\"><a class=\"tidycta\" href=\"https:\/\/www.urlaubcornwall.de\/reisebuchung.php?tourcode=ENGWAND-5\">Anfrage \/ Buchung<\/a><\/p>\n","protected":false},"excerpt":{"rendered":"<p>Auf dieser Reise werden Sie in nur einer Woche vieles von dem kennenlernen, wof\u00fcr England so bekannt ist. Von viktorianischen Seeb\u00e4dern, deren einstiger Glanz noch heute sp\u00fcrbar ist, \u00fcber prunkvolle wie auch exzentrische Schl\u00f6sser bis hin zu idyllischem Landleben in den Cotswolds, einer englischen Landschaft wie aus dem Bilderbuch. Abgerundet wird die Woche durch Besuche [&hellip;]<\/p>\n","protected":false},"author":1,"featured_media":0,"parent":0,"menu_order":0,"comment_status":"closed","ping_status":"closed","template":"single-four.php","meta":[],"acf":[],"yoast_head":"<!-- This site is optimized with the Yoast SEO plugin v19.4 - https:\/\/yoast.com\/wordpress\/plugins\/seo\/ -->\n<title>Wanderrundreise S\u00fcdengland - 8 Tage deutschsprachige Wanderreise England - Urlaub &amp; Reisen<\/title>\n<meta name=\"robots\" content=\"index, follow, max-snippet:-1, max-image-preview:large, max-video-preview:-1\" \/>\n<link rel=\"canonical\" href=\"https:\/\/www.urlaubcornwall.de\/blog\/wanderrundreise-suedengland-14-tage-deutschsprachige-wanderreise-england\/\" \/>\n<meta property=\"og:locale\" content=\"en_US\" \/>\n<meta property=\"og:type\" content=\"article\" \/>\n<meta property=\"og:title\" content=\"Wanderrundreise S\u00fcdengland - 8 Tage deutschsprachige Wanderreise England - Urlaub &amp; Reisen\" \/>\n<meta property=\"og:description\" content=\"Auf dieser Reise werden Sie in nur einer Woche vieles von dem kennenlernen, wof\u00fcr England so bekannt ist. Von viktorianischen Seeb\u00e4dern, deren einstiger Glanz noch heute sp\u00fcrbar ist, \u00fcber prunkvolle wie auch exzentrische Schl\u00f6sser bis hin zu idyllischem Landleben in den Cotswolds, einer englischen Landschaft wie aus dem Bilderbuch. Abgerundet wird die Woche durch Besuche [&hellip;]\" \/>\n<meta property=\"og:url\" content=\"https:\/\/www.urlaubcornwall.de\/blog\/wanderrundreise-suedengland-14-tage-deutschsprachige-wanderreise-england\/\" \/>\n<meta property=\"og:site_name\" content=\"Urlaub &amp; Reisen\" \/>\n<meta property=\"article:modified_time\" content=\"2024-04-05T13:48:30+00:00\" \/>\n<meta property=\"og:image\" content=\"https:\/\/www.urlaubcornwall.de\/blog\/wp-content\/uploads\/2015\/10\/south-downs-sussex-urlaub.jpg\" \/>\n<meta name=\"twitter:card\" content=\"summary\" \/>\n<meta name=\"twitter:label1\" content=\"Est. reading time\" \/>\n\t<meta name=\"twitter:data1\" content=\"5 minutes\" \/>\n<script type=\"application\/ld+json\" class=\"yoast-schema-graph\">{\"@context\":\"https:\/\/schema.org\",\"@graph\":[{\"@type\":\"WebSite\",\"@id\":\"https:\/\/www.urlaubcornwall.de\/blog\/#website\",\"url\":\"https:\/\/www.urlaubcornwall.de\/blog\/\",\"name\":\"Urlaub &amp; Reisen\",\"description\":\"Urlaub, Reisen, Cornwall und S\u00fcdengland: eine perfekte Kombination\",\"potentialAction\":[{\"@type\":\"SearchAction\",\"target\":{\"@type\":\"EntryPoint\",\"urlTemplate\":\"https:\/\/www.urlaubcornwall.de\/blog\/?s={search_term_string}\"},\"query-input\":\"required name=search_term_string\"}],\"inLanguage\":\"en-US\"},{\"@type\":\"WebPage\",\"@id\":\"https:\/\/www.urlaubcornwall.de\/blog\/wanderrundreise-suedengland-14-tage-deutschsprachige-wanderreise-england\/\",\"url\":\"https:\/\/www.urlaubcornwall.de\/blog\/wanderrundreise-suedengland-14-tage-deutschsprachige-wanderreise-england\/\",\"name\":\"Wanderrundreise S\u00fcdengland - 8 Tage deutschsprachige Wanderreise England - Urlaub &amp; Reisen\",\"isPartOf\":{\"@id\":\"https:\/\/www.urlaubcornwall.de\/blog\/#website\"},\"datePublished\":\"2015-10-31T15:46:10+00:00\",\"dateModified\":\"2024-04-05T13:48:30+00:00\",\"breadcrumb\":{\"@id\":\"https:\/\/www.urlaubcornwall.de\/blog\/wanderrundreise-suedengland-14-tage-deutschsprachige-wanderreise-england\/#breadcrumb\"},\"inLanguage\":\"en-US\",\"potentialAction\":[{\"@type\":\"ReadAction\",\"target\":[\"https:\/\/www.urlaubcornwall.de\/blog\/wanderrundreise-suedengland-14-tage-deutschsprachige-wanderreise-england\/\"]}]},{\"@type\":\"BreadcrumbList\",\"@id\":\"https:\/\/www.urlaubcornwall.de\/blog\/wanderrundreise-suedengland-14-tage-deutschsprachige-wanderreise-england\/#breadcrumb\",\"itemListElement\":[{\"@type\":\"ListItem\",\"position\":1,\"name\":\"Home\",\"item\":\"https:\/\/www.urlaubcornwall.de\/blog\/\"},{\"@type\":\"ListItem\",\"position\":2,\"name\":\"Wanderrundreise S\u00fcdengland &#8211; 8 Tage deutschsprachige Wanderreise England\"}]}]}<\/script>\n<!-- \/ Yoast SEO plugin. -->","yoast_head_json":{"title":"Wanderrundreise S\u00fcdengland - 8 Tage deutschsprachige Wanderreise England - Urlaub &amp; Reisen","robots":{"index":"index","follow":"follow","max-snippet":"max-snippet:-1","max-image-preview":"max-image-preview:large","max-video-preview":"max-video-preview:-1"},"canonical":"https:\/\/www.urlaubcornwall.de\/blog\/wanderrundreise-suedengland-14-tage-deutschsprachige-wanderreise-england\/","og_locale":"en_US","og_type":"article","og_title":"Wanderrundreise S\u00fcdengland - 8 Tage deutschsprachige Wanderreise England - Urlaub &amp; Reisen","og_description":"Auf dieser Reise werden Sie in nur einer Woche vieles von dem kennenlernen, wof\u00fcr England so bekannt ist. Von viktorianischen Seeb\u00e4dern, deren einstiger Glanz noch heute sp\u00fcrbar ist, \u00fcber prunkvolle wie auch exzentrische Schl\u00f6sser bis hin zu idyllischem Landleben in den Cotswolds, einer englischen Landschaft wie aus dem Bilderbuch. Abgerundet wird die Woche durch Besuche [&hellip;]","og_url":"https:\/\/www.urlaubcornwall.de\/blog\/wanderrundreise-suedengland-14-tage-deutschsprachige-wanderreise-england\/","og_site_name":"Urlaub &amp; Reisen","article_modified_time":"2024-04-05T13:48:30+00:00","og_image":[{"url":"https:\/\/www.urlaubcornwall.de\/blog\/wp-content\/uploads\/2015\/10\/south-downs-sussex-urlaub.jpg"}],"twitter_card":"summary","twitter_misc":{"Est. reading time":"5 minutes"},"schema":{"@context":"https:\/\/schema.org","@graph":[{"@type":"WebSite","@id":"https:\/\/www.urlaubcornwall.de\/blog\/#website","url":"https:\/\/www.urlaubcornwall.de\/blog\/","name":"Urlaub &amp; Reisen","description":"Urlaub, Reisen, Cornwall und S\u00fcdengland: eine perfekte Kombination","potentialAction":[{"@type":"SearchAction","target":{"@type":"EntryPoint","urlTemplate":"https:\/\/www.urlaubcornwall.de\/blog\/?s={search_term_string}"},"query-input":"required name=search_term_string"}],"inLanguage":"en-US"},{"@type":"WebPage","@id":"https:\/\/www.urlaubcornwall.de\/blog\/wanderrundreise-suedengland-14-tage-deutschsprachige-wanderreise-england\/","url":"https:\/\/www.urlaubcornwall.de\/blog\/wanderrundreise-suedengland-14-tage-deutschsprachige-wanderreise-england\/","name":"Wanderrundreise S\u00fcdengland - 8 Tage deutschsprachige Wanderreise England - Urlaub &amp; Reisen","isPartOf":{"@id":"https:\/\/www.urlaubcornwall.de\/blog\/#website"},"datePublished":"2015-10-31T15:46:10+00:00","dateModified":"2024-04-05T13:48:30+00:00","breadcrumb":{"@id":"https:\/\/www.urlaubcornwall.de\/blog\/wanderrundreise-suedengland-14-tage-deutschsprachige-wanderreise-england\/#breadcrumb"},"inLanguage":"en-US","potentialAction":[{"@type":"ReadAction","target":["https:\/\/www.urlaubcornwall.de\/blog\/wanderrundreise-suedengland-14-tage-deutschsprachige-wanderreise-england\/"]}]},{"@type":"BreadcrumbList","@id":"https:\/\/www.urlaubcornwall.de\/blog\/wanderrundreise-suedengland-14-tage-deutschsprachige-wanderreise-england\/#breadcrumb","itemListElement":[{"@type":"ListItem","position":1,"name":"Home","item":"https:\/\/www.urlaubcornwall.de\/blog\/"},{"@type":"ListItem","position":2,"name":"Wanderrundreise S\u00fcdengland &#8211; 8 Tage deutschsprachige Wanderreise England"}]}]}},"_links":{"self":[{"href":"https:\/\/www.urlaubcornwall.de\/blog\/wp-json\/wp\/v2\/pages\/21537"}],"collection":[{"href":"https:\/\/www.urlaubcornwall.de\/blog\/wp-json\/wp\/v2\/pages"}],"about":[{"href":"https:\/\/www.urlaubcornwall.de\/blog\/wp-json\/wp\/v2\/types\/page"}],"author":[{"embeddable":true,"href":"https:\/\/www.urlaubcornwall.de\/blog\/wp-json\/wp\/v2\/users\/1"}],"replies":[{"embeddable":true,"href":"https:\/\/www.urlaubcornwall.de\/blog\/wp-json\/wp\/v2\/comments?post=21537"}],"version-history":[{"count":9,"href":"https:\/\/www.urlaubcornwall.de\/blog\/wp-json\/wp\/v2\/pages\/21537\/revisions"}],"predecessor-version":[{"id":48989,"href":"https:\/\/www.urlaubcornwall.de\/blog\/wp-json\/wp\/v2\/pages\/21537\/revisions\/48989"}],"wp:attachment":[{"href":"https:\/\/www.urlaubcornwall.de\/blog\/wp-json\/wp\/v2\/media?parent=21537"}],"curies":[{"name":"wp","href":"https:\/\/api.w.org\/{rel}","templated":true}]}}