{"id":21503,"date":"2015-10-30T17:53:07","date_gmt":"2015-10-30T17:53:07","guid":{"rendered":"https:\/\/www.urlaubcornwall.de\/blog\/?page_id=21503"},"modified":"2026-01-04T11:35:09","modified_gmt":"2026-01-04T11:35:09","slug":"schottland-inseln-urlaub-orkney-und-shetland-tour","status":"publish","type":"page","link":"https:\/\/www.urlaubcornwall.de\/blog\/schottland-inseln-urlaub-orkney-und-shetland-tour\/","title":{"rendered":"Schottland Inseln Urlaub : Orkney und Shetland Tour"},"content":{"rendered":"<p><img loading=\"lazy\" class=\"aligncenter size-full wp-image-48206\" src=\"https:\/\/www.urlaubcornwall.de\/blog\/wp-content\/uploads\/2024\/03\/orkney.jpg\" alt=\"orkney\" width=\"750\" height=\"500\" srcset=\"https:\/\/www.urlaubcornwall.de\/blog\/wp-content\/uploads\/2024\/03\/orkney.jpg 750w, https:\/\/www.urlaubcornwall.de\/blog\/wp-content\/uploads\/2024\/03\/orkney-300x200.jpg 300w\" sizes=\"(max-width: 750px) 100vw, 750px\" \/><\/p>\n<h2 style=\"text-align: center;\"><strong>Highlights: Edinburgh, Orkney Islands, Shetland Islands, Loch Ness<\/strong><\/h2>\n<p>Erleben Sie Schottland auf dieser neunt\u00e4gigen Selbstfahrertour die beiden fantastischen n\u00f6rdlichen Inselgruppen Schottlands kennen. Weitere H\u00f6hepunkte sind Edinburgh, Loch Ness und die Highlands. Auch eine individuelle Buchung ist bei uns m\u00f6glich. Fragen Sie einfach Ihren Schottlandreisen Spezialisten!<\/p>\n<p><strong>Tourbeschreibung: Orkney und Shetland Tour: <\/strong> 9 Tage \/ 8 N\u00e4chte | in Mittelklasseunterk\u00fcnften ab Edinburgh &#8211; bis Edinburgh oder Glasgow<\/p>\n<p style=\"text-align: left;\"><a class=\"tidycta\" href=\"https:\/\/www.urlaubcornwall.de\/reisebuchung.php?tourcode=EEDHDOS\">Buchung \/ Anfrage<\/a><\/p>\n<p><a href=\"https:\/\/www.urlaubcornwall.de\/blog\/wp-content\/uploads\/2015\/10\/luxusurlaub-edinburgh.jpg\"><img loading=\"lazy\" class=\"aligncenter size-full wp-image-20605\" src=\"https:\/\/www.urlaubcornwall.de\/blog\/wp-content\/uploads\/2015\/10\/luxusurlaub-edinburgh.jpg\" alt=\"luxusurlaub edinburgh\" width=\"745\" height=\"340\"\/><\/a><\/p>\n<p><strong>1. Tag: Edinburgh<\/strong><\/p>\n<p>Ankunft in Edinburgh. Beginn Ihrer Orkney und Shetland Tour mit Abholung des Mietwagens und Fahrt ins Zentrum. Heute haben Sie bereits die Gelegenheit sich die wundervolle Hauptstadt Schottlands anzusehen. Edinburgh teilt sich ind die sogenannte &#8220;Neustadt&#8221; und die &#8220;Altstadt&#8221;. In der Neustadt sehen Sie die herrlichen Fassaden der georgianischen Architektur aus dem 18. Jhd. In der Altstadt hingegen, welche sich auf einem Bergr\u00fccken von der Burg bis zum Holyroodpalast erstreckt, f\u00fchlt man sich fast ins Mittelalter zur\u00fcck versetzt. \u00dcbernachtung in einem B&amp;B im Raum Edinburgh.<\/p>\n<p><strong>2. Tag: Edinburgh &#8211; Aberdeen<\/strong><\/p>\n<p>Nach dem Fr\u00fchst\u00fcck fahren Sie in n\u00f6rdlicher Richtung nach <a href=\"https:\/\/www.urlaubcornwall.de\/ferienhaeuser-fewos\/sco\/zentralschottland\/perth.html\">Perth<\/a>. Auf diesem Abschnitt Ihrer Reise \u00fcberqueren Sie den Firth of Forth mittels einer gro\u00dfartigen H\u00e4ngebr\u00fccke, welche diesen Meerarm \u00fcberspannt. Heute ist Perth eine der gr\u00f6\u00dften St\u00e4dte Schottlands. Weiter via Dundee der K\u00fcste entlang nach Aberdeen. Am sp\u00e4ten Nachmittag Einschiffung auf der NorthLink Cruise F\u00e4hre f\u00fcr die \u00dcberfahrt nach Shetland, in Zweibett-Aussenkabinen mit Dusche.<\/p>\n<p><strong>3. Tag: Shetland &#8211; Orkney<\/strong><\/p>\n<p>Um 7:00 Uhr ist die Ankunft in Lerwick geplant. Ihr Fr\u00fchst\u00fcck nehmen Sie noch an Bord zu sich. Anschlie\u00dfend unternehmen Sie eine Tagesfahrt auf Shetland. Sie erhalten eine Karte, einen Shetlandf\u00fchrer und informative Tourenhinweise mit denen man diese atemberaubende Landschaft genie\u00dfen und historische St\u00e4tten besichtigen kann. Um 17.00 Uhr verl\u00e4sst die NorthLink Cruise Shetland und kommt um 22.00 Uhr in Orkney an. <a href=\"https:\/\/www.urlaubcornwall.de\/blog\/urlaub-inseln-orkney-sehenswuerdigkeiten-geschichte-und-unterkunft\/\">Unterkunft im Raum Orkneys<\/a> &#8220;Mainland&#8221;.<\/p>\n<p><a href=\"https:\/\/www.urlaubcornwall.de\/blog\/wp-content\/uploads\/2015\/10\/44931289_1.jpg\"><img loading=\"lazy\" class=\"aligncenter size-full wp-image-21506\" src=\"https:\/\/www.urlaubcornwall.de\/blog\/wp-content\/uploads\/2015\/10\/44931289_1.jpg\" alt=\"44931289_1\" width=\"749\" height=\"307\"\/><\/a><\/p>\n<p><strong>4. Tag: Orkney<\/strong><\/p>\n<p>Einmalige, arch\u00e4ologischen Sehensw\u00fcrdigkeiten erleben Sie auf Orkney. Mit Hilfe der Tourhinweise besuchen Sie heute das von der UNESCO zum Weltkulturerbe ernannte Steinzeitdorf Skara Brae. Au\u00dferdem die Grabst\u00e4tte Maeshowe und die Steinkreise Brodgar und Stenness. Unterkunft wie am Vortag.<\/p>\n<p><strong>5. Tag: Orkney &#8211; Thurso<\/strong><\/p>\n<p>Zeit zur freien Verf\u00fcgung. Empfehlenswert ist der Besucher der beeindruckenden St. Magnus Kathedrale in Kirkwall. Vom malerischen Stromness aus fahren Sie um 17.00 Uhr mit NorthLink Cruise vorbei am Old Man of Hoy, einer aus rotem Sandstein &#8220;nat\u00fcrlich&#8221; geformten Figur, wieder zur\u00fcck aufs Festland. Unterkunft im Raum Thurso.<\/p>\n<p><strong>6. Tag: Thurso &#8211; Inverness <\/strong><\/p>\n<p>Fahrt nach <a href=\"https:\/\/www.urlaubcornwall.de\/ferienhaeuser-fewos\/sco\/nordschottland\/inverness.html\">Inverness<\/a> an der Ostk\u00fcste entlang. Besuch von Dunrobin Castle, Sitz der Sutherlands, im 19 Jhd. die gr\u00f6\u00dften Grundbesitzer von Westeuropa. Im wundervollen Garten hat man die M\u00f6glichkeit zum Besuch einer Falknerei Vorf\u00fchrungen. F\u00fcr seine Kathedrale, in der schon Madonna heiratete, ist Dornoch bekannt. Au\u00dferdem noch f\u00fcr den Golfplatz. Unterkunft im Raum Inverness.<\/p>\n<p><a href=\"https:\/\/www.urlaubcornwall.de\/blog\/wp-content\/uploads\/2015\/10\/3494282_m_1.jpg\"><img loading=\"lazy\" class=\"aligncenter size-full wp-image-21505\" src=\"https:\/\/www.urlaubcornwall.de\/blog\/wp-content\/uploads\/2015\/10\/3494282_m_1.jpg\" alt=\"Schottland Inseln Urlaub\" width=\"749\" height=\"328\"\/><\/a><\/p>\n<p><strong>7. Tag: Inverness <\/strong><\/p>\n<p>Besichtigung von Inverness und Tagesausflug ans <a href=\"https:\/\/www.urlaubcornwall.de\/ferienhaeuser-fewos\/sco\/nordschottland\/loch-ness.html\">Loch Ness<\/a>. In der Loch Ness Monster Exhibition in <a href=\"https:\/\/www.urlaubcornwall.de\/ferienhaeuser-fewos\/sco\/nordschottland\/drumnadrochit.html\">Drumnadrochit<\/a> erf\u00e4hrt man alles \u00fcber Nessie, und von der imposanten Ruine Urquhart Castle kann man den See bestens \u00fcberblicken. Unterkunft wie am Vortag.<\/p>\n<p><strong>8. Tag: Inverness &#8211; Edinburgh<\/strong><\/p>\n<p>Heute geht es wieder in den S\u00fcden, der A9 entlang, durch das Gebirge der <a href=\"https:\/\/www.urlaubcornwall.de\/ferienhaeuser-fewos\/sco\/nordschottland\/cairngorms.html\">Cairngorms<\/a>. Ein lohnenswerter Stop ist das House of Bruar, auch &#8220;Harrods des Nordens&#8221; genannt. Der Stop lohnt sich besonders wegen des wunderbaren Spazierganges zu den Bruar Wasserf\u00e4llen. Ganz in der N\u00e4he ist auch das atemberaubende Blair Castle. Dei einzige Privatperson, die sich in Gro\u00dfbritannien eine Privatarmee halten darf, ist der Herzog von Atholl &#8211; die Atholl Highlanders. Unterkunft im Raum Edinburgh.<\/p>\n<p><strong>9. Tag: Edinburgh<\/strong><\/p>\n<p>Abgabe des Mietwagens in Edinburgh am Flughafen und individuelle Heimreise. Ende der Orkney und Shetland Reise.<\/p>\n<p><strong>M\u00f6glich vom 01.04. bis 31.10.2026.<\/strong><\/p>\n<p>F\u00e4hrfahrt Lerwick-Kirkwall nur montags, mittwochs und freitags.<\/p>\n<p><strong>Preise 2026:<\/strong><\/p>\n<p>April  &#038; Oktober: \u20ac 1.395,- pro Person im Doppelzimmer | \u20ac 1.775,- pro Person im Einzelzimmer<\/p>\n<p>Mai &#038; September: \u20ac 1.495,- pro Person im Doppelzimmer | \u20ac 1.875,- pro Person im Einzelzimmer<\/p>\n<p>Juni &#038; Juli: \u20ac 1.550,- pro Person im Doppelzimmer | \u20ac 1.930,- pro Person im Einzelzimmer<\/p>\n<p>August: \u20ac 1.715,- pro Person im Doppelzimmer | \u20ac 2.335,- pro Person im Einzelzimmer<\/p>\n<p>Bei Alleinreisenden kommt ein Aufpreis f\u00fcr die F\u00e4hren dazu!<\/p>\n<p>Preis Kind: bis 4-12 Jahre im Zustellbett 50% des Erwachsenpreises. Bis 4 Jahre kostenlos.<\/p>\n<p>Achtung: Wegen Verf\u00fcgbarkeit der Unterk\u00fcnfte und der F\u00e4hr\u00fcberfahrten ist eine Fr\u00fchbuchung n\u00f6tig<\/p>\n<p style=\"text-align: left;\"><a class=\"tidycta\" href=\"https:\/\/www.urlaubcornwall.de\/reisebuchung.php?tourcode=EEDHDOS\">Buchung \/ Anfrage<\/a><\/p>\n<p style=\"text-align: center;\">UrlaubCornwall haben Touren im Angebot f\u00fcr Individualreisende. Hier finden Sie unsere Auswahl an fantastischen&nbsp;<a href=\"https:\/\/www.urlaubcornwall.de\/blog\/rundreisen-schottland\/\"><span style=\"text-decoration: underline;\">Rundreisen und Touren in Schottland<\/span>. <\/a><\/p>\n<p style=\"text-align: center;\">Unsere Websitedetails zeigen lediglich eine kleine Auswahl dessen, was wir anbieten k\u00f6nnen. Wir stellen Ihnen gerne ein <a href=\"http:\/\/www.urlaubcornwall.de\/anfrage.php\"><span style=\"text-decoration: underline;\">unverbindliches Angebot<\/span><\/a> mit allen Fl\u00fcgen und Transfers f\u00fcr Ihre Grossbritannien Reise zusammen.<\/p>\n","protected":false},"excerpt":{"rendered":"<p>Highlights: Edinburgh, Orkney Islands, Shetland Islands, Loch Ness Erleben Sie Schottland auf dieser neunt\u00e4gigen Selbstfahrertour die beiden fantastischen n\u00f6rdlichen Inselgruppen Schottlands kennen. Weitere H\u00f6hepunkte sind Edinburgh, Loch Ness und die Highlands. Auch eine individuelle Buchung ist bei uns m\u00f6glich. Fragen Sie einfach Ihren Schottlandreisen Spezialisten! Tourbeschreibung: Orkney und Shetland Tour: 9 Tage \/ 8 N\u00e4chte [&hellip;]<\/p>\n","protected":false},"author":1,"featured_media":0,"parent":0,"menu_order":0,"comment_status":"closed","ping_status":"closed","template":"single-four.php","meta":[],"acf":[],"yoast_head":"<!-- This site is optimized with the Yoast SEO plugin v19.4 - https:\/\/yoast.com\/wordpress\/plugins\/seo\/ -->\n<title>Schottland Inseln Urlaub : Orkney und Shetland Tour - Urlaub &amp; Reisen<\/title>\n<meta name=\"robots\" content=\"index, follow, max-snippet:-1, max-image-preview:large, max-video-preview:-1\" \/>\n<link rel=\"canonical\" href=\"https:\/\/www.urlaubcornwall.de\/blog\/schottland-inseln-urlaub-orkney-und-shetland-tour\/\" \/>\n<meta property=\"og:locale\" content=\"en_US\" \/>\n<meta property=\"og:type\" content=\"article\" \/>\n<meta property=\"og:title\" content=\"Schottland Inseln Urlaub : Orkney und Shetland Tour - Urlaub &amp; Reisen\" \/>\n<meta property=\"og:description\" content=\"Highlights: Edinburgh, Orkney Islands, Shetland Islands, Loch Ness Erleben Sie Schottland auf dieser neunt\u00e4gigen Selbstfahrertour die beiden fantastischen n\u00f6rdlichen Inselgruppen Schottlands kennen. Weitere H\u00f6hepunkte sind Edinburgh, Loch Ness und die Highlands. Auch eine individuelle Buchung ist bei uns m\u00f6glich. Fragen Sie einfach Ihren Schottlandreisen Spezialisten! Tourbeschreibung: Orkney und Shetland Tour: 9 Tage \/ 8 N\u00e4chte [&hellip;]\" \/>\n<meta property=\"og:url\" content=\"https:\/\/www.urlaubcornwall.de\/blog\/schottland-inseln-urlaub-orkney-und-shetland-tour\/\" \/>\n<meta property=\"og:site_name\" content=\"Urlaub &amp; Reisen\" \/>\n<meta property=\"article:modified_time\" content=\"2026-01-04T11:35:09+00:00\" \/>\n<meta property=\"og:image\" content=\"https:\/\/www.urlaubcornwall.de\/blog\/wp-content\/uploads\/2024\/03\/orkney.jpg\" \/>\n<meta name=\"twitter:card\" content=\"summary\" \/>\n<meta name=\"twitter:label1\" content=\"Est. reading time\" \/>\n\t<meta name=\"twitter:data1\" content=\"5 minutes\" \/>\n<script type=\"application\/ld+json\" class=\"yoast-schema-graph\">{\"@context\":\"https:\/\/schema.org\",\"@graph\":[{\"@type\":\"WebSite\",\"@id\":\"https:\/\/www.urlaubcornwall.de\/blog\/#website\",\"url\":\"https:\/\/www.urlaubcornwall.de\/blog\/\",\"name\":\"Urlaub &amp; Reisen\",\"description\":\"Urlaub, Reisen, Cornwall und S\u00fcdengland: eine perfekte Kombination\",\"potentialAction\":[{\"@type\":\"SearchAction\",\"target\":{\"@type\":\"EntryPoint\",\"urlTemplate\":\"https:\/\/www.urlaubcornwall.de\/blog\/?s={search_term_string}\"},\"query-input\":\"required name=search_term_string\"}],\"inLanguage\":\"en-US\"},{\"@type\":\"WebPage\",\"@id\":\"https:\/\/www.urlaubcornwall.de\/blog\/schottland-inseln-urlaub-orkney-und-shetland-tour\/\",\"url\":\"https:\/\/www.urlaubcornwall.de\/blog\/schottland-inseln-urlaub-orkney-und-shetland-tour\/\",\"name\":\"Schottland Inseln Urlaub : Orkney und Shetland Tour - Urlaub &amp; Reisen\",\"isPartOf\":{\"@id\":\"https:\/\/www.urlaubcornwall.de\/blog\/#website\"},\"datePublished\":\"2015-10-30T17:53:07+00:00\",\"dateModified\":\"2026-01-04T11:35:09+00:00\",\"breadcrumb\":{\"@id\":\"https:\/\/www.urlaubcornwall.de\/blog\/schottland-inseln-urlaub-orkney-und-shetland-tour\/#breadcrumb\"},\"inLanguage\":\"en-US\",\"potentialAction\":[{\"@type\":\"ReadAction\",\"target\":[\"https:\/\/www.urlaubcornwall.de\/blog\/schottland-inseln-urlaub-orkney-und-shetland-tour\/\"]}]},{\"@type\":\"BreadcrumbList\",\"@id\":\"https:\/\/www.urlaubcornwall.de\/blog\/schottland-inseln-urlaub-orkney-und-shetland-tour\/#breadcrumb\",\"itemListElement\":[{\"@type\":\"ListItem\",\"position\":1,\"name\":\"Home\",\"item\":\"https:\/\/www.urlaubcornwall.de\/blog\/\"},{\"@type\":\"ListItem\",\"position\":2,\"name\":\"Schottland Inseln Urlaub : Orkney und Shetland Tour\"}]}]}<\/script>\n<!-- \/ Yoast SEO plugin. -->","yoast_head_json":{"title":"Schottland Inseln Urlaub : Orkney und Shetland Tour - Urlaub &amp; Reisen","robots":{"index":"index","follow":"follow","max-snippet":"max-snippet:-1","max-image-preview":"max-image-preview:large","max-video-preview":"max-video-preview:-1"},"canonical":"https:\/\/www.urlaubcornwall.de\/blog\/schottland-inseln-urlaub-orkney-und-shetland-tour\/","og_locale":"en_US","og_type":"article","og_title":"Schottland Inseln Urlaub : Orkney und Shetland Tour - Urlaub &amp; Reisen","og_description":"Highlights: Edinburgh, Orkney Islands, Shetland Islands, Loch Ness Erleben Sie Schottland auf dieser neunt\u00e4gigen Selbstfahrertour die beiden fantastischen n\u00f6rdlichen Inselgruppen Schottlands kennen. Weitere H\u00f6hepunkte sind Edinburgh, Loch Ness und die Highlands. Auch eine individuelle Buchung ist bei uns m\u00f6glich. Fragen Sie einfach Ihren Schottlandreisen Spezialisten! Tourbeschreibung: Orkney und Shetland Tour: 9 Tage \/ 8 N\u00e4chte [&hellip;]","og_url":"https:\/\/www.urlaubcornwall.de\/blog\/schottland-inseln-urlaub-orkney-und-shetland-tour\/","og_site_name":"Urlaub &amp; Reisen","article_modified_time":"2026-01-04T11:35:09+00:00","og_image":[{"url":"https:\/\/www.urlaubcornwall.de\/blog\/wp-content\/uploads\/2024\/03\/orkney.jpg"}],"twitter_card":"summary","twitter_misc":{"Est. reading time":"5 minutes"},"schema":{"@context":"https:\/\/schema.org","@graph":[{"@type":"WebSite","@id":"https:\/\/www.urlaubcornwall.de\/blog\/#website","url":"https:\/\/www.urlaubcornwall.de\/blog\/","name":"Urlaub &amp; Reisen","description":"Urlaub, Reisen, Cornwall und S\u00fcdengland: eine perfekte Kombination","potentialAction":[{"@type":"SearchAction","target":{"@type":"EntryPoint","urlTemplate":"https:\/\/www.urlaubcornwall.de\/blog\/?s={search_term_string}"},"query-input":"required name=search_term_string"}],"inLanguage":"en-US"},{"@type":"WebPage","@id":"https:\/\/www.urlaubcornwall.de\/blog\/schottland-inseln-urlaub-orkney-und-shetland-tour\/","url":"https:\/\/www.urlaubcornwall.de\/blog\/schottland-inseln-urlaub-orkney-und-shetland-tour\/","name":"Schottland Inseln Urlaub : Orkney und Shetland Tour - Urlaub &amp; Reisen","isPartOf":{"@id":"https:\/\/www.urlaubcornwall.de\/blog\/#website"},"datePublished":"2015-10-30T17:53:07+00:00","dateModified":"2026-01-04T11:35:09+00:00","breadcrumb":{"@id":"https:\/\/www.urlaubcornwall.de\/blog\/schottland-inseln-urlaub-orkney-und-shetland-tour\/#breadcrumb"},"inLanguage":"en-US","potentialAction":[{"@type":"ReadAction","target":["https:\/\/www.urlaubcornwall.de\/blog\/schottland-inseln-urlaub-orkney-und-shetland-tour\/"]}]},{"@type":"BreadcrumbList","@id":"https:\/\/www.urlaubcornwall.de\/blog\/schottland-inseln-urlaub-orkney-und-shetland-tour\/#breadcrumb","itemListElement":[{"@type":"ListItem","position":1,"name":"Home","item":"https:\/\/www.urlaubcornwall.de\/blog\/"},{"@type":"ListItem","position":2,"name":"Schottland Inseln Urlaub : Orkney und Shetland Tour"}]}]}},"_links":{"self":[{"href":"https:\/\/www.urlaubcornwall.de\/blog\/wp-json\/wp\/v2\/pages\/21503"}],"collection":[{"href":"https:\/\/www.urlaubcornwall.de\/blog\/wp-json\/wp\/v2\/pages"}],"about":[{"href":"https:\/\/www.urlaubcornwall.de\/blog\/wp-json\/wp\/v2\/types\/page"}],"author":[{"embeddable":true,"href":"https:\/\/www.urlaubcornwall.de\/blog\/wp-json\/wp\/v2\/users\/1"}],"replies":[{"embeddable":true,"href":"https:\/\/www.urlaubcornwall.de\/blog\/wp-json\/wp\/v2\/comments?post=21503"}],"version-history":[{"count":28,"href":"https:\/\/www.urlaubcornwall.de\/blog\/wp-json\/wp\/v2\/pages\/21503\/revisions"}],"predecessor-version":[{"id":51915,"href":"https:\/\/www.urlaubcornwall.de\/blog\/wp-json\/wp\/v2\/pages\/21503\/revisions\/51915"}],"wp:attachment":[{"href":"https:\/\/www.urlaubcornwall.de\/blog\/wp-json\/wp\/v2\/media?parent=21503"}],"curies":[{"name":"wp","href":"https:\/\/api.w.org\/{rel}","templated":true}]}}