{"id":21483,"date":"2015-10-30T16:18:12","date_gmt":"2015-10-30T16:18:12","guid":{"rendered":"https:\/\/www.urlaubcornwall.de\/blog\/?page_id=21483"},"modified":"2024-04-29T15:40:34","modified_gmt":"2024-04-29T15:40:34","slug":"irland-kulinarische-reise-9-tage","status":"publish","type":"page","link":"https:\/\/www.urlaubcornwall.de\/blog\/irland-kulinarische-reise-9-tage\/","title":{"rendered":"8 Tage Selbstfahrertour &#8211; Einmaliges Irland"},"content":{"rendered":"<p><img loading=\"lazy\" class=\"aligncenter size-full wp-image-47813\" src=\"https:\/\/www.urlaubcornwall.de\/blog\/wp-content\/uploads\/2024\/03\/dingle-bay-irland.jpg\" alt=\"dingle bay irland\" width=\"750\" height=\"500\" srcset=\"https:\/\/www.urlaubcornwall.de\/blog\/wp-content\/uploads\/2024\/03\/dingle-bay-irland.jpg 750w, https:\/\/www.urlaubcornwall.de\/blog\/wp-content\/uploads\/2024\/03\/dingle-bay-irland-300x200.jpg 300w\" sizes=\"(max-width: 750px) 100vw, 750px\" \/><\/p>\n<h2 style=\"text-align: left;\"><strong>Highlights:<\/strong>&nbsp;Dublin &#8211; Galway &#8211; Connemara &#8211; Cliffs of Moher &#8211; Kerry &#8211; Limerick &#8211; Kildare<\/h2>\n<p style=\"text-align: left;\"><strong>Einmaliges Irland &#8211; 8 Tage Selbstfahrertour Irland<\/strong><\/p>\n<p style=\"text-align: left;\">Irland ist ein Land der Gegens\u00e4tze. Das werden Sie auf Ihrer 8 Tage Selbstfahrertour schnell feststellen. Die Iren sind ein herzliches und gastfreundliches Volk und die hiesige Lebensweise, besonders ausserhalb der St\u00e4dte, ist eine Erinnerung an vergangene Tage. Die Kontakte werden in den Pubs gepflegt, welche im Ruf stehen, die besten der Welt zu sein. Sie werden hier bestes Entertainment, ausgezeichnete Pubs und Restaurants, luxuri\u00f6se Wellness-Center, Golfkurse und unglaubliche historische Sehensw\u00fcrdigkeiten entdecken. Und nat\u00fcrlich wird immer noch genug Zeit sein, alles vom Designerlabel bis hin zu typischen irischen Produkten einzukaufen, so zum Beispiel ger\u00e4ucherten Lachs, Golden Whiskey oder auserlesenes handgemachtes Kristall. Diese 8-t\u00e4gige Rundreise f\u00fchrt Sie zu vielen sch\u00f6nen Orten in Irland.<\/p>\n<p style=\"text-align: center;\"><a class=\"tidycta\" href=\"http:\/\/www.urlaubcornwall.de\/anfrage.php?tourcode=IRLSELBST-10\">Anfrage \/ Buchung<\/a><\/p>\n<p><strong>Tourbeschreibung<\/strong><\/p>\n<p><strong>1. Tag: Dublin<\/strong><\/p>\n<p>Willkommen in Dublin. Nachdem Sie Ihren Wagen bei der Autovermietung abgeholt haben, fahren Sie zu Ihrer gebuchten Unterkunft. Verbringen Sie den Rest des Tages damit, die Atmosph\u00e4re dieser aufregenden Stadt zu genie\u00dfen und besichtigen Sie einige der Hauptattraktionen, wie z.B. das Guinness Storehouse, das Trinity College oder die Old Jameson Distillery. 2 \u00dcbernachtungen im Raum Dublin (z.B. Red Cow Moran Hotel)<\/p>\n<p><strong>2. Tag: Dublin<\/strong><\/p>\n<p>Erkunden Sie Dublin oder die Umgebung. Besuchen Sie Malahide Castle im Norden Dublins oder die Grabst\u00e4tte von Newgrange, die ebenso alt ist wie die Pyramiden in Aegypten. Aber auch die s\u00fcdliche Umgebung Dublins bietet einige Sehensw\u00fcrdigkeiten, wie z.B. die Wicklow Mountains und besichtigen Sie die Klostersiedlung von Glendalough, die aus dem 6. Jahrhundert stammt. \u00dcbernachtung wie am Vortag.<\/p>\n<p><a href=\"https:\/\/www.urlaubcornwall.de\/blog\/wp-content\/uploads\/2024\/03\/conemara.jpg\"><img loading=\"lazy\" src=\"https:\/\/www.urlaubcornwall.de\/blog\/wp-content\/uploads\/2024\/03\/conemara.jpg\" alt=\"conemara\" width=\"750\" height=\"368\" class=\"alignnone size-full wp-image-47811\" srcset=\"https:\/\/www.urlaubcornwall.de\/blog\/wp-content\/uploads\/2024\/03\/conemara.jpg 750w, https:\/\/www.urlaubcornwall.de\/blog\/wp-content\/uploads\/2024\/03\/conemara-300x147.jpg 300w\" sizes=\"(max-width: 750px) 100vw, 750px\" \/><\/a><\/p>\n<p><strong>3. Tag: Dublin \u2013 Galway<\/strong><\/p>\n<p>Sie verlassen Dublin morgens und fahren in Richtung Galway. Auf dem Weg dorthin k\u00f6nnen Sie das liebevoll restaurierte House Belvedere mit seinem weitl\u00e4ufigen Garten besichtigen, aus dem fr\u00fchen 18. Jahrhundert. Bevor Sie den Fluss Shannon passieren, bietet sich die Besichtigung die aus dem 6. Jahrhundert stammende Klosteranlage Clonmacnoise. In Galway werden Sie viele spanische Einfl\u00fcsse entdecken, da Galway lange Zeit Handel mit Spanien pflegte, z.B. der Spanische Bogen. 2 \u00dcbernachtungen im Raum Galway in einem B&amp;B.<\/p>\n<p><strong>4. Tag: Connemara Region<\/strong><\/p>\n<p>Heute reisen Sie in die wilde und felsige Connemara Region, bekannt f\u00fcr seine herrliche Seen- und Gebirgslandschaft. Sehenswert ist auch der Connemara National Park. Es lohnt auch die herrliche Kylemore Abtei zu besuchen \u2013 ein gediegenes Herrenhaus an einem See. \u00dcbernachtung wie am Vortag.<\/p>\n<p><strong>5. Tag: Galway \u2013 Kerry<\/strong><\/p>\n<p>An diesem Morgen verlassen Sie County Galway und reisen in s\u00fcdliche Richtung weiter nach County Clare, auch bekannt als das ,,Land der Schl\u00f6sser\u201c. Setzen Sie Ihre Reise durch die seltsame Mondlandschaft der Burren Region fort und statten Sie den Klippen von Moher, einem wahrlich spektakul\u00e4ren Kliff, Ihren Besuch ab. Halten Sie in der traditionsreichen Stadt Kilrush, bevor Sie mit der F\u00e4hre nach Tarbert in den Norden von County Kerry \u00fcbersetzen und Ihre Rundreise im PKW fortsetzen. 2 \u00dcbernachtungen in einem B&amp;B im Raum Kerry.<\/p>\n<p><a href=\"https:\/\/www.urlaubcornwall.de\/blog\/wp-content\/uploads\/2024\/03\/dingle-irland-urlaub.jpg\"><img loading=\"lazy\" class=\"aligncenter size-full wp-image-47979\" src=\"https:\/\/www.urlaubcornwall.de\/blog\/wp-content\/uploads\/2024\/03\/dingle-irland-urlaub.jpg\" alt=\"dingle irland urlaub\" width=\"750\" height=\"501\" srcset=\"https:\/\/www.urlaubcornwall.de\/blog\/wp-content\/uploads\/2024\/03\/dingle-irland-urlaub.jpg 750w, https:\/\/www.urlaubcornwall.de\/blog\/wp-content\/uploads\/2024\/03\/dingle-irland-urlaub-300x200.jpg 300w\" sizes=\"(max-width: 750px) 100vw, 750px\" \/><\/a><\/p>\n<p><strong>6. Tag: Der Ring von Kerry<\/strong><\/p>\n<p>Fahren Sie heute auf Ihrer Selbstfahrertour durch Irland durch eine der reizvollsten Gegenden Irlands, den sogennanten ,,Ring of Kerry\u201c. Der Ring of Kerry ist die wohl ber\u00fchmteste Panoramastra\u00dfe Irlands. Das milde Klima, beeinflusst durch den Golfstrom, erm\u00f6glicht ein \u00fcppiges Wachstum von \u00fcberraschender Vegetation wie z.B. subtropischer Palmen. In Killarney k\u00f6nnen Sie das Muckross Anwesen, ein herrliches Viktorianisches Herrenhaus und eines von Irlands f\u00fchrenden Herrschaftsanwesen besuchen. Die G\u00e4rten des Muckross Anwesens sind auf der ganzen Welt f\u00fcr ihre herrliche Sammlungen von Azaleen und Rhododenrons bekannt. \u00dcbernachtung wie am Vortag.<\/p>\n<p><strong>7. Tag: Kerry \u2013 Limerick \u2013 Kildare (300 km)<\/strong><\/p>\n<p>Fahren Sie heute fr\u00fch noch in die mittelalterliche Stadt von Limerick. Erkunden Sie Limericks Geschichte und Architektur, wie z.B. das Hunt Museum, eine Ausstellung von Irlands gr\u00f6ssten Privatsammlungen von Kunst und Antiquit\u00e4ten. Anschliessend verlassen Sie Limerick und reisen ostw\u00e4rts in Richtung County Kildare. Unterwegs lohnt ein kleiner Abstecher zum imposanten Rock von Cashel, der sich dramatisch von der flachen Landschaft erhebt. Auf dem Rock of Cashel Felsen befinden sich zahlreiche Geb\u00e4ude, die Sie besichtigen k\u00f6nnen. Darunter befindet sich ein Rundturm, eine aus dem 13. Jahrhundert stammende romanische Kapelle und die wundersch\u00f6n restaurierte Halle des Vikarchors. Setzen Sie Ihre Autorundreise durch die Wiesenlandschaften Irlands fort, bevor Sie in Maynooth ankommen. \u00dcbernachtung heute in einem Schlosshotel (z.B. Barberstown Castle Hotel).<\/p>\n<p><a href=\"https:\/\/www.urlaubcornwall.de\/blog\/wp-content\/uploads\/2024\/03\/dublin.jpg\"><img loading=\"lazy\" src=\"https:\/\/www.urlaubcornwall.de\/blog\/wp-content\/uploads\/2024\/03\/dublin.jpg\" alt=\"dublin\" width=\"750\" height=\"500\" class=\"alignnone size-full wp-image-47814\" srcset=\"https:\/\/www.urlaubcornwall.de\/blog\/wp-content\/uploads\/2024\/03\/dublin.jpg 750w, https:\/\/www.urlaubcornwall.de\/blog\/wp-content\/uploads\/2024\/03\/dublin-300x200.jpg 300w\" sizes=\"(max-width: 750px) 100vw, 750px\" \/><\/a><\/p>\n<p><strong>8. Tag: Dublin und R\u00fcckflug (85 km)<\/strong><\/p>\n<p>Fahrt zum Flughafen Dublin und Abgabe des Mietwagens. Ende der Selbstfahrertour Irland und individuelle Heimreise. Gerne bieten wir Ihnen Flug, Mietwagen oder weitere Hotels passend dazu an. Fragen Sie uns einfach nach einem Angebot!<\/p>\n<p><strong>Eingeschlossene Leistungen<\/strong><\/p>\n<p>7 \u00dcbernachtungen laut Reiseverlauf (2x Hotel, 4x B&amp;B und 1x Schlosshotel)<\/p>\n<p>T\u00e4gliches Fr\u00fchst\u00fcck<\/p>\n<p>1 Reisef\u00fchrer \u00fcber Irland<\/p>\n<p>Nicht eingeschlossene Leistungen:<\/p>\n<p>Fl\u00fcge (bieten wir Ihnen gerne passend dazu an)<\/p>\n<p>Mietwagen (bieten wir Ihnen gerne passend an)<\/p>\n<p>Trinkgelder, Benzin, Eintritte<\/p>\n<p>Pers\u00f6nliche Ausgaben aller Art<\/p>\n<p>T\u00e4glich m\u00f6glich!<\/p>\n<p><strong>Preise 2023<\/strong><\/p>\n<p>Januar-Februar&#038; November-Dezember: \u20ac 659,- pro Person im Doppelzimmer | \u20ac 1.025,- pro Person im Einzelzimmer<\/p>\n<p>M\u00e4rz &#038; April: \u20ac 679,- pro Person im Doppelzimmer | \u20ac 1.050,- pro Person im Einzelzimmer<\/p>\n<p>Mai &#038; Oktober: \u20ac 739,- pro Person im Doppelzimmer | \u20ac 1.105,- pro Person im Einzelzimmer<\/p>\n<p>Juni-September: \u20ac 777,- pro Person im Doppelzimmer | \u20ac 1.145,- pro Person im Einzelzimmer<\/p>\n<p style=\"text-align: center;\"><a class=\"tidycta\" href=\"http:\/\/www.urlaubcornwall.de\/anfrage.php?tourcode=IRLSELBST-10\">Anfrage \/ Buchung<\/a><\/p>\n<p style=\"text-align: center;\">UrlaubCornwall haben Touren im Angebot f\u00fcr Individualreisende. Hier finden Sie unsere Auswahl an fantastischen&nbsp;<a href=\"https:\/\/www.urlaubcornwall.de\/blog\/rundreisen-irland\/\"><span style=\"text-decoration: underline;\">Rundreisen und Touren in Irland<\/span><\/a>. Unsere Websitedetails zeigen lediglich eine kleine Auswahl dessen, was wir anbieten k\u00f6nnen. Wir stellen Ihnen gerne ein <a href=\"http:\/\/www.urlaubcornwall.de\/anfrage.php\"><span style=\"text-decoration: underline;\">unverbindliches Angebot<\/span><\/a> mit allen Fl\u00fcgen und Transfers f\u00fcr Ihre Grossbritannien Reise zusammen.<\/p>\n","protected":false},"excerpt":{"rendered":"<p>Highlights:&nbsp;Dublin &#8211; Galway &#8211; Connemara &#8211; Cliffs of Moher &#8211; Kerry &#8211; Limerick &#8211; Kildare Einmaliges Irland &#8211; 8 Tage Selbstfahrertour Irland Irland ist ein Land der Gegens\u00e4tze. Das werden Sie auf Ihrer 8 Tage Selbstfahrertour schnell feststellen. Die Iren sind ein herzliches und gastfreundliches Volk und die hiesige Lebensweise, besonders ausserhalb der St\u00e4dte, ist [&hellip;]<\/p>\n","protected":false},"author":1,"featured_media":0,"parent":0,"menu_order":0,"comment_status":"closed","ping_status":"closed","template":"single-four.php","meta":[],"acf":[],"yoast_head":"<!-- This site is optimized with the Yoast SEO plugin v19.4 - https:\/\/yoast.com\/wordpress\/plugins\/seo\/ -->\n<title>8 Tage Selbstfahrertour - Einmaliges Irland - Urlaub &amp; Reisen<\/title>\n<meta name=\"robots\" content=\"index, follow, max-snippet:-1, max-image-preview:large, max-video-preview:-1\" \/>\n<link rel=\"canonical\" href=\"https:\/\/www.urlaubcornwall.de\/blog\/irland-kulinarische-reise-9-tage\/\" \/>\n<meta property=\"og:locale\" content=\"en_US\" \/>\n<meta property=\"og:type\" content=\"article\" \/>\n<meta property=\"og:title\" content=\"8 Tage Selbstfahrertour - Einmaliges Irland - Urlaub &amp; Reisen\" \/>\n<meta property=\"og:description\" content=\"Highlights:&nbsp;Dublin &#8211; Galway &#8211; Connemara &#8211; Cliffs of Moher &#8211; Kerry &#8211; Limerick &#8211; Kildare Einmaliges Irland &#8211; 8 Tage Selbstfahrertour Irland Irland ist ein Land der Gegens\u00e4tze. Das werden Sie auf Ihrer 8 Tage Selbstfahrertour schnell feststellen. Die Iren sind ein herzliches und gastfreundliches Volk und die hiesige Lebensweise, besonders ausserhalb der St\u00e4dte, ist [&hellip;]\" \/>\n<meta property=\"og:url\" content=\"https:\/\/www.urlaubcornwall.de\/blog\/irland-kulinarische-reise-9-tage\/\" \/>\n<meta property=\"og:site_name\" content=\"Urlaub &amp; Reisen\" \/>\n<meta property=\"article:modified_time\" content=\"2024-04-29T15:40:34+00:00\" \/>\n<meta property=\"og:image\" content=\"https:\/\/www.urlaubcornwall.de\/blog\/wp-content\/uploads\/2024\/03\/dingle-bay-irland.jpg\" \/>\n<meta name=\"twitter:card\" content=\"summary\" \/>\n<meta name=\"twitter:label1\" content=\"Est. reading time\" \/>\n\t<meta name=\"twitter:data1\" content=\"5 minutes\" \/>\n<script type=\"application\/ld+json\" class=\"yoast-schema-graph\">{\"@context\":\"https:\/\/schema.org\",\"@graph\":[{\"@type\":\"WebSite\",\"@id\":\"https:\/\/www.urlaubcornwall.de\/blog\/#website\",\"url\":\"https:\/\/www.urlaubcornwall.de\/blog\/\",\"name\":\"Urlaub &amp; Reisen\",\"description\":\"Urlaub, Reisen, Cornwall und S\u00fcdengland: eine perfekte Kombination\",\"potentialAction\":[{\"@type\":\"SearchAction\",\"target\":{\"@type\":\"EntryPoint\",\"urlTemplate\":\"https:\/\/www.urlaubcornwall.de\/blog\/?s={search_term_string}\"},\"query-input\":\"required name=search_term_string\"}],\"inLanguage\":\"en-US\"},{\"@type\":\"WebPage\",\"@id\":\"https:\/\/www.urlaubcornwall.de\/blog\/irland-kulinarische-reise-9-tage\/\",\"url\":\"https:\/\/www.urlaubcornwall.de\/blog\/irland-kulinarische-reise-9-tage\/\",\"name\":\"8 Tage Selbstfahrertour - Einmaliges Irland - Urlaub &amp; Reisen\",\"isPartOf\":{\"@id\":\"https:\/\/www.urlaubcornwall.de\/blog\/#website\"},\"datePublished\":\"2015-10-30T16:18:12+00:00\",\"dateModified\":\"2024-04-29T15:40:34+00:00\",\"breadcrumb\":{\"@id\":\"https:\/\/www.urlaubcornwall.de\/blog\/irland-kulinarische-reise-9-tage\/#breadcrumb\"},\"inLanguage\":\"en-US\",\"potentialAction\":[{\"@type\":\"ReadAction\",\"target\":[\"https:\/\/www.urlaubcornwall.de\/blog\/irland-kulinarische-reise-9-tage\/\"]}]},{\"@type\":\"BreadcrumbList\",\"@id\":\"https:\/\/www.urlaubcornwall.de\/blog\/irland-kulinarische-reise-9-tage\/#breadcrumb\",\"itemListElement\":[{\"@type\":\"ListItem\",\"position\":1,\"name\":\"Home\",\"item\":\"https:\/\/www.urlaubcornwall.de\/blog\/\"},{\"@type\":\"ListItem\",\"position\":2,\"name\":\"8 Tage Selbstfahrertour &#8211; Einmaliges Irland\"}]}]}<\/script>\n<!-- \/ Yoast SEO plugin. -->","yoast_head_json":{"title":"8 Tage Selbstfahrertour - Einmaliges Irland - Urlaub &amp; Reisen","robots":{"index":"index","follow":"follow","max-snippet":"max-snippet:-1","max-image-preview":"max-image-preview:large","max-video-preview":"max-video-preview:-1"},"canonical":"https:\/\/www.urlaubcornwall.de\/blog\/irland-kulinarische-reise-9-tage\/","og_locale":"en_US","og_type":"article","og_title":"8 Tage Selbstfahrertour - Einmaliges Irland - Urlaub &amp; Reisen","og_description":"Highlights:&nbsp;Dublin &#8211; Galway &#8211; Connemara &#8211; Cliffs of Moher &#8211; Kerry &#8211; Limerick &#8211; Kildare Einmaliges Irland &#8211; 8 Tage Selbstfahrertour Irland Irland ist ein Land der Gegens\u00e4tze. Das werden Sie auf Ihrer 8 Tage Selbstfahrertour schnell feststellen. Die Iren sind ein herzliches und gastfreundliches Volk und die hiesige Lebensweise, besonders ausserhalb der St\u00e4dte, ist [&hellip;]","og_url":"https:\/\/www.urlaubcornwall.de\/blog\/irland-kulinarische-reise-9-tage\/","og_site_name":"Urlaub &amp; Reisen","article_modified_time":"2024-04-29T15:40:34+00:00","og_image":[{"url":"https:\/\/www.urlaubcornwall.de\/blog\/wp-content\/uploads\/2024\/03\/dingle-bay-irland.jpg"}],"twitter_card":"summary","twitter_misc":{"Est. reading time":"5 minutes"},"schema":{"@context":"https:\/\/schema.org","@graph":[{"@type":"WebSite","@id":"https:\/\/www.urlaubcornwall.de\/blog\/#website","url":"https:\/\/www.urlaubcornwall.de\/blog\/","name":"Urlaub &amp; Reisen","description":"Urlaub, Reisen, Cornwall und S\u00fcdengland: eine perfekte Kombination","potentialAction":[{"@type":"SearchAction","target":{"@type":"EntryPoint","urlTemplate":"https:\/\/www.urlaubcornwall.de\/blog\/?s={search_term_string}"},"query-input":"required name=search_term_string"}],"inLanguage":"en-US"},{"@type":"WebPage","@id":"https:\/\/www.urlaubcornwall.de\/blog\/irland-kulinarische-reise-9-tage\/","url":"https:\/\/www.urlaubcornwall.de\/blog\/irland-kulinarische-reise-9-tage\/","name":"8 Tage Selbstfahrertour - Einmaliges Irland - Urlaub &amp; Reisen","isPartOf":{"@id":"https:\/\/www.urlaubcornwall.de\/blog\/#website"},"datePublished":"2015-10-30T16:18:12+00:00","dateModified":"2024-04-29T15:40:34+00:00","breadcrumb":{"@id":"https:\/\/www.urlaubcornwall.de\/blog\/irland-kulinarische-reise-9-tage\/#breadcrumb"},"inLanguage":"en-US","potentialAction":[{"@type":"ReadAction","target":["https:\/\/www.urlaubcornwall.de\/blog\/irland-kulinarische-reise-9-tage\/"]}]},{"@type":"BreadcrumbList","@id":"https:\/\/www.urlaubcornwall.de\/blog\/irland-kulinarische-reise-9-tage\/#breadcrumb","itemListElement":[{"@type":"ListItem","position":1,"name":"Home","item":"https:\/\/www.urlaubcornwall.de\/blog\/"},{"@type":"ListItem","position":2,"name":"8 Tage Selbstfahrertour &#8211; Einmaliges Irland"}]}]}},"_links":{"self":[{"href":"https:\/\/www.urlaubcornwall.de\/blog\/wp-json\/wp\/v2\/pages\/21483"}],"collection":[{"href":"https:\/\/www.urlaubcornwall.de\/blog\/wp-json\/wp\/v2\/pages"}],"about":[{"href":"https:\/\/www.urlaubcornwall.de\/blog\/wp-json\/wp\/v2\/types\/page"}],"author":[{"embeddable":true,"href":"https:\/\/www.urlaubcornwall.de\/blog\/wp-json\/wp\/v2\/users\/1"}],"replies":[{"embeddable":true,"href":"https:\/\/www.urlaubcornwall.de\/blog\/wp-json\/wp\/v2\/comments?post=21483"}],"version-history":[{"count":27,"href":"https:\/\/www.urlaubcornwall.de\/blog\/wp-json\/wp\/v2\/pages\/21483\/revisions"}],"predecessor-version":[{"id":49906,"href":"https:\/\/www.urlaubcornwall.de\/blog\/wp-json\/wp\/v2\/pages\/21483\/revisions\/49906"}],"wp:attachment":[{"href":"https:\/\/www.urlaubcornwall.de\/blog\/wp-json\/wp\/v2\/media?parent=21483"}],"curies":[{"name":"wp","href":"https:\/\/api.w.org\/{rel}","templated":true}]}}