{"id":21474,"date":"2015-10-30T15:38:40","date_gmt":"2015-10-30T15:38:40","guid":{"rendered":"https:\/\/www.urlaubcornwall.de\/blog\/?page_id=21474"},"modified":"2026-01-04T11:46:31","modified_gmt":"2026-01-04T11:46:31","slug":"irland-auf-einen-blick-irland-rundreise-mit-dem-auto-5-tage","status":"publish","type":"page","link":"https:\/\/www.urlaubcornwall.de\/blog\/irland-auf-einen-blick-irland-rundreise-mit-dem-auto-5-tage\/","title":{"rendered":"&#8220;Irland auf einen Blick&#8221; &#8211; Irland Rundreise mit dem Auto 5 Tage"},"content":{"rendered":"<p><a href=\"https:\/\/www.urlaubcornwall.de\/blog\/wp-content\/uploads\/2024\/03\/conemara.jpg\"><img loading=\"lazy\" src=\"https:\/\/www.urlaubcornwall.de\/blog\/wp-content\/uploads\/2024\/03\/conemara.jpg\" alt=\"conemara\" width=\"750\" height=\"368\" class=\"alignnone size-full wp-image-47811\" srcset=\"https:\/\/www.urlaubcornwall.de\/blog\/wp-content\/uploads\/2024\/03\/conemara.jpg 750w, https:\/\/www.urlaubcornwall.de\/blog\/wp-content\/uploads\/2024\/03\/conemara-300x147.jpg 300w\" sizes=\"(max-width: 750px) 100vw, 750px\" \/><\/a><\/p>\n<h2>Highlights: Dublin, Wicklow Mountains, Kilkenny Castle, Tullamore Destillery, Cabra Castle, Newgrange<\/h2>\n<p>Entdecken Sie Irland auf einer 5-t\u00e4gigen <a href=\"https:\/\/www.urlaubcornwall.de\/blog\/rundreisen-irland\/\">Irland Rundreise mit dem Auto<\/a>. Erkunden Sie Dublin, die Wicklow Mountains, das Kilkenny Castle, genie\u00dfen Sie einen Whiskey in der \u00e4ltesten Destillery des Landes und besuchen Sie Newgrange. Dazu \u00fcbernachten Sie noch einmal in einem echten Schlosshotel. Alles, was Irland ausmacht, finden Sie in dieser Kurzreise.<\/p>\n<p>5 Tage \/ 4 N\u00e4chte | Irland Rundreise mit dem Auto | t\u00e4glich m\u00f6glich<\/p>\n<p style=\"text-align: center;\"><a class=\"tidycta\" href=\"http:\/\/www.urlaubcornwall.de\/anfrage.php?tourcode=IRLSELBST-8\">Anfrage \/ Buchung<\/a><\/p>\n<p><strong>Tourbeschreibung<\/strong><\/p>\n<p><strong>1. Tag: Dublin \u2013 Wicklow<\/strong><\/p>\n<p>Ankunft in Dublin und Annahme des Mietwagens am Flughafen. Im Anschluss beginnen Sie gleich Ihre Irland Autoreise mit der Fahrt in die Region der Wicklow Mountains s\u00fcdlich von Dublin. Wir empfehlen die Besichtigung von Glendalough, einer Klosterruine aus dem 6. Jahrhundert. Diese Ruinen z\u00e4hlt zu den bekanntesten des Landes. \u00dcbernachtung im Raum Wicklow (z.B. Arklow Bay Hotel)<\/p>\n<p><strong>2. Tag: Wicklow &#8211; Kilkenny<\/strong><\/p>\n<p>Von Wicklow aus beginnen Sie heute Ihre heutige Tagesetappe mit der Fahrt nach Kilkenny. Die wundersch\u00f6ne mittelalterliche Stadt ist bekannt f\u00fcr ihre romantischen, engen Gassen. Auch das Kilkenny Castle ist einen Besuch wert. Die Burg, die sich auf dem Gel\u00e4nde eines Forts befindet, war f\u00fcr rund 600 Jahre der Hauptwohnsitz der Familie Butler. Die Burg ist von einem wundersch\u00f6nen, gro\u00dfen Garten umgeben. \u00dcbernachtung im Raum Kilkenny in einem B&amp;B<\/p>\n<p><a href=\"https:\/\/www.urlaubcornwall.de\/blog\/wp-content\/uploads\/2024\/03\/irland-chloss.jpg\"><img loading=\"lazy\" class=\"aligncenter size-full wp-image-47809\" src=\"https:\/\/www.urlaubcornwall.de\/blog\/wp-content\/uploads\/2024\/03\/irland-chloss.jpg\" alt=\"irland schloss\" width=\"750\" height=\"563\" srcset=\"https:\/\/www.urlaubcornwall.de\/blog\/wp-content\/uploads\/2024\/03\/irland-chloss.jpg 750w, https:\/\/www.urlaubcornwall.de\/blog\/wp-content\/uploads\/2024\/03\/irland-chloss-300x225.jpg 300w\" sizes=\"(max-width: 750px) 100vw, 750px\" \/><\/a><\/p>\n<p><strong>3. Tag: Kilkenny \u2013 Kilbeggan\/Tullamore \u2013 Cavan<\/strong><\/p>\n<p>Heute geht es in Richtung Norden. Sie fahren zun\u00e4chst wahlweise zur Tullamore Dew Destillery, einer der bekanntesten Destillerien, oder zur Kilbeggan Destillery, der \u00e4ltesten lizenzierten Destillerien des Landes. Hier lernen Sie alles, was man rund um die Herstellung des edlen Brandes wissen muss und am Ende der F\u00fchrung d\u00fcrfen Sie nat\u00fcrlich auch probieren. Anschlie\u00dfend Weiterfahrt ins County Cavan, wo Sie heute in einem echten Schlosshotel schlafen werden. \u00dcbernachtung in Cavan (z.B. Cabra Castle Hotel)<\/p>\n<p><strong>4. Tag: Cavan \u2013 Newgrange \u2013 Dublin<\/strong><\/p>\n<p>Morgens sollten Sie sich auf den Weg nach Newgrange machen. Entdecken Sie hier eine der weltweit bedeutendsten Megalithanlagen. Anschlie\u00dfend fahren Sie nach Dublin. Der Nachmittag ist dann der Entdeckung der Hauptstadt gewidmet, wo ein Drittel der irischen Bev\u00f6lkerung lebt. Wir empfehlen eine orientierende Stadtrundfahrt. Hierbei k\u00f6nnen Sie das Trinity College mit der Old Library besuchen und die St. Patrick\u2019s Kathedrale. \u00dcbernachtung in Dublin (z.B. Clayton Hotel Leopardstown)<\/p>\n<p><img loading=\"lazy\" class=\"aligncenter size-full wp-image-47814\" src=\"https:\/\/www.urlaubcornwall.de\/blog\/wp-content\/uploads\/2024\/03\/dublin.jpg\" alt=\"dublin\" width=\"750\" height=\"500\" srcset=\"https:\/\/www.urlaubcornwall.de\/blog\/wp-content\/uploads\/2024\/03\/dublin.jpg 750w, https:\/\/www.urlaubcornwall.de\/blog\/wp-content\/uploads\/2024\/03\/dublin-300x200.jpg 300w\" sizes=\"(max-width: 750px) 100vw, 750px\" \/><\/p>\n<p><strong>5. Tag: Dublin \u2013 Abreise<\/strong><\/p>\n<p>Je nachdem, wann Ihr R\u00fcckflug stattfindet, haben Sie heute noch etwas Zeit f\u00fcr Dublin, bevor Sie den Mietwagen abgeben und nach Hause fliegen. Ihre Irland Rundreise mit dem Auto geht heute zu Ende. Auf Wunsch buchen wir Ihnen zus\u00e4tzliche N\u00e4chte, einen Leihwagen und\/oder einen Flug nach Dublin!<\/p>\n<p><strong>Eingeschlossene Leistungen<\/strong><\/p>\n<p>4 \u00dcbernachtungen laut Reiseverlauf (2x im 3* Hotel, 1x im B&amp;B und 1x im Schlosshotel)<\/p>\n<p>T\u00e4gliches Fr\u00fchst\u00fcck<\/p>\n<p>1 Reisef\u00fchrer \u00fcber Irland<\/p>\n<p><strong>Nicht eingeschlossene Leistungen:<\/strong><\/p>\n<p>Flug- und Mietwagen (bieten wir dazu passend)<\/p>\n<p>Weitere Ausgaben pers\u00f6nlicher Natur<\/p>\n<p>Benzin, Eintritte etc.<\/p>\n<p><strong>T\u00e4glich m\u00f6glich!<\/strong><\/p>\n<p><strong>Preise 2026:<\/strong><\/p>\n<p>Januar &#8211; April &#038; Oktober &#8211; Dezember : \u20ac 470,- pro Person im Doppelzimmer | \u20ac 740,- pro Person im Einzelzimmer | \u20ac 450,- pro Person im Dreibettzimmer <\/p>\n<p>Mai &#8211; September: \u20ac 545,- pro Person im Doppelzimmer | \u20ac 820,- pro Person im Einzelzimmer | \u20ac 530,- pro Person im Dreibettzimmer<\/p>\n<p style=\"text-align: center;\"><a class=\"tidycta\" href=\"http:\/\/www.urlaubcornwall.de\/anfrage.php?tourcode=IRLSELBST-8\">Anfrage \/ Buchung<\/a><\/p>\n<p style=\"text-align: center;\">UrlaubCornwall haben Touren im Angebot f\u00fcr Individualreisende. Hier finden Sie unsere Auswahl an fantastischen&nbsp;<a href=\"https:\/\/www.urlaubcornwall.de\/blog\/rundreisen-irland\/\"><span style=\"text-decoration: underline;\">Rundreisen und Touren in Irland<\/span><\/a>. Unsere Websitedetails zeigen lediglich eine kleine Auswahl dessen, was wir anbieten k\u00f6nnen. Wir stellen Ihnen gerne ein <a href=\"http:\/\/www.urlaubcornwall.de\/anfrage.php\"><span style=\"text-decoration: underline;\">unverbindliches Angebot<\/span><\/a> mit allen Fl\u00fcgen und Transfers f\u00fcr Ihre Grossbritannien Reise zusammen.<\/p>\n","protected":false},"excerpt":{"rendered":"<p>Highlights: Dublin, Wicklow Mountains, Kilkenny Castle, Tullamore Destillery, Cabra Castle, Newgrange Entdecken Sie Irland auf einer 5-t\u00e4gigen Irland Rundreise mit dem Auto. Erkunden Sie Dublin, die Wicklow Mountains, das Kilkenny Castle, genie\u00dfen Sie einen Whiskey in der \u00e4ltesten Destillery des Landes und besuchen Sie Newgrange. Dazu \u00fcbernachten Sie noch einmal in einem echten Schlosshotel. Alles, [&hellip;]<\/p>\n","protected":false},"author":1,"featured_media":0,"parent":0,"menu_order":0,"comment_status":"closed","ping_status":"closed","template":"single-four.php","meta":[],"acf":[],"yoast_head":"<!-- This site is optimized with the Yoast SEO plugin v19.4 - https:\/\/yoast.com\/wordpress\/plugins\/seo\/ -->\n<title>&quot;Irland auf einen Blick&quot; - Irland Rundreise mit dem Auto 5 Tage - Urlaub &amp; Reisen<\/title>\n<meta name=\"robots\" content=\"index, follow, max-snippet:-1, max-image-preview:large, max-video-preview:-1\" \/>\n<link rel=\"canonical\" href=\"https:\/\/www.urlaubcornwall.de\/blog\/irland-auf-einen-blick-irland-rundreise-mit-dem-auto-5-tage\/\" \/>\n<meta property=\"og:locale\" content=\"en_US\" \/>\n<meta property=\"og:type\" content=\"article\" \/>\n<meta property=\"og:title\" content=\"&quot;Irland auf einen Blick&quot; - Irland Rundreise mit dem Auto 5 Tage - Urlaub &amp; Reisen\" \/>\n<meta property=\"og:description\" content=\"Highlights: Dublin, Wicklow Mountains, Kilkenny Castle, Tullamore Destillery, Cabra Castle, Newgrange Entdecken Sie Irland auf einer 5-t\u00e4gigen Irland Rundreise mit dem Auto. Erkunden Sie Dublin, die Wicklow Mountains, das Kilkenny Castle, genie\u00dfen Sie einen Whiskey in der \u00e4ltesten Destillery des Landes und besuchen Sie Newgrange. Dazu \u00fcbernachten Sie noch einmal in einem echten Schlosshotel. Alles, [&hellip;]\" \/>\n<meta property=\"og:url\" content=\"https:\/\/www.urlaubcornwall.de\/blog\/irland-auf-einen-blick-irland-rundreise-mit-dem-auto-5-tage\/\" \/>\n<meta property=\"og:site_name\" content=\"Urlaub &amp; Reisen\" \/>\n<meta property=\"article:modified_time\" content=\"2026-01-04T11:46:31+00:00\" \/>\n<meta property=\"og:image\" content=\"https:\/\/www.urlaubcornwall.de\/blog\/wp-content\/uploads\/2024\/03\/conemara.jpg\" \/>\n<meta name=\"twitter:card\" content=\"summary\" \/>\n<meta name=\"twitter:label1\" content=\"Est. reading time\" \/>\n\t<meta name=\"twitter:data1\" content=\"3 minutes\" \/>\n<script type=\"application\/ld+json\" class=\"yoast-schema-graph\">{\"@context\":\"https:\/\/schema.org\",\"@graph\":[{\"@type\":\"WebSite\",\"@id\":\"https:\/\/www.urlaubcornwall.de\/blog\/#website\",\"url\":\"https:\/\/www.urlaubcornwall.de\/blog\/\",\"name\":\"Urlaub &amp; Reisen\",\"description\":\"Urlaub, Reisen, Cornwall und S\u00fcdengland: eine perfekte Kombination\",\"potentialAction\":[{\"@type\":\"SearchAction\",\"target\":{\"@type\":\"EntryPoint\",\"urlTemplate\":\"https:\/\/www.urlaubcornwall.de\/blog\/?s={search_term_string}\"},\"query-input\":\"required name=search_term_string\"}],\"inLanguage\":\"en-US\"},{\"@type\":\"WebPage\",\"@id\":\"https:\/\/www.urlaubcornwall.de\/blog\/irland-auf-einen-blick-irland-rundreise-mit-dem-auto-5-tage\/\",\"url\":\"https:\/\/www.urlaubcornwall.de\/blog\/irland-auf-einen-blick-irland-rundreise-mit-dem-auto-5-tage\/\",\"name\":\"\\\"Irland auf einen Blick\\\" - Irland Rundreise mit dem Auto 5 Tage - Urlaub &amp; Reisen\",\"isPartOf\":{\"@id\":\"https:\/\/www.urlaubcornwall.de\/blog\/#website\"},\"datePublished\":\"2015-10-30T15:38:40+00:00\",\"dateModified\":\"2026-01-04T11:46:31+00:00\",\"breadcrumb\":{\"@id\":\"https:\/\/www.urlaubcornwall.de\/blog\/irland-auf-einen-blick-irland-rundreise-mit-dem-auto-5-tage\/#breadcrumb\"},\"inLanguage\":\"en-US\",\"potentialAction\":[{\"@type\":\"ReadAction\",\"target\":[\"https:\/\/www.urlaubcornwall.de\/blog\/irland-auf-einen-blick-irland-rundreise-mit-dem-auto-5-tage\/\"]}]},{\"@type\":\"BreadcrumbList\",\"@id\":\"https:\/\/www.urlaubcornwall.de\/blog\/irland-auf-einen-blick-irland-rundreise-mit-dem-auto-5-tage\/#breadcrumb\",\"itemListElement\":[{\"@type\":\"ListItem\",\"position\":1,\"name\":\"Home\",\"item\":\"https:\/\/www.urlaubcornwall.de\/blog\/\"},{\"@type\":\"ListItem\",\"position\":2,\"name\":\"&#8220;Irland auf einen Blick&#8221; &#8211; Irland Rundreise mit dem Auto 5 Tage\"}]}]}<\/script>\n<!-- \/ Yoast SEO plugin. -->","yoast_head_json":{"title":"\"Irland auf einen Blick\" - Irland Rundreise mit dem Auto 5 Tage - Urlaub &amp; Reisen","robots":{"index":"index","follow":"follow","max-snippet":"max-snippet:-1","max-image-preview":"max-image-preview:large","max-video-preview":"max-video-preview:-1"},"canonical":"https:\/\/www.urlaubcornwall.de\/blog\/irland-auf-einen-blick-irland-rundreise-mit-dem-auto-5-tage\/","og_locale":"en_US","og_type":"article","og_title":"\"Irland auf einen Blick\" - Irland Rundreise mit dem Auto 5 Tage - Urlaub &amp; Reisen","og_description":"Highlights: Dublin, Wicklow Mountains, Kilkenny Castle, Tullamore Destillery, Cabra Castle, Newgrange Entdecken Sie Irland auf einer 5-t\u00e4gigen Irland Rundreise mit dem Auto. Erkunden Sie Dublin, die Wicklow Mountains, das Kilkenny Castle, genie\u00dfen Sie einen Whiskey in der \u00e4ltesten Destillery des Landes und besuchen Sie Newgrange. Dazu \u00fcbernachten Sie noch einmal in einem echten Schlosshotel. Alles, [&hellip;]","og_url":"https:\/\/www.urlaubcornwall.de\/blog\/irland-auf-einen-blick-irland-rundreise-mit-dem-auto-5-tage\/","og_site_name":"Urlaub &amp; Reisen","article_modified_time":"2026-01-04T11:46:31+00:00","og_image":[{"url":"https:\/\/www.urlaubcornwall.de\/blog\/wp-content\/uploads\/2024\/03\/conemara.jpg"}],"twitter_card":"summary","twitter_misc":{"Est. reading time":"3 minutes"},"schema":{"@context":"https:\/\/schema.org","@graph":[{"@type":"WebSite","@id":"https:\/\/www.urlaubcornwall.de\/blog\/#website","url":"https:\/\/www.urlaubcornwall.de\/blog\/","name":"Urlaub &amp; Reisen","description":"Urlaub, Reisen, Cornwall und S\u00fcdengland: eine perfekte Kombination","potentialAction":[{"@type":"SearchAction","target":{"@type":"EntryPoint","urlTemplate":"https:\/\/www.urlaubcornwall.de\/blog\/?s={search_term_string}"},"query-input":"required name=search_term_string"}],"inLanguage":"en-US"},{"@type":"WebPage","@id":"https:\/\/www.urlaubcornwall.de\/blog\/irland-auf-einen-blick-irland-rundreise-mit-dem-auto-5-tage\/","url":"https:\/\/www.urlaubcornwall.de\/blog\/irland-auf-einen-blick-irland-rundreise-mit-dem-auto-5-tage\/","name":"\"Irland auf einen Blick\" - Irland Rundreise mit dem Auto 5 Tage - Urlaub &amp; Reisen","isPartOf":{"@id":"https:\/\/www.urlaubcornwall.de\/blog\/#website"},"datePublished":"2015-10-30T15:38:40+00:00","dateModified":"2026-01-04T11:46:31+00:00","breadcrumb":{"@id":"https:\/\/www.urlaubcornwall.de\/blog\/irland-auf-einen-blick-irland-rundreise-mit-dem-auto-5-tage\/#breadcrumb"},"inLanguage":"en-US","potentialAction":[{"@type":"ReadAction","target":["https:\/\/www.urlaubcornwall.de\/blog\/irland-auf-einen-blick-irland-rundreise-mit-dem-auto-5-tage\/"]}]},{"@type":"BreadcrumbList","@id":"https:\/\/www.urlaubcornwall.de\/blog\/irland-auf-einen-blick-irland-rundreise-mit-dem-auto-5-tage\/#breadcrumb","itemListElement":[{"@type":"ListItem","position":1,"name":"Home","item":"https:\/\/www.urlaubcornwall.de\/blog\/"},{"@type":"ListItem","position":2,"name":"&#8220;Irland auf einen Blick&#8221; &#8211; Irland Rundreise mit dem Auto 5 Tage"}]}]}},"_links":{"self":[{"href":"https:\/\/www.urlaubcornwall.de\/blog\/wp-json\/wp\/v2\/pages\/21474"}],"collection":[{"href":"https:\/\/www.urlaubcornwall.de\/blog\/wp-json\/wp\/v2\/pages"}],"about":[{"href":"https:\/\/www.urlaubcornwall.de\/blog\/wp-json\/wp\/v2\/types\/page"}],"author":[{"embeddable":true,"href":"https:\/\/www.urlaubcornwall.de\/blog\/wp-json\/wp\/v2\/users\/1"}],"replies":[{"embeddable":true,"href":"https:\/\/www.urlaubcornwall.de\/blog\/wp-json\/wp\/v2\/comments?post=21474"}],"version-history":[{"count":25,"href":"https:\/\/www.urlaubcornwall.de\/blog\/wp-json\/wp\/v2\/pages\/21474\/revisions"}],"predecessor-version":[{"id":51920,"href":"https:\/\/www.urlaubcornwall.de\/blog\/wp-json\/wp\/v2\/pages\/21474\/revisions\/51920"}],"wp:attachment":[{"href":"https:\/\/www.urlaubcornwall.de\/blog\/wp-json\/wp\/v2\/media?parent=21474"}],"curies":[{"name":"wp","href":"https:\/\/api.w.org\/{rel}","templated":true}]}}