{"id":21459,"date":"2015-10-30T15:12:55","date_gmt":"2015-10-30T15:12:55","guid":{"rendered":"https:\/\/www.urlaubcornwall.de\/blog\/?page_id=21459"},"modified":"2026-01-04T11:44:04","modified_gmt":"2026-01-04T11:44:04","slug":"luxus-rundreise-irland-schlosshotels-irland","status":"publish","type":"page","link":"https:\/\/www.urlaubcornwall.de\/blog\/luxus-rundreise-irland-schlosshotels-irland\/","title":{"rendered":"Luxus-Rundreise Irland &#8211; Schlo\u00dfhotels Irland"},"content":{"rendered":"<p><a href=\"https:\/\/www.urlaubcornwall.de\/blog\/wp-content\/uploads\/2018\/12\/wild-atlantic-way-irland.jpg\"><img loading=\"lazy\" class=\"aligncenter size-full wp-image-34720\" src=\"https:\/\/www.urlaubcornwall.de\/blog\/wp-content\/uploads\/2018\/12\/wild-atlantic-way-irland.jpg\" alt=\"Rundreise Wild Atlantic Way\" width=\"745\" height=\"402\" srcset=\"https:\/\/www.urlaubcornwall.de\/blog\/wp-content\/uploads\/2018\/12\/wild-atlantic-way-irland.jpg 745w, https:\/\/www.urlaubcornwall.de\/blog\/wp-content\/uploads\/2018\/12\/wild-atlantic-way-irland-300x162.jpg 300w\" sizes=\"(max-width: 745px) 100vw, 745px\" \/><\/a><\/p>\n<h2 style=\"text-align: left;\">Highlights: <strong> Dublin, Connemara, Ring of Kerry, County Offaly<\/strong><\/h2>\n<p style=\"text-align: left;\">Entdecken Sie auf dieser Irlandreise Selbstfahrer die Sch\u00f6nheiten Irlands. Dazu z\u00e4hlt die Region rund um den Connemara Nationalpark, die Klippen von Moher, der Ring of Kerry sowie die irische Hauptstadt. Das Besondere an dieser Reise sind die Unterk\u00fcnfte, denn Sie \u00fcbernachten in ausgew\u00e4hlten Schlosshotels!<\/p>\n<p>8 Tage \/ 7 N\u00e4chte | ab\/bis Dublin<\/p>\n<p style=\"text-align: center;\"><a class=\"tidycta\" href=\"http:\/\/www.urlaubcornwall.de\/anfrage.php?tourcode=IRLSELBST-13\">Anfrage \/ Buchung<\/a><\/p>\n<p><strong>Tourbeschreibung<\/strong><\/p>\n<p><strong>1. Tag: <\/strong><\/p>\n<p>Nach Ankunft am Flughafen in Dublin, Beginn der Autoreise Irland mit der Annahme des Mietwagens und Fahrt zu Ihrem Hotel. Je nachdem wann Sie in Dublin ankommen, haben Sie heute noch Zeit sich diese herrliche Stadt anzusehen und ein wenig irisches Flair zu sp\u00fcren. Sie k\u00f6nnen aber auch erst einmal ankommen und sich in Ihrem wundervollen Schlosshotel mit all seinen Annehmlichkeiten ausruhen. \u00dcbernachtung im Fitzpatrick Castle Hotel oder \u00e4hnliches<\/p>\n<p><strong>2. Tag: Dublin \u2013 County Leitrim<\/strong><\/p>\n<p>Von Dublin aus fahren Sie Richtung Westen. Im Nordwesten Irlands, s\u00fcd\u00f6stlich der Donegal Bay, erstreckt sich das County Leitrim. Fahren Sie zum Lough Allen See, der sich in der Mitte der Grafschaft erstreckt. Weitere Sehensw\u00fcrdigkeiten in Leitrim sind Lough Melvin, Lough Gill, Lough Rynn, Lough Key und Lough Glenade. Die Hauptstadt der Grafschaft, Carrick-on-Shannon, ist ein beliebter Treff f\u00fcr Wassersportler. Von hier aus k\u00f6nnen Sie eine Bootstour auf dem \u00fcber 63 Kilometer langen Shannon-Erne-Waterway starten. \u00dcbernachtung im Lough Rynn Castle oder \u00e4hnliches<\/p>\n<p><strong>3. Tag: County Leitrim \u2013 Clifden<\/strong><\/p>\n<p>Am heutigen Tag geht es nach dem Fr\u00fchst\u00fcck los Richtung Clifden im County Galway. Bevor Sie die heutige Unterkunft erreichen, haben Sie Zeit die Connemara Region zu erkunden. Connemara, dessen Einwohner noch immer G\u00e4lisch sprechen, ist ohne Zweifel der wildeste und romantischste Teil Irlands. Es ist eine gro\u00dfe Halbinsel, die von der felsigen K\u00fcste der Galway Bay im S\u00fcden begrenzt wird. Ein h\u00fcgeliges Land, das f\u00fcr seine Steinmauern und reetgedeckten H\u00fctten bekannt ist. In der n\u00f6rdlichen H\u00e4lfte, die rauher und geheimnisvoller ist, werden Sie den Ozean sehen und den wundersch\u00f6nen Fjord des Killary Hafens ebenso wie die steilen Berge, von denen aus Sie zahlreiche Seen und gro\u00dfe Moore \u00fcberblicken k\u00f6nnen. Connemarra ist ein wahres Paradies f\u00fcr Naturliebhaber und diejenigen, die auf der Suche nach starken Emotionen sind. 2 \u00dcbernachtungen im Abbeyglen Castle Hotel oder \u00e4hnliches<\/p>\n<p><a href=\"https:\/\/www.urlaubcornwall.de\/blog\/wp-content\/uploads\/2024\/03\/cliffs-of-moher-irland.jpg\"><img loading=\"lazy\" class=\"alignnone size-full wp-image-47810\" src=\"https:\/\/www.urlaubcornwall.de\/blog\/wp-content\/uploads\/2024\/03\/cliffs-of-moher-irland.jpg\" alt=\"cliffs of moher irland\" width=\"750\" height=\"500\" srcset=\"https:\/\/www.urlaubcornwall.de\/blog\/wp-content\/uploads\/2024\/03\/cliffs-of-moher-irland.jpg 750w, https:\/\/www.urlaubcornwall.de\/blog\/wp-content\/uploads\/2024\/03\/cliffs-of-moher-irland-300x200.jpg 300w\" sizes=\"(max-width: 750px) 100vw, 750px\" \/><\/a><\/p>\n<p><strong>4. Tag: Clifden<\/strong><\/p>\n<p>Wie w\u00e4re heute ein Inselausflug? Die Aran Islands repr\u00e4sentieren f\u00fcr viele Besucher das echte Irland. Die Hauptsehensw\u00fcrdigkeit ist Dun Aenghus, eine der gro\u00dfen pr\u00e4historischen Festungsanlagen Europas, die vor etwa 2000 Jahren erbaut wurde. Weitere Steinforts, Kirchenruinen und Rundt\u00fcrme laden zu einer Erkundung ein. \u00dcbernachtung wie am Vortag.<\/p>\n<p><strong>5. Tag: Clifden \u2013 Cliffs of Moher \u2013 Kerry<\/strong><\/p>\n<p>Sie verlassen das County Galway und reisen durch die Burren Region, was soviel wie \u201eriesiger Stein\u201c hei\u00dfen soll. Genauer gesagt, ist dies eine Art Mondlandschaft aus por\u00f6sem Kalkstein. Anschlie\u00dfend machen Sie Halt an den imposanten Klippen von Moher. Die h\u00f6chsten Klippen Irlands befinden sich \u00fcber 215 Meter hoch \u00fcber dem Atlantik. Weiter geht es dann der F\u00e4hre \u00fcber die Shannon-M\u00fcndung nach Tarbert. \u00dcbernachtung im Ballyseede Castle Hotel oder \u00e4hnliches<\/p>\n<p><strong>6. Tag: Kerry \u2013 County Offaly<\/strong><\/p>\n<p>Nutzen Sie diesen Tag um den Ring of Kerry zu besichtigen. Diese Rundstra\u00dfe f\u00fchrt Sie \u00fcber ca. 180 Kilometer an einer beeindruckenden K\u00fcste mit stetig wechselnden Landschaften zur\u00fcck zu Ihrem Ausgangspunkt. Erkunden Sie das Staigue Fort oder die Ruine der Abbey bei Ballinskelligs und fahren Sie unbedingt \u00fcber die Br\u00fccke nach Valentia Island. Die unterschiedlichen Aussichtspunkte am Geokaun Mountain werden Sie f\u00fcr diesen kleinen \u201eUmweg\u201c entsch\u00e4digen. Anschlie\u00dfend Fahrt \u00fcber Limerick in das County Offaly, wo sich die n\u00e4chste Unterkunft befindet. \u00dcbernachtung im Country Arms Hotel oder \u00e4hnliches<\/p>\n<p><a href=\"https:\/\/www.urlaubcornwall.de\/blog\/wp-content\/uploads\/2024\/03\/irland-chloss.jpg\"><img loading=\"lazy\" src=\"https:\/\/www.urlaubcornwall.de\/blog\/wp-content\/uploads\/2024\/03\/irland-chloss.jpg\" alt=\"irland schloss\" width=\"750\" height=\"563\" class=\"alignnone size-full wp-image-47809\" srcset=\"https:\/\/www.urlaubcornwall.de\/blog\/wp-content\/uploads\/2024\/03\/irland-chloss.jpg 750w, https:\/\/www.urlaubcornwall.de\/blog\/wp-content\/uploads\/2024\/03\/irland-chloss-300x225.jpg 300w\" sizes=\"(max-width: 750px) 100vw, 750px\" \/><\/a><\/p>\n<p><strong>7. Tag: County Offaly \u2013 Dublin<\/strong><\/p>\n<p>Heute k\u00f6nnen Sie in Tullamore oder in Kilbeggan eine Whiskey Brennerei besichtigen. Bevor Sie der M6 in Richtung Dublin folgen, lohnt ein Halt in Mullingar. Die Hauptattraktion ist die 1939 erbaute Cathedral of Christ the King. Ebenfalls besuchen sollte man das Market House Museum und das Military Museum, in dem Ausstellungsst\u00fccke aus den beiden Weltkriegen sowie aus dem irischen Unabh\u00e4ngigkeitskrieg zu sehen sind. In der irischen Hauptstadt angekommen, steht Ihnen der restliche Tag zur freien Verf\u00fcgung. Lassen Sie diese Irlandreise doch bei einem Glas Guinness in der Temple Bar ausklingen. \u00dcbernachtung im Fitzpatrick Castle Hotel oder \u00e4hnliches<\/p>\n<p><strong>8. Tag: Heimreise<\/strong><\/p>\n<p>Heute fahren Sie zum Flughafen Dublin und geben Ihren Mietwagen ab. Individuelle Heimreise und Ende der Selbstfahrertour.<\/p>\n<p><strong>Eingeschlossene Leistungen<\/strong><\/p>\n<p>7 N\u00e4chte in den genannten oder \u00e4hnlichen Schlosshotels<\/p>\n<p>7 x Fr\u00fchst\u00fcck<\/p>\n<p>Reisef\u00fchrer \u00fcber Irland<\/p>\n<p><strong>Nicht eingeschlossene Leistungen:<\/strong><\/p>\n<p>Fl\u00fcge (bieten wir Ihnen gerne passend dazu an)<\/p>\n<p>Mietwagen (bieten wir Ihnen gerne passend an)<\/p>\n<p>Trinkgelder, Benzin, Eintritte<\/p>\n<p>Pers\u00f6nliche Ausgaben aller Art<\/p>\n<p>T\u00e4glich m\u00f6glich!<\/p>\n<p><strong>Preise 2026:<\/strong><\/p>\n<p>Januar &#8211; M\u00e4rz &#038; November &#8211; Dezember: \u20ac 935,- pro Person im Doppelzimmer | \u20ac 1.530,- pro Person im Einzelzimmer | \u20ac 915,- pro Person im Dreibettzimmer<\/p>\n<p>April &#038; Oktober: \u20ac 999,- pro Person im Doppelzimmer | \u20ac 1.595,- pro Person im Einzelzimmer | \u20ac 970,- pro Person im Dreibettzimmer<\/p>\n<p>Mai &#8211; September<\/p>\n<p>\u20ac 1.255,- pro Person im Doppelzimmer | \u20ac 1.850,- pro Person im Einzelzimmer | \u20ac 1.235,- pro Person im Dreibettzimmer <\/p>\n<p style=\"text-align: center;\"><a class=\"tidycta\" href=\"http:\/\/www.urlaubcornwall.de\/anfrage.php?tourcode=IRLSELBST-13\">Anfrage \/ Buchung<\/a><\/p>\n<p style=\"text-align: left;\">UrlaubCornwall haben Touren im Angebot f\u00fcr Individualreisende. Hier finden Sie unsere Auswahl an fantastischen&nbsp;<a href=\"https:\/\/www.urlaubcornwall.de\/blog\/rundreisen-irland\/\"><span style=\"text-decoration: underline;\">Rundreisen und Touren in Irland<\/span><\/a>. Unsere Websitedetails zeigen lediglich eine kleine Auswahl dessen, was wir anbieten k\u00f6nnen. Wir stellen Ihnen gerne ein <a href=\"http:\/\/www.urlaubcornwall.de\/anfrage.php\"><span style=\"text-decoration: underline;\">unverbindliches Angebot<\/span><\/a> mit allen Fl\u00fcgen und Transfers f\u00fcr Ihre Grossbritannien Reise zusammen.<\/p>\n","protected":false},"excerpt":{"rendered":"<p>Highlights: Dublin, Connemara, Ring of Kerry, County Offaly Entdecken Sie auf dieser Irlandreise Selbstfahrer die Sch\u00f6nheiten Irlands. Dazu z\u00e4hlt die Region rund um den Connemara Nationalpark, die Klippen von Moher, der Ring of Kerry sowie die irische Hauptstadt. Das Besondere an dieser Reise sind die Unterk\u00fcnfte, denn Sie \u00fcbernachten in ausgew\u00e4hlten Schlosshotels! 8 Tage \/ [&hellip;]<\/p>\n","protected":false},"author":1,"featured_media":0,"parent":0,"menu_order":0,"comment_status":"closed","ping_status":"closed","template":"single-four.php","meta":[],"acf":[],"yoast_head":"<!-- This site is optimized with the Yoast SEO plugin v19.4 - https:\/\/yoast.com\/wordpress\/plugins\/seo\/ -->\n<title>Luxus-Rundreise Irland - Schlo\u00dfhotels Irland - Urlaub &amp; Reisen<\/title>\n<meta name=\"robots\" content=\"index, follow, max-snippet:-1, max-image-preview:large, max-video-preview:-1\" \/>\n<link rel=\"canonical\" href=\"https:\/\/www.urlaubcornwall.de\/blog\/luxus-rundreise-irland-schlosshotels-irland\/\" \/>\n<meta property=\"og:locale\" content=\"en_US\" \/>\n<meta property=\"og:type\" content=\"article\" \/>\n<meta property=\"og:title\" content=\"Luxus-Rundreise Irland - Schlo\u00dfhotels Irland - Urlaub &amp; Reisen\" \/>\n<meta property=\"og:description\" content=\"Highlights: Dublin, Connemara, Ring of Kerry, County Offaly Entdecken Sie auf dieser Irlandreise Selbstfahrer die Sch\u00f6nheiten Irlands. Dazu z\u00e4hlt die Region rund um den Connemara Nationalpark, die Klippen von Moher, der Ring of Kerry sowie die irische Hauptstadt. Das Besondere an dieser Reise sind die Unterk\u00fcnfte, denn Sie \u00fcbernachten in ausgew\u00e4hlten Schlosshotels! 8 Tage \/ [&hellip;]\" \/>\n<meta property=\"og:url\" content=\"https:\/\/www.urlaubcornwall.de\/blog\/luxus-rundreise-irland-schlosshotels-irland\/\" \/>\n<meta property=\"og:site_name\" content=\"Urlaub &amp; Reisen\" \/>\n<meta property=\"article:modified_time\" content=\"2026-01-04T11:44:04+00:00\" \/>\n<meta property=\"og:image\" content=\"https:\/\/www.urlaubcornwall.de\/blog\/wp-content\/uploads\/2018\/12\/wild-atlantic-way-irland.jpg\" \/>\n<meta name=\"twitter:card\" content=\"summary\" \/>\n<meta name=\"twitter:label1\" content=\"Est. reading time\" \/>\n\t<meta name=\"twitter:data1\" content=\"5 minutes\" \/>\n<script type=\"application\/ld+json\" class=\"yoast-schema-graph\">{\"@context\":\"https:\/\/schema.org\",\"@graph\":[{\"@type\":\"WebSite\",\"@id\":\"https:\/\/www.urlaubcornwall.de\/blog\/#website\",\"url\":\"https:\/\/www.urlaubcornwall.de\/blog\/\",\"name\":\"Urlaub &amp; Reisen\",\"description\":\"Urlaub, Reisen, Cornwall und S\u00fcdengland: eine perfekte Kombination\",\"potentialAction\":[{\"@type\":\"SearchAction\",\"target\":{\"@type\":\"EntryPoint\",\"urlTemplate\":\"https:\/\/www.urlaubcornwall.de\/blog\/?s={search_term_string}\"},\"query-input\":\"required name=search_term_string\"}],\"inLanguage\":\"en-US\"},{\"@type\":\"WebPage\",\"@id\":\"https:\/\/www.urlaubcornwall.de\/blog\/luxus-rundreise-irland-schlosshotels-irland\/\",\"url\":\"https:\/\/www.urlaubcornwall.de\/blog\/luxus-rundreise-irland-schlosshotels-irland\/\",\"name\":\"Luxus-Rundreise Irland - Schlo\u00dfhotels Irland - Urlaub &amp; Reisen\",\"isPartOf\":{\"@id\":\"https:\/\/www.urlaubcornwall.de\/blog\/#website\"},\"datePublished\":\"2015-10-30T15:12:55+00:00\",\"dateModified\":\"2026-01-04T11:44:04+00:00\",\"breadcrumb\":{\"@id\":\"https:\/\/www.urlaubcornwall.de\/blog\/luxus-rundreise-irland-schlosshotels-irland\/#breadcrumb\"},\"inLanguage\":\"en-US\",\"potentialAction\":[{\"@type\":\"ReadAction\",\"target\":[\"https:\/\/www.urlaubcornwall.de\/blog\/luxus-rundreise-irland-schlosshotels-irland\/\"]}]},{\"@type\":\"BreadcrumbList\",\"@id\":\"https:\/\/www.urlaubcornwall.de\/blog\/luxus-rundreise-irland-schlosshotels-irland\/#breadcrumb\",\"itemListElement\":[{\"@type\":\"ListItem\",\"position\":1,\"name\":\"Home\",\"item\":\"https:\/\/www.urlaubcornwall.de\/blog\/\"},{\"@type\":\"ListItem\",\"position\":2,\"name\":\"Luxus-Rundreise Irland &#8211; Schlo\u00dfhotels Irland\"}]}]}<\/script>\n<!-- \/ Yoast SEO plugin. -->","yoast_head_json":{"title":"Luxus-Rundreise Irland - Schlo\u00dfhotels Irland - Urlaub &amp; Reisen","robots":{"index":"index","follow":"follow","max-snippet":"max-snippet:-1","max-image-preview":"max-image-preview:large","max-video-preview":"max-video-preview:-1"},"canonical":"https:\/\/www.urlaubcornwall.de\/blog\/luxus-rundreise-irland-schlosshotels-irland\/","og_locale":"en_US","og_type":"article","og_title":"Luxus-Rundreise Irland - Schlo\u00dfhotels Irland - Urlaub &amp; Reisen","og_description":"Highlights: Dublin, Connemara, Ring of Kerry, County Offaly Entdecken Sie auf dieser Irlandreise Selbstfahrer die Sch\u00f6nheiten Irlands. Dazu z\u00e4hlt die Region rund um den Connemara Nationalpark, die Klippen von Moher, der Ring of Kerry sowie die irische Hauptstadt. Das Besondere an dieser Reise sind die Unterk\u00fcnfte, denn Sie \u00fcbernachten in ausgew\u00e4hlten Schlosshotels! 8 Tage \/ [&hellip;]","og_url":"https:\/\/www.urlaubcornwall.de\/blog\/luxus-rundreise-irland-schlosshotels-irland\/","og_site_name":"Urlaub &amp; Reisen","article_modified_time":"2026-01-04T11:44:04+00:00","og_image":[{"url":"https:\/\/www.urlaubcornwall.de\/blog\/wp-content\/uploads\/2018\/12\/wild-atlantic-way-irland.jpg"}],"twitter_card":"summary","twitter_misc":{"Est. reading time":"5 minutes"},"schema":{"@context":"https:\/\/schema.org","@graph":[{"@type":"WebSite","@id":"https:\/\/www.urlaubcornwall.de\/blog\/#website","url":"https:\/\/www.urlaubcornwall.de\/blog\/","name":"Urlaub &amp; Reisen","description":"Urlaub, Reisen, Cornwall und S\u00fcdengland: eine perfekte Kombination","potentialAction":[{"@type":"SearchAction","target":{"@type":"EntryPoint","urlTemplate":"https:\/\/www.urlaubcornwall.de\/blog\/?s={search_term_string}"},"query-input":"required name=search_term_string"}],"inLanguage":"en-US"},{"@type":"WebPage","@id":"https:\/\/www.urlaubcornwall.de\/blog\/luxus-rundreise-irland-schlosshotels-irland\/","url":"https:\/\/www.urlaubcornwall.de\/blog\/luxus-rundreise-irland-schlosshotels-irland\/","name":"Luxus-Rundreise Irland - Schlo\u00dfhotels Irland - Urlaub &amp; Reisen","isPartOf":{"@id":"https:\/\/www.urlaubcornwall.de\/blog\/#website"},"datePublished":"2015-10-30T15:12:55+00:00","dateModified":"2026-01-04T11:44:04+00:00","breadcrumb":{"@id":"https:\/\/www.urlaubcornwall.de\/blog\/luxus-rundreise-irland-schlosshotels-irland\/#breadcrumb"},"inLanguage":"en-US","potentialAction":[{"@type":"ReadAction","target":["https:\/\/www.urlaubcornwall.de\/blog\/luxus-rundreise-irland-schlosshotels-irland\/"]}]},{"@type":"BreadcrumbList","@id":"https:\/\/www.urlaubcornwall.de\/blog\/luxus-rundreise-irland-schlosshotels-irland\/#breadcrumb","itemListElement":[{"@type":"ListItem","position":1,"name":"Home","item":"https:\/\/www.urlaubcornwall.de\/blog\/"},{"@type":"ListItem","position":2,"name":"Luxus-Rundreise Irland &#8211; Schlo\u00dfhotels Irland"}]}]}},"_links":{"self":[{"href":"https:\/\/www.urlaubcornwall.de\/blog\/wp-json\/wp\/v2\/pages\/21459"}],"collection":[{"href":"https:\/\/www.urlaubcornwall.de\/blog\/wp-json\/wp\/v2\/pages"}],"about":[{"href":"https:\/\/www.urlaubcornwall.de\/blog\/wp-json\/wp\/v2\/types\/page"}],"author":[{"embeddable":true,"href":"https:\/\/www.urlaubcornwall.de\/blog\/wp-json\/wp\/v2\/users\/1"}],"replies":[{"embeddable":true,"href":"https:\/\/www.urlaubcornwall.de\/blog\/wp-json\/wp\/v2\/comments?post=21459"}],"version-history":[{"count":34,"href":"https:\/\/www.urlaubcornwall.de\/blog\/wp-json\/wp\/v2\/pages\/21459\/revisions"}],"predecessor-version":[{"id":51919,"href":"https:\/\/www.urlaubcornwall.de\/blog\/wp-json\/wp\/v2\/pages\/21459\/revisions\/51919"}],"wp:attachment":[{"href":"https:\/\/www.urlaubcornwall.de\/blog\/wp-json\/wp\/v2\/media?parent=21459"}],"curies":[{"name":"wp","href":"https:\/\/api.w.org\/{rel}","templated":true}]}}