{"id":21428,"date":"2015-10-29T16:03:39","date_gmt":"2015-10-29T16:03:39","guid":{"rendered":"https:\/\/www.urlaubcornwall.de\/blog\/?page_id=21428"},"modified":"2024-04-29T15:40:51","modified_gmt":"2024-04-29T15:40:51","slug":"dublin-city-break-kurzreisen-dublin-wochenende-in-dublin","status":"publish","type":"page","link":"https:\/\/www.urlaubcornwall.de\/blog\/dublin-city-break-kurzreisen-dublin-wochenende-in-dublin\/","title":{"rendered":"Dublin City Break &#8211; Kurzreisen Dublin &#038; Wochenende in Dublin"},"content":{"rendered":"<p><a href=\"https:\/\/www.urlaubcornwall.de\/blog\/wp-content\/uploads\/2024\/03\/dublin.jpg\"><img loading=\"lazy\" src=\"https:\/\/www.urlaubcornwall.de\/blog\/wp-content\/uploads\/2024\/03\/dublin.jpg\" alt=\"dublin\" width=\"750\" height=\"500\" class=\"alignnone size-full wp-image-47814\" srcset=\"https:\/\/www.urlaubcornwall.de\/blog\/wp-content\/uploads\/2024\/03\/dublin.jpg 750w, https:\/\/www.urlaubcornwall.de\/blog\/wp-content\/uploads\/2024\/03\/dublin-300x200.jpg 300w\" sizes=\"(max-width: 750px) 100vw, 750px\" \/><\/a><\/p>\n<p>Dublin ist eine Mischung aus Tradition, Modern, Nighlife, gem\u00fctlichen Pubs und fr\u00f6hlichen Menschen. Dublin ist eine von Europas aufregendsten Hauptst\u00e4dten und bietet alles, was man sich f\u00fcr eine St\u00e4dtetour w\u00fcnschen kann.&nbsp;Kurzreisen nach Dublin, z.B. f\u00fcr ein Wochenende&nbsp;vom Spezialisten.<\/p>\n<h2><strong>Eine Auswahl der besten Hotels in Dublin &#8211; Sonderangebote und Discounts<\/strong><\/h2>\n<p><ins class=\"bookingaff\" data-aid=\"1697770\" data-target_aid=\"1697770\" data-prod=\"map\" data-width=\"100%\" data-height=\"590\" data-lang=\"ualng\" data-dest_id=\"0\" data-dest_type=\"landmark\" data-latitude=\"53.3498053\" data-longitude=\"-6.2603097\" data-landmark_name=\"Sch\u00f6nsten Hotels in Irland\" data-mwhsb=\"1\"><br \/>\n<!-- Anything inside will go away once widget is loaded. --><br \/>\n<a href=\"\/\/www.booking.com?aid=1697770\" rel=\"nofollow\">Booking.com<\/a><br \/>\n<\/ins><br \/>\n<script type=\"text\/javascript\">\n    (function(d, sc, u) {\n      var s = d.createElement(sc), p = d.getElementsByTagName(sc)[0];\n      s.type = 'text\/javascript';\n      s.async = true;\n      s.src = u + '?v=' + (+new Date());\n      p.parentNode.insertBefore(s,p);\n      })(document, 'script', '\/\/aff.bstatic.com\/static\/affiliate_base\/js\/flexiproduct.js');\n<\/script><\/p>\n<p><strong>Urlaubsinspiration Dublin- 4 Tage \/ 3 N\u00e4chte<\/strong><\/p>\n<p><strong>1. Tag: Dublin <\/strong><\/p>\n<p>Nach Ihrer Ankunft in Dublin fahren Sie in Eigenregie zu Ihrem 3-Sterne Hotel in Dublin, z.B. das Academy Plaza Hotel. Drei \u00dcbernachtungen insgesamt. Alle Hotels in guter Zentrumslage von Dublin und ideale Ausgangspunkte f\u00fcr eine Stadtbesichtigung. Der Rest des Tages steht Ihnen zur freien Verf\u00fcgung f\u00fcr Unternehmungen in Dublin.<\/p>\n<p><strong>2. Tag: Dublin<\/strong><\/p>\n<p>Sie nehmen heute am Vormittag an einer \u00f6ffentlichen Stadtrundfahrt teil. \u00dcber Kopfh\u00f6rer erfahren Sie in deutscher Sprache alles Wissenswerte zu den jeweiligen Stationen. Sie sehen u.a. den Phoenix Park, die Guiness Brauerei und das Trinity College mit seinem ber\u00fchmten &#8220;Book of Kells&#8221;. Den Nachmitag haben Sie f\u00fcr eigene Entdeckungen zur Verf\u00fcgung. Tauchen Sie ein die quirlige historischen Innenstadt Dublins.<\/p>\n<p><a href=\"https:\/\/www.urlaubcornwall.de\/blog\/wp-content\/uploads\/2024\/03\/irland-chloss.jpg\"><img loading=\"lazy\" src=\"https:\/\/www.urlaubcornwall.de\/blog\/wp-content\/uploads\/2024\/03\/irland-chloss.jpg\" alt=\"irland schloss\" width=\"750\" height=\"563\" class=\"alignnone size-full wp-image-47809\" srcset=\"https:\/\/www.urlaubcornwall.de\/blog\/wp-content\/uploads\/2024\/03\/irland-chloss.jpg 750w, https:\/\/www.urlaubcornwall.de\/blog\/wp-content\/uploads\/2024\/03\/irland-chloss-300x225.jpg 300w\" sizes=\"(max-width: 750px) 100vw, 750px\" \/><\/a><\/p>\n<p><strong>3. Tag: Dublin &#8211; Wicklow- Dublin<\/strong><\/p>\n<p>Heute steht ein Tagesausflug nach Wicklow auf dem Programm. Dort besichtigen Sie die Klosteranlage Glendalough und die Weberei Avoca. Mit vielen neuen Eindr\u00fccken werden Sie wieder nach Dublin zur\u00fcckgefahren.<\/p>\n<p>4. Tag: Auf Wiedersehen Irland!<\/p>\n","protected":false},"excerpt":{"rendered":"<p>Dublin ist eine Mischung aus Tradition, Modern, Nighlife, gem\u00fctlichen Pubs und fr\u00f6hlichen Menschen. Dublin ist eine von Europas aufregendsten Hauptst\u00e4dten und bietet alles, was man sich f\u00fcr eine St\u00e4dtetour w\u00fcnschen kann.&nbsp;Kurzreisen nach Dublin, z.B. f\u00fcr ein Wochenende&nbsp;vom Spezialisten. Eine Auswahl der besten Hotels in Dublin &#8211; Sonderangebote und Discounts Booking.com Urlaubsinspiration Dublin- 4 Tage \/ [&hellip;]<\/p>\n","protected":false},"author":1,"featured_media":0,"parent":0,"menu_order":0,"comment_status":"closed","ping_status":"closed","template":"single-four.php","meta":[],"acf":[],"yoast_head":"<!-- This site is optimized with the Yoast SEO plugin v19.4 - https:\/\/yoast.com\/wordpress\/plugins\/seo\/ -->\n<title>Dublin City Break - Kurzreisen Dublin &amp; Wochenende in Dublin - Urlaub &amp; Reisen<\/title>\n<meta name=\"robots\" content=\"index, follow, max-snippet:-1, max-image-preview:large, max-video-preview:-1\" \/>\n<link rel=\"canonical\" href=\"https:\/\/www.urlaubcornwall.de\/blog\/dublin-city-break-kurzreisen-dublin-wochenende-in-dublin\/\" \/>\n<meta property=\"og:locale\" content=\"en_US\" \/>\n<meta property=\"og:type\" content=\"article\" \/>\n<meta property=\"og:title\" content=\"Dublin City Break - Kurzreisen Dublin &amp; Wochenende in Dublin - Urlaub &amp; Reisen\" \/>\n<meta property=\"og:description\" content=\"Dublin ist eine Mischung aus Tradition, Modern, Nighlife, gem\u00fctlichen Pubs und fr\u00f6hlichen Menschen. Dublin ist eine von Europas aufregendsten Hauptst\u00e4dten und bietet alles, was man sich f\u00fcr eine St\u00e4dtetour w\u00fcnschen kann.&nbsp;Kurzreisen nach Dublin, z.B. f\u00fcr ein Wochenende&nbsp;vom Spezialisten. Eine Auswahl der besten Hotels in Dublin &#8211; Sonderangebote und Discounts Booking.com Urlaubsinspiration Dublin- 4 Tage \/ [&hellip;]\" \/>\n<meta property=\"og:url\" content=\"https:\/\/www.urlaubcornwall.de\/blog\/dublin-city-break-kurzreisen-dublin-wochenende-in-dublin\/\" \/>\n<meta property=\"og:site_name\" content=\"Urlaub &amp; Reisen\" \/>\n<meta property=\"article:modified_time\" content=\"2024-04-29T15:40:51+00:00\" \/>\n<meta property=\"og:image\" content=\"https:\/\/www.urlaubcornwall.de\/blog\/wp-content\/uploads\/2024\/03\/dublin.jpg\" \/>\n<meta name=\"twitter:card\" content=\"summary\" \/>\n<meta name=\"twitter:label1\" content=\"Est. reading time\" \/>\n\t<meta name=\"twitter:data1\" content=\"2 minutes\" \/>\n<script type=\"application\/ld+json\" class=\"yoast-schema-graph\">{\"@context\":\"https:\/\/schema.org\",\"@graph\":[{\"@type\":\"WebSite\",\"@id\":\"https:\/\/www.urlaubcornwall.de\/blog\/#website\",\"url\":\"https:\/\/www.urlaubcornwall.de\/blog\/\",\"name\":\"Urlaub &amp; Reisen\",\"description\":\"Urlaub, Reisen, Cornwall und S\u00fcdengland: eine perfekte Kombination\",\"potentialAction\":[{\"@type\":\"SearchAction\",\"target\":{\"@type\":\"EntryPoint\",\"urlTemplate\":\"https:\/\/www.urlaubcornwall.de\/blog\/?s={search_term_string}\"},\"query-input\":\"required name=search_term_string\"}],\"inLanguage\":\"en-US\"},{\"@type\":\"WebPage\",\"@id\":\"https:\/\/www.urlaubcornwall.de\/blog\/dublin-city-break-kurzreisen-dublin-wochenende-in-dublin\/\",\"url\":\"https:\/\/www.urlaubcornwall.de\/blog\/dublin-city-break-kurzreisen-dublin-wochenende-in-dublin\/\",\"name\":\"Dublin City Break - Kurzreisen Dublin & Wochenende in Dublin - Urlaub &amp; Reisen\",\"isPartOf\":{\"@id\":\"https:\/\/www.urlaubcornwall.de\/blog\/#website\"},\"datePublished\":\"2015-10-29T16:03:39+00:00\",\"dateModified\":\"2024-04-29T15:40:51+00:00\",\"breadcrumb\":{\"@id\":\"https:\/\/www.urlaubcornwall.de\/blog\/dublin-city-break-kurzreisen-dublin-wochenende-in-dublin\/#breadcrumb\"},\"inLanguage\":\"en-US\",\"potentialAction\":[{\"@type\":\"ReadAction\",\"target\":[\"https:\/\/www.urlaubcornwall.de\/blog\/dublin-city-break-kurzreisen-dublin-wochenende-in-dublin\/\"]}]},{\"@type\":\"BreadcrumbList\",\"@id\":\"https:\/\/www.urlaubcornwall.de\/blog\/dublin-city-break-kurzreisen-dublin-wochenende-in-dublin\/#breadcrumb\",\"itemListElement\":[{\"@type\":\"ListItem\",\"position\":1,\"name\":\"Home\",\"item\":\"https:\/\/www.urlaubcornwall.de\/blog\/\"},{\"@type\":\"ListItem\",\"position\":2,\"name\":\"Dublin City Break &#8211; Kurzreisen Dublin &#038; Wochenende in Dublin\"}]}]}<\/script>\n<!-- \/ Yoast SEO plugin. -->","yoast_head_json":{"title":"Dublin City Break - Kurzreisen Dublin & Wochenende in Dublin - Urlaub &amp; Reisen","robots":{"index":"index","follow":"follow","max-snippet":"max-snippet:-1","max-image-preview":"max-image-preview:large","max-video-preview":"max-video-preview:-1"},"canonical":"https:\/\/www.urlaubcornwall.de\/blog\/dublin-city-break-kurzreisen-dublin-wochenende-in-dublin\/","og_locale":"en_US","og_type":"article","og_title":"Dublin City Break - Kurzreisen Dublin & Wochenende in Dublin - Urlaub &amp; Reisen","og_description":"Dublin ist eine Mischung aus Tradition, Modern, Nighlife, gem\u00fctlichen Pubs und fr\u00f6hlichen Menschen. Dublin ist eine von Europas aufregendsten Hauptst\u00e4dten und bietet alles, was man sich f\u00fcr eine St\u00e4dtetour w\u00fcnschen kann.&nbsp;Kurzreisen nach Dublin, z.B. f\u00fcr ein Wochenende&nbsp;vom Spezialisten. Eine Auswahl der besten Hotels in Dublin &#8211; Sonderangebote und Discounts Booking.com Urlaubsinspiration Dublin- 4 Tage \/ [&hellip;]","og_url":"https:\/\/www.urlaubcornwall.de\/blog\/dublin-city-break-kurzreisen-dublin-wochenende-in-dublin\/","og_site_name":"Urlaub &amp; Reisen","article_modified_time":"2024-04-29T15:40:51+00:00","og_image":[{"url":"https:\/\/www.urlaubcornwall.de\/blog\/wp-content\/uploads\/2024\/03\/dublin.jpg"}],"twitter_card":"summary","twitter_misc":{"Est. reading time":"2 minutes"},"schema":{"@context":"https:\/\/schema.org","@graph":[{"@type":"WebSite","@id":"https:\/\/www.urlaubcornwall.de\/blog\/#website","url":"https:\/\/www.urlaubcornwall.de\/blog\/","name":"Urlaub &amp; Reisen","description":"Urlaub, Reisen, Cornwall und S\u00fcdengland: eine perfekte Kombination","potentialAction":[{"@type":"SearchAction","target":{"@type":"EntryPoint","urlTemplate":"https:\/\/www.urlaubcornwall.de\/blog\/?s={search_term_string}"},"query-input":"required name=search_term_string"}],"inLanguage":"en-US"},{"@type":"WebPage","@id":"https:\/\/www.urlaubcornwall.de\/blog\/dublin-city-break-kurzreisen-dublin-wochenende-in-dublin\/","url":"https:\/\/www.urlaubcornwall.de\/blog\/dublin-city-break-kurzreisen-dublin-wochenende-in-dublin\/","name":"Dublin City Break - Kurzreisen Dublin & Wochenende in Dublin - Urlaub &amp; Reisen","isPartOf":{"@id":"https:\/\/www.urlaubcornwall.de\/blog\/#website"},"datePublished":"2015-10-29T16:03:39+00:00","dateModified":"2024-04-29T15:40:51+00:00","breadcrumb":{"@id":"https:\/\/www.urlaubcornwall.de\/blog\/dublin-city-break-kurzreisen-dublin-wochenende-in-dublin\/#breadcrumb"},"inLanguage":"en-US","potentialAction":[{"@type":"ReadAction","target":["https:\/\/www.urlaubcornwall.de\/blog\/dublin-city-break-kurzreisen-dublin-wochenende-in-dublin\/"]}]},{"@type":"BreadcrumbList","@id":"https:\/\/www.urlaubcornwall.de\/blog\/dublin-city-break-kurzreisen-dublin-wochenende-in-dublin\/#breadcrumb","itemListElement":[{"@type":"ListItem","position":1,"name":"Home","item":"https:\/\/www.urlaubcornwall.de\/blog\/"},{"@type":"ListItem","position":2,"name":"Dublin City Break &#8211; Kurzreisen Dublin &#038; Wochenende in Dublin"}]}]}},"_links":{"self":[{"href":"https:\/\/www.urlaubcornwall.de\/blog\/wp-json\/wp\/v2\/pages\/21428"}],"collection":[{"href":"https:\/\/www.urlaubcornwall.de\/blog\/wp-json\/wp\/v2\/pages"}],"about":[{"href":"https:\/\/www.urlaubcornwall.de\/blog\/wp-json\/wp\/v2\/types\/page"}],"author":[{"embeddable":true,"href":"https:\/\/www.urlaubcornwall.de\/blog\/wp-json\/wp\/v2\/users\/1"}],"replies":[{"embeddable":true,"href":"https:\/\/www.urlaubcornwall.de\/blog\/wp-json\/wp\/v2\/comments?post=21428"}],"version-history":[{"count":32,"href":"https:\/\/www.urlaubcornwall.de\/blog\/wp-json\/wp\/v2\/pages\/21428\/revisions"}],"predecessor-version":[{"id":49907,"href":"https:\/\/www.urlaubcornwall.de\/blog\/wp-json\/wp\/v2\/pages\/21428\/revisions\/49907"}],"wp:attachment":[{"href":"https:\/\/www.urlaubcornwall.de\/blog\/wp-json\/wp\/v2\/media?parent=21428"}],"curies":[{"name":"wp","href":"https:\/\/api.w.org\/{rel}","templated":true}]}}