{"id":21231,"date":"2015-10-24T14:22:48","date_gmt":"2015-10-24T14:22:48","guid":{"rendered":"https:\/\/www.urlaubcornwall.de\/blog\/?page_id=21231"},"modified":"2024-04-09T09:12:04","modified_gmt":"2024-04-09T09:12:04","slug":"irlandreise-selbstfahrer-in-schlosshotels-urlaub-irland","status":"publish","type":"page","link":"https:\/\/www.urlaubcornwall.de\/blog\/irlandreise-selbstfahrer-in-schlosshotels-urlaub-irland\/","title":{"rendered":"Irland Reise Selbstfahrer in Schlo\u00dfhotels: Urlaub Irland"},"content":{"rendered":"<p><a href=\"https:\/\/www.urlaubcornwall.de\/blog\/wp-content\/uploads\/2024\/03\/conemara.jpg\"><img loading=\"lazy\" src=\"https:\/\/www.urlaubcornwall.de\/blog\/wp-content\/uploads\/2024\/03\/conemara.jpg\" alt=\"conemara\" width=\"750\" height=\"368\" class=\"alignnone size-full wp-image-47811\" srcset=\"https:\/\/www.urlaubcornwall.de\/blog\/wp-content\/uploads\/2024\/03\/conemara.jpg 750w, https:\/\/www.urlaubcornwall.de\/blog\/wp-content\/uploads\/2024\/03\/conemara-300x147.jpg 300w\" sizes=\"(max-width: 750px) 100vw, 750px\" \/><\/a><\/p>\n<h2>Highlights<strong>:<\/strong> Dublin, Galway, Connemara, Cliffs of Moher, Dingle, Limerick<\/h2>\n<p>Entdecken Sie auf dieser <a href=\"https:\/\/www.urlaubcornwall.de\/blog\/erleben-sie-irland-die-emerald-insel\/\">Irlandreise<\/a> Selbstfahrer die Sch\u00f6nheiten Irlands. Als Highlight \u00fcbernachten Sie dabei nur in ausgew\u00e4hlten, zauberhaften Schlo\u00dfhotels Irlands. Eine Selbstfahrerreise der Extraklasse! Mietwagen und Fl\u00fcge k\u00f6nnen wir gerne dazu passend anbieten.<\/p>\n<p>8 Tage \/ 7 N\u00e4chte | t\u00e4glich m\u00f6glich ab 2 Personen | \u00dcbernachtungen ausschlie\u00dflich in Schlo\u00dfhotels<\/p>\n<p style=\"text-align: center;\"><a class=\"tidycta\" href=\"http:\/\/www.urlaubcornwall.de\/anfrage.php?tourcode=IRLSELBST-6\">Anfrage \/ Buchung<\/a><\/p>\n<p><strong>Tourbeschreibung<\/strong><\/p>\n<p><strong>1. Tag: Dublin<\/strong><\/p>\n<p>Machen Sie sich an diesem ersten Tag mit der irischen Hauptstadt vertraut. Nach der Ankunft am Flughafen und dem Abholen Ihres Mietwagens checken Sie in Ihrem Hotel. Dieser Tag ist zur Erkundung von Dublin gedacht. Zahlreiche Sehensw\u00fcrdigkeiten laden Sie ein, Shops und Restaurants sorgen f\u00fcr Ihr leibliches Wohl. Die ersten beiden N\u00e4chte verbringen Sie in einem Schloss, das sogar bis zum Jahre 1172 zur\u00fcckdatiert werden kann. 2 \u00dcbernachtungen im Clontarf Castle oder \u00e4hnliches<\/p>\n<p><strong>2. Tag: Dublin<\/strong><\/p>\n<p>Das Trinity College mit seiner Old Library, Dublin Castle und Halfpenny Bridge sind nur einige der Highlights, die Sie sich heute ansehen k\u00f6nnen. Die gr\u00f6\u00dfte Kirche Irlands ist die St. Patrick\u2019s Cathredal in Dublin, gleichfalls einen Besuch wert. Vergessen Sie auch nicht im Guinness Storehouse einzukehren, wo Sie den weltber\u00fchmten \u201eschwarzen Stoff\u201c probieren k\u00f6nnen. \u00dcbernachtung wie am Vortag.<\/p>\n<p><strong>3. Tag: Dublin \u2013 Galway \u2013 Clifden<\/strong><\/p>\n<p>Von Dublin aus beginnen Sie heute Ihre Irland Autoreise und fahren Richtung Galway. Sie durchfahren die Midlands und k\u00f6nnen hier einen Abstecher zum Belvedere House machen. Das wundersch\u00f6ne Anwesen mit gro\u00dfen weitl\u00e4ufigen liegt direkt an den Ufern des Lough Ennell. Hier lebte im 18.Jahrhundert Robert Rochfort, der Earl of Belvedere und dieses Haus ist eines der sch\u00f6nsten und besterhaltensten H\u00e4user aus dieser Epoche. Bevor Sie den Shannon \u2013 Irlands l\u00e4ngsten Fluss \u2013 \u00fcberqueren, k\u00f6nnen Sie noch Clonmacnoise besuchen. Dieser Ort bietet Ihnen Zeugnisse aus dem fr\u00fchchristlichen Irland des 6.Jahrhunderts. Danach geht Ihre Selbstfahrer weiter nach Galway, eine Stadt mit gro\u00dfer spanischer Handelstradition. Auf der Fahrt zu Ihrem Hotel kommen Sie durch das wilde und raue Connemara, bevor Sie in Clifden eintreffen. 2 \u00dcbernachtungen im Abbeyglen Castle Hotel oder \u00e4hnliches<\/p>\n<p><strong>4. Tag: Connemara<\/strong><\/p>\n<p>Entdecken Sie auf Ihrer heutigen Tagesrundreise die raue Wildnis von Connemara. Wild, zerkl\u00fcftet und doch voller Romantik, so kann man diese Gegend beschreiben. Berge, Fjorde, farbenfrohe Pflanzen, Seen und H\u00e4fen, Naturliebhaber kommen hier voll auf ihre Kosten. Besuchen Sie auch die alte Kylemore Abbey, eine Benediktiner-Abtei mit langer Geschichte nahe des Lake Pollacapul. Weitere Optionen f\u00fcr Ihren heutigen Ausflug sind Leenane und der einzige Fjord Irlands, der Killary Fjord. \u00dcbernachtung wie am Vortag.<\/p>\n<p><strong>5. Tag: Galway \u2013 Cliffs of Moher \u2013 Kerry<\/strong><\/p>\n<p>Ihr Ziel heute ist Clare County, bekannt als das Land der Schl\u00f6sser. Sie kommen hierbei auch durch die Burren-Region, was soviel wie \u201eriesiger Stein\u201c hei\u00dfen soll. Genauer gesagt, ist dies eine Art Mondlandschaft aus por\u00f6sem Kalkstein. Anschlie\u00dfend machen Sie Halt an den Klippen von Moher. Die h\u00f6chsten Klippen Irlands befinden sich \u00fcber 215 Meter hoch \u00fcber dem Atlantik. Weiter geht es dann der F\u00e4hre \u00fcber die Shannon-M\u00fcndung nach Tarbert. 2 \u00dcbernachtungen im Ballyseede Castle Hotel oder \u00e4hnliches<\/p>\n<p><strong>6. Tag: Dingle Halbinsel<\/strong><\/p>\n<p>Ihre Tagestour f\u00fchrt Sie heute nach Dingle, wo es nennenswerte Ausgrabungen von Steinkreisen, Gr\u00e4bern und Kreuzen gibt. Aber nat\u00fcrlich stechen hier besonders die landschaftlichen Reize des Halbinsel ins Auge. Fauna und Flora bilden hier eine bemerkenswerte Kombination. Diese Region z\u00e4hlt nicht umsonst zu den sch\u00f6nsten Gegenden Irlands. \u00dcbernachtung wie am Vortag.<\/p>\n<p><strong>7. Tag: Limerick \u2013 Kildare<\/strong><\/p>\n<p>Wenn Sie Kerry in Richtung Limerick verlassen gelangen Sie zum \u201eRock of Cashel\u201c. \u00dcber 60 Meter ragt der Felsen empor. Der Rock of Cashel ist kirchen- und kunsthistorisch eine der wertvollsten Sehensw\u00fcrdigkeit von Irland. Um das 4. Jahrhundert wird der Ursprung zur\u00fcckdatiert und auch heute noch k\u00f6nnen Sie den riesigen Turm und die Kapelle besichtigen. Fahrt zu Ihrer n\u00e4chsten Unterkunft nach Kildare. \u00dcbernachtung im Barberstown Castle oder \u00e4hnliches<\/p>\n<p><strong>8. Tag: Heimreise<\/strong><\/p>\n<p>Heute fahren Sie zum Flughafen Dublin und geben Ihren Mietwagen ab. Individuelle Heimreise und Ende der Selbstfahrertour \u201eLive like a Lord\u201c.<\/p>\n<p><strong>Eingeschlossene Leistungen<\/strong><\/p>\n<p><strong>Eingeschlossene Leistungen:<\/strong><\/p>\n<p>7 \u00dcbernachtungen in den genannten oder vergleichbaren Schlo\u00dfhotels Irland<\/p>\n<p>t\u00e4gliches Fr\u00fchst\u00fcck<\/p>\n<p>Reisef\u00fchrer Irland<\/p>\n<p><strong>Nicht eingeschlossene Leistungen:<\/strong><\/p>\n<p>Fl\u00fcge (bieten wir Ihnen gerne passend dazu an)<\/p>\n<p>Mietwagen (bieten wir Ihnen gerne passend an)<\/p>\n<p>Trinkgelder, Benzin, Eintritte<\/p>\n<p>Pers\u00f6nliche Ausgaben aller Art<\/p>\n<p><strong>Termine\/Preise<\/strong><\/p>\n<p>T\u00e4glich m\u00f6glich!<\/p>\n<p><strong>Preise auf Anfrage!<\/strong><\/p>\n<p style=\"text-align: center;\"><a class=\"tidycta\" href=\"http:\/\/www.urlaubcornwall.de\/anfrage.php?tourcode=IRLSELBST-6\">Anfrage \/ Buchung<\/a><\/p>\n<p style=\"text-align: center;\">UrlaubCornwall haben Touren im Angebot f\u00fcr Individualreisende. Hier finden Sie unsere Auswahl an fantastischen&nbsp;<a href=\"https:\/\/www.urlaubcornwall.de\/blog\/rundreisen-irland\/\"><span style=\"text-decoration: underline;\">Rundreisen und Touren in Irland<\/span><\/a>. Unsere Websitedetails zeigen lediglich eine kleine Auswahl dessen, was wir anbieten k\u00f6nnen. Wir stellen Ihnen gerne ein <a href=\"http:\/\/www.urlaubcornwall.de\/anfrage.php\"><span style=\"text-decoration: underline;\">unverbindliches Angebot<\/span><\/a> mit allen Fl\u00fcgen und Transfers f\u00fcr Ihre Grossbritannien Reise zusammen.<\/p>\n","protected":false},"excerpt":{"rendered":"<p>Highlights: Dublin, Galway, Connemara, Cliffs of Moher, Dingle, Limerick Entdecken Sie auf dieser Irlandreise Selbstfahrer die Sch\u00f6nheiten Irlands. Als Highlight \u00fcbernachten Sie dabei nur in ausgew\u00e4hlten, zauberhaften Schlo\u00dfhotels Irlands. Eine Selbstfahrerreise der Extraklasse! Mietwagen und Fl\u00fcge k\u00f6nnen wir gerne dazu passend anbieten. 8 Tage \/ 7 N\u00e4chte | t\u00e4glich m\u00f6glich ab 2 Personen | \u00dcbernachtungen [&hellip;]<\/p>\n","protected":false},"author":1,"featured_media":0,"parent":0,"menu_order":0,"comment_status":"closed","ping_status":"closed","template":"single-four.php","meta":[],"acf":[],"yoast_head":"<!-- This site is optimized with the Yoast SEO plugin v19.4 - https:\/\/yoast.com\/wordpress\/plugins\/seo\/ -->\n<title>Irland Reise Selbstfahrer in Schlo\u00dfhotels: Urlaub Irland - Urlaub &amp; Reisen<\/title>\n<meta name=\"robots\" content=\"index, follow, max-snippet:-1, max-image-preview:large, max-video-preview:-1\" \/>\n<link rel=\"canonical\" href=\"https:\/\/www.urlaubcornwall.de\/blog\/irlandreise-selbstfahrer-in-schlosshotels-urlaub-irland\/\" \/>\n<meta property=\"og:locale\" content=\"en_US\" \/>\n<meta property=\"og:type\" content=\"article\" \/>\n<meta property=\"og:title\" content=\"Irland Reise Selbstfahrer in Schlo\u00dfhotels: Urlaub Irland - Urlaub &amp; Reisen\" \/>\n<meta property=\"og:description\" content=\"Highlights: Dublin, Galway, Connemara, Cliffs of Moher, Dingle, Limerick Entdecken Sie auf dieser Irlandreise Selbstfahrer die Sch\u00f6nheiten Irlands. Als Highlight \u00fcbernachten Sie dabei nur in ausgew\u00e4hlten, zauberhaften Schlo\u00dfhotels Irlands. Eine Selbstfahrerreise der Extraklasse! Mietwagen und Fl\u00fcge k\u00f6nnen wir gerne dazu passend anbieten. 8 Tage \/ 7 N\u00e4chte | t\u00e4glich m\u00f6glich ab 2 Personen | \u00dcbernachtungen [&hellip;]\" \/>\n<meta property=\"og:url\" content=\"https:\/\/www.urlaubcornwall.de\/blog\/irlandreise-selbstfahrer-in-schlosshotels-urlaub-irland\/\" \/>\n<meta property=\"og:site_name\" content=\"Urlaub &amp; Reisen\" \/>\n<meta property=\"article:modified_time\" content=\"2024-04-09T09:12:04+00:00\" \/>\n<meta property=\"og:image\" content=\"https:\/\/www.urlaubcornwall.de\/blog\/wp-content\/uploads\/2024\/03\/conemara.jpg\" \/>\n<meta name=\"twitter:card\" content=\"summary\" \/>\n<meta name=\"twitter:label1\" content=\"Est. reading time\" \/>\n\t<meta name=\"twitter:data1\" content=\"4 minutes\" \/>\n<script type=\"application\/ld+json\" class=\"yoast-schema-graph\">{\"@context\":\"https:\/\/schema.org\",\"@graph\":[{\"@type\":\"WebSite\",\"@id\":\"https:\/\/www.urlaubcornwall.de\/blog\/#website\",\"url\":\"https:\/\/www.urlaubcornwall.de\/blog\/\",\"name\":\"Urlaub &amp; Reisen\",\"description\":\"Urlaub, Reisen, Cornwall und S\u00fcdengland: eine perfekte Kombination\",\"potentialAction\":[{\"@type\":\"SearchAction\",\"target\":{\"@type\":\"EntryPoint\",\"urlTemplate\":\"https:\/\/www.urlaubcornwall.de\/blog\/?s={search_term_string}\"},\"query-input\":\"required name=search_term_string\"}],\"inLanguage\":\"en-US\"},{\"@type\":\"WebPage\",\"@id\":\"https:\/\/www.urlaubcornwall.de\/blog\/irlandreise-selbstfahrer-in-schlosshotels-urlaub-irland\/\",\"url\":\"https:\/\/www.urlaubcornwall.de\/blog\/irlandreise-selbstfahrer-in-schlosshotels-urlaub-irland\/\",\"name\":\"Irland Reise Selbstfahrer in Schlo\u00dfhotels: Urlaub Irland - Urlaub &amp; Reisen\",\"isPartOf\":{\"@id\":\"https:\/\/www.urlaubcornwall.de\/blog\/#website\"},\"datePublished\":\"2015-10-24T14:22:48+00:00\",\"dateModified\":\"2024-04-09T09:12:04+00:00\",\"breadcrumb\":{\"@id\":\"https:\/\/www.urlaubcornwall.de\/blog\/irlandreise-selbstfahrer-in-schlosshotels-urlaub-irland\/#breadcrumb\"},\"inLanguage\":\"en-US\",\"potentialAction\":[{\"@type\":\"ReadAction\",\"target\":[\"https:\/\/www.urlaubcornwall.de\/blog\/irlandreise-selbstfahrer-in-schlosshotels-urlaub-irland\/\"]}]},{\"@type\":\"BreadcrumbList\",\"@id\":\"https:\/\/www.urlaubcornwall.de\/blog\/irlandreise-selbstfahrer-in-schlosshotels-urlaub-irland\/#breadcrumb\",\"itemListElement\":[{\"@type\":\"ListItem\",\"position\":1,\"name\":\"Home\",\"item\":\"https:\/\/www.urlaubcornwall.de\/blog\/\"},{\"@type\":\"ListItem\",\"position\":2,\"name\":\"Irland Reise Selbstfahrer in Schlo\u00dfhotels: Urlaub Irland\"}]}]}<\/script>\n<!-- \/ Yoast SEO plugin. -->","yoast_head_json":{"title":"Irland Reise Selbstfahrer in Schlo\u00dfhotels: Urlaub Irland - Urlaub &amp; Reisen","robots":{"index":"index","follow":"follow","max-snippet":"max-snippet:-1","max-image-preview":"max-image-preview:large","max-video-preview":"max-video-preview:-1"},"canonical":"https:\/\/www.urlaubcornwall.de\/blog\/irlandreise-selbstfahrer-in-schlosshotels-urlaub-irland\/","og_locale":"en_US","og_type":"article","og_title":"Irland Reise Selbstfahrer in Schlo\u00dfhotels: Urlaub Irland - Urlaub &amp; Reisen","og_description":"Highlights: Dublin, Galway, Connemara, Cliffs of Moher, Dingle, Limerick Entdecken Sie auf dieser Irlandreise Selbstfahrer die Sch\u00f6nheiten Irlands. Als Highlight \u00fcbernachten Sie dabei nur in ausgew\u00e4hlten, zauberhaften Schlo\u00dfhotels Irlands. Eine Selbstfahrerreise der Extraklasse! Mietwagen und Fl\u00fcge k\u00f6nnen wir gerne dazu passend anbieten. 8 Tage \/ 7 N\u00e4chte | t\u00e4glich m\u00f6glich ab 2 Personen | \u00dcbernachtungen [&hellip;]","og_url":"https:\/\/www.urlaubcornwall.de\/blog\/irlandreise-selbstfahrer-in-schlosshotels-urlaub-irland\/","og_site_name":"Urlaub &amp; Reisen","article_modified_time":"2024-04-09T09:12:04+00:00","og_image":[{"url":"https:\/\/www.urlaubcornwall.de\/blog\/wp-content\/uploads\/2024\/03\/conemara.jpg"}],"twitter_card":"summary","twitter_misc":{"Est. reading time":"4 minutes"},"schema":{"@context":"https:\/\/schema.org","@graph":[{"@type":"WebSite","@id":"https:\/\/www.urlaubcornwall.de\/blog\/#website","url":"https:\/\/www.urlaubcornwall.de\/blog\/","name":"Urlaub &amp; Reisen","description":"Urlaub, Reisen, Cornwall und S\u00fcdengland: eine perfekte Kombination","potentialAction":[{"@type":"SearchAction","target":{"@type":"EntryPoint","urlTemplate":"https:\/\/www.urlaubcornwall.de\/blog\/?s={search_term_string}"},"query-input":"required name=search_term_string"}],"inLanguage":"en-US"},{"@type":"WebPage","@id":"https:\/\/www.urlaubcornwall.de\/blog\/irlandreise-selbstfahrer-in-schlosshotels-urlaub-irland\/","url":"https:\/\/www.urlaubcornwall.de\/blog\/irlandreise-selbstfahrer-in-schlosshotels-urlaub-irland\/","name":"Irland Reise Selbstfahrer in Schlo\u00dfhotels: Urlaub Irland - Urlaub &amp; Reisen","isPartOf":{"@id":"https:\/\/www.urlaubcornwall.de\/blog\/#website"},"datePublished":"2015-10-24T14:22:48+00:00","dateModified":"2024-04-09T09:12:04+00:00","breadcrumb":{"@id":"https:\/\/www.urlaubcornwall.de\/blog\/irlandreise-selbstfahrer-in-schlosshotels-urlaub-irland\/#breadcrumb"},"inLanguage":"en-US","potentialAction":[{"@type":"ReadAction","target":["https:\/\/www.urlaubcornwall.de\/blog\/irlandreise-selbstfahrer-in-schlosshotels-urlaub-irland\/"]}]},{"@type":"BreadcrumbList","@id":"https:\/\/www.urlaubcornwall.de\/blog\/irlandreise-selbstfahrer-in-schlosshotels-urlaub-irland\/#breadcrumb","itemListElement":[{"@type":"ListItem","position":1,"name":"Home","item":"https:\/\/www.urlaubcornwall.de\/blog\/"},{"@type":"ListItem","position":2,"name":"Irland Reise Selbstfahrer in Schlo\u00dfhotels: Urlaub Irland"}]}]}},"_links":{"self":[{"href":"https:\/\/www.urlaubcornwall.de\/blog\/wp-json\/wp\/v2\/pages\/21231"}],"collection":[{"href":"https:\/\/www.urlaubcornwall.de\/blog\/wp-json\/wp\/v2\/pages"}],"about":[{"href":"https:\/\/www.urlaubcornwall.de\/blog\/wp-json\/wp\/v2\/types\/page"}],"author":[{"embeddable":true,"href":"https:\/\/www.urlaubcornwall.de\/blog\/wp-json\/wp\/v2\/users\/1"}],"replies":[{"embeddable":true,"href":"https:\/\/www.urlaubcornwall.de\/blog\/wp-json\/wp\/v2\/comments?post=21231"}],"version-history":[{"count":25,"href":"https:\/\/www.urlaubcornwall.de\/blog\/wp-json\/wp\/v2\/pages\/21231\/revisions"}],"predecessor-version":[{"id":49078,"href":"https:\/\/www.urlaubcornwall.de\/blog\/wp-json\/wp\/v2\/pages\/21231\/revisions\/49078"}],"wp:attachment":[{"href":"https:\/\/www.urlaubcornwall.de\/blog\/wp-json\/wp\/v2\/media?parent=21231"}],"curies":[{"name":"wp","href":"https:\/\/api.w.org\/{rel}","templated":true}]}}