{"id":21209,"date":"2015-10-24T11:32:06","date_gmt":"2015-10-24T11:32:06","guid":{"rendered":"https:\/\/www.urlaubcornwall.de\/blog\/?page_id=21209"},"modified":"2024-11-04T10:06:19","modified_gmt":"2024-11-04T10:06:19","slug":"autoreise-schottland-landschaftliche-hoehepunkte","status":"publish","type":"page","link":"https:\/\/www.urlaubcornwall.de\/blog\/autoreise-schottland-landschaftliche-hoehepunkte\/","title":{"rendered":"Autoreise Klassisches Schottland \u2013 7 Tage"},"content":{"rendered":"<p><a href=\"https:\/\/www.urlaubcornwall.de\/blog\/wp-content\/uploads\/2024\/03\/schottland-seen.jpg\"><img loading=\"lazy\" src=\"https:\/\/www.urlaubcornwall.de\/blog\/wp-content\/uploads\/2024\/03\/schottland-seen.jpg\" alt=\"schottland loch\" width=\"750\" height=\"500\" class=\"alignnone size-full wp-image-47803\" srcset=\"https:\/\/www.urlaubcornwall.de\/blog\/wp-content\/uploads\/2024\/03\/schottland-seen.jpg 750w, https:\/\/www.urlaubcornwall.de\/blog\/wp-content\/uploads\/2024\/03\/schottland-seen-300x200.jpg 300w\" sizes=\"(max-width: 750px) 100vw, 750px\" \/><\/a><\/p>\n<h2 style=\"text-align: left;\"><strong>Highlights: Edinburgh, Scone Palace, Inverness, Loch Ness, Inveraray, Loch Lomond<\/strong><\/h2>\n<p style=\"text-align: left;\"><strong>Tourbeschreibung: <\/strong>Landschaftliche H\u00f6hepunkte &#8211; Schottland Mietwagenurlaub vom Spezialisten<\/p>\n<p style=\"text-align: left;\">7 Tage \/ 6 N\u00e4chte | ab\/bis Edinburgh | t\u00e4glich m\u00f6glich<\/p>\n<p style=\"text-align: left;\">Verbringen Sie sieben abwechslungsreiche Tage w\u00e4hrend dieser <a href=\"https:\/\/www.urlaubcornwall.de\/blog\/rundreisen-schottland\/\">Autoreise durch Schottland<\/a>. Von Edinburgh aus fahren Sie in die Highlands, wo die raue Sch\u00f6nheit der Berge Sie in Staunen versetzen wird. Es bleibt sogar gen\u00fcgend Zeit, um die ein oder andere Whisky Destillerie in der Speyside Region zu besichtigen. Keine Angst, der Fahrer darf seine Whiskyprobe mitnehmen und muss so nicht auf die Kostprobe verzichten.<\/p>\n<p><strong>Folgende Unterkunftskategorien stehen zur Auswahl:<\/strong><\/p>\n<p>Bronze = Bed &amp; Breakfast Unterk\u00fcnfte und Inns (mit eigenem Bad)<\/p>\n<p>Silber = Mittelklassehotels<\/p>\n<p>Gold = gehobenere Unterk\u00fcnfte<\/p>\n<p style=\"text-align: center;\"><a class=\"tidycta\" href=\"http:\/\/www.urlaubcornwall.de\/anfrage.php?tourcode=EDHDCS\">Anfrage \/ Buchung<\/a><\/p>\n<p><strong>Tourbeschreibung<\/strong><\/p>\n<p><strong>1. Tag: Edinburgh \u2013 Perthshire (ca. 100km)<\/strong><\/p>\n<p>Nachdem Sie am Flughafen angekommen sind, nehmen Sie den Mietwagen entgegen. Je nach Ankunftszeit k\u00f6nnen Sie noch etwas Zeit in Edinburgh verbringen und die bekanntesten Sehensw\u00fcrdigkeiten wie das Edinburgh Castle und die Royal Mile erkunden. Sp\u00e4ter Fahrt \u00fcber die H\u00e4ngebr\u00fccke, die den Firth of Forth \u00fcberspannt, nach Perth, eine sehr sch\u00f6ne Stadt am Fluss Tay. Bummeln Sie doch etwas durch die Altstadt bevor Sie zur ersten Unterkunft dieser Selbstfahrertour aufbrechen. \u00dcbernachtung im Raum Perthshire.<\/p>\n<p><strong>2. Tag: Perthshire \u2013 Aberdeenshire (ca. 150km)<\/strong><\/p>\n<p>Die A93 f\u00fchrt Sie heute zum h\u00f6chsten Pass von Schottland, Glenshee. Im Cairngroms Nationalpark lohnt ein Stopp in Ballater, wo sich das Balmoral Castle mit der kleinen Kirche Crathie befindet, in der Mitglieder der k\u00f6niglichen Familie manchmal w\u00e4hrend Ihres Urlaubes dem Gottesdienst beiwohnen. Etwa 40 Kilometer \u00f6stlich von Ballater liegt das Crathes Castle, es erf\u00fcllt alle Anforderungen an ein typisch schottisches Schloss. \u00dcbernachtung im Raum Aberdeenshire.<\/p>\n<p><strong>3. Tag: Aberdeenshire \u2013 Inverness (ca. 170km)<\/strong><\/p>\n<p>Sie haben heute ausreichend Zeit um die Region im Nordosten Schottlands, welche die meisten Burgen pro Quadratkilometer aufweist, zu erkunden. Die etwa 300 Schl\u00f6sser, Festungen und Burgen machen diesen Fleck zu einem kleinen Paradies f\u00fcr Geschichtsbegeisterte. Sie k\u00f6nnen den Tag aber auch in der Speyside Region, mit den zahlreichen Distillerien, verbringen. Mindestens eine davon sollten Sie besichtigen. Weiterfahrt \u00fcber Nairn und eventuell Besuch der typisch schottischen Burg Cawdor mit dem sch\u00f6nen ummauerten Garten. \u00dcbernachtung im Raum Inverness.<\/p>\n<p><a href=\"https:\/\/www.urlaubcornwall.de\/blog\/wp-content\/uploads\/2016\/01\/inverness-schloss.jpg\"><img loading=\"lazy\" class=\"aligncenter size-full wp-image-22293\" src=\"https:\/\/www.urlaubcornwall.de\/blog\/wp-content\/uploads\/2016\/01\/inverness-schloss.jpg\" alt=\"inverness_schloss_rundreise\" width=\"748\" height=\"372\"\/><\/a><\/p>\n<p><strong>4. Tag: Inverness \u2013 Oban (ca. 170km)<\/strong><\/p>\n<p>Von Inverness aus geht es in s\u00fcdlicher Richtung weiter entlang des Loch Ness. Sehenswert auf dieser Route sind: Loch Ness Exhibition Center, das strategisch g\u00fcnstig gelegene Urquhart Castle (auch f\u00fcr Nessie-Forscher!), der h\u00fcbsche Ort Fort Augustus mit den sechs Schleusen und weiter s\u00fcdlich Loch Lochy. Fort William liegt am Fu\u00dfe des h\u00f6chsten Berges von Gro\u00dfbritannien, dem 1344m hohen Ben Nevis. Sie fahren noch weiter Richtung S\u00fcden, \u00fcber Loch Linnhe, Ballachulish bis nach Oban. 2 \u00dcbernachtungen im Raum Oban.<\/p>\n<p><strong>5. Tag: Oban<\/strong><\/p>\n<p>Freier Tag zur Erkundung der spektakul\u00e4ren Westk\u00fcste. Wie w\u00e4re zum Beispiel eine Fahrt mit der F\u00e4hre auf die Insel Mull? Alternativ k\u00f6nnen Sie den Tag auch in Glen Coe (Tal der Tr\u00e4nen) verbringen oder mit dem ber\u00fchmten Jacobite Steam Train, auch bekannt als Hogwarts Express, von Fort William nach Mallaig und zur\u00fcck fahren. Es gibt zahlreiche M\u00f6glichkeiten! \u00dcbernachtung wie am Vortag.<\/p>\n<p><strong>6. Tag: Trossachs\/Loch Lomond (ca. 120km) <\/strong><\/p>\n<p>Nach dem Fr\u00fchst\u00fcck geht es zun\u00e4chst zum Loch Awe und nach Inveraray, dem wei\u00dfget\u00fcnchten Ort aus dem 18. Jahrhundert. Hier haben Sie die M\u00f6glichkeit das Inverary Castle, Sitz des Herzogs von Argyll, zu besuchen. Anschlie\u00dfend geht es am Loch Fyne entlang: Loch Fyne Austern und Loch Fyne \u201aKippers\u2018 (R\u00e4ucherfisch) gelten in Schottland als Delikatessen. Weiter in Richtung S\u00fcden erreichen Sie dann den Loch Lomond, den gr\u00f6\u00dften und wohl romantischsten aller schottischen Seen. \u00dcbernachtung im Raum Trossachs\/Loch Lomond.<\/p>\n<p><a href=\"https:\/\/www.urlaubcornwall.de\/blog\/wp-content\/uploads\/2015\/10\/edinburgh1.jpg\"><img loading=\"lazy\" class=\"aligncenter size-full wp-image-22293\" src=\"https:\/\/www.urlaubcornwall.de\/blog\/wp-content\/uploads\/2015\/10\/edinburgh1.jpg\" alt=\"urlaub edinburgh\" width=\"748\" height=\"365\"\/><\/a><\/p>\n<p><strong>7. Tag: Trossachs \u2013 Edinburgh (ca. 120km) <\/strong><\/p>\n<p>Zun\u00e4chst Fahrt nach Aviemore, wo die Museumsbahn The Strathspey Railway nach Boat of Garden und zur\u00fcck dampft. Etwa zwanzig Kilometer von Aviemore entfernt, etwas abseits der A9, liegt der Highland Wildlife Park. In diesem Park finden Sie alle in Schottland vorkommenden Tierarten. Falls Sie mehr \u00fcber das damalige Leben im Hochland erfahren wollen, sollte das Highland Folk Museum in Kingussie auf dem Programm stehen. Anschlie\u00dfend umrunden Sie eine Vielzahl fast 1000 Meter hoher Berge bis Sie in Blair Atholl das Blair Castle erreichen. Weiterfahrt in Richtung S\u00fcden. Bevor Sie Edinburgh erreichen, lohnt ein Stopp kurz vor Perth, am geschichtstr\u00e4chtigen Scone Palace. \u00dcbernachtung im Raum Edinburgh<\/p>\n<p><strong>Eingeschlossene Leistungen<\/strong><\/p>\n<p>6 \u00dcbernachtungen in der gew\u00e4hlten Kategorie (Bronze, Silber oder Gold)<\/p>\n<p>t\u00e4gliches Fr\u00fchst\u00fcck<\/p>\n<p>1 Reisef\u00fchrer \u00fcber Schottland (Polyglott)<\/p>\n<p><strong>Nicht eingeschlossene Leistungen:<\/strong><\/p>\n<p>Fl\u00fcge (bieten wir Ihnen gerne passend dazu an)<\/p>\n<p>Mietwagen (bieten wir Ihnen gerne passend an)<\/p>\n<p>Trinkgelder, Benzin, Eintritte<\/p>\n<p>Weitere Mahlzeiten<\/p>\n<p><strong>Termine\/Preise<\/strong><\/p>\n<p>T\u00e4glich m\u00f6glich!<\/p>\n<p><strong>Preise 2025:<\/strong><\/p>\n<p>T\u00e4glich m\u00f6glich vom 01.01. bis 31.12.2025.<\/p>\n<p>Bronze (B&#038;Bs): \u20ac 710,- pro Person im Doppelzimmer | \u20ac 880,- pro Person im Einzelzimmer  (soweit verf\u00fcgbar) |  \u20ac 180,- Kind (0-14 Jahre) im Zustellbett<\/p>\n<p>Silber (3* Hotels):<\/p>\n<p>Januar \u2013 M\u00e4rz \/ November &#038; Dezember: \u20ac 895,- pro Person im Doppelzimmer | \u20ac 1.485,- pro Person im Einzelzimmer<\/p>\n<p>April \u2013 Juni &#038; Oktober: \u20ac 950,- pro Person im Doppelzimmer | \u20ac 1.540,- pro Person im Einzelzimmer<\/p>\n<p>Juli \u2013 September: \u20ac 1.090,- pro Person im Doppelzimmer | \u20ac 1.680,- pro Person im Einzelzimmer<\/p>\n<p>Gold (4* Hotels): <\/p>\n<p>Januar \u2013 M\u00e4rz \/ November &#038; Dezember: \u20ac 1.070,- pro Person im Doppelzimmer | \u20ac 1.670,- pro Person im Einzelzimmer<\/p>\n<p>April \u2013 Juni &#038; Oktober: \u20ac 1.105,- pro Person im Doppelzimmer | \u20ac 1.705,- pro Person im Einzelzimmer<\/p>\n<p>Juli \u2013 September: \u20ac 1.155,- pro Person im Doppelzimmer | \u20ac 1.755,- pro Person im Einzelzimmer<\/p>\n<p>Preis Kind bis 12 Jahre im Zustellbett 50% des Erwachsenpreises<\/p>\n<p style=\"text-align: center;\"><a class=\"tidycta\" href=\"http:\/\/www.urlaubcornwall.de\/anfrage.php?tourcode=EDHDCS\">Anfrage \/ Buchung<\/a><\/p>\n<p style=\"text-align: center;\">UrlaubCornwall haben Touren im Angebot f\u00fcr Individualreisende. Hier finden Sie unsere Auswahl an fantastischen&nbsp;<a href=\"https:\/\/www.urlaubcornwall.de\/blog\/rundreisen-schottland\/\"><span style=\"text-decoration: underline;\">Rundreisen und Touren in Schottland<\/span>. <\/a>Unsere Websitedetails zeigen lediglich eine kleine Auswahl dessen, was wir anbieten k\u00f6nnen. Wir stellen Ihnen gerne ein <a href=\"http:\/\/www.urlaubcornwall.de\/anfrage.php\"><span style=\"text-decoration: underline;\">unverbindliches Angebot<\/span><\/a> mit allen Fl\u00fcgen und Transfers f\u00fcr Ihre Grossbritannien Reise zusammen.<\/p>\n","protected":false},"excerpt":{"rendered":"<p>Highlights: Edinburgh, Scone Palace, Inverness, Loch Ness, Inveraray, Loch Lomond Tourbeschreibung: Landschaftliche H\u00f6hepunkte &#8211; Schottland Mietwagenurlaub vom Spezialisten 7 Tage \/ 6 N\u00e4chte | ab\/bis Edinburgh | t\u00e4glich m\u00f6glich Verbringen Sie sieben abwechslungsreiche Tage w\u00e4hrend dieser Autoreise durch Schottland. Von Edinburgh aus fahren Sie in die Highlands, wo die raue Sch\u00f6nheit der Berge Sie in [&hellip;]<\/p>\n","protected":false},"author":1,"featured_media":0,"parent":0,"menu_order":0,"comment_status":"closed","ping_status":"closed","template":"single-four.php","meta":[],"acf":[],"yoast_head":"<!-- This site is optimized with the Yoast SEO plugin v19.4 - https:\/\/yoast.com\/wordpress\/plugins\/seo\/ -->\n<title>Autoreise Klassisches Schottland \u2013 7 Tage - Urlaub &amp; Reisen<\/title>\n<meta name=\"robots\" content=\"index, follow, max-snippet:-1, max-image-preview:large, max-video-preview:-1\" \/>\n<link rel=\"canonical\" href=\"https:\/\/www.urlaubcornwall.de\/blog\/autoreise-schottland-landschaftliche-hoehepunkte\/\" \/>\n<meta property=\"og:locale\" content=\"en_US\" \/>\n<meta property=\"og:type\" content=\"article\" \/>\n<meta property=\"og:title\" content=\"Autoreise Klassisches Schottland \u2013 7 Tage - Urlaub &amp; Reisen\" \/>\n<meta property=\"og:description\" content=\"Highlights: Edinburgh, Scone Palace, Inverness, Loch Ness, Inveraray, Loch Lomond Tourbeschreibung: Landschaftliche H\u00f6hepunkte &#8211; Schottland Mietwagenurlaub vom Spezialisten 7 Tage \/ 6 N\u00e4chte | ab\/bis Edinburgh | t\u00e4glich m\u00f6glich Verbringen Sie sieben abwechslungsreiche Tage w\u00e4hrend dieser Autoreise durch Schottland. Von Edinburgh aus fahren Sie in die Highlands, wo die raue Sch\u00f6nheit der Berge Sie in [&hellip;]\" \/>\n<meta property=\"og:url\" content=\"https:\/\/www.urlaubcornwall.de\/blog\/autoreise-schottland-landschaftliche-hoehepunkte\/\" \/>\n<meta property=\"og:site_name\" content=\"Urlaub &amp; Reisen\" \/>\n<meta property=\"article:modified_time\" content=\"2024-11-04T10:06:19+00:00\" \/>\n<meta property=\"og:image\" content=\"https:\/\/www.urlaubcornwall.de\/blog\/wp-content\/uploads\/2024\/03\/schottland-seen.jpg\" \/>\n<meta name=\"twitter:card\" content=\"summary\" \/>\n<meta name=\"twitter:label1\" content=\"Est. reading time\" \/>\n\t<meta name=\"twitter:data1\" content=\"5 minutes\" \/>\n<script type=\"application\/ld+json\" class=\"yoast-schema-graph\">{\"@context\":\"https:\/\/schema.org\",\"@graph\":[{\"@type\":\"WebSite\",\"@id\":\"https:\/\/www.urlaubcornwall.de\/blog\/#website\",\"url\":\"https:\/\/www.urlaubcornwall.de\/blog\/\",\"name\":\"Urlaub &amp; Reisen\",\"description\":\"Urlaub, Reisen, Cornwall und S\u00fcdengland: eine perfekte Kombination\",\"potentialAction\":[{\"@type\":\"SearchAction\",\"target\":{\"@type\":\"EntryPoint\",\"urlTemplate\":\"https:\/\/www.urlaubcornwall.de\/blog\/?s={search_term_string}\"},\"query-input\":\"required name=search_term_string\"}],\"inLanguage\":\"en-US\"},{\"@type\":\"WebPage\",\"@id\":\"https:\/\/www.urlaubcornwall.de\/blog\/autoreise-schottland-landschaftliche-hoehepunkte\/\",\"url\":\"https:\/\/www.urlaubcornwall.de\/blog\/autoreise-schottland-landschaftliche-hoehepunkte\/\",\"name\":\"Autoreise Klassisches Schottland \u2013 7 Tage - Urlaub &amp; Reisen\",\"isPartOf\":{\"@id\":\"https:\/\/www.urlaubcornwall.de\/blog\/#website\"},\"datePublished\":\"2015-10-24T11:32:06+00:00\",\"dateModified\":\"2024-11-04T10:06:19+00:00\",\"breadcrumb\":{\"@id\":\"https:\/\/www.urlaubcornwall.de\/blog\/autoreise-schottland-landschaftliche-hoehepunkte\/#breadcrumb\"},\"inLanguage\":\"en-US\",\"potentialAction\":[{\"@type\":\"ReadAction\",\"target\":[\"https:\/\/www.urlaubcornwall.de\/blog\/autoreise-schottland-landschaftliche-hoehepunkte\/\"]}]},{\"@type\":\"BreadcrumbList\",\"@id\":\"https:\/\/www.urlaubcornwall.de\/blog\/autoreise-schottland-landschaftliche-hoehepunkte\/#breadcrumb\",\"itemListElement\":[{\"@type\":\"ListItem\",\"position\":1,\"name\":\"Home\",\"item\":\"https:\/\/www.urlaubcornwall.de\/blog\/\"},{\"@type\":\"ListItem\",\"position\":2,\"name\":\"Autoreise Klassisches Schottland \u2013 7 Tage\"}]}]}<\/script>\n<!-- \/ Yoast SEO plugin. -->","yoast_head_json":{"title":"Autoreise Klassisches Schottland \u2013 7 Tage - Urlaub &amp; Reisen","robots":{"index":"index","follow":"follow","max-snippet":"max-snippet:-1","max-image-preview":"max-image-preview:large","max-video-preview":"max-video-preview:-1"},"canonical":"https:\/\/www.urlaubcornwall.de\/blog\/autoreise-schottland-landschaftliche-hoehepunkte\/","og_locale":"en_US","og_type":"article","og_title":"Autoreise Klassisches Schottland \u2013 7 Tage - Urlaub &amp; Reisen","og_description":"Highlights: Edinburgh, Scone Palace, Inverness, Loch Ness, Inveraray, Loch Lomond Tourbeschreibung: Landschaftliche H\u00f6hepunkte &#8211; Schottland Mietwagenurlaub vom Spezialisten 7 Tage \/ 6 N\u00e4chte | ab\/bis Edinburgh | t\u00e4glich m\u00f6glich Verbringen Sie sieben abwechslungsreiche Tage w\u00e4hrend dieser Autoreise durch Schottland. Von Edinburgh aus fahren Sie in die Highlands, wo die raue Sch\u00f6nheit der Berge Sie in [&hellip;]","og_url":"https:\/\/www.urlaubcornwall.de\/blog\/autoreise-schottland-landschaftliche-hoehepunkte\/","og_site_name":"Urlaub &amp; Reisen","article_modified_time":"2024-11-04T10:06:19+00:00","og_image":[{"url":"https:\/\/www.urlaubcornwall.de\/blog\/wp-content\/uploads\/2024\/03\/schottland-seen.jpg"}],"twitter_card":"summary","twitter_misc":{"Est. reading time":"5 minutes"},"schema":{"@context":"https:\/\/schema.org","@graph":[{"@type":"WebSite","@id":"https:\/\/www.urlaubcornwall.de\/blog\/#website","url":"https:\/\/www.urlaubcornwall.de\/blog\/","name":"Urlaub &amp; Reisen","description":"Urlaub, Reisen, Cornwall und S\u00fcdengland: eine perfekte Kombination","potentialAction":[{"@type":"SearchAction","target":{"@type":"EntryPoint","urlTemplate":"https:\/\/www.urlaubcornwall.de\/blog\/?s={search_term_string}"},"query-input":"required name=search_term_string"}],"inLanguage":"en-US"},{"@type":"WebPage","@id":"https:\/\/www.urlaubcornwall.de\/blog\/autoreise-schottland-landschaftliche-hoehepunkte\/","url":"https:\/\/www.urlaubcornwall.de\/blog\/autoreise-schottland-landschaftliche-hoehepunkte\/","name":"Autoreise Klassisches Schottland \u2013 7 Tage - Urlaub &amp; Reisen","isPartOf":{"@id":"https:\/\/www.urlaubcornwall.de\/blog\/#website"},"datePublished":"2015-10-24T11:32:06+00:00","dateModified":"2024-11-04T10:06:19+00:00","breadcrumb":{"@id":"https:\/\/www.urlaubcornwall.de\/blog\/autoreise-schottland-landschaftliche-hoehepunkte\/#breadcrumb"},"inLanguage":"en-US","potentialAction":[{"@type":"ReadAction","target":["https:\/\/www.urlaubcornwall.de\/blog\/autoreise-schottland-landschaftliche-hoehepunkte\/"]}]},{"@type":"BreadcrumbList","@id":"https:\/\/www.urlaubcornwall.de\/blog\/autoreise-schottland-landschaftliche-hoehepunkte\/#breadcrumb","itemListElement":[{"@type":"ListItem","position":1,"name":"Home","item":"https:\/\/www.urlaubcornwall.de\/blog\/"},{"@type":"ListItem","position":2,"name":"Autoreise Klassisches Schottland \u2013 7 Tage"}]}]}},"_links":{"self":[{"href":"https:\/\/www.urlaubcornwall.de\/blog\/wp-json\/wp\/v2\/pages\/21209"}],"collection":[{"href":"https:\/\/www.urlaubcornwall.de\/blog\/wp-json\/wp\/v2\/pages"}],"about":[{"href":"https:\/\/www.urlaubcornwall.de\/blog\/wp-json\/wp\/v2\/types\/page"}],"author":[{"embeddable":true,"href":"https:\/\/www.urlaubcornwall.de\/blog\/wp-json\/wp\/v2\/users\/1"}],"replies":[{"embeddable":true,"href":"https:\/\/www.urlaubcornwall.de\/blog\/wp-json\/wp\/v2\/comments?post=21209"}],"version-history":[{"count":33,"href":"https:\/\/www.urlaubcornwall.de\/blog\/wp-json\/wp\/v2\/pages\/21209\/revisions"}],"predecessor-version":[{"id":51791,"href":"https:\/\/www.urlaubcornwall.de\/blog\/wp-json\/wp\/v2\/pages\/21209\/revisions\/51791"}],"wp:attachment":[{"href":"https:\/\/www.urlaubcornwall.de\/blog\/wp-json\/wp\/v2\/media?parent=21209"}],"curies":[{"name":"wp","href":"https:\/\/api.w.org\/{rel}","templated":true}]}}