{"id":21184,"date":"2015-10-23T16:08:43","date_gmt":"2015-10-23T16:08:43","guid":{"rendered":"https:\/\/www.urlaubcornwall.de\/blog\/?page_id=21184"},"modified":"2024-04-09T12:29:40","modified_gmt":"2024-04-09T12:29:40","slug":"familientour-schottland-mit-kindern-rundreise-schottland","status":"publish","type":"page","link":"https:\/\/www.urlaubcornwall.de\/blog\/familientour-schottland-mit-kindern-rundreise-schottland\/","title":{"rendered":"Familienurlaub Schottland mit Kindern: Rundreise Schottland"},"content":{"rendered":"<p><a href=\"https:\/\/www.urlaubcornwall.de\/blog\/wp-content\/uploads\/2024\/03\/scottish-dancing.jpg\"><img loading=\"lazy\" src=\"https:\/\/www.urlaubcornwall.de\/blog\/wp-content\/uploads\/2024\/03\/scottish-dancing.jpg\" alt=\"scottish dancing\" width=\"750\" height=\"500\" class=\"alignnone size-full wp-image-47840\" srcset=\"https:\/\/www.urlaubcornwall.de\/blog\/wp-content\/uploads\/2024\/03\/scottish-dancing.jpg 750w, https:\/\/www.urlaubcornwall.de\/blog\/wp-content\/uploads\/2024\/03\/scottish-dancing-300x200.jpg 300w\" sizes=\"(max-width: 750px) 100vw, 750px\" \/><\/a><br \/>\n<strong>Highlights: Edinburgh, Fort William, Loch Ness, Highlands<\/strong>\n<\/p><p style=\"text-align: left;\">Erleben Sie Schottland auf dieser achtt\u00e4gigen Familientour mit allen ber\u00fchmten H\u00f6hepunkten wie Edinburgh, die Highlands und nat\u00fcrlich Loch Ness. Diese Schottland mit Kindern Tour ist in zwei Unterkunftsvarianten buchbar. Diese&nbsp;<a href=\"https:\/\/www.urlaubcornwall.de\/blog\/rundreisen-schottland\/\">Autoreise Schottland<\/a>&nbsp;eignet sich besonders f\u00fcr Familien, da Sie nicht st\u00e4ndig umziehen m\u00fcssen.&nbsp;In der Royal Deeside Region, im Raum Inverness sowie im Loch Lomond &amp; Trossachs Nationalpark verbringen Sie je zwei N\u00e4chte. Ihnen bleibt also ausreichend Zeit um Schottland mit all seinen Sehensw\u00fcrdigkeiten, die sowohl Alt als auch Jung begeistern, zu erkunden.<\/p>\n<p style=\"text-align: left;\"><strong>Tourbeschreibun<\/strong><strong>: <\/strong>Schottland mit Kindern<strong> &#8211; <\/strong>8 Tage \/ 7 N\u00e4chte | in drei Unterkunftsvarianten | ab \/ bis Edinburgh<\/p>\n<p style=\"text-align: left;\">Folgende Unterkunftskategorien stehen zur Auswahl:<\/p>\n<p style=\"text-align: left;\">Bronze = Bed &amp; Breakfast Unterk\u00fcnfte und Inns (mit eigenem Bad)<br \/>\nSilber = Mittelklassehotels<br \/>\nGold = gehobenere Unterk\u00fcnfte<\/p>\n<p style=\"text-align: center;\"><a class=\"tidycta\" href=\"http:\/\/www.urlaubcornwall.de\/anfrage.php?tourcode=EEDHDFT\">Anfrage \/ Buchung<\/a><\/p>\n<p><strong>Tourbeschreibung<\/strong><\/p>\n<p><strong>1. Tag: Edinburgh<\/strong><\/p>\n<p>Nachdem Sie am Flughafen angekommen sind, nehmen Sie den Mietwagen an und fahren zun\u00e4chst nach Edinburgh. Sie haben Zeit, die vielen Attraktionen Edinburghs zu erkunden. Erleben Sie die Hauptstadt Schottlands mit ihren faszinierenden Sehensw\u00fcrdigkeiten, wie z.B. der Altstadt aus dem 16. Jahrhundert. Genie\u00dfen Sie bei einem Spaziergang entlang der sch\u00f6nen Royal Mile, die sich zwischen dem Edinburgh Castle und dem Palace of Holyroodhouse erstreckt, die bekannte St. Giles Cathedral, die City Chambers sowie das legend\u00e4re John Knox House. Die Royal Mile ist bekannt f\u00fcr ihre hohen, engen Geb\u00e4ude. Empfehlenswert sind ebenfalls das Museum of Childhood, zentral gelegen in der Royal Mile, mit seiner einzigartigen Spielzeugsammlung und der riesigen Puppenausstellung, sowie der Edinburgh Zoo, der Gr\u00f6\u00dfte seiner Art in Schottland mit vielen exotischen Tieren. Gerade Edinburgh hat sehr viel f\u00fcr Familien mit Kindern zu bieten. \u00dcbernachtung in Edinburgh.<\/p>\n<p><a href=\"https:\/\/www.urlaubcornwall.de\/blog\/wp-content\/uploads\/2015\/09\/edinburgh-schloss.jpg\"><img loading=\"lazy\" class=\"aligncenter size-full wp-image-20095\" src=\"https:\/\/www.urlaubcornwall.de\/blog\/wp-content\/uploads\/2015\/09\/edinburgh-schloss.jpg\" alt=\"edinburgh schloss\" width=\"748\" height=\"386\"\/><\/a><\/p>\n<p><strong>2. Tag: Edinburgh &#8211; Royal Deeside<\/strong><\/p>\n<p>Sie verlassen Edinburgh heute in Richtung Perth. Unterwegs kommen Sie am Glamis Castle vorbei, welches Sie besuchen sollten. \u00dcber Blairgowrie und Braemar geht es \u00fcber Schottlands h\u00f6chstgelegenen Pass weiter. Sie erreichen das sogenannte Royal Deeside, wo Sie zweimal \u00fcbernachten werden.\u00dcbernachtung in der Royal Deeside Region.<\/p>\n<p><strong>3. Tag: Royal Deeside <\/strong><\/p>\n<p>Hier k\u00f6nnen Sie heute verschiedene Ausfl\u00fcge oder Besichtigungen machen. Um ein paar Beispiele zu nennen: der Archaeolink Prehistory Park in Insch oder The Gordon Highlanders Museum in Aberdeen oder Sie unternehmen eine Delfin- und Walbeobachtungsfahrt mit Puffin Cruises. \u00dcbernachtung wie am Vortag.<\/p>\n<p><strong>4. Tag: Royal Deeside &#8211; Inverness<\/strong><\/p>\n<p>Nach dem Fr\u00fchst\u00fcck machen Sie sich auf den Weg \u00fcber die Grampians und Grantown-on-Spey nach Inverness. Hier in der Umgebung gibt es sehr viele Whisky-Destillerien, von denen Sie wenigstens eine besucht haben sollten. Bei Carrbridge k\u00f6nnten Sie dann noch den Landmark Forest Adventure Park besuchen. \u00dcbernachtung im Raum Inverness.<\/p>\n<p><a href=\"https:\/\/www.urlaubcornwall.de\/blog\/wp-content\/uploads\/2015\/09\/14151252_m_1.jpg\"><img loading=\"lazy\" class=\"aligncenter size-full wp-image-20062\" src=\"https:\/\/www.urlaubcornwall.de\/blog\/wp-content\/uploads\/2015\/09\/14151252_m_1.jpg\" alt=\"gruppenreise schottland\" width=\"750\" height=\"320\"\/><\/a><\/p>\n<p><strong>5. Tag: Inverness<\/strong><\/p>\n<p>Heute sollte nat\u00fcrlich ein Besuch des Loch Ness auf dem Plan stehen. Es werden viele Bootsfahrten auf dem See angeboten um &#8220;Nessi&#8221; zu suchen. Einen Besuch wert, ist aber auch das nahegelegene Urquhart Castle. \u00dcbernachtung wie am Vortag.<\/p>\n<p><strong>6. Tag: Inverness &#8211; Trossachs <\/strong><\/p>\n<p>Nach dem Fr\u00fchst\u00fcck wird es Zeit, die Highlands zu verlassen und den S\u00fcden zu erkunden. Sie fahren \u00fcber Pitlochry und den Loch Tay nach Callander, wo Sie unbedingt das Scottish Wool Centre in Aberfoyle besuchen sollten. Hier k\u00f6nnen Sie L\u00e4mmer f\u00fcttern und das Weben der Wolle erlernen. \u00dcbernachtung im Raum Trossach\/Stirling<\/p>\n<p><a href=\"https:\/\/www.urlaubcornwall.de\/blog\/wp-content\/uploads\/2015\/09\/15745280_m_1.jpg\"><img loading=\"lazy\" class=\"aligncenter size-full wp-image-20049\" src=\"https:\/\/www.urlaubcornwall.de\/blog\/wp-content\/uploads\/2015\/09\/15745280_m_1.jpg\" alt=\"busreise Edinburgh\" width=\"748\" height=\"375\"\/><\/a><\/p>\n<p><strong>7. Tag: Trossach\/Loch Lomond <\/strong><\/p>\n<p>Sie haben heute ausreichend Zeit, die Trossachs und Umgebung zu erkunden. Der 1970 er\u00f6ffnete Blair Drummond Safari Park bietet verschiedene Attraktionen f\u00fcr Jung und Alt. Fahren Sie entweder durch die Reservate oder marschieren Sie zu einer der vielen Tierfarmen. Auch ein Besuch der Abenteuerbereiche ist ein Muss. Empfehlenswert ist zudem ein Besuch des beeindruckendsten Schlosses Schottlands, dem Stirling Castle. Mit seiner besonderen Lage direkt am schottischen Bergland wurde es vor allem als Residenz der Monarchen bekannt. Selbst der junge K\u00f6nig James VI von Schottland, sp\u00e4ter K\u00f6nig von England, verfiel dem Reiz dieser grandiosen Landschaft. \u00dcbernachtung wie am Vortag<\/p>\n<p><strong> 8. Tag: Trossachs &#8211; Edinburgh<\/strong><\/p>\n<p>R\u00fcckfahrt nach Edinburgh. Wenn es die Abflugszeit erlaubt, k\u00f6nnen Sie unterwegs noch eine Wanderung im Tal von Glen Coe einlegen. Anschlie\u00dfend fahren Sie zur\u00fcck nach Edinburgh. Am Flughafen geben Sie den Mietwagen ab und fliegen zur\u00fcck nach Hause.<\/p>\n<p>Auf Wunsch buchen wir Ihnen weitere N\u00e4chte im Vorfeld, Anschlussprogramme, Transfers oder Fl\u00fcge gerne dazu. Wir beraten Sie gerne bei Ihrem Familienurlaub Schottland!<\/p>\n<p><strong>Eingeschlossene Leistungen<\/strong><\/p>\n<p>7 N\u00e4chte in der gebuchten Kategorie<\/p>\n<p>1 Kind bis 12 Jahre im Zimmer der Eltern GRATIS inkl. Fr\u00fchst\u00fcck<\/p>\n<p>volles t\u00e4gliches schottisches oder kontinentales Fr\u00fchst\u00fcck<\/p>\n<p>Informationsmaterial \/ Brosch\u00fcre<\/p>\n<p><strong>Nicht eingeschlossene Leistungen:<\/strong><\/p>\n<p>Fl\u00fcge (bieten wir Ihnen gerne passend dazu an)<\/p>\n<p>Mietwagen (bieten wir Ihnen gerne passend an)<\/p>\n<p>Trinkgelder, Benzin, Eintritte<\/p>\n<p><strong>Termine\/Preise<\/strong><\/p>\n<p>T\u00e4glich m\u00f6glich!<\/p>\n<p><strong>Preise f\u00fcr 2024:<\/strong><\/p>\n<p>Auf Anfrage!<\/p>\n<p style=\"text-align: center;\"><a class=\"tidycta\" href=\"http:\/\/www.urlaubcornwall.de\/anfrage.php?tourcode=EEDHDFT\">Anfrage \/ Buchung<\/a><\/p>\n<p>Hier finden Sie eine Auswahl an Ready Made Touren und <a href=\"https:\/\/www.urlaubcornwall.de\/blog\/rundreisen-schottland\/\">Rundreisen Schottland<\/a>.<\/p>\n","protected":false},"excerpt":{"rendered":"<p>Highlights: Edinburgh, Fort William, Loch Ness, Highlands Erleben Sie Schottland auf dieser achtt\u00e4gigen Familientour mit allen ber\u00fchmten H\u00f6hepunkten wie Edinburgh, die Highlands und nat\u00fcrlich Loch Ness. Diese Schottland mit Kindern Tour ist in zwei Unterkunftsvarianten buchbar. Diese&nbsp;Autoreise Schottland&nbsp;eignet sich besonders f\u00fcr Familien, da Sie nicht st\u00e4ndig umziehen m\u00fcssen.&nbsp;In der Royal Deeside Region, im Raum Inverness [&hellip;]<\/p>\n","protected":false},"author":1,"featured_media":0,"parent":0,"menu_order":0,"comment_status":"closed","ping_status":"closed","template":"single-four.php","meta":[],"acf":[],"yoast_head":"<!-- This site is optimized with the Yoast SEO plugin v19.4 - https:\/\/yoast.com\/wordpress\/plugins\/seo\/ -->\n<title>Familienurlaub Schottland mit Kindern: Rundreise Schottland - Urlaub &amp; Reisen<\/title>\n<meta name=\"robots\" content=\"index, follow, max-snippet:-1, max-image-preview:large, max-video-preview:-1\" \/>\n<link rel=\"canonical\" href=\"https:\/\/www.urlaubcornwall.de\/blog\/familientour-schottland-mit-kindern-rundreise-schottland\/\" \/>\n<meta property=\"og:locale\" content=\"en_US\" \/>\n<meta property=\"og:type\" content=\"article\" \/>\n<meta property=\"og:title\" content=\"Familienurlaub Schottland mit Kindern: Rundreise Schottland - Urlaub &amp; Reisen\" \/>\n<meta property=\"og:description\" content=\"Highlights: Edinburgh, Fort William, Loch Ness, Highlands Erleben Sie Schottland auf dieser achtt\u00e4gigen Familientour mit allen ber\u00fchmten H\u00f6hepunkten wie Edinburgh, die Highlands und nat\u00fcrlich Loch Ness. Diese Schottland mit Kindern Tour ist in zwei Unterkunftsvarianten buchbar. Diese&nbsp;Autoreise Schottland&nbsp;eignet sich besonders f\u00fcr Familien, da Sie nicht st\u00e4ndig umziehen m\u00fcssen.&nbsp;In der Royal Deeside Region, im Raum Inverness [&hellip;]\" \/>\n<meta property=\"og:url\" content=\"https:\/\/www.urlaubcornwall.de\/blog\/familientour-schottland-mit-kindern-rundreise-schottland\/\" \/>\n<meta property=\"og:site_name\" content=\"Urlaub &amp; Reisen\" \/>\n<meta property=\"article:modified_time\" content=\"2024-04-09T12:29:40+00:00\" \/>\n<meta property=\"og:image\" content=\"https:\/\/www.urlaubcornwall.de\/blog\/wp-content\/uploads\/2024\/03\/scottish-dancing.jpg\" \/>\n<meta name=\"twitter:card\" content=\"summary\" \/>\n<meta name=\"twitter:label1\" content=\"Est. reading time\" \/>\n\t<meta name=\"twitter:data1\" content=\"5 minutes\" \/>\n<script type=\"application\/ld+json\" class=\"yoast-schema-graph\">{\"@context\":\"https:\/\/schema.org\",\"@graph\":[{\"@type\":\"WebSite\",\"@id\":\"https:\/\/www.urlaubcornwall.de\/blog\/#website\",\"url\":\"https:\/\/www.urlaubcornwall.de\/blog\/\",\"name\":\"Urlaub &amp; Reisen\",\"description\":\"Urlaub, Reisen, Cornwall und S\u00fcdengland: eine perfekte Kombination\",\"potentialAction\":[{\"@type\":\"SearchAction\",\"target\":{\"@type\":\"EntryPoint\",\"urlTemplate\":\"https:\/\/www.urlaubcornwall.de\/blog\/?s={search_term_string}\"},\"query-input\":\"required name=search_term_string\"}],\"inLanguage\":\"en-US\"},{\"@type\":\"WebPage\",\"@id\":\"https:\/\/www.urlaubcornwall.de\/blog\/familientour-schottland-mit-kindern-rundreise-schottland\/\",\"url\":\"https:\/\/www.urlaubcornwall.de\/blog\/familientour-schottland-mit-kindern-rundreise-schottland\/\",\"name\":\"Familienurlaub Schottland mit Kindern: Rundreise Schottland - Urlaub &amp; Reisen\",\"isPartOf\":{\"@id\":\"https:\/\/www.urlaubcornwall.de\/blog\/#website\"},\"datePublished\":\"2015-10-23T16:08:43+00:00\",\"dateModified\":\"2024-04-09T12:29:40+00:00\",\"breadcrumb\":{\"@id\":\"https:\/\/www.urlaubcornwall.de\/blog\/familientour-schottland-mit-kindern-rundreise-schottland\/#breadcrumb\"},\"inLanguage\":\"en-US\",\"potentialAction\":[{\"@type\":\"ReadAction\",\"target\":[\"https:\/\/www.urlaubcornwall.de\/blog\/familientour-schottland-mit-kindern-rundreise-schottland\/\"]}]},{\"@type\":\"BreadcrumbList\",\"@id\":\"https:\/\/www.urlaubcornwall.de\/blog\/familientour-schottland-mit-kindern-rundreise-schottland\/#breadcrumb\",\"itemListElement\":[{\"@type\":\"ListItem\",\"position\":1,\"name\":\"Home\",\"item\":\"https:\/\/www.urlaubcornwall.de\/blog\/\"},{\"@type\":\"ListItem\",\"position\":2,\"name\":\"Familienurlaub Schottland mit Kindern: Rundreise Schottland\"}]}]}<\/script>\n<!-- \/ Yoast SEO plugin. -->","yoast_head_json":{"title":"Familienurlaub Schottland mit Kindern: Rundreise Schottland - Urlaub &amp; Reisen","robots":{"index":"index","follow":"follow","max-snippet":"max-snippet:-1","max-image-preview":"max-image-preview:large","max-video-preview":"max-video-preview:-1"},"canonical":"https:\/\/www.urlaubcornwall.de\/blog\/familientour-schottland-mit-kindern-rundreise-schottland\/","og_locale":"en_US","og_type":"article","og_title":"Familienurlaub Schottland mit Kindern: Rundreise Schottland - Urlaub &amp; Reisen","og_description":"Highlights: Edinburgh, Fort William, Loch Ness, Highlands Erleben Sie Schottland auf dieser achtt\u00e4gigen Familientour mit allen ber\u00fchmten H\u00f6hepunkten wie Edinburgh, die Highlands und nat\u00fcrlich Loch Ness. Diese Schottland mit Kindern Tour ist in zwei Unterkunftsvarianten buchbar. Diese&nbsp;Autoreise Schottland&nbsp;eignet sich besonders f\u00fcr Familien, da Sie nicht st\u00e4ndig umziehen m\u00fcssen.&nbsp;In der Royal Deeside Region, im Raum Inverness [&hellip;]","og_url":"https:\/\/www.urlaubcornwall.de\/blog\/familientour-schottland-mit-kindern-rundreise-schottland\/","og_site_name":"Urlaub &amp; Reisen","article_modified_time":"2024-04-09T12:29:40+00:00","og_image":[{"url":"https:\/\/www.urlaubcornwall.de\/blog\/wp-content\/uploads\/2024\/03\/scottish-dancing.jpg"}],"twitter_card":"summary","twitter_misc":{"Est. reading time":"5 minutes"},"schema":{"@context":"https:\/\/schema.org","@graph":[{"@type":"WebSite","@id":"https:\/\/www.urlaubcornwall.de\/blog\/#website","url":"https:\/\/www.urlaubcornwall.de\/blog\/","name":"Urlaub &amp; Reisen","description":"Urlaub, Reisen, Cornwall und S\u00fcdengland: eine perfekte Kombination","potentialAction":[{"@type":"SearchAction","target":{"@type":"EntryPoint","urlTemplate":"https:\/\/www.urlaubcornwall.de\/blog\/?s={search_term_string}"},"query-input":"required name=search_term_string"}],"inLanguage":"en-US"},{"@type":"WebPage","@id":"https:\/\/www.urlaubcornwall.de\/blog\/familientour-schottland-mit-kindern-rundreise-schottland\/","url":"https:\/\/www.urlaubcornwall.de\/blog\/familientour-schottland-mit-kindern-rundreise-schottland\/","name":"Familienurlaub Schottland mit Kindern: Rundreise Schottland - Urlaub &amp; Reisen","isPartOf":{"@id":"https:\/\/www.urlaubcornwall.de\/blog\/#website"},"datePublished":"2015-10-23T16:08:43+00:00","dateModified":"2024-04-09T12:29:40+00:00","breadcrumb":{"@id":"https:\/\/www.urlaubcornwall.de\/blog\/familientour-schottland-mit-kindern-rundreise-schottland\/#breadcrumb"},"inLanguage":"en-US","potentialAction":[{"@type":"ReadAction","target":["https:\/\/www.urlaubcornwall.de\/blog\/familientour-schottland-mit-kindern-rundreise-schottland\/"]}]},{"@type":"BreadcrumbList","@id":"https:\/\/www.urlaubcornwall.de\/blog\/familientour-schottland-mit-kindern-rundreise-schottland\/#breadcrumb","itemListElement":[{"@type":"ListItem","position":1,"name":"Home","item":"https:\/\/www.urlaubcornwall.de\/blog\/"},{"@type":"ListItem","position":2,"name":"Familienurlaub Schottland mit Kindern: Rundreise Schottland"}]}]}},"_links":{"self":[{"href":"https:\/\/www.urlaubcornwall.de\/blog\/wp-json\/wp\/v2\/pages\/21184"}],"collection":[{"href":"https:\/\/www.urlaubcornwall.de\/blog\/wp-json\/wp\/v2\/pages"}],"about":[{"href":"https:\/\/www.urlaubcornwall.de\/blog\/wp-json\/wp\/v2\/types\/page"}],"author":[{"embeddable":true,"href":"https:\/\/www.urlaubcornwall.de\/blog\/wp-json\/wp\/v2\/users\/1"}],"replies":[{"embeddable":true,"href":"https:\/\/www.urlaubcornwall.de\/blog\/wp-json\/wp\/v2\/comments?post=21184"}],"version-history":[{"count":36,"href":"https:\/\/www.urlaubcornwall.de\/blog\/wp-json\/wp\/v2\/pages\/21184\/revisions"}],"predecessor-version":[{"id":49158,"href":"https:\/\/www.urlaubcornwall.de\/blog\/wp-json\/wp\/v2\/pages\/21184\/revisions\/49158"}],"wp:attachment":[{"href":"https:\/\/www.urlaubcornwall.de\/blog\/wp-json\/wp\/v2\/media?parent=21184"}],"curies":[{"name":"wp","href":"https:\/\/api.w.org\/{rel}","templated":true}]}}