{"id":21109,"date":"2015-10-22T16:27:51","date_gmt":"2015-10-22T16:27:51","guid":{"rendered":"https:\/\/www.urlaubcornwall.de\/blog\/?page_id=21109"},"modified":"2020-02-11T12:07:13","modified_gmt":"2020-02-11T12:07:13","slug":"autoreise-cornwall-eindrucksvolles-devon-cornwall-6-tage","status":"publish","type":"page","link":"https:\/\/www.urlaubcornwall.de\/blog\/autoreise-cornwall-eindrucksvolles-devon-cornwall-6-tage\/","title":{"rendered":"Autoreise Cornwall: Eindrucksvolles Devon &#038; Cornwall &#8211; 6 Tage"},"content":{"rendered":"<p><a href=\"https:\/\/www.urlaubcornwall.de\/blog\/wp-content\/uploads\/2015\/10\/urlaub-plymouth.jpg\"><img loading=\"lazy\" class=\"aligncenter size-full wp-image-21111\" src=\"https:\/\/www.urlaubcornwall.de\/blog\/wp-content\/uploads\/2015\/10\/urlaub-plymouth.jpg\" alt=\"urlaub plymouth\" width=\"749\" height=\"390\"\/><\/a><\/p>\n<h2><strong>Highlights: Southampton, Winchester, Plymouth, Bath, Bristol<\/strong><\/h2>\n<p><strong>Tourbeschreibung:<\/strong> <strong>Eindrucksvolles Devon &amp; Cornwall &#8211;<\/strong> 6 Tage \/ 5 N\u00e4chte | t\u00e4glich m\u00f6glich | ab\/bis London<\/p>\n<p>Erleben Sie auf dieser Autoreise Cornwall die eindrucksvolle Sch\u00f6nheit der Regionen Devon und Cornwall im S\u00fcden Englands. In Ihrem eigenen Tempo entdecken Sie bei dieser Autoreise&nbsp;einzigartige Landschaften, romantische Fischerd\u00f6fer, alte Schl\u00f6sser und das Eden Project.<\/p>\n<p><strong>Folgende Unterkunftskategorien stehen zur Auswahl:<\/strong><\/p>\n<p><strong>Bronze<\/strong> = Bed &amp; Breakfast Unterk\u00fcnfte und Inns (mit eigenem Bad)<\/p>\n<p><strong>Silber<\/strong> = Mittelklassehotels<\/p>\n<p style=\"text-align: center;\"><a class=\"tidycta\" href=\"http:\/\/www.urlaubcornwall.de\/anfrage.php?tourcode=Rundreise\">Anfrage \/ Buchung<\/a><\/p>\n<p><strong>Tourbeschreibung<\/strong><\/p>\n<p><strong>1. Tag: Bournemouth\/Southampton<\/strong> &#8211; Ankunft am Flughafen London und Annahme des Mietwagens (\u00fcber uns buchbar). Anschlie\u00dfend beginnen Sie die Autoreise Cornwall mit der Fahrt in Richtung Winchester. Besuchen Sie dort die ber\u00fchmte Winchester Cathedrale, urspr\u00fcnglich eine Benediktiner-Abtei, welche bis heute die normannische Architektur behalten hat. \u00dcbernachtung im Raum Bournemouth\/Southampton<\/p>\n<p><a href=\"https:\/\/www.urlaubcornwall.de\/blog\/wp-content\/uploads\/2015\/10\/Bournemouth_1.jpg\"><img loading=\"lazy\" class=\"aligncenter size-full wp-image-21112\" src=\"https:\/\/www.urlaubcornwall.de\/blog\/wp-content\/uploads\/2015\/10\/Bournemouth_1.jpg\" alt=\"rundreise Bournemouth\" width=\"749\" height=\"308\"\/><\/a><\/p>\n<p><strong>2. Tag: Plymouth\/Exeter<\/strong> &#8211; Nach dem Fr\u00fchst\u00fcck verlassen Sie die Umgebung von Southampton und fahren durch den New Forest Nationalpark und entlang der Dorset K\u00fcste, wo Sie zauberhafte Ausblicke genie\u00dfen k\u00f6nnen. Am Nachmittag geht es durch den Dartmoor Nationalpark, bekannt f\u00fcr die gr\u00f6\u00dften und wildesten Landschaften im s\u00fcdlichen Britannien, nach Plymouth. 3 \u00dcbernachtungen im Raum Plymouth\/Exeter<\/p>\n<p><strong>3. Tag: Plymouth<\/strong> &#8211; Starten Sie den heutigen Tag mit einer Fahrt zur Bay of Penzance. Von dort aus lohnt sich der Besuch des St. Michael&#8217;s Mount. Diese wundersch\u00f6ne Insel in der Michael&#8217; Bay ist ein Wahrzeichen f\u00fcr Cornwall geworden. Weiterfahrt zum westlichsten Punkt Cornwalls &#8211; Land&#8217;s End mit einem Stopp am Minack Theatre. Am Nachmittag empfehlen wir Ihnen einen Halt in dem malerischen Dorf St. Ives und auf dem R\u00fcckweg nach Plymouth lohnt sich der Stopp in einem der zahlreichen Fischerd\u00f6rfer. \u00dcbernachtung wie am Vortag.<\/p>\n<p><a href=\"https:\/\/www.urlaubcornwall.de\/blog\/wp-content\/uploads\/2015\/10\/photo.jpg\"><img loading=\"lazy\" class=\"aligncenter size-full wp-image-21113\" src=\"https:\/\/www.urlaubcornwall.de\/blog\/wp-content\/uploads\/2015\/10\/photo.jpg\" alt=\"\" width=\"749\" height=\"309\"\/><\/a><\/p>\n<p><strong>4. Tag: Plymouth<\/strong> &#8211; Der heutige Tag steht Ihnen f\u00fcr weitere Erkundungen in Cornwall zur freien Verf\u00fcgung. Wir empfehlen Lanhydock House &amp; Gardens, das Eden Project und Tintagel Castle. \u00dcbernachtung wie am Vortag.<\/p>\n<p><strong>5. Tag: Bath\/Bristol<\/strong> &#8211; Sie verlassen Plymouth heute und fahren nach Clovelly, einem zauberhaften Dorf an der Nordk\u00fcste Cornwalls. Weiter geht es durch Exmoor mit einem Besuch des Dunster Castles (nicht im Preis enthalten). Wenn es die Zeit erlaubt, k\u00f6nnen Sie auch noch in Bath halten, um die r\u00f6mischen B\u00e4der zu besichtigen, bevor Sie nach Bristol weiter fahren. \u00dcbernachtung im Raum Bath\/Bristol<\/p>\n<p><a href=\"https:\/\/www.urlaubcornwall.de\/blog\/wp-content\/uploads\/2015\/10\/Bath.jpg\"><img loading=\"lazy\" class=\"aligncenter size-full wp-image-21115\" src=\"https:\/\/www.urlaubcornwall.de\/blog\/wp-content\/uploads\/2015\/10\/Bath.jpg\" alt=\"Bath\" width=\"749\" height=\"304\"\/><\/a><\/p>\n<p><strong>6. Tag: Bristol &#8211; London<\/strong> &#8211; Je nach R\u00fcckflugszeit haben Sie noch die M\u00f6glichkeit das Windsor Castle zu besuchen. Dieses Schloss ist eine offizielle Residenz der Queen, wo Sie z.b. die Osterfeiertage und die meisten Wochenenden verbringt. Sp\u00e4ter Abgabe des Mietwagens am Flughafen London und R\u00fcckflug bzw. Verl\u00e4ngerung in London. Ende der Autorundreise Cornwall<\/p>\n<p><strong>Eingeschlossene Leistungen<\/strong><\/p>\n<p>5 \u00dcbernachtungen laut Reiserverlauf in der gew\u00e4hlten Unterkunftskategorie (Bronze oder Silber)<\/p>\n<p>T\u00e4gliches Fr\u00fchst\u00fcck<\/p>\n<p>1 Reisef\u00fchrer England<\/p>\n<p><strong>Nicht eingeschlossene Leistungen:<\/strong><\/p>\n<p>Fl\u00fcge, F\u00e4hre, Mietwagen (bieten wir Ihnen gerne passend dazu an)<\/p>\n<p>Verl\u00e4ngerung London<\/p>\n<p>Pers\u00f6nliche Ausgaben<\/p>\n<p>Weitere Mahlzeiten<\/p>\n<p>Eintritte, Ausfl\u00fcge<\/p>\n<p>Trinkgelder, Benzin<\/p>\n<h1 style=\"text-align: center;\"><strong>UrlaubCornwall haben Touren im Angebot f\u00fcr Individualreisende. <\/strong><\/h1>\n<p style=\"text-align: center;\">Unsere Websitedetails zeigen lediglich eine kleine Auswahl dessen, was wir anbieten k\u00f6nnen. Wir stellen Ihnen gerne ein <a href=\"http:\/\/www.urlaubcornwall.de\/anfrage.php\">unverbindliches Angebot<\/a> mit allen Fl\u00fcgen und Transfers f\u00fcr Ihre Grossbritannien Reise zusammen.<\/p>\n<p style=\"text-align: center;\">Hier finden Sie unsere Auswahl an fantastischen <a href=\"https:\/\/www.urlaubcornwall.de\/blog\/rundreisen-grossbritannien-und-irland\/\">Rundreisen und Touren in Gro\u00dfbritannien<\/a><strong>.<\/strong><\/p>\n\n","protected":false},"excerpt":{"rendered":"<p>Highlights: Southampton, Winchester, Plymouth, Bath, Bristol Tourbeschreibung: Eindrucksvolles Devon &amp; Cornwall &#8211; 6 Tage \/ 5 N\u00e4chte | t\u00e4glich m\u00f6glich | ab\/bis London Erleben Sie auf dieser Autoreise Cornwall die eindrucksvolle Sch\u00f6nheit der Regionen Devon und Cornwall im S\u00fcden Englands. In Ihrem eigenen Tempo entdecken Sie bei dieser Autoreise&nbsp;einzigartige Landschaften, romantische Fischerd\u00f6fer, alte Schl\u00f6sser und [&hellip;]<\/p>\n","protected":false},"author":1,"featured_media":0,"parent":0,"menu_order":0,"comment_status":"closed","ping_status":"closed","template":"single-four.php","meta":[],"acf":[],"yoast_head":"<!-- This site is optimized with the Yoast SEO plugin v19.4 - https:\/\/yoast.com\/wordpress\/plugins\/seo\/ -->\n<title>Autoreise Cornwall: Eindrucksvolles Devon &amp; Cornwall - 6 Tage - Urlaub &amp; Reisen<\/title>\n<meta name=\"robots\" content=\"index, follow, max-snippet:-1, max-image-preview:large, max-video-preview:-1\" \/>\n<link rel=\"canonical\" href=\"https:\/\/www.urlaubcornwall.de\/blog\/autoreise-cornwall-eindrucksvolles-devon-cornwall-6-tage\/\" \/>\n<meta property=\"og:locale\" content=\"en_US\" \/>\n<meta property=\"og:type\" content=\"article\" \/>\n<meta property=\"og:title\" content=\"Autoreise Cornwall: Eindrucksvolles Devon &amp; Cornwall - 6 Tage - Urlaub &amp; Reisen\" \/>\n<meta property=\"og:description\" content=\"Highlights: Southampton, Winchester, Plymouth, Bath, Bristol Tourbeschreibung: Eindrucksvolles Devon &amp; Cornwall &#8211; 6 Tage \/ 5 N\u00e4chte | t\u00e4glich m\u00f6glich | ab\/bis London Erleben Sie auf dieser Autoreise Cornwall die eindrucksvolle Sch\u00f6nheit der Regionen Devon und Cornwall im S\u00fcden Englands. In Ihrem eigenen Tempo entdecken Sie bei dieser Autoreise&nbsp;einzigartige Landschaften, romantische Fischerd\u00f6fer, alte Schl\u00f6sser und [&hellip;]\" \/>\n<meta property=\"og:url\" content=\"https:\/\/www.urlaubcornwall.de\/blog\/autoreise-cornwall-eindrucksvolles-devon-cornwall-6-tage\/\" \/>\n<meta property=\"og:site_name\" content=\"Urlaub &amp; Reisen\" \/>\n<meta property=\"article:modified_time\" content=\"2020-02-11T12:07:13+00:00\" \/>\n<meta property=\"og:image\" content=\"https:\/\/www.urlaubcornwall.de\/blog\/wp-content\/uploads\/2015\/10\/urlaub-plymouth.jpg\" \/>\n<meta name=\"twitter:card\" content=\"summary\" \/>\n<meta name=\"twitter:label1\" content=\"Est. reading time\" \/>\n\t<meta name=\"twitter:data1\" content=\"3 minutes\" \/>\n<script type=\"application\/ld+json\" class=\"yoast-schema-graph\">{\"@context\":\"https:\/\/schema.org\",\"@graph\":[{\"@type\":\"WebSite\",\"@id\":\"https:\/\/www.urlaubcornwall.de\/blog\/#website\",\"url\":\"https:\/\/www.urlaubcornwall.de\/blog\/\",\"name\":\"Urlaub &amp; Reisen\",\"description\":\"Urlaub, Reisen, Cornwall und S\u00fcdengland: eine perfekte Kombination\",\"potentialAction\":[{\"@type\":\"SearchAction\",\"target\":{\"@type\":\"EntryPoint\",\"urlTemplate\":\"https:\/\/www.urlaubcornwall.de\/blog\/?s={search_term_string}\"},\"query-input\":\"required name=search_term_string\"}],\"inLanguage\":\"en-US\"},{\"@type\":\"WebPage\",\"@id\":\"https:\/\/www.urlaubcornwall.de\/blog\/autoreise-cornwall-eindrucksvolles-devon-cornwall-6-tage\/\",\"url\":\"https:\/\/www.urlaubcornwall.de\/blog\/autoreise-cornwall-eindrucksvolles-devon-cornwall-6-tage\/\",\"name\":\"Autoreise Cornwall: Eindrucksvolles Devon & Cornwall - 6 Tage - Urlaub &amp; Reisen\",\"isPartOf\":{\"@id\":\"https:\/\/www.urlaubcornwall.de\/blog\/#website\"},\"datePublished\":\"2015-10-22T16:27:51+00:00\",\"dateModified\":\"2020-02-11T12:07:13+00:00\",\"breadcrumb\":{\"@id\":\"https:\/\/www.urlaubcornwall.de\/blog\/autoreise-cornwall-eindrucksvolles-devon-cornwall-6-tage\/#breadcrumb\"},\"inLanguage\":\"en-US\",\"potentialAction\":[{\"@type\":\"ReadAction\",\"target\":[\"https:\/\/www.urlaubcornwall.de\/blog\/autoreise-cornwall-eindrucksvolles-devon-cornwall-6-tage\/\"]}]},{\"@type\":\"BreadcrumbList\",\"@id\":\"https:\/\/www.urlaubcornwall.de\/blog\/autoreise-cornwall-eindrucksvolles-devon-cornwall-6-tage\/#breadcrumb\",\"itemListElement\":[{\"@type\":\"ListItem\",\"position\":1,\"name\":\"Home\",\"item\":\"https:\/\/www.urlaubcornwall.de\/blog\/\"},{\"@type\":\"ListItem\",\"position\":2,\"name\":\"Autoreise Cornwall: Eindrucksvolles Devon &#038; Cornwall &#8211; 6 Tage\"}]}]}<\/script>\n<!-- \/ Yoast SEO plugin. -->","yoast_head_json":{"title":"Autoreise Cornwall: Eindrucksvolles Devon & Cornwall - 6 Tage - Urlaub &amp; Reisen","robots":{"index":"index","follow":"follow","max-snippet":"max-snippet:-1","max-image-preview":"max-image-preview:large","max-video-preview":"max-video-preview:-1"},"canonical":"https:\/\/www.urlaubcornwall.de\/blog\/autoreise-cornwall-eindrucksvolles-devon-cornwall-6-tage\/","og_locale":"en_US","og_type":"article","og_title":"Autoreise Cornwall: Eindrucksvolles Devon & Cornwall - 6 Tage - Urlaub &amp; Reisen","og_description":"Highlights: Southampton, Winchester, Plymouth, Bath, Bristol Tourbeschreibung: Eindrucksvolles Devon &amp; Cornwall &#8211; 6 Tage \/ 5 N\u00e4chte | t\u00e4glich m\u00f6glich | ab\/bis London Erleben Sie auf dieser Autoreise Cornwall die eindrucksvolle Sch\u00f6nheit der Regionen Devon und Cornwall im S\u00fcden Englands. In Ihrem eigenen Tempo entdecken Sie bei dieser Autoreise&nbsp;einzigartige Landschaften, romantische Fischerd\u00f6fer, alte Schl\u00f6sser und [&hellip;]","og_url":"https:\/\/www.urlaubcornwall.de\/blog\/autoreise-cornwall-eindrucksvolles-devon-cornwall-6-tage\/","og_site_name":"Urlaub &amp; Reisen","article_modified_time":"2020-02-11T12:07:13+00:00","og_image":[{"url":"https:\/\/www.urlaubcornwall.de\/blog\/wp-content\/uploads\/2015\/10\/urlaub-plymouth.jpg"}],"twitter_card":"summary","twitter_misc":{"Est. reading time":"3 minutes"},"schema":{"@context":"https:\/\/schema.org","@graph":[{"@type":"WebSite","@id":"https:\/\/www.urlaubcornwall.de\/blog\/#website","url":"https:\/\/www.urlaubcornwall.de\/blog\/","name":"Urlaub &amp; Reisen","description":"Urlaub, Reisen, Cornwall und S\u00fcdengland: eine perfekte Kombination","potentialAction":[{"@type":"SearchAction","target":{"@type":"EntryPoint","urlTemplate":"https:\/\/www.urlaubcornwall.de\/blog\/?s={search_term_string}"},"query-input":"required name=search_term_string"}],"inLanguage":"en-US"},{"@type":"WebPage","@id":"https:\/\/www.urlaubcornwall.de\/blog\/autoreise-cornwall-eindrucksvolles-devon-cornwall-6-tage\/","url":"https:\/\/www.urlaubcornwall.de\/blog\/autoreise-cornwall-eindrucksvolles-devon-cornwall-6-tage\/","name":"Autoreise Cornwall: Eindrucksvolles Devon & Cornwall - 6 Tage - Urlaub &amp; Reisen","isPartOf":{"@id":"https:\/\/www.urlaubcornwall.de\/blog\/#website"},"datePublished":"2015-10-22T16:27:51+00:00","dateModified":"2020-02-11T12:07:13+00:00","breadcrumb":{"@id":"https:\/\/www.urlaubcornwall.de\/blog\/autoreise-cornwall-eindrucksvolles-devon-cornwall-6-tage\/#breadcrumb"},"inLanguage":"en-US","potentialAction":[{"@type":"ReadAction","target":["https:\/\/www.urlaubcornwall.de\/blog\/autoreise-cornwall-eindrucksvolles-devon-cornwall-6-tage\/"]}]},{"@type":"BreadcrumbList","@id":"https:\/\/www.urlaubcornwall.de\/blog\/autoreise-cornwall-eindrucksvolles-devon-cornwall-6-tage\/#breadcrumb","itemListElement":[{"@type":"ListItem","position":1,"name":"Home","item":"https:\/\/www.urlaubcornwall.de\/blog\/"},{"@type":"ListItem","position":2,"name":"Autoreise Cornwall: Eindrucksvolles Devon &#038; Cornwall &#8211; 6 Tage"}]}]}},"_links":{"self":[{"href":"https:\/\/www.urlaubcornwall.de\/blog\/wp-json\/wp\/v2\/pages\/21109"}],"collection":[{"href":"https:\/\/www.urlaubcornwall.de\/blog\/wp-json\/wp\/v2\/pages"}],"about":[{"href":"https:\/\/www.urlaubcornwall.de\/blog\/wp-json\/wp\/v2\/types\/page"}],"author":[{"embeddable":true,"href":"https:\/\/www.urlaubcornwall.de\/blog\/wp-json\/wp\/v2\/users\/1"}],"replies":[{"embeddable":true,"href":"https:\/\/www.urlaubcornwall.de\/blog\/wp-json\/wp\/v2\/comments?post=21109"}],"version-history":[{"count":24,"href":"https:\/\/www.urlaubcornwall.de\/blog\/wp-json\/wp\/v2\/pages\/21109\/revisions"}],"predecessor-version":[{"id":39442,"href":"https:\/\/www.urlaubcornwall.de\/blog\/wp-json\/wp\/v2\/pages\/21109\/revisions\/39442"}],"wp:attachment":[{"href":"https:\/\/www.urlaubcornwall.de\/blog\/wp-json\/wp\/v2\/media?parent=21109"}],"curies":[{"name":"wp","href":"https:\/\/api.w.org\/{rel}","templated":true}]}}