{"id":20990,"date":"2015-10-20T16:37:00","date_gmt":"2015-10-20T16:37:00","guid":{"rendered":"https:\/\/www.urlaubcornwall.de\/blog\/?page_id=20990"},"modified":"2024-05-29T10:51:56","modified_gmt":"2024-05-29T10:51:56","slug":"suedengland-fuer-familien-rundreise-england-8-tage","status":"publish","type":"page","link":"https:\/\/www.urlaubcornwall.de\/blog\/suedengland-fuer-familien-rundreise-england-8-tage\/","title":{"rendered":"S\u00fcdengland f\u00fcr Familien: Rundreise England 8 Tage"},"content":{"rendered":"<p><a href=\"https:\/\/www.urlaubcornwall.de\/blog\/wp-content\/uploads\/2020\/11\/bosham_hafen_sussex.jpg\"><img loading=\"lazy\" src=\"https:\/\/www.urlaubcornwall.de\/blog\/wp-content\/uploads\/2020\/11\/bosham_hafen_sussex.jpg\" alt=\"bosham_hafen_sussex\" width=\"748\" height=\"499\" class=\"alignnone size-full wp-image-41220\" srcset=\"https:\/\/www.urlaubcornwall.de\/blog\/wp-content\/uploads\/2020\/11\/bosham_hafen_sussex.jpg 748w, https:\/\/www.urlaubcornwall.de\/blog\/wp-content\/uploads\/2020\/11\/bosham_hafen_sussex-300x200.jpg 300w\" sizes=\"(max-width: 748px) 100vw, 748px\" \/><\/a><\/p>\n<p><strong>Highlights: Canterbury, Southampton, Brighton, Stonehenge, Maidenhead, Windsor<\/strong><\/p>\n<p>Sie wollen mit Ihren Kindern eine Familienreise S\u00fcdengland unternehmen und suchen noch das passende Angebot? Dann ist diese Autotour S\u00fcdengland f\u00fcr Familien genau das Richtige. Bei dieser Selbstfahrertour k\u00f6nnen Sie nicht nur faszinierende Sehensw\u00fcrdigkeiten wie Stonehenge, das Windsor Castle und London bestaunen, sondern auch mit Ihren Kindern Freizeitparks (Chessington World of Adventure Park &amp; Legoland Windsor) besuchen.<\/p>\n<p>8 Tage \/ 7 N\u00e4chte | ab\/bis London oder Dover | T\u00e4glich m\u00f6glich | 2 Kinder bis 12 Jahre im Zimmer der Eltern gratis!<\/p>\n<p style=\"text-align: center;\"><a class=\"tidycta\" href=\"http:\/\/www.urlaubcornwall.de\/anfrage.php?tourcode=ENGSELBST-14\">Anfrage \/ Buchung<\/a><\/p>\n<p><strong>Tourbeschreibung<\/strong><\/p>\n<p><strong>1. Tag: Anreise nach Ashford (Dover Umgebung)<\/strong> &#8211; Anreise in Eigenregie. Gerne bieten wir Ihnen Fl\u00fcge nach London oder die F\u00e4hr\u00fcberfahrt von Calais nach Dover an. Nach Ankunft fahren Sie nach Ashford, wo Ihnen der restliche Tag zur freien Verf\u00fcgung steht.<br \/>\n\u00dcbernachtung im Holiday Inn Ashford Hotel oder \u00e4hnliches.<\/p>\n<p><strong>2. Tag: Ashford<\/strong> &#8211; Auf dem heutigen Programm Ihrer Familienreise S\u00fcdengland steht die Fahrt in die historische Stadt Canterbury. Sehen Sie die weltber\u00fchmte Kathedrale und schlendern Sie durch die Gassen der Universit\u00e4tsstadt, die am Fluss Stour in der Grafschaft Kent liegt. \u00dcbernachtung wie am Vortag.<\/p>\n<p><a href=\"https:\/\/www.urlaubcornwall.de\/blog\/wp-content\/uploads\/2024\/03\/pavillion-brighton.jpg\"><img loading=\"lazy\" src=\"https:\/\/www.urlaubcornwall.de\/blog\/wp-content\/uploads\/2024\/03\/pavillion-brighton.jpg\" alt=\"pavillion brighton\" width=\"750\" height=\"563\" class=\"alignnone size-full wp-image-48029\" srcset=\"https:\/\/www.urlaubcornwall.de\/blog\/wp-content\/uploads\/2024\/03\/pavillion-brighton.jpg 750w, https:\/\/www.urlaubcornwall.de\/blog\/wp-content\/uploads\/2024\/03\/pavillion-brighton-300x225.jpg 300w\" sizes=\"(max-width: 750px) 100vw, 750px\" \/><\/a><\/p>\n<p><strong>3. Tag: Ashford &#8211; Brighton &#8211; Southampton<\/strong> &#8211; Nach dem Fr\u00fchst\u00fcck verlassen Sie die Region Kent und fahren nach Brighton, East Sussex. In dieser Region sollten Sie unbedingt einen der bekannten G\u00e4rten von Ostengland besuchen. Nachdem Sie das gr\u00f6\u00dfte und bekannteste Seebad Englands, <a href=\"https:\/\/www.urlaubcornwall.de\/ferienhaeuser-fewos\/eng\/sussex\/brighton.html\">Brighton<\/a>, besichtigt haben, geht es entlang der K\u00fcste \u00fcber Chichester nach Southampton. \u00dcbernachtung im Holiday Inn Hotel Southampton West oder \u00e4hnliches.<\/p>\n<p><a href=\"https:\/\/www.urlaubcornwall.de\/blog\/wp-content\/uploads\/2024\/03\/stonehenge-1.jpg\"><img loading=\"lazy\" src=\"https:\/\/www.urlaubcornwall.de\/blog\/wp-content\/uploads\/2024\/03\/stonehenge-1.jpg\" alt=\"stonehenge\" width=\"750\" height=\"500\" class=\"alignnone size-full wp-image-48025\" srcset=\"https:\/\/www.urlaubcornwall.de\/blog\/wp-content\/uploads\/2024\/03\/stonehenge-1.jpg 750w, https:\/\/www.urlaubcornwall.de\/blog\/wp-content\/uploads\/2024\/03\/stonehenge-1-300x200.jpg 300w\" sizes=\"(max-width: 750px) 100vw, 750px\" \/><\/a><\/p>\n<p><strong>4. Tag: Southampton<\/strong> &#8211; Heute sollten Sie unbedingt Stonehenge und Salisbury auf Ihrer Familienreise S\u00fcdengland besuchen. \u00dcbernachtung wie am Vortag.<\/p>\n<p><strong>5. Tag: Southampton &#8211; Maidenhead<\/strong> &#8211; Fahrt von Southampton nach Maidenhead, westlich von London gelegen. Entweder Sie besuchen die alte Marktstadt <a href=\"https:\/\/www.urlaubcornwall.de\/blog\/ferienhaeuser-und-ferienwohnungen-in-guildford-surrey\/\">Guildford<\/a> oder verbringen einen Tag im Chessington &#8220;World of Adventure&#8221; Park. In diesem Freizeitpark gibt es viele Aktivit\u00e4ten und Sehensw\u00fcrdigkeiten f\u00fcr Jung und Alt. \u00dcbernachtung im Holiday Inn Maidenhead oder \u00e4hnliches.<\/p>\n<p><strong>6. Tag: Maidenhead<\/strong> &#8211; Besuchen Sie heute die Hauptstadt Englands. Wir empfehlen eine Hop on\/off Stadtrundfahrt (exkl.), um London auf eigene Faust zu entdecken. Am Nachmittag R\u00fcckfahrt nach Maidenhead. \u00dcbernachtung im Holiday Inn Maidenhead oder \u00e4hnliches<\/p>\n<p><strong>7. Tag: Maidenhead<\/strong> &#8211; Kurze Fahrt nach Windsor. In Windsor befindet sich das Windsor Castle, eine der offiziellen Residenzen der britischen K\u00f6nigsfamilie. Eine weitere Sehensw\u00fcrdigkeiten ist das Frogmore House, eine ehemalige Residenz. In Windsor befindet sich ebenfalls der Legoland Freizeitpark, der vor wenigen Jahren auf dem Gebiet eines fr\u00fcheren Safari-Parks errichtet wurde. \u00dcbernachtung wie am Vortag.<\/p>\n<p><strong>8 Tag: Abreise<\/strong> &#8211; Heute hei\u00dft es Abschied nehmen. Fahrt zur\u00fcck zum Flughafen oder F\u00e4hrhafen und Heimreise in Eigenregie. Ferner k\u00f6nnen wir Ihnen nat\u00fcrlich gerne noch Verl\u00e4ngerungsn\u00e4chte in London anbieten. Ende der Familienreise S\u00fcdengland.<\/p>\n<p>Diese Familienreise S\u00fcdengland k\u00f6nnen Sie gerne verl\u00e4ngern.<\/p>\n<p><strong>Eingeschlossene Leistungen<\/strong><\/p>\n<p>8 \u00dcbernachtungen in der gew\u00e4hlten Unterkunftskategorie<\/p>\n<p>T\u00e4gliches Fr\u00fchst\u00fcck<\/p>\n<p>1 Reisef\u00fchrer England<\/p>\n<p><strong>Nicht eingeschlossene Leistungen:<\/strong><\/p>\n<p>Fl\u00fcge, Mietwagen, F\u00e4hre (bieten wir Ihnen gerne passend dazu an)<\/p>\n<p>Verl\u00e4ngerung London<\/p>\n<p>Pers\u00f6nliche Ausgaben<\/p>\n<p>Weitere Mahlzeiten<\/p>\n<p>Eintritte, Ausfl\u00fcge<\/p>\n<p>Trinkgelder, Benzin<\/p>\n<p style=\"text-align: center;\"><a class=\"tidycta\" href=\"http:\/\/www.urlaubcornwall.de\/anfrage.php?tourcode=ENGSELBST-14\">Anfrage \/ Buchung<\/a><\/p>\n<p style=\"text-align: center;\">Unsere Websitedetails zeigen lediglich eine kleine Auswahl dessen, was wir anbieten k\u00f6nnen. Wir stellen Ihnen gerne ein <a href=\"http:\/\/www.urlaubcornwall.de\/anfrage.php\"><span style=\"text-decoration: underline;\">unverbindliches Angebot<\/span><\/a> mit allen Fl\u00fcgen und Transfers f\u00fcr Ihre Grossbritannien Reise zusammen.<\/p>\n<p style=\"text-align: center;\">UrlaubCornwall haben Touren im Angebot f\u00fcr Individualreisende. Hier finden Sie unsere Auswahl an fantastischen <span style=\"text-decoration: underline;\"><a href=\"https:\/\/www.urlaubcornwall.de\/blog\/rundreise-durch-cornwall-and-suedenengland-2013\/\">Rundreisen und Touren in S\u00fcdengland<\/a><\/span><strong><\/strong><strong>.<\/strong><\/p>\n","protected":false},"excerpt":{"rendered":"<p>Highlights: Canterbury, Southampton, Brighton, Stonehenge, Maidenhead, Windsor Sie wollen mit Ihren Kindern eine Familienreise S\u00fcdengland unternehmen und suchen noch das passende Angebot? Dann ist diese Autotour S\u00fcdengland f\u00fcr Familien genau das Richtige. Bei dieser Selbstfahrertour k\u00f6nnen Sie nicht nur faszinierende Sehensw\u00fcrdigkeiten wie Stonehenge, das Windsor Castle und London bestaunen, sondern auch mit Ihren Kindern Freizeitparks [&hellip;]<\/p>\n","protected":false},"author":1,"featured_media":0,"parent":0,"menu_order":0,"comment_status":"closed","ping_status":"closed","template":"single-four.php","meta":[],"acf":[],"yoast_head":"<!-- This site is optimized with the Yoast SEO plugin v19.4 - https:\/\/yoast.com\/wordpress\/plugins\/seo\/ -->\n<title>S\u00fcdengland f\u00fcr Familien: Rundreise England 8 Tage - Urlaub &amp; Reisen<\/title>\n<meta name=\"robots\" content=\"index, follow, max-snippet:-1, max-image-preview:large, max-video-preview:-1\" \/>\n<link rel=\"canonical\" href=\"https:\/\/www.urlaubcornwall.de\/blog\/suedengland-fuer-familien-rundreise-england-8-tage\/\" \/>\n<meta property=\"og:locale\" content=\"en_US\" \/>\n<meta property=\"og:type\" content=\"article\" \/>\n<meta property=\"og:title\" content=\"S\u00fcdengland f\u00fcr Familien: Rundreise England 8 Tage - Urlaub &amp; Reisen\" \/>\n<meta property=\"og:description\" content=\"Highlights: Canterbury, Southampton, Brighton, Stonehenge, Maidenhead, Windsor Sie wollen mit Ihren Kindern eine Familienreise S\u00fcdengland unternehmen und suchen noch das passende Angebot? Dann ist diese Autotour S\u00fcdengland f\u00fcr Familien genau das Richtige. Bei dieser Selbstfahrertour k\u00f6nnen Sie nicht nur faszinierende Sehensw\u00fcrdigkeiten wie Stonehenge, das Windsor Castle und London bestaunen, sondern auch mit Ihren Kindern Freizeitparks [&hellip;]\" \/>\n<meta property=\"og:url\" content=\"https:\/\/www.urlaubcornwall.de\/blog\/suedengland-fuer-familien-rundreise-england-8-tage\/\" \/>\n<meta property=\"og:site_name\" content=\"Urlaub &amp; Reisen\" \/>\n<meta property=\"article:modified_time\" content=\"2024-05-29T10:51:56+00:00\" \/>\n<meta property=\"og:image\" content=\"https:\/\/www.urlaubcornwall.de\/blog\/wp-content\/uploads\/2020\/11\/bosham_hafen_sussex.jpg\" \/>\n<meta name=\"twitter:card\" content=\"summary\" \/>\n<meta name=\"twitter:label1\" content=\"Est. reading time\" \/>\n\t<meta name=\"twitter:data1\" content=\"4 minutes\" \/>\n<script type=\"application\/ld+json\" class=\"yoast-schema-graph\">{\"@context\":\"https:\/\/schema.org\",\"@graph\":[{\"@type\":\"WebSite\",\"@id\":\"https:\/\/www.urlaubcornwall.de\/blog\/#website\",\"url\":\"https:\/\/www.urlaubcornwall.de\/blog\/\",\"name\":\"Urlaub &amp; Reisen\",\"description\":\"Urlaub, Reisen, Cornwall und S\u00fcdengland: eine perfekte Kombination\",\"potentialAction\":[{\"@type\":\"SearchAction\",\"target\":{\"@type\":\"EntryPoint\",\"urlTemplate\":\"https:\/\/www.urlaubcornwall.de\/blog\/?s={search_term_string}\"},\"query-input\":\"required name=search_term_string\"}],\"inLanguage\":\"en-US\"},{\"@type\":\"WebPage\",\"@id\":\"https:\/\/www.urlaubcornwall.de\/blog\/suedengland-fuer-familien-rundreise-england-8-tage\/\",\"url\":\"https:\/\/www.urlaubcornwall.de\/blog\/suedengland-fuer-familien-rundreise-england-8-tage\/\",\"name\":\"S\u00fcdengland f\u00fcr Familien: Rundreise England 8 Tage - Urlaub &amp; Reisen\",\"isPartOf\":{\"@id\":\"https:\/\/www.urlaubcornwall.de\/blog\/#website\"},\"datePublished\":\"2015-10-20T16:37:00+00:00\",\"dateModified\":\"2024-05-29T10:51:56+00:00\",\"breadcrumb\":{\"@id\":\"https:\/\/www.urlaubcornwall.de\/blog\/suedengland-fuer-familien-rundreise-england-8-tage\/#breadcrumb\"},\"inLanguage\":\"en-US\",\"potentialAction\":[{\"@type\":\"ReadAction\",\"target\":[\"https:\/\/www.urlaubcornwall.de\/blog\/suedengland-fuer-familien-rundreise-england-8-tage\/\"]}]},{\"@type\":\"BreadcrumbList\",\"@id\":\"https:\/\/www.urlaubcornwall.de\/blog\/suedengland-fuer-familien-rundreise-england-8-tage\/#breadcrumb\",\"itemListElement\":[{\"@type\":\"ListItem\",\"position\":1,\"name\":\"Home\",\"item\":\"https:\/\/www.urlaubcornwall.de\/blog\/\"},{\"@type\":\"ListItem\",\"position\":2,\"name\":\"S\u00fcdengland f\u00fcr Familien: Rundreise England 8 Tage\"}]}]}<\/script>\n<!-- \/ Yoast SEO plugin. -->","yoast_head_json":{"title":"S\u00fcdengland f\u00fcr Familien: Rundreise England 8 Tage - Urlaub &amp; Reisen","robots":{"index":"index","follow":"follow","max-snippet":"max-snippet:-1","max-image-preview":"max-image-preview:large","max-video-preview":"max-video-preview:-1"},"canonical":"https:\/\/www.urlaubcornwall.de\/blog\/suedengland-fuer-familien-rundreise-england-8-tage\/","og_locale":"en_US","og_type":"article","og_title":"S\u00fcdengland f\u00fcr Familien: Rundreise England 8 Tage - Urlaub &amp; Reisen","og_description":"Highlights: Canterbury, Southampton, Brighton, Stonehenge, Maidenhead, Windsor Sie wollen mit Ihren Kindern eine Familienreise S\u00fcdengland unternehmen und suchen noch das passende Angebot? Dann ist diese Autotour S\u00fcdengland f\u00fcr Familien genau das Richtige. Bei dieser Selbstfahrertour k\u00f6nnen Sie nicht nur faszinierende Sehensw\u00fcrdigkeiten wie Stonehenge, das Windsor Castle und London bestaunen, sondern auch mit Ihren Kindern Freizeitparks [&hellip;]","og_url":"https:\/\/www.urlaubcornwall.de\/blog\/suedengland-fuer-familien-rundreise-england-8-tage\/","og_site_name":"Urlaub &amp; Reisen","article_modified_time":"2024-05-29T10:51:56+00:00","og_image":[{"url":"https:\/\/www.urlaubcornwall.de\/blog\/wp-content\/uploads\/2020\/11\/bosham_hafen_sussex.jpg"}],"twitter_card":"summary","twitter_misc":{"Est. reading time":"4 minutes"},"schema":{"@context":"https:\/\/schema.org","@graph":[{"@type":"WebSite","@id":"https:\/\/www.urlaubcornwall.de\/blog\/#website","url":"https:\/\/www.urlaubcornwall.de\/blog\/","name":"Urlaub &amp; Reisen","description":"Urlaub, Reisen, Cornwall und S\u00fcdengland: eine perfekte Kombination","potentialAction":[{"@type":"SearchAction","target":{"@type":"EntryPoint","urlTemplate":"https:\/\/www.urlaubcornwall.de\/blog\/?s={search_term_string}"},"query-input":"required name=search_term_string"}],"inLanguage":"en-US"},{"@type":"WebPage","@id":"https:\/\/www.urlaubcornwall.de\/blog\/suedengland-fuer-familien-rundreise-england-8-tage\/","url":"https:\/\/www.urlaubcornwall.de\/blog\/suedengland-fuer-familien-rundreise-england-8-tage\/","name":"S\u00fcdengland f\u00fcr Familien: Rundreise England 8 Tage - Urlaub &amp; Reisen","isPartOf":{"@id":"https:\/\/www.urlaubcornwall.de\/blog\/#website"},"datePublished":"2015-10-20T16:37:00+00:00","dateModified":"2024-05-29T10:51:56+00:00","breadcrumb":{"@id":"https:\/\/www.urlaubcornwall.de\/blog\/suedengland-fuer-familien-rundreise-england-8-tage\/#breadcrumb"},"inLanguage":"en-US","potentialAction":[{"@type":"ReadAction","target":["https:\/\/www.urlaubcornwall.de\/blog\/suedengland-fuer-familien-rundreise-england-8-tage\/"]}]},{"@type":"BreadcrumbList","@id":"https:\/\/www.urlaubcornwall.de\/blog\/suedengland-fuer-familien-rundreise-england-8-tage\/#breadcrumb","itemListElement":[{"@type":"ListItem","position":1,"name":"Home","item":"https:\/\/www.urlaubcornwall.de\/blog\/"},{"@type":"ListItem","position":2,"name":"S\u00fcdengland f\u00fcr Familien: Rundreise England 8 Tage"}]}]}},"_links":{"self":[{"href":"https:\/\/www.urlaubcornwall.de\/blog\/wp-json\/wp\/v2\/pages\/20990"}],"collection":[{"href":"https:\/\/www.urlaubcornwall.de\/blog\/wp-json\/wp\/v2\/pages"}],"about":[{"href":"https:\/\/www.urlaubcornwall.de\/blog\/wp-json\/wp\/v2\/types\/page"}],"author":[{"embeddable":true,"href":"https:\/\/www.urlaubcornwall.de\/blog\/wp-json\/wp\/v2\/users\/1"}],"replies":[{"embeddable":true,"href":"https:\/\/www.urlaubcornwall.de\/blog\/wp-json\/wp\/v2\/comments?post=20990"}],"version-history":[{"count":30,"href":"https:\/\/www.urlaubcornwall.de\/blog\/wp-json\/wp\/v2\/pages\/20990\/revisions"}],"predecessor-version":[{"id":50595,"href":"https:\/\/www.urlaubcornwall.de\/blog\/wp-json\/wp\/v2\/pages\/20990\/revisions\/50595"}],"wp:attachment":[{"href":"https:\/\/www.urlaubcornwall.de\/blog\/wp-json\/wp\/v2\/media?parent=20990"}],"curies":[{"name":"wp","href":"https:\/\/api.w.org\/{rel}","templated":true}]}}