{"id":20981,"date":"2015-10-20T15:37:12","date_gmt":"2015-10-20T15:37:12","guid":{"rendered":"https:\/\/www.urlaubcornwall.de\/blog\/?page_id=20981"},"modified":"2024-05-29T10:52:51","modified_gmt":"2024-05-29T10:52:51","slug":"mietwagenreise-suedewestengland-west-country-kueste-ab-london","status":"publish","type":"page","link":"https:\/\/www.urlaubcornwall.de\/blog\/mietwagenreise-suedewestengland-west-country-kueste-ab-london\/","title":{"rendered":"Pauschalreise S\u00fcdwestengland: Mietwagenreise West Country &#038; K\u00fcste ab London"},"content":{"rendered":"<p><img loading=\"lazy\" class=\"aligncenter size-full wp-image-47815\" src=\"https:\/\/www.urlaubcornwall.de\/blog\/wp-content\/uploads\/2024\/03\/exeter-cathedral.jpg\" alt=\"exeter cathedral\" width=\"750\" height=\"422\" srcset=\"https:\/\/www.urlaubcornwall.de\/blog\/wp-content\/uploads\/2024\/03\/exeter-cathedral.jpg 750w, https:\/\/www.urlaubcornwall.de\/blog\/wp-content\/uploads\/2024\/03\/exeter-cathedral-300x169.jpg 300w\" sizes=\"(max-width: 750px) 100vw, 750px\" \/><\/p>\n<h2 style=\"text-align: center;\"><strong>Highlights: Stonehenge, Winchester, Exeter, Dartmoor, Dartmouth, Glastonbury, Bath<br \/>\n<\/strong><\/h2>\n<p style=\"text-align: center;\">Sehen und erleben Sie auf dieser Mietwagenreise ab London die H\u00f6hepunkte Westenglands in einer achtt\u00e4gigen Selbstfahrertour. Durch das abwechslungsreiche Programm bietet Ihnen diese Reise die M\u00f6glichkeit, einmal hinter die Kulissen dieses sch\u00f6nen Landes zu blicken.<\/p>\n<p style=\"text-align: center;\"><strong>Tourbeschreibung Mietwagenreise England:<\/strong> <strong>West Country &amp; K\u00fcste ab London- <\/strong>8 Tage \/ 7 N\u00e4chte | Selbstfahrerrundreise ab\/bis London | T\u00e4glich m\u00f6glich<\/p>\n<p style=\"text-align: center;\"><strong>Folgende Unterkunftskategorien stehen zur Auswahl:<\/strong><\/p>\n<p style=\"text-align: center;\"><strong>Bronze =<\/strong> Bed &amp; Breakfast Unterk\u00fcnfte und Inns (mit eigenem Bad)<\/p>\n<p style=\"text-align: center;\"><strong>Silber =<\/strong> Mittelklassehotels<\/p>\n<p><strong>Tourbeschreibung<\/strong><\/p>\n<p><strong>1.Tag: Salisbury \/ Southampton \/ Winchester<\/strong><\/p>\n<p>West Country &amp; Coast ab London: Heute \u00fcbernehmen Sie nach der Ankunft am Flughafen in London Ihren Mietwagen (bieten wir Ihnen gerne, wie auch die Fl\u00fcge, an) und beginnen mit der Fahrt nach S\u00fcdwestengland. Auf der Fahrt zu Ihrer ersten Unterkunft erreichen Sie das weltber\u00fchmte Stonehenge; dort bleibt Zeit f\u00fcr eine ausf\u00fchrliche Besichtigung. 2 \u00dcbernachtungen im Raum Salisbury\/Southampton\/Winchester<\/p>\n<p><a href=\"https:\/\/www.urlaubcornwall.de\/blog\/wp-content\/uploads\/2024\/03\/stonehenge-1.jpg\"><img loading=\"lazy\" class=\"aligncenter size-full wp-image-48025\" src=\"https:\/\/www.urlaubcornwall.de\/blog\/wp-content\/uploads\/2024\/03\/stonehenge-1.jpg\" alt=\"stonehenge\" width=\"750\" height=\"500\" srcset=\"https:\/\/www.urlaubcornwall.de\/blog\/wp-content\/uploads\/2024\/03\/stonehenge-1.jpg 750w, https:\/\/www.urlaubcornwall.de\/blog\/wp-content\/uploads\/2024\/03\/stonehenge-1-300x200.jpg 300w\" sizes=\"(max-width: 750px) 100vw, 750px\" \/><\/a><\/p>\n<p><strong>2. Tag: Salisbury \/ Southampton \/ Winchester<\/strong><\/p>\n<p>Verbringen Sie heute Vormittag einige Zeit im historischen Winchester um dort unter anderem die Kathedrale und die Winchester City Mill aus dem Jahre 1744 zu bewundern. Weiter geht die Fahrt in die herrliche Stadt Salisbury. Besuchen Sie die Kathedrale, welche im Jahre 1220 erbaut wurde und das elegante Mompesson House. Danach f\u00fchrt Ihre Tour Sie durch einige sehr h\u00fcbsche D\u00f6rfer zu Englands feinsten G\u00e4rten in Stourhead. \u00dcbernachtung wie am Vortag.<\/p>\n<p><strong>3. Tag: Exeter \/ Torquay<\/strong><\/p>\n<p>Die Reise f\u00fchrt Sie weiter Richtung K\u00fcste. Sie beginnen Ihren Tag mit dem Besuch der Exbury Gardens &amp; Steam Railway. Es ist ein Anwesen der ber\u00fchmten Rothschild-Familie und bietet mit seinen Rhododendren und Azaleen einen friedlichen und romantischen Start in Ihren heutigen Tag. Sie fahren weiter westw\u00e4rts und besuchen Thomas Hardy\u2019s Cottage in der N\u00e4he von Dorchester, dem Geburtshaus des ber\u00fchmten Schriftstellers. Anschlie\u00dfend geht es weiter nach Exeter, wo Sie bestimmt noch die Zeit finden werden, das Powderham Castle aus dem Jahre 1391 zu besichtigen. 3 \u00dcbernachtungen im Raum Exeter\/Torquay<\/p>\n<p><a href=\"https:\/\/www.urlaubcornwall.de\/blog\/wp-content\/uploads\/2015\/10\/Torquay-reisen.jpg\"><img loading=\"lazy\" class=\"aligncenter size-full wp-image-20982\" src=\"https:\/\/www.urlaubcornwall.de\/blog\/wp-content\/uploads\/2015\/10\/Torquay-reisen.jpg\" alt=\"Torquay-reisen\" width=\"700\" height=\"328\" srcset=\"https:\/\/www.urlaubcornwall.de\/blog\/wp-content\/uploads\/2015\/10\/Torquay-reisen.jpg 700w, https:\/\/www.urlaubcornwall.de\/blog\/wp-content\/uploads\/2015\/10\/Torquay-reisen-300x141.jpg 300w\" sizes=\"(max-width: 700px) 100vw, 700px\" \/><\/a><\/p>\n<p><strong>4. Tag: Exeter \/ Torquay Umgebung<\/strong><\/p>\n<p>Der Tag beginnt mit einer Rundfahrt durch den Dartmoor Nationalpark. Zun\u00e4chst besichtigen Sie dort das Drogo Castle und fahren anschlie\u00dfend weiter durch die abgelegene Moorlandschaft mit seinen Wildponys, welche zu beiden Seiten der Stra\u00dfe Richtung Buckfast Abbey weiden. Ihr Weg f\u00fchrt Sie von dort weiter entlang der gut erhaltenen Dampflokomotiven-Strecke zu den K\u00fcnstlergemeinden Dartington und Totnes. Ihr n\u00e4chstes Ziel wird der historische Hafen von Dartmouth sein. Sie verbringen dort den Nachmittag mit der Erforschung des Dartmouth Castle. Von dort aus k\u00f6nnen Sie mit der F\u00e4hre via Tor Bay zur\u00fcck nach Exeter fahren. \u00dcbernachtung wie am Vortag.<\/p>\n<p><strong>5.Tag: Exeter \/ Torquay Umgebung<\/strong><\/p>\n<p>Heute Vormittag besichtigen Sie Buckland Abbey, ein Zisterzienserkloster aus dem 13.Jahrhundert, dort lebte einst Sir Francis Drake. Der kr\u00f6nende Abschluss des heutigen Tages wird der Besuch eines noblen Landhauses in Lanhydrock sein, wo Sie sich das ultimative &#8220;19. Jahrhundert-Gef\u00fchl&#8221; vermitteln lassen k\u00f6nnen. R\u00fcckfahrt und \u00dcbernachtung wie am Vortag.<\/p>\n<p><a href=\"https:\/\/www.urlaubcornwall.de\/blog\/wp-content\/uploads\/2015\/10\/Glastonbury.jpg\"><img loading=\"lazy\" class=\"aligncenter size-full wp-image-20983\" src=\"https:\/\/www.urlaubcornwall.de\/blog\/wp-content\/uploads\/2015\/10\/Glastonbury.jpg\" alt=\"Glastonbury reisen\" width=\"700\" height=\"352\" srcset=\"https:\/\/www.urlaubcornwall.de\/blog\/wp-content\/uploads\/2015\/10\/Glastonbury.jpg 745w, https:\/\/www.urlaubcornwall.de\/blog\/wp-content\/uploads\/2015\/10\/Glastonbury-300x151.jpg 300w\" sizes=\"(max-width: 700px) 100vw, 700px\" \/><\/a><\/p>\n<p><strong>6. Tag: Bristol\/Bath<\/strong><\/p>\n<p>Glastonbury ist Ihr erster Halt f\u00fcr heute. Hier k\u00f6nnen Sie die \u00dcberreste dieser Abtei aus dem 13. Jahrhundert bewundern, in welcher der Legende nach K\u00f6nig Artur begraben liegt. Danach geht es weiter nach Wells. Hier k\u00f6nnen Sie die ber\u00fchmte Kathedrale oder das mittelalterliche Stadtzentrum besichtigen. Ihre Route f\u00fchrt Sie anschlie\u00dfend durch die atemberaubende Cheddar Schlucht zum spektakul\u00e4ren H\u00f6hlenkomplex von Wookey Hole. 2 \u00dcbernachtungen im Raum Bristol\/Bath<\/p>\n<p><strong>7.Tag: Bristol\/Bath<\/strong><\/p>\n<p>Sie haben den ganzen Tag \u00fcber Zeit, sich Bath anzusehen, eine Stadt die zum Weltkulturerbe der UNESCO erhoben wurde. Nutzen Sie die Gelegenheit und machen Sie eine Stadtrundfahrt um die r\u00f6mischen Thermalb\u00e4der, die gro\u00dfartige Architektur oder das Fashion Museum dieser Stadt zu erkunden. Lassen Sie sich bei einem Bummel durch die Stadt treiben und verzaubern. \u00dcbernachtung wie am Vortag.<\/p>\n<p><strong>8.Tag: Heimreise<\/strong><\/p>\n<p>Am Vormittag genie\u00dfen Sie die weitr\u00e4umige Anlage des Prior Park Landscape Gardens mit gro\u00dfartiger Aussicht auf Bath. Danach fahren Sie zur\u00fcck nach London, wo Sie Ihren Mietwagen abgeben werden. Ende der Mietwagenreise England.<\/p>\n<p><strong>Folgende Unterkunftskategorien stehen zur Auswahl:<\/strong><\/p>\n<p>Bronze = Bed &amp; Breakfast Unterk\u00fcnfte und Inns (mit eigenem Bad)<\/p>\n<p>Silber = Mittelklassehotels<\/p>\n<p><strong>Eingeschlossene Leistungen<\/strong><\/p>\n<p>8 \u00dcbernachtungen in der gew\u00e4hlten Unterkunftskategorie<\/p>\n<p>T\u00e4gliches Fr\u00fchst\u00fcck<\/p>\n<p>1 Reisef\u00fchrer England<\/p>\n<p><strong>Nicht eingeschlossene Leistungen:<\/strong><\/p>\n<p>Fl\u00fcge, Mietwagen, F\u00e4hre (bieten wir Ihnen gerne passend dazu an)<\/p>\n<p>Verl\u00e4ngerung London<\/p>\n<p>Pers\u00f6nliche Ausgaben<\/p>\n<p>Weitere Mahlzeiten<\/p>\n<p>Eintritte, Ausfl\u00fcge<\/p>\n<p>Trinkgelder, Benzin<\/p>\n<p style=\"text-align: center;\"><a class=\"tidycta\" href=\"https:\/\/www.urlaubcornwall.de\/rundreisen\/cornwall-suedengland.php\">Ready Made Routen S\u00fcdengland &gt;&gt;<\/a><\/p>\n<p style=\"text-align: center;\"><img loading=\"lazy\" class=\"aligncenter size-full wp-image-24598\" src=\"https:\/\/www.urlaubcornwall.de\/blog\/wp-content\/uploads\/2016\/06\/urlaub-und-gro\u00dfbritannien_logo_final.jpg\" alt=\"\" width=\"746\" height=\"361\" srcset=\"https:\/\/www.urlaubcornwall.de\/blog\/wp-content\/uploads\/2016\/06\/urlaub-und-gro\u00dfbritannien_logo_final.jpg 746w, https:\/\/www.urlaubcornwall.de\/blog\/wp-content\/uploads\/2016\/06\/urlaub-und-gro\u00dfbritannien_logo_final-300x145.jpg 300w\" sizes=\"(max-width: 746px) 100vw, 746px\" \/><\/p>\n<p style=\"text-align: center;\">Unsere Websitedetails zeigen lediglich eine kleine Auswahl dessen, was wir anbieten k\u00f6nnen. Wir stellen Ihnen gerne ein <a href=\"http:\/\/www.urlaubcornwall.de\/anfrage.php\"><span style=\"text-decoration: underline;\">unverbindliches Angebot<\/span><\/a> mit allen Fl\u00fcgen und Transfers f\u00fcr Ihre Grossbritannien Reise zusammen.<\/p>\n<p style=\"text-align: center;\">UrlaubCornwall haben Touren im Angebot f\u00fcr Individualreisende. Hier finden Sie unsere Auswahl an fantastischen <span style=\"text-decoration: underline;\"><a href=\"https:\/\/www.urlaubcornwall.de\/blog\/rundreise-durch-cornwall-and-suedenengland-2013\/\">Rundreisen und Touren in S\u00fcdwestengland<\/a><\/span><strong><\/strong><strong>.<\/strong><\/p>\n","protected":false},"excerpt":{"rendered":"<p>Highlights: Stonehenge, Winchester, Exeter, Dartmoor, Dartmouth, Glastonbury, Bath Sehen und erleben Sie auf dieser Mietwagenreise ab London die H\u00f6hepunkte Westenglands in einer achtt\u00e4gigen Selbstfahrertour. Durch das abwechslungsreiche Programm bietet Ihnen diese Reise die M\u00f6glichkeit, einmal hinter die Kulissen dieses sch\u00f6nen Landes zu blicken. Tourbeschreibung Mietwagenreise England: West Country &amp; K\u00fcste ab London- 8 Tage \/ [&hellip;]<\/p>\n","protected":false},"author":1,"featured_media":0,"parent":0,"menu_order":0,"comment_status":"closed","ping_status":"closed","template":"single-four.php","meta":[],"acf":[],"yoast_head":"<!-- This site is optimized with the Yoast SEO plugin v19.4 - https:\/\/yoast.com\/wordpress\/plugins\/seo\/ -->\n<title>Pauschalreise S\u00fcdwestengland: Mietwagenreise West Country &amp; K\u00fcste ab London - Urlaub &amp; Reisen<\/title>\n<meta name=\"robots\" content=\"index, follow, max-snippet:-1, max-image-preview:large, max-video-preview:-1\" \/>\n<link rel=\"canonical\" href=\"https:\/\/www.urlaubcornwall.de\/blog\/mietwagenreise-suedewestengland-west-country-kueste-ab-london\/\" \/>\n<meta property=\"og:locale\" content=\"en_US\" \/>\n<meta property=\"og:type\" content=\"article\" \/>\n<meta property=\"og:title\" content=\"Pauschalreise S\u00fcdwestengland: Mietwagenreise West Country &amp; K\u00fcste ab London - Urlaub &amp; Reisen\" \/>\n<meta property=\"og:description\" content=\"Highlights: Stonehenge, Winchester, Exeter, Dartmoor, Dartmouth, Glastonbury, Bath Sehen und erleben Sie auf dieser Mietwagenreise ab London die H\u00f6hepunkte Westenglands in einer achtt\u00e4gigen Selbstfahrertour. Durch das abwechslungsreiche Programm bietet Ihnen diese Reise die M\u00f6glichkeit, einmal hinter die Kulissen dieses sch\u00f6nen Landes zu blicken. Tourbeschreibung Mietwagenreise England: West Country &amp; K\u00fcste ab London- 8 Tage \/ [&hellip;]\" \/>\n<meta property=\"og:url\" content=\"https:\/\/www.urlaubcornwall.de\/blog\/mietwagenreise-suedewestengland-west-country-kueste-ab-london\/\" \/>\n<meta property=\"og:site_name\" content=\"Urlaub &amp; Reisen\" \/>\n<meta property=\"article:modified_time\" content=\"2024-05-29T10:52:51+00:00\" \/>\n<meta property=\"og:image\" content=\"https:\/\/www.urlaubcornwall.de\/blog\/wp-content\/uploads\/2024\/03\/exeter-cathedral.jpg\" \/>\n<meta name=\"twitter:card\" content=\"summary\" \/>\n<meta name=\"twitter:label1\" content=\"Est. reading time\" \/>\n\t<meta name=\"twitter:data1\" content=\"5 minutes\" \/>\n<script type=\"application\/ld+json\" class=\"yoast-schema-graph\">{\"@context\":\"https:\/\/schema.org\",\"@graph\":[{\"@type\":\"WebSite\",\"@id\":\"https:\/\/www.urlaubcornwall.de\/blog\/#website\",\"url\":\"https:\/\/www.urlaubcornwall.de\/blog\/\",\"name\":\"Urlaub &amp; Reisen\",\"description\":\"Urlaub, Reisen, Cornwall und S\u00fcdengland: eine perfekte Kombination\",\"potentialAction\":[{\"@type\":\"SearchAction\",\"target\":{\"@type\":\"EntryPoint\",\"urlTemplate\":\"https:\/\/www.urlaubcornwall.de\/blog\/?s={search_term_string}\"},\"query-input\":\"required name=search_term_string\"}],\"inLanguage\":\"en-US\"},{\"@type\":\"WebPage\",\"@id\":\"https:\/\/www.urlaubcornwall.de\/blog\/mietwagenreise-suedewestengland-west-country-kueste-ab-london\/\",\"url\":\"https:\/\/www.urlaubcornwall.de\/blog\/mietwagenreise-suedewestengland-west-country-kueste-ab-london\/\",\"name\":\"Pauschalreise S\u00fcdwestengland: Mietwagenreise West Country & K\u00fcste ab London - Urlaub &amp; Reisen\",\"isPartOf\":{\"@id\":\"https:\/\/www.urlaubcornwall.de\/blog\/#website\"},\"datePublished\":\"2015-10-20T15:37:12+00:00\",\"dateModified\":\"2024-05-29T10:52:51+00:00\",\"breadcrumb\":{\"@id\":\"https:\/\/www.urlaubcornwall.de\/blog\/mietwagenreise-suedewestengland-west-country-kueste-ab-london\/#breadcrumb\"},\"inLanguage\":\"en-US\",\"potentialAction\":[{\"@type\":\"ReadAction\",\"target\":[\"https:\/\/www.urlaubcornwall.de\/blog\/mietwagenreise-suedewestengland-west-country-kueste-ab-london\/\"]}]},{\"@type\":\"BreadcrumbList\",\"@id\":\"https:\/\/www.urlaubcornwall.de\/blog\/mietwagenreise-suedewestengland-west-country-kueste-ab-london\/#breadcrumb\",\"itemListElement\":[{\"@type\":\"ListItem\",\"position\":1,\"name\":\"Home\",\"item\":\"https:\/\/www.urlaubcornwall.de\/blog\/\"},{\"@type\":\"ListItem\",\"position\":2,\"name\":\"Pauschalreise S\u00fcdwestengland: Mietwagenreise West Country &#038; K\u00fcste ab London\"}]}]}<\/script>\n<!-- \/ Yoast SEO plugin. -->","yoast_head_json":{"title":"Pauschalreise S\u00fcdwestengland: Mietwagenreise West Country & K\u00fcste ab London - Urlaub &amp; Reisen","robots":{"index":"index","follow":"follow","max-snippet":"max-snippet:-1","max-image-preview":"max-image-preview:large","max-video-preview":"max-video-preview:-1"},"canonical":"https:\/\/www.urlaubcornwall.de\/blog\/mietwagenreise-suedewestengland-west-country-kueste-ab-london\/","og_locale":"en_US","og_type":"article","og_title":"Pauschalreise S\u00fcdwestengland: Mietwagenreise West Country & K\u00fcste ab London - Urlaub &amp; Reisen","og_description":"Highlights: Stonehenge, Winchester, Exeter, Dartmoor, Dartmouth, Glastonbury, Bath Sehen und erleben Sie auf dieser Mietwagenreise ab London die H\u00f6hepunkte Westenglands in einer achtt\u00e4gigen Selbstfahrertour. Durch das abwechslungsreiche Programm bietet Ihnen diese Reise die M\u00f6glichkeit, einmal hinter die Kulissen dieses sch\u00f6nen Landes zu blicken. Tourbeschreibung Mietwagenreise England: West Country &amp; K\u00fcste ab London- 8 Tage \/ [&hellip;]","og_url":"https:\/\/www.urlaubcornwall.de\/blog\/mietwagenreise-suedewestengland-west-country-kueste-ab-london\/","og_site_name":"Urlaub &amp; Reisen","article_modified_time":"2024-05-29T10:52:51+00:00","og_image":[{"url":"https:\/\/www.urlaubcornwall.de\/blog\/wp-content\/uploads\/2024\/03\/exeter-cathedral.jpg"}],"twitter_card":"summary","twitter_misc":{"Est. reading time":"5 minutes"},"schema":{"@context":"https:\/\/schema.org","@graph":[{"@type":"WebSite","@id":"https:\/\/www.urlaubcornwall.de\/blog\/#website","url":"https:\/\/www.urlaubcornwall.de\/blog\/","name":"Urlaub &amp; Reisen","description":"Urlaub, Reisen, Cornwall und S\u00fcdengland: eine perfekte Kombination","potentialAction":[{"@type":"SearchAction","target":{"@type":"EntryPoint","urlTemplate":"https:\/\/www.urlaubcornwall.de\/blog\/?s={search_term_string}"},"query-input":"required name=search_term_string"}],"inLanguage":"en-US"},{"@type":"WebPage","@id":"https:\/\/www.urlaubcornwall.de\/blog\/mietwagenreise-suedewestengland-west-country-kueste-ab-london\/","url":"https:\/\/www.urlaubcornwall.de\/blog\/mietwagenreise-suedewestengland-west-country-kueste-ab-london\/","name":"Pauschalreise S\u00fcdwestengland: Mietwagenreise West Country & K\u00fcste ab London - Urlaub &amp; Reisen","isPartOf":{"@id":"https:\/\/www.urlaubcornwall.de\/blog\/#website"},"datePublished":"2015-10-20T15:37:12+00:00","dateModified":"2024-05-29T10:52:51+00:00","breadcrumb":{"@id":"https:\/\/www.urlaubcornwall.de\/blog\/mietwagenreise-suedewestengland-west-country-kueste-ab-london\/#breadcrumb"},"inLanguage":"en-US","potentialAction":[{"@type":"ReadAction","target":["https:\/\/www.urlaubcornwall.de\/blog\/mietwagenreise-suedewestengland-west-country-kueste-ab-london\/"]}]},{"@type":"BreadcrumbList","@id":"https:\/\/www.urlaubcornwall.de\/blog\/mietwagenreise-suedewestengland-west-country-kueste-ab-london\/#breadcrumb","itemListElement":[{"@type":"ListItem","position":1,"name":"Home","item":"https:\/\/www.urlaubcornwall.de\/blog\/"},{"@type":"ListItem","position":2,"name":"Pauschalreise S\u00fcdwestengland: Mietwagenreise West Country &#038; K\u00fcste ab London"}]}]}},"_links":{"self":[{"href":"https:\/\/www.urlaubcornwall.de\/blog\/wp-json\/wp\/v2\/pages\/20981"}],"collection":[{"href":"https:\/\/www.urlaubcornwall.de\/blog\/wp-json\/wp\/v2\/pages"}],"about":[{"href":"https:\/\/www.urlaubcornwall.de\/blog\/wp-json\/wp\/v2\/types\/page"}],"author":[{"embeddable":true,"href":"https:\/\/www.urlaubcornwall.de\/blog\/wp-json\/wp\/v2\/users\/1"}],"replies":[{"embeddable":true,"href":"https:\/\/www.urlaubcornwall.de\/blog\/wp-json\/wp\/v2\/comments?post=20981"}],"version-history":[{"count":26,"href":"https:\/\/www.urlaubcornwall.de\/blog\/wp-json\/wp\/v2\/pages\/20981\/revisions"}],"predecessor-version":[{"id":50596,"href":"https:\/\/www.urlaubcornwall.de\/blog\/wp-json\/wp\/v2\/pages\/20981\/revisions\/50596"}],"wp:attachment":[{"href":"https:\/\/www.urlaubcornwall.de\/blog\/wp-json\/wp\/v2\/media?parent=20981"}],"curies":[{"name":"wp","href":"https:\/\/api.w.org\/{rel}","templated":true}]}}