{"id":20974,"date":"2015-10-20T14:51:14","date_gmt":"2015-10-20T14:51:14","guid":{"rendered":"https:\/\/www.urlaubcornwall.de\/blog\/?page_id=20974"},"modified":"2024-04-09T09:52:26","modified_gmt":"2024-04-09T09:52:26","slug":"rundreisen-grossbritannien-historisches-suedengland","status":"publish","type":"page","link":"https:\/\/www.urlaubcornwall.de\/blog\/rundreisen-grossbritannien-historisches-suedengland\/","title":{"rendered":"Rundreisen Gro\u00dfbritannien- Historisches S\u00fcdengland"},"content":{"rendered":"<p><a href=\"https:\/\/www.urlaubcornwall.de\/blog\/wp-content\/uploads\/2024\/03\/oxford.jpg\"><img loading=\"lazy\" src=\"https:\/\/www.urlaubcornwall.de\/blog\/wp-content\/uploads\/2024\/03\/oxford.jpg\" alt=\"oxford\" width=\"750\" height=\"431\" class=\"alignnone size-full wp-image-47819\" srcset=\"https:\/\/www.urlaubcornwall.de\/blog\/wp-content\/uploads\/2024\/03\/oxford.jpg 750w, https:\/\/www.urlaubcornwall.de\/blog\/wp-content\/uploads\/2024\/03\/oxford-300x172.jpg 300w\" sizes=\"(max-width: 750px) 100vw, 750px\" \/><\/a><\/p>\n<h2>Highlights: Oxford, Warwick, Stratford upon Avon, Cotswolds, Stonehenge, Salisbury<\/h2>\n<p><strong>Tourbeschreibung: <\/strong>Historisches England 5 Tage &#8211; 4 N\u00e4chte | Selbstfahrerrundreise ab\/bis London | T\u00e4glich m\u00f6glich<\/p>\n<p>Entdecken Sie die historischen H\u00f6hepunkte Englands in einer f\u00fcnft\u00e4gigen Selbstfahrertour. Dieses abwechslungsreiche Programm mit all seinen Besuchen verschiedener Sehensw\u00fcrdigkeiten, erm\u00f6glicht es Ihnen, viele unterschiedliche Seiten Englands in Bezug auf seine Geschichte, seine Kultur, die Landschaft und das heutige Leben auf eine spezielle Art kennenzulernen. Selbstverst\u00e4ndlich \u00fcbernehmen wir auch gerne die Mietwagenbuchung f\u00fcr Sie.<\/p>\n<p style=\"text-align: center;\"><a class=\"tidycta\" href=\"http:\/\/www.urlaubcornwall.de\/anfrage.php?tourcode=Historisches S\u00fcdengland\">Anfrage \/ Buchung<\/a><\/p>\n<p><strong>Tourbeschreibung<\/strong><\/p>\n<p><strong>1. Tag: London &#8211; Stratford upon Avon<\/strong><\/p>\n<p>Annahme Ihres Mietwagens am Flughafen und Fahrt in die weltber\u00fchmte Universit\u00e4tsstadt Oxford. Um einen Rundumblick zu bekommen, sollte man die 99 Stufen des Carfax Towers hinaufsteigen und das Panorama genie\u00dfen. Anschlie\u00dfend Weiterfahrt Richtung Blenheim Palace und Warwick. Die Kleinstadt Warwick schm\u00fcckt sich mit Gr\u00fcnanlagen und bietet eine imposante Burganlage, das Warwick Castle. 2 \u00dcbernachtungen im Raum Stratford upon Avon\/Warwick<\/p>\n<p><strong>2. Tag: Stratford upon Avon<\/strong><\/p>\n<p>Der heutige Tag steht Ihnen f\u00fcr Erkundungen zur freien Verf\u00fcgung. Besichtigen Sie Stratford upon Avon, wo die Besitzt\u00fcmer William Shakespeares zu finden sind. Auch ein Ausflug nach Birmingham ist m\u00f6glich. \u00dcbernachtung wie am Vortag.<\/p>\n<p><strong>3. Tag: Stratford upon Avon &#8211; Salisbury<\/strong><\/p>\n<p>Verlassen Sie Stratford upon Avon in Richtung Cotswolds und fahren Sie durch Bilderbuchd\u00f6rfer wie Broadway, Stow on the Wold, Lower Slaughter und Bibury. Der H\u00f6hepunkt des heutigen Tages ist die noch aus der R\u00f6merzeit sehr gut erhaltene Stadt Bath mit den r\u00f6mischen Thermalquellen, seinem Amphittheater und auch der exzellenten Architektur des 18. Jahrhunderts. Sie k\u00f6nnen eine Stadtrundfahrt unternehmen oder Ihre Zeit f\u00fcr ein ausgiebiges Shopping nutzen. Danach geht es weiter zum majest\u00e4tischen Longleat House and Gardens. Schlie\u00dflich rundet ein Besuch von Stonehenge die heutige Etappe ab. 2 \u00dcbernachtungen im Raum Salisbury\/Southampton\/Winchester<\/p>\n<p><img loading=\"lazy\" class=\"aligncenter size-full wp-image-47833\" src=\"https:\/\/www.urlaubcornwall.de\/blog\/wp-content\/uploads\/2024\/03\/salisbury-cathederal.jpg\" alt=\"salisbury cathederal\" width=\"750\" height=\"409\" srcset=\"https:\/\/www.urlaubcornwall.de\/blog\/wp-content\/uploads\/2024\/03\/salisbury-cathederal.jpg 750w, https:\/\/www.urlaubcornwall.de\/blog\/wp-content\/uploads\/2024\/03\/salisbury-cathederal-300x164.jpg 300w\" sizes=\"(max-width: 750px) 100vw, 750px\" \/><\/p>\n<p><strong>4. Tag: Salisbury<\/strong><\/p>\n<p>Heute verbringen Sie zun\u00e4chst einige Zeit in der historischen Stadt Salisbury mit dem Besuch der wunderbaren Kathedrale (mit einem der vier erhaltenen Exemplare der Magna Charta). Der Weg geht weiter zum Wilton House und zum weltber\u00fchmten Garten Stourhead, mit seinen Seen, Tempeln und seltenen B\u00e4umen. \u00dcber den Besuch der Ruinen von Wardour Castle geht es zur\u00fcck Richtung Salisbury. \u00dcbernachtung wie am Vortag.<\/p>\n<p><a href=\"https:\/\/www.urlaubcornwall.de\/blog\/wp-content\/uploads\/2015\/08\/New-Forest-hampshire.jpg\"><img loading=\"lazy\" class=\"aligncenter size-full wp-image-19849\" src=\"https:\/\/www.urlaubcornwall.de\/blog\/wp-content\/uploads\/2015\/08\/New-Forest-hampshire.jpg\" alt=\"New Forest hampshire\" width=\"749\" height=\"353\"\/><\/a><\/p>\n<p><strong>5. Tag: Salisbury &#8211; London<\/strong><\/p>\n<p>Zun\u00e4chst fahren Sie heute ganz gem\u00fctlich in den New Forest National Park, wo Sie am Stra\u00dfenrand vermutlich wilde Ponys erblicken werden. Danach fahren Sie weiter ins historische Winchester mit seiner ber\u00fchmten Kathedrale. Falls Ihre Zeit es noch zul\u00e4sst sollten Sie auf dem R\u00fcckweg unbedingt einen Abstecher zum Hampton Court Palace unternehmen, fast ein Muss. Ankunft in London und Ende der Selbstfahrerrundreise England.<\/p>\n<p style=\"text-align: center;\"><a class=\"tidycta\" href=\"http:\/\/www.urlaubcornwall.de\/anfrage.php?tourcode=Historisches S\u00fcdengland\">Anfrage \/ Buchung<\/a><\/p>\n<p style=\"text-align: center;\">Unsere Websitedetails zeigen lediglich eine kleine Auswahl dessen, was wir anbieten k\u00f6nnen. Wir stellen Ihnen gerne ein <a href=\"http:\/\/www.urlaubcornwall.de\/anfrage.php\"><span style=\"text-decoration: underline;\">unverbindliches Angebot<\/span><\/a> mit allen Fl\u00fcgen und Transfers f\u00fcr Ihre Grossbritannien Reise zusammen.<\/p>\n<p style=\"text-align: center;\">UrlaubCornwall haben Touren im Angebot f\u00fcr Individualreisende. Hier finden Sie unsere Auswahl an fantastischen <span style=\"text-decoration: underline;\"><a href=\"https:\/\/www.urlaubcornwall.de\/blog\/rundreise-durch-cornwall-and-suedenengland-2013\/\">Rundreisen und Touren in S\u00fcdengland<\/a><\/span><strong><\/strong><strong>.<\/strong><\/p>\n<p>p;<\/p>\n","protected":false},"excerpt":{"rendered":"<p>Highlights: Oxford, Warwick, Stratford upon Avon, Cotswolds, Stonehenge, Salisbury Tourbeschreibung: Historisches England 5 Tage &#8211; 4 N\u00e4chte | Selbstfahrerrundreise ab\/bis London | T\u00e4glich m\u00f6glich Entdecken Sie die historischen H\u00f6hepunkte Englands in einer f\u00fcnft\u00e4gigen Selbstfahrertour. Dieses abwechslungsreiche Programm mit all seinen Besuchen verschiedener Sehensw\u00fcrdigkeiten, erm\u00f6glicht es Ihnen, viele unterschiedliche Seiten Englands in Bezug auf seine Geschichte, [&hellip;]<\/p>\n","protected":false},"author":1,"featured_media":0,"parent":0,"menu_order":0,"comment_status":"closed","ping_status":"closed","template":"single-four.php","meta":[],"acf":[],"yoast_head":"<!-- This site is optimized with the Yoast SEO plugin v19.4 - https:\/\/yoast.com\/wordpress\/plugins\/seo\/ -->\n<title>Rundreisen Gro\u00dfbritannien- Historisches S\u00fcdengland - Urlaub &amp; Reisen<\/title>\n<meta name=\"robots\" content=\"index, follow, max-snippet:-1, max-image-preview:large, max-video-preview:-1\" \/>\n<link rel=\"canonical\" href=\"https:\/\/www.urlaubcornwall.de\/blog\/rundreisen-grossbritannien-historisches-suedengland\/\" \/>\n<meta property=\"og:locale\" content=\"en_US\" \/>\n<meta property=\"og:type\" content=\"article\" \/>\n<meta property=\"og:title\" content=\"Rundreisen Gro\u00dfbritannien- Historisches S\u00fcdengland - Urlaub &amp; Reisen\" \/>\n<meta property=\"og:description\" content=\"Highlights: Oxford, Warwick, Stratford upon Avon, Cotswolds, Stonehenge, Salisbury Tourbeschreibung: Historisches England 5 Tage &#8211; 4 N\u00e4chte | Selbstfahrerrundreise ab\/bis London | T\u00e4glich m\u00f6glich Entdecken Sie die historischen H\u00f6hepunkte Englands in einer f\u00fcnft\u00e4gigen Selbstfahrertour. Dieses abwechslungsreiche Programm mit all seinen Besuchen verschiedener Sehensw\u00fcrdigkeiten, erm\u00f6glicht es Ihnen, viele unterschiedliche Seiten Englands in Bezug auf seine Geschichte, [&hellip;]\" \/>\n<meta property=\"og:url\" content=\"https:\/\/www.urlaubcornwall.de\/blog\/rundreisen-grossbritannien-historisches-suedengland\/\" \/>\n<meta property=\"og:site_name\" content=\"Urlaub &amp; Reisen\" \/>\n<meta property=\"article:modified_time\" content=\"2024-04-09T09:52:26+00:00\" \/>\n<meta property=\"og:image\" content=\"https:\/\/www.urlaubcornwall.de\/blog\/wp-content\/uploads\/2024\/03\/oxford.jpg\" \/>\n<meta name=\"twitter:card\" content=\"summary\" \/>\n<meta name=\"twitter:label1\" content=\"Est. reading time\" \/>\n\t<meta name=\"twitter:data1\" content=\"3 minutes\" \/>\n<script type=\"application\/ld+json\" class=\"yoast-schema-graph\">{\"@context\":\"https:\/\/schema.org\",\"@graph\":[{\"@type\":\"WebSite\",\"@id\":\"https:\/\/www.urlaubcornwall.de\/blog\/#website\",\"url\":\"https:\/\/www.urlaubcornwall.de\/blog\/\",\"name\":\"Urlaub &amp; Reisen\",\"description\":\"Urlaub, Reisen, Cornwall und S\u00fcdengland: eine perfekte Kombination\",\"potentialAction\":[{\"@type\":\"SearchAction\",\"target\":{\"@type\":\"EntryPoint\",\"urlTemplate\":\"https:\/\/www.urlaubcornwall.de\/blog\/?s={search_term_string}\"},\"query-input\":\"required name=search_term_string\"}],\"inLanguage\":\"en-US\"},{\"@type\":\"WebPage\",\"@id\":\"https:\/\/www.urlaubcornwall.de\/blog\/rundreisen-grossbritannien-historisches-suedengland\/\",\"url\":\"https:\/\/www.urlaubcornwall.de\/blog\/rundreisen-grossbritannien-historisches-suedengland\/\",\"name\":\"Rundreisen Gro\u00dfbritannien- Historisches S\u00fcdengland - Urlaub &amp; Reisen\",\"isPartOf\":{\"@id\":\"https:\/\/www.urlaubcornwall.de\/blog\/#website\"},\"datePublished\":\"2015-10-20T14:51:14+00:00\",\"dateModified\":\"2024-04-09T09:52:26+00:00\",\"breadcrumb\":{\"@id\":\"https:\/\/www.urlaubcornwall.de\/blog\/rundreisen-grossbritannien-historisches-suedengland\/#breadcrumb\"},\"inLanguage\":\"en-US\",\"potentialAction\":[{\"@type\":\"ReadAction\",\"target\":[\"https:\/\/www.urlaubcornwall.de\/blog\/rundreisen-grossbritannien-historisches-suedengland\/\"]}]},{\"@type\":\"BreadcrumbList\",\"@id\":\"https:\/\/www.urlaubcornwall.de\/blog\/rundreisen-grossbritannien-historisches-suedengland\/#breadcrumb\",\"itemListElement\":[{\"@type\":\"ListItem\",\"position\":1,\"name\":\"Home\",\"item\":\"https:\/\/www.urlaubcornwall.de\/blog\/\"},{\"@type\":\"ListItem\",\"position\":2,\"name\":\"Rundreisen Gro\u00dfbritannien- Historisches S\u00fcdengland\"}]}]}<\/script>\n<!-- \/ Yoast SEO plugin. -->","yoast_head_json":{"title":"Rundreisen Gro\u00dfbritannien- Historisches S\u00fcdengland - Urlaub &amp; Reisen","robots":{"index":"index","follow":"follow","max-snippet":"max-snippet:-1","max-image-preview":"max-image-preview:large","max-video-preview":"max-video-preview:-1"},"canonical":"https:\/\/www.urlaubcornwall.de\/blog\/rundreisen-grossbritannien-historisches-suedengland\/","og_locale":"en_US","og_type":"article","og_title":"Rundreisen Gro\u00dfbritannien- Historisches S\u00fcdengland - Urlaub &amp; Reisen","og_description":"Highlights: Oxford, Warwick, Stratford upon Avon, Cotswolds, Stonehenge, Salisbury Tourbeschreibung: Historisches England 5 Tage &#8211; 4 N\u00e4chte | Selbstfahrerrundreise ab\/bis London | T\u00e4glich m\u00f6glich Entdecken Sie die historischen H\u00f6hepunkte Englands in einer f\u00fcnft\u00e4gigen Selbstfahrertour. Dieses abwechslungsreiche Programm mit all seinen Besuchen verschiedener Sehensw\u00fcrdigkeiten, erm\u00f6glicht es Ihnen, viele unterschiedliche Seiten Englands in Bezug auf seine Geschichte, [&hellip;]","og_url":"https:\/\/www.urlaubcornwall.de\/blog\/rundreisen-grossbritannien-historisches-suedengland\/","og_site_name":"Urlaub &amp; Reisen","article_modified_time":"2024-04-09T09:52:26+00:00","og_image":[{"url":"https:\/\/www.urlaubcornwall.de\/blog\/wp-content\/uploads\/2024\/03\/oxford.jpg"}],"twitter_card":"summary","twitter_misc":{"Est. reading time":"3 minutes"},"schema":{"@context":"https:\/\/schema.org","@graph":[{"@type":"WebSite","@id":"https:\/\/www.urlaubcornwall.de\/blog\/#website","url":"https:\/\/www.urlaubcornwall.de\/blog\/","name":"Urlaub &amp; Reisen","description":"Urlaub, Reisen, Cornwall und S\u00fcdengland: eine perfekte Kombination","potentialAction":[{"@type":"SearchAction","target":{"@type":"EntryPoint","urlTemplate":"https:\/\/www.urlaubcornwall.de\/blog\/?s={search_term_string}"},"query-input":"required name=search_term_string"}],"inLanguage":"en-US"},{"@type":"WebPage","@id":"https:\/\/www.urlaubcornwall.de\/blog\/rundreisen-grossbritannien-historisches-suedengland\/","url":"https:\/\/www.urlaubcornwall.de\/blog\/rundreisen-grossbritannien-historisches-suedengland\/","name":"Rundreisen Gro\u00dfbritannien- Historisches S\u00fcdengland - Urlaub &amp; Reisen","isPartOf":{"@id":"https:\/\/www.urlaubcornwall.de\/blog\/#website"},"datePublished":"2015-10-20T14:51:14+00:00","dateModified":"2024-04-09T09:52:26+00:00","breadcrumb":{"@id":"https:\/\/www.urlaubcornwall.de\/blog\/rundreisen-grossbritannien-historisches-suedengland\/#breadcrumb"},"inLanguage":"en-US","potentialAction":[{"@type":"ReadAction","target":["https:\/\/www.urlaubcornwall.de\/blog\/rundreisen-grossbritannien-historisches-suedengland\/"]}]},{"@type":"BreadcrumbList","@id":"https:\/\/www.urlaubcornwall.de\/blog\/rundreisen-grossbritannien-historisches-suedengland\/#breadcrumb","itemListElement":[{"@type":"ListItem","position":1,"name":"Home","item":"https:\/\/www.urlaubcornwall.de\/blog\/"},{"@type":"ListItem","position":2,"name":"Rundreisen Gro\u00dfbritannien- Historisches S\u00fcdengland"}]}]}},"_links":{"self":[{"href":"https:\/\/www.urlaubcornwall.de\/blog\/wp-json\/wp\/v2\/pages\/20974"}],"collection":[{"href":"https:\/\/www.urlaubcornwall.de\/blog\/wp-json\/wp\/v2\/pages"}],"about":[{"href":"https:\/\/www.urlaubcornwall.de\/blog\/wp-json\/wp\/v2\/types\/page"}],"author":[{"embeddable":true,"href":"https:\/\/www.urlaubcornwall.de\/blog\/wp-json\/wp\/v2\/users\/1"}],"replies":[{"embeddable":true,"href":"https:\/\/www.urlaubcornwall.de\/blog\/wp-json\/wp\/v2\/comments?post=20974"}],"version-history":[{"count":24,"href":"https:\/\/www.urlaubcornwall.de\/blog\/wp-json\/wp\/v2\/pages\/20974\/revisions"}],"predecessor-version":[{"id":49133,"href":"https:\/\/www.urlaubcornwall.de\/blog\/wp-json\/wp\/v2\/pages\/20974\/revisions\/49133"}],"wp:attachment":[{"href":"https:\/\/www.urlaubcornwall.de\/blog\/wp-json\/wp\/v2\/media?parent=20974"}],"curies":[{"name":"wp","href":"https:\/\/api.w.org\/{rel}","templated":true}]}}