{"id":20965,"date":"2015-10-20T10:44:17","date_gmt":"2015-10-20T10:44:17","guid":{"rendered":"https:\/\/www.urlaubcornwall.de\/blog\/?page_id=20965"},"modified":"2024-05-29T10:54:16","modified_gmt":"2024-05-29T10:54:16","slug":"rundreise-tudor-england-touren-england","status":"publish","type":"page","link":"https:\/\/www.urlaubcornwall.de\/blog\/rundreise-tudor-england-touren-england\/","title":{"rendered":"Pauschalreise England: Rundreise Tudor England"},"content":{"rendered":"<p><img loading=\"lazy\" class=\"aligncenter size-full wp-image-47843\" src=\"https:\/\/www.urlaubcornwall.de\/blog\/wp-content\/uploads\/2024\/03\/london-park.jpg\" alt=\"london park\" width=\"750\" height=\"500\" srcset=\"https:\/\/www.urlaubcornwall.de\/blog\/wp-content\/uploads\/2024\/03\/london-park.jpg 750w, https:\/\/www.urlaubcornwall.de\/blog\/wp-content\/uploads\/2024\/03\/london-park-300x200.jpg 300w\" sizes=\"(max-width: 750px) 100vw, 750px\" \/><\/p>\n<h2 style=\"text-align: center;\"><strong>Highlights: London, Bath, Stratford-upon-Avon, Shrewsbury<\/strong><\/h2>\n<p><strong>Tourbeschreibung: <\/strong>Autorundreise England: &#8220;Tudor Tour&#8221; | 8 Tage &#8211; 7 N\u00e4chte | t\u00e4glich m\u00f6glich | ab\/bis London<\/p>\n<p>Diese Autorundreise England wird Ihnen sicherlich die Sprache verschlagen. Lassen Sie sich von den Einblicken in die Tudor Zeit beeindrucken. Auf den Spuren von King Henry VIII und Shakespeare k\u00f6nnen Sie die Geschichte Haut nah erleben. Erkunden Sie die atemberaubenden Schl\u00f6sser, den ber\u00fchmten Tower von London und die wundersch\u00f6nen St\u00e4dte London, Bath und Stratford-upon-Avon.<br \/>\n<strong>Folgende Unterkunftskategorien stehen zur Auswahl:<\/strong><br \/>\n<strong>Bronze<\/strong> = Bed &amp; Breakfast Unterk\u00fcnfte und Inns (mit eigenem Bad)<br \/>\n<strong>Silber<\/strong> = Mittelklassehotels<\/p>\n<h1 style=\"padding-left: 30px; text-align: center;\"><a href=\"http:\/\/www.urlaubcornwall.de\/anfrage.php\"><strong><span style=\"text-decoration: underline;\">Anfrage \/ Buchung<\/span><\/strong><\/a><\/h1>\n<p><strong>Tourbeschreibung<\/strong><\/p>\n<p><strong>1. Tag: London &#8211; Kent<\/strong> &#8211; Nachdem Sie in London gelandet sind, nehmen Sie Ihren Mietwagen entgegen und starten Ihre Tudor Tour. Fahrt in Richtung S\u00fcden in die Kent Region. Wenn es die Zeit erlaubt, empfehlen wir einen Halt am Hever Castle. \u00dcbernachtung im Raum Kent (n\u00f6rdliche Region)<\/p>\n<p><img loading=\"lazy\" class=\"aligncenter size-full wp-image-47987\" src=\"https:\/\/www.urlaubcornwall.de\/blog\/wp-content\/uploads\/2024\/03\/leeds-castle.jpg\" alt=\"leeds castle\" width=\"750\" height=\"479\" srcset=\"https:\/\/www.urlaubcornwall.de\/blog\/wp-content\/uploads\/2024\/03\/leeds-castle.jpg 750w, https:\/\/www.urlaubcornwall.de\/blog\/wp-content\/uploads\/2024\/03\/leeds-castle-300x192.jpg 300w\" sizes=\"(max-width: 750px) 100vw, 750px\" \/><\/p>\n<p><strong>2. Tag: Bath\/Bristol<\/strong> &#8211; Nach dem Fr\u00fchst\u00fcck besuchen Sie das romantische Leeds Castle. Der Burggraben sowie die Gartenanlage wird Sie sicher beeindrucken. \u00dcber die geheimnisvollen Steinkreise von Stonehenge geht es nach Bath, eine der sch\u00f6nsten St\u00e4dte Englands. \u00dcbernachtung im Raum Bath\/Bristol<\/p>\n<p><strong>3. Tag: Stratford upon Avon\/Warwick<\/strong> &#8211; Heute fahren Sie durch Cotswolds nach Stratford-upon-Avon. Auch ein Abstecher \u00fcber Oxford ist m\u00f6glich. In Oxford steht die \u00e4lteste Universit\u00e4t im englischsprachigen Raum. 3 \u00dcbernachtungen im Raum Stratford upon Avon\/Warwick<\/p>\n<p><strong>4.\/5. Tag: Stratford upon Avon Umgebung<\/strong> &#8211; Setzen Sie die Erkundung von Shakespeares Heimat auf dieser Autorundreise England mit einem Besuch des Mar Arden`s Cottage fort. Au\u00dferdem empfehlen wir die Besichtigung von Warwick Castle. Die Burganlage bietet \u00fcberragende T\u00fcrme und Mauern sowie einen spektakul\u00e4ren Blick auf die Stadt Warwick. Aber auch ein Ausflug nach Birmingham ist m\u00f6glich. \u00dcbernachtungen wie am Vortag.<\/p>\n<p><a href=\"https:\/\/www.urlaubcornwall.de\/blog\/wp-content\/uploads\/2024\/03\/warwick-shcloss.jpg\"><img loading=\"lazy\" src=\"https:\/\/www.urlaubcornwall.de\/blog\/wp-content\/uploads\/2024\/03\/warwick-shcloss.jpg\" alt=\"warwick schloss\" width=\"750\" height=\"500\" class=\"alignnone size-full wp-image-47821\" srcset=\"https:\/\/www.urlaubcornwall.de\/blog\/wp-content\/uploads\/2024\/03\/warwick-shcloss.jpg 750w, https:\/\/www.urlaubcornwall.de\/blog\/wp-content\/uploads\/2024\/03\/warwick-shcloss-300x200.jpg 300w\" sizes=\"(max-width: 750px) 100vw, 750px\" \/><\/a><\/p>\n<p><strong>6.\/7. Tag: London<\/strong> &#8211; R\u00fcckfahrt nach London und wenn es die Zeit erlaubt, k\u00f6nnen Sie noch den Eltham Palace besuchen. Am Flughafen geben Sie den Mietwagen und machen sich anschlie\u00dfend individuell auf den Weg in Ihr Hotel, welches sich in der Umgebung der Ringautobahn M25 befindet. Das Londoner Stadtzentrum ist mit den \u00f6ffentlichen Verkehrsmitteln gut zu erreichen. Gegen Aufpreis k\u00f6nnen Sie auch ein zentrales Hotel (Zone 1-2) buchen. 2 \u00dcbernachtungen im Raum London.<\/p>\n<p><strong>8. Tag: Heimreise<\/strong> &#8211; Leider endet Ihre Autorundreise England heute. Heimreise in Eigenregie und Ende der Leistungen.<\/p>\n<p><strong>Eingeschlossene Leistungen<\/strong><\/p>\n<p>7 \u00dcbernachtungen laut Reiseverlauf in der gew\u00e4hlten Unterkunftskategorie (Bronze oder Silber)<\/p>\n<p>T\u00e4gliches Fr\u00fchst\u00fcck<\/p>\n<p>1 Reisef\u00fchrer England<\/p>\n<p><strong>Nicht eingeschlossene Leistungen:<\/strong><\/p>\n<p>Fl\u00fcge, F\u00e4hre, Mietwagen (bieten wir Ihnen gerne passend dazu an)<\/p>\n<p>Pers\u00f6nliche Ausgaben<\/p>\n<p>Weitere Mahlzeiten<\/p>\n<p>Benzin, Parkgeb\u00fchren<\/p>\n<p>Eintritte, Ausfl\u00fcge<\/p>\n<h1 style=\"padding-left: 30px; text-align: center;\"><a href=\"http:\/\/www.urlaubcornwall.de\/anfrage.php\"><strong><span style=\"text-decoration: underline;\">Anfrage \/ Buchung<\/span><\/strong><\/a><\/h1>\n<p style=\"text-align: center;\">Unsere Websitedetails zeigen lediglich eine kleine Auswahl dessen, was wir anbieten k\u00f6nnen. Wir stellen Ihnen gerne ein <a href=\"http:\/\/www.urlaubcornwall.de\/anfrage.php\"><span style=\"text-decoration: underline;\">unverbindliches Angebot<\/span><\/a> mit allen Fl\u00fcgen und Transfers f\u00fcr Ihre Grossbritannien Reise zusammen.<\/p>\n<p style=\"text-align: center;\">UrlaubCornwall haben Touren im Angebot f\u00fcr Individualreisende. Hier finden Sie unsere Auswahl an fantastischen <span style=\"text-decoration: underline;\"><a href=\"https:\/\/www.urlaubcornwall.de\/blog\/rundreise-durch-cornwall-and-suedenengland-2013\/\">Rundreisen und Touren in England<\/a><\/span><strong><\/strong><strong>.<\/strong><\/p>\n","protected":false},"excerpt":{"rendered":"<p>Highlights: London, Bath, Stratford-upon-Avon, Shrewsbury Tourbeschreibung: Autorundreise England: &#8220;Tudor Tour&#8221; | 8 Tage &#8211; 7 N\u00e4chte | t\u00e4glich m\u00f6glich | ab\/bis London Diese Autorundreise England wird Ihnen sicherlich die Sprache verschlagen. Lassen Sie sich von den Einblicken in die Tudor Zeit beeindrucken. Auf den Spuren von King Henry VIII und Shakespeare k\u00f6nnen Sie die Geschichte [&hellip;]<\/p>\n","protected":false},"author":1,"featured_media":0,"parent":0,"menu_order":0,"comment_status":"closed","ping_status":"closed","template":"single-four.php","meta":[],"acf":[],"yoast_head":"<!-- This site is optimized with the Yoast SEO plugin v19.4 - https:\/\/yoast.com\/wordpress\/plugins\/seo\/ -->\n<title>Pauschalreise England: Rundreise Tudor England - Urlaub &amp; Reisen<\/title>\n<meta name=\"robots\" content=\"index, follow, max-snippet:-1, max-image-preview:large, max-video-preview:-1\" \/>\n<link rel=\"canonical\" href=\"https:\/\/www.urlaubcornwall.de\/blog\/rundreise-tudor-england-touren-england\/\" \/>\n<meta property=\"og:locale\" content=\"en_US\" \/>\n<meta property=\"og:type\" content=\"article\" \/>\n<meta property=\"og:title\" content=\"Pauschalreise England: Rundreise Tudor England - Urlaub &amp; Reisen\" \/>\n<meta property=\"og:description\" content=\"Highlights: London, Bath, Stratford-upon-Avon, Shrewsbury Tourbeschreibung: Autorundreise England: &#8220;Tudor Tour&#8221; | 8 Tage &#8211; 7 N\u00e4chte | t\u00e4glich m\u00f6glich | ab\/bis London Diese Autorundreise England wird Ihnen sicherlich die Sprache verschlagen. Lassen Sie sich von den Einblicken in die Tudor Zeit beeindrucken. Auf den Spuren von King Henry VIII und Shakespeare k\u00f6nnen Sie die Geschichte [&hellip;]\" \/>\n<meta property=\"og:url\" content=\"https:\/\/www.urlaubcornwall.de\/blog\/rundreise-tudor-england-touren-england\/\" \/>\n<meta property=\"og:site_name\" content=\"Urlaub &amp; Reisen\" \/>\n<meta property=\"article:modified_time\" content=\"2024-05-29T10:54:16+00:00\" \/>\n<meta property=\"og:image\" content=\"https:\/\/www.urlaubcornwall.de\/blog\/wp-content\/uploads\/2024\/03\/london-park.jpg\" \/>\n<meta name=\"twitter:card\" content=\"summary\" \/>\n<meta name=\"twitter:label1\" content=\"Est. reading time\" \/>\n\t<meta name=\"twitter:data1\" content=\"3 minutes\" \/>\n<script type=\"application\/ld+json\" class=\"yoast-schema-graph\">{\"@context\":\"https:\/\/schema.org\",\"@graph\":[{\"@type\":\"WebSite\",\"@id\":\"https:\/\/www.urlaubcornwall.de\/blog\/#website\",\"url\":\"https:\/\/www.urlaubcornwall.de\/blog\/\",\"name\":\"Urlaub &amp; Reisen\",\"description\":\"Urlaub, Reisen, Cornwall und S\u00fcdengland: eine perfekte Kombination\",\"potentialAction\":[{\"@type\":\"SearchAction\",\"target\":{\"@type\":\"EntryPoint\",\"urlTemplate\":\"https:\/\/www.urlaubcornwall.de\/blog\/?s={search_term_string}\"},\"query-input\":\"required name=search_term_string\"}],\"inLanguage\":\"en-US\"},{\"@type\":\"WebPage\",\"@id\":\"https:\/\/www.urlaubcornwall.de\/blog\/rundreise-tudor-england-touren-england\/\",\"url\":\"https:\/\/www.urlaubcornwall.de\/blog\/rundreise-tudor-england-touren-england\/\",\"name\":\"Pauschalreise England: Rundreise Tudor England - Urlaub &amp; Reisen\",\"isPartOf\":{\"@id\":\"https:\/\/www.urlaubcornwall.de\/blog\/#website\"},\"datePublished\":\"2015-10-20T10:44:17+00:00\",\"dateModified\":\"2024-05-29T10:54:16+00:00\",\"breadcrumb\":{\"@id\":\"https:\/\/www.urlaubcornwall.de\/blog\/rundreise-tudor-england-touren-england\/#breadcrumb\"},\"inLanguage\":\"en-US\",\"potentialAction\":[{\"@type\":\"ReadAction\",\"target\":[\"https:\/\/www.urlaubcornwall.de\/blog\/rundreise-tudor-england-touren-england\/\"]}]},{\"@type\":\"BreadcrumbList\",\"@id\":\"https:\/\/www.urlaubcornwall.de\/blog\/rundreise-tudor-england-touren-england\/#breadcrumb\",\"itemListElement\":[{\"@type\":\"ListItem\",\"position\":1,\"name\":\"Home\",\"item\":\"https:\/\/www.urlaubcornwall.de\/blog\/\"},{\"@type\":\"ListItem\",\"position\":2,\"name\":\"Pauschalreise England: Rundreise Tudor England\"}]}]}<\/script>\n<!-- \/ Yoast SEO plugin. -->","yoast_head_json":{"title":"Pauschalreise England: Rundreise Tudor England - Urlaub &amp; Reisen","robots":{"index":"index","follow":"follow","max-snippet":"max-snippet:-1","max-image-preview":"max-image-preview:large","max-video-preview":"max-video-preview:-1"},"canonical":"https:\/\/www.urlaubcornwall.de\/blog\/rundreise-tudor-england-touren-england\/","og_locale":"en_US","og_type":"article","og_title":"Pauschalreise England: Rundreise Tudor England - Urlaub &amp; Reisen","og_description":"Highlights: London, Bath, Stratford-upon-Avon, Shrewsbury Tourbeschreibung: Autorundreise England: &#8220;Tudor Tour&#8221; | 8 Tage &#8211; 7 N\u00e4chte | t\u00e4glich m\u00f6glich | ab\/bis London Diese Autorundreise England wird Ihnen sicherlich die Sprache verschlagen. Lassen Sie sich von den Einblicken in die Tudor Zeit beeindrucken. Auf den Spuren von King Henry VIII und Shakespeare k\u00f6nnen Sie die Geschichte [&hellip;]","og_url":"https:\/\/www.urlaubcornwall.de\/blog\/rundreise-tudor-england-touren-england\/","og_site_name":"Urlaub &amp; Reisen","article_modified_time":"2024-05-29T10:54:16+00:00","og_image":[{"url":"https:\/\/www.urlaubcornwall.de\/blog\/wp-content\/uploads\/2024\/03\/london-park.jpg"}],"twitter_card":"summary","twitter_misc":{"Est. reading time":"3 minutes"},"schema":{"@context":"https:\/\/schema.org","@graph":[{"@type":"WebSite","@id":"https:\/\/www.urlaubcornwall.de\/blog\/#website","url":"https:\/\/www.urlaubcornwall.de\/blog\/","name":"Urlaub &amp; Reisen","description":"Urlaub, Reisen, Cornwall und S\u00fcdengland: eine perfekte Kombination","potentialAction":[{"@type":"SearchAction","target":{"@type":"EntryPoint","urlTemplate":"https:\/\/www.urlaubcornwall.de\/blog\/?s={search_term_string}"},"query-input":"required name=search_term_string"}],"inLanguage":"en-US"},{"@type":"WebPage","@id":"https:\/\/www.urlaubcornwall.de\/blog\/rundreise-tudor-england-touren-england\/","url":"https:\/\/www.urlaubcornwall.de\/blog\/rundreise-tudor-england-touren-england\/","name":"Pauschalreise England: Rundreise Tudor England - Urlaub &amp; Reisen","isPartOf":{"@id":"https:\/\/www.urlaubcornwall.de\/blog\/#website"},"datePublished":"2015-10-20T10:44:17+00:00","dateModified":"2024-05-29T10:54:16+00:00","breadcrumb":{"@id":"https:\/\/www.urlaubcornwall.de\/blog\/rundreise-tudor-england-touren-england\/#breadcrumb"},"inLanguage":"en-US","potentialAction":[{"@type":"ReadAction","target":["https:\/\/www.urlaubcornwall.de\/blog\/rundreise-tudor-england-touren-england\/"]}]},{"@type":"BreadcrumbList","@id":"https:\/\/www.urlaubcornwall.de\/blog\/rundreise-tudor-england-touren-england\/#breadcrumb","itemListElement":[{"@type":"ListItem","position":1,"name":"Home","item":"https:\/\/www.urlaubcornwall.de\/blog\/"},{"@type":"ListItem","position":2,"name":"Pauschalreise England: Rundreise Tudor England"}]}]}},"_links":{"self":[{"href":"https:\/\/www.urlaubcornwall.de\/blog\/wp-json\/wp\/v2\/pages\/20965"}],"collection":[{"href":"https:\/\/www.urlaubcornwall.de\/blog\/wp-json\/wp\/v2\/pages"}],"about":[{"href":"https:\/\/www.urlaubcornwall.de\/blog\/wp-json\/wp\/v2\/types\/page"}],"author":[{"embeddable":true,"href":"https:\/\/www.urlaubcornwall.de\/blog\/wp-json\/wp\/v2\/users\/1"}],"replies":[{"embeddable":true,"href":"https:\/\/www.urlaubcornwall.de\/blog\/wp-json\/wp\/v2\/comments?post=20965"}],"version-history":[{"count":22,"href":"https:\/\/www.urlaubcornwall.de\/blog\/wp-json\/wp\/v2\/pages\/20965\/revisions"}],"predecessor-version":[{"id":50597,"href":"https:\/\/www.urlaubcornwall.de\/blog\/wp-json\/wp\/v2\/pages\/20965\/revisions\/50597"}],"wp:attachment":[{"href":"https:\/\/www.urlaubcornwall.de\/blog\/wp-json\/wp\/v2\/media?parent=20965"}],"curies":[{"name":"wp","href":"https:\/\/api.w.org\/{rel}","templated":true}]}}