{"id":20930,"date":"2015-10-20T08:57:17","date_gmt":"2015-10-20T08:57:17","guid":{"rendered":"https:\/\/www.urlaubcornwall.de\/blog\/?page_id=20930"},"modified":"2024-04-09T09:52:00","modified_gmt":"2024-04-09T09:52:00","slug":"mit-dem-pkw-im-ganz-individuellen-tempo-durch-england-wales","status":"publish","type":"page","link":"https:\/\/www.urlaubcornwall.de\/blog\/mit-dem-pkw-im-ganz-individuellen-tempo-durch-england-wales\/","title":{"rendered":"Mit dem Pkw im ganz individuellen Tempo durch England &#038; Wales."},"content":{"rendered":"<p><a href=\"https:\/\/www.urlaubcornwall.de\/blog\/wp-content\/uploads\/2024\/03\/bath.jpg\"><img loading=\"lazy\" src=\"https:\/\/www.urlaubcornwall.de\/blog\/wp-content\/uploads\/2024\/03\/bath.jpg\" alt=\"\" width=\"750\" height=\"500\" class=\"alignnone size-full wp-image-48224\" srcset=\"https:\/\/www.urlaubcornwall.de\/blog\/wp-content\/uploads\/2024\/03\/bath.jpg 750w, https:\/\/www.urlaubcornwall.de\/blog\/wp-content\/uploads\/2024\/03\/bath-300x200.jpg 300w\" sizes=\"(max-width: 750px) 100vw, 750px\" \/><\/a><\/p>\n<h2 style=\"text-align: center;\"><strong>Highlights: Bath, Stratford-upon-Avon, Warwick, Shrewsbury, Nottingham, Cambridge<br \/>\n<\/strong><\/h2>\n<p style=\"text-align: center;\"><strong>Tourbeschreibung: <\/strong>Autotour England &amp; Wales &#8220;Historisches&#8221; &#8211; 10&nbsp;Tage \/&nbsp;9 N\u00e4chte | t\u00e4glich m\u00f6glich | ab\/bis<\/p>\n<p style=\"text-align: center;\">LondonErforschen Sie Historisches bei dieser Autotour England&nbsp;Wales. Sie begegnen den Spuren von dem ber\u00fchmten Poet&nbsp;Shakespeare und der Legende Robin Hood. Au\u00dferdem erleben Sie unvergessliche Landschaften,&nbsp;\u00fcberragende&nbsp;Schl\u00f6sser&nbsp;und wundersch\u00f6ne St\u00e4dte.<\/p>\n<p style=\"text-align: center;\"><strong>Folgende Unterkunftskategorien stehen zur Auswahl:<\/strong><\/p>\n<p style=\"text-align: center;\"><strong>Bronze =<\/strong> Bed &amp; Breakfast Unterk\u00fcnfte und Inns (mit eigenem Bad)<\/p>\n<p style=\"text-align: center;\"><strong>Silber =<\/strong> Mittelklassehotels<\/p>\n<p style=\"text-align: center;\"><a class=\"tidycta\" href=\"http:\/\/www.urlaubcornwall.de\/anfrage.php?tourcode=ENGSELBST-Wales\">Anfrage \/ Buchung<\/a><\/p>\n<p><strong>Tourbeschreibung<\/strong><\/p>\n<p><strong>1. Tag: London &#8211; Bath (ca. 180 km)<\/strong> &#8211; Flug nach London in Eigenregie. Nachdem Sie am Flughafen angekommen sind, nehmen Sie den Mietwagen an und beginnen anschlie\u00dfend Ihre Rundreise mit der Fahrt nach Bath. Wenn es die Zeit erlaubt, k\u00f6nnen Sie auch noch in Windsor halten. In Windsor befindet sich das Windsor Castle, eine der offiziellen Residenzen der britischen K\u00f6nigsfamilie. \u00dcbernachtung im Raum Bath\/Bristol.<\/p>\n<p><strong>2. Tag: Bath<\/strong> &#8211; Heute verbringen Sie den Tag mit der Erkundung von Bath. Besuchen Sie das Royal Crescent, der Circus und die Pulteney Bridge und vieles mehr. Ein Highlight ist sicherllich das ber\u00fchmte r\u00f6mische Bad mit nat\u00fcrlichem thermalen Wasser. \u00dcbernachtung wie am Vortag.<\/p>\n<p><strong> 3. Tag: Bath &#8211; Stratford-upon-Avon (ca. 140 km)<\/strong> &#8211; Nach dem Fr\u00fchst\u00fcck fahren Sie durch Cotswolds nach Stratford-upon-Avon. Sie besuchen den Geburtsort von dem ber\u00fchmten Poet William Shakespeare. 2 \u00dcbernachtungen im Raum Stratford upon Avon\/Warwick.<\/p>\n<p><a href=\"https:\/\/www.urlaubcornwall.de\/blog\/wp-content\/uploads\/2024\/03\/warwick-shcloss.jpg\"><img loading=\"lazy\" class=\"aligncenter size-full wp-image-47821\" src=\"https:\/\/www.urlaubcornwall.de\/blog\/wp-content\/uploads\/2024\/03\/warwick-shcloss.jpg\" alt=\"warwick schloss\" width=\"750\" height=\"500\" srcset=\"https:\/\/www.urlaubcornwall.de\/blog\/wp-content\/uploads\/2024\/03\/warwick-shcloss.jpg 750w, https:\/\/www.urlaubcornwall.de\/blog\/wp-content\/uploads\/2024\/03\/warwick-shcloss-300x200.jpg 300w\" sizes=\"(max-width: 750px) 100vw, 750px\" \/><\/a><\/p>\n<p><strong>4. Tag: Warwick Castle<\/strong> &#8211; Vormittag noch Zeit f\u00fcr die Erkundung von Shakespeares Heimatort. Am Nachmittag haben auf Ihrer Autotour England Wales Zeit das Warwick Castle zu besichtigen. \u00dcbernachtung wie am Vortag.<\/p>\n<p><strong>5. Tag: Stratford-upon-Avon &#8211; Snowdonia Nationalpark (ca. 270 km)<\/strong> &#8211; An diesem Tag fahren Sie, zur Grenze von England und Wales, nach Shrewsbury. Shrewsbury wird als \u201eEnglands sch\u00f6nste Tudor Stadt\u201c bezeichnet mit \u00fcber 600 Geb\u00e4uden. Der wundersch\u00f6ne Quarry Park ist der Austragungsort der j\u00e4hrlichen Shrewsbury Blumen Show. Weiterfahrt in den Snowdonia Nationalpark. 2 \u00dcbernachtungen im Raum Snowdonia National Park.<\/p>\n<p><img loading=\"lazy\" class=\"aligncenter size-full wp-image-47831\" src=\"https:\/\/www.urlaubcornwall.de\/blog\/wp-content\/uploads\/2024\/03\/snowdonia-wales.jpg\" alt=\"snowdonia wales\" width=\"750\" height=\"422\" srcset=\"https:\/\/www.urlaubcornwall.de\/blog\/wp-content\/uploads\/2024\/03\/snowdonia-wales.jpg 750w, https:\/\/www.urlaubcornwall.de\/blog\/wp-content\/uploads\/2024\/03\/snowdonia-wales-300x169.jpg 300w\" sizes=\"(max-width: 750px) 100vw, 750px\" \/><\/p>\n<p><strong>6. Tag: Snowdonia Nationalpark<\/strong> &#8211; Heute besuchen Sie als erstes das Caernarfon Castle auf Ihrer Autotour England Wales. Am Nachmittag verbringen Sie Ihre Zeit mit der Erforschung des Snowdonia Nationalparks, ein Gebiet von nat\u00fcrlicher Sch\u00f6nheit und unvergesslicher Landschaft. \u00dcbernachtung wie am Vortag.<\/p>\n<p><strong>7. Tag: Snowdonia Nationalpark &#8211; Nottingham (ca. 220 km)<\/strong> &#8211; Nach dem Fr\u00fchst\u00fcck geht es weiter nach Chester. Die Stadt ist von r\u00f6mischen und mittelalterlichen Mauern umgeben. Weiter geht es durch den Peak Bezirk. Besuchen Sie auch Chatsworth. Hier finden Sie hier auch den einzigartigen Blue Stone, Stalaktiten, Stalagmiten, Steinkreise, Schl\u00f6sser und zahlreiche Museen. Weiter geht die Fahrt dann nach Nottingham. \u00dcbernachtung im Raum Nottingham.<\/p>\n<p><strong>8. Tag: Nottingham &#8211; Cambridge (ca. 145 km)<\/strong> &#8211; Heute ergr\u00fcnden Sie die Legende von Robin Hood. Besuchen Sie das Nottingham Castle. Gehen Sie durch das Museum und die Kunstgalerie und lassen Sie ein Photo von sich neben der Statue machen. Anschlie\u00dfend Weiterfahrt nach Cambridge. 2 \u00dcbernachtungen im Raum Northampton\/Cambridge.<\/p>\n<p><a href=\"https:\/\/www.urlaubcornwall.de\/blog\/wp-content\/uploads\/2015\/08\/urlaub-cambridge_21.jpg\"><img loading=\"lazy\" class=\"aligncenter size-full wp-image-19875\" src=\"https:\/\/www.urlaubcornwall.de\/blog\/wp-content\/uploads\/2015\/08\/urlaub-cambridge_21.jpg\" alt=\"urlaub cambridge\" width=\"749\" height=\"371\"\/><\/a><\/p>\n<p><strong>9. Tag: Cambridge<\/strong> &#8211; Den heutigen Tag verbringen Sie mit der Besichtigung von Cambridge. Die ber\u00fchmten Collages der University City bietet 17.000 Studenten ein Zuhause. Die Stadt besitzt viele Museen, Kirchen und historische Traditionen. \u00dcbernachtung wie am Vortag.<\/p>\n<p><strong>10. Tag: Cambridge &#8211; London (ca. 100 km)<\/strong> &#8211; Fahren Sie zur\u00fcck zum Flughafen London und geben Sie Ihren Mietwagen ab. Ende der Selbstfahrertour England und Wales.<\/p>\n<p>F\u00fcr Ihre Autotour England Wales: Zus\u00e4tz\u00fcbernachtungen, Mietwagen oder Fl\u00fcge bieten wir gerne dazu an.<\/p>\n<p><strong>Eingeschlossene Leistungen<\/strong><\/p>\n<p>9 \u00dcbernachtungen in der gew\u00e4hlten Unterkunftskategorie<\/p>\n<p>T\u00e4gliches Fr\u00fchst\u00fcck<\/p>\n<p>Reisef\u00fchrer England<\/p>\n<p><strong>Nicht eingeschlossene Leistungen:<\/strong><\/p>\n<p>Fl\u00fcge, sowie Mietauto (optional zubuchbar)<\/p>\n<p>Trinkgelder, Benzin, Eintritte<\/p>\n<p style=\"text-align: center;\"><a class=\"tidycta\" href=\"http:\/\/www.urlaubcornwall.de\/anfrage.php?tourcode=ENGSELBST-Wales\">Anfrage \/ Buchung<\/a><\/p>\n<p style=\"text-align: center;\">UrlaubCornwall haben Touren im Angebot f\u00fcr Individualreisende. Hier finden Sie unsere Auswahl an fantastischen <a href=\"http:\/\/www.urlaubcornwall.de\/rundreisen\/grossbritannien.php\"><span style=\"text-decoration: underline;\">Rundreisen und Touren in Grossbritannien<\/span><\/a><strong>. <\/strong>Unsere Websitedetails zeigen lediglich eine kleine Auswahl dessen, was wir anbieten k\u00f6nnen. Wir stellen Ihnen gerne ein <a href=\"http:\/\/www.urlaubcornwall.de\/anfrage.php\"><span style=\"text-decoration: underline;\">unverbindliches Angebot<\/span><\/a> mit allen Fl\u00fcgen und Transfers f\u00fcr Ihre Grossbritannien Reise zusammen.<\/p>\n","protected":false},"excerpt":{"rendered":"<p>Highlights: Bath, Stratford-upon-Avon, Warwick, Shrewsbury, Nottingham, Cambridge Tourbeschreibung: Autotour England &amp; Wales &#8220;Historisches&#8221; &#8211; 10&nbsp;Tage \/&nbsp;9 N\u00e4chte | t\u00e4glich m\u00f6glich | ab\/bis LondonErforschen Sie Historisches bei dieser Autotour England&nbsp;Wales. Sie begegnen den Spuren von dem ber\u00fchmten Poet&nbsp;Shakespeare und der Legende Robin Hood. Au\u00dferdem erleben Sie unvergessliche Landschaften,&nbsp;\u00fcberragende&nbsp;Schl\u00f6sser&nbsp;und wundersch\u00f6ne St\u00e4dte. Folgende Unterkunftskategorien stehen zur Auswahl: Bronze [&hellip;]<\/p>\n","protected":false},"author":1,"featured_media":0,"parent":0,"menu_order":0,"comment_status":"closed","ping_status":"closed","template":"single-four.php","meta":[],"acf":[],"yoast_head":"<!-- This site is optimized with the Yoast SEO plugin v19.4 - https:\/\/yoast.com\/wordpress\/plugins\/seo\/ -->\n<title>Mit dem Pkw im ganz individuellen Tempo durch England &amp; Wales. - Urlaub &amp; Reisen<\/title>\n<meta name=\"robots\" content=\"index, follow, max-snippet:-1, max-image-preview:large, max-video-preview:-1\" \/>\n<link rel=\"canonical\" href=\"https:\/\/www.urlaubcornwall.de\/blog\/mit-dem-pkw-im-ganz-individuellen-tempo-durch-england-wales\/\" \/>\n<meta property=\"og:locale\" content=\"en_US\" \/>\n<meta property=\"og:type\" content=\"article\" \/>\n<meta property=\"og:title\" content=\"Mit dem Pkw im ganz individuellen Tempo durch England &amp; Wales. - Urlaub &amp; Reisen\" \/>\n<meta property=\"og:description\" content=\"Highlights: Bath, Stratford-upon-Avon, Warwick, Shrewsbury, Nottingham, Cambridge Tourbeschreibung: Autotour England &amp; Wales &#8220;Historisches&#8221; &#8211; 10&nbsp;Tage \/&nbsp;9 N\u00e4chte | t\u00e4glich m\u00f6glich | ab\/bis LondonErforschen Sie Historisches bei dieser Autotour England&nbsp;Wales. Sie begegnen den Spuren von dem ber\u00fchmten Poet&nbsp;Shakespeare und der Legende Robin Hood. Au\u00dferdem erleben Sie unvergessliche Landschaften,&nbsp;\u00fcberragende&nbsp;Schl\u00f6sser&nbsp;und wundersch\u00f6ne St\u00e4dte. Folgende Unterkunftskategorien stehen zur Auswahl: Bronze [&hellip;]\" \/>\n<meta property=\"og:url\" content=\"https:\/\/www.urlaubcornwall.de\/blog\/mit-dem-pkw-im-ganz-individuellen-tempo-durch-england-wales\/\" \/>\n<meta property=\"og:site_name\" content=\"Urlaub &amp; Reisen\" \/>\n<meta property=\"article:modified_time\" content=\"2024-04-09T09:52:00+00:00\" \/>\n<meta property=\"og:image\" content=\"https:\/\/www.urlaubcornwall.de\/blog\/wp-content\/uploads\/2024\/03\/bath.jpg\" \/>\n<meta name=\"twitter:card\" content=\"summary\" \/>\n<meta name=\"twitter:label1\" content=\"Est. reading time\" \/>\n\t<meta name=\"twitter:data1\" content=\"4 minutes\" \/>\n<script type=\"application\/ld+json\" class=\"yoast-schema-graph\">{\"@context\":\"https:\/\/schema.org\",\"@graph\":[{\"@type\":\"WebSite\",\"@id\":\"https:\/\/www.urlaubcornwall.de\/blog\/#website\",\"url\":\"https:\/\/www.urlaubcornwall.de\/blog\/\",\"name\":\"Urlaub &amp; Reisen\",\"description\":\"Urlaub, Reisen, Cornwall und S\u00fcdengland: eine perfekte Kombination\",\"potentialAction\":[{\"@type\":\"SearchAction\",\"target\":{\"@type\":\"EntryPoint\",\"urlTemplate\":\"https:\/\/www.urlaubcornwall.de\/blog\/?s={search_term_string}\"},\"query-input\":\"required name=search_term_string\"}],\"inLanguage\":\"en-US\"},{\"@type\":\"WebPage\",\"@id\":\"https:\/\/www.urlaubcornwall.de\/blog\/mit-dem-pkw-im-ganz-individuellen-tempo-durch-england-wales\/\",\"url\":\"https:\/\/www.urlaubcornwall.de\/blog\/mit-dem-pkw-im-ganz-individuellen-tempo-durch-england-wales\/\",\"name\":\"Mit dem Pkw im ganz individuellen Tempo durch England & Wales. - Urlaub &amp; Reisen\",\"isPartOf\":{\"@id\":\"https:\/\/www.urlaubcornwall.de\/blog\/#website\"},\"datePublished\":\"2015-10-20T08:57:17+00:00\",\"dateModified\":\"2024-04-09T09:52:00+00:00\",\"breadcrumb\":{\"@id\":\"https:\/\/www.urlaubcornwall.de\/blog\/mit-dem-pkw-im-ganz-individuellen-tempo-durch-england-wales\/#breadcrumb\"},\"inLanguage\":\"en-US\",\"potentialAction\":[{\"@type\":\"ReadAction\",\"target\":[\"https:\/\/www.urlaubcornwall.de\/blog\/mit-dem-pkw-im-ganz-individuellen-tempo-durch-england-wales\/\"]}]},{\"@type\":\"BreadcrumbList\",\"@id\":\"https:\/\/www.urlaubcornwall.de\/blog\/mit-dem-pkw-im-ganz-individuellen-tempo-durch-england-wales\/#breadcrumb\",\"itemListElement\":[{\"@type\":\"ListItem\",\"position\":1,\"name\":\"Home\",\"item\":\"https:\/\/www.urlaubcornwall.de\/blog\/\"},{\"@type\":\"ListItem\",\"position\":2,\"name\":\"Mit dem Pkw im ganz individuellen Tempo durch England &#038; Wales.\"}]}]}<\/script>\n<!-- \/ Yoast SEO plugin. -->","yoast_head_json":{"title":"Mit dem Pkw im ganz individuellen Tempo durch England & Wales. - Urlaub &amp; Reisen","robots":{"index":"index","follow":"follow","max-snippet":"max-snippet:-1","max-image-preview":"max-image-preview:large","max-video-preview":"max-video-preview:-1"},"canonical":"https:\/\/www.urlaubcornwall.de\/blog\/mit-dem-pkw-im-ganz-individuellen-tempo-durch-england-wales\/","og_locale":"en_US","og_type":"article","og_title":"Mit dem Pkw im ganz individuellen Tempo durch England & Wales. - Urlaub &amp; Reisen","og_description":"Highlights: Bath, Stratford-upon-Avon, Warwick, Shrewsbury, Nottingham, Cambridge Tourbeschreibung: Autotour England &amp; Wales &#8220;Historisches&#8221; &#8211; 10&nbsp;Tage \/&nbsp;9 N\u00e4chte | t\u00e4glich m\u00f6glich | ab\/bis LondonErforschen Sie Historisches bei dieser Autotour England&nbsp;Wales. Sie begegnen den Spuren von dem ber\u00fchmten Poet&nbsp;Shakespeare und der Legende Robin Hood. Au\u00dferdem erleben Sie unvergessliche Landschaften,&nbsp;\u00fcberragende&nbsp;Schl\u00f6sser&nbsp;und wundersch\u00f6ne St\u00e4dte. Folgende Unterkunftskategorien stehen zur Auswahl: Bronze [&hellip;]","og_url":"https:\/\/www.urlaubcornwall.de\/blog\/mit-dem-pkw-im-ganz-individuellen-tempo-durch-england-wales\/","og_site_name":"Urlaub &amp; Reisen","article_modified_time":"2024-04-09T09:52:00+00:00","og_image":[{"url":"https:\/\/www.urlaubcornwall.de\/blog\/wp-content\/uploads\/2024\/03\/bath.jpg"}],"twitter_card":"summary","twitter_misc":{"Est. reading time":"4 minutes"},"schema":{"@context":"https:\/\/schema.org","@graph":[{"@type":"WebSite","@id":"https:\/\/www.urlaubcornwall.de\/blog\/#website","url":"https:\/\/www.urlaubcornwall.de\/blog\/","name":"Urlaub &amp; Reisen","description":"Urlaub, Reisen, Cornwall und S\u00fcdengland: eine perfekte Kombination","potentialAction":[{"@type":"SearchAction","target":{"@type":"EntryPoint","urlTemplate":"https:\/\/www.urlaubcornwall.de\/blog\/?s={search_term_string}"},"query-input":"required name=search_term_string"}],"inLanguage":"en-US"},{"@type":"WebPage","@id":"https:\/\/www.urlaubcornwall.de\/blog\/mit-dem-pkw-im-ganz-individuellen-tempo-durch-england-wales\/","url":"https:\/\/www.urlaubcornwall.de\/blog\/mit-dem-pkw-im-ganz-individuellen-tempo-durch-england-wales\/","name":"Mit dem Pkw im ganz individuellen Tempo durch England & Wales. - Urlaub &amp; Reisen","isPartOf":{"@id":"https:\/\/www.urlaubcornwall.de\/blog\/#website"},"datePublished":"2015-10-20T08:57:17+00:00","dateModified":"2024-04-09T09:52:00+00:00","breadcrumb":{"@id":"https:\/\/www.urlaubcornwall.de\/blog\/mit-dem-pkw-im-ganz-individuellen-tempo-durch-england-wales\/#breadcrumb"},"inLanguage":"en-US","potentialAction":[{"@type":"ReadAction","target":["https:\/\/www.urlaubcornwall.de\/blog\/mit-dem-pkw-im-ganz-individuellen-tempo-durch-england-wales\/"]}]},{"@type":"BreadcrumbList","@id":"https:\/\/www.urlaubcornwall.de\/blog\/mit-dem-pkw-im-ganz-individuellen-tempo-durch-england-wales\/#breadcrumb","itemListElement":[{"@type":"ListItem","position":1,"name":"Home","item":"https:\/\/www.urlaubcornwall.de\/blog\/"},{"@type":"ListItem","position":2,"name":"Mit dem Pkw im ganz individuellen Tempo durch England &#038; Wales."}]}]}},"_links":{"self":[{"href":"https:\/\/www.urlaubcornwall.de\/blog\/wp-json\/wp\/v2\/pages\/20930"}],"collection":[{"href":"https:\/\/www.urlaubcornwall.de\/blog\/wp-json\/wp\/v2\/pages"}],"about":[{"href":"https:\/\/www.urlaubcornwall.de\/blog\/wp-json\/wp\/v2\/types\/page"}],"author":[{"embeddable":true,"href":"https:\/\/www.urlaubcornwall.de\/blog\/wp-json\/wp\/v2\/users\/1"}],"replies":[{"embeddable":true,"href":"https:\/\/www.urlaubcornwall.de\/blog\/wp-json\/wp\/v2\/comments?post=20930"}],"version-history":[{"count":26,"href":"https:\/\/www.urlaubcornwall.de\/blog\/wp-json\/wp\/v2\/pages\/20930\/revisions"}],"predecessor-version":[{"id":49132,"href":"https:\/\/www.urlaubcornwall.de\/blog\/wp-json\/wp\/v2\/pages\/20930\/revisions\/49132"}],"wp:attachment":[{"href":"https:\/\/www.urlaubcornwall.de\/blog\/wp-json\/wp\/v2\/media?parent=20930"}],"curies":[{"name":"wp","href":"https:\/\/api.w.org\/{rel}","templated":true}]}}