{"id":20920,"date":"2015-10-20T08:50:05","date_gmt":"2015-10-20T08:50:05","guid":{"rendered":"https:\/\/www.urlaubcornwall.de\/blog\/?page_id=20920"},"modified":"2024-04-09T09:33:43","modified_gmt":"2024-04-09T09:33:43","slug":"rundreise-in-schlosshotels-england-wales-schottland-8-tage","status":"publish","type":"page","link":"https:\/\/www.urlaubcornwall.de\/blog\/rundreise-in-schlosshotels-england-wales-schottland-8-tage\/","title":{"rendered":"Rundreise in Schlosshotels: England, Wales, Schottland &#8211; 8 Tage"},"content":{"rendered":"<p><a href=\"https:\/\/www.urlaubcornwall.de\/blog\/wp-content\/uploads\/2015\/10\/Thornbury-Castle-2.jpg\"><img loading=\"lazy\" class=\"aligncenter size-full wp-image-20943\" src=\"https:\/\/www.urlaubcornwall.de\/blog\/wp-content\/uploads\/2015\/10\/Thornbury-Castle-2.jpg\" alt=\"Thornbury-Castle-2\" width=\"749\" height=\"402\"\/><\/a><\/p>\n<h2><strong>Highlights: London, Chester, Lake District, Glasgow, Stirling, Edinburgh<br \/>\n<\/strong><\/h2>\n<p>&#8220;Stay in British Castle&#8221;- lautet das Motto dieser Autoreise Grossbritannien. Sehen Sie Highlights von England, Wales und Schottland auf dieser Selbstfahrer Autoreise. Sie starten in London und nehmen die Highlights Grossbritanniens auf dieser ungew\u00f6hnlichen Rundreise wahr. \u00dcbernachten werden Sie aussschlie\u00dflich in ausgesuchten Schlo\u00dfhotels.<\/p>\n<p style=\"text-align: center;\"><strong>Tourbeschreibung: <\/strong>Grossbritannien Autorundreise &#8220;Klassiker&#8221; 8 Tage &#8211; 7 N\u00e4chte | t\u00e4glich m\u00f6glich | ab London \/ bis Edinburgh<\/p>\n<p><strong>Tourbeschreibung<\/strong><\/p>\n<p><strong>1. Tag: London &#8211; Chester Umgebung (ca. 350 km)<\/strong> &#8211; Sie starten Ihre Autoreise von einem der Londoner Airports aus. Hier \u00fcbernehmen Sie Ihren Mietwagen (gerne bieten wir Ihnen noch passend Vor\u00fcbernachtungen in London an) und fahren n\u00f6rdlich nach Warwick. Dort befindet sich das ber\u00fchmte Warwick Castle, eine der sch\u00f6nsten mittelalterlichen Schl\u00f6sser Englands. Weiter fahren Sie in die Umgebung von Chester, wo Ihr Schlo\u00dfhotel bereits auf Sie wartet. \u00dcbernachtung im Ruthin Castle Hotel<\/p>\n<p><strong>2. Tag: Chester Umgebung (ca. 150 km)<\/strong> &#8211; Genie\u00dfen Sie den heutigen Tag in Wales. Von Ihrem Schlosshotel aus k\u00f6nnen Sie bequem viele interessante Ausfl\u00fcge starten, wie z.B. Conway Castle, wo Sie einen traumhaften Blick auf das Meer haben. Zudem sollten Sie noch Bodnant Gardens besichtigen. Fahrt zum n\u00e4chsten Schlosshotel. 2 \u00dcbernachtungen im Peckforton Castle<\/p>\n<p><strong>3. Tag: Chester Umgebung<\/strong> &#8211; Tag zur freien Verf\u00fcgung. Besichtigen Sie zum Beispiel Chatsworth House and Gardens oder Tatton Park and Gardens. \u00dcbernachtung wie am Vortag.<\/p>\n<p><strong>4. Tag: Chester Umgebung &#8211; Glasgow (ca. 390 km)<\/strong> &#8211; Es geht weiter nordw\u00e4rts durch den Lake District Nationalpark nach Schottland. Unterwegs sollten Sie am Hause des Poeten Wordsworth halten und entlang des Sees zu den Dalemain House and Gardens fahren, wo Sie mit romantischen Ausblicken auf See und Pflanzen belohnt werden. Es ist dann nicht mehr weiter nach Schottland, wo Sie in der Umgebung von Glasgow untergebracht sind. 3 \u00dcbernachtungen im Sherbrooke Castle Hotel<\/p>\n<p><strong>5.\/6. Tag: Glasgow Umgebung<\/strong> &#8211; Diese Tage stehen Ihnen zur freien Verf\u00fcgung. Fahren Sie nach Stirling und besichtigen Sie das imposante Stirling Castle, eine der sch\u00f6nsten Burgen Schottlands. Sehr sehenswert ist auch die Trossachs Region und der Loch Lomond, einer der sch\u00f6nsten Seen Schottlands. \u00dcbernachtungen wie am Vortag.<\/p>\n<p><a href=\"https:\/\/www.urlaubcornwall.de\/blog\/wp-content\/uploads\/2015\/10\/Thornbury-Castle-12.jpg\"><img loading=\"lazy\" class=\"aligncenter size-full wp-image-20941\" src=\"https:\/\/www.urlaubcornwall.de\/blog\/wp-content\/uploads\/2015\/10\/Thornbury-Castle-12.jpg\" alt=\"Thornbury-Castle-12\" width=\"749\" height=\"388\"\/><\/a><\/p>\n<p><strong>7. Tag: Glasgow &#8211; Edinburgh (ca. 75 km)<\/strong> &#8211; Sie erreichen Edinburgh \u00fcber die Autobahn in einer Stunde. Es bleibt gen\u00fcgend Zeit, um die Haupstadt mit ihren zahlreichen Sehensw\u00fcrdigkeiten zu erkunden. Am besten Sie erkunden die Stadt mit den Hop on\/off Busen. \u00dcbernachtung im Dalhousie Castle (etwas au\u00dferhalb von Edinburgh)<\/p>\n<p><strong>8. Tag: Heimreise<\/strong> &#8211; Fahrt zum Flughafen und Abgabe des Mietwagens. Anschlie\u00dfend R\u00fcckflug in Eigenregie und Ende der Autoreise Gro\u00dfbritannien.<\/p>\n<p>Zusatzn\u00e4chte, Mietwagen und\/oder Fl\u00fcge offerieren wir Ihnen gerne passend zu dieser Autoreise Grossbritannien.<\/p>\n<h1 style=\"text-align: center;\"><span style=\"text-decoration: underline;\"><strong><a href=\"https:\/\/www.urlaubcornwall.de\/reisebuchung.php \">Schlosshotel Anfrage<\/a><\/strong><\/span><\/h1>\n<p style=\"text-align: center;\">UrlaubCornwall haben Touren im Angebot f\u00fcr Individualreisende. Hier finden Sie unsere Auswahl an fantastischen <a href=\"http:\/\/www.urlaubcornwall.de\/rundreisen\/grossbritannien.php\"><span style=\"text-decoration: underline;\">Rundreisen und Touren in Grossbritannien<\/span><\/a><strong>.<\/strong><\/p>\n<p style=\"text-align: center;\">Unsere Websitedetails zeigen lediglich eine kleine Auswahl dessen, was wir anbieten k\u00f6nnen. Wir stellen Ihnen gerne ein <a href=\"http:\/\/www.urlaubcornwall.de\/anfrage.php\"><span style=\"text-decoration: underline;\">unverbindliches Angebot<\/span><\/a> mit allen Fl\u00fcgen und Transfers f\u00fcr Ihre Grossbritannien Reise zusammen.<\/p>\n","protected":false},"excerpt":{"rendered":"<p>Highlights: London, Chester, Lake District, Glasgow, Stirling, Edinburgh &#8220;Stay in British Castle&#8221;- lautet das Motto dieser Autoreise Grossbritannien. Sehen Sie Highlights von England, Wales und Schottland auf dieser Selbstfahrer Autoreise. Sie starten in London und nehmen die Highlights Grossbritanniens auf dieser ungew\u00f6hnlichen Rundreise wahr. \u00dcbernachten werden Sie aussschlie\u00dflich in ausgesuchten Schlo\u00dfhotels. Tourbeschreibung: Grossbritannien Autorundreise &#8220;Klassiker&#8221; [&hellip;]<\/p>\n","protected":false},"author":1,"featured_media":0,"parent":0,"menu_order":0,"comment_status":"closed","ping_status":"closed","template":"single-four.php","meta":[],"acf":[],"yoast_head":"<!-- This site is optimized with the Yoast SEO plugin v19.4 - https:\/\/yoast.com\/wordpress\/plugins\/seo\/ -->\n<title>Rundreise in Schlosshotels: England, Wales, Schottland - 8 Tage - Urlaub &amp; Reisen<\/title>\n<meta name=\"robots\" content=\"index, follow, max-snippet:-1, max-image-preview:large, max-video-preview:-1\" \/>\n<link rel=\"canonical\" href=\"https:\/\/www.urlaubcornwall.de\/blog\/rundreise-in-schlosshotels-england-wales-schottland-8-tage\/\" \/>\n<meta property=\"og:locale\" content=\"en_US\" \/>\n<meta property=\"og:type\" content=\"article\" \/>\n<meta property=\"og:title\" content=\"Rundreise in Schlosshotels: England, Wales, Schottland - 8 Tage - Urlaub &amp; Reisen\" \/>\n<meta property=\"og:description\" content=\"Highlights: London, Chester, Lake District, Glasgow, Stirling, Edinburgh &#8220;Stay in British Castle&#8221;- lautet das Motto dieser Autoreise Grossbritannien. Sehen Sie Highlights von England, Wales und Schottland auf dieser Selbstfahrer Autoreise. Sie starten in London und nehmen die Highlights Grossbritanniens auf dieser ungew\u00f6hnlichen Rundreise wahr. \u00dcbernachten werden Sie aussschlie\u00dflich in ausgesuchten Schlo\u00dfhotels. Tourbeschreibung: Grossbritannien Autorundreise &#8220;Klassiker&#8221; [&hellip;]\" \/>\n<meta property=\"og:url\" content=\"https:\/\/www.urlaubcornwall.de\/blog\/rundreise-in-schlosshotels-england-wales-schottland-8-tage\/\" \/>\n<meta property=\"og:site_name\" content=\"Urlaub &amp; Reisen\" \/>\n<meta property=\"article:modified_time\" content=\"2024-04-09T09:33:43+00:00\" \/>\n<meta property=\"og:image\" content=\"https:\/\/www.urlaubcornwall.de\/blog\/wp-content\/uploads\/2015\/10\/Thornbury-Castle-2.jpg\" \/>\n<meta name=\"twitter:card\" content=\"summary\" \/>\n<meta name=\"twitter:label1\" content=\"Est. reading time\" \/>\n\t<meta name=\"twitter:data1\" content=\"3 minutes\" \/>\n<script type=\"application\/ld+json\" class=\"yoast-schema-graph\">{\"@context\":\"https:\/\/schema.org\",\"@graph\":[{\"@type\":\"WebSite\",\"@id\":\"https:\/\/www.urlaubcornwall.de\/blog\/#website\",\"url\":\"https:\/\/www.urlaubcornwall.de\/blog\/\",\"name\":\"Urlaub &amp; Reisen\",\"description\":\"Urlaub, Reisen, Cornwall und S\u00fcdengland: eine perfekte Kombination\",\"potentialAction\":[{\"@type\":\"SearchAction\",\"target\":{\"@type\":\"EntryPoint\",\"urlTemplate\":\"https:\/\/www.urlaubcornwall.de\/blog\/?s={search_term_string}\"},\"query-input\":\"required name=search_term_string\"}],\"inLanguage\":\"en-US\"},{\"@type\":\"WebPage\",\"@id\":\"https:\/\/www.urlaubcornwall.de\/blog\/rundreise-in-schlosshotels-england-wales-schottland-8-tage\/\",\"url\":\"https:\/\/www.urlaubcornwall.de\/blog\/rundreise-in-schlosshotels-england-wales-schottland-8-tage\/\",\"name\":\"Rundreise in Schlosshotels: England, Wales, Schottland - 8 Tage - Urlaub &amp; Reisen\",\"isPartOf\":{\"@id\":\"https:\/\/www.urlaubcornwall.de\/blog\/#website\"},\"datePublished\":\"2015-10-20T08:50:05+00:00\",\"dateModified\":\"2024-04-09T09:33:43+00:00\",\"breadcrumb\":{\"@id\":\"https:\/\/www.urlaubcornwall.de\/blog\/rundreise-in-schlosshotels-england-wales-schottland-8-tage\/#breadcrumb\"},\"inLanguage\":\"en-US\",\"potentialAction\":[{\"@type\":\"ReadAction\",\"target\":[\"https:\/\/www.urlaubcornwall.de\/blog\/rundreise-in-schlosshotels-england-wales-schottland-8-tage\/\"]}]},{\"@type\":\"BreadcrumbList\",\"@id\":\"https:\/\/www.urlaubcornwall.de\/blog\/rundreise-in-schlosshotels-england-wales-schottland-8-tage\/#breadcrumb\",\"itemListElement\":[{\"@type\":\"ListItem\",\"position\":1,\"name\":\"Home\",\"item\":\"https:\/\/www.urlaubcornwall.de\/blog\/\"},{\"@type\":\"ListItem\",\"position\":2,\"name\":\"Rundreise in Schlosshotels: England, Wales, Schottland &#8211; 8 Tage\"}]}]}<\/script>\n<!-- \/ Yoast SEO plugin. -->","yoast_head_json":{"title":"Rundreise in Schlosshotels: England, Wales, Schottland - 8 Tage - Urlaub &amp; Reisen","robots":{"index":"index","follow":"follow","max-snippet":"max-snippet:-1","max-image-preview":"max-image-preview:large","max-video-preview":"max-video-preview:-1"},"canonical":"https:\/\/www.urlaubcornwall.de\/blog\/rundreise-in-schlosshotels-england-wales-schottland-8-tage\/","og_locale":"en_US","og_type":"article","og_title":"Rundreise in Schlosshotels: England, Wales, Schottland - 8 Tage - Urlaub &amp; Reisen","og_description":"Highlights: London, Chester, Lake District, Glasgow, Stirling, Edinburgh &#8220;Stay in British Castle&#8221;- lautet das Motto dieser Autoreise Grossbritannien. Sehen Sie Highlights von England, Wales und Schottland auf dieser Selbstfahrer Autoreise. Sie starten in London und nehmen die Highlights Grossbritanniens auf dieser ungew\u00f6hnlichen Rundreise wahr. \u00dcbernachten werden Sie aussschlie\u00dflich in ausgesuchten Schlo\u00dfhotels. Tourbeschreibung: Grossbritannien Autorundreise &#8220;Klassiker&#8221; [&hellip;]","og_url":"https:\/\/www.urlaubcornwall.de\/blog\/rundreise-in-schlosshotels-england-wales-schottland-8-tage\/","og_site_name":"Urlaub &amp; Reisen","article_modified_time":"2024-04-09T09:33:43+00:00","og_image":[{"url":"https:\/\/www.urlaubcornwall.de\/blog\/wp-content\/uploads\/2015\/10\/Thornbury-Castle-2.jpg"}],"twitter_card":"summary","twitter_misc":{"Est. reading time":"3 minutes"},"schema":{"@context":"https:\/\/schema.org","@graph":[{"@type":"WebSite","@id":"https:\/\/www.urlaubcornwall.de\/blog\/#website","url":"https:\/\/www.urlaubcornwall.de\/blog\/","name":"Urlaub &amp; Reisen","description":"Urlaub, Reisen, Cornwall und S\u00fcdengland: eine perfekte Kombination","potentialAction":[{"@type":"SearchAction","target":{"@type":"EntryPoint","urlTemplate":"https:\/\/www.urlaubcornwall.de\/blog\/?s={search_term_string}"},"query-input":"required name=search_term_string"}],"inLanguage":"en-US"},{"@type":"WebPage","@id":"https:\/\/www.urlaubcornwall.de\/blog\/rundreise-in-schlosshotels-england-wales-schottland-8-tage\/","url":"https:\/\/www.urlaubcornwall.de\/blog\/rundreise-in-schlosshotels-england-wales-schottland-8-tage\/","name":"Rundreise in Schlosshotels: England, Wales, Schottland - 8 Tage - Urlaub &amp; Reisen","isPartOf":{"@id":"https:\/\/www.urlaubcornwall.de\/blog\/#website"},"datePublished":"2015-10-20T08:50:05+00:00","dateModified":"2024-04-09T09:33:43+00:00","breadcrumb":{"@id":"https:\/\/www.urlaubcornwall.de\/blog\/rundreise-in-schlosshotels-england-wales-schottland-8-tage\/#breadcrumb"},"inLanguage":"en-US","potentialAction":[{"@type":"ReadAction","target":["https:\/\/www.urlaubcornwall.de\/blog\/rundreise-in-schlosshotels-england-wales-schottland-8-tage\/"]}]},{"@type":"BreadcrumbList","@id":"https:\/\/www.urlaubcornwall.de\/blog\/rundreise-in-schlosshotels-england-wales-schottland-8-tage\/#breadcrumb","itemListElement":[{"@type":"ListItem","position":1,"name":"Home","item":"https:\/\/www.urlaubcornwall.de\/blog\/"},{"@type":"ListItem","position":2,"name":"Rundreise in Schlosshotels: England, Wales, Schottland &#8211; 8 Tage"}]}]}},"_links":{"self":[{"href":"https:\/\/www.urlaubcornwall.de\/blog\/wp-json\/wp\/v2\/pages\/20920"}],"collection":[{"href":"https:\/\/www.urlaubcornwall.de\/blog\/wp-json\/wp\/v2\/pages"}],"about":[{"href":"https:\/\/www.urlaubcornwall.de\/blog\/wp-json\/wp\/v2\/types\/page"}],"author":[{"embeddable":true,"href":"https:\/\/www.urlaubcornwall.de\/blog\/wp-json\/wp\/v2\/users\/1"}],"replies":[{"embeddable":true,"href":"https:\/\/www.urlaubcornwall.de\/blog\/wp-json\/wp\/v2\/comments?post=20920"}],"version-history":[{"count":23,"href":"https:\/\/www.urlaubcornwall.de\/blog\/wp-json\/wp\/v2\/pages\/20920\/revisions"}],"predecessor-version":[{"id":49106,"href":"https:\/\/www.urlaubcornwall.de\/blog\/wp-json\/wp\/v2\/pages\/20920\/revisions\/49106"}],"wp:attachment":[{"href":"https:\/\/www.urlaubcornwall.de\/blog\/wp-json\/wp\/v2\/media?parent=20920"}],"curies":[{"name":"wp","href":"https:\/\/api.w.org\/{rel}","templated":true}]}}